{"id":76698,"date":"2022-10-28T12:27:11","date_gmt":"2022-10-28T12:27:11","guid":{"rendered":"https:\/\/asteralabs.org\/ukazkova-stranka\/"},"modified":"2025-01-29T15:41:34","modified_gmt":"2025-01-29T15:41:34","slug":"ukazkova-stranka","status":"publish","type":"page","link":"https:\/\/asteralabs.org\/cs\/ukazkova-stranka\/","title":{"rendered":"Uk\u00e1zkov\u00e1 str\u00e1nka"},"content":{"rendered":"\n<p>Toto je uk\u00e1zkov\u00e1 str\u00e1nka. Od p\u0159\u00edsp\u011bvku na blogu se li\u0161\u00ed t\u00edm, \u017ee z\u016fstane na jednom m\u00edst\u011b a zobraz\u00ed se v navigaci webu (ve v\u011bt\u0161in\u011b t\u00e9mat). V\u011bt\u0161ina lid\u00ed za\u010d\u00edn\u00e1 str\u00e1nkou O webu, kter\u00e1 je p\u0159edstavuje potenci\u00e1ln\u00edm n\u00e1v\u0161t\u011bvn\u00edk\u016fm webu. Mohlo by tam b\u00fdt naps\u00e1no n\u011bco takov\u00e9ho:<\/p>\n\n<blockquote class=\"wp-block-quote is-layout-flow wp-block-quote-is-layout-flow\"><p>Ahoj! P\u0159es den jsem posl\u00ed\u010dek na kole, v noci za\u010d\u00ednaj\u00edc\u00ed herec a tohle je moje webov\u00e1 str\u00e1nka. \u017diji v Los Angeles, m\u00e1m skv\u011bl\u00e9ho psa jm\u00e9nem Jack a m\u00e1m r\u00e1da pi\u0148a coladu. (A zastihne t\u011b d\u00e9\u0161\u0165.)<\/p><\/blockquote>\n\n<p>&#8230;nebo n\u011bco takov\u00e9ho:<\/p>\n\n<blockquote class=\"wp-block-quote is-layout-flow wp-block-quote-is-layout-flow\"><p>Spole\u010dnost XYZ Doohickey Company byla zalo\u017eena v roce 1971 a od t\u00e9 doby poskytuje ve\u0159ejnosti kvalitn\u00ed doohickey. Spole\u010dnost XYZ se nach\u00e1z\u00ed v Gotham City, zam\u011bstn\u00e1v\u00e1 v\u00edce ne\u017e 2 000 lid\u00ed a d\u011bl\u00e1 pro gothamskou komunitu spoustu \u00fa\u017easn\u00fdch v\u011bc\u00ed.<\/p><\/blockquote>\n\n<p>Jako nov\u00fd u\u017eivatel WordPressu byste m\u011bli p\u0159ej\u00edt na <a href=\"https:\/\/asteralabs.org\/wp-admin\/\">ovl\u00e1dac\u00ed panel<\/a> a tuto str\u00e1nku odstranit a vytvo\u0159it nov\u00e9 str\u00e1nky pro sv\u016fj obsah. Bavte se!<\/p>\n","protected":false},"excerpt":{"rendered":"<p>Toto je uk\u00e1zkov\u00e1 str\u00e1nka. Od p\u0159\u00edsp\u011bvku na blogu se li\u0161\u00ed t\u00edm, \u017ee z\u016fstane na jednom m\u00edst\u011b a zobraz\u00ed se v navigaci webu (ve v\u011bt\u0161in\u011b t\u00e9mat). V\u011bt\u0161ina lid\u00ed za\u010d\u00edn\u00e1 str\u00e1nkou O webu, kter\u00e1 je p\u0159edstavuje potenci\u00e1ln\u00edm n\u00e1v\u0161t\u011bvn\u00edk\u016fm webu. Mohlo by tam b\u00fdt naps\u00e1no n\u011bco takov\u00e9ho: Ahoj! P\u0159es den jsem posl\u00ed\u010dek na kole, v noci za\u010d\u00ednaj\u00edc\u00ed herec&hellip;<\/p>\n","protected":false},"author":1,"featured_media":0,"parent":0,"menu_order":0,"comment_status":"closed","ping_status":"open","template":"","meta":{"_acf_changed":false,"footnotes":""},"class_list":["post-76698","page","type-page","status-publish","hentry","description-off"],"acf":[],"yoast_head":"<!-- This site is optimized with the Yoast SEO plugin v27.4 - https:\/\/yoast.com\/product\/yoast-seo-wordpress\/ -->\n<title>Uk\u00e1zkov\u00e1 str\u00e1nka - Astera Labs<\/title>\n<meta name=\"robots\" content=\"index, follow, max-snippet:-1, max-image-preview:large, max-video-preview:-1\" \/>\n<link rel=\"canonical\" href=\"https:\/\/asteralabs.org\/cs\/ukazkova-stranka\/\" \/>\n<meta property=\"og:locale\" content=\"cs_CZ\" \/>\n<meta property=\"og:type\" content=\"article\" \/>\n<meta property=\"og:title\" content=\"Uk\u00e1zkov\u00e1 str\u00e1nka - Astera Labs\" \/>\n<meta property=\"og:description\" content=\"Toto je uk\u00e1zkov\u00e1 str\u00e1nka. Od p\u0159\u00edsp\u011bvku na blogu se li\u0161\u00ed t\u00edm, \u017ee z\u016fstane na jednom m\u00edst\u011b a zobraz\u00ed se v navigaci webu (ve v\u011bt\u0161in\u011b t\u00e9mat). V\u011bt\u0161ina lid\u00ed za\u010d\u00edn\u00e1 str\u00e1nkou O webu, kter\u00e1 je p\u0159edstavuje potenci\u00e1ln\u00edm n\u00e1v\u0161t\u011bvn\u00edk\u016fm webu. Mohlo by tam b\u00fdt naps\u00e1no n\u011bco takov\u00e9ho: Ahoj! P\u0159es den jsem posl\u00ed\u010dek na kole, v noci za\u010d\u00ednaj\u00edc\u00ed herec&hellip;\" \/>\n<meta property=\"og:url\" content=\"https:\/\/asteralabs.org\/cs\/ukazkova-stranka\/\" \/>\n<meta property=\"og:site_name\" content=\"Astera Labs\" \/>\n<meta property=\"article:modified_time\" content=\"2025-01-29T15:41:34+00:00\" \/>\n<meta name=\"twitter:card\" content=\"summary_large_image\" \/>\n<script type=\"application\/ld+json\" class=\"yoast-schema-graph\">{\"@context\":\"https:\\\/\\\/schema.org\",\"@graph\":[{\"@type\":\"WebPage\",\"@id\":\"https:\\\/\\\/asteralabs.org\\\/cs\\\/ukazkova-stranka\\\/\",\"url\":\"https:\\\/\\\/asteralabs.org\\\/cs\\\/ukazkova-stranka\\\/\",\"name\":\"Uk\u00e1zkov\u00e1 str\u00e1nka - Astera Labs\",\"isPartOf\":{\"@id\":\"https:\\\/\\\/asteralabs.org\\\/cs\\\/#website\"},\"datePublished\":\"2022-10-28T12:27:11+00:00\",\"dateModified\":\"2025-01-29T15:41:34+00:00\",\"breadcrumb\":{\"@id\":\"https:\\\/\\\/asteralabs.org\\\/cs\\\/ukazkova-stranka\\\/#breadcrumb\"},\"inLanguage\":\"cs-CZ\",\"potentialAction\":[{\"@type\":\"ReadAction\",\"target\":[\"https:\\\/\\\/asteralabs.org\\\/cs\\\/ukazkova-stranka\\\/\"]}]},{\"@type\":\"BreadcrumbList\",\"@id\":\"https:\\\/\\\/asteralabs.org\\\/cs\\\/ukazkova-stranka\\\/#breadcrumb\",\"itemListElement\":[{\"@type\":\"ListItem\",\"position\":1,\"name\":\"Home\",\"item\":\"https:\\\/\\\/asteralabs.org\\\/cs\\\/\"},{\"@type\":\"ListItem\",\"position\":2,\"name\":\"Uk\u00e1zkov\u00e1 str\u00e1nka\"}]},{\"@type\":\"WebSite\",\"@id\":\"https:\\\/\\\/asteralabs.org\\\/cs\\\/#website\",\"url\":\"https:\\\/\\\/asteralabs.org\\\/cs\\\/\",\"name\":\"Astera Labs\",\"description\":\"Improve Your Quality Of Life\",\"publisher\":{\"@id\":\"https:\\\/\\\/asteralabs.org\\\/cs\\\/#organization\"},\"potentialAction\":[{\"@type\":\"SearchAction\",\"target\":{\"@type\":\"EntryPoint\",\"urlTemplate\":\"https:\\\/\\\/asteralabs.org\\\/cs\\\/?s={search_term_string}\"},\"query-input\":{\"@type\":\"PropertyValueSpecification\",\"valueRequired\":true,\"valueName\":\"search_term_string\"}}],\"inLanguage\":\"cs-CZ\"},{\"@type\":\"Organization\",\"@id\":\"https:\\\/\\\/asteralabs.org\\\/cs\\\/#organization\",\"name\":\"Astera Labs\",\"url\":\"https:\\\/\\\/asteralabs.org\\\/cs\\\/\",\"logo\":{\"@type\":\"ImageObject\",\"inLanguage\":\"cs-CZ\",\"@id\":\"https:\\\/\\\/asteralabs.org\\\/cs\\\/#\\\/schema\\\/logo\\\/image\\\/\",\"url\":\"https:\\\/\\\/asteralabs.org\\\/wp-content\\\/uploads\\\/2022\\\/12\\\/astera-2.png\",\"contentUrl\":\"https:\\\/\\\/asteralabs.org\\\/wp-content\\\/uploads\\\/2022\\\/12\\\/astera-2.png\",\"width\":437,\"height\":111,\"caption\":\"Astera Labs\"},\"image\":{\"@id\":\"https:\\\/\\\/asteralabs.org\\\/cs\\\/#\\\/schema\\\/logo\\\/image\\\/\"}}]}<\/script>\n<!-- \/ Yoast SEO plugin. -->","yoast_head_json":{"title":"Uk\u00e1zkov\u00e1 str\u00e1nka - Astera Labs","robots":{"index":"index","follow":"follow","max-snippet":"max-snippet:-1","max-image-preview":"max-image-preview:large","max-video-preview":"max-video-preview:-1"},"canonical":"https:\/\/asteralabs.org\/cs\/ukazkova-stranka\/","og_locale":"cs_CZ","og_type":"article","og_title":"Uk\u00e1zkov\u00e1 str\u00e1nka - Astera Labs","og_description":"Toto je uk\u00e1zkov\u00e1 str\u00e1nka. Od p\u0159\u00edsp\u011bvku na blogu se li\u0161\u00ed t\u00edm, \u017ee z\u016fstane na jednom m\u00edst\u011b a zobraz\u00ed se v navigaci webu (ve v\u011bt\u0161in\u011b t\u00e9mat). V\u011bt\u0161ina lid\u00ed za\u010d\u00edn\u00e1 str\u00e1nkou O webu, kter\u00e1 je p\u0159edstavuje potenci\u00e1ln\u00edm n\u00e1v\u0161t\u011bvn\u00edk\u016fm webu. Mohlo by tam b\u00fdt naps\u00e1no n\u011bco takov\u00e9ho: Ahoj! P\u0159es den jsem posl\u00ed\u010dek na kole, v noci za\u010d\u00ednaj\u00edc\u00ed herec&hellip;","og_url":"https:\/\/asteralabs.org\/cs\/ukazkova-stranka\/","og_site_name":"Astera Labs","article_modified_time":"2025-01-29T15:41:34+00:00","twitter_card":"summary_large_image","schema":{"@context":"https:\/\/schema.org","@graph":[{"@type":"WebPage","@id":"https:\/\/asteralabs.org\/cs\/ukazkova-stranka\/","url":"https:\/\/asteralabs.org\/cs\/ukazkova-stranka\/","name":"Uk\u00e1zkov\u00e1 str\u00e1nka - Astera Labs","isPartOf":{"@id":"https:\/\/asteralabs.org\/cs\/#website"},"datePublished":"2022-10-28T12:27:11+00:00","dateModified":"2025-01-29T15:41:34+00:00","breadcrumb":{"@id":"https:\/\/asteralabs.org\/cs\/ukazkova-stranka\/#breadcrumb"},"inLanguage":"cs-CZ","potentialAction":[{"@type":"ReadAction","target":["https:\/\/asteralabs.org\/cs\/ukazkova-stranka\/"]}]},{"@type":"BreadcrumbList","@id":"https:\/\/asteralabs.org\/cs\/ukazkova-stranka\/#breadcrumb","itemListElement":[{"@type":"ListItem","position":1,"name":"Home","item":"https:\/\/asteralabs.org\/cs\/"},{"@type":"ListItem","position":2,"name":"Uk\u00e1zkov\u00e1 str\u00e1nka"}]},{"@type":"WebSite","@id":"https:\/\/asteralabs.org\/cs\/#website","url":"https:\/\/asteralabs.org\/cs\/","name":"Astera Labs","description":"Improve Your Quality Of Life","publisher":{"@id":"https:\/\/asteralabs.org\/cs\/#organization"},"potentialAction":[{"@type":"SearchAction","target":{"@type":"EntryPoint","urlTemplate":"https:\/\/asteralabs.org\/cs\/?s={search_term_string}"},"query-input":{"@type":"PropertyValueSpecification","valueRequired":true,"valueName":"search_term_string"}}],"inLanguage":"cs-CZ"},{"@type":"Organization","@id":"https:\/\/asteralabs.org\/cs\/#organization","name":"Astera Labs","url":"https:\/\/asteralabs.org\/cs\/","logo":{"@type":"ImageObject","inLanguage":"cs-CZ","@id":"https:\/\/asteralabs.org\/cs\/#\/schema\/logo\/image\/","url":"https:\/\/asteralabs.org\/wp-content\/uploads\/2022\/12\/astera-2.png","contentUrl":"https:\/\/asteralabs.org\/wp-content\/uploads\/2022\/12\/astera-2.png","width":437,"height":111,"caption":"Astera Labs"},"image":{"@id":"https:\/\/asteralabs.org\/cs\/#\/schema\/logo\/image\/"}}]}},"_links":{"self":[{"href":"https:\/\/asteralabs.org\/cs\/wp-json\/wp\/v2\/pages\/76698","targetHints":{"allow":["GET"]}}],"collection":[{"href":"https:\/\/asteralabs.org\/cs\/wp-json\/wp\/v2\/pages"}],"about":[{"href":"https:\/\/asteralabs.org\/cs\/wp-json\/wp\/v2\/types\/page"}],"author":[{"embeddable":true,"href":"https:\/\/asteralabs.org\/cs\/wp-json\/wp\/v2\/users\/1"}],"replies":[{"embeddable":true,"href":"https:\/\/asteralabs.org\/cs\/wp-json\/wp\/v2\/comments?post=76698"}],"version-history":[{"count":1,"href":"https:\/\/asteralabs.org\/cs\/wp-json\/wp\/v2\/pages\/76698\/revisions"}],"predecessor-version":[{"id":76700,"href":"https:\/\/asteralabs.org\/cs\/wp-json\/wp\/v2\/pages\/76698\/revisions\/76700"}],"wp:attachment":[{"href":"https:\/\/asteralabs.org\/cs\/wp-json\/wp\/v2\/media?parent=76698"}],"curies":[{"name":"wp","href":"https:\/\/api.w.org\/{rel}","templated":true}]}}