{"id":76757,"date":"2020-09-27T15:07:34","date_gmt":"2020-09-27T15:07:34","guid":{"rendered":"https:\/\/asteralabs.org\/podminky-sluzby\/"},"modified":"2025-01-29T15:42:15","modified_gmt":"2025-01-29T15:42:15","slug":"podminky-sluzby","status":"publish","type":"page","link":"https:\/\/asteralabs.org\/cs\/podminky-sluzby\/","title":{"rendered":"Podm\u00ednky slu\u017eby"},"content":{"rendered":"\t\t<div data-elementor-type=\"wp-page\" data-elementor-id=\"76757\" class=\"elementor elementor-76757\" data-elementor-post-type=\"page\">\n\t\t\t\t\t\t<section class=\"elementor-section elementor-top-section elementor-element elementor-element-56c3ec3 elementor-section-boxed elementor-section-height-default elementor-section-height-default\" data-id=\"56c3ec3\" data-element_type=\"section\" data-e-type=\"section\">\n\t\t\t\t\t\t<div class=\"elementor-container elementor-column-gap-wider\">\n\t\t\t\t\t<div class=\"elementor-column elementor-col-100 elementor-top-column elementor-element elementor-element-a45c362\" data-id=\"a45c362\" data-element_type=\"column\" data-e-type=\"column\">\n\t\t\t<div class=\"elementor-widget-wrap elementor-element-populated\">\n\t\t\t\t\t\t<div class=\"elementor-element elementor-element-e9bcd63 elementor-widget elementor-widget-text-editor\" data-id=\"e9bcd63\" data-element_type=\"widget\" data-e-type=\"widget\" data-widget_type=\"text-editor.default\">\n\t\t\t\t<div class=\"elementor-widget-container\">\n\t\t\t\t\t\t\t\t\t<h2>Podm\u00ednky a pravidla<\/h2>\n<p>V\u00edtejte na the7.io!<\/p>\n<p>Tyto podm\u00ednky a pravidla popisuj\u00ed pravidla a p\u0159edpisy pro pou\u017e\u00edv\u00e1n\u00ed webov\u00fdch str\u00e1nek spole\u010dnosti The Seven, kter\u00e9 se nach\u00e1zej\u00ed na adrese https:\/\/the7.io\/.<\/p>\n<p>Vstupem na tyto webov\u00e9 str\u00e1nky p\u0159edpokl\u00e1d\u00e1me, \u017ee tyto podm\u00ednky p\u0159ij\u00edm\u00e1te. Nepokra\u010dujte v pou\u017e\u00edv\u00e1n\u00ed the7.io, pokud nesouhlas\u00edte se v\u0161emi podm\u00ednkami uveden\u00fdmi na t\u00e9to str\u00e1nce. <\/p>\n<p>N\u00e1sleduj\u00edc\u00ed terminologie se vztahuje na tyto smluvn\u00ed podm\u00ednky, prohl\u00e1\u0161en\u00ed o ochran\u011b osobn\u00edch \u00fadaj\u016f a ozn\u00e1men\u00ed o vylou\u010den\u00ed odpov\u011bdnosti a na v\u0161echny smlouvy: &#8220;Klient&#8221;, &#8220;Vy&#8221; a &#8220;V\u00e1\u0161&#8221; se vztahuje na V\u00e1s, osobu, kter\u00e1 se p\u0159ihl\u00e1s\u00ed na t\u011bchto webov\u00fdch str\u00e1nk\u00e1ch a dodr\u017euje podm\u00ednky spole\u010dnosti. &#8220;Spole\u010dnost&#8221;, &#8220;Na\u0161e&#8221;, &#8220;My&#8221;, &#8220;Na\u0161e&#8221; a &#8220;N\u00e1s&#8221; odkazuje na na\u0161i Spole\u010dnost. &#8220;Strana&#8221;, &#8220;Strany&#8221; nebo &#8220;My&#8221;, odkazuje na klienta i na n\u00e1s. V\u0161echny pojmy se vztahuj\u00ed k nab\u00eddce, p\u0159ijet\u00ed a \u00fahrad\u011b plateb nezbytn\u00fdch k uskute\u010dn\u011bn\u00ed procesu na\u0161\u00ed pomoci Klientovi nejvhodn\u011bj\u0161\u00edm zp\u016fsobem za v\u00fdslovn\u00fdm \u00fa\u010delem uspokojen\u00ed pot\u0159eb Klienta, pokud jde o poskytov\u00e1n\u00ed uveden\u00fdch slu\u017eeb Spole\u010dnosti, v souladu a s v\u00fdhradou platn\u00fdch pr\u00e1vn\u00edch p\u0159edpis\u016f Nizozemska. Jak\u00e9koli pou\u017eit\u00ed v\u00fd\u0161e uveden\u00e9 terminologie nebo jin\u00fdch slov v jednotn\u00e9m \u010d\u00edsle, mno\u017en\u00e9m \u010d\u00edsle, psan\u00ed velk\u00fdch p\u00edsmen a\/nebo on\/ona nebo oni, se pova\u017euje za zam\u011bniteln\u00e9, a tud\u00ed\u017e se vztahuje na tot\u00e9\u017e.    <\/p>\n<hr class=\"the7-p-gap\" style=\"padding-bottom: 40px;\">\n<h2>Soubory cookie<\/h2>\n<p>Pou\u017e\u00edv\u00e1me soubory cookie. P\u0159\u00edstupem na the7.io jste souhlasili s pou\u017e\u00edv\u00e1n\u00edm soubor\u016f cookie v souladu se z\u00e1sadami ochrany osobn\u00edch \u00fadaj\u016f The Seven. <\/p>\n<p>V\u011bt\u0161ina interaktivn\u00edch webov\u00fdch str\u00e1nek pou\u017e\u00edv\u00e1 soubory cookie, kter\u00e9 n\u00e1m umo\u017e\u0148uj\u00ed z\u00edskat \u00fadaje o u\u017eivateli p\u0159i ka\u017ed\u00e9 n\u00e1v\u0161t\u011bv\u011b. Na\u0161e webov\u00e9 str\u00e1nky pou\u017e\u00edvaj\u00ed soubory cookie k umo\u017en\u011bn\u00ed funk\u010dnosti ur\u010dit\u00fdch oblast\u00ed, aby se usnadnila n\u00e1v\u0161t\u011bva na\u0161ich webov\u00fdch str\u00e1nek. Soubory cookie mohou pou\u017e\u00edvat tak\u00e9 n\u011bkte\u0159\u00ed na\u0161i affiliate\/reklamn\u00ed partne\u0159i.  <\/p>\n<hr class=\"the7-p-gap\" style=\"padding-bottom: 40px;\">\n<h2>Licence<\/h2>\n<p>Nen\u00ed-li uvedeno jinak, spole\u010dnost The Seven a\/nebo jej\u00ed poskytovatel\u00e9 licenc\u00ed vlastn\u00ed pr\u00e1va du\u0161evn\u00edho vlastnictv\u00ed ke v\u0161em materi\u00e1l\u016fm na the7.io. Ve\u0161ker\u00e1 pr\u00e1va du\u0161evn\u00edho vlastnictv\u00ed jsou vyhrazena. P\u0159\u00edstup z webu the7.io m\u016f\u017eete vyu\u017e\u00edvat pro vlastn\u00ed pot\u0159ebu s v\u00fdhradou omezen\u00ed stanoven\u00fdch v t\u011bchto podm\u00ednk\u00e1ch.  <\/p>\n<hr class=\"the7-p-gap\" style=\"padding-bottom: 20px;\">\n<h3>Nesm\u00edte:<\/h3>\n<ul>\n<li>Znovu publikovat materi\u00e1l z the7.io<\/li>\n<li>Prod\u00e1vat, pronaj\u00edmat nebo poskytovat sublicence na materi\u00e1l z the7.io.<\/li>\n<li>Reprodukovat, duplikovat nebo kop\u00edrovat materi\u00e1l z7.io<\/li>\n<li>Redistribuce obsahu z the7.io<\/li>\n<\/ul>\n<p>Tato dohoda za\u010d\u00edn\u00e1 platit dnem jej\u00edho podpisu. Na\u0161e smluvn\u00ed podm\u00ednky byly vytvo\u0159eny pomoc\u00ed <a href=\"https:\/\/www.termsandconditionsgenerator.com\">gener\u00e1toru smluvn\u00edch podm\u00ednek a<\/a> <a href=\"https:\/\/www.generateprivacypolicy.com\">gener\u00e1toru z\u00e1sad ochrany osobn\u00edch \u00fadaj\u016f<\/a>. <\/p>\n<p>N\u011bkter\u00e9 \u010d\u00e1sti t\u011bchto webov\u00fdch str\u00e1nek nab\u00edzej\u00ed u\u017eivatel\u016fm mo\u017enost zve\u0159ej\u0148ovat a vym\u011b\u0148ovat si n\u00e1zory a informace v ur\u010dit\u00fdch oblastech webov\u00fdch str\u00e1nek. Sedmi\u010dka nefiltruje, neupravuje, nezve\u0159ej\u0148uje ani nep\u0159ezkoum\u00e1v\u00e1 koment\u00e1\u0159e p\u0159ed jejich zve\u0159ejn\u011bn\u00edm na webov\u00fdch str\u00e1nk\u00e1ch. Koment\u00e1\u0159e neodr\u00e1\u017eej\u00ed n\u00e1zory a stanoviska spole\u010dnosti The Seven,jej\u00edch z\u00e1stupc\u016f a\/nebo p\u0159idru\u017een\u00fdch spole\u010dnost\u00ed. Koment\u00e1\u0159e odr\u00e1\u017eej\u00ed n\u00e1zory a stanoviska osoby, kter\u00e1 je zve\u0159ejnila. V rozsahu povolen\u00e9m platn\u00fdmi z\u00e1kony nenese spole\u010dnost The Seven odpov\u011bdnost za Koment\u00e1\u0159e ani za jakoukoli odpov\u011bdnost, \u0161kody nebo v\u00fddaje zp\u016fsoben\u00e9 a\/nebo vznikl\u00e9 v d\u016fsledku pou\u017eit\u00ed a\/nebo zve\u0159ejn\u011bn\u00ed a\/nebo v\u00fdskytu Koment\u00e1\u0159\u016f na t\u011bchto webov\u00fdch str\u00e1nk\u00e1ch.    <\/p>\n<p>Sedmi\u010dka si vyhrazuje pr\u00e1vo sledovat v\u0161echny koment\u00e1\u0159e a odstranit v\u0161echny koment\u00e1\u0159e, kter\u00e9 lze pova\u017eovat za nevhodn\u00e9, ur\u00e1\u017eliv\u00e9 nebo poru\u0161uj\u00edc\u00ed tyto podm\u00ednky.<\/p>\n<hr class=\"the7-p-gap\" style=\"padding-bottom: 20px;\">\n<h3>Zaru\u010dujete a prohla\u0161ujete, \u017ee:<\/h3>\n<ul>\n<li>Jste opr\u00e1vn\u011bni zve\u0159ej\u0148ovat koment\u00e1\u0159e na na\u0161ich webov\u00fdch str\u00e1nk\u00e1ch a m\u00e1te k tomu v\u0161echny pot\u0159ebn\u00e9 licence a souhlasy;<\/li>\n<li>Koment\u00e1\u0159e nezasahuj\u00ed do \u017e\u00e1dn\u00e9ho pr\u00e1va du\u0161evn\u00edho vlastnictv\u00ed, mimo jin\u00e9 do autorsk\u00fdch pr\u00e1v, patent\u016f nebo ochrann\u00fdch zn\u00e1mek t\u0159et\u00edch stran;<\/li>\n<li>Koment\u00e1\u0159e neobsahuj\u00ed \u017e\u00e1dn\u00fd hanliv\u00fd, pomlouva\u010dn\u00fd, ur\u00e1\u017eliv\u00fd, neslu\u0161n\u00fd nebo jinak nez\u00e1konn\u00fd materi\u00e1l, kter\u00fd by byl z\u00e1sahem do soukrom\u00ed.<\/li>\n<li>Koment\u00e1\u0159e nebudou pou\u017e\u00edv\u00e1ny k z\u00edsk\u00e1v\u00e1n\u00ed nebo propagaci obchodu nebo zvyklost\u00ed nebo k prezentaci komer\u010dn\u00edch aktivit nebo nez\u00e1konn\u00e9 \u010dinnosti.<\/li>\n<\/ul>\n<p>T\u00edmto ud\u011blujete spole\u010dnosti The Seven nev\u00fdhradn\u00ed licenci k pou\u017eit\u00ed, reprodukci, \u00faprav\u00e1m a k opr\u00e1vn\u011bn\u00ed ostatn\u00edch k pou\u017eit\u00ed, reprodukci a \u00faprav\u00e1m jak\u00fdchkoli va\u0161ich koment\u00e1\u0159\u016f v jak\u00e9koli form\u011b, form\u00e1tu nebo m\u00e9diu.<\/p>\n<hr class=\"the7-p-gap\" style=\"padding-bottom: 40px;\">\n<h2>Hypertextov\u00e9 odkazy na n\u00e1\u0161 obsah<\/h2>\n<p>N\u00e1sleduj\u00edc\u00ed organizace mohou na na\u0161e webov\u00e9 str\u00e1nky odkazovat bez p\u0159edchoz\u00edho p\u00edsemn\u00e9ho souhlasu:<\/p>\n<ul>\n<li>Vl\u00e1dn\u00ed agentury;<\/li>\n<li>Vyhled\u00e1va\u010de;<\/li>\n<li>Zpravodajsk\u00e9 organizace;<\/li>\n<li>Distributo\u0159i online adres\u00e1\u0159\u016f mohou odkazovat na na\u0161e webov\u00e9 str\u00e1nky stejn\u00fdm zp\u016fsobem, jak\u00fdm odkazuj\u00ed na webov\u00e9 str\u00e1nky ostatn\u00edch uveden\u00fdch podnik\u016f; a<\/li>\n<li>Akreditovan\u00e9 podniky v r\u00e1mci cel\u00e9ho syst\u00e9mu, s v\u00fdjimkou neziskov\u00fdch organizac\u00ed, charitativn\u00edch n\u00e1kupn\u00edch center a skupin pro z\u00edsk\u00e1v\u00e1n\u00ed finan\u010dn\u00edch prost\u0159edk\u016f na charitativn\u00ed \u00fa\u010dely, kter\u00e9 nesm\u011bj\u00ed odkazovat na na\u0161e webov\u00e9 str\u00e1nky.<\/li>\n<\/ul>\n<p>Tyto organizace mohou odkazovat na na\u0161i domovskou str\u00e1nku, na publikace nebo na jin\u00e9 informace na webov\u00fdch str\u00e1nk\u00e1ch, pokud je tento odkaz: (a) nen\u00ed v \u017e\u00e1dn\u00e9m p\u0159\u00edpad\u011b klamav\u00fd; (b) nepravdiv\u011b nenazna\u010duje sponzorstv\u00ed, podporu nebo schv\u00e1len\u00ed odkazuj\u00edc\u00ed strany a jej\u00edch produkt\u016f a\/nebo slu\u017eeb; a (c) zapad\u00e1 do kontextu str\u00e1nek odkazuj\u00edc\u00ed strany.   <\/p>\n<hr class=\"the7-p-gap\" style=\"padding-bottom: 20px;\">\n<h3>M\u016f\u017eeme zv\u00e1\u017eit a schv\u00e1lit dal\u0161\u00ed \u017e\u00e1dosti o propojen\u00ed od n\u00e1sleduj\u00edc\u00edch typ\u016f organizac\u00ed:<\/h3>\n<ul>\n<li>b\u011b\u017en\u011b zn\u00e1m\u00e9 zdroje spot\u0159ebitelsk\u00fdch a\/nebo obchodn\u00edch informac\u00ed;<\/li>\n<li>komunitn\u00ed str\u00e1nky dot.com;<\/li>\n<li>sdru\u017een\u00ed nebo jin\u00fdch skupin zastupuj\u00edc\u00edch charitativn\u00ed organizace;<\/li>\n<li>online adres\u00e1\u0159 distributor\u016f;<\/li>\n<li>internetov\u00e9 port\u00e1ly;<\/li>\n<li>\u00fa\u010detn\u00ed, pr\u00e1vn\u00ed a poradensk\u00e9 firmy a<\/li>\n<li>vzd\u011bl\u00e1vac\u00ed instituce a obchodn\u00ed sdru\u017een\u00ed.<\/li>\n<\/ul>\n<p>\u017d\u00e1dosti o propojen\u00ed od t\u011bchto organizac\u00ed schv\u00e1l\u00edme, pokud o tom rozhodneme: (a) odkaz by nezp\u016fsobil nep\u0159\u00edzniv\u00fd obraz n\u00e1s nebo na\u0161ich akreditovan\u00fdch podnik\u016f; (b) organizace u n\u00e1s nem\u00e1 \u017e\u00e1dn\u00e9 negativn\u00ed z\u00e1znamy; (c) p\u0159\u00ednos pro n\u00e1s z viditelnosti hypertextov\u00e9ho odkazu kompenzuje absenci Sedmi\u010dky; a (d) odkaz je v kontextu obecn\u00fdch informac\u00ed o zdroj\u00edch.    <\/p>\n<p>Tyto organizace mohou odkazovat na na\u0161i domovskou str\u00e1nku, pokud odkaz: (a) nen\u00ed v \u017e\u00e1dn\u00e9m p\u0159\u00edpad\u011b klamav\u00fd; (b) nepravdiv\u011b neimplikuje sponzorstv\u00ed, podporu nebo schv\u00e1len\u00ed odkazuj\u00edc\u00ed strany a jej\u00edch produkt\u016f nebo slu\u017eeb; a (c) zapad\u00e1 do kontextu str\u00e1nek odkazuj\u00edc\u00ed strany.   <\/p>\n<p>Pokud jste jednou z organizac\u00ed uveden\u00fdch v odstavci 2 v\u00fd\u0161e a m\u00e1te z\u00e1jem o propojen\u00ed s na\u0161imi webov\u00fdmi str\u00e1nkami, mus\u00edte n\u00e1s o tom informovat zasl\u00e1n\u00edm e-mailu na adresu The Seven. Uve\u010fte pros\u00edm sv\u00e9 jm\u00e9no, n\u00e1zev organizace, kontaktn\u00ed \u00fadaje a tak\u00e9 adresu URL va\u0161\u00ed str\u00e1nky, seznam v\u0161ech adres URL, ze kter\u00fdch hodl\u00e1te odkazovat na na\u0161e webov\u00e9 str\u00e1nky, a seznam adres URL na na\u0161ich str\u00e1nk\u00e1ch, na kter\u00e9 chcete odkazovat. Na odpov\u011b\u010f po\u010dkejte 2-3 t\u00fddny.  <\/p>\n<hr class=\"the7-p-gap\" style=\"padding-bottom: 20px;\">\n<h3>Schv\u00e1len\u00e9 organizace mohou na na\u0161e webov\u00e9 str\u00e1nky odkazovat takto:<\/h3>\n<ul>\n<li>pou\u017e\u00edv\u00e1n\u00edm n\u00e1zvu na\u0161\u00ed spole\u010dnosti; nebo<\/li>\n<li>Pou\u017eit\u00edm jednotn\u00e9ho lok\u00e1toru zdroj\u016f, na kter\u00fd se odkazuje, nebo<\/li>\n<li>Pou\u017eit\u00edm jak\u00e9hokoli jin\u00e9ho popisu na\u0161ich webov\u00fdch str\u00e1nek, na kter\u00e9 je odkazov\u00e1no, kter\u00fd d\u00e1v\u00e1 smysl v kontextu a form\u00e1tu obsahu na str\u00e1nk\u00e1ch odkazuj\u00edc\u00ed strany.<\/li>\n<\/ul>\n<p>Bez licen\u010dn\u00ed smlouvy na ochrannou zn\u00e1mku nebude povoleno pou\u017e\u00edvat logo Sedmi\u010dky ani jin\u00e9 um\u011bleck\u00e9 d\u00edlo pro odkazov\u00e1n\u00ed.<\/p>\n<hr class=\"the7-p-gap\" style=\"padding-bottom: 40px;\">\n<h2>iFrames<\/h2>\n<p>Bez p\u0159edchoz\u00edho souhlasu a p\u00edsemn\u00e9ho povolen\u00ed nesm\u00edte kolem na\u0161ich webov\u00fdch str\u00e1nek vytv\u00e1\u0159et r\u00e1my, kter\u00e9 by jak\u00fdmkoli zp\u016fsobem m\u011bnily vizu\u00e1ln\u00ed prezentaci nebo vzhled na\u0161ich webov\u00fdch str\u00e1nek.<\/p>\n<hr class=\"the7-p-gap\" style=\"padding-bottom: 40px;\">\n<h2>Odpov\u011bdnost za obsah<\/h2>\n<p>Neneseme odpov\u011bdnost za \u017e\u00e1dn\u00fd obsah, kter\u00fd se objev\u00ed na va\u0161ich webov\u00fdch str\u00e1nk\u00e1ch. Souhlas\u00edte s t\u00edm, \u017ee n\u00e1s budete chr\u00e1nit a br\u00e1nit proti v\u0161em n\u00e1rok\u016fm, kter\u00e9 na va\u0161ich Webov\u00fdch str\u00e1nk\u00e1ch vznikaj\u00ed. Na \u017e\u00e1dn\u00e9 Webov\u00e9 str\u00e1nce by se nem\u011bl objevit odkaz(y), kter\u00fd by mohl b\u00fdt vykl\u00e1d\u00e1n jako hanliv\u00fd, obsc\u00e9nn\u00ed nebo trestn\u00fd, nebo kter\u00fd poru\u0161uje, jinak poru\u0161uje nebo propaguje poru\u0161en\u00ed nebo jin\u00e9 poru\u0161en\u00ed pr\u00e1v t\u0159et\u00edch stran.  <\/p>\n<hr class=\"the7-p-gap\" style=\"padding-bottom: 40px;\">\n<h2>Va\u0161e soukrom\u00ed<\/h2>\n<p>P\u0159e\u010dt\u011bte si pros\u00edm Z\u00e1sady ochrany osobn\u00edch \u00fadaj\u016f<\/p>\n<hr class=\"the7-p-gap\" style=\"padding-bottom: 40px;\">\n<h2>V\u00fdhrada pr\u00e1v<\/h2>\n<p>Vyhrazujeme si pr\u00e1vo po\u017e\u00e1dat v\u00e1s o odstran\u011bn\u00ed v\u0161ech odkaz\u016f nebo jak\u00e9hokoli konkr\u00e9tn\u00edho odkazu na na\u0161e webov\u00e9 str\u00e1nky. Souhlas\u00edte s t\u00edm, \u017ee na po\u017e\u00e1d\u00e1n\u00ed okam\u017eit\u011b odstran\u00edte v\u0161echny odkazy na na\u0161e Webov\u00e9 str\u00e1nky. Vyhrazujeme si tak\u00e9 pr\u00e1vo tyto podm\u00ednky a z\u00e1sady odkazov\u00e1n\u00ed kdykoli zm\u011bnit. Neust\u00e1l\u00fdm odkazov\u00e1n\u00edm na na\u0161e Webov\u00e9 str\u00e1nky souhlas\u00edte s t\u00edm, \u017ee se budete \u0159\u00eddit t\u011bmito podm\u00ednkami odkazov\u00e1n\u00ed.   <\/p>\n<hr class=\"the7-p-gap\" style=\"padding-bottom: 40px;\">\n<h2>Odstran\u011bn\u00ed odkaz\u016f z na\u0161ich webov\u00fdch str\u00e1nek<\/h2>\n<p>Pokud na na\u0161ich webov\u00fdch str\u00e1nk\u00e1ch najdete odkaz, kter\u00fd je z jak\u00e9hokoli d\u016fvodu ur\u00e1\u017eliv\u00fd, m\u016f\u017eete n\u00e1s kdykoli kontaktovat a informovat. \u017d\u00e1dosti o odstran\u011bn\u00ed odkaz\u016f zv\u00e1\u017e\u00edme, ale nejsme povinni tak u\u010dinit ani v\u00e1m p\u0159\u00edmo odpov\u011bd\u011bt. <\/p>\n<p>Nezaru\u010dujeme, \u017ee informace na t\u011bchto webov\u00fdch str\u00e1nk\u00e1ch jsou spr\u00e1vn\u00e9, neru\u010d\u00edme za jejich \u00faplnost nebo p\u0159esnost, ani neslibujeme, \u017ee webov\u00e9 str\u00e1nky z\u016fstanou dostupn\u00e9 nebo \u017ee materi\u00e1l na nich bude aktualizov\u00e1n.<\/p>\n<hr class=\"the7-p-gap\" style=\"padding-bottom: 40px;\">\n<h2>Odm\u00edtnut\u00ed odpov\u011bdnosti<\/h2>\n<p>V maxim\u00e1ln\u00edm rozsahu povolen\u00e9m platn\u00fdmi z\u00e1kony vylu\u010dujeme ve\u0161ker\u00e1 prohl\u00e1\u0161en\u00ed, z\u00e1ruky a podm\u00ednky t\u00fdkaj\u00edc\u00ed se na\u0161ich webov\u00fdch str\u00e1nek a jejich pou\u017e\u00edv\u00e1n\u00ed.<\/p>\n<hr class=\"the7-p-gap\" style=\"padding-bottom: 20px;\">\n<h3>Nic v tomto prohl\u00e1\u0161en\u00ed o vylou\u010den\u00ed odpov\u011bdnosti:<\/h3>\n<ul>\n<li>omezit nebo vylou\u010dit na\u0161i nebo va\u0161i odpov\u011bdnost za smrt nebo \u00fajmu na zdrav\u00ed;<\/li>\n<li>omezit nebo vylou\u010dit na\u0161i nebo va\u0161i odpov\u011bdnost za podvod nebo podvodn\u00e9 zkreslen\u00ed;<\/li>\n<li>omezovat na\u0161e nebo va\u0161e z\u00e1vazky jak\u00fdmkoli zp\u016fsobem, kter\u00fd nen\u00ed povolen platn\u00fdmi pr\u00e1vn\u00edmi p\u0159edpisy; nebo<\/li>\n<li>vylou\u010den\u00ed na\u0161ich nebo va\u0161ich z\u00e1vazk\u016f, kter\u00e9 nelze vylou\u010dit podle platn\u00fdch pr\u00e1vn\u00edch p\u0159edpis\u016f.<\/li>\n<\/ul>\n<p>Omezen\u00ed a z\u00e1kazy odpov\u011bdnosti uveden\u00e9 v tomto odd\u00edle a na jin\u00fdch m\u00edstech tohoto prohl\u00e1\u0161en\u00ed o vylou\u010den\u00ed odpov\u011bdnosti: (a) podl\u00e9haj\u00ed p\u0159edchoz\u00edmu odstavci; a (b) \u0159\u00edd\u00ed se jimi v\u0161echny z\u00e1vazky vypl\u00fdvaj\u00edc\u00ed z tohoto prohl\u00e1\u0161en\u00ed o vylou\u010den\u00ed odpov\u011bdnosti, v\u010detn\u011b z\u00e1vazk\u016f vypl\u00fdvaj\u00edc\u00edch ze smlouvy, z deliktu a z poru\u0161en\u00ed z\u00e1konn\u00e9 povinnosti.  <\/p>\n<p>Dokud jsou webov\u00e9 str\u00e1nky a informace a slu\u017eby na nich poskytov\u00e1ny bezplatn\u011b, neneseme odpov\u011bdnost za jakoukoli ztr\u00e1tu nebo \u0161kodu jak\u00e9koli povahy.<\/p>\n\t\t\t\t\t\t\t\t<\/div>\n\t\t\t\t<\/div>\n\t\t\t\t\t<\/div>\n\t\t<\/div>\n\t\t\t\t\t<\/div>\n\t\t<\/section>\n\t\t\t\t<\/div>\n\t\t","protected":false},"excerpt":{"rendered":"<p>Podm\u00ednky a pravidla V\u00edtejte na the7.io! Tyto podm\u00ednky a pravidla popisuj\u00ed pravidla a p\u0159edpisy pro pou\u017e\u00edv\u00e1n\u00ed webov\u00fdch str\u00e1nek spole\u010dnosti The Seven, kter\u00e9 se nach\u00e1zej\u00ed na adrese https:\/\/the7.io\/. Vstupem na tyto webov\u00e9 str\u00e1nky p\u0159edpokl\u00e1d\u00e1me, \u017ee tyto podm\u00ednky p\u0159ij\u00edm\u00e1te. Nepokra\u010dujte v pou\u017e\u00edv\u00e1n\u00ed the7.io, pokud nesouhlas\u00edte se v\u0161emi podm\u00ednkami uveden\u00fdmi na t\u00e9to str\u00e1nce. N\u00e1sleduj\u00edc\u00ed terminologie se vztahuje na&hellip;<\/p>\n","protected":false},"author":1,"featured_media":0,"parent":0,"menu_order":0,"comment_status":"closed","ping_status":"closed","template":"","meta":{"_acf_changed":false,"footnotes":""},"class_list":["post-76757","page","type-page","status-publish","hentry"],"acf":[],"yoast_head":"<!-- This site is optimized with the Yoast SEO plugin v27.4 - https:\/\/yoast.com\/product\/yoast-seo-wordpress\/ -->\n<title>Podm\u00ednky slu\u017eby - Astera Labs<\/title>\n<meta name=\"robots\" content=\"index, follow, max-snippet:-1, max-image-preview:large, max-video-preview:-1\" \/>\n<link rel=\"canonical\" href=\"https:\/\/asteralabs.org\/cs\/podminky-sluzby\/\" \/>\n<meta property=\"og:locale\" content=\"cs_CZ\" \/>\n<meta property=\"og:type\" content=\"article\" \/>\n<meta property=\"og:title\" content=\"Podm\u00ednky slu\u017eby - Astera Labs\" \/>\n<meta property=\"og:description\" content=\"Podm\u00ednky a pravidla V\u00edtejte na the7.io! Tyto podm\u00ednky a pravidla popisuj\u00ed pravidla a p\u0159edpisy pro pou\u017e\u00edv\u00e1n\u00ed webov\u00fdch str\u00e1nek spole\u010dnosti The Seven, kter\u00e9 se nach\u00e1zej\u00ed na adrese https:\/\/the7.io\/. Vstupem na tyto webov\u00e9 str\u00e1nky p\u0159edpokl\u00e1d\u00e1me, \u017ee tyto podm\u00ednky p\u0159ij\u00edm\u00e1te. Nepokra\u010dujte v pou\u017e\u00edv\u00e1n\u00ed the7.io, pokud nesouhlas\u00edte se v\u0161emi podm\u00ednkami uveden\u00fdmi na t\u00e9to str\u00e1nce. N\u00e1sleduj\u00edc\u00ed terminologie se vztahuje na&hellip;\" \/>\n<meta property=\"og:url\" content=\"https:\/\/asteralabs.org\/cs\/podminky-sluzby\/\" \/>\n<meta property=\"og:site_name\" content=\"Astera Labs\" \/>\n<meta property=\"article:modified_time\" content=\"2025-01-29T15:42:15+00:00\" \/>\n<meta name=\"twitter:card\" content=\"summary_large_image\" \/>\n<script type=\"application\/ld+json\" class=\"yoast-schema-graph\">{\"@context\":\"https:\\\/\\\/schema.org\",\"@graph\":[{\"@type\":\"WebPage\",\"@id\":\"https:\\\/\\\/asteralabs.org\\\/cs\\\/podminky-sluzby\\\/\",\"url\":\"https:\\\/\\\/asteralabs.org\\\/cs\\\/podminky-sluzby\\\/\",\"name\":\"Podm\u00ednky slu\u017eby - Astera Labs\",\"isPartOf\":{\"@id\":\"https:\\\/\\\/asteralabs.org\\\/cs\\\/#website\"},\"datePublished\":\"2020-09-27T15:07:34+00:00\",\"dateModified\":\"2025-01-29T15:42:15+00:00\",\"breadcrumb\":{\"@id\":\"https:\\\/\\\/asteralabs.org\\\/cs\\\/podminky-sluzby\\\/#breadcrumb\"},\"inLanguage\":\"cs-CZ\",\"potentialAction\":[{\"@type\":\"ReadAction\",\"target\":[\"https:\\\/\\\/asteralabs.org\\\/cs\\\/podminky-sluzby\\\/\"]}]},{\"@type\":\"BreadcrumbList\",\"@id\":\"https:\\\/\\\/asteralabs.org\\\/cs\\\/podminky-sluzby\\\/#breadcrumb\",\"itemListElement\":[{\"@type\":\"ListItem\",\"position\":1,\"name\":\"Home\",\"item\":\"https:\\\/\\\/asteralabs.org\\\/cs\\\/\"},{\"@type\":\"ListItem\",\"position\":2,\"name\":\"Podm\u00ednky slu\u017eby\"}]},{\"@type\":\"WebSite\",\"@id\":\"https:\\\/\\\/asteralabs.org\\\/cs\\\/#website\",\"url\":\"https:\\\/\\\/asteralabs.org\\\/cs\\\/\",\"name\":\"Astera Labs\",\"description\":\"Improve Your Quality Of Life\",\"publisher\":{\"@id\":\"https:\\\/\\\/asteralabs.org\\\/cs\\\/#organization\"},\"potentialAction\":[{\"@type\":\"SearchAction\",\"target\":{\"@type\":\"EntryPoint\",\"urlTemplate\":\"https:\\\/\\\/asteralabs.org\\\/cs\\\/?s={search_term_string}\"},\"query-input\":{\"@type\":\"PropertyValueSpecification\",\"valueRequired\":true,\"valueName\":\"search_term_string\"}}],\"inLanguage\":\"cs-CZ\"},{\"@type\":\"Organization\",\"@id\":\"https:\\\/\\\/asteralabs.org\\\/cs\\\/#organization\",\"name\":\"Astera Labs\",\"url\":\"https:\\\/\\\/asteralabs.org\\\/cs\\\/\",\"logo\":{\"@type\":\"ImageObject\",\"inLanguage\":\"cs-CZ\",\"@id\":\"https:\\\/\\\/asteralabs.org\\\/cs\\\/#\\\/schema\\\/logo\\\/image\\\/\",\"url\":\"https:\\\/\\\/asteralabs.org\\\/wp-content\\\/uploads\\\/2022\\\/12\\\/astera-2.png\",\"contentUrl\":\"https:\\\/\\\/asteralabs.org\\\/wp-content\\\/uploads\\\/2022\\\/12\\\/astera-2.png\",\"width\":437,\"height\":111,\"caption\":\"Astera Labs\"},\"image\":{\"@id\":\"https:\\\/\\\/asteralabs.org\\\/cs\\\/#\\\/schema\\\/logo\\\/image\\\/\"}}]}<\/script>\n<!-- \/ Yoast SEO plugin. -->","yoast_head_json":{"title":"Podm\u00ednky slu\u017eby - Astera Labs","robots":{"index":"index","follow":"follow","max-snippet":"max-snippet:-1","max-image-preview":"max-image-preview:large","max-video-preview":"max-video-preview:-1"},"canonical":"https:\/\/asteralabs.org\/cs\/podminky-sluzby\/","og_locale":"cs_CZ","og_type":"article","og_title":"Podm\u00ednky slu\u017eby - Astera Labs","og_description":"Podm\u00ednky a pravidla V\u00edtejte na the7.io! Tyto podm\u00ednky a pravidla popisuj\u00ed pravidla a p\u0159edpisy pro pou\u017e\u00edv\u00e1n\u00ed webov\u00fdch str\u00e1nek spole\u010dnosti The Seven, kter\u00e9 se nach\u00e1zej\u00ed na adrese https:\/\/the7.io\/. Vstupem na tyto webov\u00e9 str\u00e1nky p\u0159edpokl\u00e1d\u00e1me, \u017ee tyto podm\u00ednky p\u0159ij\u00edm\u00e1te. Nepokra\u010dujte v pou\u017e\u00edv\u00e1n\u00ed the7.io, pokud nesouhlas\u00edte se v\u0161emi podm\u00ednkami uveden\u00fdmi na t\u00e9to str\u00e1nce. N\u00e1sleduj\u00edc\u00ed terminologie se vztahuje na&hellip;","og_url":"https:\/\/asteralabs.org\/cs\/podminky-sluzby\/","og_site_name":"Astera Labs","article_modified_time":"2025-01-29T15:42:15+00:00","twitter_card":"summary_large_image","schema":{"@context":"https:\/\/schema.org","@graph":[{"@type":"WebPage","@id":"https:\/\/asteralabs.org\/cs\/podminky-sluzby\/","url":"https:\/\/asteralabs.org\/cs\/podminky-sluzby\/","name":"Podm\u00ednky slu\u017eby - Astera Labs","isPartOf":{"@id":"https:\/\/asteralabs.org\/cs\/#website"},"datePublished":"2020-09-27T15:07:34+00:00","dateModified":"2025-01-29T15:42:15+00:00","breadcrumb":{"@id":"https:\/\/asteralabs.org\/cs\/podminky-sluzby\/#breadcrumb"},"inLanguage":"cs-CZ","potentialAction":[{"@type":"ReadAction","target":["https:\/\/asteralabs.org\/cs\/podminky-sluzby\/"]}]},{"@type":"BreadcrumbList","@id":"https:\/\/asteralabs.org\/cs\/podminky-sluzby\/#breadcrumb","itemListElement":[{"@type":"ListItem","position":1,"name":"Home","item":"https:\/\/asteralabs.org\/cs\/"},{"@type":"ListItem","position":2,"name":"Podm\u00ednky slu\u017eby"}]},{"@type":"WebSite","@id":"https:\/\/asteralabs.org\/cs\/#website","url":"https:\/\/asteralabs.org\/cs\/","name":"Astera Labs","description":"Improve Your Quality Of Life","publisher":{"@id":"https:\/\/asteralabs.org\/cs\/#organization"},"potentialAction":[{"@type":"SearchAction","target":{"@type":"EntryPoint","urlTemplate":"https:\/\/asteralabs.org\/cs\/?s={search_term_string}"},"query-input":{"@type":"PropertyValueSpecification","valueRequired":true,"valueName":"search_term_string"}}],"inLanguage":"cs-CZ"},{"@type":"Organization","@id":"https:\/\/asteralabs.org\/cs\/#organization","name":"Astera Labs","url":"https:\/\/asteralabs.org\/cs\/","logo":{"@type":"ImageObject","inLanguage":"cs-CZ","@id":"https:\/\/asteralabs.org\/cs\/#\/schema\/logo\/image\/","url":"https:\/\/asteralabs.org\/wp-content\/uploads\/2022\/12\/astera-2.png","contentUrl":"https:\/\/asteralabs.org\/wp-content\/uploads\/2022\/12\/astera-2.png","width":437,"height":111,"caption":"Astera Labs"},"image":{"@id":"https:\/\/asteralabs.org\/cs\/#\/schema\/logo\/image\/"}}]}},"_links":{"self":[{"href":"https:\/\/asteralabs.org\/cs\/wp-json\/wp\/v2\/pages\/76757","targetHints":{"allow":["GET"]}}],"collection":[{"href":"https:\/\/asteralabs.org\/cs\/wp-json\/wp\/v2\/pages"}],"about":[{"href":"https:\/\/asteralabs.org\/cs\/wp-json\/wp\/v2\/types\/page"}],"author":[{"embeddable":true,"href":"https:\/\/asteralabs.org\/cs\/wp-json\/wp\/v2\/users\/1"}],"replies":[{"embeddable":true,"href":"https:\/\/asteralabs.org\/cs\/wp-json\/wp\/v2\/comments?post=76757"}],"version-history":[{"count":1,"href":"https:\/\/asteralabs.org\/cs\/wp-json\/wp\/v2\/pages\/76757\/revisions"}],"predecessor-version":[{"id":76759,"href":"https:\/\/asteralabs.org\/cs\/wp-json\/wp\/v2\/pages\/76757\/revisions\/76759"}],"wp:attachment":[{"href":"https:\/\/asteralabs.org\/cs\/wp-json\/wp\/v2\/media?parent=76757"}],"curies":[{"name":"wp","href":"https:\/\/api.w.org\/{rel}","templated":true}]}}