{"id":77081,"date":"2023-05-11T20:49:26","date_gmt":"2023-05-11T20:49:26","guid":{"rendered":"https:\/\/asteralabs.org\/overit-prodavajiciho\/"},"modified":"2025-01-29T16:11:04","modified_gmt":"2025-01-29T16:11:04","slug":"overit-prodavajiciho","status":"publish","type":"page","link":"https:\/\/asteralabs.org\/cs\/overit-prodavajiciho\/","title":{"rendered":"Ov\u011b\u0159it prod\u00e1vaj\u00edc\u00edho"},"content":{"rendered":"\t\t<div data-elementor-type=\"wp-page\" data-elementor-id=\"77081\" class=\"elementor elementor-77081 elementor-73367\" data-elementor-post-type=\"page\">\n\t\t\t\t\t\t<section class=\"elementor-section elementor-top-section elementor-element elementor-element-01a130a elementor-section-boxed elementor-section-height-default elementor-section-height-default\" data-id=\"01a130a\" data-element_type=\"section\" data-e-type=\"section\">\n\t\t\t\t\t\t<div class=\"elementor-container elementor-column-gap-default\">\n\t\t\t\t\t<div class=\"elementor-column elementor-col-100 elementor-top-column elementor-element elementor-element-2e65de2\" data-id=\"2e65de2\" data-element_type=\"column\" data-e-type=\"column\">\n\t\t\t<div class=\"elementor-widget-wrap elementor-element-populated\">\n\t\t\t\t\t\t<div class=\"elementor-element elementor-element-628ace2 elementor-widget elementor-widget-heading\" data-id=\"628ace2\" data-element_type=\"widget\" data-e-type=\"widget\" data-widget_type=\"heading.default\">\n\t\t\t\t<div class=\"elementor-widget-container\">\n\t\t\t\t\t<h2 class=\"elementor-heading-title elementor-size-default\">Ov\u011b\u0159it prodejce<\/h2>\t\t\t\t<\/div>\n\t\t\t\t<\/div>\n\t\t\t\t<div class=\"elementor-element elementor-element-f9b648c elementor-widget elementor-widget-text-editor\" data-id=\"f9b648c\" data-element_type=\"widget\" data-e-type=\"widget\" data-widget_type=\"text-editor.default\">\n\t\t\t\t<div class=\"elementor-widget-container\">\n\t\t\t\t\t\t\t\t\t<p>Zadejte jm\u00e9no, dom\u00e9nu webov\u00e9 str\u00e1nky, e-mail nebo u\u017eivatelsk\u00e9 jm\u00e9no telegramu a zkontrolujte prod\u00e1vaj\u00edc\u00edho.<\/p>\n\t\t\t\t\t\t\t\t<\/div>\n\t\t\t\t<\/div>\n\t\t\t\t<div class=\"elementor-element elementor-element-11f083f elementor-widget-divider--view-line elementor-widget elementor-widget-divider\" data-id=\"11f083f\" data-element_type=\"widget\" data-e-type=\"widget\" data-widget_type=\"divider.default\">\n\t\t\t\t<div class=\"elementor-widget-container\">\n\t\t\t\t\t\t\t<div class=\"elementor-divider\">\n\t\t\t<span class=\"elementor-divider-separator\">\n\t\t\t\t\t\t<\/span>\n\t\t<\/div>\n\t\t\t\t\t\t<\/div>\n\t\t\t\t<\/div>\n\t\t\t\t<div class=\"elementor-element elementor-element-84277e2 elementor-widget elementor-widget-shortcode\" data-id=\"84277e2\" data-element_type=\"widget\" data-e-type=\"widget\" data-widget_type=\"shortcode.default\">\n\t\t\t\t<div class=\"elementor-widget-container\">\n\t\t\t\t\t\t\t<div class=\"elementor-shortcode\">\n            <div class='wrap' style='font-family:Poppins,sans-serif;'>\n\n                <form method='POST'>\n\t\t\t\t\n\n                     <div class='form-group'>\n                       <div>\n                           <input type='text' id='wname' name='wname' style='font-family: Poppins, sans-serif; width:90%;height:40px;font-size:20px;margin-bottom:2%;margin-top:2%;border-radius: 3px; margin-right:10px;margin: auto;display: block;' placeholder='Search here'>\n                           <input type='submit' id='btncheck' name='btncheck' class='page-title-action' value='Check Reseller' style='font-family: Poppins, sans-serif;margin-top:10px !important; padding: 1.5%; font-size:18px;border: 1px solid;border-radius: 10px;color: white;background: #d67f3f; margin: auto;display: block;'>\n\n                       <\/div>\n                     <\/div>\n\n\t\t\t\t<\/form>\n\t\t\t  <\/div>  \n\t\t\t  \n\t\t\t  \n        <\/div>\n\t\t\t\t\t\t<\/div>\n\t\t\t\t<\/div>\n\t\t\t\t\t<\/div>\n\t\t<\/div>\n\t\t\t\t\t<\/div>\n\t\t<\/section>\n\t\t\t\t<section class=\"elementor-section elementor-top-section elementor-element elementor-element-4c1c03f elementor-section-boxed elementor-section-height-default elementor-section-height-default\" data-id=\"4c1c03f\" data-element_type=\"section\" data-e-type=\"section\">\n\t\t\t\t\t\t<div class=\"elementor-container elementor-column-gap-default\">\n\t\t\t\t\t<div class=\"elementor-column elementor-col-100 elementor-top-column elementor-element elementor-element-02590a9\" data-id=\"02590a9\" data-element_type=\"column\" data-e-type=\"column\">\n\t\t\t<div class=\"elementor-widget-wrap elementor-element-populated\">\n\t\t\t\t\t\t<div class=\"elementor-element elementor-element-2b48235 elementor-widget elementor-widget-html\" data-id=\"2b48235\" data-element_type=\"widget\" data-e-type=\"widget\" data-widget_type=\"html.default\">\n\t\t\t\t<div class=\"elementor-widget-container\">\n\t\t\t\t\t<style>\n@media screen and (min-width:1024px){\n.wf-container-footer{\n\t\tposition: block;\n    width: 100%;\n    bottom: 0;\n    z-index: 99;\n}}\n<\/style>\t\t\t\t<\/div>\n\t\t\t\t<\/div>\n\t\t\t\t\t<\/div>\n\t\t<\/div>\n\t\t\t\t\t<\/div>\n\t\t<\/section>\n\t\t\t\t<\/div>\n\t\t","protected":false},"excerpt":{"rendered":"<p>Ov\u011b\u0159it prodejce Zadejte jm\u00e9no, dom\u00e9nu webov\u00e9 str\u00e1nky, e-mail nebo u\u017eivatelsk\u00e9 jm\u00e9no telegramu a zkontrolujte prod\u00e1vaj\u00edc\u00edho.<\/p>\n","protected":false},"author":1,"featured_media":0,"parent":0,"menu_order":0,"comment_status":"closed","ping_status":"closed","template":"","meta":{"_acf_changed":false,"footnotes":""},"class_list":["post-77081","page","type-page","status-publish","hentry"],"acf":[],"yoast_head":"<!-- This site is optimized with the Yoast SEO plugin v27.4 - https:\/\/yoast.com\/product\/yoast-seo-wordpress\/ -->\n<title>Ov\u011b\u0159it prod\u00e1vaj\u00edc\u00edho - Astera Labs<\/title>\n<meta name=\"robots\" content=\"index, follow, max-snippet:-1, max-image-preview:large, max-video-preview:-1\" \/>\n<link rel=\"canonical\" href=\"https:\/\/asteralabs.org\/cs\/overit-prodavajiciho\/\" \/>\n<meta property=\"og:locale\" content=\"cs_CZ\" \/>\n<meta property=\"og:type\" content=\"article\" \/>\n<meta property=\"og:title\" content=\"Ov\u011b\u0159it prod\u00e1vaj\u00edc\u00edho - Astera Labs\" \/>\n<meta property=\"og:description\" content=\"Ov\u011b\u0159it prodejce Zadejte jm\u00e9no, dom\u00e9nu webov\u00e9 str\u00e1nky, e-mail nebo u\u017eivatelsk\u00e9 jm\u00e9no telegramu a zkontrolujte prod\u00e1vaj\u00edc\u00edho.\" \/>\n<meta property=\"og:url\" content=\"https:\/\/asteralabs.org\/cs\/overit-prodavajiciho\/\" \/>\n<meta property=\"og:site_name\" content=\"Astera Labs\" \/>\n<meta property=\"article:modified_time\" content=\"2025-01-29T16:11:04+00:00\" \/>\n<meta name=\"twitter:card\" content=\"summary_large_image\" \/>\n<script type=\"application\/ld+json\" class=\"yoast-schema-graph\">{\"@context\":\"https:\\\/\\\/schema.org\",\"@graph\":[{\"@type\":\"WebPage\",\"@id\":\"https:\\\/\\\/asteralabs.org\\\/cs\\\/overit-prodavajiciho\\\/\",\"url\":\"https:\\\/\\\/asteralabs.org\\\/cs\\\/overit-prodavajiciho\\\/\",\"name\":\"Ov\u011b\u0159it prod\u00e1vaj\u00edc\u00edho - Astera Labs\",\"isPartOf\":{\"@id\":\"https:\\\/\\\/asteralabs.org\\\/cs\\\/#website\"},\"datePublished\":\"2023-05-11T20:49:26+00:00\",\"dateModified\":\"2025-01-29T16:11:04+00:00\",\"breadcrumb\":{\"@id\":\"https:\\\/\\\/asteralabs.org\\\/cs\\\/overit-prodavajiciho\\\/#breadcrumb\"},\"inLanguage\":\"cs-CZ\",\"potentialAction\":[{\"@type\":\"ReadAction\",\"target\":[\"https:\\\/\\\/asteralabs.org\\\/cs\\\/overit-prodavajiciho\\\/\"]}]},{\"@type\":\"BreadcrumbList\",\"@id\":\"https:\\\/\\\/asteralabs.org\\\/cs\\\/overit-prodavajiciho\\\/#breadcrumb\",\"itemListElement\":[{\"@type\":\"ListItem\",\"position\":1,\"name\":\"Home\",\"item\":\"https:\\\/\\\/asteralabs.org\\\/cs\\\/\"},{\"@type\":\"ListItem\",\"position\":2,\"name\":\"Ov\u011b\u0159it prod\u00e1vaj\u00edc\u00edho\"}]},{\"@type\":\"WebSite\",\"@id\":\"https:\\\/\\\/asteralabs.org\\\/cs\\\/#website\",\"url\":\"https:\\\/\\\/asteralabs.org\\\/cs\\\/\",\"name\":\"Astera Labs\",\"description\":\"Improve Your Quality Of Life\",\"publisher\":{\"@id\":\"https:\\\/\\\/asteralabs.org\\\/cs\\\/#organization\"},\"potentialAction\":[{\"@type\":\"SearchAction\",\"target\":{\"@type\":\"EntryPoint\",\"urlTemplate\":\"https:\\\/\\\/asteralabs.org\\\/cs\\\/?s={search_term_string}\"},\"query-input\":{\"@type\":\"PropertyValueSpecification\",\"valueRequired\":true,\"valueName\":\"search_term_string\"}}],\"inLanguage\":\"cs-CZ\"},{\"@type\":\"Organization\",\"@id\":\"https:\\\/\\\/asteralabs.org\\\/cs\\\/#organization\",\"name\":\"Astera Labs\",\"url\":\"https:\\\/\\\/asteralabs.org\\\/cs\\\/\",\"logo\":{\"@type\":\"ImageObject\",\"inLanguage\":\"cs-CZ\",\"@id\":\"https:\\\/\\\/asteralabs.org\\\/cs\\\/#\\\/schema\\\/logo\\\/image\\\/\",\"url\":\"https:\\\/\\\/asteralabs.org\\\/wp-content\\\/uploads\\\/2022\\\/12\\\/astera-2.png\",\"contentUrl\":\"https:\\\/\\\/asteralabs.org\\\/wp-content\\\/uploads\\\/2022\\\/12\\\/astera-2.png\",\"width\":437,\"height\":111,\"caption\":\"Astera Labs\"},\"image\":{\"@id\":\"https:\\\/\\\/asteralabs.org\\\/cs\\\/#\\\/schema\\\/logo\\\/image\\\/\"}}]}<\/script>\n<!-- \/ Yoast SEO plugin. -->","yoast_head_json":{"title":"Ov\u011b\u0159it prod\u00e1vaj\u00edc\u00edho - Astera Labs","robots":{"index":"index","follow":"follow","max-snippet":"max-snippet:-1","max-image-preview":"max-image-preview:large","max-video-preview":"max-video-preview:-1"},"canonical":"https:\/\/asteralabs.org\/cs\/overit-prodavajiciho\/","og_locale":"cs_CZ","og_type":"article","og_title":"Ov\u011b\u0159it prod\u00e1vaj\u00edc\u00edho - Astera Labs","og_description":"Ov\u011b\u0159it prodejce Zadejte jm\u00e9no, dom\u00e9nu webov\u00e9 str\u00e1nky, e-mail nebo u\u017eivatelsk\u00e9 jm\u00e9no telegramu a zkontrolujte prod\u00e1vaj\u00edc\u00edho.","og_url":"https:\/\/asteralabs.org\/cs\/overit-prodavajiciho\/","og_site_name":"Astera Labs","article_modified_time":"2025-01-29T16:11:04+00:00","twitter_card":"summary_large_image","schema":{"@context":"https:\/\/schema.org","@graph":[{"@type":"WebPage","@id":"https:\/\/asteralabs.org\/cs\/overit-prodavajiciho\/","url":"https:\/\/asteralabs.org\/cs\/overit-prodavajiciho\/","name":"Ov\u011b\u0159it prod\u00e1vaj\u00edc\u00edho - Astera Labs","isPartOf":{"@id":"https:\/\/asteralabs.org\/cs\/#website"},"datePublished":"2023-05-11T20:49:26+00:00","dateModified":"2025-01-29T16:11:04+00:00","breadcrumb":{"@id":"https:\/\/asteralabs.org\/cs\/overit-prodavajiciho\/#breadcrumb"},"inLanguage":"cs-CZ","potentialAction":[{"@type":"ReadAction","target":["https:\/\/asteralabs.org\/cs\/overit-prodavajiciho\/"]}]},{"@type":"BreadcrumbList","@id":"https:\/\/asteralabs.org\/cs\/overit-prodavajiciho\/#breadcrumb","itemListElement":[{"@type":"ListItem","position":1,"name":"Home","item":"https:\/\/asteralabs.org\/cs\/"},{"@type":"ListItem","position":2,"name":"Ov\u011b\u0159it prod\u00e1vaj\u00edc\u00edho"}]},{"@type":"WebSite","@id":"https:\/\/asteralabs.org\/cs\/#website","url":"https:\/\/asteralabs.org\/cs\/","name":"Astera Labs","description":"Improve Your Quality Of Life","publisher":{"@id":"https:\/\/asteralabs.org\/cs\/#organization"},"potentialAction":[{"@type":"SearchAction","target":{"@type":"EntryPoint","urlTemplate":"https:\/\/asteralabs.org\/cs\/?s={search_term_string}"},"query-input":{"@type":"PropertyValueSpecification","valueRequired":true,"valueName":"search_term_string"}}],"inLanguage":"cs-CZ"},{"@type":"Organization","@id":"https:\/\/asteralabs.org\/cs\/#organization","name":"Astera Labs","url":"https:\/\/asteralabs.org\/cs\/","logo":{"@type":"ImageObject","inLanguage":"cs-CZ","@id":"https:\/\/asteralabs.org\/cs\/#\/schema\/logo\/image\/","url":"https:\/\/asteralabs.org\/wp-content\/uploads\/2022\/12\/astera-2.png","contentUrl":"https:\/\/asteralabs.org\/wp-content\/uploads\/2022\/12\/astera-2.png","width":437,"height":111,"caption":"Astera Labs"},"image":{"@id":"https:\/\/asteralabs.org\/cs\/#\/schema\/logo\/image\/"}}]}},"_links":{"self":[{"href":"https:\/\/asteralabs.org\/cs\/wp-json\/wp\/v2\/pages\/77081","targetHints":{"allow":["GET"]}}],"collection":[{"href":"https:\/\/asteralabs.org\/cs\/wp-json\/wp\/v2\/pages"}],"about":[{"href":"https:\/\/asteralabs.org\/cs\/wp-json\/wp\/v2\/types\/page"}],"author":[{"embeddable":true,"href":"https:\/\/asteralabs.org\/cs\/wp-json\/wp\/v2\/users\/1"}],"replies":[{"embeddable":true,"href":"https:\/\/asteralabs.org\/cs\/wp-json\/wp\/v2\/comments?post=77081"}],"version-history":[{"count":1,"href":"https:\/\/asteralabs.org\/cs\/wp-json\/wp\/v2\/pages\/77081\/revisions"}],"predecessor-version":[{"id":77083,"href":"https:\/\/asteralabs.org\/cs\/wp-json\/wp\/v2\/pages\/77081\/revisions\/77083"}],"wp:attachment":[{"href":"https:\/\/asteralabs.org\/cs\/wp-json\/wp\/v2\/media?parent=77081"}],"curies":[{"name":"wp","href":"https:\/\/api.w.org\/{rel}","templated":true}]}}