{"id":77120,"date":"2023-02-21T19:32:09","date_gmt":"2023-02-21T19:32:09","guid":{"rendered":"https:\/\/asteralabs.org\/zasady-ochrany-osobnich-udaju-2\/"},"modified":"2025-01-30T13:25:17","modified_gmt":"2025-01-30T13:25:17","slug":"zasady-ochrany-osobnich-udaju","status":"publish","type":"page","link":"https:\/\/asteralabs.org\/cs\/zasady-ochrany-osobnich-udaju\/","title":{"rendered":"Z\u00e1sady ochrany osobn\u00edch \u00fadaj\u016f"},"content":{"rendered":"\t\t<div data-elementor-type=\"wp-page\" data-elementor-id=\"77120\" class=\"elementor elementor-77120 elementor-72912\" data-elementor-post-type=\"page\">\n\t\t\t\t\t\t\t\t\t<section class=\"elementor-section elementor-top-section elementor-element elementor-element-778deb4 elementor-section-boxed elementor-section-height-default elementor-section-height-default\" data-id=\"778deb4\" data-element_type=\"section\">\n\t\t\t\t\t\t<div class=\"elementor-container elementor-column-gap-default\">\n\t\t\t\t\t<div class=\"elementor-column elementor-col-100 elementor-top-column elementor-element elementor-element-b7ac418\" data-id=\"b7ac418\" data-element_type=\"column\">\n\t\t\t<div class=\"elementor-widget-wrap elementor-element-populated\">\n\t\t\t\t\t\t\t\t<div class=\"elementor-element elementor-element-120ff5a elementor-widget elementor-widget-heading\" data-id=\"120ff5a\" data-element_type=\"widget\" data-widget_type=\"heading.default\">\n\t\t\t\t<div class=\"elementor-widget-container\">\n\t\t\t<h2 class=\"elementor-heading-title elementor-size-default\">Z\u00e1sady ochrany osobn\u00edch \u00fadaj\u016f<\/h2>\t\t<\/div>\n\t\t\t\t<\/div>\n\t\t\t\t<div class=\"elementor-element elementor-element-f2e1b90 elementor-widget elementor-widget-text-editor\" data-id=\"f2e1b90\" data-element_type=\"widget\" data-widget_type=\"text-editor.default\">\n\t\t\t\t<div class=\"elementor-widget-container\">\n\t\t\t\t\t\t\t<p align=\"justify\"><span style=\"font-family:  \" open=\"\" sans=\"\" open-sans=\"\"><span style=\"font-size: medium;\">Tyto z\u00e1sady ochrany osobn\u00edch \u00fadaj\u016f (d\u00e1le jen &#8220;z\u00e1sady&#8221;) v\u00e1m pomohou pochopit, jak spole\u010dnost Astera Labs (d\u00e1le jen &#8220;my&#8221;, &#8220;n\u00e1s&#8221;, &#8220;na\u0161e&#8221;) pou\u017e\u00edv\u00e1 a chr\u00e1n\u00ed \u00fadaje, kter\u00e9 n\u00e1m poskytujete p\u0159i n\u00e1v\u0161t\u011bv\u011b a pou\u017e\u00edv\u00e1n\u00ed webov\u00fdch str\u00e1nek https:\/\/asteralabs.org\/.  <\/span><\/span><\/p>\n<p align=\"justify\"><span style=\"font-family: Arial, serif;\"><span style=\"font-size: medium;\">Vyhrazujeme si pr\u00e1vo tyto z\u00e1sady kdykoli zm\u011bnit, o \u010dem\u017e v\u00e1s budeme neprodlen\u011b informovat. Pokud se chcete ujistit, \u017ee jste sezn\u00e1meni s nejnov\u011bj\u0161\u00edmi zm\u011bnami, doporu\u010dujeme v\u00e1m \u010dasto nav\u0161t\u011bvovat tuto str\u00e1nku. <\/span><\/span><\/p>\n<p align=\"justify\"><span style=\"font-family: Arial, serif;\"><span style=\"font-size: medium;\"><b>Jak\u00e9 \u00fadaje o u\u017eivatel\u00edch shroma\u017e\u010fujeme<\/b><\/span><\/span><\/p>\n<p align=\"justify\"><span style=\"font-family: Arial, serif;\"><span style=\"font-size: medium;\">P\u0159i n\u00e1v\u0161t\u011bv\u011b webov\u00fdch str\u00e1nek m\u016f\u017eeme shroma\u017e\u010fovat n\u00e1sleduj\u00edc\u00ed \u00fadaje:<\/span><\/span><\/p>\n<ul>\n<li>\n<p align=\"justify\"><span style=\"font-family: Arial, serif;\"><span style=\"font-size: medium;\">Va\u0161e IP adresa.<\/span><\/span><\/p>\n<\/li>\n<li>\n<p align=\"justify\"><span style=\"font-family: Arial, serif;\"><span style=\"font-size: medium;\">Va\u0161e kontaktn\u00ed \u00fadaje a e-mailov\u00e1 adresa.<\/span><\/span><\/p>\n<\/li>\n<li>\n<p align=\"justify\"><span style=\"font-family: Arial, serif;\"><span style=\"font-size: medium;\">Dal\u0161\u00ed informace, jako jsou z\u00e1jmy a preference.<\/span><\/span><\/p>\n<\/li>\n<li>\n<p align=\"justify\"><span style=\"font-family: Arial, serif;\"><span style=\"font-size: medium;\">Profil \u00fadaj\u016f o va\u0161em chov\u00e1n\u00ed na na\u0161ich webov\u00fdch str\u00e1nk\u00e1ch.<\/span><\/span><\/p>\n<\/li>\n<\/ul>\n<p align=\"justify\"><span style=\"font-family: Arial, serif;\"><span style=\"font-size: medium;\"><b>Pro\u010d shroma\u017e\u010fujeme va\u0161e \u00fadaje<\/b><\/span><\/span><\/p>\n<p align=\"justify\"><span style=\"font-family: Arial, serif;\"><span style=\"font-size: medium;\">Va\u0161e \u00fadaje shroma\u017e\u010fujeme z n\u011bkolika d\u016fvod\u016f:<\/span><\/span><\/p>\n<ul>\n<li>\n<p align=\"justify\"><span style=\"font-family: Arial, serif;\"><span style=\"font-size: medium;\">Abyste l\u00e9pe porozum\u011bli sv\u00fdm pot\u0159eb\u00e1m.<\/span><\/span><\/p>\n<\/li>\n<li>\n<p align=\"justify\"><span style=\"font-family: Arial, serif;\"><span style=\"font-size: medium;\">Zlep\u0161en\u00ed na\u0161ich slu\u017eeb a produkt\u016f.<\/span><\/span><\/p>\n<\/li>\n<li>\n<p align=\"justify\"><span style=\"font-family: Arial, serif;\"><span style=\"font-size: medium;\">zas\u00edlat v\u00e1m propaga\u010dn\u00ed e-maily s informacemi, o kter\u00fdch si mysl\u00edme, \u017ee v\u00e1s budou zaj\u00edmat.<\/span><\/span><\/p>\n<\/li>\n<li>\n<p align=\"justify\"><span style=\"font-family: Arial, serif;\"><span style=\"font-size: medium;\">kontaktovat v\u00e1s za \u00fa\u010delem vypln\u011bn\u00ed dotazn\u00edk\u016f a \u00fa\u010dasti na jin\u00fdch typech pr\u016fzkumu trhu.<\/span><\/span><\/p>\n<\/li>\n<li>\n<p align=\"justify\"><span style=\"font-family: Arial, serif;\"><span style=\"font-size: medium;\">P\u0159izp\u016fsoben\u00ed na\u0161ich webov\u00fdch str\u00e1nek podle va\u0161eho online chov\u00e1n\u00ed a osobn\u00edch preferenc\u00ed.<\/span><\/span><\/p>\n<\/li>\n<\/ul>\n<p align=\"justify\"><span style=\"font-family: Arial, serif;\"><span style=\"font-size: medium;\"><b>Ochrana a zabezpe\u010den\u00ed dat<\/b><\/span><\/span><\/p>\n<p align=\"justify\"><span style=\"font-family: Arial, serif;\"><span style=\"font-size: medium;\">Spole\u010dnost Astera Labs se zavazuje zabezpe\u010dit va\u0161e \u00fadaje a zachovat jejich d\u016fv\u011brnost. Spole\u010dnost Astera Labs ud\u011blala v\u0161e, co je v jej\u00edch sil\u00e1ch, aby zabr\u00e1nila kr\u00e1de\u017ei dat, neopr\u00e1vn\u011bn\u00e9mu p\u0159\u00edstupu k nim a jejich vyzrazen\u00ed, a to zaveden\u00edm nejnov\u011bj\u0161\u00edch technologi\u00ed a softwaru, kter\u00e9 n\u00e1m pom\u00e1haj\u00ed chr\u00e1nit v\u0161echny informace, kter\u00e9 shroma\u017e\u010fujeme online. <\/span><\/span><\/p>\n<p align=\"justify\"><span style=\"font-family: Arial, serif;\"><span style=\"font-size: medium;\"><b>Na\u0161e z\u00e1sady pou\u017e\u00edv\u00e1n\u00ed soubor\u016f cookie<\/b><\/span><\/span><\/p>\n<p align=\"justify\"><span style=\"font-family: Arial, serif;\"><span style=\"font-size: medium;\">Jakmile souhlas\u00edte s t\u00edm, aby na\u0161e webov\u00e9 str\u00e1nky pou\u017e\u00edvaly soubory cookie, souhlas\u00edte tak\u00e9 s pou\u017e\u00edv\u00e1n\u00edm \u00fadaj\u016f, kter\u00e9 shroma\u017e\u010fuj\u00ed o va\u0161em chov\u00e1n\u00ed online (analyzuj\u00ed webov\u00fd provoz, webov\u00e9 str\u00e1nky, kter\u00e9 nav\u0161t\u011bvujete a na kter\u00fdch tr\u00e1v\u00edte nejv\u00edce \u010dasu).<\/span><\/span><\/p>\n<p align=\"justify\"><a name=\"_GoBack\"><\/a> <span style=\"font-family: Arial, serif;\"><span style=\"font-size: medium;\">\u00dadaje, kter\u00e9 shroma\u017e\u010fujeme pomoc\u00ed soubor\u016f cookie, slou\u017e\u00ed k p\u0159izp\u016fsoben\u00ed na\u0161ich webov\u00fdch str\u00e1nek va\u0161im pot\u0159eb\u00e1m. Pot\u00e9, co \u00fadaje pou\u017eijeme pro statistickou anal\u00fdzu, jsou z na\u0161ich syst\u00e9m\u016f zcela odstran\u011bny. <\/span><\/span><\/p>\n<p align=\"justify\"><span style=\"font-family: Arial, serif;\"><span style=\"font-size: medium;\">Upozor\u0148ujeme, \u017ee soubory cookie n\u00e1m neumo\u017e\u0148uj\u00ed \u017e\u00e1dn\u00fdm zp\u016fsobem z\u00edskat kontrolu nad va\u0161\u00edm po\u010d\u00edta\u010dem. Slou\u017e\u00ed v\u00fdhradn\u011b ke sledov\u00e1n\u00ed toho, kter\u00e9 str\u00e1nky pova\u017eujete za u\u017eite\u010dn\u00e9 a kter\u00e9 ne, abychom v\u00e1m mohli poskytnout lep\u0161\u00ed slu\u017eby. <\/span><\/span><\/p>\n<p align=\"justify\"><span style=\"font-family: Arial, serif;\"><span style=\"font-size: medium;\">Pokud chcete soubory cookie zak\u00e1zat, m\u016f\u017eete to prov\u00e9st v nastaven\u00ed sv\u00e9ho internetov\u00e9ho prohl\u00ed\u017ee\u010de. M\u016f\u017eete nav\u0161t\u00edvit   <\/span><\/span><span style=\"color: #0563c1;\"><u><a href=\"https:\/\/www.internetcookies.com\/\"><span style=\"font-family: Arial, serif;\"><span style=\"font-size: medium;\">https:\/\/www.internetcookies.com<\/span><\/span><\/a><\/u><\/span><span style=\"font-family: Arial, serif;\"><span style=\"font-size: medium;\">, kter\u00fd obsahuje vy\u010derp\u00e1vaj\u00edc\u00ed informace o tom, jak to prov\u00e9st v nejr\u016fzn\u011bj\u0161\u00edch prohl\u00ed\u017ee\u010d\u00edch a za\u0159\u00edzen\u00edch.<\/span><\/span><\/p>\n<p align=\"justify\"><span style=\"font-family: Arial, serif;\"><span style=\"font-size: medium;\"><b>Odkazy na dal\u0161\u00ed webov\u00e9 str\u00e1nky<\/b><\/span><\/span><\/p>\n<p align=\"justify\"><span style=\"font-family: Arial, serif;\"><span style=\"font-size: medium;\">Na\u0161e webov\u00e9 str\u00e1nky obsahuj\u00ed odkazy, kter\u00e9 vedou na jin\u00e9 webov\u00e9 str\u00e1nky. Pokud na tyto odkazy kliknete, spole\u010dnost Astera Labs nenese odpov\u011bdnost za ochranu va\u0161ich dat a soukrom\u00ed. N\u00e1v\u0161t\u011bva t\u011bchto webov\u00fdch str\u00e1nek se ne\u0159\u00edd\u00ed touto dohodou o ochran\u011b osobn\u00edch \u00fadaj\u016f. Nezapome\u0148te si p\u0159e\u010d\u00edst dokumentaci o z\u00e1sad\u00e1ch ochrany osobn\u00edch \u00fadaj\u016f na webov\u00fdch str\u00e1nk\u00e1ch, na kter\u00e9 p\u0159ech\u00e1z\u00edte z na\u0161ich webov\u00fdch str\u00e1nek.   <\/span><\/span><\/p>\n<p align=\"justify\"><span style=\"font-family: Arial, serif;\"><span style=\"font-size: medium;\"><b>Omezen\u00ed shroma\u017e\u010fov\u00e1n\u00ed va\u0161ich osobn\u00edch \u00fadaj\u016f<\/b><\/span><\/span><\/p>\n<p align=\"justify\"><span style=\"font-family: Arial, serif;\"><span style=\"font-size: medium;\">V ur\u010dit\u00e9m okam\u017eiku m\u016f\u017eete cht\u00edt omezit pou\u017e\u00edv\u00e1n\u00ed a shroma\u017e\u010fov\u00e1n\u00ed sv\u00fdch osobn\u00edch \u00fadaj\u016f. Toho m\u016f\u017eete dos\u00e1hnout n\u00e1sleduj\u00edc\u00edmi kroky: <\/span><\/span><\/p>\n<p align=\"justify\"><span style=\"font-family: Arial, serif;\"><span style=\"font-size: medium;\">P\u0159i vypl\u0148ov\u00e1n\u00ed formul\u00e1\u0159\u016f na webov\u00fdch str\u00e1nk\u00e1ch zkontrolujte, zda je zde pol\u00ed\u010dko, kter\u00e9 m\u016f\u017eete nechat neza\u0161krtnut\u00e9, pokud nechcete zve\u0159ejnit sv\u00e9 osobn\u00ed \u00fadaje.<\/span><\/span><\/p>\n<p align=\"justify\"><span style=\"font-family: Arial, serif;\"><span style=\"font-size: medium;\">Pokud jste ji\u017e souhlasili se sd\u00edlen\u00edm sv\u00fdch \u00fadaj\u016f s n\u00e1mi, nev\u00e1hejte n\u00e1s kontaktovat e-mailem a my to r\u00e1di zm\u011bn\u00edme.<\/span><\/span><\/p>\n<p><span style=\"font-family: Arial, serif;\"><span style=\"font-size: medium;\">Spole\u010dnost Astera Labs nepronajme, neprod\u00e1 ani ne\u0161\u00ed\u0159\u00ed va\u0161e osobn\u00ed \u00fadaje t\u0159et\u00edm stran\u00e1m, pokud k tomu nem\u00e1me v\u00e1\u0161 souhlas. M\u016f\u017eeme tak u\u010dinit, pokud n\u00e1s k tomu donut\u00ed z\u00e1kon. Va\u0161e osobn\u00ed \u00fadaje budou pou\u017eity, pokud v\u00e1m budeme pot\u0159ebovat zaslat propaga\u010dn\u00ed materi\u00e1ly, pokud budete souhlasit s t\u011bmito z\u00e1sadami ochrany osobn\u00edch \u00fadaj\u016f.    <\/span><\/span><\/p>\t\t\t\t\t\t<\/div>\n\t\t\t\t<\/div>\n\t\t\t\t\t<\/div>\n\t\t<\/div>\n\t\t\t\t\t\t\t<\/div>\n\t\t<\/section>\n\t\t\t\t\t\t\t<\/div>\n\t\t","protected":false},"excerpt":{"rendered":"<p>Z\u00e1sady ochrany osobn\u00edch \u00fadaj\u016f Tyto z\u00e1sady ochrany osobn\u00edch \u00fadaj\u016f (d\u00e1le jen &#8220;z\u00e1sady&#8221;) v\u00e1m pomohou pochopit, jak spole\u010dnost Astera Labs (d\u00e1le jen &#8220;my&#8221;, &#8220;n\u00e1s&#8221;, &#8220;na\u0161e&#8221;) pou\u017e\u00edv\u00e1 a chr\u00e1n\u00ed \u00fadaje, kter\u00e9 n\u00e1m poskytujete p\u0159i n\u00e1v\u0161t\u011bv\u011b a pou\u017e\u00edv\u00e1n\u00ed webov\u00fdch str\u00e1nek https:\/\/asteralabs.org\/. Vyhrazujeme si pr\u00e1vo tyto z\u00e1sady kdykoli zm\u011bnit, o \u010dem\u017e v\u00e1s budeme neprodlen\u011b informovat. Pokud se chcete ujistit,&hellip;<\/p>\n","protected":false},"author":1,"featured_media":0,"parent":0,"menu_order":0,"comment_status":"closed","ping_status":"closed","template":"","meta":{"footnotes":""},"yoast_head":"<!-- This site is optimized with the Yoast SEO plugin v23.0 - https:\/\/yoast.com\/wordpress\/plugins\/seo\/ -->\n<title>Z\u00e1sady ochrany osobn\u00edch \u00fadaj\u016f - Astera Labs<\/title>\n<meta name=\"robots\" content=\"index, follow, max-snippet:-1, max-image-preview:large, max-video-preview:-1\" \/>\n<link rel=\"canonical\" href=\"https:\/\/asteralabs.org\/cs\/zasady-ochrany-osobnich-udaju\/\" \/>\n<meta property=\"og:locale\" content=\"cs_CZ\" \/>\n<meta property=\"og:type\" content=\"article\" \/>\n<meta property=\"og:title\" content=\"Z\u00e1sady ochrany osobn\u00edch \u00fadaj\u016f - Astera Labs\" \/>\n<meta property=\"og:description\" content=\"Z\u00e1sady ochrany osobn\u00edch \u00fadaj\u016f Tyto z\u00e1sady ochrany osobn\u00edch \u00fadaj\u016f (d\u00e1le jen &#8220;z\u00e1sady&#8221;) v\u00e1m pomohou pochopit, jak spole\u010dnost Astera Labs (d\u00e1le jen &#8220;my&#8221;, &#8220;n\u00e1s&#8221;, &#8220;na\u0161e&#8221;) pou\u017e\u00edv\u00e1 a chr\u00e1n\u00ed \u00fadaje, kter\u00e9 n\u00e1m poskytujete p\u0159i n\u00e1v\u0161t\u011bv\u011b a pou\u017e\u00edv\u00e1n\u00ed webov\u00fdch str\u00e1nek https:\/\/asteralabs.org\/. Vyhrazujeme si pr\u00e1vo tyto z\u00e1sady kdykoli zm\u011bnit, o \u010dem\u017e v\u00e1s budeme neprodlen\u011b informovat. Pokud se chcete ujistit,&hellip;\" \/>\n<meta property=\"og:url\" content=\"https:\/\/asteralabs.org\/cs\/zasady-ochrany-osobnich-udaju\/\" \/>\n<meta property=\"og:site_name\" content=\"Astera Labs\" \/>\n<meta property=\"article:modified_time\" content=\"2025-01-30T13:25:17+00:00\" \/>\n<meta name=\"twitter:card\" content=\"summary_large_image\" \/>\n<script type=\"application\/ld+json\" class=\"yoast-schema-graph\">{\"@context\":\"https:\/\/schema.org\",\"@graph\":[{\"@type\":\"WebPage\",\"@id\":\"https:\/\/asteralabs.org\/cs\/zasady-ochrany-osobnich-udaju\/\",\"url\":\"https:\/\/asteralabs.org\/cs\/zasady-ochrany-osobnich-udaju\/\",\"name\":\"Z\u00e1sady ochrany osobn\u00edch \u00fadaj\u016f - Astera Labs\",\"isPartOf\":{\"@id\":\"https:\/\/asteralabs.org\/cs\/#website\"},\"datePublished\":\"2023-02-21T19:32:09+00:00\",\"dateModified\":\"2025-01-30T13:25:17+00:00\",\"breadcrumb\":{\"@id\":\"https:\/\/asteralabs.org\/cs\/zasady-ochrany-osobnich-udaju\/#breadcrumb\"},\"inLanguage\":\"cs\",\"potentialAction\":[{\"@type\":\"ReadAction\",\"target\":[\"https:\/\/asteralabs.org\/cs\/zasady-ochrany-osobnich-udaju\/\"]}]},{\"@type\":\"BreadcrumbList\",\"@id\":\"https:\/\/asteralabs.org\/cs\/zasady-ochrany-osobnich-udaju\/#breadcrumb\",\"itemListElement\":[{\"@type\":\"ListItem\",\"position\":1,\"name\":\"Home\",\"item\":\"https:\/\/asteralabs.org\/cs\/\"},{\"@type\":\"ListItem\",\"position\":2,\"name\":\"Z\u00e1sady ochrany osobn\u00edch \u00fadaj\u016f\"}]},{\"@type\":\"WebSite\",\"@id\":\"https:\/\/asteralabs.org\/cs\/#website\",\"url\":\"https:\/\/asteralabs.org\/cs\/\",\"name\":\"Astera Labs\",\"description\":\"Improve Your Quality Of Life\",\"publisher\":{\"@id\":\"https:\/\/asteralabs.org\/cs\/#organization\"},\"potentialAction\":[{\"@type\":\"SearchAction\",\"target\":{\"@type\":\"EntryPoint\",\"urlTemplate\":\"https:\/\/asteralabs.org\/cs\/?s={search_term_string}\"},\"query-input\":\"required name=search_term_string\"}],\"inLanguage\":\"cs\"},{\"@type\":\"Organization\",\"@id\":\"https:\/\/asteralabs.org\/cs\/#organization\",\"name\":\"Astera Labs\",\"url\":\"https:\/\/asteralabs.org\/cs\/\",\"logo\":{\"@type\":\"ImageObject\",\"inLanguage\":\"cs\",\"@id\":\"https:\/\/asteralabs.org\/cs\/#\/schema\/logo\/image\/\",\"url\":\"https:\/\/asteralabs.org\/wp-content\/uploads\/2022\/12\/astera-2.png\",\"contentUrl\":\"https:\/\/asteralabs.org\/wp-content\/uploads\/2022\/12\/astera-2.png\",\"width\":437,\"height\":111,\"caption\":\"Astera Labs\"},\"image\":{\"@id\":\"https:\/\/asteralabs.org\/cs\/#\/schema\/logo\/image\/\"}}]}<\/script>\n<!-- \/ Yoast SEO plugin. -->","yoast_head_json":{"title":"Z\u00e1sady ochrany osobn\u00edch \u00fadaj\u016f - Astera Labs","robots":{"index":"index","follow":"follow","max-snippet":"max-snippet:-1","max-image-preview":"max-image-preview:large","max-video-preview":"max-video-preview:-1"},"canonical":"https:\/\/asteralabs.org\/cs\/zasady-ochrany-osobnich-udaju\/","og_locale":"cs_CZ","og_type":"article","og_title":"Z\u00e1sady ochrany osobn\u00edch \u00fadaj\u016f - Astera Labs","og_description":"Z\u00e1sady ochrany osobn\u00edch \u00fadaj\u016f Tyto z\u00e1sady ochrany osobn\u00edch \u00fadaj\u016f (d\u00e1le jen &#8220;z\u00e1sady&#8221;) v\u00e1m pomohou pochopit, jak spole\u010dnost Astera Labs (d\u00e1le jen &#8220;my&#8221;, &#8220;n\u00e1s&#8221;, &#8220;na\u0161e&#8221;) pou\u017e\u00edv\u00e1 a chr\u00e1n\u00ed \u00fadaje, kter\u00e9 n\u00e1m poskytujete p\u0159i n\u00e1v\u0161t\u011bv\u011b a pou\u017e\u00edv\u00e1n\u00ed webov\u00fdch str\u00e1nek https:\/\/asteralabs.org\/. Vyhrazujeme si pr\u00e1vo tyto z\u00e1sady kdykoli zm\u011bnit, o \u010dem\u017e v\u00e1s budeme neprodlen\u011b informovat. Pokud se chcete ujistit,&hellip;","og_url":"https:\/\/asteralabs.org\/cs\/zasady-ochrany-osobnich-udaju\/","og_site_name":"Astera Labs","article_modified_time":"2025-01-30T13:25:17+00:00","twitter_card":"summary_large_image","schema":{"@context":"https:\/\/schema.org","@graph":[{"@type":"WebPage","@id":"https:\/\/asteralabs.org\/cs\/zasady-ochrany-osobnich-udaju\/","url":"https:\/\/asteralabs.org\/cs\/zasady-ochrany-osobnich-udaju\/","name":"Z\u00e1sady ochrany osobn\u00edch \u00fadaj\u016f - Astera Labs","isPartOf":{"@id":"https:\/\/asteralabs.org\/cs\/#website"},"datePublished":"2023-02-21T19:32:09+00:00","dateModified":"2025-01-30T13:25:17+00:00","breadcrumb":{"@id":"https:\/\/asteralabs.org\/cs\/zasady-ochrany-osobnich-udaju\/#breadcrumb"},"inLanguage":"cs","potentialAction":[{"@type":"ReadAction","target":["https:\/\/asteralabs.org\/cs\/zasady-ochrany-osobnich-udaju\/"]}]},{"@type":"BreadcrumbList","@id":"https:\/\/asteralabs.org\/cs\/zasady-ochrany-osobnich-udaju\/#breadcrumb","itemListElement":[{"@type":"ListItem","position":1,"name":"Home","item":"https:\/\/asteralabs.org\/cs\/"},{"@type":"ListItem","position":2,"name":"Z\u00e1sady ochrany osobn\u00edch \u00fadaj\u016f"}]},{"@type":"WebSite","@id":"https:\/\/asteralabs.org\/cs\/#website","url":"https:\/\/asteralabs.org\/cs\/","name":"Astera Labs","description":"Improve Your Quality Of Life","publisher":{"@id":"https:\/\/asteralabs.org\/cs\/#organization"},"potentialAction":[{"@type":"SearchAction","target":{"@type":"EntryPoint","urlTemplate":"https:\/\/asteralabs.org\/cs\/?s={search_term_string}"},"query-input":"required name=search_term_string"}],"inLanguage":"cs"},{"@type":"Organization","@id":"https:\/\/asteralabs.org\/cs\/#organization","name":"Astera Labs","url":"https:\/\/asteralabs.org\/cs\/","logo":{"@type":"ImageObject","inLanguage":"cs","@id":"https:\/\/asteralabs.org\/cs\/#\/schema\/logo\/image\/","url":"https:\/\/asteralabs.org\/wp-content\/uploads\/2022\/12\/astera-2.png","contentUrl":"https:\/\/asteralabs.org\/wp-content\/uploads\/2022\/12\/astera-2.png","width":437,"height":111,"caption":"Astera Labs"},"image":{"@id":"https:\/\/asteralabs.org\/cs\/#\/schema\/logo\/image\/"}}]}},"_links":{"self":[{"href":"https:\/\/asteralabs.org\/cs\/wp-json\/wp\/v2\/pages\/77120"}],"collection":[{"href":"https:\/\/asteralabs.org\/cs\/wp-json\/wp\/v2\/pages"}],"about":[{"href":"https:\/\/asteralabs.org\/cs\/wp-json\/wp\/v2\/types\/page"}],"author":[{"embeddable":true,"href":"https:\/\/asteralabs.org\/cs\/wp-json\/wp\/v2\/users\/1"}],"replies":[{"embeddable":true,"href":"https:\/\/asteralabs.org\/cs\/wp-json\/wp\/v2\/comments?post=77120"}],"version-history":[{"count":1,"href":"https:\/\/asteralabs.org\/cs\/wp-json\/wp\/v2\/pages\/77120\/revisions"}],"predecessor-version":[{"id":77121,"href":"https:\/\/asteralabs.org\/cs\/wp-json\/wp\/v2\/pages\/77120\/revisions\/77121"}],"wp:attachment":[{"href":"https:\/\/asteralabs.org\/cs\/wp-json\/wp\/v2\/media?parent=77120"}],"curies":[{"name":"wp","href":"https:\/\/api.w.org\/{rel}","templated":true}]}}