{"id":77238,"date":"2022-02-20T16:03:05","date_gmt":"2022-02-20T16:03:05","guid":{"rendered":"https:\/\/asteralabs.org\/zpravy\/"},"modified":"2025-01-29T16:30:00","modified_gmt":"2025-01-29T16:30:00","slug":"zpravy","status":"publish","type":"page","link":"https:\/\/asteralabs.org\/cs\/zpravy\/","title":{"rendered":"Zpr\u00e1vy"},"content":{"rendered":"\t\t<div data-elementor-type=\"wp-page\" data-elementor-id=\"77238\" class=\"elementor elementor-77238 elementor-6084\" data-elementor-post-type=\"page\">\n\t\t\t\t\t\t\t\t\t<section class=\"elementor-section elementor-top-section elementor-element elementor-element-6b967940 elementor-section-boxed elementor-section-height-default elementor-section-height-default\" data-id=\"6b967940\" data-element_type=\"section\">\n\t\t\t\t\t\t<div class=\"elementor-container elementor-column-gap-wider\">\n\t\t\t\t\t<div class=\"elementor-column elementor-col-100 elementor-top-column elementor-element elementor-element-5e4af987\" data-id=\"5e4af987\" data-element_type=\"column\">\n\t\t\t<div class=\"elementor-widget-wrap elementor-element-populated\">\n\t\t\t\t\t\t\t\t\t<\/div>\n\t\t<\/div>\n\t\t\t\t\t\t\t<\/div>\n\t\t<\/section>\n\t\t\t\t\t\t\t<\/div>\n\t\t","protected":false},"excerpt":{"rendered":"<p>Nam varius urna at nibh iaculis nenatis Industry newsFebruary 20, 2022 Proin facilisis tellus eu egestas convallis. Mauris mattis facilisis risus ornare venenatis. Cras urna nulla, facilisis in lectus in, condimentum blandit tortor. Vestibulum ante ipsum primis in faucibus orci luctus&hellip; P\u0159e\u010dt\u011bte si \u010dl\u00e1nek Vestibulum ante ipsum primis in faucibus orci luctus et ultrices UncategorisedFebruary&hellip;<\/p>\n","protected":false},"author":1,"featured_media":0,"parent":0,"menu_order":5,"comment_status":"closed","ping_status":"closed","template":"","meta":{"footnotes":""},"yoast_head":"<!-- This site is optimized with the Yoast SEO plugin v23.0 - https:\/\/yoast.com\/wordpress\/plugins\/seo\/ -->\n<title>Zpr\u00e1vy - Astera Labs<\/title>\n<meta name=\"robots\" content=\"index, follow, max-snippet:-1, max-image-preview:large, max-video-preview:-1\" \/>\n<link rel=\"canonical\" href=\"https:\/\/asteralabs.org\/cs\/zpravy\/\" \/>\n<meta property=\"og:locale\" content=\"cs_CZ\" \/>\n<meta property=\"og:type\" content=\"article\" \/>\n<meta property=\"og:title\" content=\"Zpr\u00e1vy - Astera Labs\" \/>\n<meta property=\"og:description\" content=\"Nam varius urna at nibh iaculis nenatis Industry newsFebruary 20, 2022 Proin facilisis tellus eu egestas convallis. Mauris mattis facilisis risus ornare venenatis. Cras urna nulla, facilisis in lectus in, condimentum blandit tortor. Vestibulum ante ipsum primis in faucibus orci luctus&hellip; P\u0159e\u010dt\u011bte si \u010dl\u00e1nek Vestibulum ante ipsum primis in faucibus orci luctus et ultrices UncategorisedFebruary&hellip;\" \/>\n<meta property=\"og:url\" content=\"https:\/\/asteralabs.org\/cs\/zpravy\/\" \/>\n<meta property=\"og:site_name\" content=\"Astera Labs\" \/>\n<meta property=\"article:modified_time\" content=\"2025-01-29T16:30:00+00:00\" \/>\n<meta name=\"twitter:card\" content=\"summary_large_image\" \/>\n<script type=\"application\/ld+json\" class=\"yoast-schema-graph\">{\"@context\":\"https:\/\/schema.org\",\"@graph\":[{\"@type\":\"WebPage\",\"@id\":\"https:\/\/asteralabs.org\/cs\/zpravy\/\",\"url\":\"https:\/\/asteralabs.org\/cs\/zpravy\/\",\"name\":\"Zpr\u00e1vy - Astera Labs\",\"isPartOf\":{\"@id\":\"https:\/\/asteralabs.org\/cs\/#website\"},\"datePublished\":\"2022-02-20T16:03:05+00:00\",\"dateModified\":\"2025-01-29T16:30:00+00:00\",\"breadcrumb\":{\"@id\":\"https:\/\/asteralabs.org\/cs\/zpravy\/#breadcrumb\"},\"inLanguage\":\"cs\",\"potentialAction\":[{\"@type\":\"ReadAction\",\"target\":[\"https:\/\/asteralabs.org\/cs\/zpravy\/\"]}]},{\"@type\":\"BreadcrumbList\",\"@id\":\"https:\/\/asteralabs.org\/cs\/zpravy\/#breadcrumb\",\"itemListElement\":[{\"@type\":\"ListItem\",\"position\":1,\"name\":\"Home\",\"item\":\"https:\/\/asteralabs.org\/cs\/\"},{\"@type\":\"ListItem\",\"position\":2,\"name\":\"Zpr\u00e1vy\"}]},{\"@type\":\"WebSite\",\"@id\":\"https:\/\/asteralabs.org\/cs\/#website\",\"url\":\"https:\/\/asteralabs.org\/cs\/\",\"name\":\"Astera Labs\",\"description\":\"Improve Your Quality Of Life\",\"publisher\":{\"@id\":\"https:\/\/asteralabs.org\/cs\/#organization\"},\"potentialAction\":[{\"@type\":\"SearchAction\",\"target\":{\"@type\":\"EntryPoint\",\"urlTemplate\":\"https:\/\/asteralabs.org\/cs\/?s={search_term_string}\"},\"query-input\":\"required name=search_term_string\"}],\"inLanguage\":\"cs\"},{\"@type\":\"Organization\",\"@id\":\"https:\/\/asteralabs.org\/cs\/#organization\",\"name\":\"Astera Labs\",\"url\":\"https:\/\/asteralabs.org\/cs\/\",\"logo\":{\"@type\":\"ImageObject\",\"inLanguage\":\"cs\",\"@id\":\"https:\/\/asteralabs.org\/cs\/#\/schema\/logo\/image\/\",\"url\":\"https:\/\/asteralabs.org\/wp-content\/uploads\/2022\/12\/astera-2.png\",\"contentUrl\":\"https:\/\/asteralabs.org\/wp-content\/uploads\/2022\/12\/astera-2.png\",\"width\":437,\"height\":111,\"caption\":\"Astera Labs\"},\"image\":{\"@id\":\"https:\/\/asteralabs.org\/cs\/#\/schema\/logo\/image\/\"}}]}<\/script>\n<!-- \/ Yoast SEO plugin. -->","yoast_head_json":{"title":"Zpr\u00e1vy - Astera Labs","robots":{"index":"index","follow":"follow","max-snippet":"max-snippet:-1","max-image-preview":"max-image-preview:large","max-video-preview":"max-video-preview:-1"},"canonical":"https:\/\/asteralabs.org\/cs\/zpravy\/","og_locale":"cs_CZ","og_type":"article","og_title":"Zpr\u00e1vy - Astera Labs","og_description":"Nam varius urna at nibh iaculis nenatis Industry newsFebruary 20, 2022 Proin facilisis tellus eu egestas convallis. Mauris mattis facilisis risus ornare venenatis. Cras urna nulla, facilisis in lectus in, condimentum blandit tortor. Vestibulum ante ipsum primis in faucibus orci luctus&hellip; P\u0159e\u010dt\u011bte si \u010dl\u00e1nek Vestibulum ante ipsum primis in faucibus orci luctus et ultrices UncategorisedFebruary&hellip;","og_url":"https:\/\/asteralabs.org\/cs\/zpravy\/","og_site_name":"Astera Labs","article_modified_time":"2025-01-29T16:30:00+00:00","twitter_card":"summary_large_image","schema":{"@context":"https:\/\/schema.org","@graph":[{"@type":"WebPage","@id":"https:\/\/asteralabs.org\/cs\/zpravy\/","url":"https:\/\/asteralabs.org\/cs\/zpravy\/","name":"Zpr\u00e1vy - Astera Labs","isPartOf":{"@id":"https:\/\/asteralabs.org\/cs\/#website"},"datePublished":"2022-02-20T16:03:05+00:00","dateModified":"2025-01-29T16:30:00+00:00","breadcrumb":{"@id":"https:\/\/asteralabs.org\/cs\/zpravy\/#breadcrumb"},"inLanguage":"cs","potentialAction":[{"@type":"ReadAction","target":["https:\/\/asteralabs.org\/cs\/zpravy\/"]}]},{"@type":"BreadcrumbList","@id":"https:\/\/asteralabs.org\/cs\/zpravy\/#breadcrumb","itemListElement":[{"@type":"ListItem","position":1,"name":"Home","item":"https:\/\/asteralabs.org\/cs\/"},{"@type":"ListItem","position":2,"name":"Zpr\u00e1vy"}]},{"@type":"WebSite","@id":"https:\/\/asteralabs.org\/cs\/#website","url":"https:\/\/asteralabs.org\/cs\/","name":"Astera Labs","description":"Improve Your Quality Of Life","publisher":{"@id":"https:\/\/asteralabs.org\/cs\/#organization"},"potentialAction":[{"@type":"SearchAction","target":{"@type":"EntryPoint","urlTemplate":"https:\/\/asteralabs.org\/cs\/?s={search_term_string}"},"query-input":"required name=search_term_string"}],"inLanguage":"cs"},{"@type":"Organization","@id":"https:\/\/asteralabs.org\/cs\/#organization","name":"Astera Labs","url":"https:\/\/asteralabs.org\/cs\/","logo":{"@type":"ImageObject","inLanguage":"cs","@id":"https:\/\/asteralabs.org\/cs\/#\/schema\/logo\/image\/","url":"https:\/\/asteralabs.org\/wp-content\/uploads\/2022\/12\/astera-2.png","contentUrl":"https:\/\/asteralabs.org\/wp-content\/uploads\/2022\/12\/astera-2.png","width":437,"height":111,"caption":"Astera Labs"},"image":{"@id":"https:\/\/asteralabs.org\/cs\/#\/schema\/logo\/image\/"}}]}},"_links":{"self":[{"href":"https:\/\/asteralabs.org\/cs\/wp-json\/wp\/v2\/pages\/77238"}],"collection":[{"href":"https:\/\/asteralabs.org\/cs\/wp-json\/wp\/v2\/pages"}],"about":[{"href":"https:\/\/asteralabs.org\/cs\/wp-json\/wp\/v2\/types\/page"}],"author":[{"embeddable":true,"href":"https:\/\/asteralabs.org\/cs\/wp-json\/wp\/v2\/users\/1"}],"replies":[{"embeddable":true,"href":"https:\/\/asteralabs.org\/cs\/wp-json\/wp\/v2\/comments?post=77238"}],"version-history":[{"count":1,"href":"https:\/\/asteralabs.org\/cs\/wp-json\/wp\/v2\/pages\/77238\/revisions"}],"predecessor-version":[{"id":77240,"href":"https:\/\/asteralabs.org\/cs\/wp-json\/wp\/v2\/pages\/77238\/revisions\/77240"}],"wp:attachment":[{"href":"https:\/\/asteralabs.org\/cs\/wp-json\/wp\/v2\/media?parent=77238"}],"curies":[{"name":"wp","href":"https:\/\/api.w.org\/{rel}","templated":true}]}}