{"id":77284,"date":"2022-10-28T12:48:01","date_gmt":"2022-10-28T12:48:01","guid":{"rendered":"https:\/\/asteralabs.org\/darovani-se-nezdarilo\/"},"modified":"2022-10-28T12:48:01","modified_gmt":"2022-10-28T12:48:01","slug":"darovani-se-nezdarilo","status":"publish","type":"page","link":"https:\/\/asteralabs.org\/cs\/darovani-se-nezdarilo\/","title":{"rendered":"Darov\u00e1n\u00ed se nezda\u0159ilo"},"content":{"rendered":"<p>Je n\u00e1m l\u00edto, ale v\u00e1\u0161 dar se nepoda\u0159ilo zpracovat. Zkuste to pros\u00edm znovu nebo kontaktujte podporu webu. <\/p>\n","protected":false},"excerpt":{"rendered":"<p>Je n\u00e1m l\u00edto, ale v\u00e1\u0161 dar se nepoda\u0159ilo zpracovat. Zkuste to pros\u00edm znovu nebo kontaktujte podporu webu.<\/p>\n","protected":false},"author":1,"featured_media":0,"parent":0,"menu_order":0,"comment_status":"closed","ping_status":"closed","template":"","meta":{"footnotes":""},"yoast_head":"<!-- This site is optimized with the Yoast SEO plugin v23.0 - https:\/\/yoast.com\/wordpress\/plugins\/seo\/ -->\n<title>Darov\u00e1n\u00ed se nezda\u0159ilo - Astera Labs<\/title>\n<meta name=\"robots\" content=\"index, follow, max-snippet:-1, max-image-preview:large, max-video-preview:-1\" \/>\n<link rel=\"canonical\" href=\"https:\/\/asteralabs.org\/cs\/darovani-se-nezdarilo\/\" \/>\n<meta property=\"og:locale\" content=\"cs_CZ\" \/>\n<meta property=\"og:type\" content=\"article\" \/>\n<meta property=\"og:title\" content=\"Darov\u00e1n\u00ed se nezda\u0159ilo - Astera Labs\" \/>\n<meta property=\"og:description\" content=\"Je n\u00e1m l\u00edto, ale v\u00e1\u0161 dar se nepoda\u0159ilo zpracovat. Zkuste to pros\u00edm znovu nebo kontaktujte podporu webu.\" \/>\n<meta property=\"og:url\" content=\"https:\/\/asteralabs.org\/cs\/darovani-se-nezdarilo\/\" \/>\n<meta property=\"og:site_name\" content=\"Astera Labs\" \/>\n<meta name=\"twitter:card\" content=\"summary_large_image\" \/>\n<script type=\"application\/ld+json\" class=\"yoast-schema-graph\">{\"@context\":\"https:\/\/schema.org\",\"@graph\":[{\"@type\":\"WebPage\",\"@id\":\"https:\/\/asteralabs.org\/cs\/darovani-se-nezdarilo\/\",\"url\":\"https:\/\/asteralabs.org\/cs\/darovani-se-nezdarilo\/\",\"name\":\"Darov\u00e1n\u00ed se nezda\u0159ilo - Astera Labs\",\"isPartOf\":{\"@id\":\"https:\/\/asteralabs.org\/cs\/#website\"},\"datePublished\":\"2022-10-28T12:48:01+00:00\",\"dateModified\":\"2022-10-28T12:48:01+00:00\",\"breadcrumb\":{\"@id\":\"https:\/\/asteralabs.org\/cs\/darovani-se-nezdarilo\/#breadcrumb\"},\"inLanguage\":\"cs\",\"potentialAction\":[{\"@type\":\"ReadAction\",\"target\":[\"https:\/\/asteralabs.org\/cs\/darovani-se-nezdarilo\/\"]}]},{\"@type\":\"BreadcrumbList\",\"@id\":\"https:\/\/asteralabs.org\/cs\/darovani-se-nezdarilo\/#breadcrumb\",\"itemListElement\":[{\"@type\":\"ListItem\",\"position\":1,\"name\":\"Home\",\"item\":\"https:\/\/asteralabs.org\/cs\/\"},{\"@type\":\"ListItem\",\"position\":2,\"name\":\"Darov\u00e1n\u00ed se nezda\u0159ilo\"}]},{\"@type\":\"WebSite\",\"@id\":\"https:\/\/asteralabs.org\/cs\/#website\",\"url\":\"https:\/\/asteralabs.org\/cs\/\",\"name\":\"Astera Labs\",\"description\":\"Improve Your Quality Of Life\",\"publisher\":{\"@id\":\"https:\/\/asteralabs.org\/cs\/#organization\"},\"potentialAction\":[{\"@type\":\"SearchAction\",\"target\":{\"@type\":\"EntryPoint\",\"urlTemplate\":\"https:\/\/asteralabs.org\/cs\/?s={search_term_string}\"},\"query-input\":\"required name=search_term_string\"}],\"inLanguage\":\"cs\"},{\"@type\":\"Organization\",\"@id\":\"https:\/\/asteralabs.org\/cs\/#organization\",\"name\":\"Astera Labs\",\"url\":\"https:\/\/asteralabs.org\/cs\/\",\"logo\":{\"@type\":\"ImageObject\",\"inLanguage\":\"cs\",\"@id\":\"https:\/\/asteralabs.org\/cs\/#\/schema\/logo\/image\/\",\"url\":\"https:\/\/asteralabs.org\/wp-content\/uploads\/2022\/12\/astera-2.png\",\"contentUrl\":\"https:\/\/asteralabs.org\/wp-content\/uploads\/2022\/12\/astera-2.png\",\"width\":437,\"height\":111,\"caption\":\"Astera Labs\"},\"image\":{\"@id\":\"https:\/\/asteralabs.org\/cs\/#\/schema\/logo\/image\/\"}}]}<\/script>\n<!-- \/ Yoast SEO plugin. -->","yoast_head_json":{"title":"Darov\u00e1n\u00ed se nezda\u0159ilo - Astera Labs","robots":{"index":"index","follow":"follow","max-snippet":"max-snippet:-1","max-image-preview":"max-image-preview:large","max-video-preview":"max-video-preview:-1"},"canonical":"https:\/\/asteralabs.org\/cs\/darovani-se-nezdarilo\/","og_locale":"cs_CZ","og_type":"article","og_title":"Darov\u00e1n\u00ed se nezda\u0159ilo - Astera Labs","og_description":"Je n\u00e1m l\u00edto, ale v\u00e1\u0161 dar se nepoda\u0159ilo zpracovat. Zkuste to pros\u00edm znovu nebo kontaktujte podporu webu.","og_url":"https:\/\/asteralabs.org\/cs\/darovani-se-nezdarilo\/","og_site_name":"Astera Labs","twitter_card":"summary_large_image","schema":{"@context":"https:\/\/schema.org","@graph":[{"@type":"WebPage","@id":"https:\/\/asteralabs.org\/cs\/darovani-se-nezdarilo\/","url":"https:\/\/asteralabs.org\/cs\/darovani-se-nezdarilo\/","name":"Darov\u00e1n\u00ed se nezda\u0159ilo - Astera Labs","isPartOf":{"@id":"https:\/\/asteralabs.org\/cs\/#website"},"datePublished":"2022-10-28T12:48:01+00:00","dateModified":"2022-10-28T12:48:01+00:00","breadcrumb":{"@id":"https:\/\/asteralabs.org\/cs\/darovani-se-nezdarilo\/#breadcrumb"},"inLanguage":"cs","potentialAction":[{"@type":"ReadAction","target":["https:\/\/asteralabs.org\/cs\/darovani-se-nezdarilo\/"]}]},{"@type":"BreadcrumbList","@id":"https:\/\/asteralabs.org\/cs\/darovani-se-nezdarilo\/#breadcrumb","itemListElement":[{"@type":"ListItem","position":1,"name":"Home","item":"https:\/\/asteralabs.org\/cs\/"},{"@type":"ListItem","position":2,"name":"Darov\u00e1n\u00ed se nezda\u0159ilo"}]},{"@type":"WebSite","@id":"https:\/\/asteralabs.org\/cs\/#website","url":"https:\/\/asteralabs.org\/cs\/","name":"Astera Labs","description":"Improve Your Quality Of Life","publisher":{"@id":"https:\/\/asteralabs.org\/cs\/#organization"},"potentialAction":[{"@type":"SearchAction","target":{"@type":"EntryPoint","urlTemplate":"https:\/\/asteralabs.org\/cs\/?s={search_term_string}"},"query-input":"required name=search_term_string"}],"inLanguage":"cs"},{"@type":"Organization","@id":"https:\/\/asteralabs.org\/cs\/#organization","name":"Astera Labs","url":"https:\/\/asteralabs.org\/cs\/","logo":{"@type":"ImageObject","inLanguage":"cs","@id":"https:\/\/asteralabs.org\/cs\/#\/schema\/logo\/image\/","url":"https:\/\/asteralabs.org\/wp-content\/uploads\/2022\/12\/astera-2.png","contentUrl":"https:\/\/asteralabs.org\/wp-content\/uploads\/2022\/12\/astera-2.png","width":437,"height":111,"caption":"Astera Labs"},"image":{"@id":"https:\/\/asteralabs.org\/cs\/#\/schema\/logo\/image\/"}}]}},"_links":{"self":[{"href":"https:\/\/asteralabs.org\/cs\/wp-json\/wp\/v2\/pages\/77284"}],"collection":[{"href":"https:\/\/asteralabs.org\/cs\/wp-json\/wp\/v2\/pages"}],"about":[{"href":"https:\/\/asteralabs.org\/cs\/wp-json\/wp\/v2\/types\/page"}],"author":[{"embeddable":true,"href":"https:\/\/asteralabs.org\/cs\/wp-json\/wp\/v2\/users\/1"}],"replies":[{"embeddable":true,"href":"https:\/\/asteralabs.org\/cs\/wp-json\/wp\/v2\/comments?post=77284"}],"version-history":[{"count":0,"href":"https:\/\/asteralabs.org\/cs\/wp-json\/wp\/v2\/pages\/77284\/revisions"}],"wp:attachment":[{"href":"https:\/\/asteralabs.org\/cs\/wp-json\/wp\/v2\/media?parent=77284"}],"curies":[{"name":"wp","href":"https:\/\/api.w.org\/{rel}","templated":true}]}}