{"id":78832,"date":"2025-04-23T14:02:09","date_gmt":"2025-04-23T14:02:09","guid":{"rendered":"https:\/\/asteralabs.org\/o-nas\/"},"modified":"2025-04-23T14:08:41","modified_gmt":"2025-04-23T14:08:41","slug":"o-nas","status":"publish","type":"page","link":"https:\/\/asteralabs.org\/cs\/o-nas\/","title":{"rendered":"O n\u00e1s"},"content":{"rendered":"\t\t<div data-elementor-type=\"wp-page\" data-elementor-id=\"78832\" class=\"elementor elementor-78832 elementor-78823\" data-elementor-post-type=\"page\">\n\t\t\t\t\t\t\t\t\t<section class=\"elementor-section elementor-top-section elementor-element elementor-element-7791503 elementor-section-boxed elementor-section-height-default elementor-section-height-default\" data-id=\"7791503\" data-element_type=\"section\">\n\t\t\t\t\t\t<div class=\"elementor-container elementor-column-gap-default\">\n\t\t\t\t\t<div class=\"elementor-column elementor-col-100 elementor-top-column elementor-element elementor-element-54eb57c\" data-id=\"54eb57c\" data-element_type=\"column\">\n\t\t\t<div class=\"elementor-widget-wrap elementor-element-populated\">\n\t\t\t\t\t\t\t\t<div class=\"elementor-element elementor-element-6154748 elementor-widget elementor-widget-heading\" data-id=\"6154748\" data-element_type=\"widget\" data-widget_type=\"heading.default\">\n\t\t\t\t<div class=\"elementor-widget-container\">\n\t\t\t<h1 class=\"elementor-heading-title elementor-size-default\">O n\u00e1s<\/h1>\t\t<\/div>\n\t\t\t\t<\/div>\n\t\t\t\t\t<\/div>\n\t\t<\/div>\n\t\t\t\t\t\t\t<\/div>\n\t\t<\/section>\n\t\t\t\t<section class=\"elementor-section elementor-top-section elementor-element elementor-element-778deb4 elementor-section-boxed elementor-section-height-default elementor-section-height-default\" data-id=\"778deb4\" data-element_type=\"section\">\n\t\t\t\t\t\t<div class=\"elementor-container elementor-column-gap-default\">\n\t\t\t\t\t<div class=\"elementor-column elementor-col-50 elementor-top-column elementor-element elementor-element-8880455\" data-id=\"8880455\" data-element_type=\"column\">\n\t\t\t<div class=\"elementor-widget-wrap elementor-element-populated\">\n\t\t\t\t\t\t\t\t<div class=\"elementor-element elementor-element-de86df2 elementor-widget__width-initial elementor-widget elementor-widget-heading\" data-id=\"de86df2\" data-element_type=\"widget\" data-widget_type=\"heading.default\">\n\t\t\t\t<div class=\"elementor-widget-container\">\n\t\t\t<h2 class=\"elementor-heading-title elementor-size-default\">Jedna z p\u0159edn\u00edch indick\u00fdch farmaceutick\u00fdch spole\u010dnost\u00ed, kter\u00e1 poskytuje laboratorn\u011b testovan\u00e9 l\u00e9ky nejvy\u0161\u0161\u00ed kvality.<\/h2>\t\t<\/div>\n\t\t\t\t<\/div>\n\t\t\t\t<div class=\"elementor-element elementor-element-3ee5eca elementor-widget elementor-widget-spacer\" data-id=\"3ee5eca\" data-element_type=\"widget\" data-widget_type=\"spacer.default\">\n\t\t\t\t<div class=\"elementor-widget-container\">\n\t\t\t\t\t<div class=\"elementor-spacer\">\n\t\t\t<div class=\"elementor-spacer-inner\"><\/div>\n\t\t<\/div>\n\t\t\t\t<\/div>\n\t\t\t\t<\/div>\n\t\t\t\t<div class=\"elementor-element elementor-element-d919d64 elementor-widget elementor-widget-text-editor\" data-id=\"d919d64\" data-element_type=\"widget\" data-widget_type=\"text-editor.default\">\n\t\t\t\t<div class=\"elementor-widget-container\">\n\t\t\t\t\t\t\t<p><span style=\"font-weight: 400;\">Spole\u010dnost Astera Labs je jednou z p\u0159edn\u00edch farmaceutick\u00fdch spole\u010dnost\u00ed v Indii. Na\u0161e v\u00fdrobky p\u0159edstavuj\u00ed dlouholet\u00e9 v\u011bdeck\u00e9 a praktick\u00e9 zku\u0161enosti, p\u0159irozen\u011b vyvinut\u00e9 podle nejvy\u0161\u0161\u00edch farmaceutick\u00fdch standard\u016f, co\u017e dokazuj\u00ed \u010detn\u00e9 nez\u00e1visl\u00e9 laboratorn\u00ed testy a vynikaj\u00edc\u00ed hodnocen\u00ed na\u0161ich z\u00e1kazn\u00edk\u016f. Spole\u010dnost Astera Labs spl\u0148uje pot\u0159eby v\u011bt\u0161iny uv\u011bdom\u011bl\u00fdch a vyb\u00edrav\u00fdch z\u00e1kazn\u00edk\u016f.    <\/span><span style=\"font-weight: 400;\"><\/p>\n<p>Kl\u00ed\u010dovou hodnotou spole\u010dnosti Astera Labs je \u0161pi\u010dkov\u00fd standard kvality, kter\u00fd je zalo\u017een na profesionalit\u011b, preciznosti d\u00edky zku\u0161enostem na\u0161ich odborn\u00edk\u016f na zaji\u0161t\u011bn\u00ed kvality a odbornosti, kontrole a kone\u010dn\u00e9m dohledu nad cel\u00fdm procesem v\u00fdroby.<\/span><\/p>\n\t\t\t\t\t\t<\/div>\n\t\t\t\t<\/div>\n\t\t\t\t\t<\/div>\n\t\t<\/div>\n\t\t\t\t<div class=\"elementor-column elementor-col-50 elementor-top-column elementor-element elementor-element-78e1e79\" data-id=\"78e1e79\" data-element_type=\"column\">\n\t\t\t<div class=\"elementor-widget-wrap elementor-element-populated\">\n\t\t\t\t\t\t\t\t<div class=\"elementor-element elementor-element-3c6b585 elementor-position-left elementor-view-default elementor-mobile-position-top elementor-vertical-align-top elementor-widget elementor-widget-icon-box\" data-id=\"3c6b585\" data-element_type=\"widget\" data-widget_type=\"icon-box.default\">\n\t\t\t\t<div class=\"elementor-widget-container\">\n\t\t\t\t\t<div class=\"elementor-icon-box-wrapper\">\n\t\t\t\t\t\t<div class=\"elementor-icon-box-icon\">\n\t\t\t\t<span class=\"elementor-icon elementor-animation-\" >\n\t\t\t\t<i aria-hidden=\"true\" class=\"fas fa-money-check-alt\"><\/i>\t\t\t\t<\/span>\n\t\t\t<\/div>\n\t\t\t\t\t\t<div class=\"elementor-icon-box-content\">\n\t\t\t\t<h3 class=\"elementor-icon-box-title\">\n\t\t\t\t\t<span  >\n\t\t\t\t\t\tZabezpe\u010den\u00e9 platby\t\t\t\t\t<\/span>\n\t\t\t\t<\/h3>\n\t\t\t\t\t\t\t\t\t<p class=\"elementor-icon-box-description\">\n\t\t\t\t\t\tZabezpe\u010den\u00fd platebn\u00ed syst\u00e9m, kter\u00fd zajist\u00ed, \u017ee va\u0161e transakce budou bezpe\u010dn\u00e9, nevystopovateln\u00e9 a chr\u00e1n\u011bn\u00e9.\t\t\t\t\t<\/p>\n\t\t\t\t\t\t\t<\/div>\n\t\t<\/div>\n\t\t\t\t<\/div>\n\t\t\t\t<\/div>\n\t\t\t\t<div class=\"elementor-element elementor-element-0892a09 elementor-widget elementor-widget-spacer\" data-id=\"0892a09\" data-element_type=\"widget\" data-widget_type=\"spacer.default\">\n\t\t\t\t<div class=\"elementor-widget-container\">\n\t\t\t\t\t<div class=\"elementor-spacer\">\n\t\t\t<div class=\"elementor-spacer-inner\"><\/div>\n\t\t<\/div>\n\t\t\t\t<\/div>\n\t\t\t\t<\/div>\n\t\t\t\t<div class=\"elementor-element elementor-element-e86bf5b elementor-position-left elementor-view-default elementor-mobile-position-top elementor-vertical-align-top elementor-widget elementor-widget-icon-box\" data-id=\"e86bf5b\" data-element_type=\"widget\" data-widget_type=\"icon-box.default\">\n\t\t\t\t<div class=\"elementor-widget-container\">\n\t\t\t\t\t<div class=\"elementor-icon-box-wrapper\">\n\t\t\t\t\t\t<div class=\"elementor-icon-box-icon\">\n\t\t\t\t<span class=\"elementor-icon elementor-animation-\" >\n\t\t\t\t<i aria-hidden=\"true\" class=\"fab fa-rocketchat\"><\/i>\t\t\t\t<\/span>\n\t\t\t<\/div>\n\t\t\t\t\t\t<div class=\"elementor-icon-box-content\">\n\t\t\t\t<h3 class=\"elementor-icon-box-title\">\n\t\t\t\t\t<span  >\n\t\t\t\t\t\tSkv\u011bl\u00fd z\u00e1kaznick\u00fd servis\t\t\t\t\t<\/span>\n\t\t\t\t<\/h3>\n\t\t\t\t\t\t\t\t\t<p class=\"elementor-icon-box-description\">\n\t\t\t\t\t\tN\u00e1\u0161 zku\u0161en\u00fd a p\u0159\u00e1telsk\u00fd t\u00fdm z\u00e1kaznick\u00e9ho servisu je v\u00e1m k dispozici, aby v\u00e1m pomohl s jak\u00fdmikoli dotazy nebo obavami.\t\t\t\t\t<\/p>\n\t\t\t\t\t\t\t<\/div>\n\t\t<\/div>\n\t\t\t\t<\/div>\n\t\t\t\t<\/div>\n\t\t\t\t<div class=\"elementor-element elementor-element-f73a682 elementor-widget elementor-widget-spacer\" data-id=\"f73a682\" data-element_type=\"widget\" data-widget_type=\"spacer.default\">\n\t\t\t\t<div class=\"elementor-widget-container\">\n\t\t\t\t\t<div class=\"elementor-spacer\">\n\t\t\t<div class=\"elementor-spacer-inner\"><\/div>\n\t\t<\/div>\n\t\t\t\t<\/div>\n\t\t\t\t<\/div>\n\t\t\t\t<div class=\"elementor-element elementor-element-cbb545a elementor-position-left elementor-view-default elementor-mobile-position-top elementor-vertical-align-top elementor-widget elementor-widget-icon-box\" data-id=\"cbb545a\" data-element_type=\"widget\" data-widget_type=\"icon-box.default\">\n\t\t\t\t<div class=\"elementor-widget-container\">\n\t\t\t\t\t<div class=\"elementor-icon-box-wrapper\">\n\t\t\t\t\t\t<div class=\"elementor-icon-box-icon\">\n\t\t\t\t<span class=\"elementor-icon elementor-animation-\" >\n\t\t\t\t<i aria-hidden=\"true\" class=\"fas fa-truck-loading\"><\/i>\t\t\t\t<\/span>\n\t\t\t<\/div>\n\t\t\t\t\t\t<div class=\"elementor-icon-box-content\">\n\t\t\t\t<h3 class=\"elementor-icon-box-title\">\n\t\t\t\t\t<span  >\n\t\t\t\t\t\tRychl\u00e1 p\u0159eprava\t\t\t\t\t<\/span>\n\t\t\t\t<\/h3>\n\t\t\t\t\t\t\t\t\t<p class=\"elementor-icon-box-description\">\n\t\t\t\t\t\tD\u00edky na\u0161im mo\u017enostem rychl\u00e9 p\u0159epravy m\u016f\u017eete sv\u00e9 zbo\u017e\u00ed obdr\u017eet s rychl\u00fdm odesl\u00e1n\u00edm a u\u017e\u00edt si sv\u016fj n\u00e1kup d\u0159\u00edve.\t\t\t\t\t<\/p>\n\t\t\t\t\t\t\t<\/div>\n\t\t<\/div>\n\t\t\t\t<\/div>\n\t\t\t\t<\/div>\n\t\t\t\t<div class=\"elementor-element elementor-element-89c6fd6 elementor-widget elementor-widget-spacer\" data-id=\"89c6fd6\" data-element_type=\"widget\" data-widget_type=\"spacer.default\">\n\t\t\t\t<div class=\"elementor-widget-container\">\n\t\t\t\t\t<div class=\"elementor-spacer\">\n\t\t\t<div class=\"elementor-spacer-inner\"><\/div>\n\t\t<\/div>\n\t\t\t\t<\/div>\n\t\t\t\t<\/div>\n\t\t\t\t<div class=\"elementor-element elementor-element-fda7697 elementor-position-left elementor-view-default elementor-mobile-position-top elementor-vertical-align-top elementor-widget elementor-widget-icon-box\" data-id=\"fda7697\" data-element_type=\"widget\" data-widget_type=\"icon-box.default\">\n\t\t\t\t<div class=\"elementor-widget-container\">\n\t\t\t\t\t<div class=\"elementor-icon-box-wrapper\">\n\t\t\t\t\t\t<div class=\"elementor-icon-box-icon\">\n\t\t\t\t<span class=\"elementor-icon elementor-animation-\" >\n\t\t\t\t<i aria-hidden=\"true\" class=\"fas fa-user-secret\"><\/i>\t\t\t\t<\/span>\n\t\t\t<\/div>\n\t\t\t\t\t\t<div class=\"elementor-icon-box-content\">\n\t\t\t\t<h3 class=\"elementor-icon-box-title\">\n\t\t\t\t\t<span  >\n\t\t\t\t\t\t\u00dapln\u00e1 anonymita\t\t\t\t\t<\/span>\n\t\t\t\t<\/h3>\n\t\t\t\t\t\t\t\t\t<p class=\"elementor-icon-box-description\">\n\t\t\t\t\t\tVa\u0161e soukrom\u00ed je pro n\u00e1s d\u016fle\u017eit\u00e9, a proto v\u00e1m p\u0159i nakupov\u00e1n\u00ed u n\u00e1s nab\u00edz\u00edme naprostou anonymitu.\t\t\t\t\t<\/p>\n\t\t\t\t\t\t\t<\/div>\n\t\t<\/div>\n\t\t\t\t<\/div>\n\t\t\t\t<\/div>\n\t\t\t\t\t<\/div>\n\t\t<\/div>\n\t\t\t\t\t\t\t<\/div>\n\t\t<\/section>\n\t\t\t\t\t\t\t<\/div>\n\t\t","protected":false},"excerpt":{"rendered":"<p>O n\u00e1s Jedna z p\u0159edn\u00edch indick\u00fdch farmaceutick\u00fdch spole\u010dnost\u00ed, kter\u00e1 poskytuje laboratorn\u011b testovan\u00e9 l\u00e9ky nejvy\u0161\u0161\u00ed kvality. Spole\u010dnost Astera Labs je jednou z p\u0159edn\u00edch farmaceutick\u00fdch spole\u010dnost\u00ed v Indii. Na\u0161e v\u00fdrobky p\u0159edstavuj\u00ed dlouholet\u00e9 v\u011bdeck\u00e9 a praktick\u00e9 zku\u0161enosti, p\u0159irozen\u011b vyvinut\u00e9 podle nejvy\u0161\u0161\u00edch farmaceutick\u00fdch standard\u016f, co\u017e dokazuj\u00ed \u010detn\u00e9 nez\u00e1visl\u00e9 laboratorn\u00ed testy a vynikaj\u00edc\u00ed hodnocen\u00ed na\u0161ich z\u00e1kazn\u00edk\u016f. Spole\u010dnost Astera Labs spl\u0148uje&hellip;<\/p>\n","protected":false},"author":1,"featured_media":0,"parent":0,"menu_order":0,"comment_status":"closed","ping_status":"closed","template":"","meta":{"footnotes":""},"yoast_head":"<!-- This site is optimized with the Yoast SEO plugin v23.0 - https:\/\/yoast.com\/wordpress\/plugins\/seo\/ -->\n<title>O n\u00e1s - Astera Labs<\/title>\n<meta name=\"robots\" content=\"index, follow, max-snippet:-1, max-image-preview:large, max-video-preview:-1\" \/>\n<link rel=\"canonical\" href=\"https:\/\/asteralabs.org\/cs\/o-nas\/\" \/>\n<meta property=\"og:locale\" content=\"cs_CZ\" \/>\n<meta property=\"og:type\" content=\"article\" \/>\n<meta property=\"og:title\" content=\"O n\u00e1s - Astera Labs\" \/>\n<meta property=\"og:description\" content=\"O n\u00e1s Jedna z p\u0159edn\u00edch indick\u00fdch farmaceutick\u00fdch spole\u010dnost\u00ed, kter\u00e1 poskytuje laboratorn\u011b testovan\u00e9 l\u00e9ky nejvy\u0161\u0161\u00ed kvality. Spole\u010dnost Astera Labs je jednou z p\u0159edn\u00edch farmaceutick\u00fdch spole\u010dnost\u00ed v Indii. Na\u0161e v\u00fdrobky p\u0159edstavuj\u00ed dlouholet\u00e9 v\u011bdeck\u00e9 a praktick\u00e9 zku\u0161enosti, p\u0159irozen\u011b vyvinut\u00e9 podle nejvy\u0161\u0161\u00edch farmaceutick\u00fdch standard\u016f, co\u017e dokazuj\u00ed \u010detn\u00e9 nez\u00e1visl\u00e9 laboratorn\u00ed testy a vynikaj\u00edc\u00ed hodnocen\u00ed na\u0161ich z\u00e1kazn\u00edk\u016f. Spole\u010dnost Astera Labs spl\u0148uje&hellip;\" \/>\n<meta property=\"og:url\" content=\"https:\/\/asteralabs.org\/cs\/o-nas\/\" \/>\n<meta property=\"og:site_name\" content=\"Astera Labs\" \/>\n<meta property=\"article:modified_time\" content=\"2025-04-23T14:08:41+00:00\" \/>\n<meta name=\"twitter:card\" content=\"summary_large_image\" \/>\n<script type=\"application\/ld+json\" class=\"yoast-schema-graph\">{\"@context\":\"https:\/\/schema.org\",\"@graph\":[{\"@type\":\"WebPage\",\"@id\":\"https:\/\/asteralabs.org\/cs\/o-nas\/\",\"url\":\"https:\/\/asteralabs.org\/cs\/o-nas\/\",\"name\":\"O n\u00e1s - Astera Labs\",\"isPartOf\":{\"@id\":\"https:\/\/asteralabs.org\/cs\/#website\"},\"datePublished\":\"2025-04-23T14:02:09+00:00\",\"dateModified\":\"2025-04-23T14:08:41+00:00\",\"breadcrumb\":{\"@id\":\"https:\/\/asteralabs.org\/cs\/o-nas\/#breadcrumb\"},\"inLanguage\":\"cs\",\"potentialAction\":[{\"@type\":\"ReadAction\",\"target\":[\"https:\/\/asteralabs.org\/cs\/o-nas\/\"]}]},{\"@type\":\"BreadcrumbList\",\"@id\":\"https:\/\/asteralabs.org\/cs\/o-nas\/#breadcrumb\",\"itemListElement\":[{\"@type\":\"ListItem\",\"position\":1,\"name\":\"Home\",\"item\":\"https:\/\/asteralabs.org\/cs\/\"},{\"@type\":\"ListItem\",\"position\":2,\"name\":\"O n\u00e1s\"}]},{\"@type\":\"WebSite\",\"@id\":\"https:\/\/asteralabs.org\/cs\/#website\",\"url\":\"https:\/\/asteralabs.org\/cs\/\",\"name\":\"Astera Labs\",\"description\":\"Improve Your Quality Of Life\",\"publisher\":{\"@id\":\"https:\/\/asteralabs.org\/cs\/#organization\"},\"potentialAction\":[{\"@type\":\"SearchAction\",\"target\":{\"@type\":\"EntryPoint\",\"urlTemplate\":\"https:\/\/asteralabs.org\/cs\/?s={search_term_string}\"},\"query-input\":\"required name=search_term_string\"}],\"inLanguage\":\"cs\"},{\"@type\":\"Organization\",\"@id\":\"https:\/\/asteralabs.org\/cs\/#organization\",\"name\":\"Astera Labs\",\"url\":\"https:\/\/asteralabs.org\/cs\/\",\"logo\":{\"@type\":\"ImageObject\",\"inLanguage\":\"cs\",\"@id\":\"https:\/\/asteralabs.org\/cs\/#\/schema\/logo\/image\/\",\"url\":\"https:\/\/asteralabs.org\/wp-content\/uploads\/2022\/12\/astera-2.png\",\"contentUrl\":\"https:\/\/asteralabs.org\/wp-content\/uploads\/2022\/12\/astera-2.png\",\"width\":437,\"height\":111,\"caption\":\"Astera Labs\"},\"image\":{\"@id\":\"https:\/\/asteralabs.org\/cs\/#\/schema\/logo\/image\/\"}}]}<\/script>\n<!-- \/ Yoast SEO plugin. -->","yoast_head_json":{"title":"O n\u00e1s - Astera Labs","robots":{"index":"index","follow":"follow","max-snippet":"max-snippet:-1","max-image-preview":"max-image-preview:large","max-video-preview":"max-video-preview:-1"},"canonical":"https:\/\/asteralabs.org\/cs\/o-nas\/","og_locale":"cs_CZ","og_type":"article","og_title":"O n\u00e1s - Astera Labs","og_description":"O n\u00e1s Jedna z p\u0159edn\u00edch indick\u00fdch farmaceutick\u00fdch spole\u010dnost\u00ed, kter\u00e1 poskytuje laboratorn\u011b testovan\u00e9 l\u00e9ky nejvy\u0161\u0161\u00ed kvality. Spole\u010dnost Astera Labs je jednou z p\u0159edn\u00edch farmaceutick\u00fdch spole\u010dnost\u00ed v Indii. Na\u0161e v\u00fdrobky p\u0159edstavuj\u00ed dlouholet\u00e9 v\u011bdeck\u00e9 a praktick\u00e9 zku\u0161enosti, p\u0159irozen\u011b vyvinut\u00e9 podle nejvy\u0161\u0161\u00edch farmaceutick\u00fdch standard\u016f, co\u017e dokazuj\u00ed \u010detn\u00e9 nez\u00e1visl\u00e9 laboratorn\u00ed testy a vynikaj\u00edc\u00ed hodnocen\u00ed na\u0161ich z\u00e1kazn\u00edk\u016f. Spole\u010dnost Astera Labs spl\u0148uje&hellip;","og_url":"https:\/\/asteralabs.org\/cs\/o-nas\/","og_site_name":"Astera Labs","article_modified_time":"2025-04-23T14:08:41+00:00","twitter_card":"summary_large_image","schema":{"@context":"https:\/\/schema.org","@graph":[{"@type":"WebPage","@id":"https:\/\/asteralabs.org\/cs\/o-nas\/","url":"https:\/\/asteralabs.org\/cs\/o-nas\/","name":"O n\u00e1s - Astera Labs","isPartOf":{"@id":"https:\/\/asteralabs.org\/cs\/#website"},"datePublished":"2025-04-23T14:02:09+00:00","dateModified":"2025-04-23T14:08:41+00:00","breadcrumb":{"@id":"https:\/\/asteralabs.org\/cs\/o-nas\/#breadcrumb"},"inLanguage":"cs","potentialAction":[{"@type":"ReadAction","target":["https:\/\/asteralabs.org\/cs\/o-nas\/"]}]},{"@type":"BreadcrumbList","@id":"https:\/\/asteralabs.org\/cs\/o-nas\/#breadcrumb","itemListElement":[{"@type":"ListItem","position":1,"name":"Home","item":"https:\/\/asteralabs.org\/cs\/"},{"@type":"ListItem","position":2,"name":"O n\u00e1s"}]},{"@type":"WebSite","@id":"https:\/\/asteralabs.org\/cs\/#website","url":"https:\/\/asteralabs.org\/cs\/","name":"Astera Labs","description":"Improve Your Quality Of Life","publisher":{"@id":"https:\/\/asteralabs.org\/cs\/#organization"},"potentialAction":[{"@type":"SearchAction","target":{"@type":"EntryPoint","urlTemplate":"https:\/\/asteralabs.org\/cs\/?s={search_term_string}"},"query-input":"required name=search_term_string"}],"inLanguage":"cs"},{"@type":"Organization","@id":"https:\/\/asteralabs.org\/cs\/#organization","name":"Astera Labs","url":"https:\/\/asteralabs.org\/cs\/","logo":{"@type":"ImageObject","inLanguage":"cs","@id":"https:\/\/asteralabs.org\/cs\/#\/schema\/logo\/image\/","url":"https:\/\/asteralabs.org\/wp-content\/uploads\/2022\/12\/astera-2.png","contentUrl":"https:\/\/asteralabs.org\/wp-content\/uploads\/2022\/12\/astera-2.png","width":437,"height":111,"caption":"Astera Labs"},"image":{"@id":"https:\/\/asteralabs.org\/cs\/#\/schema\/logo\/image\/"}}]}},"_links":{"self":[{"href":"https:\/\/asteralabs.org\/cs\/wp-json\/wp\/v2\/pages\/78832"}],"collection":[{"href":"https:\/\/asteralabs.org\/cs\/wp-json\/wp\/v2\/pages"}],"about":[{"href":"https:\/\/asteralabs.org\/cs\/wp-json\/wp\/v2\/types\/page"}],"author":[{"embeddable":true,"href":"https:\/\/asteralabs.org\/cs\/wp-json\/wp\/v2\/users\/1"}],"replies":[{"embeddable":true,"href":"https:\/\/asteralabs.org\/cs\/wp-json\/wp\/v2\/comments?post=78832"}],"version-history":[{"count":2,"href":"https:\/\/asteralabs.org\/cs\/wp-json\/wp\/v2\/pages\/78832\/revisions"}],"predecessor-version":[{"id":78851,"href":"https:\/\/asteralabs.org\/cs\/wp-json\/wp\/v2\/pages\/78832\/revisions\/78851"}],"wp:attachment":[{"href":"https:\/\/asteralabs.org\/cs\/wp-json\/wp\/v2\/media?parent=78832"}],"curies":[{"name":"wp","href":"https:\/\/api.w.org\/{rel}","templated":true}]}}