{"id":77651,"date":"2022-11-05T20:01:19","date_gmt":"2022-11-05T20:01:19","guid":{"rendered":"https:\/\/asteralabs.org\/product\/methenolone-enanthate-100\/"},"modified":"2026-01-15T09:33:34","modified_gmt":"2026-01-15T09:33:34","slug":"methenolone-enanthate-100","status":"publish","type":"product","link":"https:\/\/asteralabs.org\/cs\/product\/methenolone-enanthate-100\/","title":{"rendered":"Methenolone Enanthate 100"},"content":{"rendered":"<p><strong>D\u00c1VKOV\u00c1N\u00cd:<\/strong><br \/>\nMethenolone Enanthate 100mg\/ml <strong>OBSAH BALEN\u00cd:<\/strong><br \/>\n1 x 10ML lahvi\u010dka, 100 mg na ml <strong>CO JE TO:<\/strong><br \/>\nMethenolone Enanthate je jedn\u00edm z nejzn\u00e1m\u011bj\u0161\u00edch a nejpou\u017e\u00edvan\u011bj\u0161\u00edch steroid\u016f na trhu, \u010d\u00e1ste\u010dn\u011b d\u00edky absenci vedlej\u0161\u00edch \u00fa\u010dink\u016f. Je to u\u017eite\u010dn\u00fd steroid jak v objemu, tak b\u011bhem f\u00e1ze \u0159ez\u00e1n\u00ed, proto\u017ee jeliko\u017e postr\u00e1d\u00e1 vedlej\u0161\u00ed \u00fa\u010dinky, m\u016f\u017ee b\u00fdt p\u0159id\u00e1n do jak\u00e9hokoli cyklu pro zlep\u0161en\u00ed jeho \u00fa\u010dinnosti. <strong>JAK SE POU\u017d\u00cdV\u00c1:<\/strong><br \/>\nD\u00e1vky, kter\u00e9 lze pou\u017e\u00edt bez rizika nebo s m\u00edrn\u00fdmi vedlej\u0161\u00edmi \u00fa\u010dinky, jsou velmi vysok\u00e9 a obvykle se pou\u017e\u00edv\u00e1 od 400 mg t\u00fddn\u011b a\u017e po to, co v\u00e1m dovol\u00ed va\u0161e kapsa. Cykly jsou obvykle dlouh\u00e9, obvykle 14 a\u017e 20 t\u00fddn\u016f. Doporu\u010dujeme pod\u00e1vat injekce EOD nebo E3D. <strong>Informace o \u0161ar\u017ei:<br \/>\n<\/strong>\u010c\u00edslo \u0161ar\u017ee: <span data-sheets-root=\"1\" data-sheets-value=\"{\" data-sheets-userformat=\"{\">OY24009<\/span><br \/>\nDatum v\u00fdroby: <span data-sheets-root=\"1\" data-sheets-value=\"{\" data-sheets-userformat=\"{\">10.2025.<\/span><br \/>\nDatum exspirace: <span data-sheets-root=\"1\" data-sheets-value=\"{\" data-sheets-userformat=\"{\">10.2028.<\/span><\/p>\n","protected":false},"excerpt":{"rendered":"<p>D\u00c1VKOV\u00c1N\u00cd: Methenolone Enanthate 100mg\/ml OBSAH BALEN\u00cd: 1 x 10ML lahvi\u010dka, 100 mg na ml CO JE TO: Methenolone Enanthate je jedn\u00edm z nejzn\u00e1m\u011bj\u0161\u00edch a nejpou\u017e\u00edvan\u011bj\u0161\u00edch steroid\u016f na trhu, \u010d\u00e1ste\u010dn\u011b d\u00edky absenci vedlej\u0161\u00edch \u00fa\u010dink\u016f. Je to u\u017eite\u010dn\u00fd steroid jak v objemu, tak b\u011bhem f\u00e1ze \u0159ez\u00e1n\u00ed, proto\u017ee jeliko\u017e postr\u00e1d\u00e1 vedlej\u0161\u00ed \u00fa\u010dinky, m\u016f\u017ee b\u00fdt p\u0159id\u00e1n do jak\u00e9hokoli cyklu&hellip;<\/p>\n","protected":false},"featured_media":74951,"comment_status":"open","ping_status":"closed","template":"","meta":{"_acf_changed":false},"product_brand":[],"product_cat":[153,152],"product_tag":[],"class_list":{"0":"post-77651","1":"product","2":"type-product","3":"status-publish","4":"has-post-thumbnail","6":"product_cat-all-cs","7":"product_cat-injectables-cs","8":"description-off","10":"first","11":"instock","12":"shipping-taxable","13":"product-type-simple"},"acf":[],"yoast_head":"<!-- This site is optimized with the Yoast SEO plugin v27.4 - https:\/\/yoast.com\/product\/yoast-seo-wordpress\/ -->\n<title>Methenolone Enanthate 100 - Astera Labs<\/title>\n<meta name=\"robots\" content=\"index, follow, max-snippet:-1, max-image-preview:large, max-video-preview:-1\" \/>\n<link rel=\"canonical\" href=\"https:\/\/asteralabs.org\/cs\/product\/methenolone-enanthate-100\/\" \/>\n<meta property=\"og:locale\" content=\"cs_CZ\" \/>\n<meta property=\"og:type\" content=\"article\" \/>\n<meta property=\"og:title\" content=\"Methenolone Enanthate 100 - Astera Labs\" \/>\n<meta property=\"og:description\" content=\"D\u00c1VKOV\u00c1N\u00cd: Methenolone Enanthate 100mg\/ml OBSAH BALEN\u00cd: 1 x 10ML lahvi\u010dka, 100 mg na ml CO JE TO: Methenolone Enanthate je jedn\u00edm z nejzn\u00e1m\u011bj\u0161\u00edch a nejpou\u017e\u00edvan\u011bj\u0161\u00edch steroid\u016f na trhu, \u010d\u00e1ste\u010dn\u011b d\u00edky absenci vedlej\u0161\u00edch \u00fa\u010dink\u016f. Je to u\u017eite\u010dn\u00fd steroid jak v objemu, tak b\u011bhem f\u00e1ze \u0159ez\u00e1n\u00ed, proto\u017ee jeliko\u017e postr\u00e1d\u00e1 vedlej\u0161\u00ed \u00fa\u010dinky, m\u016f\u017ee b\u00fdt p\u0159id\u00e1n do jak\u00e9hokoli cyklu&hellip;\" \/>\n<meta property=\"og:url\" content=\"https:\/\/asteralabs.org\/cs\/product\/methenolone-enanthate-100\/\" \/>\n<meta property=\"og:site_name\" content=\"Astera Labs\" \/>\n<meta property=\"article:modified_time\" content=\"2026-01-15T09:33:34+00:00\" \/>\n<meta property=\"og:image\" content=\"https:\/\/asteralabs.org\/wp-content\/uploads\/2022\/11\/15.png\" \/>\n\t<meta property=\"og:image:width\" content=\"2000\" \/>\n\t<meta property=\"og:image:height\" content=\"2000\" \/>\n\t<meta property=\"og:image:type\" content=\"image\/png\" \/>\n<meta name=\"twitter:card\" content=\"summary_large_image\" \/>\n<script type=\"application\/ld+json\" class=\"yoast-schema-graph\">{\"@context\":\"https:\\\/\\\/schema.org\",\"@graph\":[{\"@type\":\"WebPage\",\"@id\":\"https:\\\/\\\/asteralabs.org\\\/cs\\\/product\\\/methenolone-enanthate-100\\\/\",\"url\":\"https:\\\/\\\/asteralabs.org\\\/cs\\\/product\\\/methenolone-enanthate-100\\\/\",\"name\":\"Methenolone Enanthate 100 - Astera Labs\",\"isPartOf\":{\"@id\":\"https:\\\/\\\/asteralabs.org\\\/cs\\\/#website\"},\"primaryImageOfPage\":{\"@id\":\"https:\\\/\\\/asteralabs.org\\\/cs\\\/product\\\/methenolone-enanthate-100\\\/#primaryimage\"},\"image\":{\"@id\":\"https:\\\/\\\/asteralabs.org\\\/cs\\\/product\\\/methenolone-enanthate-100\\\/#primaryimage\"},\"thumbnailUrl\":\"https:\\\/\\\/asteralabs.org\\\/wp-content\\\/uploads\\\/2022\\\/11\\\/15.png\",\"datePublished\":\"2022-11-05T20:01:19+00:00\",\"dateModified\":\"2026-01-15T09:33:34+00:00\",\"breadcrumb\":{\"@id\":\"https:\\\/\\\/asteralabs.org\\\/cs\\\/product\\\/methenolone-enanthate-100\\\/#breadcrumb\"},\"inLanguage\":\"cs-CZ\",\"potentialAction\":[{\"@type\":\"ReadAction\",\"target\":[\"https:\\\/\\\/asteralabs.org\\\/cs\\\/product\\\/methenolone-enanthate-100\\\/\"]}]},{\"@type\":\"ImageObject\",\"inLanguage\":\"cs-CZ\",\"@id\":\"https:\\\/\\\/asteralabs.org\\\/cs\\\/product\\\/methenolone-enanthate-100\\\/#primaryimage\",\"url\":\"https:\\\/\\\/asteralabs.org\\\/wp-content\\\/uploads\\\/2022\\\/11\\\/15.png\",\"contentUrl\":\"https:\\\/\\\/asteralabs.org\\\/wp-content\\\/uploads\\\/2022\\\/11\\\/15.png\",\"width\":2000,\"height\":2000},{\"@type\":\"BreadcrumbList\",\"@id\":\"https:\\\/\\\/asteralabs.org\\\/cs\\\/product\\\/methenolone-enanthate-100\\\/#breadcrumb\",\"itemListElement\":[{\"@type\":\"ListItem\",\"position\":1,\"name\":\"Home\",\"item\":\"https:\\\/\\\/asteralabs.org\\\/cs\\\/\"},{\"@type\":\"ListItem\",\"position\":2,\"name\":\"Obchod\",\"item\":\"https:\\\/\\\/asteralabs.org\\\/cs\\\/obchod\\\/\"},{\"@type\":\"ListItem\",\"position\":3,\"name\":\"Methenolone Enanthate 100\"}]},{\"@type\":\"WebSite\",\"@id\":\"https:\\\/\\\/asteralabs.org\\\/cs\\\/#website\",\"url\":\"https:\\\/\\\/asteralabs.org\\\/cs\\\/\",\"name\":\"Astera Labs\",\"description\":\"Improve Your Quality Of Life\",\"publisher\":{\"@id\":\"https:\\\/\\\/asteralabs.org\\\/cs\\\/#organization\"},\"potentialAction\":[{\"@type\":\"SearchAction\",\"target\":{\"@type\":\"EntryPoint\",\"urlTemplate\":\"https:\\\/\\\/asteralabs.org\\\/cs\\\/?s={search_term_string}\"},\"query-input\":{\"@type\":\"PropertyValueSpecification\",\"valueRequired\":true,\"valueName\":\"search_term_string\"}}],\"inLanguage\":\"cs-CZ\"},{\"@type\":\"Organization\",\"@id\":\"https:\\\/\\\/asteralabs.org\\\/cs\\\/#organization\",\"name\":\"Astera Labs\",\"url\":\"https:\\\/\\\/asteralabs.org\\\/cs\\\/\",\"logo\":{\"@type\":\"ImageObject\",\"inLanguage\":\"cs-CZ\",\"@id\":\"https:\\\/\\\/asteralabs.org\\\/cs\\\/#\\\/schema\\\/logo\\\/image\\\/\",\"url\":\"https:\\\/\\\/asteralabs.org\\\/wp-content\\\/uploads\\\/2022\\\/12\\\/astera-2.png\",\"contentUrl\":\"https:\\\/\\\/asteralabs.org\\\/wp-content\\\/uploads\\\/2022\\\/12\\\/astera-2.png\",\"width\":437,\"height\":111,\"caption\":\"Astera Labs\"},\"image\":{\"@id\":\"https:\\\/\\\/asteralabs.org\\\/cs\\\/#\\\/schema\\\/logo\\\/image\\\/\"}}]}<\/script>\n<!-- \/ Yoast SEO plugin. -->","yoast_head_json":{"title":"Methenolone Enanthate 100 - Astera Labs","robots":{"index":"index","follow":"follow","max-snippet":"max-snippet:-1","max-image-preview":"max-image-preview:large","max-video-preview":"max-video-preview:-1"},"canonical":"https:\/\/asteralabs.org\/cs\/product\/methenolone-enanthate-100\/","og_locale":"cs_CZ","og_type":"article","og_title":"Methenolone Enanthate 100 - Astera Labs","og_description":"D\u00c1VKOV\u00c1N\u00cd: Methenolone Enanthate 100mg\/ml OBSAH BALEN\u00cd: 1 x 10ML lahvi\u010dka, 100 mg na ml CO JE TO: Methenolone Enanthate je jedn\u00edm z nejzn\u00e1m\u011bj\u0161\u00edch a nejpou\u017e\u00edvan\u011bj\u0161\u00edch steroid\u016f na trhu, \u010d\u00e1ste\u010dn\u011b d\u00edky absenci vedlej\u0161\u00edch \u00fa\u010dink\u016f. Je to u\u017eite\u010dn\u00fd steroid jak v objemu, tak b\u011bhem f\u00e1ze \u0159ez\u00e1n\u00ed, proto\u017ee jeliko\u017e postr\u00e1d\u00e1 vedlej\u0161\u00ed \u00fa\u010dinky, m\u016f\u017ee b\u00fdt p\u0159id\u00e1n do jak\u00e9hokoli cyklu&hellip;","og_url":"https:\/\/asteralabs.org\/cs\/product\/methenolone-enanthate-100\/","og_site_name":"Astera Labs","article_modified_time":"2026-01-15T09:33:34+00:00","og_image":[{"width":2000,"height":2000,"url":"https:\/\/asteralabs.org\/wp-content\/uploads\/2022\/11\/15.png","type":"image\/png"}],"twitter_card":"summary_large_image","schema":{"@context":"https:\/\/schema.org","@graph":[{"@type":"WebPage","@id":"https:\/\/asteralabs.org\/cs\/product\/methenolone-enanthate-100\/","url":"https:\/\/asteralabs.org\/cs\/product\/methenolone-enanthate-100\/","name":"Methenolone Enanthate 100 - Astera Labs","isPartOf":{"@id":"https:\/\/asteralabs.org\/cs\/#website"},"primaryImageOfPage":{"@id":"https:\/\/asteralabs.org\/cs\/product\/methenolone-enanthate-100\/#primaryimage"},"image":{"@id":"https:\/\/asteralabs.org\/cs\/product\/methenolone-enanthate-100\/#primaryimage"},"thumbnailUrl":"https:\/\/asteralabs.org\/wp-content\/uploads\/2022\/11\/15.png","datePublished":"2022-11-05T20:01:19+00:00","dateModified":"2026-01-15T09:33:34+00:00","breadcrumb":{"@id":"https:\/\/asteralabs.org\/cs\/product\/methenolone-enanthate-100\/#breadcrumb"},"inLanguage":"cs-CZ","potentialAction":[{"@type":"ReadAction","target":["https:\/\/asteralabs.org\/cs\/product\/methenolone-enanthate-100\/"]}]},{"@type":"ImageObject","inLanguage":"cs-CZ","@id":"https:\/\/asteralabs.org\/cs\/product\/methenolone-enanthate-100\/#primaryimage","url":"https:\/\/asteralabs.org\/wp-content\/uploads\/2022\/11\/15.png","contentUrl":"https:\/\/asteralabs.org\/wp-content\/uploads\/2022\/11\/15.png","width":2000,"height":2000},{"@type":"BreadcrumbList","@id":"https:\/\/asteralabs.org\/cs\/product\/methenolone-enanthate-100\/#breadcrumb","itemListElement":[{"@type":"ListItem","position":1,"name":"Home","item":"https:\/\/asteralabs.org\/cs\/"},{"@type":"ListItem","position":2,"name":"Obchod","item":"https:\/\/asteralabs.org\/cs\/obchod\/"},{"@type":"ListItem","position":3,"name":"Methenolone Enanthate 100"}]},{"@type":"WebSite","@id":"https:\/\/asteralabs.org\/cs\/#website","url":"https:\/\/asteralabs.org\/cs\/","name":"Astera Labs","description":"Improve Your Quality Of Life","publisher":{"@id":"https:\/\/asteralabs.org\/cs\/#organization"},"potentialAction":[{"@type":"SearchAction","target":{"@type":"EntryPoint","urlTemplate":"https:\/\/asteralabs.org\/cs\/?s={search_term_string}"},"query-input":{"@type":"PropertyValueSpecification","valueRequired":true,"valueName":"search_term_string"}}],"inLanguage":"cs-CZ"},{"@type":"Organization","@id":"https:\/\/asteralabs.org\/cs\/#organization","name":"Astera Labs","url":"https:\/\/asteralabs.org\/cs\/","logo":{"@type":"ImageObject","inLanguage":"cs-CZ","@id":"https:\/\/asteralabs.org\/cs\/#\/schema\/logo\/image\/","url":"https:\/\/asteralabs.org\/wp-content\/uploads\/2022\/12\/astera-2.png","contentUrl":"https:\/\/asteralabs.org\/wp-content\/uploads\/2022\/12\/astera-2.png","width":437,"height":111,"caption":"Astera Labs"},"image":{"@id":"https:\/\/asteralabs.org\/cs\/#\/schema\/logo\/image\/"}}]}},"_links":{"self":[{"href":"https:\/\/asteralabs.org\/cs\/wp-json\/wp\/v2\/product\/77651","targetHints":{"allow":["GET"]}}],"collection":[{"href":"https:\/\/asteralabs.org\/cs\/wp-json\/wp\/v2\/product"}],"about":[{"href":"https:\/\/asteralabs.org\/cs\/wp-json\/wp\/v2\/types\/product"}],"replies":[{"embeddable":true,"href":"https:\/\/asteralabs.org\/cs\/wp-json\/wp\/v2\/comments?post=77651"}],"version-history":[{"count":0,"href":"https:\/\/asteralabs.org\/cs\/wp-json\/wp\/v2\/product\/77651\/revisions"}],"wp:featuredmedia":[{"embeddable":true,"href":"https:\/\/asteralabs.org\/cs\/wp-json\/wp\/v2\/media\/74951"}],"wp:attachment":[{"href":"https:\/\/asteralabs.org\/cs\/wp-json\/wp\/v2\/media?parent=77651"}],"wp:term":[{"taxonomy":"product_brand","embeddable":true,"href":"https:\/\/asteralabs.org\/cs\/wp-json\/wp\/v2\/product_brand?post=77651"},{"taxonomy":"product_cat","embeddable":true,"href":"https:\/\/asteralabs.org\/cs\/wp-json\/wp\/v2\/product_cat?post=77651"},{"taxonomy":"product_tag","embeddable":true,"href":"https:\/\/asteralabs.org\/cs\/wp-json\/wp\/v2\/product_tag?post=77651"}],"curies":[{"name":"wp","href":"https:\/\/api.w.org\/{rel}","templated":true}]}}