{"id":77653,"date":"2022-10-30T18:28:38","date_gmt":"2022-10-30T18:28:38","guid":{"rendered":"https:\/\/asteralabs.org\/product\/drostanolon-enanthate\/"},"modified":"2026-01-15T08:42:10","modified_gmt":"2026-01-15T08:42:10","slug":"drostanolon-enanthate","status":"publish","type":"product","link":"https:\/\/asteralabs.org\/cs\/product\/drostanolon-enanthate\/","title":{"rendered":"Drostanolon enanthate"},"content":{"rendered":"<p><strong>D\u00c1VKOV\u00c1N\u00cd:<\/strong><br \/>\nDrostanolone Enanthate 200mg\/ml <strong>OBSAH BALEN\u00cd:<\/strong><br \/>\n1 x 10ML lahvi\u010dka, 200 mg na ml <strong>CO JE TO:<\/strong><br \/>\nDrostanolone Enanthate je injek\u010dn\u00ed anabolick\u00fd steroid se zv\u00fd\u0161enou androgenn\u00ed \u00fa\u010dinnost\u00ed. D\u00edky sv\u00e9 vysok\u00e9 androgenn\u00ed potenci se obvykle pou\u017e\u00edv\u00e1 b\u011bhem cykl\u016f \u0159ez\u00e1n\u00ed pro zlep\u0161en\u00ed odbour\u00e1v\u00e1n\u00ed tuku, p\u0159i spr\u00e1vn\u00e9m pou\u017eit\u00ed obvykle zp\u016fsobuje such\u00fd a tvrd\u00fd vzhled, je tak\u00e9 u\u017eite\u010dn\u00fd jako androgenn\u00ed podpora b\u011bhem cyklu s nandrolonem, aby se zabr\u00e1nilo tomu, \u017ee p\u0159em\u011bna tohoto na DHN zp\u016fsob\u00ed ne\u017e\u00e1douc\u00ed vedlej\u0161\u00ed \u00fa\u010dinky. <strong>JAK POU\u017d\u00cdVAT:<\/strong><br \/>\nB\u011b\u017en\u00e9 d\u00e1vky jsou obvykle 400 a\u017e 600 mg t\u00fddn\u011b pro za\u010d\u00e1te\u010dn\u00edky a st\u0159edn\u011b pokro\u010dil\u00e9 sportovce, s mo\u017enost\u00ed pou\u017eit\u00ed 800 a\u017e 1000 mg t\u00fddn\u011b pro specifick\u00e9 nebo sout\u011b\u017en\u00ed \u00fa\u010dely. Obvykle se u\u017e\u00edv\u00e1 10 a\u017e 16 t\u00fddn\u016f. Vzhledem k tomu, \u017ee m\u00e1 velkou androgenn\u00ed s\u00edlu, nedoporu\u010duje se jeho u\u017e\u00edv\u00e1n\u00ed \u017eenami s v\u00fdjimkou velmi specifick\u00fdch p\u0159\u00edpad\u016f (sout\u011b\u017en\u00ed \u00fa\u010dely) ve velmi kr\u00e1tk\u00e9m \u010dasov\u00e9m obdob\u00ed a ve velmi n\u00edzk\u00fdch d\u00e1vk\u00e1ch. <strong>Informace o \u0161ar\u017ei:<br \/>\n<\/strong>\u010c\u00edslo \u0161ar\u017ee: <span data-sheets-root=\"1\" data-sheets-value=\"{\" data-sheets-userformat=\"{\">OI10210<\/span><br \/>\nDatum v\u00fdroby: <span data-sheets-root=\"1\" data-sheets-value=\"{\" data-sheets-userformat=\"{\">10.2025.<\/span><br \/>\nDatum pou\u017eitelnosti: <span data-sheets-root=\"1\" data-sheets-value=\"{\" data-sheets-userformat=\"{\">10.2028.<\/span><\/p>\n","protected":false},"excerpt":{"rendered":"<p>D\u00c1VKOV\u00c1N\u00cd: Drostanolone Enanthate 200mg\/ml OBSAH BALEN\u00cd: 1 x 10ML lahvi\u010dka, 200 mg na ml CO JE TO: Drostanolone Enanthate je injek\u010dn\u00ed anabolick\u00fd steroid se zv\u00fd\u0161enou androgenn\u00ed \u00fa\u010dinnost\u00ed. D\u00edky sv\u00e9 vysok\u00e9 androgenn\u00ed potenci se obvykle pou\u017e\u00edv\u00e1 b\u011bhem cykl\u016f \u0159ez\u00e1n\u00ed pro zlep\u0161en\u00ed odbour\u00e1v\u00e1n\u00ed tuku, p\u0159i spr\u00e1vn\u00e9m pou\u017eit\u00ed obvykle zp\u016fsobuje such\u00fd a tvrd\u00fd vzhled, je tak\u00e9 u\u017eite\u010dn\u00fd jako&hellip;<\/p>\n","protected":false},"featured_media":74831,"comment_status":"open","ping_status":"closed","template":"","meta":{"_acf_changed":false},"product_brand":[],"product_cat":[153,152],"product_tag":[157],"class_list":{"0":"post-77653","1":"product","2":"type-product","3":"status-publish","4":"has-post-thumbnail","6":"product_cat-all-cs","7":"product_cat-injectables-cs","8":"product_tag-bestseller-cs","9":"description-off","11":"first","12":"instock","13":"shipping-taxable","14":"product-type-simple"},"acf":[],"yoast_head":"<!-- This site is optimized with the Yoast SEO plugin v27.4 - https:\/\/yoast.com\/product\/yoast-seo-wordpress\/ -->\n<title>Drostanolon enanthate - Astera Labs<\/title>\n<meta name=\"robots\" content=\"index, follow, max-snippet:-1, max-image-preview:large, max-video-preview:-1\" \/>\n<link rel=\"canonical\" href=\"https:\/\/asteralabs.org\/cs\/product\/drostanolon-enanthate\/\" \/>\n<meta property=\"og:locale\" content=\"cs_CZ\" \/>\n<meta property=\"og:type\" content=\"article\" \/>\n<meta property=\"og:title\" content=\"Drostanolon enanthate - Astera Labs\" \/>\n<meta property=\"og:description\" content=\"D\u00c1VKOV\u00c1N\u00cd: Drostanolone Enanthate 200mg\/ml OBSAH BALEN\u00cd: 1 x 10ML lahvi\u010dka, 200 mg na ml CO JE TO: Drostanolone Enanthate je injek\u010dn\u00ed anabolick\u00fd steroid se zv\u00fd\u0161enou androgenn\u00ed \u00fa\u010dinnost\u00ed. D\u00edky sv\u00e9 vysok\u00e9 androgenn\u00ed potenci se obvykle pou\u017e\u00edv\u00e1 b\u011bhem cykl\u016f \u0159ez\u00e1n\u00ed pro zlep\u0161en\u00ed odbour\u00e1v\u00e1n\u00ed tuku, p\u0159i spr\u00e1vn\u00e9m pou\u017eit\u00ed obvykle zp\u016fsobuje such\u00fd a tvrd\u00fd vzhled, je tak\u00e9 u\u017eite\u010dn\u00fd jako&hellip;\" \/>\n<meta property=\"og:url\" content=\"https:\/\/asteralabs.org\/cs\/product\/drostanolon-enanthate\/\" \/>\n<meta property=\"og:site_name\" content=\"Astera Labs\" \/>\n<meta property=\"article:modified_time\" content=\"2026-01-15T08:42:10+00:00\" \/>\n<meta property=\"og:image\" content=\"https:\/\/asteralabs.org\/wp-content\/uploads\/2022\/10\/121.png\" \/>\n\t<meta property=\"og:image:width\" content=\"2000\" \/>\n\t<meta property=\"og:image:height\" content=\"2000\" \/>\n\t<meta property=\"og:image:type\" content=\"image\/png\" \/>\n<meta name=\"twitter:card\" content=\"summary_large_image\" \/>\n<script type=\"application\/ld+json\" class=\"yoast-schema-graph\">{\"@context\":\"https:\\\/\\\/schema.org\",\"@graph\":[{\"@type\":\"WebPage\",\"@id\":\"https:\\\/\\\/asteralabs.org\\\/cs\\\/product\\\/drostanolon-enanthate\\\/\",\"url\":\"https:\\\/\\\/asteralabs.org\\\/cs\\\/product\\\/drostanolon-enanthate\\\/\",\"name\":\"Drostanolon enanthate - Astera Labs\",\"isPartOf\":{\"@id\":\"https:\\\/\\\/asteralabs.org\\\/cs\\\/#website\"},\"primaryImageOfPage\":{\"@id\":\"https:\\\/\\\/asteralabs.org\\\/cs\\\/product\\\/drostanolon-enanthate\\\/#primaryimage\"},\"image\":{\"@id\":\"https:\\\/\\\/asteralabs.org\\\/cs\\\/product\\\/drostanolon-enanthate\\\/#primaryimage\"},\"thumbnailUrl\":\"https:\\\/\\\/asteralabs.org\\\/wp-content\\\/uploads\\\/2022\\\/10\\\/121.png\",\"datePublished\":\"2022-10-30T18:28:38+00:00\",\"dateModified\":\"2026-01-15T08:42:10+00:00\",\"breadcrumb\":{\"@id\":\"https:\\\/\\\/asteralabs.org\\\/cs\\\/product\\\/drostanolon-enanthate\\\/#breadcrumb\"},\"inLanguage\":\"cs-CZ\",\"potentialAction\":[{\"@type\":\"ReadAction\",\"target\":[\"https:\\\/\\\/asteralabs.org\\\/cs\\\/product\\\/drostanolon-enanthate\\\/\"]}]},{\"@type\":\"ImageObject\",\"inLanguage\":\"cs-CZ\",\"@id\":\"https:\\\/\\\/asteralabs.org\\\/cs\\\/product\\\/drostanolon-enanthate\\\/#primaryimage\",\"url\":\"https:\\\/\\\/asteralabs.org\\\/wp-content\\\/uploads\\\/2022\\\/10\\\/121.png\",\"contentUrl\":\"https:\\\/\\\/asteralabs.org\\\/wp-content\\\/uploads\\\/2022\\\/10\\\/121.png\",\"width\":2000,\"height\":2000},{\"@type\":\"BreadcrumbList\",\"@id\":\"https:\\\/\\\/asteralabs.org\\\/cs\\\/product\\\/drostanolon-enanthate\\\/#breadcrumb\",\"itemListElement\":[{\"@type\":\"ListItem\",\"position\":1,\"name\":\"Home\",\"item\":\"https:\\\/\\\/asteralabs.org\\\/cs\\\/\"},{\"@type\":\"ListItem\",\"position\":2,\"name\":\"Obchod\",\"item\":\"https:\\\/\\\/asteralabs.org\\\/cs\\\/obchod\\\/\"},{\"@type\":\"ListItem\",\"position\":3,\"name\":\"Drostanolon enanthate\"}]},{\"@type\":\"WebSite\",\"@id\":\"https:\\\/\\\/asteralabs.org\\\/cs\\\/#website\",\"url\":\"https:\\\/\\\/asteralabs.org\\\/cs\\\/\",\"name\":\"Astera Labs\",\"description\":\"Improve Your Quality Of Life\",\"publisher\":{\"@id\":\"https:\\\/\\\/asteralabs.org\\\/cs\\\/#organization\"},\"potentialAction\":[{\"@type\":\"SearchAction\",\"target\":{\"@type\":\"EntryPoint\",\"urlTemplate\":\"https:\\\/\\\/asteralabs.org\\\/cs\\\/?s={search_term_string}\"},\"query-input\":{\"@type\":\"PropertyValueSpecification\",\"valueRequired\":true,\"valueName\":\"search_term_string\"}}],\"inLanguage\":\"cs-CZ\"},{\"@type\":\"Organization\",\"@id\":\"https:\\\/\\\/asteralabs.org\\\/cs\\\/#organization\",\"name\":\"Astera Labs\",\"url\":\"https:\\\/\\\/asteralabs.org\\\/cs\\\/\",\"logo\":{\"@type\":\"ImageObject\",\"inLanguage\":\"cs-CZ\",\"@id\":\"https:\\\/\\\/asteralabs.org\\\/cs\\\/#\\\/schema\\\/logo\\\/image\\\/\",\"url\":\"https:\\\/\\\/asteralabs.org\\\/wp-content\\\/uploads\\\/2022\\\/12\\\/astera-2.png\",\"contentUrl\":\"https:\\\/\\\/asteralabs.org\\\/wp-content\\\/uploads\\\/2022\\\/12\\\/astera-2.png\",\"width\":437,\"height\":111,\"caption\":\"Astera Labs\"},\"image\":{\"@id\":\"https:\\\/\\\/asteralabs.org\\\/cs\\\/#\\\/schema\\\/logo\\\/image\\\/\"}}]}<\/script>\n<!-- \/ Yoast SEO plugin. -->","yoast_head_json":{"title":"Drostanolon enanthate - Astera Labs","robots":{"index":"index","follow":"follow","max-snippet":"max-snippet:-1","max-image-preview":"max-image-preview:large","max-video-preview":"max-video-preview:-1"},"canonical":"https:\/\/asteralabs.org\/cs\/product\/drostanolon-enanthate\/","og_locale":"cs_CZ","og_type":"article","og_title":"Drostanolon enanthate - Astera Labs","og_description":"D\u00c1VKOV\u00c1N\u00cd: Drostanolone Enanthate 200mg\/ml OBSAH BALEN\u00cd: 1 x 10ML lahvi\u010dka, 200 mg na ml CO JE TO: Drostanolone Enanthate je injek\u010dn\u00ed anabolick\u00fd steroid se zv\u00fd\u0161enou androgenn\u00ed \u00fa\u010dinnost\u00ed. D\u00edky sv\u00e9 vysok\u00e9 androgenn\u00ed potenci se obvykle pou\u017e\u00edv\u00e1 b\u011bhem cykl\u016f \u0159ez\u00e1n\u00ed pro zlep\u0161en\u00ed odbour\u00e1v\u00e1n\u00ed tuku, p\u0159i spr\u00e1vn\u00e9m pou\u017eit\u00ed obvykle zp\u016fsobuje such\u00fd a tvrd\u00fd vzhled, je tak\u00e9 u\u017eite\u010dn\u00fd jako&hellip;","og_url":"https:\/\/asteralabs.org\/cs\/product\/drostanolon-enanthate\/","og_site_name":"Astera Labs","article_modified_time":"2026-01-15T08:42:10+00:00","og_image":[{"width":2000,"height":2000,"url":"https:\/\/asteralabs.org\/wp-content\/uploads\/2022\/10\/121.png","type":"image\/png"}],"twitter_card":"summary_large_image","schema":{"@context":"https:\/\/schema.org","@graph":[{"@type":"WebPage","@id":"https:\/\/asteralabs.org\/cs\/product\/drostanolon-enanthate\/","url":"https:\/\/asteralabs.org\/cs\/product\/drostanolon-enanthate\/","name":"Drostanolon enanthate - Astera Labs","isPartOf":{"@id":"https:\/\/asteralabs.org\/cs\/#website"},"primaryImageOfPage":{"@id":"https:\/\/asteralabs.org\/cs\/product\/drostanolon-enanthate\/#primaryimage"},"image":{"@id":"https:\/\/asteralabs.org\/cs\/product\/drostanolon-enanthate\/#primaryimage"},"thumbnailUrl":"https:\/\/asteralabs.org\/wp-content\/uploads\/2022\/10\/121.png","datePublished":"2022-10-30T18:28:38+00:00","dateModified":"2026-01-15T08:42:10+00:00","breadcrumb":{"@id":"https:\/\/asteralabs.org\/cs\/product\/drostanolon-enanthate\/#breadcrumb"},"inLanguage":"cs-CZ","potentialAction":[{"@type":"ReadAction","target":["https:\/\/asteralabs.org\/cs\/product\/drostanolon-enanthate\/"]}]},{"@type":"ImageObject","inLanguage":"cs-CZ","@id":"https:\/\/asteralabs.org\/cs\/product\/drostanolon-enanthate\/#primaryimage","url":"https:\/\/asteralabs.org\/wp-content\/uploads\/2022\/10\/121.png","contentUrl":"https:\/\/asteralabs.org\/wp-content\/uploads\/2022\/10\/121.png","width":2000,"height":2000},{"@type":"BreadcrumbList","@id":"https:\/\/asteralabs.org\/cs\/product\/drostanolon-enanthate\/#breadcrumb","itemListElement":[{"@type":"ListItem","position":1,"name":"Home","item":"https:\/\/asteralabs.org\/cs\/"},{"@type":"ListItem","position":2,"name":"Obchod","item":"https:\/\/asteralabs.org\/cs\/obchod\/"},{"@type":"ListItem","position":3,"name":"Drostanolon enanthate"}]},{"@type":"WebSite","@id":"https:\/\/asteralabs.org\/cs\/#website","url":"https:\/\/asteralabs.org\/cs\/","name":"Astera Labs","description":"Improve Your Quality Of Life","publisher":{"@id":"https:\/\/asteralabs.org\/cs\/#organization"},"potentialAction":[{"@type":"SearchAction","target":{"@type":"EntryPoint","urlTemplate":"https:\/\/asteralabs.org\/cs\/?s={search_term_string}"},"query-input":{"@type":"PropertyValueSpecification","valueRequired":true,"valueName":"search_term_string"}}],"inLanguage":"cs-CZ"},{"@type":"Organization","@id":"https:\/\/asteralabs.org\/cs\/#organization","name":"Astera Labs","url":"https:\/\/asteralabs.org\/cs\/","logo":{"@type":"ImageObject","inLanguage":"cs-CZ","@id":"https:\/\/asteralabs.org\/cs\/#\/schema\/logo\/image\/","url":"https:\/\/asteralabs.org\/wp-content\/uploads\/2022\/12\/astera-2.png","contentUrl":"https:\/\/asteralabs.org\/wp-content\/uploads\/2022\/12\/astera-2.png","width":437,"height":111,"caption":"Astera Labs"},"image":{"@id":"https:\/\/asteralabs.org\/cs\/#\/schema\/logo\/image\/"}}]}},"_links":{"self":[{"href":"https:\/\/asteralabs.org\/cs\/wp-json\/wp\/v2\/product\/77653","targetHints":{"allow":["GET"]}}],"collection":[{"href":"https:\/\/asteralabs.org\/cs\/wp-json\/wp\/v2\/product"}],"about":[{"href":"https:\/\/asteralabs.org\/cs\/wp-json\/wp\/v2\/types\/product"}],"replies":[{"embeddable":true,"href":"https:\/\/asteralabs.org\/cs\/wp-json\/wp\/v2\/comments?post=77653"}],"version-history":[{"count":0,"href":"https:\/\/asteralabs.org\/cs\/wp-json\/wp\/v2\/product\/77653\/revisions"}],"wp:featuredmedia":[{"embeddable":true,"href":"https:\/\/asteralabs.org\/cs\/wp-json\/wp\/v2\/media\/74831"}],"wp:attachment":[{"href":"https:\/\/asteralabs.org\/cs\/wp-json\/wp\/v2\/media?parent=77653"}],"wp:term":[{"taxonomy":"product_brand","embeddable":true,"href":"https:\/\/asteralabs.org\/cs\/wp-json\/wp\/v2\/product_brand?post=77653"},{"taxonomy":"product_cat","embeddable":true,"href":"https:\/\/asteralabs.org\/cs\/wp-json\/wp\/v2\/product_cat?post=77653"},{"taxonomy":"product_tag","embeddable":true,"href":"https:\/\/asteralabs.org\/cs\/wp-json\/wp\/v2\/product_tag?post=77653"}],"curies":[{"name":"wp","href":"https:\/\/api.w.org\/{rel}","templated":true}]}}