{"id":77676,"date":"2022-11-05T21:56:41","date_gmt":"2022-11-05T21:56:41","guid":{"rendered":"https:\/\/asteralabs.org\/product\/boldenon-acetat\/"},"modified":"2026-01-15T08:02:49","modified_gmt":"2026-01-15T08:02:49","slug":"boldenon-acetat","status":"publish","type":"product","link":"https:\/\/asteralabs.org\/cs\/product\/boldenon-acetat\/","title":{"rendered":"Boldenon acet\u00e1t"},"content":{"rendered":"<p><strong>D\u00c1VKOV\u00c1N\u00cd<\/strong>:<br \/>\nBoldenone Acetate 50mg\/ml <strong>OBSAH BALEN\u00cd:<\/strong><br \/>\n1 x 10ML lahvi\u010dka, 50 mg na ml <strong>CO JE TO:<\/strong><br \/>\nBoldenone acetate je vz\u00e1cn\u00fd steroid, jednou z nejv\u011bt\u0161\u00edch nev\u00fdhod boldenonu je, \u017ee jeho estery maj\u00ed velkou molekulovou hmotnost, co\u017e zt\u011b\u017euje jeho asimilaci, sn\u00ed\u017een\u00edm hmotnosti esteru lze p\u0159em\u011bnit steroid, kter\u00fd je obvykle pova\u017eov\u00e1n za &#8220;m\u00edrn\u00fd&#8221;, na pom\u011brn\u011b siln\u00fd steroid. <strong>JAK SE POU\u017d\u00cdV\u00c1:<\/strong><br \/>\nDoporu\u010duje se za\u010d\u00edt u\u017e\u00edvat malou d\u00e1vku, proto\u017ee Boldenonacet\u00e1t m\u016f\u017ee u n\u011bkter\u00fdch lid\u00ed vyvolat PIP a reakce podobn\u00e9 ch\u0159ipce. O tomto steroidu je k dispozici velmi m\u00e1lo informac\u00ed, tak\u017ee m\u00e9 z\u00e1kladn\u00ed doporu\u010den\u00ed je pou\u017e\u00edvat co nejvy\u0161\u0161\u00ed d\u00e1vku s co nejmen\u0161\u00edm mno\u017estv\u00edm mo\u017en\u00fdch \u00fa\u010dink\u016f. Aplikovali bychom jej ED nebo EOD. <strong>Informace o \u0161ar\u017ei:<br \/>\n<\/strong>\u010c\u00edslo \u0161ar\u017ee: <span data-sheets-root=\"1\" data-sheets-value=\"{&quot;1&quot;:2,&quot;2&quot;:&quot;QC43949&quot;}\" data-sheets-userformat=\"{&quot;2&quot;:4224,&quot;10&quot;:2,&quot;15&quot;:&quot;Arial&quot;}\">BG70578<\/span><br \/>\nDatum v\u00fdroby: <span data-sheets-root=\"1\" data-sheets-value=\"{\" data-sheets-userformat=\"{\">10.2025.<\/span><br \/>\nDatum exspirace: <span data-sheets-root=\"1\" data-sheets-value=\"{\" data-sheets-userformat=\"{\">10.2028.<\/span><\/p>\n","protected":false},"excerpt":{"rendered":"<p>D\u00c1VKOV\u00c1N\u00cd: Boldenone Acetate 50mg\/ml OBSAH BALEN\u00cd: 1 x 10ML lahvi\u010dka, 50 mg na ml CO JE TO: Boldenone acetate je vz\u00e1cn\u00fd steroid, jednou z nejv\u011bt\u0161\u00edch nev\u00fdhod boldenonu je, \u017ee jeho estery maj\u00ed velkou molekulovou hmotnost, co\u017e zt\u011b\u017euje jeho asimilaci, sn\u00ed\u017een\u00edm hmotnosti esteru lze p\u0159em\u011bnit steroid, kter\u00fd je obvykle pova\u017eov\u00e1n za &#8220;m\u00edrn\u00fd&#8221;, na pom\u011brn\u011b siln\u00fd steroid.&hellip;<\/p>\n","protected":false},"featured_media":75231,"comment_status":"open","ping_status":"closed","template":"","meta":{"_acf_changed":false},"product_brand":[],"product_cat":[153,152],"product_tag":[157],"class_list":{"0":"post-77676","1":"product","2":"type-product","3":"status-publish","4":"has-post-thumbnail","6":"product_cat-all-cs","7":"product_cat-injectables-cs","8":"product_tag-bestseller-cs","9":"description-off","11":"first","12":"instock","13":"shipping-taxable","14":"product-type-simple"},"acf":[],"yoast_head":"<!-- This site is optimized with the Yoast SEO plugin v27.4 - https:\/\/yoast.com\/product\/yoast-seo-wordpress\/ -->\n<title>Boldenon acet\u00e1t - Astera Labs<\/title>\n<meta name=\"robots\" content=\"index, follow, max-snippet:-1, max-image-preview:large, max-video-preview:-1\" \/>\n<link rel=\"canonical\" href=\"https:\/\/asteralabs.org\/cs\/product\/boldenon-acetat\/\" \/>\n<meta property=\"og:locale\" content=\"cs_CZ\" \/>\n<meta property=\"og:type\" content=\"article\" \/>\n<meta property=\"og:title\" content=\"Boldenon acet\u00e1t - Astera Labs\" \/>\n<meta property=\"og:description\" content=\"D\u00c1VKOV\u00c1N\u00cd: Boldenone Acetate 50mg\/ml OBSAH BALEN\u00cd: 1 x 10ML lahvi\u010dka, 50 mg na ml CO JE TO: Boldenone acetate je vz\u00e1cn\u00fd steroid, jednou z nejv\u011bt\u0161\u00edch nev\u00fdhod boldenonu je, \u017ee jeho estery maj\u00ed velkou molekulovou hmotnost, co\u017e zt\u011b\u017euje jeho asimilaci, sn\u00ed\u017een\u00edm hmotnosti esteru lze p\u0159em\u011bnit steroid, kter\u00fd je obvykle pova\u017eov\u00e1n za &#8220;m\u00edrn\u00fd&#8221;, na pom\u011brn\u011b siln\u00fd steroid.&hellip;\" \/>\n<meta property=\"og:url\" content=\"https:\/\/asteralabs.org\/cs\/product\/boldenon-acetat\/\" \/>\n<meta property=\"og:site_name\" content=\"Astera Labs\" \/>\n<meta property=\"article:modified_time\" content=\"2026-01-15T08:02:49+00:00\" \/>\n<meta property=\"og:image\" content=\"https:\/\/asteralabs.org\/wp-content\/uploads\/2022\/11\/34-1.png\" \/>\n\t<meta property=\"og:image:width\" content=\"2000\" \/>\n\t<meta property=\"og:image:height\" content=\"2000\" \/>\n\t<meta property=\"og:image:type\" content=\"image\/png\" \/>\n<meta name=\"twitter:card\" content=\"summary_large_image\" \/>\n<script type=\"application\/ld+json\" class=\"yoast-schema-graph\">{\"@context\":\"https:\\\/\\\/schema.org\",\"@graph\":[{\"@type\":\"WebPage\",\"@id\":\"https:\\\/\\\/asteralabs.org\\\/cs\\\/product\\\/boldenon-acetat\\\/\",\"url\":\"https:\\\/\\\/asteralabs.org\\\/cs\\\/product\\\/boldenon-acetat\\\/\",\"name\":\"Boldenon acet\u00e1t - Astera Labs\",\"isPartOf\":{\"@id\":\"https:\\\/\\\/asteralabs.org\\\/cs\\\/#website\"},\"primaryImageOfPage\":{\"@id\":\"https:\\\/\\\/asteralabs.org\\\/cs\\\/product\\\/boldenon-acetat\\\/#primaryimage\"},\"image\":{\"@id\":\"https:\\\/\\\/asteralabs.org\\\/cs\\\/product\\\/boldenon-acetat\\\/#primaryimage\"},\"thumbnailUrl\":\"https:\\\/\\\/asteralabs.org\\\/wp-content\\\/uploads\\\/2022\\\/11\\\/34-1.png\",\"datePublished\":\"2022-11-05T21:56:41+00:00\",\"dateModified\":\"2026-01-15T08:02:49+00:00\",\"breadcrumb\":{\"@id\":\"https:\\\/\\\/asteralabs.org\\\/cs\\\/product\\\/boldenon-acetat\\\/#breadcrumb\"},\"inLanguage\":\"cs-CZ\",\"potentialAction\":[{\"@type\":\"ReadAction\",\"target\":[\"https:\\\/\\\/asteralabs.org\\\/cs\\\/product\\\/boldenon-acetat\\\/\"]}]},{\"@type\":\"ImageObject\",\"inLanguage\":\"cs-CZ\",\"@id\":\"https:\\\/\\\/asteralabs.org\\\/cs\\\/product\\\/boldenon-acetat\\\/#primaryimage\",\"url\":\"https:\\\/\\\/asteralabs.org\\\/wp-content\\\/uploads\\\/2022\\\/11\\\/34-1.png\",\"contentUrl\":\"https:\\\/\\\/asteralabs.org\\\/wp-content\\\/uploads\\\/2022\\\/11\\\/34-1.png\",\"width\":2000,\"height\":2000},{\"@type\":\"BreadcrumbList\",\"@id\":\"https:\\\/\\\/asteralabs.org\\\/cs\\\/product\\\/boldenon-acetat\\\/#breadcrumb\",\"itemListElement\":[{\"@type\":\"ListItem\",\"position\":1,\"name\":\"Home\",\"item\":\"https:\\\/\\\/asteralabs.org\\\/cs\\\/\"},{\"@type\":\"ListItem\",\"position\":2,\"name\":\"Obchod\",\"item\":\"https:\\\/\\\/asteralabs.org\\\/cs\\\/obchod\\\/\"},{\"@type\":\"ListItem\",\"position\":3,\"name\":\"Boldenon acet\u00e1t\"}]},{\"@type\":\"WebSite\",\"@id\":\"https:\\\/\\\/asteralabs.org\\\/cs\\\/#website\",\"url\":\"https:\\\/\\\/asteralabs.org\\\/cs\\\/\",\"name\":\"Astera Labs\",\"description\":\"Improve Your Quality Of Life\",\"publisher\":{\"@id\":\"https:\\\/\\\/asteralabs.org\\\/cs\\\/#organization\"},\"potentialAction\":[{\"@type\":\"SearchAction\",\"target\":{\"@type\":\"EntryPoint\",\"urlTemplate\":\"https:\\\/\\\/asteralabs.org\\\/cs\\\/?s={search_term_string}\"},\"query-input\":{\"@type\":\"PropertyValueSpecification\",\"valueRequired\":true,\"valueName\":\"search_term_string\"}}],\"inLanguage\":\"cs-CZ\"},{\"@type\":\"Organization\",\"@id\":\"https:\\\/\\\/asteralabs.org\\\/cs\\\/#organization\",\"name\":\"Astera Labs\",\"url\":\"https:\\\/\\\/asteralabs.org\\\/cs\\\/\",\"logo\":{\"@type\":\"ImageObject\",\"inLanguage\":\"cs-CZ\",\"@id\":\"https:\\\/\\\/asteralabs.org\\\/cs\\\/#\\\/schema\\\/logo\\\/image\\\/\",\"url\":\"https:\\\/\\\/asteralabs.org\\\/wp-content\\\/uploads\\\/2022\\\/12\\\/astera-2.png\",\"contentUrl\":\"https:\\\/\\\/asteralabs.org\\\/wp-content\\\/uploads\\\/2022\\\/12\\\/astera-2.png\",\"width\":437,\"height\":111,\"caption\":\"Astera Labs\"},\"image\":{\"@id\":\"https:\\\/\\\/asteralabs.org\\\/cs\\\/#\\\/schema\\\/logo\\\/image\\\/\"}}]}<\/script>\n<!-- \/ Yoast SEO plugin. -->","yoast_head_json":{"title":"Boldenon acet\u00e1t - Astera Labs","robots":{"index":"index","follow":"follow","max-snippet":"max-snippet:-1","max-image-preview":"max-image-preview:large","max-video-preview":"max-video-preview:-1"},"canonical":"https:\/\/asteralabs.org\/cs\/product\/boldenon-acetat\/","og_locale":"cs_CZ","og_type":"article","og_title":"Boldenon acet\u00e1t - Astera Labs","og_description":"D\u00c1VKOV\u00c1N\u00cd: Boldenone Acetate 50mg\/ml OBSAH BALEN\u00cd: 1 x 10ML lahvi\u010dka, 50 mg na ml CO JE TO: Boldenone acetate je vz\u00e1cn\u00fd steroid, jednou z nejv\u011bt\u0161\u00edch nev\u00fdhod boldenonu je, \u017ee jeho estery maj\u00ed velkou molekulovou hmotnost, co\u017e zt\u011b\u017euje jeho asimilaci, sn\u00ed\u017een\u00edm hmotnosti esteru lze p\u0159em\u011bnit steroid, kter\u00fd je obvykle pova\u017eov\u00e1n za &#8220;m\u00edrn\u00fd&#8221;, na pom\u011brn\u011b siln\u00fd steroid.&hellip;","og_url":"https:\/\/asteralabs.org\/cs\/product\/boldenon-acetat\/","og_site_name":"Astera Labs","article_modified_time":"2026-01-15T08:02:49+00:00","og_image":[{"width":2000,"height":2000,"url":"https:\/\/asteralabs.org\/wp-content\/uploads\/2022\/11\/34-1.png","type":"image\/png"}],"twitter_card":"summary_large_image","schema":{"@context":"https:\/\/schema.org","@graph":[{"@type":"WebPage","@id":"https:\/\/asteralabs.org\/cs\/product\/boldenon-acetat\/","url":"https:\/\/asteralabs.org\/cs\/product\/boldenon-acetat\/","name":"Boldenon acet\u00e1t - Astera Labs","isPartOf":{"@id":"https:\/\/asteralabs.org\/cs\/#website"},"primaryImageOfPage":{"@id":"https:\/\/asteralabs.org\/cs\/product\/boldenon-acetat\/#primaryimage"},"image":{"@id":"https:\/\/asteralabs.org\/cs\/product\/boldenon-acetat\/#primaryimage"},"thumbnailUrl":"https:\/\/asteralabs.org\/wp-content\/uploads\/2022\/11\/34-1.png","datePublished":"2022-11-05T21:56:41+00:00","dateModified":"2026-01-15T08:02:49+00:00","breadcrumb":{"@id":"https:\/\/asteralabs.org\/cs\/product\/boldenon-acetat\/#breadcrumb"},"inLanguage":"cs-CZ","potentialAction":[{"@type":"ReadAction","target":["https:\/\/asteralabs.org\/cs\/product\/boldenon-acetat\/"]}]},{"@type":"ImageObject","inLanguage":"cs-CZ","@id":"https:\/\/asteralabs.org\/cs\/product\/boldenon-acetat\/#primaryimage","url":"https:\/\/asteralabs.org\/wp-content\/uploads\/2022\/11\/34-1.png","contentUrl":"https:\/\/asteralabs.org\/wp-content\/uploads\/2022\/11\/34-1.png","width":2000,"height":2000},{"@type":"BreadcrumbList","@id":"https:\/\/asteralabs.org\/cs\/product\/boldenon-acetat\/#breadcrumb","itemListElement":[{"@type":"ListItem","position":1,"name":"Home","item":"https:\/\/asteralabs.org\/cs\/"},{"@type":"ListItem","position":2,"name":"Obchod","item":"https:\/\/asteralabs.org\/cs\/obchod\/"},{"@type":"ListItem","position":3,"name":"Boldenon acet\u00e1t"}]},{"@type":"WebSite","@id":"https:\/\/asteralabs.org\/cs\/#website","url":"https:\/\/asteralabs.org\/cs\/","name":"Astera Labs","description":"Improve Your Quality Of Life","publisher":{"@id":"https:\/\/asteralabs.org\/cs\/#organization"},"potentialAction":[{"@type":"SearchAction","target":{"@type":"EntryPoint","urlTemplate":"https:\/\/asteralabs.org\/cs\/?s={search_term_string}"},"query-input":{"@type":"PropertyValueSpecification","valueRequired":true,"valueName":"search_term_string"}}],"inLanguage":"cs-CZ"},{"@type":"Organization","@id":"https:\/\/asteralabs.org\/cs\/#organization","name":"Astera Labs","url":"https:\/\/asteralabs.org\/cs\/","logo":{"@type":"ImageObject","inLanguage":"cs-CZ","@id":"https:\/\/asteralabs.org\/cs\/#\/schema\/logo\/image\/","url":"https:\/\/asteralabs.org\/wp-content\/uploads\/2022\/12\/astera-2.png","contentUrl":"https:\/\/asteralabs.org\/wp-content\/uploads\/2022\/12\/astera-2.png","width":437,"height":111,"caption":"Astera Labs"},"image":{"@id":"https:\/\/asteralabs.org\/cs\/#\/schema\/logo\/image\/"}}]}},"_links":{"self":[{"href":"https:\/\/asteralabs.org\/cs\/wp-json\/wp\/v2\/product\/77676","targetHints":{"allow":["GET"]}}],"collection":[{"href":"https:\/\/asteralabs.org\/cs\/wp-json\/wp\/v2\/product"}],"about":[{"href":"https:\/\/asteralabs.org\/cs\/wp-json\/wp\/v2\/types\/product"}],"replies":[{"embeddable":true,"href":"https:\/\/asteralabs.org\/cs\/wp-json\/wp\/v2\/comments?post=77676"}],"version-history":[{"count":0,"href":"https:\/\/asteralabs.org\/cs\/wp-json\/wp\/v2\/product\/77676\/revisions"}],"wp:featuredmedia":[{"embeddable":true,"href":"https:\/\/asteralabs.org\/cs\/wp-json\/wp\/v2\/media\/75231"}],"wp:attachment":[{"href":"https:\/\/asteralabs.org\/cs\/wp-json\/wp\/v2\/media?parent=77676"}],"wp:term":[{"taxonomy":"product_brand","embeddable":true,"href":"https:\/\/asteralabs.org\/cs\/wp-json\/wp\/v2\/product_brand?post=77676"},{"taxonomy":"product_cat","embeddable":true,"href":"https:\/\/asteralabs.org\/cs\/wp-json\/wp\/v2\/product_cat?post=77676"},{"taxonomy":"product_tag","embeddable":true,"href":"https:\/\/asteralabs.org\/cs\/wp-json\/wp\/v2\/product_tag?post=77676"}],"curies":[{"name":"wp","href":"https:\/\/api.w.org\/{rel}","templated":true}]}}