{"id":77690,"date":"2022-11-05T22:02:13","date_gmt":"2022-11-05T22:02:13","guid":{"rendered":"https:\/\/asteralabs.org\/product\/ligandrol\/"},"modified":"2026-01-15T14:19:49","modified_gmt":"2026-01-15T14:19:49","slug":"ligandrol","status":"publish","type":"product","link":"https:\/\/asteralabs.org\/cs\/product\/ligandrol\/","title":{"rendered":"Ligandrol"},"content":{"rendered":"<p><strong>D\u00c1VKOV\u00c1N\u00cd:<\/strong><br \/>\nLigandrol 60mg\/ml <strong>OBSAH BALEN\u00cd:<\/strong><br \/>\n1 x 10ML lahvi\u010dka, 60 mg na ml <strong>CO JE TO:<\/strong><br \/>\nJe to nejpou\u017e\u00edvan\u011bj\u0161\u00ed SARM v objemov\u00fdch f\u00e1z\u00edch, poskytuje dobr\u00fd n\u00e1r\u016fst svalov\u00e9 hmoty a s\u00edly. Nen\u00ed hepatotoxick\u00fd, zp\u016fsobuje pouze oxida\u010dn\u00ed stres, proto se pro eliminaci mo\u017en\u00fdch vedlej\u0161\u00edch \u00fa\u010dink\u016f doporu\u010duje u\u017e\u00edvat jej spole\u010dn\u011b s antioxidanty, jako je NAC. <strong>JAK POU\u017d\u00cdVAT:<\/strong><br \/>\nVzhledem k absenci klinick\u00fdch studi\u00ed jsou doporu\u010den\u00ed, kter\u00e1 budou uvedena v t\u00e9to \u010d\u00e1sti, hypotetick\u00e1. Obvykle u\u017e\u00edvan\u00e9 d\u00e1vky se pohybuj\u00ed od 4 mg denn\u011b do 20 mg denn\u011b. Bylo by tak\u00e9 vhodn\u00e9 aplikovat jej injek\u010dn\u011b ED. <strong>Informace o \u0161ar\u017ei:<br \/>\n<\/strong>\u010c\u00edslo \u0161ar\u017ee: <span data-sheets-root=\"1\" data-sheets-value=\"{\" data-sheets-userformat=\"{\">VU45516<\/span><br \/>\nDatum v\u00fdroby: <span data-sheets-root=\"1\" data-sheets-value=\"{\" data-sheets-userformat=\"{\">10.2025.<\/span><br \/>\nDatum pou\u017eitelnosti: <span data-sheets-root=\"1\" data-sheets-value=\"{\" data-sheets-userformat=\"{\">10.2028.<\/span><\/p>\n","protected":false},"excerpt":{"rendered":"<p>D\u00c1VKOV\u00c1N\u00cd: Ligandrol 60mg\/ml OBSAH BALEN\u00cd: 1 x 10ML lahvi\u010dka, 60 mg na ml CO JE TO: Je to nejpou\u017e\u00edvan\u011bj\u0161\u00ed SARM v objemov\u00fdch f\u00e1z\u00edch, poskytuje dobr\u00fd n\u00e1r\u016fst svalov\u00e9 hmoty a s\u00edly. Nen\u00ed hepatotoxick\u00fd, zp\u016fsobuje pouze oxida\u010dn\u00ed stres, proto se pro eliminaci mo\u017en\u00fdch vedlej\u0161\u00edch \u00fa\u010dink\u016f doporu\u010duje u\u017e\u00edvat jej spole\u010dn\u011b s antioxidanty, jako je NAC. JAK POU\u017d\u00cdVAT: Vzhledem&hellip;<\/p>\n","protected":false},"featured_media":74991,"comment_status":"open","ping_status":"closed","template":"","meta":[],"product_cat":[153,152],"product_tag":[],"yoast_head":"<!-- This site is optimized with the Yoast SEO plugin v23.0 - https:\/\/yoast.com\/wordpress\/plugins\/seo\/ -->\n<title>Ligandrol - Astera Labs<\/title>\n<meta name=\"robots\" content=\"index, follow, max-snippet:-1, max-image-preview:large, max-video-preview:-1\" \/>\n<link rel=\"canonical\" href=\"https:\/\/asteralabs.org\/cs\/product\/ligandrol\/\" \/>\n<meta property=\"og:locale\" content=\"cs_CZ\" \/>\n<meta property=\"og:type\" content=\"article\" \/>\n<meta property=\"og:title\" content=\"Ligandrol - Astera Labs\" \/>\n<meta property=\"og:description\" content=\"D\u00c1VKOV\u00c1N\u00cd: Ligandrol 60mg\/ml OBSAH BALEN\u00cd: 1 x 10ML lahvi\u010dka, 60 mg na ml CO JE TO: Je to nejpou\u017e\u00edvan\u011bj\u0161\u00ed SARM v objemov\u00fdch f\u00e1z\u00edch, poskytuje dobr\u00fd n\u00e1r\u016fst svalov\u00e9 hmoty a s\u00edly. Nen\u00ed hepatotoxick\u00fd, zp\u016fsobuje pouze oxida\u010dn\u00ed stres, proto se pro eliminaci mo\u017en\u00fdch vedlej\u0161\u00edch \u00fa\u010dink\u016f doporu\u010duje u\u017e\u00edvat jej spole\u010dn\u011b s antioxidanty, jako je NAC. JAK POU\u017d\u00cdVAT: Vzhledem&hellip;\" \/>\n<meta property=\"og:url\" content=\"https:\/\/asteralabs.org\/cs\/product\/ligandrol\/\" \/>\n<meta property=\"og:site_name\" content=\"Astera Labs\" \/>\n<meta property=\"article:modified_time\" content=\"2026-01-15T14:19:49+00:00\" \/>\n<meta property=\"og:image\" content=\"https:\/\/asteralabs.org\/wp-content\/uploads\/2022\/11\/2.png\" \/>\n\t<meta property=\"og:image:width\" content=\"2000\" \/>\n\t<meta property=\"og:image:height\" content=\"2000\" \/>\n\t<meta property=\"og:image:type\" content=\"image\/png\" \/>\n<meta name=\"twitter:card\" content=\"summary_large_image\" \/>\n<script type=\"application\/ld+json\" class=\"yoast-schema-graph\">{\"@context\":\"https:\/\/schema.org\",\"@graph\":[{\"@type\":\"WebPage\",\"@id\":\"https:\/\/asteralabs.org\/cs\/product\/ligandrol\/\",\"url\":\"https:\/\/asteralabs.org\/cs\/product\/ligandrol\/\",\"name\":\"Ligandrol - Astera Labs\",\"isPartOf\":{\"@id\":\"https:\/\/asteralabs.org\/cs\/#website\"},\"primaryImageOfPage\":{\"@id\":\"https:\/\/asteralabs.org\/cs\/product\/ligandrol\/#primaryimage\"},\"image\":{\"@id\":\"https:\/\/asteralabs.org\/cs\/product\/ligandrol\/#primaryimage\"},\"thumbnailUrl\":\"https:\/\/asteralabs.org\/wp-content\/uploads\/2022\/11\/2.png\",\"datePublished\":\"2022-11-05T22:02:13+00:00\",\"dateModified\":\"2026-01-15T14:19:49+00:00\",\"breadcrumb\":{\"@id\":\"https:\/\/asteralabs.org\/cs\/product\/ligandrol\/#breadcrumb\"},\"inLanguage\":\"cs\",\"potentialAction\":[{\"@type\":\"ReadAction\",\"target\":[\"https:\/\/asteralabs.org\/cs\/product\/ligandrol\/\"]}]},{\"@type\":\"ImageObject\",\"inLanguage\":\"cs\",\"@id\":\"https:\/\/asteralabs.org\/cs\/product\/ligandrol\/#primaryimage\",\"url\":\"https:\/\/asteralabs.org\/wp-content\/uploads\/2022\/11\/2.png\",\"contentUrl\":\"https:\/\/asteralabs.org\/wp-content\/uploads\/2022\/11\/2.png\",\"width\":2000,\"height\":2000},{\"@type\":\"BreadcrumbList\",\"@id\":\"https:\/\/asteralabs.org\/cs\/product\/ligandrol\/#breadcrumb\",\"itemListElement\":[{\"@type\":\"ListItem\",\"position\":1,\"name\":\"Home\",\"item\":\"https:\/\/asteralabs.org\/cs\/\"},{\"@type\":\"ListItem\",\"position\":2,\"name\":\"Obchod\",\"item\":\"https:\/\/asteralabs.org\/obchod\/\"},{\"@type\":\"ListItem\",\"position\":3,\"name\":\"Ligandrol\"}]},{\"@type\":\"WebSite\",\"@id\":\"https:\/\/asteralabs.org\/cs\/#website\",\"url\":\"https:\/\/asteralabs.org\/cs\/\",\"name\":\"Astera Labs\",\"description\":\"Improve Your Quality Of Life\",\"publisher\":{\"@id\":\"https:\/\/asteralabs.org\/cs\/#organization\"},\"potentialAction\":[{\"@type\":\"SearchAction\",\"target\":{\"@type\":\"EntryPoint\",\"urlTemplate\":\"https:\/\/asteralabs.org\/cs\/?s={search_term_string}\"},\"query-input\":\"required name=search_term_string\"}],\"inLanguage\":\"cs\"},{\"@type\":\"Organization\",\"@id\":\"https:\/\/asteralabs.org\/cs\/#organization\",\"name\":\"Astera Labs\",\"url\":\"https:\/\/asteralabs.org\/cs\/\",\"logo\":{\"@type\":\"ImageObject\",\"inLanguage\":\"cs\",\"@id\":\"https:\/\/asteralabs.org\/cs\/#\/schema\/logo\/image\/\",\"url\":\"https:\/\/asteralabs.org\/wp-content\/uploads\/2022\/12\/astera-2.png\",\"contentUrl\":\"https:\/\/asteralabs.org\/wp-content\/uploads\/2022\/12\/astera-2.png\",\"width\":437,\"height\":111,\"caption\":\"Astera Labs\"},\"image\":{\"@id\":\"https:\/\/asteralabs.org\/cs\/#\/schema\/logo\/image\/\"}}]}<\/script>\n<!-- \/ Yoast SEO plugin. -->","yoast_head_json":{"title":"Ligandrol - Astera Labs","robots":{"index":"index","follow":"follow","max-snippet":"max-snippet:-1","max-image-preview":"max-image-preview:large","max-video-preview":"max-video-preview:-1"},"canonical":"https:\/\/asteralabs.org\/cs\/product\/ligandrol\/","og_locale":"cs_CZ","og_type":"article","og_title":"Ligandrol - Astera Labs","og_description":"D\u00c1VKOV\u00c1N\u00cd: Ligandrol 60mg\/ml OBSAH BALEN\u00cd: 1 x 10ML lahvi\u010dka, 60 mg na ml CO JE TO: Je to nejpou\u017e\u00edvan\u011bj\u0161\u00ed SARM v objemov\u00fdch f\u00e1z\u00edch, poskytuje dobr\u00fd n\u00e1r\u016fst svalov\u00e9 hmoty a s\u00edly. Nen\u00ed hepatotoxick\u00fd, zp\u016fsobuje pouze oxida\u010dn\u00ed stres, proto se pro eliminaci mo\u017en\u00fdch vedlej\u0161\u00edch \u00fa\u010dink\u016f doporu\u010duje u\u017e\u00edvat jej spole\u010dn\u011b s antioxidanty, jako je NAC. JAK POU\u017d\u00cdVAT: Vzhledem&hellip;","og_url":"https:\/\/asteralabs.org\/cs\/product\/ligandrol\/","og_site_name":"Astera Labs","article_modified_time":"2026-01-15T14:19:49+00:00","og_image":[{"width":2000,"height":2000,"url":"https:\/\/asteralabs.org\/wp-content\/uploads\/2022\/11\/2.png","type":"image\/png"}],"twitter_card":"summary_large_image","schema":{"@context":"https:\/\/schema.org","@graph":[{"@type":"WebPage","@id":"https:\/\/asteralabs.org\/cs\/product\/ligandrol\/","url":"https:\/\/asteralabs.org\/cs\/product\/ligandrol\/","name":"Ligandrol - Astera Labs","isPartOf":{"@id":"https:\/\/asteralabs.org\/cs\/#website"},"primaryImageOfPage":{"@id":"https:\/\/asteralabs.org\/cs\/product\/ligandrol\/#primaryimage"},"image":{"@id":"https:\/\/asteralabs.org\/cs\/product\/ligandrol\/#primaryimage"},"thumbnailUrl":"https:\/\/asteralabs.org\/wp-content\/uploads\/2022\/11\/2.png","datePublished":"2022-11-05T22:02:13+00:00","dateModified":"2026-01-15T14:19:49+00:00","breadcrumb":{"@id":"https:\/\/asteralabs.org\/cs\/product\/ligandrol\/#breadcrumb"},"inLanguage":"cs","potentialAction":[{"@type":"ReadAction","target":["https:\/\/asteralabs.org\/cs\/product\/ligandrol\/"]}]},{"@type":"ImageObject","inLanguage":"cs","@id":"https:\/\/asteralabs.org\/cs\/product\/ligandrol\/#primaryimage","url":"https:\/\/asteralabs.org\/wp-content\/uploads\/2022\/11\/2.png","contentUrl":"https:\/\/asteralabs.org\/wp-content\/uploads\/2022\/11\/2.png","width":2000,"height":2000},{"@type":"BreadcrumbList","@id":"https:\/\/asteralabs.org\/cs\/product\/ligandrol\/#breadcrumb","itemListElement":[{"@type":"ListItem","position":1,"name":"Home","item":"https:\/\/asteralabs.org\/cs\/"},{"@type":"ListItem","position":2,"name":"Obchod","item":"https:\/\/asteralabs.org\/obchod\/"},{"@type":"ListItem","position":3,"name":"Ligandrol"}]},{"@type":"WebSite","@id":"https:\/\/asteralabs.org\/cs\/#website","url":"https:\/\/asteralabs.org\/cs\/","name":"Astera Labs","description":"Improve Your Quality Of Life","publisher":{"@id":"https:\/\/asteralabs.org\/cs\/#organization"},"potentialAction":[{"@type":"SearchAction","target":{"@type":"EntryPoint","urlTemplate":"https:\/\/asteralabs.org\/cs\/?s={search_term_string}"},"query-input":"required name=search_term_string"}],"inLanguage":"cs"},{"@type":"Organization","@id":"https:\/\/asteralabs.org\/cs\/#organization","name":"Astera Labs","url":"https:\/\/asteralabs.org\/cs\/","logo":{"@type":"ImageObject","inLanguage":"cs","@id":"https:\/\/asteralabs.org\/cs\/#\/schema\/logo\/image\/","url":"https:\/\/asteralabs.org\/wp-content\/uploads\/2022\/12\/astera-2.png","contentUrl":"https:\/\/asteralabs.org\/wp-content\/uploads\/2022\/12\/astera-2.png","width":437,"height":111,"caption":"Astera Labs"},"image":{"@id":"https:\/\/asteralabs.org\/cs\/#\/schema\/logo\/image\/"}}]}},"_links":{"self":[{"href":"https:\/\/asteralabs.org\/cs\/wp-json\/wp\/v2\/product\/77690"}],"collection":[{"href":"https:\/\/asteralabs.org\/cs\/wp-json\/wp\/v2\/product"}],"about":[{"href":"https:\/\/asteralabs.org\/cs\/wp-json\/wp\/v2\/types\/product"}],"replies":[{"embeddable":true,"href":"https:\/\/asteralabs.org\/cs\/wp-json\/wp\/v2\/comments?post=77690"}],"version-history":[{"count":0,"href":"https:\/\/asteralabs.org\/cs\/wp-json\/wp\/v2\/product\/77690\/revisions"}],"wp:featuredmedia":[{"embeddable":true,"href":"https:\/\/asteralabs.org\/cs\/wp-json\/wp\/v2\/media\/74991"}],"wp:attachment":[{"href":"https:\/\/asteralabs.org\/cs\/wp-json\/wp\/v2\/media?parent=77690"}],"wp:term":[{"taxonomy":"product_cat","embeddable":true,"href":"https:\/\/asteralabs.org\/cs\/wp-json\/wp\/v2\/product_cat?post=77690"},{"taxonomy":"product_tag","embeddable":true,"href":"https:\/\/asteralabs.org\/cs\/wp-json\/wp\/v2\/product_tag?post=77690"}],"curies":[{"name":"wp","href":"https:\/\/api.w.org\/{rel}","templated":true}]}}