{"id":77702,"date":"2022-11-05T22:11:39","date_gmt":"2022-11-05T22:11:39","guid":{"rendered":"https:\/\/asteralabs.org\/product\/boldenon-cypionat\/"},"modified":"2026-01-15T08:14:59","modified_gmt":"2026-01-15T08:14:59","slug":"boldenon-cypionat","status":"publish","type":"product","link":"https:\/\/asteralabs.org\/cs\/product\/boldenon-cypionat\/","title":{"rendered":"Boldenon cypion\u00e1t"},"content":{"rendered":"<p><strong>D\u00c1VKOV\u00c1N\u00cd: <\/strong><br \/>\nBoldenone cypionate 200 mg\/ml <strong>OBSAH BALEN\u00cd: <\/strong><br \/>\n1 x 10ML lahvi\u010dka, 200 mg na ml <strong>CO JE TO: <\/strong><br \/>\nBoldenone Cypionate je velmi obl\u00edben\u00fd injek\u010dn\u00ed anabolick\u00fd steroid. Tato l\u00e1tka je syntetick\u00fdm deriv\u00e1tem testosteronu, kter\u00fd vykazuje men\u0161\u00ed androgenn\u00ed aktivitu ne\u017e testosteron a z\u00e1rove\u0148 m\u00e1 siln\u00e9 anabolick\u00e9 vlastnosti. M\u00e1 stejnou \u00farove\u0148 anabolick\u00e9 \u00fa\u010dinnosti jako jeho hormon\u00e1ln\u00ed otec, testosteron (100). Cykly s boldenon cypion\u00e1tem se \u010dasto prov\u00e1d\u011bj\u00ed pro z\u00edsk\u00e1n\u00ed objemu. Minim\u00e1ln\u00ed d\u00e9lka cyklu je 8 t\u00fddn\u016f, zat\u00edmco maxim\u00e1ln\u00ed d\u00e9lka cyklu je 18 t\u00fddn\u016f. <strong>JAK SE POU\u017d\u00cdV\u00c1: <\/strong><br \/>\nDoporu\u010den\u00e1 po\u010d\u00e1te\u010dn\u00ed d\u00e1vka boldenon cypion\u00e1tu je 300 a\u017e 500 mg t\u00fddn\u011b. D\u00e9lka takov\u00e9ho cyklu by m\u011bla b\u00fdt celkem 14 t\u00fddn\u016f. Typick\u00e1 t\u00fddenn\u00ed d\u00e1vka pro pokro\u010dil\u00e9 u\u017eivatele je v\u00edce ne\u017e 600 mg. <strong>Informace o \u0161ar\u017ei:<br \/>\n<\/strong>\u010c\u00edslo \u0161ar\u017ee: <span data-sheets-root=\"1\" data-sheets-value=\"{\" data-sheets-userformat=\"{\">VK06931<\/span><br \/>\nDatum v\u00fdroby: <span data-sheets-root=\"1\" data-sheets-value=\"{\" data-sheets-userformat=\"{\">10.2025.<\/span><br \/>\nDatum exspirace: <span data-sheets-root=\"1\" data-sheets-value=\"{\" data-sheets-userformat=\"{\">10.2028.<\/span><\/p>\n","protected":false},"excerpt":{"rendered":"<p>D\u00c1VKOV\u00c1N\u00cd: Boldenone cypionate 200 mg\/ml OBSAH BALEN\u00cd: 1 x 10ML lahvi\u010dka, 200 mg na ml CO JE TO: Boldenone Cypionate je velmi obl\u00edben\u00fd injek\u010dn\u00ed anabolick\u00fd steroid. Tato l\u00e1tka je syntetick\u00fdm deriv\u00e1tem testosteronu, kter\u00fd vykazuje men\u0161\u00ed androgenn\u00ed aktivitu ne\u017e testosteron a z\u00e1rove\u0148 m\u00e1 siln\u00e9 anabolick\u00e9 vlastnosti. M\u00e1 stejnou \u00farove\u0148 anabolick\u00e9 \u00fa\u010dinnosti jako jeho hormon\u00e1ln\u00ed otec, testosteron&hellip;<\/p>\n","protected":false},"featured_media":75015,"comment_status":"open","ping_status":"closed","template":"","meta":[],"product_cat":[153,152],"product_tag":[],"yoast_head":"<!-- This site is optimized with the Yoast SEO plugin v23.0 - https:\/\/yoast.com\/wordpress\/plugins\/seo\/ -->\n<title>Boldenon cypion\u00e1t - Astera Labs<\/title>\n<meta name=\"robots\" content=\"index, follow, max-snippet:-1, max-image-preview:large, max-video-preview:-1\" \/>\n<link rel=\"canonical\" href=\"https:\/\/asteralabs.org\/cs\/product\/boldenon-cypionat\/\" \/>\n<meta property=\"og:locale\" content=\"cs_CZ\" \/>\n<meta property=\"og:type\" content=\"article\" \/>\n<meta property=\"og:title\" content=\"Boldenon cypion\u00e1t - Astera Labs\" \/>\n<meta property=\"og:description\" content=\"D\u00c1VKOV\u00c1N\u00cd: Boldenone cypionate 200 mg\/ml OBSAH BALEN\u00cd: 1 x 10ML lahvi\u010dka, 200 mg na ml CO JE TO: Boldenone Cypionate je velmi obl\u00edben\u00fd injek\u010dn\u00ed anabolick\u00fd steroid. Tato l\u00e1tka je syntetick\u00fdm deriv\u00e1tem testosteronu, kter\u00fd vykazuje men\u0161\u00ed androgenn\u00ed aktivitu ne\u017e testosteron a z\u00e1rove\u0148 m\u00e1 siln\u00e9 anabolick\u00e9 vlastnosti. M\u00e1 stejnou \u00farove\u0148 anabolick\u00e9 \u00fa\u010dinnosti jako jeho hormon\u00e1ln\u00ed otec, testosteron&hellip;\" \/>\n<meta property=\"og:url\" content=\"https:\/\/asteralabs.org\/cs\/product\/boldenon-cypionat\/\" \/>\n<meta property=\"og:site_name\" content=\"Astera Labs\" \/>\n<meta property=\"article:modified_time\" content=\"2026-01-15T08:14:59+00:00\" \/>\n<meta property=\"og:image\" content=\"https:\/\/asteralabs.org\/wp-content\/uploads\/2022\/11\/33.png\" \/>\n\t<meta property=\"og:image:width\" content=\"2000\" \/>\n\t<meta property=\"og:image:height\" content=\"2000\" \/>\n\t<meta property=\"og:image:type\" content=\"image\/png\" \/>\n<meta name=\"twitter:card\" content=\"summary_large_image\" \/>\n<script type=\"application\/ld+json\" class=\"yoast-schema-graph\">{\"@context\":\"https:\/\/schema.org\",\"@graph\":[{\"@type\":\"WebPage\",\"@id\":\"https:\/\/asteralabs.org\/cs\/product\/boldenon-cypionat\/\",\"url\":\"https:\/\/asteralabs.org\/cs\/product\/boldenon-cypionat\/\",\"name\":\"Boldenon cypion\u00e1t - Astera Labs\",\"isPartOf\":{\"@id\":\"https:\/\/asteralabs.org\/cs\/#website\"},\"primaryImageOfPage\":{\"@id\":\"https:\/\/asteralabs.org\/cs\/product\/boldenon-cypionat\/#primaryimage\"},\"image\":{\"@id\":\"https:\/\/asteralabs.org\/cs\/product\/boldenon-cypionat\/#primaryimage\"},\"thumbnailUrl\":\"https:\/\/asteralabs.org\/wp-content\/uploads\/2022\/11\/33.png\",\"datePublished\":\"2022-11-05T22:11:39+00:00\",\"dateModified\":\"2026-01-15T08:14:59+00:00\",\"breadcrumb\":{\"@id\":\"https:\/\/asteralabs.org\/cs\/product\/boldenon-cypionat\/#breadcrumb\"},\"inLanguage\":\"cs\",\"potentialAction\":[{\"@type\":\"ReadAction\",\"target\":[\"https:\/\/asteralabs.org\/cs\/product\/boldenon-cypionat\/\"]}]},{\"@type\":\"ImageObject\",\"inLanguage\":\"cs\",\"@id\":\"https:\/\/asteralabs.org\/cs\/product\/boldenon-cypionat\/#primaryimage\",\"url\":\"https:\/\/asteralabs.org\/wp-content\/uploads\/2022\/11\/33.png\",\"contentUrl\":\"https:\/\/asteralabs.org\/wp-content\/uploads\/2022\/11\/33.png\",\"width\":2000,\"height\":2000},{\"@type\":\"BreadcrumbList\",\"@id\":\"https:\/\/asteralabs.org\/cs\/product\/boldenon-cypionat\/#breadcrumb\",\"itemListElement\":[{\"@type\":\"ListItem\",\"position\":1,\"name\":\"Home\",\"item\":\"https:\/\/asteralabs.org\/cs\/\"},{\"@type\":\"ListItem\",\"position\":2,\"name\":\"Obchod\",\"item\":\"https:\/\/asteralabs.org\/obchod\/\"},{\"@type\":\"ListItem\",\"position\":3,\"name\":\"Boldenon cypion\u00e1t\"}]},{\"@type\":\"WebSite\",\"@id\":\"https:\/\/asteralabs.org\/cs\/#website\",\"url\":\"https:\/\/asteralabs.org\/cs\/\",\"name\":\"Astera Labs\",\"description\":\"Improve Your Quality Of Life\",\"publisher\":{\"@id\":\"https:\/\/asteralabs.org\/cs\/#organization\"},\"potentialAction\":[{\"@type\":\"SearchAction\",\"target\":{\"@type\":\"EntryPoint\",\"urlTemplate\":\"https:\/\/asteralabs.org\/cs\/?s={search_term_string}\"},\"query-input\":\"required name=search_term_string\"}],\"inLanguage\":\"cs\"},{\"@type\":\"Organization\",\"@id\":\"https:\/\/asteralabs.org\/cs\/#organization\",\"name\":\"Astera Labs\",\"url\":\"https:\/\/asteralabs.org\/cs\/\",\"logo\":{\"@type\":\"ImageObject\",\"inLanguage\":\"cs\",\"@id\":\"https:\/\/asteralabs.org\/cs\/#\/schema\/logo\/image\/\",\"url\":\"https:\/\/asteralabs.org\/wp-content\/uploads\/2022\/12\/astera-2.png\",\"contentUrl\":\"https:\/\/asteralabs.org\/wp-content\/uploads\/2022\/12\/astera-2.png\",\"width\":437,\"height\":111,\"caption\":\"Astera Labs\"},\"image\":{\"@id\":\"https:\/\/asteralabs.org\/cs\/#\/schema\/logo\/image\/\"}}]}<\/script>\n<!-- \/ Yoast SEO plugin. -->","yoast_head_json":{"title":"Boldenon cypion\u00e1t - Astera Labs","robots":{"index":"index","follow":"follow","max-snippet":"max-snippet:-1","max-image-preview":"max-image-preview:large","max-video-preview":"max-video-preview:-1"},"canonical":"https:\/\/asteralabs.org\/cs\/product\/boldenon-cypionat\/","og_locale":"cs_CZ","og_type":"article","og_title":"Boldenon cypion\u00e1t - Astera Labs","og_description":"D\u00c1VKOV\u00c1N\u00cd: Boldenone cypionate 200 mg\/ml OBSAH BALEN\u00cd: 1 x 10ML lahvi\u010dka, 200 mg na ml CO JE TO: Boldenone Cypionate je velmi obl\u00edben\u00fd injek\u010dn\u00ed anabolick\u00fd steroid. Tato l\u00e1tka je syntetick\u00fdm deriv\u00e1tem testosteronu, kter\u00fd vykazuje men\u0161\u00ed androgenn\u00ed aktivitu ne\u017e testosteron a z\u00e1rove\u0148 m\u00e1 siln\u00e9 anabolick\u00e9 vlastnosti. M\u00e1 stejnou \u00farove\u0148 anabolick\u00e9 \u00fa\u010dinnosti jako jeho hormon\u00e1ln\u00ed otec, testosteron&hellip;","og_url":"https:\/\/asteralabs.org\/cs\/product\/boldenon-cypionat\/","og_site_name":"Astera Labs","article_modified_time":"2026-01-15T08:14:59+00:00","og_image":[{"width":2000,"height":2000,"url":"https:\/\/asteralabs.org\/wp-content\/uploads\/2022\/11\/33.png","type":"image\/png"}],"twitter_card":"summary_large_image","schema":{"@context":"https:\/\/schema.org","@graph":[{"@type":"WebPage","@id":"https:\/\/asteralabs.org\/cs\/product\/boldenon-cypionat\/","url":"https:\/\/asteralabs.org\/cs\/product\/boldenon-cypionat\/","name":"Boldenon cypion\u00e1t - Astera Labs","isPartOf":{"@id":"https:\/\/asteralabs.org\/cs\/#website"},"primaryImageOfPage":{"@id":"https:\/\/asteralabs.org\/cs\/product\/boldenon-cypionat\/#primaryimage"},"image":{"@id":"https:\/\/asteralabs.org\/cs\/product\/boldenon-cypionat\/#primaryimage"},"thumbnailUrl":"https:\/\/asteralabs.org\/wp-content\/uploads\/2022\/11\/33.png","datePublished":"2022-11-05T22:11:39+00:00","dateModified":"2026-01-15T08:14:59+00:00","breadcrumb":{"@id":"https:\/\/asteralabs.org\/cs\/product\/boldenon-cypionat\/#breadcrumb"},"inLanguage":"cs","potentialAction":[{"@type":"ReadAction","target":["https:\/\/asteralabs.org\/cs\/product\/boldenon-cypionat\/"]}]},{"@type":"ImageObject","inLanguage":"cs","@id":"https:\/\/asteralabs.org\/cs\/product\/boldenon-cypionat\/#primaryimage","url":"https:\/\/asteralabs.org\/wp-content\/uploads\/2022\/11\/33.png","contentUrl":"https:\/\/asteralabs.org\/wp-content\/uploads\/2022\/11\/33.png","width":2000,"height":2000},{"@type":"BreadcrumbList","@id":"https:\/\/asteralabs.org\/cs\/product\/boldenon-cypionat\/#breadcrumb","itemListElement":[{"@type":"ListItem","position":1,"name":"Home","item":"https:\/\/asteralabs.org\/cs\/"},{"@type":"ListItem","position":2,"name":"Obchod","item":"https:\/\/asteralabs.org\/obchod\/"},{"@type":"ListItem","position":3,"name":"Boldenon cypion\u00e1t"}]},{"@type":"WebSite","@id":"https:\/\/asteralabs.org\/cs\/#website","url":"https:\/\/asteralabs.org\/cs\/","name":"Astera Labs","description":"Improve Your Quality Of Life","publisher":{"@id":"https:\/\/asteralabs.org\/cs\/#organization"},"potentialAction":[{"@type":"SearchAction","target":{"@type":"EntryPoint","urlTemplate":"https:\/\/asteralabs.org\/cs\/?s={search_term_string}"},"query-input":"required name=search_term_string"}],"inLanguage":"cs"},{"@type":"Organization","@id":"https:\/\/asteralabs.org\/cs\/#organization","name":"Astera Labs","url":"https:\/\/asteralabs.org\/cs\/","logo":{"@type":"ImageObject","inLanguage":"cs","@id":"https:\/\/asteralabs.org\/cs\/#\/schema\/logo\/image\/","url":"https:\/\/asteralabs.org\/wp-content\/uploads\/2022\/12\/astera-2.png","contentUrl":"https:\/\/asteralabs.org\/wp-content\/uploads\/2022\/12\/astera-2.png","width":437,"height":111,"caption":"Astera Labs"},"image":{"@id":"https:\/\/asteralabs.org\/cs\/#\/schema\/logo\/image\/"}}]}},"_links":{"self":[{"href":"https:\/\/asteralabs.org\/cs\/wp-json\/wp\/v2\/product\/77702"}],"collection":[{"href":"https:\/\/asteralabs.org\/cs\/wp-json\/wp\/v2\/product"}],"about":[{"href":"https:\/\/asteralabs.org\/cs\/wp-json\/wp\/v2\/types\/product"}],"replies":[{"embeddable":true,"href":"https:\/\/asteralabs.org\/cs\/wp-json\/wp\/v2\/comments?post=77702"}],"version-history":[{"count":0,"href":"https:\/\/asteralabs.org\/cs\/wp-json\/wp\/v2\/product\/77702\/revisions"}],"wp:featuredmedia":[{"embeddable":true,"href":"https:\/\/asteralabs.org\/cs\/wp-json\/wp\/v2\/media\/75015"}],"wp:attachment":[{"href":"https:\/\/asteralabs.org\/cs\/wp-json\/wp\/v2\/media?parent=77702"}],"wp:term":[{"taxonomy":"product_cat","embeddable":true,"href":"https:\/\/asteralabs.org\/cs\/wp-json\/wp\/v2\/product_cat?post=77702"},{"taxonomy":"product_tag","embeddable":true,"href":"https:\/\/asteralabs.org\/cs\/wp-json\/wp\/v2\/product_tag?post=77702"}],"curies":[{"name":"wp","href":"https:\/\/api.w.org\/{rel}","templated":true}]}}