{"id":77722,"date":"2023-01-10T22:30:17","date_gmt":"2023-01-10T22:30:17","guid":{"rendered":"https:\/\/asteralabs.org\/product\/sildenafil-citrat-viagra-100-tabs\/"},"modified":"2026-01-16T12:00:18","modified_gmt":"2026-01-16T12:00:18","slug":"sildenafil-citrat-viagra-100-tabs","status":"publish","type":"product","link":"https:\/\/asteralabs.org\/cs\/product\/sildenafil-citrat-viagra-100-tabs\/","title":{"rendered":"Sildenafil citr\u00e1t (Viagra) 100 tabs"},"content":{"rendered":"<p><strong>D\u00c1VKOV\u00c1N\u00cd: <\/strong><br \/>\nSildenafil citr\u00e1t (Viagra) 100 mg\/tab <strong>Obsah balen\u00ed: <\/strong><br \/>\n1 d\u00e1vka, 100 tabulek, 100 mg v ka\u017ed\u00e9 kart\u011b <strong>CO JE TO: <\/strong><br \/>\nJe to nejobl\u00edben\u011bj\u0161\u00ed l\u00e9k na l\u00e9\u010dbu erektiln\u00ed dysfunkce, krom\u011b toho m\u016f\u017ee b\u00fdt u\u017eite\u010dn\u00fd pro zlep\u0161en\u00ed krevn\u00edho tlaku a lep\u0161\u00ed prokrven\u00ed. <strong>JAK SE POU\u017d\u00cdV\u00c1: VEZM\u011aTE SI NA POMOC P\u0158\u00cdPRAVEK NA EREKCI, KTER\u00dd JE VHODN\u00dd PRO EREKCI: <\/strong><br \/>\nDoporu\u010duje se u\u017e\u00edvat 50 a\u017e 100 mg jednu hodinu p\u0159ed sexu\u00e1ln\u00ed aktivitou, stejn\u00fd protokol lze pou\u017e\u00edt i pro zlep\u0161en\u00ed prokrven\u00ed b\u011bhem tr\u00e9ninku. D\u00e1vkov\u00e1n\u00ed je t\u0159eba m\u011bnit, dokud nedos\u00e1hnete po\u017eadovan\u00e9ho \u00fa\u010dinku. <strong>INFORMACE O \u0160AR\u017dI:<br \/>\n<\/strong>\u010c\u00edslo \u0161ar\u017ee: <span data-sheets-root=\"1\" data-sheets-value=\"{\" data-sheets-userformat=\"{\">TR73929<\/span><br \/>\nDatum v\u00fdroby: <span data-sheets-root=\"1\" data-sheets-value=\"{\" data-sheets-userformat=\"{\">10.2025.<\/span><br \/>\nDatum exspirace: <span data-sheets-root=\"1\" data-sheets-value=\"{\" data-sheets-userformat=\"{\">10.2028.<\/span><\/p>\n","protected":false},"excerpt":{"rendered":"<p>D\u00c1VKOV\u00c1N\u00cd: Sildenafil citr\u00e1t (Viagra) 100 mg\/tab Obsah balen\u00ed: 1 d\u00e1vka, 100 tabulek, 100 mg v ka\u017ed\u00e9 kart\u011b CO JE TO: Je to nejobl\u00edben\u011bj\u0161\u00ed l\u00e9k na l\u00e9\u010dbu erektiln\u00ed dysfunkce, krom\u011b toho m\u016f\u017ee b\u00fdt u\u017eite\u010dn\u00fd pro zlep\u0161en\u00ed krevn\u00edho tlaku a lep\u0161\u00ed prokrven\u00ed. JAK SE POU\u017d\u00cdV\u00c1: VEZM\u011aTE SI NA POMOC P\u0158\u00cdPRAVEK NA EREKCI, KTER\u00dd JE VHODN\u00dd PRO EREKCI:&hellip;<\/p>\n","protected":false},"featured_media":76103,"comment_status":"open","ping_status":"closed","template":"","meta":{"_acf_changed":false},"product_brand":[],"product_cat":[153,177],"product_tag":[],"class_list":{"0":"post-77722","1":"product","2":"type-product","3":"status-publish","4":"has-post-thumbnail","6":"product_cat-all-cs","7":"product_cat-orals-cs","8":"description-off","10":"first","11":"instock","12":"shipping-taxable","13":"product-type-simple"},"acf":[],"yoast_head":"<!-- This site is optimized with the Yoast SEO plugin v27.4 - https:\/\/yoast.com\/product\/yoast-seo-wordpress\/ -->\n<title>Sildenafil citr\u00e1t (Viagra) 100 tabs - Astera Labs<\/title>\n<meta name=\"robots\" content=\"index, follow, max-snippet:-1, max-image-preview:large, max-video-preview:-1\" \/>\n<link rel=\"canonical\" href=\"https:\/\/asteralabs.org\/cs\/product\/sildenafil-citrat-viagra-100-tabs\/\" \/>\n<meta property=\"og:locale\" content=\"cs_CZ\" \/>\n<meta property=\"og:type\" content=\"article\" \/>\n<meta property=\"og:title\" content=\"Sildenafil citr\u00e1t (Viagra) 100 tabs - Astera Labs\" \/>\n<meta property=\"og:description\" content=\"D\u00c1VKOV\u00c1N\u00cd: Sildenafil citr\u00e1t (Viagra) 100 mg\/tab Obsah balen\u00ed: 1 d\u00e1vka, 100 tabulek, 100 mg v ka\u017ed\u00e9 kart\u011b CO JE TO: Je to nejobl\u00edben\u011bj\u0161\u00ed l\u00e9k na l\u00e9\u010dbu erektiln\u00ed dysfunkce, krom\u011b toho m\u016f\u017ee b\u00fdt u\u017eite\u010dn\u00fd pro zlep\u0161en\u00ed krevn\u00edho tlaku a lep\u0161\u00ed prokrven\u00ed. JAK SE POU\u017d\u00cdV\u00c1: VEZM\u011aTE SI NA POMOC P\u0158\u00cdPRAVEK NA EREKCI, KTER\u00dd JE VHODN\u00dd PRO EREKCI:&hellip;\" \/>\n<meta property=\"og:url\" content=\"https:\/\/asteralabs.org\/cs\/product\/sildenafil-citrat-viagra-100-tabs\/\" \/>\n<meta property=\"og:site_name\" content=\"Astera Labs\" \/>\n<meta property=\"article:modified_time\" content=\"2026-01-16T12:00:18+00:00\" \/>\n<meta property=\"og:image\" content=\"https:\/\/asteralabs.org\/wp-content\/uploads\/2023\/01\/Sildenafil-Citrate-100-tabs-mockup-nbg.png\" \/>\n\t<meta property=\"og:image:width\" content=\"2000\" \/>\n\t<meta property=\"og:image:height\" content=\"2000\" \/>\n\t<meta property=\"og:image:type\" content=\"image\/png\" \/>\n<meta name=\"twitter:card\" content=\"summary_large_image\" \/>\n<script type=\"application\/ld+json\" class=\"yoast-schema-graph\">{\"@context\":\"https:\\\/\\\/schema.org\",\"@graph\":[{\"@type\":\"WebPage\",\"@id\":\"https:\\\/\\\/asteralabs.org\\\/cs\\\/product\\\/sildenafil-citrat-viagra-100-tabs\\\/\",\"url\":\"https:\\\/\\\/asteralabs.org\\\/cs\\\/product\\\/sildenafil-citrat-viagra-100-tabs\\\/\",\"name\":\"Sildenafil citr\u00e1t (Viagra) 100 tabs - Astera Labs\",\"isPartOf\":{\"@id\":\"https:\\\/\\\/asteralabs.org\\\/cs\\\/#website\"},\"primaryImageOfPage\":{\"@id\":\"https:\\\/\\\/asteralabs.org\\\/cs\\\/product\\\/sildenafil-citrat-viagra-100-tabs\\\/#primaryimage\"},\"image\":{\"@id\":\"https:\\\/\\\/asteralabs.org\\\/cs\\\/product\\\/sildenafil-citrat-viagra-100-tabs\\\/#primaryimage\"},\"thumbnailUrl\":\"https:\\\/\\\/asteralabs.org\\\/wp-content\\\/uploads\\\/2023\\\/01\\\/Sildenafil-Citrate-100-tabs-mockup-nbg.png\",\"datePublished\":\"2023-01-10T22:30:17+00:00\",\"dateModified\":\"2026-01-16T12:00:18+00:00\",\"breadcrumb\":{\"@id\":\"https:\\\/\\\/asteralabs.org\\\/cs\\\/product\\\/sildenafil-citrat-viagra-100-tabs\\\/#breadcrumb\"},\"inLanguage\":\"cs-CZ\",\"potentialAction\":[{\"@type\":\"ReadAction\",\"target\":[\"https:\\\/\\\/asteralabs.org\\\/cs\\\/product\\\/sildenafil-citrat-viagra-100-tabs\\\/\"]}]},{\"@type\":\"ImageObject\",\"inLanguage\":\"cs-CZ\",\"@id\":\"https:\\\/\\\/asteralabs.org\\\/cs\\\/product\\\/sildenafil-citrat-viagra-100-tabs\\\/#primaryimage\",\"url\":\"https:\\\/\\\/asteralabs.org\\\/wp-content\\\/uploads\\\/2023\\\/01\\\/Sildenafil-Citrate-100-tabs-mockup-nbg.png\",\"contentUrl\":\"https:\\\/\\\/asteralabs.org\\\/wp-content\\\/uploads\\\/2023\\\/01\\\/Sildenafil-Citrate-100-tabs-mockup-nbg.png\",\"width\":2000,\"height\":2000},{\"@type\":\"BreadcrumbList\",\"@id\":\"https:\\\/\\\/asteralabs.org\\\/cs\\\/product\\\/sildenafil-citrat-viagra-100-tabs\\\/#breadcrumb\",\"itemListElement\":[{\"@type\":\"ListItem\",\"position\":1,\"name\":\"Home\",\"item\":\"https:\\\/\\\/asteralabs.org\\\/cs\\\/\"},{\"@type\":\"ListItem\",\"position\":2,\"name\":\"Obchod\",\"item\":\"https:\\\/\\\/asteralabs.org\\\/cs\\\/obchod\\\/\"},{\"@type\":\"ListItem\",\"position\":3,\"name\":\"Sildenafil citr\u00e1t (Viagra) 100 tabs\"}]},{\"@type\":\"WebSite\",\"@id\":\"https:\\\/\\\/asteralabs.org\\\/cs\\\/#website\",\"url\":\"https:\\\/\\\/asteralabs.org\\\/cs\\\/\",\"name\":\"Astera Labs\",\"description\":\"Improve Your Quality Of Life\",\"publisher\":{\"@id\":\"https:\\\/\\\/asteralabs.org\\\/cs\\\/#organization\"},\"potentialAction\":[{\"@type\":\"SearchAction\",\"target\":{\"@type\":\"EntryPoint\",\"urlTemplate\":\"https:\\\/\\\/asteralabs.org\\\/cs\\\/?s={search_term_string}\"},\"query-input\":{\"@type\":\"PropertyValueSpecification\",\"valueRequired\":true,\"valueName\":\"search_term_string\"}}],\"inLanguage\":\"cs-CZ\"},{\"@type\":\"Organization\",\"@id\":\"https:\\\/\\\/asteralabs.org\\\/cs\\\/#organization\",\"name\":\"Astera Labs\",\"url\":\"https:\\\/\\\/asteralabs.org\\\/cs\\\/\",\"logo\":{\"@type\":\"ImageObject\",\"inLanguage\":\"cs-CZ\",\"@id\":\"https:\\\/\\\/asteralabs.org\\\/cs\\\/#\\\/schema\\\/logo\\\/image\\\/\",\"url\":\"https:\\\/\\\/asteralabs.org\\\/wp-content\\\/uploads\\\/2022\\\/12\\\/astera-2.png\",\"contentUrl\":\"https:\\\/\\\/asteralabs.org\\\/wp-content\\\/uploads\\\/2022\\\/12\\\/astera-2.png\",\"width\":437,\"height\":111,\"caption\":\"Astera Labs\"},\"image\":{\"@id\":\"https:\\\/\\\/asteralabs.org\\\/cs\\\/#\\\/schema\\\/logo\\\/image\\\/\"}}]}<\/script>\n<!-- \/ Yoast SEO plugin. -->","yoast_head_json":{"title":"Sildenafil citr\u00e1t (Viagra) 100 tabs - Astera Labs","robots":{"index":"index","follow":"follow","max-snippet":"max-snippet:-1","max-image-preview":"max-image-preview:large","max-video-preview":"max-video-preview:-1"},"canonical":"https:\/\/asteralabs.org\/cs\/product\/sildenafil-citrat-viagra-100-tabs\/","og_locale":"cs_CZ","og_type":"article","og_title":"Sildenafil citr\u00e1t (Viagra) 100 tabs - Astera Labs","og_description":"D\u00c1VKOV\u00c1N\u00cd: Sildenafil citr\u00e1t (Viagra) 100 mg\/tab Obsah balen\u00ed: 1 d\u00e1vka, 100 tabulek, 100 mg v ka\u017ed\u00e9 kart\u011b CO JE TO: Je to nejobl\u00edben\u011bj\u0161\u00ed l\u00e9k na l\u00e9\u010dbu erektiln\u00ed dysfunkce, krom\u011b toho m\u016f\u017ee b\u00fdt u\u017eite\u010dn\u00fd pro zlep\u0161en\u00ed krevn\u00edho tlaku a lep\u0161\u00ed prokrven\u00ed. JAK SE POU\u017d\u00cdV\u00c1: VEZM\u011aTE SI NA POMOC P\u0158\u00cdPRAVEK NA EREKCI, KTER\u00dd JE VHODN\u00dd PRO EREKCI:&hellip;","og_url":"https:\/\/asteralabs.org\/cs\/product\/sildenafil-citrat-viagra-100-tabs\/","og_site_name":"Astera Labs","article_modified_time":"2026-01-16T12:00:18+00:00","og_image":[{"width":2000,"height":2000,"url":"https:\/\/asteralabs.org\/wp-content\/uploads\/2023\/01\/Sildenafil-Citrate-100-tabs-mockup-nbg.png","type":"image\/png"}],"twitter_card":"summary_large_image","schema":{"@context":"https:\/\/schema.org","@graph":[{"@type":"WebPage","@id":"https:\/\/asteralabs.org\/cs\/product\/sildenafil-citrat-viagra-100-tabs\/","url":"https:\/\/asteralabs.org\/cs\/product\/sildenafil-citrat-viagra-100-tabs\/","name":"Sildenafil citr\u00e1t (Viagra) 100 tabs - Astera Labs","isPartOf":{"@id":"https:\/\/asteralabs.org\/cs\/#website"},"primaryImageOfPage":{"@id":"https:\/\/asteralabs.org\/cs\/product\/sildenafil-citrat-viagra-100-tabs\/#primaryimage"},"image":{"@id":"https:\/\/asteralabs.org\/cs\/product\/sildenafil-citrat-viagra-100-tabs\/#primaryimage"},"thumbnailUrl":"https:\/\/asteralabs.org\/wp-content\/uploads\/2023\/01\/Sildenafil-Citrate-100-tabs-mockup-nbg.png","datePublished":"2023-01-10T22:30:17+00:00","dateModified":"2026-01-16T12:00:18+00:00","breadcrumb":{"@id":"https:\/\/asteralabs.org\/cs\/product\/sildenafil-citrat-viagra-100-tabs\/#breadcrumb"},"inLanguage":"cs-CZ","potentialAction":[{"@type":"ReadAction","target":["https:\/\/asteralabs.org\/cs\/product\/sildenafil-citrat-viagra-100-tabs\/"]}]},{"@type":"ImageObject","inLanguage":"cs-CZ","@id":"https:\/\/asteralabs.org\/cs\/product\/sildenafil-citrat-viagra-100-tabs\/#primaryimage","url":"https:\/\/asteralabs.org\/wp-content\/uploads\/2023\/01\/Sildenafil-Citrate-100-tabs-mockup-nbg.png","contentUrl":"https:\/\/asteralabs.org\/wp-content\/uploads\/2023\/01\/Sildenafil-Citrate-100-tabs-mockup-nbg.png","width":2000,"height":2000},{"@type":"BreadcrumbList","@id":"https:\/\/asteralabs.org\/cs\/product\/sildenafil-citrat-viagra-100-tabs\/#breadcrumb","itemListElement":[{"@type":"ListItem","position":1,"name":"Home","item":"https:\/\/asteralabs.org\/cs\/"},{"@type":"ListItem","position":2,"name":"Obchod","item":"https:\/\/asteralabs.org\/cs\/obchod\/"},{"@type":"ListItem","position":3,"name":"Sildenafil citr\u00e1t (Viagra) 100 tabs"}]},{"@type":"WebSite","@id":"https:\/\/asteralabs.org\/cs\/#website","url":"https:\/\/asteralabs.org\/cs\/","name":"Astera Labs","description":"Improve Your Quality Of Life","publisher":{"@id":"https:\/\/asteralabs.org\/cs\/#organization"},"potentialAction":[{"@type":"SearchAction","target":{"@type":"EntryPoint","urlTemplate":"https:\/\/asteralabs.org\/cs\/?s={search_term_string}"},"query-input":{"@type":"PropertyValueSpecification","valueRequired":true,"valueName":"search_term_string"}}],"inLanguage":"cs-CZ"},{"@type":"Organization","@id":"https:\/\/asteralabs.org\/cs\/#organization","name":"Astera Labs","url":"https:\/\/asteralabs.org\/cs\/","logo":{"@type":"ImageObject","inLanguage":"cs-CZ","@id":"https:\/\/asteralabs.org\/cs\/#\/schema\/logo\/image\/","url":"https:\/\/asteralabs.org\/wp-content\/uploads\/2022\/12\/astera-2.png","contentUrl":"https:\/\/asteralabs.org\/wp-content\/uploads\/2022\/12\/astera-2.png","width":437,"height":111,"caption":"Astera Labs"},"image":{"@id":"https:\/\/asteralabs.org\/cs\/#\/schema\/logo\/image\/"}}]}},"_links":{"self":[{"href":"https:\/\/asteralabs.org\/cs\/wp-json\/wp\/v2\/product\/77722","targetHints":{"allow":["GET"]}}],"collection":[{"href":"https:\/\/asteralabs.org\/cs\/wp-json\/wp\/v2\/product"}],"about":[{"href":"https:\/\/asteralabs.org\/cs\/wp-json\/wp\/v2\/types\/product"}],"replies":[{"embeddable":true,"href":"https:\/\/asteralabs.org\/cs\/wp-json\/wp\/v2\/comments?post=77722"}],"version-history":[{"count":0,"href":"https:\/\/asteralabs.org\/cs\/wp-json\/wp\/v2\/product\/77722\/revisions"}],"wp:featuredmedia":[{"embeddable":true,"href":"https:\/\/asteralabs.org\/cs\/wp-json\/wp\/v2\/media\/76103"}],"wp:attachment":[{"href":"https:\/\/asteralabs.org\/cs\/wp-json\/wp\/v2\/media?parent=77722"}],"wp:term":[{"taxonomy":"product_brand","embeddable":true,"href":"https:\/\/asteralabs.org\/cs\/wp-json\/wp\/v2\/product_brand?post=77722"},{"taxonomy":"product_cat","embeddable":true,"href":"https:\/\/asteralabs.org\/cs\/wp-json\/wp\/v2\/product_cat?post=77722"},{"taxonomy":"product_tag","embeddable":true,"href":"https:\/\/asteralabs.org\/cs\/wp-json\/wp\/v2\/product_tag?post=77722"}],"curies":[{"name":"wp","href":"https:\/\/api.w.org\/{rel}","templated":true}]}}