{"id":77749,"date":"2023-01-10T22:23:05","date_gmt":"2023-01-10T22:23:05","guid":{"rendered":"https:\/\/asteralabs.org\/product\/sex-hard-strong-mix-viagra-cialis-dapoxetine-hcl\/"},"modified":"2026-01-15T14:20:23","modified_gmt":"2026-01-15T14:20:23","slug":"sex-hard-strong-mix-viagra-cialis-dapoxetine-hcl","status":"publish","type":"product","link":"https:\/\/asteralabs.org\/cs\/product\/sex-hard-strong-mix-viagra-cialis-dapoxetine-hcl\/","title":{"rendered":"Sex Hard &amp; Strong Mix (Viagra + Cialis + Dapoxetine HCL)"},"content":{"rendered":"<p><strong>D\u00c1VKOV\u00c1N\u00cd: <\/strong><br \/>\nSildenafil citr\u00e1t (Viagra) 50mg\/tab<br \/>\nTadalafil (Cialis) 20mg\/tab<br \/>\nDapoxetin HCL 30mg\/tab <strong>OBSAH BALEN\u00cd: <\/strong><br \/>\n1 d\u00e1vka, 100 tablet, 100 mg v ka\u017ed\u00e9 kart\u011b <strong>CO JE TO: <\/strong><br \/>\nKombinace viagry, cialisu a dapoxetinu v\u00e1m pom\u016f\u017ee dos\u00e1hnout nejlep\u0161\u00edho sexu\u00e1ln\u00edho v\u00fdkonu, jak\u00fd si m\u016f\u017eete p\u0159\u00e1t. Akutn\u00ed \u00fa\u010dinek viagry je kombinov\u00e1n s dlouhodob\u00fdm \u00fa\u010dinkem cialisu a zpomaluj\u00edc\u00edm \u00fa\u010dinkem dapoxetinu. <strong>JAK SE POU\u017d\u00cdV\u00c1: <\/strong><br \/>\nDoporu\u010duje se u\u017e\u00edvat hodinu p\u0159ed sexu\u00e1ln\u00ed aktivitou, aby se projevil jeho \u00fa\u010dinek. Je nutn\u00e9 jej u\u017e\u00edvat pouze jednou denn\u011b a d\u00e1vky by nem\u011bly b\u00fdt vy\u0161\u0161\u00ed ne\u017e 1 tableta denn\u011b.<\/p>\n<p><strong>Informace o \u0161ar\u017ei:<br \/>\n<\/strong>\u010c\u00edslo \u0161ar\u017ee: <span data-sheets-root=\"1\">LW22138<\/span><br \/>\nDatum v\u00fdroby: <span data-sheets-root=\"1\" data-sheets-value=\"{&quot;1&quot;:2,&quot;2&quot;:&quot;03.2023.&quot;}\" data-sheets-userformat=\"{&quot;2&quot;:577,&quot;3&quot;:{&quot;1&quot;:0},&quot;9&quot;:0,&quot;12&quot;:0}\">10.2025.<\/span><br \/>\nDatum exspirace: 10<span data-sheets-root=\"1\" data-sheets-value=\"{&quot;1&quot;:2,&quot;2&quot;:&quot;03.2026.&quot;}\" data-sheets-userformat=\"{&quot;2&quot;:637,&quot;3&quot;:{&quot;1&quot;:0},&quot;5&quot;:{&quot;1&quot;:[{&quot;1&quot;:2,&quot;2&quot;:0,&quot;5&quot;:{&quot;1&quot;:2,&quot;2&quot;:0}},{&quot;1&quot;:0,&quot;2&quot;:0,&quot;3&quot;:3},{&quot;1&quot;:1,&quot;2&quot;:0,&quot;4&quot;:1}]},&quot;6&quot;:{&quot;1&quot;:[{&quot;1&quot;:2,&quot;2&quot;:0,&quot;5&quot;:{&quot;1&quot;:2,&quot;2&quot;:0}},{&quot;1&quot;:0,&quot;2&quot;:0,&quot;3&quot;:3},{&quot;1&quot;:1,&quot;2&quot;:0,&quot;4&quot;:1}]},&quot;7&quot;:{&quot;1&quot;:[{&quot;1&quot;:2,&quot;2&quot;:0,&quot;5&quot;:{&quot;1&quot;:2,&quot;2&quot;:0}},{&quot;1&quot;:0,&quot;2&quot;:0,&quot;3&quot;:3},{&quot;1&quot;:1,&quot;2&quot;:0,&quot;4&quot;:1}]},&quot;8&quot;:{&quot;1&quot;:[{&quot;1&quot;:2,&quot;2&quot;:0,&quot;5&quot;:{&quot;1&quot;:2,&quot;2&quot;:0}},{&quot;1&quot;:0,&quot;2&quot;:0,&quot;3&quot;:3},{&quot;1&quot;:1,&quot;2&quot;:0,&quot;4&quot;:1}]},&quot;9&quot;:0,&quot;12&quot;:0}\">.2028.<\/span><\/p>\n","protected":false},"excerpt":{"rendered":"<p>D\u00c1VKOV\u00c1N\u00cd: Sildenafil citr\u00e1t (Viagra) 50mg\/tab Tadalafil (Cialis) 20mg\/tab Dapoxetin HCL 30mg\/tab OBSAH BALEN\u00cd: 1 d\u00e1vka, 100 tablet, 100 mg v ka\u017ed\u00e9 kart\u011b CO JE TO: Kombinace viagry, cialisu a dapoxetinu v\u00e1m pom\u016f\u017ee dos\u00e1hnout nejlep\u0161\u00edho sexu\u00e1ln\u00edho v\u00fdkonu, jak\u00fd si m\u016f\u017eete p\u0159\u00e1t. Akutn\u00ed \u00fa\u010dinek viagry je kombinov\u00e1n s dlouhodob\u00fdm \u00fa\u010dinkem cialisu a zpomaluj\u00edc\u00edm \u00fa\u010dinkem dapoxetinu. JAK SE&hellip;<\/p>\n","protected":false},"featured_media":76191,"comment_status":"open","ping_status":"closed","template":"","meta":[],"product_cat":[153,177],"product_tag":[],"yoast_head":"<!-- This site is optimized with the Yoast SEO plugin v23.0 - https:\/\/yoast.com\/wordpress\/plugins\/seo\/ -->\n<title>Sex Hard &amp; Strong Mix (Viagra + Cialis + Dapoxetine HCL) - Astera Labs<\/title>\n<meta name=\"robots\" content=\"index, follow, max-snippet:-1, max-image-preview:large, max-video-preview:-1\" \/>\n<link rel=\"canonical\" href=\"https:\/\/asteralabs.org\/cs\/product\/sex-hard-strong-mix-viagra-cialis-dapoxetine-hcl\/\" \/>\n<meta property=\"og:locale\" content=\"cs_CZ\" \/>\n<meta property=\"og:type\" content=\"article\" \/>\n<meta property=\"og:title\" content=\"Sex Hard &amp; Strong Mix (Viagra + Cialis + Dapoxetine HCL) - Astera Labs\" \/>\n<meta property=\"og:description\" content=\"D\u00c1VKOV\u00c1N\u00cd: Sildenafil citr\u00e1t (Viagra) 50mg\/tab Tadalafil (Cialis) 20mg\/tab Dapoxetin HCL 30mg\/tab OBSAH BALEN\u00cd: 1 d\u00e1vka, 100 tablet, 100 mg v ka\u017ed\u00e9 kart\u011b CO JE TO: Kombinace viagry, cialisu a dapoxetinu v\u00e1m pom\u016f\u017ee dos\u00e1hnout nejlep\u0161\u00edho sexu\u00e1ln\u00edho v\u00fdkonu, jak\u00fd si m\u016f\u017eete p\u0159\u00e1t. Akutn\u00ed \u00fa\u010dinek viagry je kombinov\u00e1n s dlouhodob\u00fdm \u00fa\u010dinkem cialisu a zpomaluj\u00edc\u00edm \u00fa\u010dinkem dapoxetinu. JAK SE&hellip;\" \/>\n<meta property=\"og:url\" content=\"https:\/\/asteralabs.org\/cs\/product\/sex-hard-strong-mix-viagra-cialis-dapoxetine-hcl\/\" \/>\n<meta property=\"og:site_name\" content=\"Astera Labs\" \/>\n<meta property=\"article:modified_time\" content=\"2026-01-15T14:20:23+00:00\" \/>\n<meta property=\"og:image\" content=\"https:\/\/asteralabs.org\/wp-content\/uploads\/2023\/01\/Sex-hard-strong-mix-mockup-nbg.png\" \/>\n\t<meta property=\"og:image:width\" content=\"2000\" \/>\n\t<meta property=\"og:image:height\" content=\"2000\" \/>\n\t<meta property=\"og:image:type\" content=\"image\/png\" \/>\n<meta name=\"twitter:card\" content=\"summary_large_image\" \/>\n<script type=\"application\/ld+json\" class=\"yoast-schema-graph\">{\"@context\":\"https:\/\/schema.org\",\"@graph\":[{\"@type\":\"WebPage\",\"@id\":\"https:\/\/asteralabs.org\/cs\/product\/sex-hard-strong-mix-viagra-cialis-dapoxetine-hcl\/\",\"url\":\"https:\/\/asteralabs.org\/cs\/product\/sex-hard-strong-mix-viagra-cialis-dapoxetine-hcl\/\",\"name\":\"Sex Hard &amp; Strong Mix (Viagra + Cialis + Dapoxetine HCL) - Astera Labs\",\"isPartOf\":{\"@id\":\"https:\/\/asteralabs.org\/cs\/#website\"},\"primaryImageOfPage\":{\"@id\":\"https:\/\/asteralabs.org\/cs\/product\/sex-hard-strong-mix-viagra-cialis-dapoxetine-hcl\/#primaryimage\"},\"image\":{\"@id\":\"https:\/\/asteralabs.org\/cs\/product\/sex-hard-strong-mix-viagra-cialis-dapoxetine-hcl\/#primaryimage\"},\"thumbnailUrl\":\"https:\/\/asteralabs.org\/wp-content\/uploads\/2023\/01\/Sex-hard-strong-mix-mockup-nbg.png\",\"datePublished\":\"2023-01-10T22:23:05+00:00\",\"dateModified\":\"2026-01-15T14:20:23+00:00\",\"breadcrumb\":{\"@id\":\"https:\/\/asteralabs.org\/cs\/product\/sex-hard-strong-mix-viagra-cialis-dapoxetine-hcl\/#breadcrumb\"},\"inLanguage\":\"cs\",\"potentialAction\":[{\"@type\":\"ReadAction\",\"target\":[\"https:\/\/asteralabs.org\/cs\/product\/sex-hard-strong-mix-viagra-cialis-dapoxetine-hcl\/\"]}]},{\"@type\":\"ImageObject\",\"inLanguage\":\"cs\",\"@id\":\"https:\/\/asteralabs.org\/cs\/product\/sex-hard-strong-mix-viagra-cialis-dapoxetine-hcl\/#primaryimage\",\"url\":\"https:\/\/asteralabs.org\/wp-content\/uploads\/2023\/01\/Sex-hard-strong-mix-mockup-nbg.png\",\"contentUrl\":\"https:\/\/asteralabs.org\/wp-content\/uploads\/2023\/01\/Sex-hard-strong-mix-mockup-nbg.png\",\"width\":2000,\"height\":2000},{\"@type\":\"BreadcrumbList\",\"@id\":\"https:\/\/asteralabs.org\/cs\/product\/sex-hard-strong-mix-viagra-cialis-dapoxetine-hcl\/#breadcrumb\",\"itemListElement\":[{\"@type\":\"ListItem\",\"position\":1,\"name\":\"Home\",\"item\":\"https:\/\/asteralabs.org\/cs\/\"},{\"@type\":\"ListItem\",\"position\":2,\"name\":\"Obchod\",\"item\":\"https:\/\/asteralabs.org\/obchod\/\"},{\"@type\":\"ListItem\",\"position\":3,\"name\":\"Sex Hard &amp; Strong Mix (Viagra + Cialis + Dapoxetine HCL)\"}]},{\"@type\":\"WebSite\",\"@id\":\"https:\/\/asteralabs.org\/cs\/#website\",\"url\":\"https:\/\/asteralabs.org\/cs\/\",\"name\":\"Astera Labs\",\"description\":\"Improve Your Quality Of Life\",\"publisher\":{\"@id\":\"https:\/\/asteralabs.org\/cs\/#organization\"},\"potentialAction\":[{\"@type\":\"SearchAction\",\"target\":{\"@type\":\"EntryPoint\",\"urlTemplate\":\"https:\/\/asteralabs.org\/cs\/?s={search_term_string}\"},\"query-input\":\"required name=search_term_string\"}],\"inLanguage\":\"cs\"},{\"@type\":\"Organization\",\"@id\":\"https:\/\/asteralabs.org\/cs\/#organization\",\"name\":\"Astera Labs\",\"url\":\"https:\/\/asteralabs.org\/cs\/\",\"logo\":{\"@type\":\"ImageObject\",\"inLanguage\":\"cs\",\"@id\":\"https:\/\/asteralabs.org\/cs\/#\/schema\/logo\/image\/\",\"url\":\"https:\/\/asteralabs.org\/wp-content\/uploads\/2022\/12\/astera-2.png\",\"contentUrl\":\"https:\/\/asteralabs.org\/wp-content\/uploads\/2022\/12\/astera-2.png\",\"width\":437,\"height\":111,\"caption\":\"Astera Labs\"},\"image\":{\"@id\":\"https:\/\/asteralabs.org\/cs\/#\/schema\/logo\/image\/\"}}]}<\/script>\n<!-- \/ Yoast SEO plugin. -->","yoast_head_json":{"title":"Sex Hard &amp; Strong Mix (Viagra + Cialis + Dapoxetine HCL) - Astera Labs","robots":{"index":"index","follow":"follow","max-snippet":"max-snippet:-1","max-image-preview":"max-image-preview:large","max-video-preview":"max-video-preview:-1"},"canonical":"https:\/\/asteralabs.org\/cs\/product\/sex-hard-strong-mix-viagra-cialis-dapoxetine-hcl\/","og_locale":"cs_CZ","og_type":"article","og_title":"Sex Hard &amp; Strong Mix (Viagra + Cialis + Dapoxetine HCL) - Astera Labs","og_description":"D\u00c1VKOV\u00c1N\u00cd: Sildenafil citr\u00e1t (Viagra) 50mg\/tab Tadalafil (Cialis) 20mg\/tab Dapoxetin HCL 30mg\/tab OBSAH BALEN\u00cd: 1 d\u00e1vka, 100 tablet, 100 mg v ka\u017ed\u00e9 kart\u011b CO JE TO: Kombinace viagry, cialisu a dapoxetinu v\u00e1m pom\u016f\u017ee dos\u00e1hnout nejlep\u0161\u00edho sexu\u00e1ln\u00edho v\u00fdkonu, jak\u00fd si m\u016f\u017eete p\u0159\u00e1t. Akutn\u00ed \u00fa\u010dinek viagry je kombinov\u00e1n s dlouhodob\u00fdm \u00fa\u010dinkem cialisu a zpomaluj\u00edc\u00edm \u00fa\u010dinkem dapoxetinu. JAK SE&hellip;","og_url":"https:\/\/asteralabs.org\/cs\/product\/sex-hard-strong-mix-viagra-cialis-dapoxetine-hcl\/","og_site_name":"Astera Labs","article_modified_time":"2026-01-15T14:20:23+00:00","og_image":[{"width":2000,"height":2000,"url":"https:\/\/asteralabs.org\/wp-content\/uploads\/2023\/01\/Sex-hard-strong-mix-mockup-nbg.png","type":"image\/png"}],"twitter_card":"summary_large_image","schema":{"@context":"https:\/\/schema.org","@graph":[{"@type":"WebPage","@id":"https:\/\/asteralabs.org\/cs\/product\/sex-hard-strong-mix-viagra-cialis-dapoxetine-hcl\/","url":"https:\/\/asteralabs.org\/cs\/product\/sex-hard-strong-mix-viagra-cialis-dapoxetine-hcl\/","name":"Sex Hard &amp; Strong Mix (Viagra + Cialis + Dapoxetine HCL) - Astera Labs","isPartOf":{"@id":"https:\/\/asteralabs.org\/cs\/#website"},"primaryImageOfPage":{"@id":"https:\/\/asteralabs.org\/cs\/product\/sex-hard-strong-mix-viagra-cialis-dapoxetine-hcl\/#primaryimage"},"image":{"@id":"https:\/\/asteralabs.org\/cs\/product\/sex-hard-strong-mix-viagra-cialis-dapoxetine-hcl\/#primaryimage"},"thumbnailUrl":"https:\/\/asteralabs.org\/wp-content\/uploads\/2023\/01\/Sex-hard-strong-mix-mockup-nbg.png","datePublished":"2023-01-10T22:23:05+00:00","dateModified":"2026-01-15T14:20:23+00:00","breadcrumb":{"@id":"https:\/\/asteralabs.org\/cs\/product\/sex-hard-strong-mix-viagra-cialis-dapoxetine-hcl\/#breadcrumb"},"inLanguage":"cs","potentialAction":[{"@type":"ReadAction","target":["https:\/\/asteralabs.org\/cs\/product\/sex-hard-strong-mix-viagra-cialis-dapoxetine-hcl\/"]}]},{"@type":"ImageObject","inLanguage":"cs","@id":"https:\/\/asteralabs.org\/cs\/product\/sex-hard-strong-mix-viagra-cialis-dapoxetine-hcl\/#primaryimage","url":"https:\/\/asteralabs.org\/wp-content\/uploads\/2023\/01\/Sex-hard-strong-mix-mockup-nbg.png","contentUrl":"https:\/\/asteralabs.org\/wp-content\/uploads\/2023\/01\/Sex-hard-strong-mix-mockup-nbg.png","width":2000,"height":2000},{"@type":"BreadcrumbList","@id":"https:\/\/asteralabs.org\/cs\/product\/sex-hard-strong-mix-viagra-cialis-dapoxetine-hcl\/#breadcrumb","itemListElement":[{"@type":"ListItem","position":1,"name":"Home","item":"https:\/\/asteralabs.org\/cs\/"},{"@type":"ListItem","position":2,"name":"Obchod","item":"https:\/\/asteralabs.org\/obchod\/"},{"@type":"ListItem","position":3,"name":"Sex Hard &amp; Strong Mix (Viagra + Cialis + Dapoxetine HCL)"}]},{"@type":"WebSite","@id":"https:\/\/asteralabs.org\/cs\/#website","url":"https:\/\/asteralabs.org\/cs\/","name":"Astera Labs","description":"Improve Your Quality Of Life","publisher":{"@id":"https:\/\/asteralabs.org\/cs\/#organization"},"potentialAction":[{"@type":"SearchAction","target":{"@type":"EntryPoint","urlTemplate":"https:\/\/asteralabs.org\/cs\/?s={search_term_string}"},"query-input":"required name=search_term_string"}],"inLanguage":"cs"},{"@type":"Organization","@id":"https:\/\/asteralabs.org\/cs\/#organization","name":"Astera Labs","url":"https:\/\/asteralabs.org\/cs\/","logo":{"@type":"ImageObject","inLanguage":"cs","@id":"https:\/\/asteralabs.org\/cs\/#\/schema\/logo\/image\/","url":"https:\/\/asteralabs.org\/wp-content\/uploads\/2022\/12\/astera-2.png","contentUrl":"https:\/\/asteralabs.org\/wp-content\/uploads\/2022\/12\/astera-2.png","width":437,"height":111,"caption":"Astera Labs"},"image":{"@id":"https:\/\/asteralabs.org\/cs\/#\/schema\/logo\/image\/"}}]}},"_links":{"self":[{"href":"https:\/\/asteralabs.org\/cs\/wp-json\/wp\/v2\/product\/77749"}],"collection":[{"href":"https:\/\/asteralabs.org\/cs\/wp-json\/wp\/v2\/product"}],"about":[{"href":"https:\/\/asteralabs.org\/cs\/wp-json\/wp\/v2\/types\/product"}],"replies":[{"embeddable":true,"href":"https:\/\/asteralabs.org\/cs\/wp-json\/wp\/v2\/comments?post=77749"}],"version-history":[{"count":2,"href":"https:\/\/asteralabs.org\/cs\/wp-json\/wp\/v2\/product\/77749\/revisions"}],"predecessor-version":[{"id":79995,"href":"https:\/\/asteralabs.org\/cs\/wp-json\/wp\/v2\/product\/77749\/revisions\/79995"}],"wp:featuredmedia":[{"embeddable":true,"href":"https:\/\/asteralabs.org\/cs\/wp-json\/wp\/v2\/media\/76191"}],"wp:attachment":[{"href":"https:\/\/asteralabs.org\/cs\/wp-json\/wp\/v2\/media?parent=77749"}],"wp:term":[{"taxonomy":"product_cat","embeddable":true,"href":"https:\/\/asteralabs.org\/cs\/wp-json\/wp\/v2\/product_cat?post=77749"},{"taxonomy":"product_tag","embeddable":true,"href":"https:\/\/asteralabs.org\/cs\/wp-json\/wp\/v2\/product_tag?post=77749"}],"curies":[{"name":"wp","href":"https:\/\/api.w.org\/{rel}","templated":true}]}}