{"id":77755,"date":"2023-01-10T22:21:28","date_gmt":"2023-01-10T22:21:28","guid":{"rendered":"https:\/\/asteralabs.org\/product\/methyldrostanolone-superdrol-2\/"},"modified":"2026-01-16T10:06:59","modified_gmt":"2026-01-16T10:06:59","slug":"methyldrostanolone-superdrol-2","status":"publish","type":"product","link":"https:\/\/asteralabs.org\/cs\/product\/methyldrostanolone-superdrol-2\/","title":{"rendered":"Methyldrostanolone (Superdrol)"},"content":{"rendered":"<p><strong>D\u00c1VKOV\u00c1N\u00cd: <\/strong><br \/>\n<strong>Obsah balen\u00ed: <\/strong><br \/>\n1 satchet, 50tabs, 10 mg v jedn\u00e9 tablet\u011b <strong>CO TO JE: <\/strong><br \/>\nMethyldrosnanolon zn\u00e1m\u00fd tak\u00e9 jako Superdrol je nejsiln\u011bj\u0161\u00ed existuj\u00edc\u00ed peror\u00e1ln\u00ed steroid. Je to metylovan\u00e1 modifikace drostanolonu, ale nevypad\u00e1 tak, m\u00e1 vysokou anabolickou a androgenn\u00ed s\u00edlu a m\u016f\u017ee b\u00fdt pou\u017eit v objemov\u00e9, \u0159ezan\u00e9 nebo v silov\u00e9 f\u00e1zi a stejn\u011b jako Anadrol nasycuje glykogenov\u00e9 z\u00e1soby. Je to velmi hepatotoxick\u00fd steroid. <strong>JAK SE POU\u017d\u00cdV\u00c1: <\/strong><br \/>\nD\u00e1vka 10 mg je ji\u017e velmi \u00fa\u010dinn\u00e1, ale \u010dasto se pou\u017e\u00edvaj\u00ed d\u00e1vky a\u017e 20-30 mg denn\u011b. Doporu\u010dujeme u\u017e\u00edvat maxim\u00e1ln\u011b po dobu 4 t\u00fddn\u016f. Doporu\u010dujeme rozd\u011blit si d\u00e1vku dvakr\u00e1t denn\u011b. M\u011bl by se u\u017e\u00edvat spole\u010dn\u011b s p\u0159\u00edpravkem na ochranu jater, jako je nap\u0159\u00edklad TUDCA. <strong>INFORMACE O \u0160AR\u017dI:<br \/>\n<\/strong>\u010c\u00edslo \u0161ar\u017ee: <span data-sheets-root=\"1\" data-sheets-value=\"{\" data-sheets-userformat=\"{\">VA38269<\/span><br \/>\nDatum v\u00fdroby: 10<span data-sheets-root=\"1\" data-sheets-value=\"{&quot;1&quot;:2,&quot;2&quot;:&quot;03.2023.&quot;}\" data-sheets-userformat=\"{&quot;2&quot;:577,&quot;3&quot;:{&quot;1&quot;:0},&quot;9&quot;:0,&quot;12&quot;:0}\">.2025.<\/span><br \/>\nDatum exspirace: <span data-sheets-root=\"1\" data-sheets-value=\"{\" data-sheets-userformat=\"{\">10.2028.<\/span><\/p>\n","protected":false},"excerpt":{"rendered":"<p>D\u00c1VKOV\u00c1N\u00cd: Obsah balen\u00ed: 1 satchet, 50tabs, 10 mg v jedn\u00e9 tablet\u011b CO TO JE: Methyldrosnanolon zn\u00e1m\u00fd tak\u00e9 jako Superdrol je nejsiln\u011bj\u0161\u00ed existuj\u00edc\u00ed peror\u00e1ln\u00ed steroid. Je to metylovan\u00e1 modifikace drostanolonu, ale nevypad\u00e1 tak, m\u00e1 vysokou anabolickou a androgenn\u00ed s\u00edlu a m\u016f\u017ee b\u00fdt pou\u017eit v objemov\u00e9, \u0159ezan\u00e9 nebo v silov\u00e9 f\u00e1zi a stejn\u011b jako Anadrol nasycuje glykogenov\u00e9&hellip;<\/p>\n","protected":false},"featured_media":76295,"comment_status":"open","ping_status":"closed","template":"","meta":[],"product_cat":[153,177],"product_tag":[],"yoast_head":"<!-- This site is optimized with the Yoast SEO plugin v23.0 - https:\/\/yoast.com\/wordpress\/plugins\/seo\/ -->\n<title>Methyldrostanolone (Superdrol) - Astera Labs<\/title>\n<meta name=\"robots\" content=\"index, follow, max-snippet:-1, max-image-preview:large, max-video-preview:-1\" \/>\n<link rel=\"canonical\" href=\"https:\/\/asteralabs.org\/cs\/product\/methyldrostanolone-superdrol-2\/\" \/>\n<meta property=\"og:locale\" content=\"cs_CZ\" \/>\n<meta property=\"og:type\" content=\"article\" \/>\n<meta property=\"og:title\" content=\"Methyldrostanolone (Superdrol) - Astera Labs\" \/>\n<meta property=\"og:description\" content=\"D\u00c1VKOV\u00c1N\u00cd: Obsah balen\u00ed: 1 satchet, 50tabs, 10 mg v jedn\u00e9 tablet\u011b CO TO JE: Methyldrosnanolon zn\u00e1m\u00fd tak\u00e9 jako Superdrol je nejsiln\u011bj\u0161\u00ed existuj\u00edc\u00ed peror\u00e1ln\u00ed steroid. Je to metylovan\u00e1 modifikace drostanolonu, ale nevypad\u00e1 tak, m\u00e1 vysokou anabolickou a androgenn\u00ed s\u00edlu a m\u016f\u017ee b\u00fdt pou\u017eit v objemov\u00e9, \u0159ezan\u00e9 nebo v silov\u00e9 f\u00e1zi a stejn\u011b jako Anadrol nasycuje glykogenov\u00e9&hellip;\" \/>\n<meta property=\"og:url\" content=\"https:\/\/asteralabs.org\/cs\/product\/methyldrostanolone-superdrol-2\/\" \/>\n<meta property=\"og:site_name\" content=\"Astera Labs\" \/>\n<meta property=\"article:modified_time\" content=\"2026-01-16T10:06:59+00:00\" \/>\n<meta property=\"og:image\" content=\"https:\/\/asteralabs.org\/wp-content\/uploads\/2023\/01\/Methyldrostanolone-superdrol-mockup-nbg.png\" \/>\n\t<meta property=\"og:image:width\" content=\"2000\" \/>\n\t<meta property=\"og:image:height\" content=\"2000\" \/>\n\t<meta property=\"og:image:type\" content=\"image\/png\" \/>\n<meta name=\"twitter:card\" content=\"summary_large_image\" \/>\n<script type=\"application\/ld+json\" class=\"yoast-schema-graph\">{\"@context\":\"https:\/\/schema.org\",\"@graph\":[{\"@type\":\"WebPage\",\"@id\":\"https:\/\/asteralabs.org\/cs\/product\/methyldrostanolone-superdrol-2\/\",\"url\":\"https:\/\/asteralabs.org\/cs\/product\/methyldrostanolone-superdrol-2\/\",\"name\":\"Methyldrostanolone (Superdrol) - Astera Labs\",\"isPartOf\":{\"@id\":\"https:\/\/asteralabs.org\/cs\/#website\"},\"primaryImageOfPage\":{\"@id\":\"https:\/\/asteralabs.org\/cs\/product\/methyldrostanolone-superdrol-2\/#primaryimage\"},\"image\":{\"@id\":\"https:\/\/asteralabs.org\/cs\/product\/methyldrostanolone-superdrol-2\/#primaryimage\"},\"thumbnailUrl\":\"https:\/\/asteralabs.org\/wp-content\/uploads\/2023\/01\/Methyldrostanolone-superdrol-mockup-nbg.png\",\"datePublished\":\"2023-01-10T22:21:28+00:00\",\"dateModified\":\"2026-01-16T10:06:59+00:00\",\"breadcrumb\":{\"@id\":\"https:\/\/asteralabs.org\/cs\/product\/methyldrostanolone-superdrol-2\/#breadcrumb\"},\"inLanguage\":\"cs\",\"potentialAction\":[{\"@type\":\"ReadAction\",\"target\":[\"https:\/\/asteralabs.org\/cs\/product\/methyldrostanolone-superdrol-2\/\"]}]},{\"@type\":\"ImageObject\",\"inLanguage\":\"cs\",\"@id\":\"https:\/\/asteralabs.org\/cs\/product\/methyldrostanolone-superdrol-2\/#primaryimage\",\"url\":\"https:\/\/asteralabs.org\/wp-content\/uploads\/2023\/01\/Methyldrostanolone-superdrol-mockup-nbg.png\",\"contentUrl\":\"https:\/\/asteralabs.org\/wp-content\/uploads\/2023\/01\/Methyldrostanolone-superdrol-mockup-nbg.png\",\"width\":2000,\"height\":2000},{\"@type\":\"BreadcrumbList\",\"@id\":\"https:\/\/asteralabs.org\/cs\/product\/methyldrostanolone-superdrol-2\/#breadcrumb\",\"itemListElement\":[{\"@type\":\"ListItem\",\"position\":1,\"name\":\"Home\",\"item\":\"https:\/\/asteralabs.org\/cs\/\"},{\"@type\":\"ListItem\",\"position\":2,\"name\":\"Obchod\",\"item\":\"https:\/\/asteralabs.org\/obchod\/\"},{\"@type\":\"ListItem\",\"position\":3,\"name\":\"Methyldrostanolone (Superdrol)\"}]},{\"@type\":\"WebSite\",\"@id\":\"https:\/\/asteralabs.org\/cs\/#website\",\"url\":\"https:\/\/asteralabs.org\/cs\/\",\"name\":\"Astera Labs\",\"description\":\"Improve Your Quality Of Life\",\"publisher\":{\"@id\":\"https:\/\/asteralabs.org\/cs\/#organization\"},\"potentialAction\":[{\"@type\":\"SearchAction\",\"target\":{\"@type\":\"EntryPoint\",\"urlTemplate\":\"https:\/\/asteralabs.org\/cs\/?s={search_term_string}\"},\"query-input\":\"required name=search_term_string\"}],\"inLanguage\":\"cs\"},{\"@type\":\"Organization\",\"@id\":\"https:\/\/asteralabs.org\/cs\/#organization\",\"name\":\"Astera Labs\",\"url\":\"https:\/\/asteralabs.org\/cs\/\",\"logo\":{\"@type\":\"ImageObject\",\"inLanguage\":\"cs\",\"@id\":\"https:\/\/asteralabs.org\/cs\/#\/schema\/logo\/image\/\",\"url\":\"https:\/\/asteralabs.org\/wp-content\/uploads\/2022\/12\/astera-2.png\",\"contentUrl\":\"https:\/\/asteralabs.org\/wp-content\/uploads\/2022\/12\/astera-2.png\",\"width\":437,\"height\":111,\"caption\":\"Astera Labs\"},\"image\":{\"@id\":\"https:\/\/asteralabs.org\/cs\/#\/schema\/logo\/image\/\"}}]}<\/script>\n<!-- \/ Yoast SEO plugin. -->","yoast_head_json":{"title":"Methyldrostanolone (Superdrol) - Astera Labs","robots":{"index":"index","follow":"follow","max-snippet":"max-snippet:-1","max-image-preview":"max-image-preview:large","max-video-preview":"max-video-preview:-1"},"canonical":"https:\/\/asteralabs.org\/cs\/product\/methyldrostanolone-superdrol-2\/","og_locale":"cs_CZ","og_type":"article","og_title":"Methyldrostanolone (Superdrol) - Astera Labs","og_description":"D\u00c1VKOV\u00c1N\u00cd: Obsah balen\u00ed: 1 satchet, 50tabs, 10 mg v jedn\u00e9 tablet\u011b CO TO JE: Methyldrosnanolon zn\u00e1m\u00fd tak\u00e9 jako Superdrol je nejsiln\u011bj\u0161\u00ed existuj\u00edc\u00ed peror\u00e1ln\u00ed steroid. Je to metylovan\u00e1 modifikace drostanolonu, ale nevypad\u00e1 tak, m\u00e1 vysokou anabolickou a androgenn\u00ed s\u00edlu a m\u016f\u017ee b\u00fdt pou\u017eit v objemov\u00e9, \u0159ezan\u00e9 nebo v silov\u00e9 f\u00e1zi a stejn\u011b jako Anadrol nasycuje glykogenov\u00e9&hellip;","og_url":"https:\/\/asteralabs.org\/cs\/product\/methyldrostanolone-superdrol-2\/","og_site_name":"Astera Labs","article_modified_time":"2026-01-16T10:06:59+00:00","og_image":[{"width":2000,"height":2000,"url":"https:\/\/asteralabs.org\/wp-content\/uploads\/2023\/01\/Methyldrostanolone-superdrol-mockup-nbg.png","type":"image\/png"}],"twitter_card":"summary_large_image","schema":{"@context":"https:\/\/schema.org","@graph":[{"@type":"WebPage","@id":"https:\/\/asteralabs.org\/cs\/product\/methyldrostanolone-superdrol-2\/","url":"https:\/\/asteralabs.org\/cs\/product\/methyldrostanolone-superdrol-2\/","name":"Methyldrostanolone (Superdrol) - Astera Labs","isPartOf":{"@id":"https:\/\/asteralabs.org\/cs\/#website"},"primaryImageOfPage":{"@id":"https:\/\/asteralabs.org\/cs\/product\/methyldrostanolone-superdrol-2\/#primaryimage"},"image":{"@id":"https:\/\/asteralabs.org\/cs\/product\/methyldrostanolone-superdrol-2\/#primaryimage"},"thumbnailUrl":"https:\/\/asteralabs.org\/wp-content\/uploads\/2023\/01\/Methyldrostanolone-superdrol-mockup-nbg.png","datePublished":"2023-01-10T22:21:28+00:00","dateModified":"2026-01-16T10:06:59+00:00","breadcrumb":{"@id":"https:\/\/asteralabs.org\/cs\/product\/methyldrostanolone-superdrol-2\/#breadcrumb"},"inLanguage":"cs","potentialAction":[{"@type":"ReadAction","target":["https:\/\/asteralabs.org\/cs\/product\/methyldrostanolone-superdrol-2\/"]}]},{"@type":"ImageObject","inLanguage":"cs","@id":"https:\/\/asteralabs.org\/cs\/product\/methyldrostanolone-superdrol-2\/#primaryimage","url":"https:\/\/asteralabs.org\/wp-content\/uploads\/2023\/01\/Methyldrostanolone-superdrol-mockup-nbg.png","contentUrl":"https:\/\/asteralabs.org\/wp-content\/uploads\/2023\/01\/Methyldrostanolone-superdrol-mockup-nbg.png","width":2000,"height":2000},{"@type":"BreadcrumbList","@id":"https:\/\/asteralabs.org\/cs\/product\/methyldrostanolone-superdrol-2\/#breadcrumb","itemListElement":[{"@type":"ListItem","position":1,"name":"Home","item":"https:\/\/asteralabs.org\/cs\/"},{"@type":"ListItem","position":2,"name":"Obchod","item":"https:\/\/asteralabs.org\/obchod\/"},{"@type":"ListItem","position":3,"name":"Methyldrostanolone (Superdrol)"}]},{"@type":"WebSite","@id":"https:\/\/asteralabs.org\/cs\/#website","url":"https:\/\/asteralabs.org\/cs\/","name":"Astera Labs","description":"Improve Your Quality Of Life","publisher":{"@id":"https:\/\/asteralabs.org\/cs\/#organization"},"potentialAction":[{"@type":"SearchAction","target":{"@type":"EntryPoint","urlTemplate":"https:\/\/asteralabs.org\/cs\/?s={search_term_string}"},"query-input":"required name=search_term_string"}],"inLanguage":"cs"},{"@type":"Organization","@id":"https:\/\/asteralabs.org\/cs\/#organization","name":"Astera Labs","url":"https:\/\/asteralabs.org\/cs\/","logo":{"@type":"ImageObject","inLanguage":"cs","@id":"https:\/\/asteralabs.org\/cs\/#\/schema\/logo\/image\/","url":"https:\/\/asteralabs.org\/wp-content\/uploads\/2022\/12\/astera-2.png","contentUrl":"https:\/\/asteralabs.org\/wp-content\/uploads\/2022\/12\/astera-2.png","width":437,"height":111,"caption":"Astera Labs"},"image":{"@id":"https:\/\/asteralabs.org\/cs\/#\/schema\/logo\/image\/"}}]}},"_links":{"self":[{"href":"https:\/\/asteralabs.org\/cs\/wp-json\/wp\/v2\/product\/77755"}],"collection":[{"href":"https:\/\/asteralabs.org\/cs\/wp-json\/wp\/v2\/product"}],"about":[{"href":"https:\/\/asteralabs.org\/cs\/wp-json\/wp\/v2\/types\/product"}],"replies":[{"embeddable":true,"href":"https:\/\/asteralabs.org\/cs\/wp-json\/wp\/v2\/comments?post=77755"}],"version-history":[{"count":0,"href":"https:\/\/asteralabs.org\/cs\/wp-json\/wp\/v2\/product\/77755\/revisions"}],"wp:featuredmedia":[{"embeddable":true,"href":"https:\/\/asteralabs.org\/cs\/wp-json\/wp\/v2\/media\/76295"}],"wp:attachment":[{"href":"https:\/\/asteralabs.org\/cs\/wp-json\/wp\/v2\/media?parent=77755"}],"wp:term":[{"taxonomy":"product_cat","embeddable":true,"href":"https:\/\/asteralabs.org\/cs\/wp-json\/wp\/v2\/product_cat?post=77755"},{"taxonomy":"product_tag","embeddable":true,"href":"https:\/\/asteralabs.org\/cs\/wp-json\/wp\/v2\/product_tag?post=77755"}],"curies":[{"name":"wp","href":"https:\/\/api.w.org\/{rel}","templated":true}]}}