{"id":77762,"date":"2023-01-10T22:19:43","date_gmt":"2023-01-10T22:19:43","guid":{"rendered":"https:\/\/asteralabs.org\/product\/mesterolon\/"},"modified":"2026-01-16T09:36:00","modified_gmt":"2026-01-16T09:36:00","slug":"mesterolon","status":"publish","type":"product","link":"https:\/\/asteralabs.org\/cs\/product\/mesterolon\/","title":{"rendered":"Mesterolon"},"content":{"rendered":"<p><strong>D\u00c1VKOV\u00c1N\u00cd: <\/strong><br \/>\n<strong>Obsah balen\u00ed: <\/strong><br \/>\n1 satchet, 50tabs, 50 mg v jedn\u00e9 tablet\u011b <strong>CO TO JE: <\/strong><br \/>\nMesterolon je androgenn\u00ed a anabolick\u00fd steroid pou\u017e\u00edvan\u00fd p\u0159i l\u00e9\u010db\u011b nedostatku androgen\u016f a k podpo\u0159e mu\u017esk\u00e9 plodnosti, Pou\u017e\u00edv\u00e1 se tak\u00e9 k l\u00e9\u010db\u011b opo\u017ed\u011bn\u00e9 puberty u chlapc\u016f. Proto\u017ee postr\u00e1d\u00e1 estrogenn\u00ed \u00fa\u010dinky, m\u016f\u017ee b\u00fdt mesterolon indikov\u00e1n k l\u00e9\u010db\u011b p\u0159\u00edpad\u016f nedostatku androgen\u016f, u kter\u00fdch je p\u0159\u00edtomna tak\u00e9 gynekomastie. <strong>JAK SE POU\u017d\u00cdV\u00c1: <\/strong><br \/>\nJeho nej\u010dast\u011bj\u0161\u00ed pou\u017eit\u00ed je pro androgenn\u00ed podporu, je u\u017eite\u010dn\u00fd pro zv\u00fd\u0161en\u00ed libida, spalov\u00e1n\u00ed v\u011bt\u0161\u00edho mno\u017estv\u00ed tuku nebo pro zamezen\u00ed vedlej\u0161\u00edch \u00fa\u010dink\u016f jin\u00fdch l\u00e1tek, jako je nandrolon. D\u00e1vky se li\u0161\u00ed v z\u00e1vislosti na tom, co je pot\u0159eba, p\u0159i\u010dem\u017e nej\u010dast\u011bj\u0161\u00ed je 50-100 mg, doporu\u010duji rozd\u011blit d\u00e1vku do dvou denn\u00edch d\u00e1vek. Proviron je obvykle bez z\u00e1va\u017en\u00fdch vedlej\u0161\u00edch \u00fa\u010dink\u016f. <strong>Informace o \u0161ar\u017ei:<br \/>\n<\/strong>\u010c\u00edslo \u0161ar\u017ee: <span data-sheets-root=\"1\" data-sheets-value=\"{\" data-sheets-userformat=\"{\">GZ77347<\/span><br \/>\nDatum v\u00fdroby: <span data-sheets-root=\"1\" data-sheets-value=\"{\" data-sheets-userformat=\"{\">10.2025.<\/span><br \/>\nDatum exspirace: <span data-sheets-root=\"1\" data-sheets-value=\"{\" data-sheets-userformat=\"{\">10.2028.<\/span><\/p>\n","protected":false},"excerpt":{"rendered":"<p>D\u00c1VKOV\u00c1N\u00cd: Obsah balen\u00ed: 1 satchet, 50tabs, 50 mg v jedn\u00e9 tablet\u011b CO TO JE: Mesterolon je androgenn\u00ed a anabolick\u00fd steroid pou\u017e\u00edvan\u00fd p\u0159i l\u00e9\u010db\u011b nedostatku androgen\u016f a k podpo\u0159e mu\u017esk\u00e9 plodnosti, Pou\u017e\u00edv\u00e1 se tak\u00e9 k l\u00e9\u010db\u011b opo\u017ed\u011bn\u00e9 puberty u chlapc\u016f. Proto\u017ee postr\u00e1d\u00e1 estrogenn\u00ed \u00fa\u010dinky, m\u016f\u017ee b\u00fdt mesterolon indikov\u00e1n k l\u00e9\u010db\u011b p\u0159\u00edpad\u016f nedostatku androgen\u016f, u kter\u00fdch je&hellip;<\/p>\n","protected":false},"featured_media":76271,"comment_status":"open","ping_status":"closed","template":"","meta":[],"product_cat":[153,177],"product_tag":[],"yoast_head":"<!-- This site is optimized with the Yoast SEO plugin v23.0 - https:\/\/yoast.com\/wordpress\/plugins\/seo\/ -->\n<title>Mesterolon - Astera Labs<\/title>\n<meta name=\"robots\" content=\"index, follow, max-snippet:-1, max-image-preview:large, max-video-preview:-1\" \/>\n<link rel=\"canonical\" href=\"https:\/\/asteralabs.org\/cs\/product\/mesterolon\/\" \/>\n<meta property=\"og:locale\" content=\"cs_CZ\" \/>\n<meta property=\"og:type\" content=\"article\" \/>\n<meta property=\"og:title\" content=\"Mesterolon - Astera Labs\" \/>\n<meta property=\"og:description\" content=\"D\u00c1VKOV\u00c1N\u00cd: Obsah balen\u00ed: 1 satchet, 50tabs, 50 mg v jedn\u00e9 tablet\u011b CO TO JE: Mesterolon je androgenn\u00ed a anabolick\u00fd steroid pou\u017e\u00edvan\u00fd p\u0159i l\u00e9\u010db\u011b nedostatku androgen\u016f a k podpo\u0159e mu\u017esk\u00e9 plodnosti, Pou\u017e\u00edv\u00e1 se tak\u00e9 k l\u00e9\u010db\u011b opo\u017ed\u011bn\u00e9 puberty u chlapc\u016f. Proto\u017ee postr\u00e1d\u00e1 estrogenn\u00ed \u00fa\u010dinky, m\u016f\u017ee b\u00fdt mesterolon indikov\u00e1n k l\u00e9\u010db\u011b p\u0159\u00edpad\u016f nedostatku androgen\u016f, u kter\u00fdch je&hellip;\" \/>\n<meta property=\"og:url\" content=\"https:\/\/asteralabs.org\/cs\/product\/mesterolon\/\" \/>\n<meta property=\"og:site_name\" content=\"Astera Labs\" \/>\n<meta property=\"article:modified_time\" content=\"2026-01-16T09:36:00+00:00\" \/>\n<meta property=\"og:image\" content=\"https:\/\/asteralabs.org\/wp-content\/uploads\/2023\/01\/Mesterolone-mockup-nbg.png\" \/>\n\t<meta property=\"og:image:width\" content=\"2000\" \/>\n\t<meta property=\"og:image:height\" content=\"2000\" \/>\n\t<meta property=\"og:image:type\" content=\"image\/png\" \/>\n<meta name=\"twitter:card\" content=\"summary_large_image\" \/>\n<script type=\"application\/ld+json\" class=\"yoast-schema-graph\">{\"@context\":\"https:\/\/schema.org\",\"@graph\":[{\"@type\":\"WebPage\",\"@id\":\"https:\/\/asteralabs.org\/cs\/product\/mesterolon\/\",\"url\":\"https:\/\/asteralabs.org\/cs\/product\/mesterolon\/\",\"name\":\"Mesterolon - Astera Labs\",\"isPartOf\":{\"@id\":\"https:\/\/asteralabs.org\/cs\/#website\"},\"primaryImageOfPage\":{\"@id\":\"https:\/\/asteralabs.org\/cs\/product\/mesterolon\/#primaryimage\"},\"image\":{\"@id\":\"https:\/\/asteralabs.org\/cs\/product\/mesterolon\/#primaryimage\"},\"thumbnailUrl\":\"https:\/\/asteralabs.org\/wp-content\/uploads\/2023\/01\/Mesterolone-mockup-nbg.png\",\"datePublished\":\"2023-01-10T22:19:43+00:00\",\"dateModified\":\"2026-01-16T09:36:00+00:00\",\"breadcrumb\":{\"@id\":\"https:\/\/asteralabs.org\/cs\/product\/mesterolon\/#breadcrumb\"},\"inLanguage\":\"cs\",\"potentialAction\":[{\"@type\":\"ReadAction\",\"target\":[\"https:\/\/asteralabs.org\/cs\/product\/mesterolon\/\"]}]},{\"@type\":\"ImageObject\",\"inLanguage\":\"cs\",\"@id\":\"https:\/\/asteralabs.org\/cs\/product\/mesterolon\/#primaryimage\",\"url\":\"https:\/\/asteralabs.org\/wp-content\/uploads\/2023\/01\/Mesterolone-mockup-nbg.png\",\"contentUrl\":\"https:\/\/asteralabs.org\/wp-content\/uploads\/2023\/01\/Mesterolone-mockup-nbg.png\",\"width\":2000,\"height\":2000},{\"@type\":\"BreadcrumbList\",\"@id\":\"https:\/\/asteralabs.org\/cs\/product\/mesterolon\/#breadcrumb\",\"itemListElement\":[{\"@type\":\"ListItem\",\"position\":1,\"name\":\"Home\",\"item\":\"https:\/\/asteralabs.org\/cs\/\"},{\"@type\":\"ListItem\",\"position\":2,\"name\":\"Obchod\",\"item\":\"https:\/\/asteralabs.org\/obchod\/\"},{\"@type\":\"ListItem\",\"position\":3,\"name\":\"Mesterolon\"}]},{\"@type\":\"WebSite\",\"@id\":\"https:\/\/asteralabs.org\/cs\/#website\",\"url\":\"https:\/\/asteralabs.org\/cs\/\",\"name\":\"Astera Labs\",\"description\":\"Improve Your Quality Of Life\",\"publisher\":{\"@id\":\"https:\/\/asteralabs.org\/cs\/#organization\"},\"potentialAction\":[{\"@type\":\"SearchAction\",\"target\":{\"@type\":\"EntryPoint\",\"urlTemplate\":\"https:\/\/asteralabs.org\/cs\/?s={search_term_string}\"},\"query-input\":\"required name=search_term_string\"}],\"inLanguage\":\"cs\"},{\"@type\":\"Organization\",\"@id\":\"https:\/\/asteralabs.org\/cs\/#organization\",\"name\":\"Astera Labs\",\"url\":\"https:\/\/asteralabs.org\/cs\/\",\"logo\":{\"@type\":\"ImageObject\",\"inLanguage\":\"cs\",\"@id\":\"https:\/\/asteralabs.org\/cs\/#\/schema\/logo\/image\/\",\"url\":\"https:\/\/asteralabs.org\/wp-content\/uploads\/2022\/12\/astera-2.png\",\"contentUrl\":\"https:\/\/asteralabs.org\/wp-content\/uploads\/2022\/12\/astera-2.png\",\"width\":437,\"height\":111,\"caption\":\"Astera Labs\"},\"image\":{\"@id\":\"https:\/\/asteralabs.org\/cs\/#\/schema\/logo\/image\/\"}}]}<\/script>\n<!-- \/ Yoast SEO plugin. -->","yoast_head_json":{"title":"Mesterolon - Astera Labs","robots":{"index":"index","follow":"follow","max-snippet":"max-snippet:-1","max-image-preview":"max-image-preview:large","max-video-preview":"max-video-preview:-1"},"canonical":"https:\/\/asteralabs.org\/cs\/product\/mesterolon\/","og_locale":"cs_CZ","og_type":"article","og_title":"Mesterolon - Astera Labs","og_description":"D\u00c1VKOV\u00c1N\u00cd: Obsah balen\u00ed: 1 satchet, 50tabs, 50 mg v jedn\u00e9 tablet\u011b CO TO JE: Mesterolon je androgenn\u00ed a anabolick\u00fd steroid pou\u017e\u00edvan\u00fd p\u0159i l\u00e9\u010db\u011b nedostatku androgen\u016f a k podpo\u0159e mu\u017esk\u00e9 plodnosti, Pou\u017e\u00edv\u00e1 se tak\u00e9 k l\u00e9\u010db\u011b opo\u017ed\u011bn\u00e9 puberty u chlapc\u016f. Proto\u017ee postr\u00e1d\u00e1 estrogenn\u00ed \u00fa\u010dinky, m\u016f\u017ee b\u00fdt mesterolon indikov\u00e1n k l\u00e9\u010db\u011b p\u0159\u00edpad\u016f nedostatku androgen\u016f, u kter\u00fdch je&hellip;","og_url":"https:\/\/asteralabs.org\/cs\/product\/mesterolon\/","og_site_name":"Astera Labs","article_modified_time":"2026-01-16T09:36:00+00:00","og_image":[{"width":2000,"height":2000,"url":"https:\/\/asteralabs.org\/wp-content\/uploads\/2023\/01\/Mesterolone-mockup-nbg.png","type":"image\/png"}],"twitter_card":"summary_large_image","schema":{"@context":"https:\/\/schema.org","@graph":[{"@type":"WebPage","@id":"https:\/\/asteralabs.org\/cs\/product\/mesterolon\/","url":"https:\/\/asteralabs.org\/cs\/product\/mesterolon\/","name":"Mesterolon - Astera Labs","isPartOf":{"@id":"https:\/\/asteralabs.org\/cs\/#website"},"primaryImageOfPage":{"@id":"https:\/\/asteralabs.org\/cs\/product\/mesterolon\/#primaryimage"},"image":{"@id":"https:\/\/asteralabs.org\/cs\/product\/mesterolon\/#primaryimage"},"thumbnailUrl":"https:\/\/asteralabs.org\/wp-content\/uploads\/2023\/01\/Mesterolone-mockup-nbg.png","datePublished":"2023-01-10T22:19:43+00:00","dateModified":"2026-01-16T09:36:00+00:00","breadcrumb":{"@id":"https:\/\/asteralabs.org\/cs\/product\/mesterolon\/#breadcrumb"},"inLanguage":"cs","potentialAction":[{"@type":"ReadAction","target":["https:\/\/asteralabs.org\/cs\/product\/mesterolon\/"]}]},{"@type":"ImageObject","inLanguage":"cs","@id":"https:\/\/asteralabs.org\/cs\/product\/mesterolon\/#primaryimage","url":"https:\/\/asteralabs.org\/wp-content\/uploads\/2023\/01\/Mesterolone-mockup-nbg.png","contentUrl":"https:\/\/asteralabs.org\/wp-content\/uploads\/2023\/01\/Mesterolone-mockup-nbg.png","width":2000,"height":2000},{"@type":"BreadcrumbList","@id":"https:\/\/asteralabs.org\/cs\/product\/mesterolon\/#breadcrumb","itemListElement":[{"@type":"ListItem","position":1,"name":"Home","item":"https:\/\/asteralabs.org\/cs\/"},{"@type":"ListItem","position":2,"name":"Obchod","item":"https:\/\/asteralabs.org\/obchod\/"},{"@type":"ListItem","position":3,"name":"Mesterolon"}]},{"@type":"WebSite","@id":"https:\/\/asteralabs.org\/cs\/#website","url":"https:\/\/asteralabs.org\/cs\/","name":"Astera Labs","description":"Improve Your Quality Of Life","publisher":{"@id":"https:\/\/asteralabs.org\/cs\/#organization"},"potentialAction":[{"@type":"SearchAction","target":{"@type":"EntryPoint","urlTemplate":"https:\/\/asteralabs.org\/cs\/?s={search_term_string}"},"query-input":"required name=search_term_string"}],"inLanguage":"cs"},{"@type":"Organization","@id":"https:\/\/asteralabs.org\/cs\/#organization","name":"Astera Labs","url":"https:\/\/asteralabs.org\/cs\/","logo":{"@type":"ImageObject","inLanguage":"cs","@id":"https:\/\/asteralabs.org\/cs\/#\/schema\/logo\/image\/","url":"https:\/\/asteralabs.org\/wp-content\/uploads\/2022\/12\/astera-2.png","contentUrl":"https:\/\/asteralabs.org\/wp-content\/uploads\/2022\/12\/astera-2.png","width":437,"height":111,"caption":"Astera Labs"},"image":{"@id":"https:\/\/asteralabs.org\/cs\/#\/schema\/logo\/image\/"}}]}},"_links":{"self":[{"href":"https:\/\/asteralabs.org\/cs\/wp-json\/wp\/v2\/product\/77762"}],"collection":[{"href":"https:\/\/asteralabs.org\/cs\/wp-json\/wp\/v2\/product"}],"about":[{"href":"https:\/\/asteralabs.org\/cs\/wp-json\/wp\/v2\/types\/product"}],"replies":[{"embeddable":true,"href":"https:\/\/asteralabs.org\/cs\/wp-json\/wp\/v2\/comments?post=77762"}],"version-history":[{"count":0,"href":"https:\/\/asteralabs.org\/cs\/wp-json\/wp\/v2\/product\/77762\/revisions"}],"wp:featuredmedia":[{"embeddable":true,"href":"https:\/\/asteralabs.org\/cs\/wp-json\/wp\/v2\/media\/76271"}],"wp:attachment":[{"href":"https:\/\/asteralabs.org\/cs\/wp-json\/wp\/v2\/media?parent=77762"}],"wp:term":[{"taxonomy":"product_cat","embeddable":true,"href":"https:\/\/asteralabs.org\/cs\/wp-json\/wp\/v2\/product_cat?post=77762"},{"taxonomy":"product_tag","embeddable":true,"href":"https:\/\/asteralabs.org\/cs\/wp-json\/wp\/v2\/product_tag?post=77762"}],"curies":[{"name":"wp","href":"https:\/\/api.w.org\/{rel}","templated":true}]}}