{"id":77768,"date":"2023-01-10T22:15:19","date_gmt":"2023-01-10T22:15:19","guid":{"rendered":"https:\/\/asteralabs.org\/product\/dapoxetin-hcl\/"},"modified":"2026-01-16T08:55:52","modified_gmt":"2026-01-16T08:55:52","slug":"dapoxetin-hcl","status":"publish","type":"product","link":"https:\/\/asteralabs.org\/cs\/product\/dapoxetin-hcl\/","title":{"rendered":"Dapoxetin HCL"},"content":{"rendered":"<p><strong>D\u00c1VKOV\u00c1N\u00cd: <\/strong><br \/>\n<strong>Obsah balen\u00ed: <\/strong><br \/>\n1 satchet, 50tabs, 60 mg v jedn\u00e9 tablet\u011b <strong>CO TO JE: <\/strong><br \/>\nDapoxetin je l\u00e9k pou\u017e\u00edvan\u00fd k l\u00e9\u010db\u011b p\u0159ed\u010dasn\u00e9 ejakulace.<br \/>\nJe to kr\u00e1tkodob\u011b p\u016fsob\u00edc\u00ed selektivn\u00ed inhibitor zp\u011btn\u00e9ho vychyt\u00e1v\u00e1n\u00ed serotoninu. <strong>JAK SE POU\u017d\u00cdV\u00c1: DAPOXETIN JE UR\u010cEN K L\u00c9\u010cB\u011a, KTER\u00c1 SE PROV\u00c1D\u00cd V PR\u016eB\u011aHU T\u011aHOTENSTV\u00cd: <\/strong><br \/>\nDenn\u00ed d\u00e1vka se pohybuje mezi 30 a 60 mg, d\u00e1vku je vhodn\u00e9 upravit v z\u00e1vislosti na ne\u017e\u00e1douc\u00edch \u00fa\u010dinc\u00edch a po\u017eadovan\u00e9m efektu. Doporu\u010duje se u\u017e\u00edvat hodinu p\u0159ed zah\u00e1jen\u00edm sexu\u00e1ln\u00ed aktivity, doporu\u010duje se nep\u0159ekra\u010dovat denn\u00ed d\u00e1vku 60 mg a u\u017e\u00edvat pouze jednou denn\u011b a ne ka\u017ed\u00fd den.<\/p>\n<p><strong>Informace o \u0161ar\u017ei:<br \/>\n<\/strong>\u010c\u00edslo \u0161ar\u017ee: <span data-sheets-root=\"1\" data-sheets-value=\"{&quot;1&quot;:2,&quot;2&quot;:&quot;WO22852&quot;}\" data-sheets-userformat=\"{&quot;2&quot;:4224,&quot;10&quot;:2,&quot;15&quot;:&quot;Arial&quot;}\">MD24826<\/span><br \/>\nDatum v\u00fdroby: <span data-sheets-root=\"1\" data-sheets-value=\"{\" data-sheets-userformat=\"{\">10.2025.<\/span><br \/>\nDatum exspirace: <span data-sheets-root=\"1\" data-sheets-value=\"{\" data-sheets-userformat=\"{\">10.2028.<\/span><\/p>\n","protected":false},"excerpt":{"rendered":"<p>D\u00c1VKOV\u00c1N\u00cd: Obsah balen\u00ed: 1 satchet, 50tabs, 60 mg v jedn\u00e9 tablet\u011b CO TO JE: Dapoxetin je l\u00e9k pou\u017e\u00edvan\u00fd k l\u00e9\u010db\u011b p\u0159ed\u010dasn\u00e9 ejakulace. Je to kr\u00e1tkodob\u011b p\u016fsob\u00edc\u00ed selektivn\u00ed inhibitor zp\u011btn\u00e9ho vychyt\u00e1v\u00e1n\u00ed serotoninu. JAK SE POU\u017d\u00cdV\u00c1: DAPOXETIN JE UR\u010cEN K L\u00c9\u010cB\u011a, KTER\u00c1 SE PROV\u00c1D\u00cd V PR\u016eB\u011aHU T\u011aHOTENSTV\u00cd: Denn\u00ed d\u00e1vka se pohybuje mezi 30 a 60 mg, d\u00e1vku&hellip;<\/p>\n","protected":false},"featured_media":76239,"comment_status":"open","ping_status":"closed","template":"","meta":{"_acf_changed":false},"product_brand":[],"product_cat":[153,177],"product_tag":[],"class_list":{"0":"post-77768","1":"product","2":"type-product","3":"status-publish","4":"has-post-thumbnail","6":"product_cat-all-cs","7":"product_cat-orals-cs","8":"description-off","10":"first","11":"instock","12":"shipping-taxable","13":"product-type-simple"},"acf":[],"yoast_head":"<!-- This site is optimized with the Yoast SEO plugin v27.4 - https:\/\/yoast.com\/product\/yoast-seo-wordpress\/ -->\n<title>Dapoxetin HCL - Astera Labs<\/title>\n<meta name=\"robots\" content=\"index, follow, max-snippet:-1, max-image-preview:large, max-video-preview:-1\" \/>\n<link rel=\"canonical\" href=\"https:\/\/asteralabs.org\/cs\/product\/dapoxetin-hcl\/\" \/>\n<meta property=\"og:locale\" content=\"cs_CZ\" \/>\n<meta property=\"og:type\" content=\"article\" \/>\n<meta property=\"og:title\" content=\"Dapoxetin HCL - Astera Labs\" \/>\n<meta property=\"og:description\" content=\"D\u00c1VKOV\u00c1N\u00cd: Obsah balen\u00ed: 1 satchet, 50tabs, 60 mg v jedn\u00e9 tablet\u011b CO TO JE: Dapoxetin je l\u00e9k pou\u017e\u00edvan\u00fd k l\u00e9\u010db\u011b p\u0159ed\u010dasn\u00e9 ejakulace. Je to kr\u00e1tkodob\u011b p\u016fsob\u00edc\u00ed selektivn\u00ed inhibitor zp\u011btn\u00e9ho vychyt\u00e1v\u00e1n\u00ed serotoninu. JAK SE POU\u017d\u00cdV\u00c1: DAPOXETIN JE UR\u010cEN K L\u00c9\u010cB\u011a, KTER\u00c1 SE PROV\u00c1D\u00cd V PR\u016eB\u011aHU T\u011aHOTENSTV\u00cd: Denn\u00ed d\u00e1vka se pohybuje mezi 30 a 60 mg, d\u00e1vku&hellip;\" \/>\n<meta property=\"og:url\" content=\"https:\/\/asteralabs.org\/cs\/product\/dapoxetin-hcl\/\" \/>\n<meta property=\"og:site_name\" content=\"Astera Labs\" \/>\n<meta property=\"article:modified_time\" content=\"2026-01-16T08:55:52+00:00\" \/>\n<meta property=\"og:image\" content=\"https:\/\/asteralabs.org\/wp-content\/uploads\/2023\/01\/Dapoxetine-HCL-mockup-nbg.png\" \/>\n\t<meta property=\"og:image:width\" content=\"2000\" \/>\n\t<meta property=\"og:image:height\" content=\"2000\" \/>\n\t<meta property=\"og:image:type\" content=\"image\/png\" \/>\n<meta name=\"twitter:card\" content=\"summary_large_image\" \/>\n<script type=\"application\/ld+json\" class=\"yoast-schema-graph\">{\"@context\":\"https:\\\/\\\/schema.org\",\"@graph\":[{\"@type\":\"WebPage\",\"@id\":\"https:\\\/\\\/asteralabs.org\\\/cs\\\/product\\\/dapoxetin-hcl\\\/\",\"url\":\"https:\\\/\\\/asteralabs.org\\\/cs\\\/product\\\/dapoxetin-hcl\\\/\",\"name\":\"Dapoxetin HCL - Astera Labs\",\"isPartOf\":{\"@id\":\"https:\\\/\\\/asteralabs.org\\\/cs\\\/#website\"},\"primaryImageOfPage\":{\"@id\":\"https:\\\/\\\/asteralabs.org\\\/cs\\\/product\\\/dapoxetin-hcl\\\/#primaryimage\"},\"image\":{\"@id\":\"https:\\\/\\\/asteralabs.org\\\/cs\\\/product\\\/dapoxetin-hcl\\\/#primaryimage\"},\"thumbnailUrl\":\"https:\\\/\\\/asteralabs.org\\\/wp-content\\\/uploads\\\/2023\\\/01\\\/Dapoxetine-HCL-mockup-nbg.png\",\"datePublished\":\"2023-01-10T22:15:19+00:00\",\"dateModified\":\"2026-01-16T08:55:52+00:00\",\"breadcrumb\":{\"@id\":\"https:\\\/\\\/asteralabs.org\\\/cs\\\/product\\\/dapoxetin-hcl\\\/#breadcrumb\"},\"inLanguage\":\"cs-CZ\",\"potentialAction\":[{\"@type\":\"ReadAction\",\"target\":[\"https:\\\/\\\/asteralabs.org\\\/cs\\\/product\\\/dapoxetin-hcl\\\/\"]}]},{\"@type\":\"ImageObject\",\"inLanguage\":\"cs-CZ\",\"@id\":\"https:\\\/\\\/asteralabs.org\\\/cs\\\/product\\\/dapoxetin-hcl\\\/#primaryimage\",\"url\":\"https:\\\/\\\/asteralabs.org\\\/wp-content\\\/uploads\\\/2023\\\/01\\\/Dapoxetine-HCL-mockup-nbg.png\",\"contentUrl\":\"https:\\\/\\\/asteralabs.org\\\/wp-content\\\/uploads\\\/2023\\\/01\\\/Dapoxetine-HCL-mockup-nbg.png\",\"width\":2000,\"height\":2000},{\"@type\":\"BreadcrumbList\",\"@id\":\"https:\\\/\\\/asteralabs.org\\\/cs\\\/product\\\/dapoxetin-hcl\\\/#breadcrumb\",\"itemListElement\":[{\"@type\":\"ListItem\",\"position\":1,\"name\":\"Home\",\"item\":\"https:\\\/\\\/asteralabs.org\\\/cs\\\/\"},{\"@type\":\"ListItem\",\"position\":2,\"name\":\"Obchod\",\"item\":\"https:\\\/\\\/asteralabs.org\\\/cs\\\/obchod\\\/\"},{\"@type\":\"ListItem\",\"position\":3,\"name\":\"Dapoxetin HCL\"}]},{\"@type\":\"WebSite\",\"@id\":\"https:\\\/\\\/asteralabs.org\\\/cs\\\/#website\",\"url\":\"https:\\\/\\\/asteralabs.org\\\/cs\\\/\",\"name\":\"Astera Labs\",\"description\":\"Improve Your Quality Of Life\",\"publisher\":{\"@id\":\"https:\\\/\\\/asteralabs.org\\\/cs\\\/#organization\"},\"potentialAction\":[{\"@type\":\"SearchAction\",\"target\":{\"@type\":\"EntryPoint\",\"urlTemplate\":\"https:\\\/\\\/asteralabs.org\\\/cs\\\/?s={search_term_string}\"},\"query-input\":{\"@type\":\"PropertyValueSpecification\",\"valueRequired\":true,\"valueName\":\"search_term_string\"}}],\"inLanguage\":\"cs-CZ\"},{\"@type\":\"Organization\",\"@id\":\"https:\\\/\\\/asteralabs.org\\\/cs\\\/#organization\",\"name\":\"Astera Labs\",\"url\":\"https:\\\/\\\/asteralabs.org\\\/cs\\\/\",\"logo\":{\"@type\":\"ImageObject\",\"inLanguage\":\"cs-CZ\",\"@id\":\"https:\\\/\\\/asteralabs.org\\\/cs\\\/#\\\/schema\\\/logo\\\/image\\\/\",\"url\":\"https:\\\/\\\/asteralabs.org\\\/wp-content\\\/uploads\\\/2022\\\/12\\\/astera-2.png\",\"contentUrl\":\"https:\\\/\\\/asteralabs.org\\\/wp-content\\\/uploads\\\/2022\\\/12\\\/astera-2.png\",\"width\":437,\"height\":111,\"caption\":\"Astera Labs\"},\"image\":{\"@id\":\"https:\\\/\\\/asteralabs.org\\\/cs\\\/#\\\/schema\\\/logo\\\/image\\\/\"}}]}<\/script>\n<!-- \/ Yoast SEO plugin. -->","yoast_head_json":{"title":"Dapoxetin HCL - Astera Labs","robots":{"index":"index","follow":"follow","max-snippet":"max-snippet:-1","max-image-preview":"max-image-preview:large","max-video-preview":"max-video-preview:-1"},"canonical":"https:\/\/asteralabs.org\/cs\/product\/dapoxetin-hcl\/","og_locale":"cs_CZ","og_type":"article","og_title":"Dapoxetin HCL - Astera Labs","og_description":"D\u00c1VKOV\u00c1N\u00cd: Obsah balen\u00ed: 1 satchet, 50tabs, 60 mg v jedn\u00e9 tablet\u011b CO TO JE: Dapoxetin je l\u00e9k pou\u017e\u00edvan\u00fd k l\u00e9\u010db\u011b p\u0159ed\u010dasn\u00e9 ejakulace. Je to kr\u00e1tkodob\u011b p\u016fsob\u00edc\u00ed selektivn\u00ed inhibitor zp\u011btn\u00e9ho vychyt\u00e1v\u00e1n\u00ed serotoninu. JAK SE POU\u017d\u00cdV\u00c1: DAPOXETIN JE UR\u010cEN K L\u00c9\u010cB\u011a, KTER\u00c1 SE PROV\u00c1D\u00cd V PR\u016eB\u011aHU T\u011aHOTENSTV\u00cd: Denn\u00ed d\u00e1vka se pohybuje mezi 30 a 60 mg, d\u00e1vku&hellip;","og_url":"https:\/\/asteralabs.org\/cs\/product\/dapoxetin-hcl\/","og_site_name":"Astera Labs","article_modified_time":"2026-01-16T08:55:52+00:00","og_image":[{"width":2000,"height":2000,"url":"https:\/\/asteralabs.org\/wp-content\/uploads\/2023\/01\/Dapoxetine-HCL-mockup-nbg.png","type":"image\/png"}],"twitter_card":"summary_large_image","schema":{"@context":"https:\/\/schema.org","@graph":[{"@type":"WebPage","@id":"https:\/\/asteralabs.org\/cs\/product\/dapoxetin-hcl\/","url":"https:\/\/asteralabs.org\/cs\/product\/dapoxetin-hcl\/","name":"Dapoxetin HCL - Astera Labs","isPartOf":{"@id":"https:\/\/asteralabs.org\/cs\/#website"},"primaryImageOfPage":{"@id":"https:\/\/asteralabs.org\/cs\/product\/dapoxetin-hcl\/#primaryimage"},"image":{"@id":"https:\/\/asteralabs.org\/cs\/product\/dapoxetin-hcl\/#primaryimage"},"thumbnailUrl":"https:\/\/asteralabs.org\/wp-content\/uploads\/2023\/01\/Dapoxetine-HCL-mockup-nbg.png","datePublished":"2023-01-10T22:15:19+00:00","dateModified":"2026-01-16T08:55:52+00:00","breadcrumb":{"@id":"https:\/\/asteralabs.org\/cs\/product\/dapoxetin-hcl\/#breadcrumb"},"inLanguage":"cs-CZ","potentialAction":[{"@type":"ReadAction","target":["https:\/\/asteralabs.org\/cs\/product\/dapoxetin-hcl\/"]}]},{"@type":"ImageObject","inLanguage":"cs-CZ","@id":"https:\/\/asteralabs.org\/cs\/product\/dapoxetin-hcl\/#primaryimage","url":"https:\/\/asteralabs.org\/wp-content\/uploads\/2023\/01\/Dapoxetine-HCL-mockup-nbg.png","contentUrl":"https:\/\/asteralabs.org\/wp-content\/uploads\/2023\/01\/Dapoxetine-HCL-mockup-nbg.png","width":2000,"height":2000},{"@type":"BreadcrumbList","@id":"https:\/\/asteralabs.org\/cs\/product\/dapoxetin-hcl\/#breadcrumb","itemListElement":[{"@type":"ListItem","position":1,"name":"Home","item":"https:\/\/asteralabs.org\/cs\/"},{"@type":"ListItem","position":2,"name":"Obchod","item":"https:\/\/asteralabs.org\/cs\/obchod\/"},{"@type":"ListItem","position":3,"name":"Dapoxetin HCL"}]},{"@type":"WebSite","@id":"https:\/\/asteralabs.org\/cs\/#website","url":"https:\/\/asteralabs.org\/cs\/","name":"Astera Labs","description":"Improve Your Quality Of Life","publisher":{"@id":"https:\/\/asteralabs.org\/cs\/#organization"},"potentialAction":[{"@type":"SearchAction","target":{"@type":"EntryPoint","urlTemplate":"https:\/\/asteralabs.org\/cs\/?s={search_term_string}"},"query-input":{"@type":"PropertyValueSpecification","valueRequired":true,"valueName":"search_term_string"}}],"inLanguage":"cs-CZ"},{"@type":"Organization","@id":"https:\/\/asteralabs.org\/cs\/#organization","name":"Astera Labs","url":"https:\/\/asteralabs.org\/cs\/","logo":{"@type":"ImageObject","inLanguage":"cs-CZ","@id":"https:\/\/asteralabs.org\/cs\/#\/schema\/logo\/image\/","url":"https:\/\/asteralabs.org\/wp-content\/uploads\/2022\/12\/astera-2.png","contentUrl":"https:\/\/asteralabs.org\/wp-content\/uploads\/2022\/12\/astera-2.png","width":437,"height":111,"caption":"Astera Labs"},"image":{"@id":"https:\/\/asteralabs.org\/cs\/#\/schema\/logo\/image\/"}}]}},"_links":{"self":[{"href":"https:\/\/asteralabs.org\/cs\/wp-json\/wp\/v2\/product\/77768","targetHints":{"allow":["GET"]}}],"collection":[{"href":"https:\/\/asteralabs.org\/cs\/wp-json\/wp\/v2\/product"}],"about":[{"href":"https:\/\/asteralabs.org\/cs\/wp-json\/wp\/v2\/types\/product"}],"replies":[{"embeddable":true,"href":"https:\/\/asteralabs.org\/cs\/wp-json\/wp\/v2\/comments?post=77768"}],"version-history":[{"count":0,"href":"https:\/\/asteralabs.org\/cs\/wp-json\/wp\/v2\/product\/77768\/revisions"}],"wp:featuredmedia":[{"embeddable":true,"href":"https:\/\/asteralabs.org\/cs\/wp-json\/wp\/v2\/media\/76239"}],"wp:attachment":[{"href":"https:\/\/asteralabs.org\/cs\/wp-json\/wp\/v2\/media?parent=77768"}],"wp:term":[{"taxonomy":"product_brand","embeddable":true,"href":"https:\/\/asteralabs.org\/cs\/wp-json\/wp\/v2\/product_brand?post=77768"},{"taxonomy":"product_cat","embeddable":true,"href":"https:\/\/asteralabs.org\/cs\/wp-json\/wp\/v2\/product_cat?post=77768"},{"taxonomy":"product_tag","embeddable":true,"href":"https:\/\/asteralabs.org\/cs\/wp-json\/wp\/v2\/product_tag?post=77768"}],"curies":[{"name":"wp","href":"https:\/\/api.w.org\/{rel}","templated":true}]}}