{"id":77790,"date":"2022-12-29T21:01:59","date_gmt":"2022-12-29T21:01:59","guid":{"rendered":"https:\/\/asteralabs.org\/product\/trestolon-enanthat-ment\/"},"modified":"2026-01-16T07:48:26","modified_gmt":"2026-01-16T07:48:26","slug":"trestolon-enanthat-ment","status":"publish","type":"product","link":"https:\/\/asteralabs.org\/cs\/product\/trestolon-enanthat-ment\/","title":{"rendered":"Trestolon enanth\u00e1t (MENT)"},"content":{"rendered":"<p><strong>D\u00c1VKOV\u00c1N\u00cd:<\/strong><br \/>\nTrestolone Enanthate 50mg\/ml <strong>OBSAH BALEN\u00cd:<\/strong><br \/>\n1 x 10ML lahvi\u010dka, 50 mg na ml <strong>CO JE TO:<\/strong><br \/>\nTRESTOLONE ENANTHATE (MENT) je siln\u00fd anabolick\u00fd steroid odvozen\u00fd od hormonu nandrolonu. Je popul\u00e1rn\u011b pova\u017eov\u00e1n za sm\u011bs mezi trenbolonem a nandrolonem, kter\u00e1 nab\u00edz\u00ed silnou kombinaci n\u00e1r\u016fstu s\u00edly a velikosti. D\u00edky vy\u0161\u0161\u00ed \u00fa\u010dinnosti ne\u017e trenbolon je trestolon enanthate jedn\u00edm z nejsiln\u011bj\u0161\u00edch dostupn\u00fdch steroid\u016f. Tato slou\u010denina siln\u011b aromatizuje, co\u017e znamen\u00e1, \u017ee se v t\u011ble p\u0159em\u011b\u0148uje na estrogen. U\u017eivatel\u00e9 by si toho m\u011bli b\u00fdt v\u011bdomi a p\u0159ijmout vhodn\u00e1 opat\u0159en\u00ed ke kontrole hladiny estradiolu, p\u0159i\u010dem\u017e by m\u011bli vyu\u017e\u00edt jin\u00e9 strategie, ne\u017e jak\u00e9 se obvykle pou\u017e\u00edvaj\u00ed u m\u00e9n\u011b \u00fa\u010dinn\u00fdch slou\u010denin, nebo se rozhodnout pro men\u0161\u00ed d\u00e1vky. Trestolon Enanthate se nep\u0159em\u011b\u0148uje na DHT, co\u017e sni\u017euje riziko vypad\u00e1v\u00e1n\u00ed vlas\u016f a dal\u0161\u00edch vedlej\u0161\u00edch \u00fa\u010dink\u016f souvisej\u00edc\u00edch s DHT. Zaj\u00edmav\u00e9 je, \u017ee m\u00e1 vysokou inhibi\u010dn\u00ed konstantu a jedno z pou\u017eit\u00ed t\u00e9to l\u00e1tky je jako mu\u017esk\u00e1 antikoncepce. <strong>JAK SE POU\u017d\u00cdV\u00c1:<\/strong><br \/>\nD\u00e1vka Trestolone Enanthate se li\u0161\u00ed v z\u00e1vislosti na zku\u0161enostech a c\u00edlech u\u017eivatele. B\u011b\u017en\u00e9 d\u00e1vky se pohybuj\u00ed od 5-10 mg denn\u011b (35-70 mg t\u00fddn\u011b) pro za\u010d\u00e1te\u010dn\u00edky, zat\u00edmco pokro\u010dilej\u0161\u00ed u\u017eivatel\u00e9 mohou pou\u017e\u00edvat 10-25 mg denn\u011b (70-175 mg t\u00fddn\u011b) nebo dokonce 25-50 mg denn\u011b (175-350 mg t\u00fddn\u011b). Doporu\u010duje se d\u00e1vku zvy\u0161ovat postupn\u011b, ka\u017ed\u00fd t\u00fdden, dokud nen\u00ed dosa\u017eeno po\u017eadovan\u00fdch \u00fa\u010dink\u016f. Cykly obvykle trvaj\u00ed 8-12 t\u00fddn\u016f, p\u0159i\u010dem\u017e u\u017eivatel\u00e9 pe\u010dliv\u011b sleduj\u00ed svou reakci na slou\u010deninu a podle pot\u0159eby upravuj\u00ed d\u00e1vkov\u00e1n\u00ed tak, aby se optimalizovaly v\u00fdsledky a z\u00e1rove\u0148 minimalizovaly mo\u017en\u00e9 ne\u017e\u00e1douc\u00ed \u00fa\u010dinky. Po ukon\u010den\u00ed cyklu se doporu\u010duje postcyklick\u00e1 terapie (PCT), kter\u00e1 pom\u00e1h\u00e1 obnovit p\u0159irozenou produkci testosteronu a udr\u017eet zisky dosa\u017een\u00e9 b\u011bhem cyklu. <strong>Informace o \u0161ar\u017ei:<br \/>\n<\/strong>\u010c\u00edslo \u0161ar\u017ee: <span data-sheets-root=\"1\" data-sheets-value=\"{\" data-sheets-userformat=\"{\">QD65113<\/span><br \/>\nDatum v\u00fdroby: <span data-sheets-root=\"1\" data-sheets-value=\"{\" data-sheets-userformat=\"{\">10.2025.<\/span><br \/>\nDatum exspirace: <span data-sheets-root=\"1\" data-sheets-value=\"{\" data-sheets-userformat=\"{\">10.2028.<\/span><\/p>\n","protected":false},"excerpt":{"rendered":"<p>D\u00c1VKOV\u00c1N\u00cd: Trestolone Enanthate 50mg\/ml OBSAH BALEN\u00cd: 1 x 10ML lahvi\u010dka, 50 mg na ml CO JE TO: TRESTOLONE ENANTHATE (MENT) je siln\u00fd anabolick\u00fd steroid odvozen\u00fd od hormonu nandrolonu. Je popul\u00e1rn\u011b pova\u017eov\u00e1n za sm\u011bs mezi trenbolonem a nandrolonem, kter\u00e1 nab\u00edz\u00ed silnou kombinaci n\u00e1r\u016fstu s\u00edly a velikosti. D\u00edky vy\u0161\u0161\u00ed \u00fa\u010dinnosti ne\u017e trenbolon je trestolon enanthate jedn\u00edm z&hellip;<\/p>\n","protected":false},"featured_media":75695,"comment_status":"open","ping_status":"closed","template":"","meta":{"_acf_changed":false},"product_brand":[],"product_cat":[152],"product_tag":[],"class_list":{"0":"post-77790","1":"product","2":"type-product","3":"status-publish","4":"has-post-thumbnail","6":"product_cat-injectables-cs","7":"description-off","9":"first","10":"instock","11":"shipping-taxable","12":"product-type-simple"},"acf":[],"yoast_head":"<!-- This site is optimized with the Yoast SEO plugin v27.4 - https:\/\/yoast.com\/product\/yoast-seo-wordpress\/ -->\n<title>Trestolon enanth\u00e1t (MENT) - Astera Labs<\/title>\n<meta name=\"robots\" content=\"index, follow, max-snippet:-1, max-image-preview:large, max-video-preview:-1\" \/>\n<link rel=\"canonical\" href=\"https:\/\/asteralabs.org\/cs\/product\/trestolon-enanthat-ment\/\" \/>\n<meta property=\"og:locale\" content=\"cs_CZ\" \/>\n<meta property=\"og:type\" content=\"article\" \/>\n<meta property=\"og:title\" content=\"Trestolon enanth\u00e1t (MENT) - Astera Labs\" \/>\n<meta property=\"og:description\" content=\"D\u00c1VKOV\u00c1N\u00cd: Trestolone Enanthate 50mg\/ml OBSAH BALEN\u00cd: 1 x 10ML lahvi\u010dka, 50 mg na ml CO JE TO: TRESTOLONE ENANTHATE (MENT) je siln\u00fd anabolick\u00fd steroid odvozen\u00fd od hormonu nandrolonu. Je popul\u00e1rn\u011b pova\u017eov\u00e1n za sm\u011bs mezi trenbolonem a nandrolonem, kter\u00e1 nab\u00edz\u00ed silnou kombinaci n\u00e1r\u016fstu s\u00edly a velikosti. D\u00edky vy\u0161\u0161\u00ed \u00fa\u010dinnosti ne\u017e trenbolon je trestolon enanthate jedn\u00edm z&hellip;\" \/>\n<meta property=\"og:url\" content=\"https:\/\/asteralabs.org\/cs\/product\/trestolon-enanthat-ment\/\" \/>\n<meta property=\"og:site_name\" content=\"Astera Labs\" \/>\n<meta property=\"article:modified_time\" content=\"2026-01-16T07:48:26+00:00\" \/>\n<meta property=\"og:image\" content=\"https:\/\/asteralabs.org\/wp-content\/uploads\/2022\/12\/8.png\" \/>\n\t<meta property=\"og:image:width\" content=\"2000\" \/>\n\t<meta property=\"og:image:height\" content=\"2000\" \/>\n\t<meta property=\"og:image:type\" content=\"image\/png\" \/>\n<meta name=\"twitter:card\" content=\"summary_large_image\" \/>\n<script type=\"application\/ld+json\" class=\"yoast-schema-graph\">{\"@context\":\"https:\\\/\\\/schema.org\",\"@graph\":[{\"@type\":\"WebPage\",\"@id\":\"https:\\\/\\\/asteralabs.org\\\/cs\\\/product\\\/trestolon-enanthat-ment\\\/\",\"url\":\"https:\\\/\\\/asteralabs.org\\\/cs\\\/product\\\/trestolon-enanthat-ment\\\/\",\"name\":\"Trestolon enanth\u00e1t (MENT) - Astera Labs\",\"isPartOf\":{\"@id\":\"https:\\\/\\\/asteralabs.org\\\/cs\\\/#website\"},\"primaryImageOfPage\":{\"@id\":\"https:\\\/\\\/asteralabs.org\\\/cs\\\/product\\\/trestolon-enanthat-ment\\\/#primaryimage\"},\"image\":{\"@id\":\"https:\\\/\\\/asteralabs.org\\\/cs\\\/product\\\/trestolon-enanthat-ment\\\/#primaryimage\"},\"thumbnailUrl\":\"https:\\\/\\\/asteralabs.org\\\/wp-content\\\/uploads\\\/2022\\\/12\\\/8.png\",\"datePublished\":\"2022-12-29T21:01:59+00:00\",\"dateModified\":\"2026-01-16T07:48:26+00:00\",\"breadcrumb\":{\"@id\":\"https:\\\/\\\/asteralabs.org\\\/cs\\\/product\\\/trestolon-enanthat-ment\\\/#breadcrumb\"},\"inLanguage\":\"cs-CZ\",\"potentialAction\":[{\"@type\":\"ReadAction\",\"target\":[\"https:\\\/\\\/asteralabs.org\\\/cs\\\/product\\\/trestolon-enanthat-ment\\\/\"]}]},{\"@type\":\"ImageObject\",\"inLanguage\":\"cs-CZ\",\"@id\":\"https:\\\/\\\/asteralabs.org\\\/cs\\\/product\\\/trestolon-enanthat-ment\\\/#primaryimage\",\"url\":\"https:\\\/\\\/asteralabs.org\\\/wp-content\\\/uploads\\\/2022\\\/12\\\/8.png\",\"contentUrl\":\"https:\\\/\\\/asteralabs.org\\\/wp-content\\\/uploads\\\/2022\\\/12\\\/8.png\",\"width\":2000,\"height\":2000},{\"@type\":\"BreadcrumbList\",\"@id\":\"https:\\\/\\\/asteralabs.org\\\/cs\\\/product\\\/trestolon-enanthat-ment\\\/#breadcrumb\",\"itemListElement\":[{\"@type\":\"ListItem\",\"position\":1,\"name\":\"Home\",\"item\":\"https:\\\/\\\/asteralabs.org\\\/cs\\\/\"},{\"@type\":\"ListItem\",\"position\":2,\"name\":\"Obchod\",\"item\":\"https:\\\/\\\/asteralabs.org\\\/cs\\\/obchod\\\/\"},{\"@type\":\"ListItem\",\"position\":3,\"name\":\"Trestolon enanth\u00e1t (MENT)\"}]},{\"@type\":\"WebSite\",\"@id\":\"https:\\\/\\\/asteralabs.org\\\/cs\\\/#website\",\"url\":\"https:\\\/\\\/asteralabs.org\\\/cs\\\/\",\"name\":\"Astera Labs\",\"description\":\"Improve Your Quality Of Life\",\"publisher\":{\"@id\":\"https:\\\/\\\/asteralabs.org\\\/cs\\\/#organization\"},\"potentialAction\":[{\"@type\":\"SearchAction\",\"target\":{\"@type\":\"EntryPoint\",\"urlTemplate\":\"https:\\\/\\\/asteralabs.org\\\/cs\\\/?s={search_term_string}\"},\"query-input\":{\"@type\":\"PropertyValueSpecification\",\"valueRequired\":true,\"valueName\":\"search_term_string\"}}],\"inLanguage\":\"cs-CZ\"},{\"@type\":\"Organization\",\"@id\":\"https:\\\/\\\/asteralabs.org\\\/cs\\\/#organization\",\"name\":\"Astera Labs\",\"url\":\"https:\\\/\\\/asteralabs.org\\\/cs\\\/\",\"logo\":{\"@type\":\"ImageObject\",\"inLanguage\":\"cs-CZ\",\"@id\":\"https:\\\/\\\/asteralabs.org\\\/cs\\\/#\\\/schema\\\/logo\\\/image\\\/\",\"url\":\"https:\\\/\\\/asteralabs.org\\\/wp-content\\\/uploads\\\/2022\\\/12\\\/astera-2.png\",\"contentUrl\":\"https:\\\/\\\/asteralabs.org\\\/wp-content\\\/uploads\\\/2022\\\/12\\\/astera-2.png\",\"width\":437,\"height\":111,\"caption\":\"Astera Labs\"},\"image\":{\"@id\":\"https:\\\/\\\/asteralabs.org\\\/cs\\\/#\\\/schema\\\/logo\\\/image\\\/\"}}]}<\/script>\n<!-- \/ Yoast SEO plugin. -->","yoast_head_json":{"title":"Trestolon enanth\u00e1t (MENT) - Astera Labs","robots":{"index":"index","follow":"follow","max-snippet":"max-snippet:-1","max-image-preview":"max-image-preview:large","max-video-preview":"max-video-preview:-1"},"canonical":"https:\/\/asteralabs.org\/cs\/product\/trestolon-enanthat-ment\/","og_locale":"cs_CZ","og_type":"article","og_title":"Trestolon enanth\u00e1t (MENT) - Astera Labs","og_description":"D\u00c1VKOV\u00c1N\u00cd: Trestolone Enanthate 50mg\/ml OBSAH BALEN\u00cd: 1 x 10ML lahvi\u010dka, 50 mg na ml CO JE TO: TRESTOLONE ENANTHATE (MENT) je siln\u00fd anabolick\u00fd steroid odvozen\u00fd od hormonu nandrolonu. Je popul\u00e1rn\u011b pova\u017eov\u00e1n za sm\u011bs mezi trenbolonem a nandrolonem, kter\u00e1 nab\u00edz\u00ed silnou kombinaci n\u00e1r\u016fstu s\u00edly a velikosti. D\u00edky vy\u0161\u0161\u00ed \u00fa\u010dinnosti ne\u017e trenbolon je trestolon enanthate jedn\u00edm z&hellip;","og_url":"https:\/\/asteralabs.org\/cs\/product\/trestolon-enanthat-ment\/","og_site_name":"Astera Labs","article_modified_time":"2026-01-16T07:48:26+00:00","og_image":[{"width":2000,"height":2000,"url":"https:\/\/asteralabs.org\/wp-content\/uploads\/2022\/12\/8.png","type":"image\/png"}],"twitter_card":"summary_large_image","schema":{"@context":"https:\/\/schema.org","@graph":[{"@type":"WebPage","@id":"https:\/\/asteralabs.org\/cs\/product\/trestolon-enanthat-ment\/","url":"https:\/\/asteralabs.org\/cs\/product\/trestolon-enanthat-ment\/","name":"Trestolon enanth\u00e1t (MENT) - Astera Labs","isPartOf":{"@id":"https:\/\/asteralabs.org\/cs\/#website"},"primaryImageOfPage":{"@id":"https:\/\/asteralabs.org\/cs\/product\/trestolon-enanthat-ment\/#primaryimage"},"image":{"@id":"https:\/\/asteralabs.org\/cs\/product\/trestolon-enanthat-ment\/#primaryimage"},"thumbnailUrl":"https:\/\/asteralabs.org\/wp-content\/uploads\/2022\/12\/8.png","datePublished":"2022-12-29T21:01:59+00:00","dateModified":"2026-01-16T07:48:26+00:00","breadcrumb":{"@id":"https:\/\/asteralabs.org\/cs\/product\/trestolon-enanthat-ment\/#breadcrumb"},"inLanguage":"cs-CZ","potentialAction":[{"@type":"ReadAction","target":["https:\/\/asteralabs.org\/cs\/product\/trestolon-enanthat-ment\/"]}]},{"@type":"ImageObject","inLanguage":"cs-CZ","@id":"https:\/\/asteralabs.org\/cs\/product\/trestolon-enanthat-ment\/#primaryimage","url":"https:\/\/asteralabs.org\/wp-content\/uploads\/2022\/12\/8.png","contentUrl":"https:\/\/asteralabs.org\/wp-content\/uploads\/2022\/12\/8.png","width":2000,"height":2000},{"@type":"BreadcrumbList","@id":"https:\/\/asteralabs.org\/cs\/product\/trestolon-enanthat-ment\/#breadcrumb","itemListElement":[{"@type":"ListItem","position":1,"name":"Home","item":"https:\/\/asteralabs.org\/cs\/"},{"@type":"ListItem","position":2,"name":"Obchod","item":"https:\/\/asteralabs.org\/cs\/obchod\/"},{"@type":"ListItem","position":3,"name":"Trestolon enanth\u00e1t (MENT)"}]},{"@type":"WebSite","@id":"https:\/\/asteralabs.org\/cs\/#website","url":"https:\/\/asteralabs.org\/cs\/","name":"Astera Labs","description":"Improve Your Quality Of Life","publisher":{"@id":"https:\/\/asteralabs.org\/cs\/#organization"},"potentialAction":[{"@type":"SearchAction","target":{"@type":"EntryPoint","urlTemplate":"https:\/\/asteralabs.org\/cs\/?s={search_term_string}"},"query-input":{"@type":"PropertyValueSpecification","valueRequired":true,"valueName":"search_term_string"}}],"inLanguage":"cs-CZ"},{"@type":"Organization","@id":"https:\/\/asteralabs.org\/cs\/#organization","name":"Astera Labs","url":"https:\/\/asteralabs.org\/cs\/","logo":{"@type":"ImageObject","inLanguage":"cs-CZ","@id":"https:\/\/asteralabs.org\/cs\/#\/schema\/logo\/image\/","url":"https:\/\/asteralabs.org\/wp-content\/uploads\/2022\/12\/astera-2.png","contentUrl":"https:\/\/asteralabs.org\/wp-content\/uploads\/2022\/12\/astera-2.png","width":437,"height":111,"caption":"Astera Labs"},"image":{"@id":"https:\/\/asteralabs.org\/cs\/#\/schema\/logo\/image\/"}}]}},"_links":{"self":[{"href":"https:\/\/asteralabs.org\/cs\/wp-json\/wp\/v2\/product\/77790","targetHints":{"allow":["GET"]}}],"collection":[{"href":"https:\/\/asteralabs.org\/cs\/wp-json\/wp\/v2\/product"}],"about":[{"href":"https:\/\/asteralabs.org\/cs\/wp-json\/wp\/v2\/types\/product"}],"replies":[{"embeddable":true,"href":"https:\/\/asteralabs.org\/cs\/wp-json\/wp\/v2\/comments?post=77790"}],"version-history":[{"count":0,"href":"https:\/\/asteralabs.org\/cs\/wp-json\/wp\/v2\/product\/77790\/revisions"}],"wp:featuredmedia":[{"embeddable":true,"href":"https:\/\/asteralabs.org\/cs\/wp-json\/wp\/v2\/media\/75695"}],"wp:attachment":[{"href":"https:\/\/asteralabs.org\/cs\/wp-json\/wp\/v2\/media?parent=77790"}],"wp:term":[{"taxonomy":"product_brand","embeddable":true,"href":"https:\/\/asteralabs.org\/cs\/wp-json\/wp\/v2\/product_brand?post=77790"},{"taxonomy":"product_cat","embeddable":true,"href":"https:\/\/asteralabs.org\/cs\/wp-json\/wp\/v2\/product_cat?post=77790"},{"taxonomy":"product_tag","embeddable":true,"href":"https:\/\/asteralabs.org\/cs\/wp-json\/wp\/v2\/product_tag?post=77790"}],"curies":[{"name":"wp","href":"https:\/\/api.w.org\/{rel}","templated":true}]}}