{"id":77836,"date":"2022-11-05T23:06:18","date_gmt":"2022-11-05T23:06:18","guid":{"rendered":"https:\/\/asteralabs.org\/product\/nandrolon-dekanoat\/"},"modified":"2026-01-15T09:56:29","modified_gmt":"2026-01-15T09:56:29","slug":"nandrolon-dekanoat","status":"publish","type":"product","link":"https:\/\/asteralabs.org\/cs\/product\/nandrolon-dekanoat\/","title":{"rendered":"Nandrolon dekano\u00e1t"},"content":{"rendered":"<p><strong>D\u00c1VKOV\u00c1N\u00cd:<\/strong><br \/>\nNandrolon dekano\u00e1t 300 mg\/ml <strong>OBSAH BALEN\u00cd:<\/strong><br \/>\n1 x 10ML lahvi\u010dka, 300 mg na ml <strong>CO JE TO:<\/strong><br \/>\nNandrolon je \u0161iroce pou\u017e\u00edvan\u00fd steroid pat\u0159\u00edc\u00ed do rodiny 19 nors\u016f. Obecn\u011b se 19 nors vyzna\u010duj\u00ed anabolickou a progestagenn\u00ed aktivitou.<br \/>\nJsou velmi anabolick\u00e9, ale tak\u00e9 vykazuj\u00ed zna\u010dn\u00e9 mno\u017estv\u00ed satelitn\u00edch interakc\u00ed s jin\u00fdmi receptory v t\u011ble. Nejv\u00fdznamn\u011bj\u0161\u00ed je jejich interakce s progesteronov\u00fdm receptorem.<br \/>\nProgestiny odvozen\u00e9 od 19-nor\u016f jsou agonisty progesteronov\u00e9ho receptoru, co\u017e znamen\u00e1, \u017ee se mohou v\u00e1zat na progesteronov\u00fd receptor a aktivovat ho. Nandrolon zp\u016fsobuje sn\u00ed\u017een\u00ed schopnosti vn\u00edmat bolest (jej\u00ed\u017e zv\u00fd\u0161en\u00ed je zam\u011b\u0148ov\u00e1no s l\u00e9\u010debn\u00fdm \u00fa\u010dinkem) a m\u016f\u017ee b\u00fdt tak\u00e9 redukov\u00e1n na DHN, DHN m\u016f\u017ee vyt\u011bsnit DHT z jeho receptor\u016f a zp\u016fsobit n\u011bkolik vedlej\u0161\u00edch \u00fa\u010dink\u016f, mezi nimi\u017e vynikaj\u00ed zm\u011bny n\u00e1lad a absence erekce, to lze napravit pou\u017eit\u00edm Masteronu, Provironu nebo jin\u00e9ho steroidu, kter\u00fd reaguje p\u0159\u00edmo s androgenn\u00edm receptorem prost\u0159ednictv\u00edm DHT. <strong>JAK POU\u017d\u00cdVAT:<\/strong><br \/>\nB\u011b\u017en\u00e9 d\u00e1vky jsou obvykle 200 a\u017e 400 mg t\u00fddn\u011b pro za\u010d\u00e1te\u010dn\u00edky a st\u0159edn\u011b pokro\u010dil\u00e9 sportovce, s mo\u017enost\u00ed pou\u017eit\u00ed 800 t\u00fddn\u011b pro specifick\u00e9 nebo sout\u011b\u017en\u00ed \u00fa\u010dely. Vzhledem k tomu, \u017ee m\u00e1 dlouh\u00fd ester, doporu\u010duje se aplikovat jej EOD nebo E3D.<\/p>\n<p><strong>Informace o \u0161ar\u017ei:<br \/>\n<\/strong>\u010c\u00edslo \u0161ar\u017ee: <span data-sheets-root=\"1\" data-sheets-value=\"{&quot;1&quot;:2,&quot;2&quot;:&quot;OJ32061&quot;}\" data-sheets-userformat=\"{&quot;2&quot;:4224,&quot;10&quot;:2,&quot;15&quot;:&quot;Arial&quot;}\">HV14386<\/span><br \/>\nDatum v\u00fdroby: <span data-sheets-root=\"1\" data-sheets-value=\"{\" data-sheets-userformat=\"{\">10.2025.<\/span><br \/>\nDatum exspirace: 10<span data-sheets-root=\"1\" data-sheets-value=\"{&quot;1&quot;:2,&quot;2&quot;:&quot;03.2026.&quot;}\" data-sheets-userformat=\"{&quot;2&quot;:637,&quot;3&quot;:{&quot;1&quot;:0},&quot;5&quot;:{&quot;1&quot;:[{&quot;1&quot;:2,&quot;2&quot;:0,&quot;5&quot;:{&quot;1&quot;:2,&quot;2&quot;:0}},{&quot;1&quot;:0,&quot;2&quot;:0,&quot;3&quot;:3},{&quot;1&quot;:1,&quot;2&quot;:0,&quot;4&quot;:1}]},&quot;6&quot;:{&quot;1&quot;:[{&quot;1&quot;:2,&quot;2&quot;:0,&quot;5&quot;:{&quot;1&quot;:2,&quot;2&quot;:0}},{&quot;1&quot;:0,&quot;2&quot;:0,&quot;3&quot;:3},{&quot;1&quot;:1,&quot;2&quot;:0,&quot;4&quot;:1}]},&quot;7&quot;:{&quot;1&quot;:[{&quot;1&quot;:2,&quot;2&quot;:0,&quot;5&quot;:{&quot;1&quot;:2,&quot;2&quot;:0}},{&quot;1&quot;:0,&quot;2&quot;:0,&quot;3&quot;:3},{&quot;1&quot;:1,&quot;2&quot;:0,&quot;4&quot;:1}]},&quot;8&quot;:{&quot;1&quot;:[{&quot;1&quot;:2,&quot;2&quot;:0,&quot;5&quot;:{&quot;1&quot;:2,&quot;2&quot;:0}},{&quot;1&quot;:0,&quot;2&quot;:0,&quot;3&quot;:3},{&quot;1&quot;:1,&quot;2&quot;:0,&quot;4&quot;:1}]},&quot;9&quot;:0,&quot;12&quot;:0}\">.2028.<\/span><\/p>\n","protected":false},"excerpt":{"rendered":"<p>D\u00c1VKOV\u00c1N\u00cd: Nandrolon dekano\u00e1t 300 mg\/ml OBSAH BALEN\u00cd: 1 x 10ML lahvi\u010dka, 300 mg na ml CO JE TO: Nandrolon je \u0161iroce pou\u017e\u00edvan\u00fd steroid pat\u0159\u00edc\u00ed do rodiny 19 nors\u016f. Obecn\u011b se 19 nors vyzna\u010duj\u00ed anabolickou a progestagenn\u00ed aktivitou. Jsou velmi anabolick\u00e9, ale tak\u00e9 vykazuj\u00ed zna\u010dn\u00e9 mno\u017estv\u00ed satelitn\u00edch interakc\u00ed s jin\u00fdmi receptory v t\u011ble. Nejv\u00fdznamn\u011bj\u0161\u00ed je jejich&hellip;<\/p>\n","protected":false},"featured_media":75167,"comment_status":"open","ping_status":"closed","template":"","meta":{"_acf_changed":false},"product_brand":[],"product_cat":[153,152],"product_tag":[],"class_list":{"0":"post-77836","1":"product","2":"type-product","3":"status-publish","4":"has-post-thumbnail","6":"product_cat-all-cs","7":"product_cat-injectables-cs","8":"description-off","10":"first","11":"instock","12":"shipping-taxable","13":"product-type-simple"},"acf":[],"yoast_head":"<!-- This site is optimized with the Yoast SEO plugin v27.4 - https:\/\/yoast.com\/product\/yoast-seo-wordpress\/ -->\n<title>Nandrolon dekano\u00e1t - Astera Labs<\/title>\n<meta name=\"robots\" content=\"index, follow, max-snippet:-1, max-image-preview:large, max-video-preview:-1\" \/>\n<link rel=\"canonical\" href=\"https:\/\/asteralabs.org\/cs\/product\/nandrolon-dekanoat\/\" \/>\n<meta property=\"og:locale\" content=\"cs_CZ\" \/>\n<meta property=\"og:type\" content=\"article\" \/>\n<meta property=\"og:title\" content=\"Nandrolon dekano\u00e1t - Astera Labs\" \/>\n<meta property=\"og:description\" content=\"D\u00c1VKOV\u00c1N\u00cd: Nandrolon dekano\u00e1t 300 mg\/ml OBSAH BALEN\u00cd: 1 x 10ML lahvi\u010dka, 300 mg na ml CO JE TO: Nandrolon je \u0161iroce pou\u017e\u00edvan\u00fd steroid pat\u0159\u00edc\u00ed do rodiny 19 nors\u016f. Obecn\u011b se 19 nors vyzna\u010duj\u00ed anabolickou a progestagenn\u00ed aktivitou. Jsou velmi anabolick\u00e9, ale tak\u00e9 vykazuj\u00ed zna\u010dn\u00e9 mno\u017estv\u00ed satelitn\u00edch interakc\u00ed s jin\u00fdmi receptory v t\u011ble. Nejv\u00fdznamn\u011bj\u0161\u00ed je jejich&hellip;\" \/>\n<meta property=\"og:url\" content=\"https:\/\/asteralabs.org\/cs\/product\/nandrolon-dekanoat\/\" \/>\n<meta property=\"og:site_name\" content=\"Astera Labs\" \/>\n<meta property=\"article:modified_time\" content=\"2026-01-15T09:56:29+00:00\" \/>\n<meta property=\"og:image\" content=\"https:\/\/asteralabs.org\/wp-content\/uploads\/2022\/11\/13.png\" \/>\n\t<meta property=\"og:image:width\" content=\"2000\" \/>\n\t<meta property=\"og:image:height\" content=\"2000\" \/>\n\t<meta property=\"og:image:type\" content=\"image\/png\" \/>\n<meta name=\"twitter:card\" content=\"summary_large_image\" \/>\n<script type=\"application\/ld+json\" class=\"yoast-schema-graph\">{\"@context\":\"https:\\\/\\\/schema.org\",\"@graph\":[{\"@type\":\"WebPage\",\"@id\":\"https:\\\/\\\/asteralabs.org\\\/cs\\\/product\\\/nandrolon-dekanoat\\\/\",\"url\":\"https:\\\/\\\/asteralabs.org\\\/cs\\\/product\\\/nandrolon-dekanoat\\\/\",\"name\":\"Nandrolon dekano\u00e1t - Astera Labs\",\"isPartOf\":{\"@id\":\"https:\\\/\\\/asteralabs.org\\\/cs\\\/#website\"},\"primaryImageOfPage\":{\"@id\":\"https:\\\/\\\/asteralabs.org\\\/cs\\\/product\\\/nandrolon-dekanoat\\\/#primaryimage\"},\"image\":{\"@id\":\"https:\\\/\\\/asteralabs.org\\\/cs\\\/product\\\/nandrolon-dekanoat\\\/#primaryimage\"},\"thumbnailUrl\":\"https:\\\/\\\/asteralabs.org\\\/wp-content\\\/uploads\\\/2022\\\/11\\\/13.png\",\"datePublished\":\"2022-11-05T23:06:18+00:00\",\"dateModified\":\"2026-01-15T09:56:29+00:00\",\"breadcrumb\":{\"@id\":\"https:\\\/\\\/asteralabs.org\\\/cs\\\/product\\\/nandrolon-dekanoat\\\/#breadcrumb\"},\"inLanguage\":\"cs-CZ\",\"potentialAction\":[{\"@type\":\"ReadAction\",\"target\":[\"https:\\\/\\\/asteralabs.org\\\/cs\\\/product\\\/nandrolon-dekanoat\\\/\"]}]},{\"@type\":\"ImageObject\",\"inLanguage\":\"cs-CZ\",\"@id\":\"https:\\\/\\\/asteralabs.org\\\/cs\\\/product\\\/nandrolon-dekanoat\\\/#primaryimage\",\"url\":\"https:\\\/\\\/asteralabs.org\\\/wp-content\\\/uploads\\\/2022\\\/11\\\/13.png\",\"contentUrl\":\"https:\\\/\\\/asteralabs.org\\\/wp-content\\\/uploads\\\/2022\\\/11\\\/13.png\",\"width\":2000,\"height\":2000},{\"@type\":\"BreadcrumbList\",\"@id\":\"https:\\\/\\\/asteralabs.org\\\/cs\\\/product\\\/nandrolon-dekanoat\\\/#breadcrumb\",\"itemListElement\":[{\"@type\":\"ListItem\",\"position\":1,\"name\":\"Home\",\"item\":\"https:\\\/\\\/asteralabs.org\\\/cs\\\/\"},{\"@type\":\"ListItem\",\"position\":2,\"name\":\"Obchod\",\"item\":\"https:\\\/\\\/asteralabs.org\\\/cs\\\/obchod\\\/\"},{\"@type\":\"ListItem\",\"position\":3,\"name\":\"Nandrolon dekano\u00e1t\"}]},{\"@type\":\"WebSite\",\"@id\":\"https:\\\/\\\/asteralabs.org\\\/cs\\\/#website\",\"url\":\"https:\\\/\\\/asteralabs.org\\\/cs\\\/\",\"name\":\"Astera Labs\",\"description\":\"Improve Your Quality Of Life\",\"publisher\":{\"@id\":\"https:\\\/\\\/asteralabs.org\\\/cs\\\/#organization\"},\"potentialAction\":[{\"@type\":\"SearchAction\",\"target\":{\"@type\":\"EntryPoint\",\"urlTemplate\":\"https:\\\/\\\/asteralabs.org\\\/cs\\\/?s={search_term_string}\"},\"query-input\":{\"@type\":\"PropertyValueSpecification\",\"valueRequired\":true,\"valueName\":\"search_term_string\"}}],\"inLanguage\":\"cs-CZ\"},{\"@type\":\"Organization\",\"@id\":\"https:\\\/\\\/asteralabs.org\\\/cs\\\/#organization\",\"name\":\"Astera Labs\",\"url\":\"https:\\\/\\\/asteralabs.org\\\/cs\\\/\",\"logo\":{\"@type\":\"ImageObject\",\"inLanguage\":\"cs-CZ\",\"@id\":\"https:\\\/\\\/asteralabs.org\\\/cs\\\/#\\\/schema\\\/logo\\\/image\\\/\",\"url\":\"https:\\\/\\\/asteralabs.org\\\/wp-content\\\/uploads\\\/2022\\\/12\\\/astera-2.png\",\"contentUrl\":\"https:\\\/\\\/asteralabs.org\\\/wp-content\\\/uploads\\\/2022\\\/12\\\/astera-2.png\",\"width\":437,\"height\":111,\"caption\":\"Astera Labs\"},\"image\":{\"@id\":\"https:\\\/\\\/asteralabs.org\\\/cs\\\/#\\\/schema\\\/logo\\\/image\\\/\"}}]}<\/script>\n<!-- \/ Yoast SEO plugin. -->","yoast_head_json":{"title":"Nandrolon dekano\u00e1t - Astera Labs","robots":{"index":"index","follow":"follow","max-snippet":"max-snippet:-1","max-image-preview":"max-image-preview:large","max-video-preview":"max-video-preview:-1"},"canonical":"https:\/\/asteralabs.org\/cs\/product\/nandrolon-dekanoat\/","og_locale":"cs_CZ","og_type":"article","og_title":"Nandrolon dekano\u00e1t - Astera Labs","og_description":"D\u00c1VKOV\u00c1N\u00cd: Nandrolon dekano\u00e1t 300 mg\/ml OBSAH BALEN\u00cd: 1 x 10ML lahvi\u010dka, 300 mg na ml CO JE TO: Nandrolon je \u0161iroce pou\u017e\u00edvan\u00fd steroid pat\u0159\u00edc\u00ed do rodiny 19 nors\u016f. Obecn\u011b se 19 nors vyzna\u010duj\u00ed anabolickou a progestagenn\u00ed aktivitou. Jsou velmi anabolick\u00e9, ale tak\u00e9 vykazuj\u00ed zna\u010dn\u00e9 mno\u017estv\u00ed satelitn\u00edch interakc\u00ed s jin\u00fdmi receptory v t\u011ble. Nejv\u00fdznamn\u011bj\u0161\u00ed je jejich&hellip;","og_url":"https:\/\/asteralabs.org\/cs\/product\/nandrolon-dekanoat\/","og_site_name":"Astera Labs","article_modified_time":"2026-01-15T09:56:29+00:00","og_image":[{"width":2000,"height":2000,"url":"https:\/\/asteralabs.org\/wp-content\/uploads\/2022\/11\/13.png","type":"image\/png"}],"twitter_card":"summary_large_image","schema":{"@context":"https:\/\/schema.org","@graph":[{"@type":"WebPage","@id":"https:\/\/asteralabs.org\/cs\/product\/nandrolon-dekanoat\/","url":"https:\/\/asteralabs.org\/cs\/product\/nandrolon-dekanoat\/","name":"Nandrolon dekano\u00e1t - Astera Labs","isPartOf":{"@id":"https:\/\/asteralabs.org\/cs\/#website"},"primaryImageOfPage":{"@id":"https:\/\/asteralabs.org\/cs\/product\/nandrolon-dekanoat\/#primaryimage"},"image":{"@id":"https:\/\/asteralabs.org\/cs\/product\/nandrolon-dekanoat\/#primaryimage"},"thumbnailUrl":"https:\/\/asteralabs.org\/wp-content\/uploads\/2022\/11\/13.png","datePublished":"2022-11-05T23:06:18+00:00","dateModified":"2026-01-15T09:56:29+00:00","breadcrumb":{"@id":"https:\/\/asteralabs.org\/cs\/product\/nandrolon-dekanoat\/#breadcrumb"},"inLanguage":"cs-CZ","potentialAction":[{"@type":"ReadAction","target":["https:\/\/asteralabs.org\/cs\/product\/nandrolon-dekanoat\/"]}]},{"@type":"ImageObject","inLanguage":"cs-CZ","@id":"https:\/\/asteralabs.org\/cs\/product\/nandrolon-dekanoat\/#primaryimage","url":"https:\/\/asteralabs.org\/wp-content\/uploads\/2022\/11\/13.png","contentUrl":"https:\/\/asteralabs.org\/wp-content\/uploads\/2022\/11\/13.png","width":2000,"height":2000},{"@type":"BreadcrumbList","@id":"https:\/\/asteralabs.org\/cs\/product\/nandrolon-dekanoat\/#breadcrumb","itemListElement":[{"@type":"ListItem","position":1,"name":"Home","item":"https:\/\/asteralabs.org\/cs\/"},{"@type":"ListItem","position":2,"name":"Obchod","item":"https:\/\/asteralabs.org\/cs\/obchod\/"},{"@type":"ListItem","position":3,"name":"Nandrolon dekano\u00e1t"}]},{"@type":"WebSite","@id":"https:\/\/asteralabs.org\/cs\/#website","url":"https:\/\/asteralabs.org\/cs\/","name":"Astera Labs","description":"Improve Your Quality Of Life","publisher":{"@id":"https:\/\/asteralabs.org\/cs\/#organization"},"potentialAction":[{"@type":"SearchAction","target":{"@type":"EntryPoint","urlTemplate":"https:\/\/asteralabs.org\/cs\/?s={search_term_string}"},"query-input":{"@type":"PropertyValueSpecification","valueRequired":true,"valueName":"search_term_string"}}],"inLanguage":"cs-CZ"},{"@type":"Organization","@id":"https:\/\/asteralabs.org\/cs\/#organization","name":"Astera Labs","url":"https:\/\/asteralabs.org\/cs\/","logo":{"@type":"ImageObject","inLanguage":"cs-CZ","@id":"https:\/\/asteralabs.org\/cs\/#\/schema\/logo\/image\/","url":"https:\/\/asteralabs.org\/wp-content\/uploads\/2022\/12\/astera-2.png","contentUrl":"https:\/\/asteralabs.org\/wp-content\/uploads\/2022\/12\/astera-2.png","width":437,"height":111,"caption":"Astera Labs"},"image":{"@id":"https:\/\/asteralabs.org\/cs\/#\/schema\/logo\/image\/"}}]}},"_links":{"self":[{"href":"https:\/\/asteralabs.org\/cs\/wp-json\/wp\/v2\/product\/77836","targetHints":{"allow":["GET"]}}],"collection":[{"href":"https:\/\/asteralabs.org\/cs\/wp-json\/wp\/v2\/product"}],"about":[{"href":"https:\/\/asteralabs.org\/cs\/wp-json\/wp\/v2\/types\/product"}],"replies":[{"embeddable":true,"href":"https:\/\/asteralabs.org\/cs\/wp-json\/wp\/v2\/comments?post=77836"}],"version-history":[{"count":0,"href":"https:\/\/asteralabs.org\/cs\/wp-json\/wp\/v2\/product\/77836\/revisions"}],"wp:featuredmedia":[{"embeddable":true,"href":"https:\/\/asteralabs.org\/cs\/wp-json\/wp\/v2\/media\/75167"}],"wp:attachment":[{"href":"https:\/\/asteralabs.org\/cs\/wp-json\/wp\/v2\/media?parent=77836"}],"wp:term":[{"taxonomy":"product_brand","embeddable":true,"href":"https:\/\/asteralabs.org\/cs\/wp-json\/wp\/v2\/product_brand?post=77836"},{"taxonomy":"product_cat","embeddable":true,"href":"https:\/\/asteralabs.org\/cs\/wp-json\/wp\/v2\/product_cat?post=77836"},{"taxonomy":"product_tag","embeddable":true,"href":"https:\/\/asteralabs.org\/cs\/wp-json\/wp\/v2\/product_tag?post=77836"}],"curies":[{"name":"wp","href":"https:\/\/api.w.org\/{rel}","templated":true}]}}