{"id":77847,"date":"2022-11-05T23:01:30","date_gmt":"2022-11-05T23:01:30","guid":{"rendered":"https:\/\/asteralabs.org\/product\/bakteriostaticka-voda\/"},"modified":"2026-01-14T12:18:44","modified_gmt":"2026-01-14T12:18:44","slug":"bakteriostaticka-voda","status":"publish","type":"product","link":"https:\/\/asteralabs.org\/cs\/product\/bakteriostaticka-voda\/","title":{"rendered":"Bakteriostatick\u00e1 voda"},"content":{"rendered":"<p><strong>D\u00c1VKOV\u00c1N\u00cd: <\/strong><br \/>\nBakteriostatick\u00e1 voda 10 ml <strong>OBSAH BALEN\u00cd: <\/strong><br \/>\n1 x 10ML lahvi\u010dka <strong>CO JE TO: <\/strong><br \/>\nJe steriln\u00ed roztok ur\u010den\u00fd v\u00fdhradn\u011b k pou\u017eit\u00ed s l\u00e9\u010divy, kter\u00e1 vy\u017eaduj\u00ed \u0159ed\u011bn\u00ed nebo mus\u00ed b\u00fdt p\u0159ed injekc\u00ed rozpu\u0161t\u011bna ve vodn\u00e9m m\u00e9diu. WATERMED (bakteriostatick\u00e1 voda na injekce) je vysoce \u010di\u0161t\u011bn\u00e1, sterilizovan\u00e1 voda s obsahem 0,9 % benzylalkoholu, kter\u00e1 se pou\u017e\u00edv\u00e1 k \u0159ed\u011bn\u00ed nebo rozpou\u0161t\u011bn\u00ed l\u00e9k\u016f do vhodn\u00e9 konzistence pro injekci. Bakteriostatick\u00e1 voda (BW) m\u00e1 pH p\u0159ibli\u017en\u011b 5,7. <strong>N\u00c1VOD K POU\u017dIT\u00cd: <\/strong>1<br \/>\nBakteriostatick\u00e1 voda se pou\u017e\u00edv\u00e1 k \u0159ed\u011bn\u00ed nebo rozpou\u0161t\u011bn\u00ed l\u00e9k\u016f ur\u010den\u00fdch k injek\u010dn\u00ed aplikaci pacientovi podle pokyn\u016f v\u00fdrobce pod\u00e1van\u00e9ho l\u00e9ku.<br \/>\nLi\u0161\u00ed se od sterilizovan\u00e9 vody, kter\u00e1 je filtrovan\u00e1 a \u010di\u0161t\u011bn\u00e1, ale neobsahuje \u017e\u00e1dn\u00e9 p\u0159\u00edsady a je obvykle k dispozici pouze na jedno pou\u017eit\u00ed. <strong>INFORMACE O \u0160AR\u017dI:<br \/>\n<\/strong>\u010c\u00edslo \u0161ar\u017ee: FK57911<br \/>\nDatum v\u00fdroby: <span data-sheets-root=\"1\" data-sheets-value=\"{\" data-sheets-userformat=\"{\">10.2025.<\/span><br \/>\nDatum pou\u017eitelnosti: <span data-sheets-root=\"1\" data-sheets-value=\"{\" data-sheets-userformat=\"{\">10.2028.<\/span><\/p>\n","protected":false},"excerpt":{"rendered":"<p>D\u00c1VKOV\u00c1N\u00cd: Bakteriostatick\u00e1 voda 10 ml OBSAH BALEN\u00cd: 1 x 10ML lahvi\u010dka CO JE TO: Je steriln\u00ed roztok ur\u010den\u00fd v\u00fdhradn\u011b k pou\u017eit\u00ed s l\u00e9\u010divy, kter\u00e1 vy\u017eaduj\u00ed \u0159ed\u011bn\u00ed nebo mus\u00ed b\u00fdt p\u0159ed injekc\u00ed rozpu\u0161t\u011bna ve vodn\u00e9m m\u00e9diu. WATERMED (bakteriostatick\u00e1 voda na injekce) je vysoce \u010di\u0161t\u011bn\u00e1, sterilizovan\u00e1 voda s obsahem 0,9 % benzylalkoholu, kter\u00e1 se pou\u017e\u00edv\u00e1 k \u0159ed\u011bn\u00ed&hellip;<\/p>\n","protected":false},"featured_media":75151,"comment_status":"open","ping_status":"closed","template":"","meta":[],"product_cat":[153,152],"product_tag":[],"yoast_head":"<!-- This site is optimized with the Yoast SEO plugin v23.0 - https:\/\/yoast.com\/wordpress\/plugins\/seo\/ -->\n<title>Bakteriostatick\u00e1 voda - Astera Labs<\/title>\n<meta name=\"robots\" content=\"index, follow, max-snippet:-1, max-image-preview:large, max-video-preview:-1\" \/>\n<link rel=\"canonical\" href=\"https:\/\/asteralabs.org\/cs\/product\/bakteriostaticka-voda\/\" \/>\n<meta property=\"og:locale\" content=\"cs_CZ\" \/>\n<meta property=\"og:type\" content=\"article\" \/>\n<meta property=\"og:title\" content=\"Bakteriostatick\u00e1 voda - Astera Labs\" \/>\n<meta property=\"og:description\" content=\"D\u00c1VKOV\u00c1N\u00cd: Bakteriostatick\u00e1 voda 10 ml OBSAH BALEN\u00cd: 1 x 10ML lahvi\u010dka CO JE TO: Je steriln\u00ed roztok ur\u010den\u00fd v\u00fdhradn\u011b k pou\u017eit\u00ed s l\u00e9\u010divy, kter\u00e1 vy\u017eaduj\u00ed \u0159ed\u011bn\u00ed nebo mus\u00ed b\u00fdt p\u0159ed injekc\u00ed rozpu\u0161t\u011bna ve vodn\u00e9m m\u00e9diu. WATERMED (bakteriostatick\u00e1 voda na injekce) je vysoce \u010di\u0161t\u011bn\u00e1, sterilizovan\u00e1 voda s obsahem 0,9 % benzylalkoholu, kter\u00e1 se pou\u017e\u00edv\u00e1 k \u0159ed\u011bn\u00ed&hellip;\" \/>\n<meta property=\"og:url\" content=\"https:\/\/asteralabs.org\/cs\/product\/bakteriostaticka-voda\/\" \/>\n<meta property=\"og:site_name\" content=\"Astera Labs\" \/>\n<meta property=\"article:modified_time\" content=\"2026-01-14T12:18:44+00:00\" \/>\n<meta property=\"og:image\" content=\"https:\/\/asteralabs.org\/wp-content\/uploads\/2022\/11\/35.png\" \/>\n\t<meta property=\"og:image:width\" content=\"2000\" \/>\n\t<meta property=\"og:image:height\" content=\"2000\" \/>\n\t<meta property=\"og:image:type\" content=\"image\/png\" \/>\n<meta name=\"twitter:card\" content=\"summary_large_image\" \/>\n<script type=\"application\/ld+json\" class=\"yoast-schema-graph\">{\"@context\":\"https:\/\/schema.org\",\"@graph\":[{\"@type\":\"WebPage\",\"@id\":\"https:\/\/asteralabs.org\/cs\/product\/bakteriostaticka-voda\/\",\"url\":\"https:\/\/asteralabs.org\/cs\/product\/bakteriostaticka-voda\/\",\"name\":\"Bakteriostatick\u00e1 voda - Astera Labs\",\"isPartOf\":{\"@id\":\"https:\/\/asteralabs.org\/cs\/#website\"},\"primaryImageOfPage\":{\"@id\":\"https:\/\/asteralabs.org\/cs\/product\/bakteriostaticka-voda\/#primaryimage\"},\"image\":{\"@id\":\"https:\/\/asteralabs.org\/cs\/product\/bakteriostaticka-voda\/#primaryimage\"},\"thumbnailUrl\":\"https:\/\/asteralabs.org\/wp-content\/uploads\/2022\/11\/35.png\",\"datePublished\":\"2022-11-05T23:01:30+00:00\",\"dateModified\":\"2026-01-14T12:18:44+00:00\",\"breadcrumb\":{\"@id\":\"https:\/\/asteralabs.org\/cs\/product\/bakteriostaticka-voda\/#breadcrumb\"},\"inLanguage\":\"cs\",\"potentialAction\":[{\"@type\":\"ReadAction\",\"target\":[\"https:\/\/asteralabs.org\/cs\/product\/bakteriostaticka-voda\/\"]}]},{\"@type\":\"ImageObject\",\"inLanguage\":\"cs\",\"@id\":\"https:\/\/asteralabs.org\/cs\/product\/bakteriostaticka-voda\/#primaryimage\",\"url\":\"https:\/\/asteralabs.org\/wp-content\/uploads\/2022\/11\/35.png\",\"contentUrl\":\"https:\/\/asteralabs.org\/wp-content\/uploads\/2022\/11\/35.png\",\"width\":2000,\"height\":2000},{\"@type\":\"BreadcrumbList\",\"@id\":\"https:\/\/asteralabs.org\/cs\/product\/bakteriostaticka-voda\/#breadcrumb\",\"itemListElement\":[{\"@type\":\"ListItem\",\"position\":1,\"name\":\"Home\",\"item\":\"https:\/\/asteralabs.org\/cs\/\"},{\"@type\":\"ListItem\",\"position\":2,\"name\":\"Obchod\",\"item\":\"https:\/\/asteralabs.org\/obchod\/\"},{\"@type\":\"ListItem\",\"position\":3,\"name\":\"Bakteriostatick\u00e1 voda\"}]},{\"@type\":\"WebSite\",\"@id\":\"https:\/\/asteralabs.org\/cs\/#website\",\"url\":\"https:\/\/asteralabs.org\/cs\/\",\"name\":\"Astera Labs\",\"description\":\"Improve Your Quality Of Life\",\"publisher\":{\"@id\":\"https:\/\/asteralabs.org\/cs\/#organization\"},\"potentialAction\":[{\"@type\":\"SearchAction\",\"target\":{\"@type\":\"EntryPoint\",\"urlTemplate\":\"https:\/\/asteralabs.org\/cs\/?s={search_term_string}\"},\"query-input\":\"required name=search_term_string\"}],\"inLanguage\":\"cs\"},{\"@type\":\"Organization\",\"@id\":\"https:\/\/asteralabs.org\/cs\/#organization\",\"name\":\"Astera Labs\",\"url\":\"https:\/\/asteralabs.org\/cs\/\",\"logo\":{\"@type\":\"ImageObject\",\"inLanguage\":\"cs\",\"@id\":\"https:\/\/asteralabs.org\/cs\/#\/schema\/logo\/image\/\",\"url\":\"https:\/\/asteralabs.org\/wp-content\/uploads\/2022\/12\/astera-2.png\",\"contentUrl\":\"https:\/\/asteralabs.org\/wp-content\/uploads\/2022\/12\/astera-2.png\",\"width\":437,\"height\":111,\"caption\":\"Astera Labs\"},\"image\":{\"@id\":\"https:\/\/asteralabs.org\/cs\/#\/schema\/logo\/image\/\"}}]}<\/script>\n<!-- \/ Yoast SEO plugin. -->","yoast_head_json":{"title":"Bakteriostatick\u00e1 voda - Astera Labs","robots":{"index":"index","follow":"follow","max-snippet":"max-snippet:-1","max-image-preview":"max-image-preview:large","max-video-preview":"max-video-preview:-1"},"canonical":"https:\/\/asteralabs.org\/cs\/product\/bakteriostaticka-voda\/","og_locale":"cs_CZ","og_type":"article","og_title":"Bakteriostatick\u00e1 voda - Astera Labs","og_description":"D\u00c1VKOV\u00c1N\u00cd: Bakteriostatick\u00e1 voda 10 ml OBSAH BALEN\u00cd: 1 x 10ML lahvi\u010dka CO JE TO: Je steriln\u00ed roztok ur\u010den\u00fd v\u00fdhradn\u011b k pou\u017eit\u00ed s l\u00e9\u010divy, kter\u00e1 vy\u017eaduj\u00ed \u0159ed\u011bn\u00ed nebo mus\u00ed b\u00fdt p\u0159ed injekc\u00ed rozpu\u0161t\u011bna ve vodn\u00e9m m\u00e9diu. WATERMED (bakteriostatick\u00e1 voda na injekce) je vysoce \u010di\u0161t\u011bn\u00e1, sterilizovan\u00e1 voda s obsahem 0,9 % benzylalkoholu, kter\u00e1 se pou\u017e\u00edv\u00e1 k \u0159ed\u011bn\u00ed&hellip;","og_url":"https:\/\/asteralabs.org\/cs\/product\/bakteriostaticka-voda\/","og_site_name":"Astera Labs","article_modified_time":"2026-01-14T12:18:44+00:00","og_image":[{"width":2000,"height":2000,"url":"https:\/\/asteralabs.org\/wp-content\/uploads\/2022\/11\/35.png","type":"image\/png"}],"twitter_card":"summary_large_image","schema":{"@context":"https:\/\/schema.org","@graph":[{"@type":"WebPage","@id":"https:\/\/asteralabs.org\/cs\/product\/bakteriostaticka-voda\/","url":"https:\/\/asteralabs.org\/cs\/product\/bakteriostaticka-voda\/","name":"Bakteriostatick\u00e1 voda - Astera Labs","isPartOf":{"@id":"https:\/\/asteralabs.org\/cs\/#website"},"primaryImageOfPage":{"@id":"https:\/\/asteralabs.org\/cs\/product\/bakteriostaticka-voda\/#primaryimage"},"image":{"@id":"https:\/\/asteralabs.org\/cs\/product\/bakteriostaticka-voda\/#primaryimage"},"thumbnailUrl":"https:\/\/asteralabs.org\/wp-content\/uploads\/2022\/11\/35.png","datePublished":"2022-11-05T23:01:30+00:00","dateModified":"2026-01-14T12:18:44+00:00","breadcrumb":{"@id":"https:\/\/asteralabs.org\/cs\/product\/bakteriostaticka-voda\/#breadcrumb"},"inLanguage":"cs","potentialAction":[{"@type":"ReadAction","target":["https:\/\/asteralabs.org\/cs\/product\/bakteriostaticka-voda\/"]}]},{"@type":"ImageObject","inLanguage":"cs","@id":"https:\/\/asteralabs.org\/cs\/product\/bakteriostaticka-voda\/#primaryimage","url":"https:\/\/asteralabs.org\/wp-content\/uploads\/2022\/11\/35.png","contentUrl":"https:\/\/asteralabs.org\/wp-content\/uploads\/2022\/11\/35.png","width":2000,"height":2000},{"@type":"BreadcrumbList","@id":"https:\/\/asteralabs.org\/cs\/product\/bakteriostaticka-voda\/#breadcrumb","itemListElement":[{"@type":"ListItem","position":1,"name":"Home","item":"https:\/\/asteralabs.org\/cs\/"},{"@type":"ListItem","position":2,"name":"Obchod","item":"https:\/\/asteralabs.org\/obchod\/"},{"@type":"ListItem","position":3,"name":"Bakteriostatick\u00e1 voda"}]},{"@type":"WebSite","@id":"https:\/\/asteralabs.org\/cs\/#website","url":"https:\/\/asteralabs.org\/cs\/","name":"Astera Labs","description":"Improve Your Quality Of Life","publisher":{"@id":"https:\/\/asteralabs.org\/cs\/#organization"},"potentialAction":[{"@type":"SearchAction","target":{"@type":"EntryPoint","urlTemplate":"https:\/\/asteralabs.org\/cs\/?s={search_term_string}"},"query-input":"required name=search_term_string"}],"inLanguage":"cs"},{"@type":"Organization","@id":"https:\/\/asteralabs.org\/cs\/#organization","name":"Astera Labs","url":"https:\/\/asteralabs.org\/cs\/","logo":{"@type":"ImageObject","inLanguage":"cs","@id":"https:\/\/asteralabs.org\/cs\/#\/schema\/logo\/image\/","url":"https:\/\/asteralabs.org\/wp-content\/uploads\/2022\/12\/astera-2.png","contentUrl":"https:\/\/asteralabs.org\/wp-content\/uploads\/2022\/12\/astera-2.png","width":437,"height":111,"caption":"Astera Labs"},"image":{"@id":"https:\/\/asteralabs.org\/cs\/#\/schema\/logo\/image\/"}}]}},"_links":{"self":[{"href":"https:\/\/asteralabs.org\/cs\/wp-json\/wp\/v2\/product\/77847"}],"collection":[{"href":"https:\/\/asteralabs.org\/cs\/wp-json\/wp\/v2\/product"}],"about":[{"href":"https:\/\/asteralabs.org\/cs\/wp-json\/wp\/v2\/types\/product"}],"replies":[{"embeddable":true,"href":"https:\/\/asteralabs.org\/cs\/wp-json\/wp\/v2\/comments?post=77847"}],"version-history":[{"count":1,"href":"https:\/\/asteralabs.org\/cs\/wp-json\/wp\/v2\/product\/77847\/revisions"}],"predecessor-version":[{"id":79141,"href":"https:\/\/asteralabs.org\/cs\/wp-json\/wp\/v2\/product\/77847\/revisions\/79141"}],"wp:featuredmedia":[{"embeddable":true,"href":"https:\/\/asteralabs.org\/cs\/wp-json\/wp\/v2\/media\/75151"}],"wp:attachment":[{"href":"https:\/\/asteralabs.org\/cs\/wp-json\/wp\/v2\/media?parent=77847"}],"wp:term":[{"taxonomy":"product_cat","embeddable":true,"href":"https:\/\/asteralabs.org\/cs\/wp-json\/wp\/v2\/product_cat?post=77847"},{"taxonomy":"product_tag","embeddable":true,"href":"https:\/\/asteralabs.org\/cs\/wp-json\/wp\/v2\/product_tag?post=77847"}],"curies":[{"name":"wp","href":"https:\/\/api.w.org\/{rel}","templated":true}]}}