{"id":77876,"date":"2022-11-05T22:53:52","date_gmt":"2022-11-05T22:53:52","guid":{"rendered":"https:\/\/asteralabs.org\/product\/l-karnitin\/"},"modified":"2026-01-15T09:12:12","modified_gmt":"2026-01-15T09:12:12","slug":"l-karnitin","status":"publish","type":"product","link":"https:\/\/asteralabs.org\/cs\/product\/l-karnitin\/","title":{"rendered":"L-karnitin"},"content":{"rendered":"<p><strong>D\u00c1VKOV\u00c1N\u00cd:<\/strong><br \/>\nL-Karnitin 500mg\/ml <strong>OBSAH BALEN\u00cd:<\/strong><br \/>\n1 x 10ML lahvi\u010dka, 500 mg v ml <strong>CO JE TO:<\/strong><br \/>\nKarnitin je aminokyselina, jej\u00ed\u017e funkc\u00ed je transport mastn\u00fdch kyselin do mitochondri\u00ed. Karnitin je u\u017eite\u010dn\u00fd pro zv\u00fd\u0161en\u00ed a optimalizaci spalov\u00e1n\u00ed tuk\u016f, zlep\u0161en\u00ed regenerace a zv\u00fd\u0161en\u00ed \u00farovn\u011b v\u00fdbu\u0161n\u00e9 s\u00edly. Vzhledem k tomu, \u017ee hladina karnitinu m\u016f\u017ee b\u00fdt v\u00fdrazn\u011b sn\u00ed\u017eena pouh\u00fdm tr\u00e9ninkem, doporu\u010duje se jeho exogenn\u00ed pod\u00e1v\u00e1n\u00ed a na z\u00e1klad\u011b dostupn\u00fdch klinick\u00fdch studi\u00ed se doporu\u010duje jeho pod\u00e1v\u00e1n\u00ed ve stavu hyperinzulinemie, aby se zlep\u0161ila jeho absorpce. <strong>JAK SE POU\u017d\u00cdV\u00c1:<\/strong><br \/>\nLze jej pod\u00e1vat jak intramuskul\u00e1rn\u011b (IM), tak subkut\u00e1nn\u011b (Subq), minim\u00e1ln\u00ed d\u00e1vka bude 400 mg denn\u011b, maxim\u00e1ln\u011b tolik, kolik si m\u016f\u017eete dovolit, i kdy\u017e s minim\u00e1ln\u00ed uvedenou d\u00e1vkou budete m\u00edt obecn\u011b v\u00edce ne\u017e dost, pokud budete udr\u017eovat injek\u010dn\u00ed rytmus. konstantn\u00ed udr\u017eov\u00e1n\u00ed hladiny nasycen\u00ed. Toto pod\u00e1v\u00e1n\u00ed L-karnitinu mus\u00ed b\u00fdt doprov\u00e1zeno stavem hyperinzulinemie, toho m\u016f\u017eeme dos\u00e1hnout pod\u00e1n\u00edm vysok\u00e9ho mno\u017estv\u00ed jednoduch\u00fdch sacharid\u016f, kolem 90 g. V p\u0159\u00edpad\u011b, \u017ee se jedn\u00e1 o hyperinzulinemii, m\u016f\u017eeme ji nav\u00fd\u0161it pod\u00e1n\u00edm vysok\u00e9ho mno\u017estv\u00ed jednoduch\u00fdch sacharid\u016f. Lze toho tak\u00e9 dos\u00e1hnout jednoduch\u00fdm pod\u00e1n\u00edm inzulinu, a to p\u0159esn\u011b 7 a\u017e 10IU ultra rychl\u00e9ho inzulinu subkut\u00e1nn\u011b. <strong>INFORMACE O \u0160AR\u017dI:<br \/>\n<\/strong>\u010c\u00edslo \u0161ar\u017ee: <span data-sheets-root=\"1\" data-sheets-value=\"{\" data-sheets-userformat=\"{\">LU71048<\/span><br \/>\nDatum v\u00fdroby: 10<span data-sheets-root=\"1\" data-sheets-value=\"{\" data-sheets-userformat=\"{\">.2025.<\/span><br \/>\nDatum pou\u017eitelnosti: 10<span data-sheets-root=\"1\" data-sheets-value=\"{\" data-sheets-userformat=\"{\">.2028.<\/span><\/p>\n","protected":false},"excerpt":{"rendered":"<p>D\u00c1VKOV\u00c1N\u00cd: L-Karnitin 500mg\/ml OBSAH BALEN\u00cd: 1 x 10ML lahvi\u010dka, 500 mg v ml CO JE TO: Karnitin je aminokyselina, jej\u00ed\u017e funkc\u00ed je transport mastn\u00fdch kyselin do mitochondri\u00ed. Karnitin je u\u017eite\u010dn\u00fd pro zv\u00fd\u0161en\u00ed a optimalizaci spalov\u00e1n\u00ed tuk\u016f, zlep\u0161en\u00ed regenerace a zv\u00fd\u0161en\u00ed \u00farovn\u011b v\u00fdbu\u0161n\u00e9 s\u00edly. Vzhledem k tomu, \u017ee hladina karnitinu m\u016f\u017ee b\u00fdt v\u00fdrazn\u011b sn\u00ed\u017eena pouh\u00fdm tr\u00e9ninkem,&hellip;<\/p>\n","protected":false},"featured_media":75127,"comment_status":"open","ping_status":"closed","template":"","meta":{"_acf_changed":false},"product_brand":[],"product_cat":[153,188],"product_tag":[],"class_list":{"0":"post-77876","1":"product","2":"type-product","3":"status-publish","4":"has-post-thumbnail","6":"product_cat-all-cs","7":"product_cat-amino-acids-cs","8":"description-off","10":"first","11":"instock","12":"shipping-taxable","13":"product-type-simple"},"acf":[],"yoast_head":"<!-- This site is optimized with the Yoast SEO plugin v27.4 - https:\/\/yoast.com\/product\/yoast-seo-wordpress\/ -->\n<title>L-karnitin - Astera Labs<\/title>\n<meta name=\"robots\" content=\"index, follow, max-snippet:-1, max-image-preview:large, max-video-preview:-1\" \/>\n<link rel=\"canonical\" href=\"https:\/\/asteralabs.org\/cs\/product\/l-karnitin\/\" \/>\n<meta property=\"og:locale\" content=\"cs_CZ\" \/>\n<meta property=\"og:type\" content=\"article\" \/>\n<meta property=\"og:title\" content=\"L-karnitin - Astera Labs\" \/>\n<meta property=\"og:description\" content=\"D\u00c1VKOV\u00c1N\u00cd: L-Karnitin 500mg\/ml OBSAH BALEN\u00cd: 1 x 10ML lahvi\u010dka, 500 mg v ml CO JE TO: Karnitin je aminokyselina, jej\u00ed\u017e funkc\u00ed je transport mastn\u00fdch kyselin do mitochondri\u00ed. Karnitin je u\u017eite\u010dn\u00fd pro zv\u00fd\u0161en\u00ed a optimalizaci spalov\u00e1n\u00ed tuk\u016f, zlep\u0161en\u00ed regenerace a zv\u00fd\u0161en\u00ed \u00farovn\u011b v\u00fdbu\u0161n\u00e9 s\u00edly. Vzhledem k tomu, \u017ee hladina karnitinu m\u016f\u017ee b\u00fdt v\u00fdrazn\u011b sn\u00ed\u017eena pouh\u00fdm tr\u00e9ninkem,&hellip;\" \/>\n<meta property=\"og:url\" content=\"https:\/\/asteralabs.org\/cs\/product\/l-karnitin\/\" \/>\n<meta property=\"og:site_name\" content=\"Astera Labs\" \/>\n<meta property=\"article:modified_time\" content=\"2026-01-15T09:12:12+00:00\" \/>\n<meta property=\"og:image\" content=\"https:\/\/asteralabs.org\/wp-content\/uploads\/2022\/11\/25.png\" \/>\n\t<meta property=\"og:image:width\" content=\"2000\" \/>\n\t<meta property=\"og:image:height\" content=\"2000\" \/>\n\t<meta property=\"og:image:type\" content=\"image\/png\" \/>\n<meta name=\"twitter:card\" content=\"summary_large_image\" \/>\n<script type=\"application\/ld+json\" class=\"yoast-schema-graph\">{\"@context\":\"https:\\\/\\\/schema.org\",\"@graph\":[{\"@type\":\"WebPage\",\"@id\":\"https:\\\/\\\/asteralabs.org\\\/cs\\\/product\\\/l-karnitin\\\/\",\"url\":\"https:\\\/\\\/asteralabs.org\\\/cs\\\/product\\\/l-karnitin\\\/\",\"name\":\"L-karnitin - Astera Labs\",\"isPartOf\":{\"@id\":\"https:\\\/\\\/asteralabs.org\\\/cs\\\/#website\"},\"primaryImageOfPage\":{\"@id\":\"https:\\\/\\\/asteralabs.org\\\/cs\\\/product\\\/l-karnitin\\\/#primaryimage\"},\"image\":{\"@id\":\"https:\\\/\\\/asteralabs.org\\\/cs\\\/product\\\/l-karnitin\\\/#primaryimage\"},\"thumbnailUrl\":\"https:\\\/\\\/asteralabs.org\\\/wp-content\\\/uploads\\\/2022\\\/11\\\/25.png\",\"datePublished\":\"2022-11-05T22:53:52+00:00\",\"dateModified\":\"2026-01-15T09:12:12+00:00\",\"breadcrumb\":{\"@id\":\"https:\\\/\\\/asteralabs.org\\\/cs\\\/product\\\/l-karnitin\\\/#breadcrumb\"},\"inLanguage\":\"cs-CZ\",\"potentialAction\":[{\"@type\":\"ReadAction\",\"target\":[\"https:\\\/\\\/asteralabs.org\\\/cs\\\/product\\\/l-karnitin\\\/\"]}]},{\"@type\":\"ImageObject\",\"inLanguage\":\"cs-CZ\",\"@id\":\"https:\\\/\\\/asteralabs.org\\\/cs\\\/product\\\/l-karnitin\\\/#primaryimage\",\"url\":\"https:\\\/\\\/asteralabs.org\\\/wp-content\\\/uploads\\\/2022\\\/11\\\/25.png\",\"contentUrl\":\"https:\\\/\\\/asteralabs.org\\\/wp-content\\\/uploads\\\/2022\\\/11\\\/25.png\",\"width\":2000,\"height\":2000},{\"@type\":\"BreadcrumbList\",\"@id\":\"https:\\\/\\\/asteralabs.org\\\/cs\\\/product\\\/l-karnitin\\\/#breadcrumb\",\"itemListElement\":[{\"@type\":\"ListItem\",\"position\":1,\"name\":\"Home\",\"item\":\"https:\\\/\\\/asteralabs.org\\\/cs\\\/\"},{\"@type\":\"ListItem\",\"position\":2,\"name\":\"Obchod\",\"item\":\"https:\\\/\\\/asteralabs.org\\\/cs\\\/obchod\\\/\"},{\"@type\":\"ListItem\",\"position\":3,\"name\":\"L-karnitin\"}]},{\"@type\":\"WebSite\",\"@id\":\"https:\\\/\\\/asteralabs.org\\\/cs\\\/#website\",\"url\":\"https:\\\/\\\/asteralabs.org\\\/cs\\\/\",\"name\":\"Astera Labs\",\"description\":\"Improve Your Quality Of Life\",\"publisher\":{\"@id\":\"https:\\\/\\\/asteralabs.org\\\/cs\\\/#organization\"},\"potentialAction\":[{\"@type\":\"SearchAction\",\"target\":{\"@type\":\"EntryPoint\",\"urlTemplate\":\"https:\\\/\\\/asteralabs.org\\\/cs\\\/?s={search_term_string}\"},\"query-input\":{\"@type\":\"PropertyValueSpecification\",\"valueRequired\":true,\"valueName\":\"search_term_string\"}}],\"inLanguage\":\"cs-CZ\"},{\"@type\":\"Organization\",\"@id\":\"https:\\\/\\\/asteralabs.org\\\/cs\\\/#organization\",\"name\":\"Astera Labs\",\"url\":\"https:\\\/\\\/asteralabs.org\\\/cs\\\/\",\"logo\":{\"@type\":\"ImageObject\",\"inLanguage\":\"cs-CZ\",\"@id\":\"https:\\\/\\\/asteralabs.org\\\/cs\\\/#\\\/schema\\\/logo\\\/image\\\/\",\"url\":\"https:\\\/\\\/asteralabs.org\\\/wp-content\\\/uploads\\\/2022\\\/12\\\/astera-2.png\",\"contentUrl\":\"https:\\\/\\\/asteralabs.org\\\/wp-content\\\/uploads\\\/2022\\\/12\\\/astera-2.png\",\"width\":437,\"height\":111,\"caption\":\"Astera Labs\"},\"image\":{\"@id\":\"https:\\\/\\\/asteralabs.org\\\/cs\\\/#\\\/schema\\\/logo\\\/image\\\/\"}}]}<\/script>\n<!-- \/ Yoast SEO plugin. -->","yoast_head_json":{"title":"L-karnitin - Astera Labs","robots":{"index":"index","follow":"follow","max-snippet":"max-snippet:-1","max-image-preview":"max-image-preview:large","max-video-preview":"max-video-preview:-1"},"canonical":"https:\/\/asteralabs.org\/cs\/product\/l-karnitin\/","og_locale":"cs_CZ","og_type":"article","og_title":"L-karnitin - Astera Labs","og_description":"D\u00c1VKOV\u00c1N\u00cd: L-Karnitin 500mg\/ml OBSAH BALEN\u00cd: 1 x 10ML lahvi\u010dka, 500 mg v ml CO JE TO: Karnitin je aminokyselina, jej\u00ed\u017e funkc\u00ed je transport mastn\u00fdch kyselin do mitochondri\u00ed. Karnitin je u\u017eite\u010dn\u00fd pro zv\u00fd\u0161en\u00ed a optimalizaci spalov\u00e1n\u00ed tuk\u016f, zlep\u0161en\u00ed regenerace a zv\u00fd\u0161en\u00ed \u00farovn\u011b v\u00fdbu\u0161n\u00e9 s\u00edly. Vzhledem k tomu, \u017ee hladina karnitinu m\u016f\u017ee b\u00fdt v\u00fdrazn\u011b sn\u00ed\u017eena pouh\u00fdm tr\u00e9ninkem,&hellip;","og_url":"https:\/\/asteralabs.org\/cs\/product\/l-karnitin\/","og_site_name":"Astera Labs","article_modified_time":"2026-01-15T09:12:12+00:00","og_image":[{"width":2000,"height":2000,"url":"https:\/\/asteralabs.org\/wp-content\/uploads\/2022\/11\/25.png","type":"image\/png"}],"twitter_card":"summary_large_image","schema":{"@context":"https:\/\/schema.org","@graph":[{"@type":"WebPage","@id":"https:\/\/asteralabs.org\/cs\/product\/l-karnitin\/","url":"https:\/\/asteralabs.org\/cs\/product\/l-karnitin\/","name":"L-karnitin - Astera Labs","isPartOf":{"@id":"https:\/\/asteralabs.org\/cs\/#website"},"primaryImageOfPage":{"@id":"https:\/\/asteralabs.org\/cs\/product\/l-karnitin\/#primaryimage"},"image":{"@id":"https:\/\/asteralabs.org\/cs\/product\/l-karnitin\/#primaryimage"},"thumbnailUrl":"https:\/\/asteralabs.org\/wp-content\/uploads\/2022\/11\/25.png","datePublished":"2022-11-05T22:53:52+00:00","dateModified":"2026-01-15T09:12:12+00:00","breadcrumb":{"@id":"https:\/\/asteralabs.org\/cs\/product\/l-karnitin\/#breadcrumb"},"inLanguage":"cs-CZ","potentialAction":[{"@type":"ReadAction","target":["https:\/\/asteralabs.org\/cs\/product\/l-karnitin\/"]}]},{"@type":"ImageObject","inLanguage":"cs-CZ","@id":"https:\/\/asteralabs.org\/cs\/product\/l-karnitin\/#primaryimage","url":"https:\/\/asteralabs.org\/wp-content\/uploads\/2022\/11\/25.png","contentUrl":"https:\/\/asteralabs.org\/wp-content\/uploads\/2022\/11\/25.png","width":2000,"height":2000},{"@type":"BreadcrumbList","@id":"https:\/\/asteralabs.org\/cs\/product\/l-karnitin\/#breadcrumb","itemListElement":[{"@type":"ListItem","position":1,"name":"Home","item":"https:\/\/asteralabs.org\/cs\/"},{"@type":"ListItem","position":2,"name":"Obchod","item":"https:\/\/asteralabs.org\/cs\/obchod\/"},{"@type":"ListItem","position":3,"name":"L-karnitin"}]},{"@type":"WebSite","@id":"https:\/\/asteralabs.org\/cs\/#website","url":"https:\/\/asteralabs.org\/cs\/","name":"Astera Labs","description":"Improve Your Quality Of Life","publisher":{"@id":"https:\/\/asteralabs.org\/cs\/#organization"},"potentialAction":[{"@type":"SearchAction","target":{"@type":"EntryPoint","urlTemplate":"https:\/\/asteralabs.org\/cs\/?s={search_term_string}"},"query-input":{"@type":"PropertyValueSpecification","valueRequired":true,"valueName":"search_term_string"}}],"inLanguage":"cs-CZ"},{"@type":"Organization","@id":"https:\/\/asteralabs.org\/cs\/#organization","name":"Astera Labs","url":"https:\/\/asteralabs.org\/cs\/","logo":{"@type":"ImageObject","inLanguage":"cs-CZ","@id":"https:\/\/asteralabs.org\/cs\/#\/schema\/logo\/image\/","url":"https:\/\/asteralabs.org\/wp-content\/uploads\/2022\/12\/astera-2.png","contentUrl":"https:\/\/asteralabs.org\/wp-content\/uploads\/2022\/12\/astera-2.png","width":437,"height":111,"caption":"Astera Labs"},"image":{"@id":"https:\/\/asteralabs.org\/cs\/#\/schema\/logo\/image\/"}}]}},"_links":{"self":[{"href":"https:\/\/asteralabs.org\/cs\/wp-json\/wp\/v2\/product\/77876","targetHints":{"allow":["GET"]}}],"collection":[{"href":"https:\/\/asteralabs.org\/cs\/wp-json\/wp\/v2\/product"}],"about":[{"href":"https:\/\/asteralabs.org\/cs\/wp-json\/wp\/v2\/types\/product"}],"replies":[{"embeddable":true,"href":"https:\/\/asteralabs.org\/cs\/wp-json\/wp\/v2\/comments?post=77876"}],"version-history":[{"count":0,"href":"https:\/\/asteralabs.org\/cs\/wp-json\/wp\/v2\/product\/77876\/revisions"}],"wp:featuredmedia":[{"embeddable":true,"href":"https:\/\/asteralabs.org\/cs\/wp-json\/wp\/v2\/media\/75127"}],"wp:attachment":[{"href":"https:\/\/asteralabs.org\/cs\/wp-json\/wp\/v2\/media?parent=77876"}],"wp:term":[{"taxonomy":"product_brand","embeddable":true,"href":"https:\/\/asteralabs.org\/cs\/wp-json\/wp\/v2\/product_brand?post=77876"},{"taxonomy":"product_cat","embeddable":true,"href":"https:\/\/asteralabs.org\/cs\/wp-json\/wp\/v2\/product_cat?post=77876"},{"taxonomy":"product_tag","embeddable":true,"href":"https:\/\/asteralabs.org\/cs\/wp-json\/wp\/v2\/product_tag?post=77876"}],"curies":[{"name":"wp","href":"https:\/\/api.w.org\/{rel}","templated":true}]}}