{"id":77881,"date":"2022-11-05T22:50:27","date_gmt":"2022-11-05T22:50:27","guid":{"rendered":"https:\/\/asteralabs.org\/product\/zakladna-trenbolonu\/"},"modified":"2026-01-15T12:30:54","modified_gmt":"2026-01-15T12:30:54","slug":"zakladna-trenbolonu","status":"publish","type":"product","link":"https:\/\/asteralabs.org\/cs\/product\/zakladna-trenbolonu\/","title":{"rendered":"Z\u00e1kladna trenbolonu"},"content":{"rendered":"<p><strong>D\u00c1VKOV\u00c1N\u00cd: <\/strong><br \/>\nTrenbolon Base 50mg\/ml <strong>OBSAH BALEN\u00cd: <\/strong><br \/>\n1 x 10ML lahvi\u010dka, 50 mg na ml <strong>CO JE TO: <\/strong><br \/>\nTrenbolon je steroid odvozen\u00fd od 19-Nortestosteronu a je jedn\u00edm z nejsiln\u011bj\u0161\u00edch a nej\u00fa\u010dinn\u011bj\u0161\u00edch steroid\u016f, kter\u00e9 v sou\u010dasn\u00e9 dob\u011b existuj\u00ed.<br \/>\nD\u00edky sv\u00e9 vysok\u00e9 afinit\u011b k androgenn\u00edm receptor\u016fm je to v\u0161estrann\u00fd steroid, u\u017eite\u010dn\u00fd pro nab\u00edr\u00e1n\u00ed svalov\u00e9 hmoty, ztr\u00e1tu tuku a zv\u00fd\u0161en\u00ed s\u00edly. Je velmi u\u017eite\u010dn\u00fd b\u011bhem \u0159ezac\u00edho cyklu k udr\u017een\u00ed co nejv\u011bt\u0161\u00edho mno\u017estv\u00ed svalov\u00e9 hmoty a z\u00e1rove\u0148 ke ztr\u00e1t\u011b co nejv\u011bt\u0161\u00edho mno\u017estv\u00ed tuku.<br \/>\nA\u010dkoli jeho vedlej\u0161\u00ed \u00fa\u010dinky jsou p\u0159ehnan\u00e9 a jsou velmi podobn\u00e9 \u00fa\u010dink\u016fm jin\u00fdch steroid\u016f a z\u00e1visl\u00e9 na d\u00e1vce, je t\u0159eba vz\u00edt v \u00favahu, \u017ee zp\u016fsobuje poruchy sp\u00e1nku (v z\u00e1vislosti na d\u00e1vce a dob\u011b u\u017e\u00edv\u00e1n\u00ed) a zm\u011bny n\u00e1lady (v z\u00e1vislosti na osob\u011b ). <strong>JAK SE POU\u017d\u00cdV\u00c1: <\/strong><br \/>\nProto\u017ee postr\u00e1d\u00e1 ester, jeho n\u00e1stup je t\u00e9m\u011b\u0159 okam\u017eit\u00fd, m\u016f\u017ee b\u00fdt pou\u017eit jako p\u0159edtr\u00e9ninkov\u00fd p\u0159\u00edpravek pro dod\u00e1n\u00ed extra s\u00edly\/agrese nebo b\u011bhem silov\u00e9ho setk\u00e1n\u00ed. Doporu\u010duje se jednor\u00e1zov\u00e1 d\u00e1vka 50-75 mg p\u0159ed tr\u00e9ninkem.<\/p>\n<p><strong>Informace o \u0161ar\u017ei:<br \/>\n<\/strong>\u010c\u00edslo \u0161ar\u017ee: <span data-sheets-root=\"1\" data-sheets-value=\"{\" data-sheets-userformat=\"{\">TE37030<\/span><br \/>\nDatum v\u00fdroby: <span data-sheets-root=\"1\" data-sheets-value=\"{\" data-sheets-userformat=\"{\">10.2025.<\/span><br \/>\nDatum exspirace: <span data-sheets-root=\"1\" data-sheets-value=\"{\" data-sheets-userformat=\"{\">10.2028.<\/span><\/p>\n","protected":false},"excerpt":{"rendered":"<p>D\u00c1VKOV\u00c1N\u00cd: Trenbolon Base 50mg\/ml OBSAH BALEN\u00cd: 1 x 10ML lahvi\u010dka, 50 mg na ml CO JE TO: Trenbolon je steroid odvozen\u00fd od 19-Nortestosteronu a je jedn\u00edm z nejsiln\u011bj\u0161\u00edch a nej\u00fa\u010dinn\u011bj\u0161\u00edch steroid\u016f, kter\u00e9 v sou\u010dasn\u00e9 dob\u011b existuj\u00ed. D\u00edky sv\u00e9 vysok\u00e9 afinit\u011b k androgenn\u00edm receptor\u016fm je to v\u0161estrann\u00fd steroid, u\u017eite\u010dn\u00fd pro nab\u00edr\u00e1n\u00ed svalov\u00e9 hmoty, ztr\u00e1tu tuku a&hellip;<\/p>\n","protected":false},"featured_media":75119,"comment_status":"open","ping_status":"closed","template":"","meta":[],"product_cat":[153,152],"product_tag":[],"yoast_head":"<!-- This site is optimized with the Yoast SEO plugin v23.0 - https:\/\/yoast.com\/wordpress\/plugins\/seo\/ -->\n<title>Z\u00e1kladna trenbolonu - Astera Labs<\/title>\n<meta name=\"robots\" content=\"index, follow, max-snippet:-1, max-image-preview:large, max-video-preview:-1\" \/>\n<link rel=\"canonical\" href=\"https:\/\/asteralabs.org\/cs\/product\/zakladna-trenbolonu\/\" \/>\n<meta property=\"og:locale\" content=\"cs_CZ\" \/>\n<meta property=\"og:type\" content=\"article\" \/>\n<meta property=\"og:title\" content=\"Z\u00e1kladna trenbolonu - Astera Labs\" \/>\n<meta property=\"og:description\" content=\"D\u00c1VKOV\u00c1N\u00cd: Trenbolon Base 50mg\/ml OBSAH BALEN\u00cd: 1 x 10ML lahvi\u010dka, 50 mg na ml CO JE TO: Trenbolon je steroid odvozen\u00fd od 19-Nortestosteronu a je jedn\u00edm z nejsiln\u011bj\u0161\u00edch a nej\u00fa\u010dinn\u011bj\u0161\u00edch steroid\u016f, kter\u00e9 v sou\u010dasn\u00e9 dob\u011b existuj\u00ed. D\u00edky sv\u00e9 vysok\u00e9 afinit\u011b k androgenn\u00edm receptor\u016fm je to v\u0161estrann\u00fd steroid, u\u017eite\u010dn\u00fd pro nab\u00edr\u00e1n\u00ed svalov\u00e9 hmoty, ztr\u00e1tu tuku a&hellip;\" \/>\n<meta property=\"og:url\" content=\"https:\/\/asteralabs.org\/cs\/product\/zakladna-trenbolonu\/\" \/>\n<meta property=\"og:site_name\" content=\"Astera Labs\" \/>\n<meta property=\"article:modified_time\" content=\"2026-01-15T12:30:54+00:00\" \/>\n<meta property=\"og:image\" content=\"https:\/\/asteralabs.org\/wp-content\/uploads\/2022\/11\/24.png\" \/>\n\t<meta property=\"og:image:width\" content=\"2000\" \/>\n\t<meta property=\"og:image:height\" content=\"2000\" \/>\n\t<meta property=\"og:image:type\" content=\"image\/png\" \/>\n<meta name=\"twitter:card\" content=\"summary_large_image\" \/>\n<script type=\"application\/ld+json\" class=\"yoast-schema-graph\">{\"@context\":\"https:\/\/schema.org\",\"@graph\":[{\"@type\":\"WebPage\",\"@id\":\"https:\/\/asteralabs.org\/cs\/product\/zakladna-trenbolonu\/\",\"url\":\"https:\/\/asteralabs.org\/cs\/product\/zakladna-trenbolonu\/\",\"name\":\"Z\u00e1kladna trenbolonu - Astera Labs\",\"isPartOf\":{\"@id\":\"https:\/\/asteralabs.org\/cs\/#website\"},\"primaryImageOfPage\":{\"@id\":\"https:\/\/asteralabs.org\/cs\/product\/zakladna-trenbolonu\/#primaryimage\"},\"image\":{\"@id\":\"https:\/\/asteralabs.org\/cs\/product\/zakladna-trenbolonu\/#primaryimage\"},\"thumbnailUrl\":\"https:\/\/asteralabs.org\/wp-content\/uploads\/2022\/11\/24.png\",\"datePublished\":\"2022-11-05T22:50:27+00:00\",\"dateModified\":\"2026-01-15T12:30:54+00:00\",\"breadcrumb\":{\"@id\":\"https:\/\/asteralabs.org\/cs\/product\/zakladna-trenbolonu\/#breadcrumb\"},\"inLanguage\":\"cs\",\"potentialAction\":[{\"@type\":\"ReadAction\",\"target\":[\"https:\/\/asteralabs.org\/cs\/product\/zakladna-trenbolonu\/\"]}]},{\"@type\":\"ImageObject\",\"inLanguage\":\"cs\",\"@id\":\"https:\/\/asteralabs.org\/cs\/product\/zakladna-trenbolonu\/#primaryimage\",\"url\":\"https:\/\/asteralabs.org\/wp-content\/uploads\/2022\/11\/24.png\",\"contentUrl\":\"https:\/\/asteralabs.org\/wp-content\/uploads\/2022\/11\/24.png\",\"width\":2000,\"height\":2000},{\"@type\":\"BreadcrumbList\",\"@id\":\"https:\/\/asteralabs.org\/cs\/product\/zakladna-trenbolonu\/#breadcrumb\",\"itemListElement\":[{\"@type\":\"ListItem\",\"position\":1,\"name\":\"Home\",\"item\":\"https:\/\/asteralabs.org\/cs\/\"},{\"@type\":\"ListItem\",\"position\":2,\"name\":\"Obchod\",\"item\":\"https:\/\/asteralabs.org\/obchod\/\"},{\"@type\":\"ListItem\",\"position\":3,\"name\":\"Z\u00e1kladna trenbolonu\"}]},{\"@type\":\"WebSite\",\"@id\":\"https:\/\/asteralabs.org\/cs\/#website\",\"url\":\"https:\/\/asteralabs.org\/cs\/\",\"name\":\"Astera Labs\",\"description\":\"Improve Your Quality Of Life\",\"publisher\":{\"@id\":\"https:\/\/asteralabs.org\/cs\/#organization\"},\"potentialAction\":[{\"@type\":\"SearchAction\",\"target\":{\"@type\":\"EntryPoint\",\"urlTemplate\":\"https:\/\/asteralabs.org\/cs\/?s={search_term_string}\"},\"query-input\":\"required name=search_term_string\"}],\"inLanguage\":\"cs\"},{\"@type\":\"Organization\",\"@id\":\"https:\/\/asteralabs.org\/cs\/#organization\",\"name\":\"Astera Labs\",\"url\":\"https:\/\/asteralabs.org\/cs\/\",\"logo\":{\"@type\":\"ImageObject\",\"inLanguage\":\"cs\",\"@id\":\"https:\/\/asteralabs.org\/cs\/#\/schema\/logo\/image\/\",\"url\":\"https:\/\/asteralabs.org\/wp-content\/uploads\/2022\/12\/astera-2.png\",\"contentUrl\":\"https:\/\/asteralabs.org\/wp-content\/uploads\/2022\/12\/astera-2.png\",\"width\":437,\"height\":111,\"caption\":\"Astera Labs\"},\"image\":{\"@id\":\"https:\/\/asteralabs.org\/cs\/#\/schema\/logo\/image\/\"}}]}<\/script>\n<!-- \/ Yoast SEO plugin. -->","yoast_head_json":{"title":"Z\u00e1kladna trenbolonu - Astera Labs","robots":{"index":"index","follow":"follow","max-snippet":"max-snippet:-1","max-image-preview":"max-image-preview:large","max-video-preview":"max-video-preview:-1"},"canonical":"https:\/\/asteralabs.org\/cs\/product\/zakladna-trenbolonu\/","og_locale":"cs_CZ","og_type":"article","og_title":"Z\u00e1kladna trenbolonu - Astera Labs","og_description":"D\u00c1VKOV\u00c1N\u00cd: Trenbolon Base 50mg\/ml OBSAH BALEN\u00cd: 1 x 10ML lahvi\u010dka, 50 mg na ml CO JE TO: Trenbolon je steroid odvozen\u00fd od 19-Nortestosteronu a je jedn\u00edm z nejsiln\u011bj\u0161\u00edch a nej\u00fa\u010dinn\u011bj\u0161\u00edch steroid\u016f, kter\u00e9 v sou\u010dasn\u00e9 dob\u011b existuj\u00ed. D\u00edky sv\u00e9 vysok\u00e9 afinit\u011b k androgenn\u00edm receptor\u016fm je to v\u0161estrann\u00fd steroid, u\u017eite\u010dn\u00fd pro nab\u00edr\u00e1n\u00ed svalov\u00e9 hmoty, ztr\u00e1tu tuku a&hellip;","og_url":"https:\/\/asteralabs.org\/cs\/product\/zakladna-trenbolonu\/","og_site_name":"Astera Labs","article_modified_time":"2026-01-15T12:30:54+00:00","og_image":[{"width":2000,"height":2000,"url":"https:\/\/asteralabs.org\/wp-content\/uploads\/2022\/11\/24.png","type":"image\/png"}],"twitter_card":"summary_large_image","schema":{"@context":"https:\/\/schema.org","@graph":[{"@type":"WebPage","@id":"https:\/\/asteralabs.org\/cs\/product\/zakladna-trenbolonu\/","url":"https:\/\/asteralabs.org\/cs\/product\/zakladna-trenbolonu\/","name":"Z\u00e1kladna trenbolonu - Astera Labs","isPartOf":{"@id":"https:\/\/asteralabs.org\/cs\/#website"},"primaryImageOfPage":{"@id":"https:\/\/asteralabs.org\/cs\/product\/zakladna-trenbolonu\/#primaryimage"},"image":{"@id":"https:\/\/asteralabs.org\/cs\/product\/zakladna-trenbolonu\/#primaryimage"},"thumbnailUrl":"https:\/\/asteralabs.org\/wp-content\/uploads\/2022\/11\/24.png","datePublished":"2022-11-05T22:50:27+00:00","dateModified":"2026-01-15T12:30:54+00:00","breadcrumb":{"@id":"https:\/\/asteralabs.org\/cs\/product\/zakladna-trenbolonu\/#breadcrumb"},"inLanguage":"cs","potentialAction":[{"@type":"ReadAction","target":["https:\/\/asteralabs.org\/cs\/product\/zakladna-trenbolonu\/"]}]},{"@type":"ImageObject","inLanguage":"cs","@id":"https:\/\/asteralabs.org\/cs\/product\/zakladna-trenbolonu\/#primaryimage","url":"https:\/\/asteralabs.org\/wp-content\/uploads\/2022\/11\/24.png","contentUrl":"https:\/\/asteralabs.org\/wp-content\/uploads\/2022\/11\/24.png","width":2000,"height":2000},{"@type":"BreadcrumbList","@id":"https:\/\/asteralabs.org\/cs\/product\/zakladna-trenbolonu\/#breadcrumb","itemListElement":[{"@type":"ListItem","position":1,"name":"Home","item":"https:\/\/asteralabs.org\/cs\/"},{"@type":"ListItem","position":2,"name":"Obchod","item":"https:\/\/asteralabs.org\/obchod\/"},{"@type":"ListItem","position":3,"name":"Z\u00e1kladna trenbolonu"}]},{"@type":"WebSite","@id":"https:\/\/asteralabs.org\/cs\/#website","url":"https:\/\/asteralabs.org\/cs\/","name":"Astera Labs","description":"Improve Your Quality Of Life","publisher":{"@id":"https:\/\/asteralabs.org\/cs\/#organization"},"potentialAction":[{"@type":"SearchAction","target":{"@type":"EntryPoint","urlTemplate":"https:\/\/asteralabs.org\/cs\/?s={search_term_string}"},"query-input":"required name=search_term_string"}],"inLanguage":"cs"},{"@type":"Organization","@id":"https:\/\/asteralabs.org\/cs\/#organization","name":"Astera Labs","url":"https:\/\/asteralabs.org\/cs\/","logo":{"@type":"ImageObject","inLanguage":"cs","@id":"https:\/\/asteralabs.org\/cs\/#\/schema\/logo\/image\/","url":"https:\/\/asteralabs.org\/wp-content\/uploads\/2022\/12\/astera-2.png","contentUrl":"https:\/\/asteralabs.org\/wp-content\/uploads\/2022\/12\/astera-2.png","width":437,"height":111,"caption":"Astera Labs"},"image":{"@id":"https:\/\/asteralabs.org\/cs\/#\/schema\/logo\/image\/"}}]}},"_links":{"self":[{"href":"https:\/\/asteralabs.org\/cs\/wp-json\/wp\/v2\/product\/77881"}],"collection":[{"href":"https:\/\/asteralabs.org\/cs\/wp-json\/wp\/v2\/product"}],"about":[{"href":"https:\/\/asteralabs.org\/cs\/wp-json\/wp\/v2\/types\/product"}],"replies":[{"embeddable":true,"href":"https:\/\/asteralabs.org\/cs\/wp-json\/wp\/v2\/comments?post=77881"}],"version-history":[{"count":0,"href":"https:\/\/asteralabs.org\/cs\/wp-json\/wp\/v2\/product\/77881\/revisions"}],"wp:featuredmedia":[{"embeddable":true,"href":"https:\/\/asteralabs.org\/cs\/wp-json\/wp\/v2\/media\/75119"}],"wp:attachment":[{"href":"https:\/\/asteralabs.org\/cs\/wp-json\/wp\/v2\/media?parent=77881"}],"wp:term":[{"taxonomy":"product_cat","embeddable":true,"href":"https:\/\/asteralabs.org\/cs\/wp-json\/wp\/v2\/product_cat?post=77881"},{"taxonomy":"product_tag","embeddable":true,"href":"https:\/\/asteralabs.org\/cs\/wp-json\/wp\/v2\/product_tag?post=77881"}],"curies":[{"name":"wp","href":"https:\/\/api.w.org\/{rel}","templated":true}]}}