{"id":77888,"date":"2022-11-05T22:45:25","date_gmt":"2022-11-05T22:45:25","guid":{"rendered":"https:\/\/asteralabs.org\/product\/trenbolon-hexahydrobenzylkarbonat\/"},"modified":"2026-01-15T12:57:53","modified_gmt":"2026-01-15T12:57:53","slug":"trenbolon-hexahydrobenzylkarbonat","status":"publish","type":"product","link":"https:\/\/asteralabs.org\/cs\/product\/trenbolon-hexahydrobenzylkarbonat\/","title":{"rendered":"Trenbolon hexahydrobenzylkarbon\u00e1t"},"content":{"rendered":"<p><strong>D\u00c1VKOV\u00c1N\u00cd: <\/strong><br \/>\nTrenbolon hexahydrobenzylkarbon\u00e1t 100mg\/ml <strong>OBSAH BALEN\u00cd: <\/strong><br \/>\n1 x 10ML lahvi\u010dka, 100 mg v ml <strong>CO JE TO: <\/strong><br \/>\nTrenbolon je steroid odvozen\u00fd od 19-Nortestosteronu a je jedn\u00edm z nejsiln\u011bj\u0161\u00edch a nej\u00fa\u010dinn\u011bj\u0161\u00edch steroid\u016f, kter\u00e9 v sou\u010dasn\u00e9 dob\u011b existuj\u00ed.<br \/>\nD\u00edky sv\u00e9 vysok\u00e9 afinit\u011b k androgenn\u00edm receptor\u016fm je to v\u0161estrann\u00fd steroid, u\u017eite\u010dn\u00fd pro z\u00edsk\u00e1n\u00ed svalov\u00e9 hmoty, ztr\u00e1tu tuku a zv\u00fd\u0161en\u00ed s\u00edly. Je velmi u\u017eite\u010dn\u00fd b\u011bhem \u0159ezac\u00edho cyklu k udr\u017een\u00ed co nejv\u011bt\u0161\u00edho mno\u017estv\u00ed svalov\u00e9 hmoty a z\u00e1rove\u0148 ke ztr\u00e1t\u011b co nejv\u011bt\u0161\u00edho mno\u017estv\u00ed tuku.<br \/>\nA\u010dkoli jeho vedlej\u0161\u00ed \u00fa\u010dinky jsou p\u0159ehnan\u00e9 a jsou velmi podobn\u00e9 \u00fa\u010dink\u016fm jin\u00fdch steroid\u016f a z\u00e1visl\u00e9 na d\u00e1vce, je t\u0159eba vz\u00edt v \u00favahu, \u017ee zp\u016fsobuje poruchy sp\u00e1nku (v z\u00e1vislosti na d\u00e1vce a dob\u011b u\u017e\u00edv\u00e1n\u00ed) a zm\u011bny n\u00e1lady (v z\u00e1vislosti na osob\u011b ). <strong>JAK SE POU\u017d\u00cdV\u00c1: <\/strong><br \/>\nJeliko\u017e se jedn\u00e1 o velmi univerz\u00e1ln\u00ed steroid, d\u00e1vky 75 mg t\u00fddn\u011b mohou b\u00fdt velmi u\u017eite\u010dn\u00e9 b\u011bhem f\u00e1ze \u0159ez\u00e1n\u00ed, ani\u017e by zp\u016fsobovaly vedlej\u0161\u00ed \u00fa\u010dinky nebo sni\u017eovaly pravd\u011bpodobnost jejich v\u00fdskytu. D\u00e1vky 200-400mg t\u00fddn\u011b jsou pova\u017eov\u00e1ny za &#8220;norm\u00e1ln\u00ed&#8221; v z\u00e1vislosti na tom, jak pokro\u010dil\u00fd je sportovec, Doporu\u010dujeme za\u010d\u00edt na 75mg t\u00fddn\u011b a postupn\u011b zvy\u0161ovat d\u00e1vku, dokud nezaznamen\u00e1te \u017e\u00e1dn\u00e9 vedlej\u0161\u00ed \u00fa\u010dinky a to by byla va\u0161e maxim\u00e1ln\u00ed d\u00e1vka. Vzhledem k tomu, \u017ee se jedn\u00e1 o dlouh\u00fd ester, m\u016f\u017ee b\u00fdt pod\u00e1v\u00e1n EOD nebo dvakr\u00e1t t\u00fddn\u011b.<\/p>\n<p><strong>Informace o \u0161ar\u017ei:<br \/>\n<\/strong>\u010c\u00edslo \u0161ar\u017ee: <span data-sheets-root=\"1\" data-sheets-value=\"{\" data-sheets-userformat=\"{\">JF15028<\/span><br \/>\nDatum v\u00fdroby: <span data-sheets-root=\"1\" data-sheets-value=\"{\" data-sheets-userformat=\"{\">10.2025.<\/span><br \/>\nDatum exspirace: <span data-sheets-root=\"1\" data-sheets-value=\"{\" data-sheets-userformat=\"{\">10.2028.<\/span><\/p>\n","protected":false},"excerpt":{"rendered":"<p>D\u00c1VKOV\u00c1N\u00cd: Trenbolon hexahydrobenzylkarbon\u00e1t 100mg\/ml OBSAH BALEN\u00cd: 1 x 10ML lahvi\u010dka, 100 mg v ml CO JE TO: Trenbolon je steroid odvozen\u00fd od 19-Nortestosteronu a je jedn\u00edm z nejsiln\u011bj\u0161\u00edch a nej\u00fa\u010dinn\u011bj\u0161\u00edch steroid\u016f, kter\u00e9 v sou\u010dasn\u00e9 dob\u011b existuj\u00ed. D\u00edky sv\u00e9 vysok\u00e9 afinit\u011b k androgenn\u00edm receptor\u016fm je to v\u0161estrann\u00fd steroid, u\u017eite\u010dn\u00fd pro z\u00edsk\u00e1n\u00ed svalov\u00e9 hmoty, ztr\u00e1tu tuku a&hellip;<\/p>\n","protected":false},"featured_media":76679,"comment_status":"open","ping_status":"closed","template":"","meta":[],"product_cat":[153,152],"product_tag":[],"yoast_head":"<!-- This site is optimized with the Yoast SEO plugin v23.0 - https:\/\/yoast.com\/wordpress\/plugins\/seo\/ -->\n<title>Trenbolon hexahydrobenzylkarbon\u00e1t - Astera Labs<\/title>\n<meta name=\"robots\" content=\"index, follow, max-snippet:-1, max-image-preview:large, max-video-preview:-1\" \/>\n<link rel=\"canonical\" href=\"https:\/\/asteralabs.org\/cs\/product\/trenbolon-hexahydrobenzylkarbonat\/\" \/>\n<meta property=\"og:locale\" content=\"cs_CZ\" \/>\n<meta property=\"og:type\" content=\"article\" \/>\n<meta property=\"og:title\" content=\"Trenbolon hexahydrobenzylkarbon\u00e1t - Astera Labs\" \/>\n<meta property=\"og:description\" content=\"D\u00c1VKOV\u00c1N\u00cd: Trenbolon hexahydrobenzylkarbon\u00e1t 100mg\/ml OBSAH BALEN\u00cd: 1 x 10ML lahvi\u010dka, 100 mg v ml CO JE TO: Trenbolon je steroid odvozen\u00fd od 19-Nortestosteronu a je jedn\u00edm z nejsiln\u011bj\u0161\u00edch a nej\u00fa\u010dinn\u011bj\u0161\u00edch steroid\u016f, kter\u00e9 v sou\u010dasn\u00e9 dob\u011b existuj\u00ed. D\u00edky sv\u00e9 vysok\u00e9 afinit\u011b k androgenn\u00edm receptor\u016fm je to v\u0161estrann\u00fd steroid, u\u017eite\u010dn\u00fd pro z\u00edsk\u00e1n\u00ed svalov\u00e9 hmoty, ztr\u00e1tu tuku a&hellip;\" \/>\n<meta property=\"og:url\" content=\"https:\/\/asteralabs.org\/cs\/product\/trenbolon-hexahydrobenzylkarbonat\/\" \/>\n<meta property=\"og:site_name\" content=\"Astera Labs\" \/>\n<meta property=\"article:modified_time\" content=\"2026-01-15T12:57:53+00:00\" \/>\n<meta property=\"og:image\" content=\"https:\/\/asteralabs.org\/wp-content\/uploads\/2022\/11\/TRENBOLONE-hex.png\" \/>\n\t<meta property=\"og:image:width\" content=\"2000\" \/>\n\t<meta property=\"og:image:height\" content=\"2000\" \/>\n\t<meta property=\"og:image:type\" content=\"image\/png\" \/>\n<meta name=\"twitter:card\" content=\"summary_large_image\" \/>\n<script type=\"application\/ld+json\" class=\"yoast-schema-graph\">{\"@context\":\"https:\/\/schema.org\",\"@graph\":[{\"@type\":\"WebPage\",\"@id\":\"https:\/\/asteralabs.org\/cs\/product\/trenbolon-hexahydrobenzylkarbonat\/\",\"url\":\"https:\/\/asteralabs.org\/cs\/product\/trenbolon-hexahydrobenzylkarbonat\/\",\"name\":\"Trenbolon hexahydrobenzylkarbon\u00e1t - Astera Labs\",\"isPartOf\":{\"@id\":\"https:\/\/asteralabs.org\/cs\/#website\"},\"primaryImageOfPage\":{\"@id\":\"https:\/\/asteralabs.org\/cs\/product\/trenbolon-hexahydrobenzylkarbonat\/#primaryimage\"},\"image\":{\"@id\":\"https:\/\/asteralabs.org\/cs\/product\/trenbolon-hexahydrobenzylkarbonat\/#primaryimage\"},\"thumbnailUrl\":\"https:\/\/asteralabs.org\/wp-content\/uploads\/2022\/11\/TRENBOLONE-hex.png\",\"datePublished\":\"2022-11-05T22:45:25+00:00\",\"dateModified\":\"2026-01-15T12:57:53+00:00\",\"breadcrumb\":{\"@id\":\"https:\/\/asteralabs.org\/cs\/product\/trenbolon-hexahydrobenzylkarbonat\/#breadcrumb\"},\"inLanguage\":\"cs\",\"potentialAction\":[{\"@type\":\"ReadAction\",\"target\":[\"https:\/\/asteralabs.org\/cs\/product\/trenbolon-hexahydrobenzylkarbonat\/\"]}]},{\"@type\":\"ImageObject\",\"inLanguage\":\"cs\",\"@id\":\"https:\/\/asteralabs.org\/cs\/product\/trenbolon-hexahydrobenzylkarbonat\/#primaryimage\",\"url\":\"https:\/\/asteralabs.org\/wp-content\/uploads\/2022\/11\/TRENBOLONE-hex.png\",\"contentUrl\":\"https:\/\/asteralabs.org\/wp-content\/uploads\/2022\/11\/TRENBOLONE-hex.png\",\"width\":2000,\"height\":2000},{\"@type\":\"BreadcrumbList\",\"@id\":\"https:\/\/asteralabs.org\/cs\/product\/trenbolon-hexahydrobenzylkarbonat\/#breadcrumb\",\"itemListElement\":[{\"@type\":\"ListItem\",\"position\":1,\"name\":\"Home\",\"item\":\"https:\/\/asteralabs.org\/cs\/\"},{\"@type\":\"ListItem\",\"position\":2,\"name\":\"Obchod\",\"item\":\"https:\/\/asteralabs.org\/obchod\/\"},{\"@type\":\"ListItem\",\"position\":3,\"name\":\"Trenbolon hexahydrobenzylkarbon\u00e1t\"}]},{\"@type\":\"WebSite\",\"@id\":\"https:\/\/asteralabs.org\/cs\/#website\",\"url\":\"https:\/\/asteralabs.org\/cs\/\",\"name\":\"Astera Labs\",\"description\":\"Improve Your Quality Of Life\",\"publisher\":{\"@id\":\"https:\/\/asteralabs.org\/cs\/#organization\"},\"potentialAction\":[{\"@type\":\"SearchAction\",\"target\":{\"@type\":\"EntryPoint\",\"urlTemplate\":\"https:\/\/asteralabs.org\/cs\/?s={search_term_string}\"},\"query-input\":\"required name=search_term_string\"}],\"inLanguage\":\"cs\"},{\"@type\":\"Organization\",\"@id\":\"https:\/\/asteralabs.org\/cs\/#organization\",\"name\":\"Astera Labs\",\"url\":\"https:\/\/asteralabs.org\/cs\/\",\"logo\":{\"@type\":\"ImageObject\",\"inLanguage\":\"cs\",\"@id\":\"https:\/\/asteralabs.org\/cs\/#\/schema\/logo\/image\/\",\"url\":\"https:\/\/asteralabs.org\/wp-content\/uploads\/2022\/12\/astera-2.png\",\"contentUrl\":\"https:\/\/asteralabs.org\/wp-content\/uploads\/2022\/12\/astera-2.png\",\"width\":437,\"height\":111,\"caption\":\"Astera Labs\"},\"image\":{\"@id\":\"https:\/\/asteralabs.org\/cs\/#\/schema\/logo\/image\/\"}}]}<\/script>\n<!-- \/ Yoast SEO plugin. -->","yoast_head_json":{"title":"Trenbolon hexahydrobenzylkarbon\u00e1t - Astera Labs","robots":{"index":"index","follow":"follow","max-snippet":"max-snippet:-1","max-image-preview":"max-image-preview:large","max-video-preview":"max-video-preview:-1"},"canonical":"https:\/\/asteralabs.org\/cs\/product\/trenbolon-hexahydrobenzylkarbonat\/","og_locale":"cs_CZ","og_type":"article","og_title":"Trenbolon hexahydrobenzylkarbon\u00e1t - Astera Labs","og_description":"D\u00c1VKOV\u00c1N\u00cd: Trenbolon hexahydrobenzylkarbon\u00e1t 100mg\/ml OBSAH BALEN\u00cd: 1 x 10ML lahvi\u010dka, 100 mg v ml CO JE TO: Trenbolon je steroid odvozen\u00fd od 19-Nortestosteronu a je jedn\u00edm z nejsiln\u011bj\u0161\u00edch a nej\u00fa\u010dinn\u011bj\u0161\u00edch steroid\u016f, kter\u00e9 v sou\u010dasn\u00e9 dob\u011b existuj\u00ed. D\u00edky sv\u00e9 vysok\u00e9 afinit\u011b k androgenn\u00edm receptor\u016fm je to v\u0161estrann\u00fd steroid, u\u017eite\u010dn\u00fd pro z\u00edsk\u00e1n\u00ed svalov\u00e9 hmoty, ztr\u00e1tu tuku a&hellip;","og_url":"https:\/\/asteralabs.org\/cs\/product\/trenbolon-hexahydrobenzylkarbonat\/","og_site_name":"Astera Labs","article_modified_time":"2026-01-15T12:57:53+00:00","og_image":[{"width":2000,"height":2000,"url":"https:\/\/asteralabs.org\/wp-content\/uploads\/2022\/11\/TRENBOLONE-hex.png","type":"image\/png"}],"twitter_card":"summary_large_image","schema":{"@context":"https:\/\/schema.org","@graph":[{"@type":"WebPage","@id":"https:\/\/asteralabs.org\/cs\/product\/trenbolon-hexahydrobenzylkarbonat\/","url":"https:\/\/asteralabs.org\/cs\/product\/trenbolon-hexahydrobenzylkarbonat\/","name":"Trenbolon hexahydrobenzylkarbon\u00e1t - Astera Labs","isPartOf":{"@id":"https:\/\/asteralabs.org\/cs\/#website"},"primaryImageOfPage":{"@id":"https:\/\/asteralabs.org\/cs\/product\/trenbolon-hexahydrobenzylkarbonat\/#primaryimage"},"image":{"@id":"https:\/\/asteralabs.org\/cs\/product\/trenbolon-hexahydrobenzylkarbonat\/#primaryimage"},"thumbnailUrl":"https:\/\/asteralabs.org\/wp-content\/uploads\/2022\/11\/TRENBOLONE-hex.png","datePublished":"2022-11-05T22:45:25+00:00","dateModified":"2026-01-15T12:57:53+00:00","breadcrumb":{"@id":"https:\/\/asteralabs.org\/cs\/product\/trenbolon-hexahydrobenzylkarbonat\/#breadcrumb"},"inLanguage":"cs","potentialAction":[{"@type":"ReadAction","target":["https:\/\/asteralabs.org\/cs\/product\/trenbolon-hexahydrobenzylkarbonat\/"]}]},{"@type":"ImageObject","inLanguage":"cs","@id":"https:\/\/asteralabs.org\/cs\/product\/trenbolon-hexahydrobenzylkarbonat\/#primaryimage","url":"https:\/\/asteralabs.org\/wp-content\/uploads\/2022\/11\/TRENBOLONE-hex.png","contentUrl":"https:\/\/asteralabs.org\/wp-content\/uploads\/2022\/11\/TRENBOLONE-hex.png","width":2000,"height":2000},{"@type":"BreadcrumbList","@id":"https:\/\/asteralabs.org\/cs\/product\/trenbolon-hexahydrobenzylkarbonat\/#breadcrumb","itemListElement":[{"@type":"ListItem","position":1,"name":"Home","item":"https:\/\/asteralabs.org\/cs\/"},{"@type":"ListItem","position":2,"name":"Obchod","item":"https:\/\/asteralabs.org\/obchod\/"},{"@type":"ListItem","position":3,"name":"Trenbolon hexahydrobenzylkarbon\u00e1t"}]},{"@type":"WebSite","@id":"https:\/\/asteralabs.org\/cs\/#website","url":"https:\/\/asteralabs.org\/cs\/","name":"Astera Labs","description":"Improve Your Quality Of Life","publisher":{"@id":"https:\/\/asteralabs.org\/cs\/#organization"},"potentialAction":[{"@type":"SearchAction","target":{"@type":"EntryPoint","urlTemplate":"https:\/\/asteralabs.org\/cs\/?s={search_term_string}"},"query-input":"required name=search_term_string"}],"inLanguage":"cs"},{"@type":"Organization","@id":"https:\/\/asteralabs.org\/cs\/#organization","name":"Astera Labs","url":"https:\/\/asteralabs.org\/cs\/","logo":{"@type":"ImageObject","inLanguage":"cs","@id":"https:\/\/asteralabs.org\/cs\/#\/schema\/logo\/image\/","url":"https:\/\/asteralabs.org\/wp-content\/uploads\/2022\/12\/astera-2.png","contentUrl":"https:\/\/asteralabs.org\/wp-content\/uploads\/2022\/12\/astera-2.png","width":437,"height":111,"caption":"Astera Labs"},"image":{"@id":"https:\/\/asteralabs.org\/cs\/#\/schema\/logo\/image\/"}}]}},"_links":{"self":[{"href":"https:\/\/asteralabs.org\/cs\/wp-json\/wp\/v2\/product\/77888"}],"collection":[{"href":"https:\/\/asteralabs.org\/cs\/wp-json\/wp\/v2\/product"}],"about":[{"href":"https:\/\/asteralabs.org\/cs\/wp-json\/wp\/v2\/types\/product"}],"replies":[{"embeddable":true,"href":"https:\/\/asteralabs.org\/cs\/wp-json\/wp\/v2\/comments?post=77888"}],"version-history":[{"count":0,"href":"https:\/\/asteralabs.org\/cs\/wp-json\/wp\/v2\/product\/77888\/revisions"}],"wp:featuredmedia":[{"embeddable":true,"href":"https:\/\/asteralabs.org\/cs\/wp-json\/wp\/v2\/media\/76679"}],"wp:attachment":[{"href":"https:\/\/asteralabs.org\/cs\/wp-json\/wp\/v2\/media?parent=77888"}],"wp:term":[{"taxonomy":"product_cat","embeddable":true,"href":"https:\/\/asteralabs.org\/cs\/wp-json\/wp\/v2\/product_cat?post=77888"},{"taxonomy":"product_tag","embeddable":true,"href":"https:\/\/asteralabs.org\/cs\/wp-json\/wp\/v2\/product_tag?post=77888"}],"curies":[{"name":"wp","href":"https:\/\/api.w.org\/{rel}","templated":true}]}}