{"id":77902,"date":"2022-11-05T22:43:39","date_gmt":"2022-11-05T22:43:39","guid":{"rendered":"https:\/\/asteralabs.org\/product\/testosteron-undekanoat\/"},"modified":"2026-01-15T12:10:33","modified_gmt":"2026-01-15T12:10:33","slug":"testosteron-undekanoat","status":"publish","type":"product","link":"https:\/\/asteralabs.org\/cs\/product\/testosteron-undekanoat\/","title":{"rendered":"Testosteron undekano\u00e1t"},"content":{"rendered":"<p><strong>D\u00c1VKOV\u00c1N\u00cd: <\/strong><br \/>\nTestosteron Undecanoate 250mg\/ml <strong>OBSAH BALEN\u00cd: <\/strong><br \/>\n1 x 10ML lahvi\u010dka, 250 mg na ml <strong>CO JE TO: <\/strong><br \/>\nTestosteron je nejpou\u017e\u00edvan\u011bj\u0161\u00ed a nejuniverz\u00e1ln\u011bj\u0161\u00ed steroid na trhu. V\u0161echny cykly pot\u0159ebuj\u00ed z\u00e1klad testosteronu v kombinaci s jin\u00fdmi steroidy nebo se mohou dokonce skl\u00e1dat pouze z testosteronu, lze jej tak\u00e9 pou\u017e\u00edt v mal\u00fdch d\u00e1vk\u00e1ch jako TRT. <strong>JAK SE POU\u017d\u00cdV\u00c1: <\/strong><br \/>\nJeho pou\u017eit\u00ed z\u00e1vis\u00ed na kontextu, ve kter\u00e9m se pou\u017e\u00edv\u00e1, d\u00e1vky v cyklu se mohou pohybovat od 250 mg pro za\u010d\u00e1te\u010dn\u00edky a\u017e po 1 gram nebo v\u00edce u profesion\u00e1ln\u00edch kulturist\u016f, osobn\u011b doporu\u010dujeme pou\u017e\u00edvat maxim\u00e1ln\u00ed mo\u017enou d\u00e1vku, kterou lze pou\u017e\u00edt (samoz\u0159ejm\u011b v z\u00e1vislosti na c\u00edli) p\u0159i absenci vedlej\u0161\u00edch \u00fa\u010dink\u016f. Pro TRT doporu\u010dujeme pou\u017e\u00edt d\u00e1vku na z\u00e1klad\u011b va\u0161ich krevn\u00edch test\u016f. Vzhledem k tomu, \u017ee se jedn\u00e1 o opravdu dlouh\u00fd ester, doporu\u010dujeme v p\u0159\u00edpad\u011b pot\u0159eby injek\u010dn\u00ed aplikaci nebo E3D nebo jednou t\u00fddn\u011b, proto\u017ee jeho polo\u010das rozpadu je tak dlouh\u00fd, obvykle doporu\u010dujeme tento specifick\u00fd ester pro TRT nebo p\u0159ed cestou do zahrani\u010d\u00ed. <strong>INFORMACE O \u0160AR\u017dI:<br \/>\n<\/strong>\u010c\u00edslo \u0161ar\u017ee: <span data-sheets-root=\"1\" data-sheets-value=\"{&quot;1&quot;:2,&quot;2&quot;:&quot;YX70528&quot;}\" data-sheets-userformat=\"{&quot;2&quot;:4224,&quot;10&quot;:2,&quot;15&quot;:&quot;Arial&quot;}\">PS84265<\/span><br \/>\nDatum v\u00fdroby: <span data-sheets-root=\"1\" data-sheets-value=\"{\" data-sheets-userformat=\"{\">10.2025.<\/span><br \/>\nDatum exspirace: <span data-sheets-root=\"1\" data-sheets-value=\"{\" data-sheets-userformat=\"{\">10.2028.<\/span><\/p>\n","protected":false},"excerpt":{"rendered":"<p>D\u00c1VKOV\u00c1N\u00cd: Testosteron Undecanoate 250mg\/ml OBSAH BALEN\u00cd: 1 x 10ML lahvi\u010dka, 250 mg na ml CO JE TO: Testosteron je nejpou\u017e\u00edvan\u011bj\u0161\u00ed a nejuniverz\u00e1ln\u011bj\u0161\u00ed steroid na trhu. V\u0161echny cykly pot\u0159ebuj\u00ed z\u00e1klad testosteronu v kombinaci s jin\u00fdmi steroidy nebo se mohou dokonce skl\u00e1dat pouze z testosteronu, lze jej tak\u00e9 pou\u017e\u00edt v mal\u00fdch d\u00e1vk\u00e1ch jako TRT. JAK SE POU\u017d\u00cdV\u00c1:&hellip;<\/p>\n","protected":false},"featured_media":75103,"comment_status":"open","ping_status":"closed","template":"","meta":[],"product_cat":[153,152],"product_tag":[],"yoast_head":"<!-- This site is optimized with the Yoast SEO plugin v23.0 - https:\/\/yoast.com\/wordpress\/plugins\/seo\/ -->\n<title>Testosteron undekano\u00e1t - Astera Labs<\/title>\n<meta name=\"robots\" content=\"index, follow, max-snippet:-1, max-image-preview:large, max-video-preview:-1\" \/>\n<link rel=\"canonical\" href=\"https:\/\/asteralabs.org\/cs\/product\/testosteron-undekanoat\/\" \/>\n<meta property=\"og:locale\" content=\"cs_CZ\" \/>\n<meta property=\"og:type\" content=\"article\" \/>\n<meta property=\"og:title\" content=\"Testosteron undekano\u00e1t - Astera Labs\" \/>\n<meta property=\"og:description\" content=\"D\u00c1VKOV\u00c1N\u00cd: Testosteron Undecanoate 250mg\/ml OBSAH BALEN\u00cd: 1 x 10ML lahvi\u010dka, 250 mg na ml CO JE TO: Testosteron je nejpou\u017e\u00edvan\u011bj\u0161\u00ed a nejuniverz\u00e1ln\u011bj\u0161\u00ed steroid na trhu. V\u0161echny cykly pot\u0159ebuj\u00ed z\u00e1klad testosteronu v kombinaci s jin\u00fdmi steroidy nebo se mohou dokonce skl\u00e1dat pouze z testosteronu, lze jej tak\u00e9 pou\u017e\u00edt v mal\u00fdch d\u00e1vk\u00e1ch jako TRT. JAK SE POU\u017d\u00cdV\u00c1:&hellip;\" \/>\n<meta property=\"og:url\" content=\"https:\/\/asteralabs.org\/cs\/product\/testosteron-undekanoat\/\" \/>\n<meta property=\"og:site_name\" content=\"Astera Labs\" \/>\n<meta property=\"article:modified_time\" content=\"2026-01-15T12:10:33+00:00\" \/>\n<meta property=\"og:image\" content=\"https:\/\/asteralabs.org\/wp-content\/uploads\/2022\/11\/11.png\" \/>\n\t<meta property=\"og:image:width\" content=\"2000\" \/>\n\t<meta property=\"og:image:height\" content=\"2000\" \/>\n\t<meta property=\"og:image:type\" content=\"image\/png\" \/>\n<meta name=\"twitter:card\" content=\"summary_large_image\" \/>\n<script type=\"application\/ld+json\" class=\"yoast-schema-graph\">{\"@context\":\"https:\/\/schema.org\",\"@graph\":[{\"@type\":\"WebPage\",\"@id\":\"https:\/\/asteralabs.org\/cs\/product\/testosteron-undekanoat\/\",\"url\":\"https:\/\/asteralabs.org\/cs\/product\/testosteron-undekanoat\/\",\"name\":\"Testosteron undekano\u00e1t - Astera Labs\",\"isPartOf\":{\"@id\":\"https:\/\/asteralabs.org\/cs\/#website\"},\"primaryImageOfPage\":{\"@id\":\"https:\/\/asteralabs.org\/cs\/product\/testosteron-undekanoat\/#primaryimage\"},\"image\":{\"@id\":\"https:\/\/asteralabs.org\/cs\/product\/testosteron-undekanoat\/#primaryimage\"},\"thumbnailUrl\":\"https:\/\/asteralabs.org\/wp-content\/uploads\/2022\/11\/11.png\",\"datePublished\":\"2022-11-05T22:43:39+00:00\",\"dateModified\":\"2026-01-15T12:10:33+00:00\",\"breadcrumb\":{\"@id\":\"https:\/\/asteralabs.org\/cs\/product\/testosteron-undekanoat\/#breadcrumb\"},\"inLanguage\":\"cs\",\"potentialAction\":[{\"@type\":\"ReadAction\",\"target\":[\"https:\/\/asteralabs.org\/cs\/product\/testosteron-undekanoat\/\"]}]},{\"@type\":\"ImageObject\",\"inLanguage\":\"cs\",\"@id\":\"https:\/\/asteralabs.org\/cs\/product\/testosteron-undekanoat\/#primaryimage\",\"url\":\"https:\/\/asteralabs.org\/wp-content\/uploads\/2022\/11\/11.png\",\"contentUrl\":\"https:\/\/asteralabs.org\/wp-content\/uploads\/2022\/11\/11.png\",\"width\":2000,\"height\":2000},{\"@type\":\"BreadcrumbList\",\"@id\":\"https:\/\/asteralabs.org\/cs\/product\/testosteron-undekanoat\/#breadcrumb\",\"itemListElement\":[{\"@type\":\"ListItem\",\"position\":1,\"name\":\"Home\",\"item\":\"https:\/\/asteralabs.org\/cs\/\"},{\"@type\":\"ListItem\",\"position\":2,\"name\":\"Obchod\",\"item\":\"https:\/\/asteralabs.org\/obchod\/\"},{\"@type\":\"ListItem\",\"position\":3,\"name\":\"Testosteron undekano\u00e1t\"}]},{\"@type\":\"WebSite\",\"@id\":\"https:\/\/asteralabs.org\/cs\/#website\",\"url\":\"https:\/\/asteralabs.org\/cs\/\",\"name\":\"Astera Labs\",\"description\":\"Improve Your Quality Of Life\",\"publisher\":{\"@id\":\"https:\/\/asteralabs.org\/cs\/#organization\"},\"potentialAction\":[{\"@type\":\"SearchAction\",\"target\":{\"@type\":\"EntryPoint\",\"urlTemplate\":\"https:\/\/asteralabs.org\/cs\/?s={search_term_string}\"},\"query-input\":\"required name=search_term_string\"}],\"inLanguage\":\"cs\"},{\"@type\":\"Organization\",\"@id\":\"https:\/\/asteralabs.org\/cs\/#organization\",\"name\":\"Astera Labs\",\"url\":\"https:\/\/asteralabs.org\/cs\/\",\"logo\":{\"@type\":\"ImageObject\",\"inLanguage\":\"cs\",\"@id\":\"https:\/\/asteralabs.org\/cs\/#\/schema\/logo\/image\/\",\"url\":\"https:\/\/asteralabs.org\/wp-content\/uploads\/2022\/12\/astera-2.png\",\"contentUrl\":\"https:\/\/asteralabs.org\/wp-content\/uploads\/2022\/12\/astera-2.png\",\"width\":437,\"height\":111,\"caption\":\"Astera Labs\"},\"image\":{\"@id\":\"https:\/\/asteralabs.org\/cs\/#\/schema\/logo\/image\/\"}}]}<\/script>\n<!-- \/ Yoast SEO plugin. -->","yoast_head_json":{"title":"Testosteron undekano\u00e1t - Astera Labs","robots":{"index":"index","follow":"follow","max-snippet":"max-snippet:-1","max-image-preview":"max-image-preview:large","max-video-preview":"max-video-preview:-1"},"canonical":"https:\/\/asteralabs.org\/cs\/product\/testosteron-undekanoat\/","og_locale":"cs_CZ","og_type":"article","og_title":"Testosteron undekano\u00e1t - Astera Labs","og_description":"D\u00c1VKOV\u00c1N\u00cd: Testosteron Undecanoate 250mg\/ml OBSAH BALEN\u00cd: 1 x 10ML lahvi\u010dka, 250 mg na ml CO JE TO: Testosteron je nejpou\u017e\u00edvan\u011bj\u0161\u00ed a nejuniverz\u00e1ln\u011bj\u0161\u00ed steroid na trhu. V\u0161echny cykly pot\u0159ebuj\u00ed z\u00e1klad testosteronu v kombinaci s jin\u00fdmi steroidy nebo se mohou dokonce skl\u00e1dat pouze z testosteronu, lze jej tak\u00e9 pou\u017e\u00edt v mal\u00fdch d\u00e1vk\u00e1ch jako TRT. JAK SE POU\u017d\u00cdV\u00c1:&hellip;","og_url":"https:\/\/asteralabs.org\/cs\/product\/testosteron-undekanoat\/","og_site_name":"Astera Labs","article_modified_time":"2026-01-15T12:10:33+00:00","og_image":[{"width":2000,"height":2000,"url":"https:\/\/asteralabs.org\/wp-content\/uploads\/2022\/11\/11.png","type":"image\/png"}],"twitter_card":"summary_large_image","schema":{"@context":"https:\/\/schema.org","@graph":[{"@type":"WebPage","@id":"https:\/\/asteralabs.org\/cs\/product\/testosteron-undekanoat\/","url":"https:\/\/asteralabs.org\/cs\/product\/testosteron-undekanoat\/","name":"Testosteron undekano\u00e1t - Astera Labs","isPartOf":{"@id":"https:\/\/asteralabs.org\/cs\/#website"},"primaryImageOfPage":{"@id":"https:\/\/asteralabs.org\/cs\/product\/testosteron-undekanoat\/#primaryimage"},"image":{"@id":"https:\/\/asteralabs.org\/cs\/product\/testosteron-undekanoat\/#primaryimage"},"thumbnailUrl":"https:\/\/asteralabs.org\/wp-content\/uploads\/2022\/11\/11.png","datePublished":"2022-11-05T22:43:39+00:00","dateModified":"2026-01-15T12:10:33+00:00","breadcrumb":{"@id":"https:\/\/asteralabs.org\/cs\/product\/testosteron-undekanoat\/#breadcrumb"},"inLanguage":"cs","potentialAction":[{"@type":"ReadAction","target":["https:\/\/asteralabs.org\/cs\/product\/testosteron-undekanoat\/"]}]},{"@type":"ImageObject","inLanguage":"cs","@id":"https:\/\/asteralabs.org\/cs\/product\/testosteron-undekanoat\/#primaryimage","url":"https:\/\/asteralabs.org\/wp-content\/uploads\/2022\/11\/11.png","contentUrl":"https:\/\/asteralabs.org\/wp-content\/uploads\/2022\/11\/11.png","width":2000,"height":2000},{"@type":"BreadcrumbList","@id":"https:\/\/asteralabs.org\/cs\/product\/testosteron-undekanoat\/#breadcrumb","itemListElement":[{"@type":"ListItem","position":1,"name":"Home","item":"https:\/\/asteralabs.org\/cs\/"},{"@type":"ListItem","position":2,"name":"Obchod","item":"https:\/\/asteralabs.org\/obchod\/"},{"@type":"ListItem","position":3,"name":"Testosteron undekano\u00e1t"}]},{"@type":"WebSite","@id":"https:\/\/asteralabs.org\/cs\/#website","url":"https:\/\/asteralabs.org\/cs\/","name":"Astera Labs","description":"Improve Your Quality Of Life","publisher":{"@id":"https:\/\/asteralabs.org\/cs\/#organization"},"potentialAction":[{"@type":"SearchAction","target":{"@type":"EntryPoint","urlTemplate":"https:\/\/asteralabs.org\/cs\/?s={search_term_string}"},"query-input":"required name=search_term_string"}],"inLanguage":"cs"},{"@type":"Organization","@id":"https:\/\/asteralabs.org\/cs\/#organization","name":"Astera Labs","url":"https:\/\/asteralabs.org\/cs\/","logo":{"@type":"ImageObject","inLanguage":"cs","@id":"https:\/\/asteralabs.org\/cs\/#\/schema\/logo\/image\/","url":"https:\/\/asteralabs.org\/wp-content\/uploads\/2022\/12\/astera-2.png","contentUrl":"https:\/\/asteralabs.org\/wp-content\/uploads\/2022\/12\/astera-2.png","width":437,"height":111,"caption":"Astera Labs"},"image":{"@id":"https:\/\/asteralabs.org\/cs\/#\/schema\/logo\/image\/"}}]}},"_links":{"self":[{"href":"https:\/\/asteralabs.org\/cs\/wp-json\/wp\/v2\/product\/77902"}],"collection":[{"href":"https:\/\/asteralabs.org\/cs\/wp-json\/wp\/v2\/product"}],"about":[{"href":"https:\/\/asteralabs.org\/cs\/wp-json\/wp\/v2\/types\/product"}],"replies":[{"embeddable":true,"href":"https:\/\/asteralabs.org\/cs\/wp-json\/wp\/v2\/comments?post=77902"}],"version-history":[{"count":0,"href":"https:\/\/asteralabs.org\/cs\/wp-json\/wp\/v2\/product\/77902\/revisions"}],"wp:featuredmedia":[{"embeddable":true,"href":"https:\/\/asteralabs.org\/cs\/wp-json\/wp\/v2\/media\/75103"}],"wp:attachment":[{"href":"https:\/\/asteralabs.org\/cs\/wp-json\/wp\/v2\/media?parent=77902"}],"wp:term":[{"taxonomy":"product_cat","embeddable":true,"href":"https:\/\/asteralabs.org\/cs\/wp-json\/wp\/v2\/product_cat?post=77902"},{"taxonomy":"product_tag","embeddable":true,"href":"https:\/\/asteralabs.org\/cs\/wp-json\/wp\/v2\/product_tag?post=77902"}],"curies":[{"name":"wp","href":"https:\/\/api.w.org\/{rel}","templated":true}]}}