{"id":77944,"date":"2022-11-05T22:32:03","date_gmt":"2022-11-05T22:32:03","guid":{"rendered":"https:\/\/asteralabs.org\/product\/trestolon-acetat-ment\/"},"modified":"2026-01-16T07:40:41","modified_gmt":"2026-01-16T07:40:41","slug":"trestolon-acetat-ment","status":"publish","type":"product","link":"https:\/\/asteralabs.org\/cs\/product\/trestolon-acetat-ment\/","title":{"rendered":"Trestolon acet\u00e1t (MENT)"},"content":{"rendered":"<p><strong>D\u00c1VKOV\u00c1N\u00cd: <\/strong><br \/>\nTrestolone Acetate 50mg\/ml <strong>OBSAH BALEN\u00cd: <\/strong><br \/>\n1 x 10ML lahvi\u010dka, 50 mg na ml <strong>CO JE TO: <\/strong><br \/>\nNejsiln\u011bj\u0161\u00ed steroid zn\u00e1m\u00fd jako Trestolone Acetate, kter\u00fd je metylovanou verz\u00ed nandrolonu a m\u00e1 mnohem vy\u0161\u0161\u00ed \u00fa\u010dinnost ne\u017e trenbolon, je \u0161iroce pova\u017eov\u00e1n za kombinaci obou. Jedn\u00e1 se o vysoce aromatizovatelnou l\u00e1tku, tak\u017ee pokud je vyu\u017e\u00edv\u00e1na, je t\u0159eba db\u00e1t na \u0159\u00edzen\u00ed estradiolu pomoc\u00ed alternativn\u00edch metod nebo ni\u017e\u0161\u00edch d\u00e1vek, ne\u017e by bylo typick\u00e9 pro b\u011b\u017en\u00e9 l\u00e1tky. Nen\u00ed p\u0159em\u011bn\u011bn na DHT. Je to chemick\u00e1 l\u00e1tka, kter\u00e1 m\u00e1 nejvy\u0161\u0161\u00ed konstantu inhibice v pom\u011bru miligram k miligramu, a jedno z jej\u00edch pou\u017eit\u00ed je jako mu\u017esk\u00e1 antikoncepce. <strong>JAK SE POU\u017d\u00cdV\u00c1: <\/strong><br \/>\nD\u00e1vkov\u00e1n\u00ed z\u00e1vis\u00ed na u\u017eivateli. Kontaktn\u011b jsou velmi b\u011b\u017en\u00e9 d\u00e1vky 5-10 mg denn\u011b (35-70 mg t\u00fddn\u011b). Zku\u0161en\u011bj\u0161\u00ed u\u017eivatel\u00e9 obvykle u\u017e\u00edvaj\u00ed 10-25 mg denn\u011b (70-175 mg t\u00fddn\u011b) nebo dokonce 25-50 mg denn\u011b (150-350 mg t\u00fddn\u011b). Doporu\u010dujeme zvy\u0161ovat d\u00e1vku ka\u017ed\u00fd t\u00fdden, dokud nenajdete d\u00e1vku, kter\u00e1 nejl\u00e9pe vyhovuje va\u0161im pot\u0159eb\u00e1m. Obvykle cykly trvaj\u00ed 8 a\u017e 12 t\u00fddn\u016f. <strong>Informace o \u0161ar\u017ei:<br \/>\n<\/strong>\u010c\u00edslo \u0161ar\u017ee: <span data-sheets-root=\"1\" data-sheets-value=\"{\" data-sheets-userformat=\"{\">SY44821<\/span><br \/>\nDatum v\u00fdroby: <span data-sheets-root=\"1\" data-sheets-value=\"{\" data-sheets-userformat=\"{\">10.2025.<\/span><br \/>\nDatum exspirace: <span data-sheets-root=\"1\" data-sheets-value=\"{\" data-sheets-userformat=\"{\">10.2028.<\/span><\/p>\n","protected":false},"excerpt":{"rendered":"<p>D\u00c1VKOV\u00c1N\u00cd: Trestolone Acetate 50mg\/ml OBSAH BALEN\u00cd: 1 x 10ML lahvi\u010dka, 50 mg na ml CO JE TO: Nejsiln\u011bj\u0161\u00ed steroid zn\u00e1m\u00fd jako Trestolone Acetate, kter\u00fd je metylovanou verz\u00ed nandrolonu a m\u00e1 mnohem vy\u0161\u0161\u00ed \u00fa\u010dinnost ne\u017e trenbolon, je \u0161iroce pova\u017eov\u00e1n za kombinaci obou. Jedn\u00e1 se o vysoce aromatizovatelnou l\u00e1tku, tak\u017ee pokud je vyu\u017e\u00edv\u00e1na, je t\u0159eba db\u00e1t na&hellip;<\/p>\n","protected":false},"featured_media":75063,"comment_status":"open","ping_status":"closed","template":"","meta":[],"product_cat":[153,152],"product_tag":[],"yoast_head":"<!-- This site is optimized with the Yoast SEO plugin v23.0 - https:\/\/yoast.com\/wordpress\/plugins\/seo\/ -->\n<title>Trestolon acet\u00e1t (MENT) - Astera Labs<\/title>\n<meta name=\"robots\" content=\"index, follow, max-snippet:-1, max-image-preview:large, max-video-preview:-1\" \/>\n<link rel=\"canonical\" href=\"https:\/\/asteralabs.org\/cs\/product\/trestolon-acetat-ment\/\" \/>\n<meta property=\"og:locale\" content=\"cs_CZ\" \/>\n<meta property=\"og:type\" content=\"article\" \/>\n<meta property=\"og:title\" content=\"Trestolon acet\u00e1t (MENT) - Astera Labs\" \/>\n<meta property=\"og:description\" content=\"D\u00c1VKOV\u00c1N\u00cd: Trestolone Acetate 50mg\/ml OBSAH BALEN\u00cd: 1 x 10ML lahvi\u010dka, 50 mg na ml CO JE TO: Nejsiln\u011bj\u0161\u00ed steroid zn\u00e1m\u00fd jako Trestolone Acetate, kter\u00fd je metylovanou verz\u00ed nandrolonu a m\u00e1 mnohem vy\u0161\u0161\u00ed \u00fa\u010dinnost ne\u017e trenbolon, je \u0161iroce pova\u017eov\u00e1n za kombinaci obou. Jedn\u00e1 se o vysoce aromatizovatelnou l\u00e1tku, tak\u017ee pokud je vyu\u017e\u00edv\u00e1na, je t\u0159eba db\u00e1t na&hellip;\" \/>\n<meta property=\"og:url\" content=\"https:\/\/asteralabs.org\/cs\/product\/trestolon-acetat-ment\/\" \/>\n<meta property=\"og:site_name\" content=\"Astera Labs\" \/>\n<meta property=\"article:modified_time\" content=\"2026-01-16T07:40:41+00:00\" \/>\n<meta property=\"og:image\" content=\"https:\/\/asteralabs.org\/wp-content\/uploads\/2022\/11\/28.png\" \/>\n\t<meta property=\"og:image:width\" content=\"2000\" \/>\n\t<meta property=\"og:image:height\" content=\"2000\" \/>\n\t<meta property=\"og:image:type\" content=\"image\/png\" \/>\n<meta name=\"twitter:card\" content=\"summary_large_image\" \/>\n<script type=\"application\/ld+json\" class=\"yoast-schema-graph\">{\"@context\":\"https:\/\/schema.org\",\"@graph\":[{\"@type\":\"WebPage\",\"@id\":\"https:\/\/asteralabs.org\/cs\/product\/trestolon-acetat-ment\/\",\"url\":\"https:\/\/asteralabs.org\/cs\/product\/trestolon-acetat-ment\/\",\"name\":\"Trestolon acet\u00e1t (MENT) - Astera Labs\",\"isPartOf\":{\"@id\":\"https:\/\/asteralabs.org\/cs\/#website\"},\"primaryImageOfPage\":{\"@id\":\"https:\/\/asteralabs.org\/cs\/product\/trestolon-acetat-ment\/#primaryimage\"},\"image\":{\"@id\":\"https:\/\/asteralabs.org\/cs\/product\/trestolon-acetat-ment\/#primaryimage\"},\"thumbnailUrl\":\"https:\/\/asteralabs.org\/wp-content\/uploads\/2022\/11\/28.png\",\"datePublished\":\"2022-11-05T22:32:03+00:00\",\"dateModified\":\"2026-01-16T07:40:41+00:00\",\"breadcrumb\":{\"@id\":\"https:\/\/asteralabs.org\/cs\/product\/trestolon-acetat-ment\/#breadcrumb\"},\"inLanguage\":\"cs\",\"potentialAction\":[{\"@type\":\"ReadAction\",\"target\":[\"https:\/\/asteralabs.org\/cs\/product\/trestolon-acetat-ment\/\"]}]},{\"@type\":\"ImageObject\",\"inLanguage\":\"cs\",\"@id\":\"https:\/\/asteralabs.org\/cs\/product\/trestolon-acetat-ment\/#primaryimage\",\"url\":\"https:\/\/asteralabs.org\/wp-content\/uploads\/2022\/11\/28.png\",\"contentUrl\":\"https:\/\/asteralabs.org\/wp-content\/uploads\/2022\/11\/28.png\",\"width\":2000,\"height\":2000},{\"@type\":\"BreadcrumbList\",\"@id\":\"https:\/\/asteralabs.org\/cs\/product\/trestolon-acetat-ment\/#breadcrumb\",\"itemListElement\":[{\"@type\":\"ListItem\",\"position\":1,\"name\":\"Home\",\"item\":\"https:\/\/asteralabs.org\/cs\/\"},{\"@type\":\"ListItem\",\"position\":2,\"name\":\"Obchod\",\"item\":\"https:\/\/asteralabs.org\/obchod\/\"},{\"@type\":\"ListItem\",\"position\":3,\"name\":\"Trestolon acet\u00e1t (MENT)\"}]},{\"@type\":\"WebSite\",\"@id\":\"https:\/\/asteralabs.org\/cs\/#website\",\"url\":\"https:\/\/asteralabs.org\/cs\/\",\"name\":\"Astera Labs\",\"description\":\"Improve Your Quality Of Life\",\"publisher\":{\"@id\":\"https:\/\/asteralabs.org\/cs\/#organization\"},\"potentialAction\":[{\"@type\":\"SearchAction\",\"target\":{\"@type\":\"EntryPoint\",\"urlTemplate\":\"https:\/\/asteralabs.org\/cs\/?s={search_term_string}\"},\"query-input\":\"required name=search_term_string\"}],\"inLanguage\":\"cs\"},{\"@type\":\"Organization\",\"@id\":\"https:\/\/asteralabs.org\/cs\/#organization\",\"name\":\"Astera Labs\",\"url\":\"https:\/\/asteralabs.org\/cs\/\",\"logo\":{\"@type\":\"ImageObject\",\"inLanguage\":\"cs\",\"@id\":\"https:\/\/asteralabs.org\/cs\/#\/schema\/logo\/image\/\",\"url\":\"https:\/\/asteralabs.org\/wp-content\/uploads\/2022\/12\/astera-2.png\",\"contentUrl\":\"https:\/\/asteralabs.org\/wp-content\/uploads\/2022\/12\/astera-2.png\",\"width\":437,\"height\":111,\"caption\":\"Astera Labs\"},\"image\":{\"@id\":\"https:\/\/asteralabs.org\/cs\/#\/schema\/logo\/image\/\"}}]}<\/script>\n<!-- \/ Yoast SEO plugin. -->","yoast_head_json":{"title":"Trestolon acet\u00e1t (MENT) - Astera Labs","robots":{"index":"index","follow":"follow","max-snippet":"max-snippet:-1","max-image-preview":"max-image-preview:large","max-video-preview":"max-video-preview:-1"},"canonical":"https:\/\/asteralabs.org\/cs\/product\/trestolon-acetat-ment\/","og_locale":"cs_CZ","og_type":"article","og_title":"Trestolon acet\u00e1t (MENT) - Astera Labs","og_description":"D\u00c1VKOV\u00c1N\u00cd: Trestolone Acetate 50mg\/ml OBSAH BALEN\u00cd: 1 x 10ML lahvi\u010dka, 50 mg na ml CO JE TO: Nejsiln\u011bj\u0161\u00ed steroid zn\u00e1m\u00fd jako Trestolone Acetate, kter\u00fd je metylovanou verz\u00ed nandrolonu a m\u00e1 mnohem vy\u0161\u0161\u00ed \u00fa\u010dinnost ne\u017e trenbolon, je \u0161iroce pova\u017eov\u00e1n za kombinaci obou. Jedn\u00e1 se o vysoce aromatizovatelnou l\u00e1tku, tak\u017ee pokud je vyu\u017e\u00edv\u00e1na, je t\u0159eba db\u00e1t na&hellip;","og_url":"https:\/\/asteralabs.org\/cs\/product\/trestolon-acetat-ment\/","og_site_name":"Astera Labs","article_modified_time":"2026-01-16T07:40:41+00:00","og_image":[{"width":2000,"height":2000,"url":"https:\/\/asteralabs.org\/wp-content\/uploads\/2022\/11\/28.png","type":"image\/png"}],"twitter_card":"summary_large_image","schema":{"@context":"https:\/\/schema.org","@graph":[{"@type":"WebPage","@id":"https:\/\/asteralabs.org\/cs\/product\/trestolon-acetat-ment\/","url":"https:\/\/asteralabs.org\/cs\/product\/trestolon-acetat-ment\/","name":"Trestolon acet\u00e1t (MENT) - Astera Labs","isPartOf":{"@id":"https:\/\/asteralabs.org\/cs\/#website"},"primaryImageOfPage":{"@id":"https:\/\/asteralabs.org\/cs\/product\/trestolon-acetat-ment\/#primaryimage"},"image":{"@id":"https:\/\/asteralabs.org\/cs\/product\/trestolon-acetat-ment\/#primaryimage"},"thumbnailUrl":"https:\/\/asteralabs.org\/wp-content\/uploads\/2022\/11\/28.png","datePublished":"2022-11-05T22:32:03+00:00","dateModified":"2026-01-16T07:40:41+00:00","breadcrumb":{"@id":"https:\/\/asteralabs.org\/cs\/product\/trestolon-acetat-ment\/#breadcrumb"},"inLanguage":"cs","potentialAction":[{"@type":"ReadAction","target":["https:\/\/asteralabs.org\/cs\/product\/trestolon-acetat-ment\/"]}]},{"@type":"ImageObject","inLanguage":"cs","@id":"https:\/\/asteralabs.org\/cs\/product\/trestolon-acetat-ment\/#primaryimage","url":"https:\/\/asteralabs.org\/wp-content\/uploads\/2022\/11\/28.png","contentUrl":"https:\/\/asteralabs.org\/wp-content\/uploads\/2022\/11\/28.png","width":2000,"height":2000},{"@type":"BreadcrumbList","@id":"https:\/\/asteralabs.org\/cs\/product\/trestolon-acetat-ment\/#breadcrumb","itemListElement":[{"@type":"ListItem","position":1,"name":"Home","item":"https:\/\/asteralabs.org\/cs\/"},{"@type":"ListItem","position":2,"name":"Obchod","item":"https:\/\/asteralabs.org\/obchod\/"},{"@type":"ListItem","position":3,"name":"Trestolon acet\u00e1t (MENT)"}]},{"@type":"WebSite","@id":"https:\/\/asteralabs.org\/cs\/#website","url":"https:\/\/asteralabs.org\/cs\/","name":"Astera Labs","description":"Improve Your Quality Of Life","publisher":{"@id":"https:\/\/asteralabs.org\/cs\/#organization"},"potentialAction":[{"@type":"SearchAction","target":{"@type":"EntryPoint","urlTemplate":"https:\/\/asteralabs.org\/cs\/?s={search_term_string}"},"query-input":"required name=search_term_string"}],"inLanguage":"cs"},{"@type":"Organization","@id":"https:\/\/asteralabs.org\/cs\/#organization","name":"Astera Labs","url":"https:\/\/asteralabs.org\/cs\/","logo":{"@type":"ImageObject","inLanguage":"cs","@id":"https:\/\/asteralabs.org\/cs\/#\/schema\/logo\/image\/","url":"https:\/\/asteralabs.org\/wp-content\/uploads\/2022\/12\/astera-2.png","contentUrl":"https:\/\/asteralabs.org\/wp-content\/uploads\/2022\/12\/astera-2.png","width":437,"height":111,"caption":"Astera Labs"},"image":{"@id":"https:\/\/asteralabs.org\/cs\/#\/schema\/logo\/image\/"}}]}},"_links":{"self":[{"href":"https:\/\/asteralabs.org\/cs\/wp-json\/wp\/v2\/product\/77944"}],"collection":[{"href":"https:\/\/asteralabs.org\/cs\/wp-json\/wp\/v2\/product"}],"about":[{"href":"https:\/\/asteralabs.org\/cs\/wp-json\/wp\/v2\/types\/product"}],"replies":[{"embeddable":true,"href":"https:\/\/asteralabs.org\/cs\/wp-json\/wp\/v2\/comments?post=77944"}],"version-history":[{"count":0,"href":"https:\/\/asteralabs.org\/cs\/wp-json\/wp\/v2\/product\/77944\/revisions"}],"wp:featuredmedia":[{"embeddable":true,"href":"https:\/\/asteralabs.org\/cs\/wp-json\/wp\/v2\/media\/75063"}],"wp:attachment":[{"href":"https:\/\/asteralabs.org\/cs\/wp-json\/wp\/v2\/media?parent=77944"}],"wp:term":[{"taxonomy":"product_cat","embeddable":true,"href":"https:\/\/asteralabs.org\/cs\/wp-json\/wp\/v2\/product_cat?post=77944"},{"taxonomy":"product_tag","embeddable":true,"href":"https:\/\/asteralabs.org\/cs\/wp-json\/wp\/v2\/product_tag?post=77944"}],"curies":[{"name":"wp","href":"https:\/\/api.w.org\/{rel}","templated":true}]}}