{"id":77950,"date":"2022-11-05T22:29:42","date_gmt":"2022-11-05T22:29:42","guid":{"rendered":"https:\/\/asteralabs.org\/product\/boldenon-undecylenat\/"},"modified":"2026-01-15T08:22:30","modified_gmt":"2026-01-15T08:22:30","slug":"boldenon-undecylenat","status":"publish","type":"product","link":"https:\/\/asteralabs.org\/cs\/product\/boldenon-undecylenat\/","title":{"rendered":"Boldenon undecylen\u00e1t"},"content":{"rendered":"<p><strong>D\u00c1VKOV\u00c1N\u00cd: <\/strong><br \/>\nBoldenone Undecylenate 300 mg\/ml. <strong>OBSAH BALEN\u00cd: <\/strong><br \/>\n1 x 10ML lahvi\u010dka, 300 mg v ml <strong>CO JE TO: <\/strong><br \/>\nBoldenone Undecylenate je velmi obl\u00edben\u00fd injek\u010dn\u00ed anabolick\u00fd steroid. Tato l\u00e1tka je syntetick\u00fdm deriv\u00e1tem testosteronu, kter\u00fd vykazuje men\u0161\u00ed androgenn\u00ed aktivitu ne\u017e testosteron a z\u00e1rove\u0148 m\u00e1 siln\u00e9 anabolick\u00e9 vlastnosti. M\u00e1 stejnou \u00farove\u0148 anabolick\u00e9 \u00fa\u010dinnosti jako jeho hormon\u00e1ln\u00ed otec, testosteron (100). Cykly Boldenone Undecylenate se \u010dasto prov\u00e1d\u011bj\u00ed pro z\u00edsk\u00e1n\u00ed objemu. Minim\u00e1ln\u00ed d\u00e9lka cyklu je 8 t\u00fddn\u016f, zat\u00edmco maxim\u00e1ln\u00ed d\u00e9lka cyklu je 18 t\u00fddn\u016f. <strong>JAK SE POU\u017d\u00cdV\u00c1: <\/strong><br \/>\nDoporu\u010den\u00e1 po\u010d\u00e1te\u010dn\u00ed d\u00e1vka Boldenone Undecylenate je 300 a\u017e 500 mg t\u00fddn\u011b. D\u00e9lka takov\u00e9ho cyklu by m\u011bla b\u00fdt celkem 14 t\u00fddn\u016f. Typick\u00e1 t\u00fddenn\u00ed d\u00e1vka pro pokro\u010dil\u00e9 u\u017eivatele je vy\u0161\u0161\u00ed ne\u017e 600 mg. <strong>Informace o \u0161ar\u017ei:<br \/>\n<\/strong>\u010c\u00edslo \u0161ar\u017ee: <span data-sheets-root=\"1\" data-sheets-value=\"{\" data-sheets-userformat=\"{\">ZB41325<\/span><br \/>\nDatum v\u00fdroby: <span data-sheets-root=\"1\" data-sheets-value=\"{\" data-sheets-userformat=\"{\">10.2025.<\/span><br \/>\nDatum exspirace: <span data-sheets-root=\"1\" data-sheets-value=\"{\" data-sheets-userformat=\"{\">10.2028.<\/span><\/p>\n","protected":false},"excerpt":{"rendered":"<p>D\u00c1VKOV\u00c1N\u00cd: Boldenone Undecylenate 300 mg\/ml. OBSAH BALEN\u00cd: 1 x 10ML lahvi\u010dka, 300 mg v ml CO JE TO: Boldenone Undecylenate je velmi obl\u00edben\u00fd injek\u010dn\u00ed anabolick\u00fd steroid. Tato l\u00e1tka je syntetick\u00fdm deriv\u00e1tem testosteronu, kter\u00fd vykazuje men\u0161\u00ed androgenn\u00ed aktivitu ne\u017e testosteron a z\u00e1rove\u0148 m\u00e1 siln\u00e9 anabolick\u00e9 vlastnosti. M\u00e1 stejnou \u00farove\u0148 anabolick\u00e9 \u00fa\u010dinnosti jako jeho hormon\u00e1ln\u00ed otec, testosteron&hellip;<\/p>\n","protected":false},"featured_media":75055,"comment_status":"open","ping_status":"closed","template":"","meta":{"_acf_changed":false},"product_brand":[],"product_cat":[153,152],"product_tag":[],"class_list":{"0":"post-77950","1":"product","2":"type-product","3":"status-publish","4":"has-post-thumbnail","6":"product_cat-all-cs","7":"product_cat-injectables-cs","8":"description-off","10":"first","11":"instock","12":"shipping-taxable","13":"product-type-simple"},"acf":[],"yoast_head":"<!-- This site is optimized with the Yoast SEO plugin v27.4 - https:\/\/yoast.com\/product\/yoast-seo-wordpress\/ -->\n<title>Boldenon undecylen\u00e1t - Astera Labs<\/title>\n<meta name=\"robots\" content=\"index, follow, max-snippet:-1, max-image-preview:large, max-video-preview:-1\" \/>\n<link rel=\"canonical\" href=\"https:\/\/asteralabs.org\/cs\/product\/boldenon-undecylenat\/\" \/>\n<meta property=\"og:locale\" content=\"cs_CZ\" \/>\n<meta property=\"og:type\" content=\"article\" \/>\n<meta property=\"og:title\" content=\"Boldenon undecylen\u00e1t - Astera Labs\" \/>\n<meta property=\"og:description\" content=\"D\u00c1VKOV\u00c1N\u00cd: Boldenone Undecylenate 300 mg\/ml. OBSAH BALEN\u00cd: 1 x 10ML lahvi\u010dka, 300 mg v ml CO JE TO: Boldenone Undecylenate je velmi obl\u00edben\u00fd injek\u010dn\u00ed anabolick\u00fd steroid. Tato l\u00e1tka je syntetick\u00fdm deriv\u00e1tem testosteronu, kter\u00fd vykazuje men\u0161\u00ed androgenn\u00ed aktivitu ne\u017e testosteron a z\u00e1rove\u0148 m\u00e1 siln\u00e9 anabolick\u00e9 vlastnosti. M\u00e1 stejnou \u00farove\u0148 anabolick\u00e9 \u00fa\u010dinnosti jako jeho hormon\u00e1ln\u00ed otec, testosteron&hellip;\" \/>\n<meta property=\"og:url\" content=\"https:\/\/asteralabs.org\/cs\/product\/boldenon-undecylenat\/\" \/>\n<meta property=\"og:site_name\" content=\"Astera Labs\" \/>\n<meta property=\"article:modified_time\" content=\"2026-01-15T08:22:30+00:00\" \/>\n<meta property=\"og:image\" content=\"https:\/\/asteralabs.org\/wp-content\/uploads\/2022\/11\/32.png\" \/>\n\t<meta property=\"og:image:width\" content=\"2000\" \/>\n\t<meta property=\"og:image:height\" content=\"2000\" \/>\n\t<meta property=\"og:image:type\" content=\"image\/png\" \/>\n<meta name=\"twitter:card\" content=\"summary_large_image\" \/>\n<script type=\"application\/ld+json\" class=\"yoast-schema-graph\">{\"@context\":\"https:\\\/\\\/schema.org\",\"@graph\":[{\"@type\":\"WebPage\",\"@id\":\"https:\\\/\\\/asteralabs.org\\\/cs\\\/product\\\/boldenon-undecylenat\\\/\",\"url\":\"https:\\\/\\\/asteralabs.org\\\/cs\\\/product\\\/boldenon-undecylenat\\\/\",\"name\":\"Boldenon undecylen\u00e1t - Astera Labs\",\"isPartOf\":{\"@id\":\"https:\\\/\\\/asteralabs.org\\\/cs\\\/#website\"},\"primaryImageOfPage\":{\"@id\":\"https:\\\/\\\/asteralabs.org\\\/cs\\\/product\\\/boldenon-undecylenat\\\/#primaryimage\"},\"image\":{\"@id\":\"https:\\\/\\\/asteralabs.org\\\/cs\\\/product\\\/boldenon-undecylenat\\\/#primaryimage\"},\"thumbnailUrl\":\"https:\\\/\\\/asteralabs.org\\\/wp-content\\\/uploads\\\/2022\\\/11\\\/32.png\",\"datePublished\":\"2022-11-05T22:29:42+00:00\",\"dateModified\":\"2026-01-15T08:22:30+00:00\",\"breadcrumb\":{\"@id\":\"https:\\\/\\\/asteralabs.org\\\/cs\\\/product\\\/boldenon-undecylenat\\\/#breadcrumb\"},\"inLanguage\":\"cs-CZ\",\"potentialAction\":[{\"@type\":\"ReadAction\",\"target\":[\"https:\\\/\\\/asteralabs.org\\\/cs\\\/product\\\/boldenon-undecylenat\\\/\"]}]},{\"@type\":\"ImageObject\",\"inLanguage\":\"cs-CZ\",\"@id\":\"https:\\\/\\\/asteralabs.org\\\/cs\\\/product\\\/boldenon-undecylenat\\\/#primaryimage\",\"url\":\"https:\\\/\\\/asteralabs.org\\\/wp-content\\\/uploads\\\/2022\\\/11\\\/32.png\",\"contentUrl\":\"https:\\\/\\\/asteralabs.org\\\/wp-content\\\/uploads\\\/2022\\\/11\\\/32.png\",\"width\":2000,\"height\":2000},{\"@type\":\"BreadcrumbList\",\"@id\":\"https:\\\/\\\/asteralabs.org\\\/cs\\\/product\\\/boldenon-undecylenat\\\/#breadcrumb\",\"itemListElement\":[{\"@type\":\"ListItem\",\"position\":1,\"name\":\"Home\",\"item\":\"https:\\\/\\\/asteralabs.org\\\/cs\\\/\"},{\"@type\":\"ListItem\",\"position\":2,\"name\":\"Obchod\",\"item\":\"https:\\\/\\\/asteralabs.org\\\/cs\\\/obchod\\\/\"},{\"@type\":\"ListItem\",\"position\":3,\"name\":\"Boldenon undecylen\u00e1t\"}]},{\"@type\":\"WebSite\",\"@id\":\"https:\\\/\\\/asteralabs.org\\\/cs\\\/#website\",\"url\":\"https:\\\/\\\/asteralabs.org\\\/cs\\\/\",\"name\":\"Astera Labs\",\"description\":\"Improve Your Quality Of Life\",\"publisher\":{\"@id\":\"https:\\\/\\\/asteralabs.org\\\/cs\\\/#organization\"},\"potentialAction\":[{\"@type\":\"SearchAction\",\"target\":{\"@type\":\"EntryPoint\",\"urlTemplate\":\"https:\\\/\\\/asteralabs.org\\\/cs\\\/?s={search_term_string}\"},\"query-input\":{\"@type\":\"PropertyValueSpecification\",\"valueRequired\":true,\"valueName\":\"search_term_string\"}}],\"inLanguage\":\"cs-CZ\"},{\"@type\":\"Organization\",\"@id\":\"https:\\\/\\\/asteralabs.org\\\/cs\\\/#organization\",\"name\":\"Astera Labs\",\"url\":\"https:\\\/\\\/asteralabs.org\\\/cs\\\/\",\"logo\":{\"@type\":\"ImageObject\",\"inLanguage\":\"cs-CZ\",\"@id\":\"https:\\\/\\\/asteralabs.org\\\/cs\\\/#\\\/schema\\\/logo\\\/image\\\/\",\"url\":\"https:\\\/\\\/asteralabs.org\\\/wp-content\\\/uploads\\\/2022\\\/12\\\/astera-2.png\",\"contentUrl\":\"https:\\\/\\\/asteralabs.org\\\/wp-content\\\/uploads\\\/2022\\\/12\\\/astera-2.png\",\"width\":437,\"height\":111,\"caption\":\"Astera Labs\"},\"image\":{\"@id\":\"https:\\\/\\\/asteralabs.org\\\/cs\\\/#\\\/schema\\\/logo\\\/image\\\/\"}}]}<\/script>\n<!-- \/ Yoast SEO plugin. -->","yoast_head_json":{"title":"Boldenon undecylen\u00e1t - Astera Labs","robots":{"index":"index","follow":"follow","max-snippet":"max-snippet:-1","max-image-preview":"max-image-preview:large","max-video-preview":"max-video-preview:-1"},"canonical":"https:\/\/asteralabs.org\/cs\/product\/boldenon-undecylenat\/","og_locale":"cs_CZ","og_type":"article","og_title":"Boldenon undecylen\u00e1t - Astera Labs","og_description":"D\u00c1VKOV\u00c1N\u00cd: Boldenone Undecylenate 300 mg\/ml. OBSAH BALEN\u00cd: 1 x 10ML lahvi\u010dka, 300 mg v ml CO JE TO: Boldenone Undecylenate je velmi obl\u00edben\u00fd injek\u010dn\u00ed anabolick\u00fd steroid. Tato l\u00e1tka je syntetick\u00fdm deriv\u00e1tem testosteronu, kter\u00fd vykazuje men\u0161\u00ed androgenn\u00ed aktivitu ne\u017e testosteron a z\u00e1rove\u0148 m\u00e1 siln\u00e9 anabolick\u00e9 vlastnosti. M\u00e1 stejnou \u00farove\u0148 anabolick\u00e9 \u00fa\u010dinnosti jako jeho hormon\u00e1ln\u00ed otec, testosteron&hellip;","og_url":"https:\/\/asteralabs.org\/cs\/product\/boldenon-undecylenat\/","og_site_name":"Astera Labs","article_modified_time":"2026-01-15T08:22:30+00:00","og_image":[{"width":2000,"height":2000,"url":"https:\/\/asteralabs.org\/wp-content\/uploads\/2022\/11\/32.png","type":"image\/png"}],"twitter_card":"summary_large_image","schema":{"@context":"https:\/\/schema.org","@graph":[{"@type":"WebPage","@id":"https:\/\/asteralabs.org\/cs\/product\/boldenon-undecylenat\/","url":"https:\/\/asteralabs.org\/cs\/product\/boldenon-undecylenat\/","name":"Boldenon undecylen\u00e1t - Astera Labs","isPartOf":{"@id":"https:\/\/asteralabs.org\/cs\/#website"},"primaryImageOfPage":{"@id":"https:\/\/asteralabs.org\/cs\/product\/boldenon-undecylenat\/#primaryimage"},"image":{"@id":"https:\/\/asteralabs.org\/cs\/product\/boldenon-undecylenat\/#primaryimage"},"thumbnailUrl":"https:\/\/asteralabs.org\/wp-content\/uploads\/2022\/11\/32.png","datePublished":"2022-11-05T22:29:42+00:00","dateModified":"2026-01-15T08:22:30+00:00","breadcrumb":{"@id":"https:\/\/asteralabs.org\/cs\/product\/boldenon-undecylenat\/#breadcrumb"},"inLanguage":"cs-CZ","potentialAction":[{"@type":"ReadAction","target":["https:\/\/asteralabs.org\/cs\/product\/boldenon-undecylenat\/"]}]},{"@type":"ImageObject","inLanguage":"cs-CZ","@id":"https:\/\/asteralabs.org\/cs\/product\/boldenon-undecylenat\/#primaryimage","url":"https:\/\/asteralabs.org\/wp-content\/uploads\/2022\/11\/32.png","contentUrl":"https:\/\/asteralabs.org\/wp-content\/uploads\/2022\/11\/32.png","width":2000,"height":2000},{"@type":"BreadcrumbList","@id":"https:\/\/asteralabs.org\/cs\/product\/boldenon-undecylenat\/#breadcrumb","itemListElement":[{"@type":"ListItem","position":1,"name":"Home","item":"https:\/\/asteralabs.org\/cs\/"},{"@type":"ListItem","position":2,"name":"Obchod","item":"https:\/\/asteralabs.org\/cs\/obchod\/"},{"@type":"ListItem","position":3,"name":"Boldenon undecylen\u00e1t"}]},{"@type":"WebSite","@id":"https:\/\/asteralabs.org\/cs\/#website","url":"https:\/\/asteralabs.org\/cs\/","name":"Astera Labs","description":"Improve Your Quality Of Life","publisher":{"@id":"https:\/\/asteralabs.org\/cs\/#organization"},"potentialAction":[{"@type":"SearchAction","target":{"@type":"EntryPoint","urlTemplate":"https:\/\/asteralabs.org\/cs\/?s={search_term_string}"},"query-input":{"@type":"PropertyValueSpecification","valueRequired":true,"valueName":"search_term_string"}}],"inLanguage":"cs-CZ"},{"@type":"Organization","@id":"https:\/\/asteralabs.org\/cs\/#organization","name":"Astera Labs","url":"https:\/\/asteralabs.org\/cs\/","logo":{"@type":"ImageObject","inLanguage":"cs-CZ","@id":"https:\/\/asteralabs.org\/cs\/#\/schema\/logo\/image\/","url":"https:\/\/asteralabs.org\/wp-content\/uploads\/2022\/12\/astera-2.png","contentUrl":"https:\/\/asteralabs.org\/wp-content\/uploads\/2022\/12\/astera-2.png","width":437,"height":111,"caption":"Astera Labs"},"image":{"@id":"https:\/\/asteralabs.org\/cs\/#\/schema\/logo\/image\/"}}]}},"_links":{"self":[{"href":"https:\/\/asteralabs.org\/cs\/wp-json\/wp\/v2\/product\/77950","targetHints":{"allow":["GET"]}}],"collection":[{"href":"https:\/\/asteralabs.org\/cs\/wp-json\/wp\/v2\/product"}],"about":[{"href":"https:\/\/asteralabs.org\/cs\/wp-json\/wp\/v2\/types\/product"}],"replies":[{"embeddable":true,"href":"https:\/\/asteralabs.org\/cs\/wp-json\/wp\/v2\/comments?post=77950"}],"version-history":[{"count":0,"href":"https:\/\/asteralabs.org\/cs\/wp-json\/wp\/v2\/product\/77950\/revisions"}],"wp:featuredmedia":[{"embeddable":true,"href":"https:\/\/asteralabs.org\/cs\/wp-json\/wp\/v2\/media\/75055"}],"wp:attachment":[{"href":"https:\/\/asteralabs.org\/cs\/wp-json\/wp\/v2\/media?parent=77950"}],"wp:term":[{"taxonomy":"product_brand","embeddable":true,"href":"https:\/\/asteralabs.org\/cs\/wp-json\/wp\/v2\/product_brand?post=77950"},{"taxonomy":"product_cat","embeddable":true,"href":"https:\/\/asteralabs.org\/cs\/wp-json\/wp\/v2\/product_cat?post=77950"},{"taxonomy":"product_tag","embeddable":true,"href":"https:\/\/asteralabs.org\/cs\/wp-json\/wp\/v2\/product_tag?post=77950"}],"curies":[{"name":"wp","href":"https:\/\/api.w.org\/{rel}","templated":true}]}}