{"id":77955,"date":"2022-11-05T22:24:04","date_gmt":"2022-11-05T22:24:04","guid":{"rendered":"https:\/\/asteralabs.org\/product\/dihydroboldenon-dhb\/"},"modified":"2026-01-15T08:32:16","modified_gmt":"2026-01-15T08:32:16","slug":"dihydroboldenon-dhb","status":"publish","type":"product","link":"https:\/\/asteralabs.org\/cs\/product\/dihydroboldenon-dhb\/","title":{"rendered":"Dihydroboldenon (DHB)"},"content":{"rendered":"<p><strong>D\u00c1VKOV\u00c1N\u00cd<\/strong>:<br \/>\nDihydroboldenone (DHB) 100mg\/ml <strong>OBSAH BALEN\u00cd: <\/strong><br \/>\n1 x 10ML lahvi\u010dka, 100 mg v ml <strong>CO JE TO: <\/strong><br \/>\nRedukovan\u00e1 forma Boldenonu se naz\u00fdv\u00e1 DHB-MED 100 (Dihydroboldenone Cypionate) a v posledn\u00ed dob\u011b si z\u00edskala velkou pozornost. P\u0159edpokl\u00e1d\u00e1 se, \u017ee na z\u00e1klad\u011b v\u00fdzkumu na zv\u00ed\u0159atech m\u00e1 \u00fa\u010dinnost dosti podobnou testosteronu, av\u0161ak vy\u017eaduje vysok\u00e9 d\u00e1vky k \u00fapln\u00e9mu nasycen\u00ed UDP-glukuronosyltransfer\u00e1z, co\u017e je velmi fascinuj\u00edc\u00ed. Je to velmi fascinuj\u00edc\u00ed steroid b\u011bhem f\u00e1ze \u0159ez\u00e1n\u00ed kv\u016fli jeho siln\u00e9 afinit\u011b k androgenn\u00edmu receptoru, co\u017e m\u016f\u017ee pomoci stimulovat lip\u00e1zy v tukov\u00e9 tk\u00e1ni a podpo\u0159it \u00fabytek tuku. Vzhledem k jeho vysok\u00e9 afinit\u011b k androgenn\u00edm receptor\u016fm a androgenn\u00ed aktivit\u011b je doporu\u010den\u00e1 d\u00e1vka pro mu\u017ee 200 mg a\u017e 400 mg t\u00fddn\u011b. Vzhledem k tomu, \u017ee tento p\u0159\u00edpravek obsahuje <strong>JAK POU\u017d\u00cdVAT: <\/strong><br \/>\nVzhledem k jeho siln\u00e9 afinit\u011b k androgenn\u00edm receptor\u016fm a jeho androgenn\u00ed \u00fa\u010dinnosti nedoporu\u010dujeme tento p\u0159\u00edpravek \u017een\u00e1m z d\u016fvodu nebezpe\u010d\u00ed virilizace. Doporu\u010den\u00e1 d\u00e1vka pro mu\u017ee se pohybuje v rozmez\u00ed 200 mg a\u017e 400 mg t\u00fddn\u011b.<br \/>\nMohl by b\u00fdt pod\u00e1v\u00e1n v 8-12 t\u00fddenn\u00edch cyklech, v\u017edy s ohledem na v\u00fdsledky krevn\u00edho obrazu a s d\u016frazem na ren\u00e1ln\u00ed parametry.<\/p>\n<p><strong>Informace o \u0161ar\u017ei:<br \/>\n<\/strong>\u010c\u00edslo \u0161ar\u017ee: <span data-sheets-root=\"1\" data-sheets-value=\"{\" data-sheets-userformat=\"{\">YQ15731<\/span><br \/>\nDatum v\u00fdroby: <span data-sheets-root=\"1\" data-sheets-value=\"{\" data-sheets-userformat=\"{\">10.2025.<\/span><br \/>\nDatum exspirace: <span data-sheets-root=\"1\" data-sheets-value=\"{\" data-sheets-userformat=\"{\">10.2028.<\/span><\/p>\n","protected":false},"excerpt":{"rendered":"<p>D\u00c1VKOV\u00c1N\u00cd: Dihydroboldenone (DHB) 100mg\/ml OBSAH BALEN\u00cd: 1 x 10ML lahvi\u010dka, 100 mg v ml CO JE TO: Redukovan\u00e1 forma Boldenonu se naz\u00fdv\u00e1 DHB-MED 100 (Dihydroboldenone Cypionate) a v posledn\u00ed dob\u011b si z\u00edskala velkou pozornost. P\u0159edpokl\u00e1d\u00e1 se, \u017ee na z\u00e1klad\u011b v\u00fdzkumu na zv\u00ed\u0159atech m\u00e1 \u00fa\u010dinnost dosti podobnou testosteronu, av\u0161ak vy\u017eaduje vysok\u00e9 d\u00e1vky k \u00fapln\u00e9mu nasycen\u00ed UDP-glukuronosyltransfer\u00e1z,&hellip;<\/p>\n","protected":false},"featured_media":75047,"comment_status":"open","ping_status":"closed","template":"","meta":[],"product_cat":[153,152],"product_tag":[],"yoast_head":"<!-- This site is optimized with the Yoast SEO plugin v23.0 - https:\/\/yoast.com\/wordpress\/plugins\/seo\/ -->\n<title>Dihydroboldenon (DHB) - Astera Labs<\/title>\n<meta name=\"robots\" content=\"index, follow, max-snippet:-1, max-image-preview:large, max-video-preview:-1\" \/>\n<link rel=\"canonical\" href=\"https:\/\/asteralabs.org\/cs\/product\/dihydroboldenon-dhb\/\" \/>\n<meta property=\"og:locale\" content=\"cs_CZ\" \/>\n<meta property=\"og:type\" content=\"article\" \/>\n<meta property=\"og:title\" content=\"Dihydroboldenon (DHB) - Astera Labs\" \/>\n<meta property=\"og:description\" content=\"D\u00c1VKOV\u00c1N\u00cd: Dihydroboldenone (DHB) 100mg\/ml OBSAH BALEN\u00cd: 1 x 10ML lahvi\u010dka, 100 mg v ml CO JE TO: Redukovan\u00e1 forma Boldenonu se naz\u00fdv\u00e1 DHB-MED 100 (Dihydroboldenone Cypionate) a v posledn\u00ed dob\u011b si z\u00edskala velkou pozornost. P\u0159edpokl\u00e1d\u00e1 se, \u017ee na z\u00e1klad\u011b v\u00fdzkumu na zv\u00ed\u0159atech m\u00e1 \u00fa\u010dinnost dosti podobnou testosteronu, av\u0161ak vy\u017eaduje vysok\u00e9 d\u00e1vky k \u00fapln\u00e9mu nasycen\u00ed UDP-glukuronosyltransfer\u00e1z,&hellip;\" \/>\n<meta property=\"og:url\" content=\"https:\/\/asteralabs.org\/cs\/product\/dihydroboldenon-dhb\/\" \/>\n<meta property=\"og:site_name\" content=\"Astera Labs\" \/>\n<meta property=\"article:modified_time\" content=\"2026-01-15T08:32:16+00:00\" \/>\n<meta property=\"og:image\" content=\"https:\/\/asteralabs.org\/wp-content\/uploads\/2022\/11\/31.png\" \/>\n\t<meta property=\"og:image:width\" content=\"2000\" \/>\n\t<meta property=\"og:image:height\" content=\"2000\" \/>\n\t<meta property=\"og:image:type\" content=\"image\/png\" \/>\n<meta name=\"twitter:card\" content=\"summary_large_image\" \/>\n<script type=\"application\/ld+json\" class=\"yoast-schema-graph\">{\"@context\":\"https:\/\/schema.org\",\"@graph\":[{\"@type\":\"WebPage\",\"@id\":\"https:\/\/asteralabs.org\/cs\/product\/dihydroboldenon-dhb\/\",\"url\":\"https:\/\/asteralabs.org\/cs\/product\/dihydroboldenon-dhb\/\",\"name\":\"Dihydroboldenon (DHB) - Astera Labs\",\"isPartOf\":{\"@id\":\"https:\/\/asteralabs.org\/cs\/#website\"},\"primaryImageOfPage\":{\"@id\":\"https:\/\/asteralabs.org\/cs\/product\/dihydroboldenon-dhb\/#primaryimage\"},\"image\":{\"@id\":\"https:\/\/asteralabs.org\/cs\/product\/dihydroboldenon-dhb\/#primaryimage\"},\"thumbnailUrl\":\"https:\/\/asteralabs.org\/wp-content\/uploads\/2022\/11\/31.png\",\"datePublished\":\"2022-11-05T22:24:04+00:00\",\"dateModified\":\"2026-01-15T08:32:16+00:00\",\"breadcrumb\":{\"@id\":\"https:\/\/asteralabs.org\/cs\/product\/dihydroboldenon-dhb\/#breadcrumb\"},\"inLanguage\":\"cs\",\"potentialAction\":[{\"@type\":\"ReadAction\",\"target\":[\"https:\/\/asteralabs.org\/cs\/product\/dihydroboldenon-dhb\/\"]}]},{\"@type\":\"ImageObject\",\"inLanguage\":\"cs\",\"@id\":\"https:\/\/asteralabs.org\/cs\/product\/dihydroboldenon-dhb\/#primaryimage\",\"url\":\"https:\/\/asteralabs.org\/wp-content\/uploads\/2022\/11\/31.png\",\"contentUrl\":\"https:\/\/asteralabs.org\/wp-content\/uploads\/2022\/11\/31.png\",\"width\":2000,\"height\":2000},{\"@type\":\"BreadcrumbList\",\"@id\":\"https:\/\/asteralabs.org\/cs\/product\/dihydroboldenon-dhb\/#breadcrumb\",\"itemListElement\":[{\"@type\":\"ListItem\",\"position\":1,\"name\":\"Home\",\"item\":\"https:\/\/asteralabs.org\/cs\/\"},{\"@type\":\"ListItem\",\"position\":2,\"name\":\"Obchod\",\"item\":\"https:\/\/asteralabs.org\/obchod\/\"},{\"@type\":\"ListItem\",\"position\":3,\"name\":\"Dihydroboldenon (DHB)\"}]},{\"@type\":\"WebSite\",\"@id\":\"https:\/\/asteralabs.org\/cs\/#website\",\"url\":\"https:\/\/asteralabs.org\/cs\/\",\"name\":\"Astera Labs\",\"description\":\"Improve Your Quality Of Life\",\"publisher\":{\"@id\":\"https:\/\/asteralabs.org\/cs\/#organization\"},\"potentialAction\":[{\"@type\":\"SearchAction\",\"target\":{\"@type\":\"EntryPoint\",\"urlTemplate\":\"https:\/\/asteralabs.org\/cs\/?s={search_term_string}\"},\"query-input\":\"required name=search_term_string\"}],\"inLanguage\":\"cs\"},{\"@type\":\"Organization\",\"@id\":\"https:\/\/asteralabs.org\/cs\/#organization\",\"name\":\"Astera Labs\",\"url\":\"https:\/\/asteralabs.org\/cs\/\",\"logo\":{\"@type\":\"ImageObject\",\"inLanguage\":\"cs\",\"@id\":\"https:\/\/asteralabs.org\/cs\/#\/schema\/logo\/image\/\",\"url\":\"https:\/\/asteralabs.org\/wp-content\/uploads\/2022\/12\/astera-2.png\",\"contentUrl\":\"https:\/\/asteralabs.org\/wp-content\/uploads\/2022\/12\/astera-2.png\",\"width\":437,\"height\":111,\"caption\":\"Astera Labs\"},\"image\":{\"@id\":\"https:\/\/asteralabs.org\/cs\/#\/schema\/logo\/image\/\"}}]}<\/script>\n<!-- \/ Yoast SEO plugin. -->","yoast_head_json":{"title":"Dihydroboldenon (DHB) - Astera Labs","robots":{"index":"index","follow":"follow","max-snippet":"max-snippet:-1","max-image-preview":"max-image-preview:large","max-video-preview":"max-video-preview:-1"},"canonical":"https:\/\/asteralabs.org\/cs\/product\/dihydroboldenon-dhb\/","og_locale":"cs_CZ","og_type":"article","og_title":"Dihydroboldenon (DHB) - Astera Labs","og_description":"D\u00c1VKOV\u00c1N\u00cd: Dihydroboldenone (DHB) 100mg\/ml OBSAH BALEN\u00cd: 1 x 10ML lahvi\u010dka, 100 mg v ml CO JE TO: Redukovan\u00e1 forma Boldenonu se naz\u00fdv\u00e1 DHB-MED 100 (Dihydroboldenone Cypionate) a v posledn\u00ed dob\u011b si z\u00edskala velkou pozornost. P\u0159edpokl\u00e1d\u00e1 se, \u017ee na z\u00e1klad\u011b v\u00fdzkumu na zv\u00ed\u0159atech m\u00e1 \u00fa\u010dinnost dosti podobnou testosteronu, av\u0161ak vy\u017eaduje vysok\u00e9 d\u00e1vky k \u00fapln\u00e9mu nasycen\u00ed UDP-glukuronosyltransfer\u00e1z,&hellip;","og_url":"https:\/\/asteralabs.org\/cs\/product\/dihydroboldenon-dhb\/","og_site_name":"Astera Labs","article_modified_time":"2026-01-15T08:32:16+00:00","og_image":[{"width":2000,"height":2000,"url":"https:\/\/asteralabs.org\/wp-content\/uploads\/2022\/11\/31.png","type":"image\/png"}],"twitter_card":"summary_large_image","schema":{"@context":"https:\/\/schema.org","@graph":[{"@type":"WebPage","@id":"https:\/\/asteralabs.org\/cs\/product\/dihydroboldenon-dhb\/","url":"https:\/\/asteralabs.org\/cs\/product\/dihydroboldenon-dhb\/","name":"Dihydroboldenon (DHB) - Astera Labs","isPartOf":{"@id":"https:\/\/asteralabs.org\/cs\/#website"},"primaryImageOfPage":{"@id":"https:\/\/asteralabs.org\/cs\/product\/dihydroboldenon-dhb\/#primaryimage"},"image":{"@id":"https:\/\/asteralabs.org\/cs\/product\/dihydroboldenon-dhb\/#primaryimage"},"thumbnailUrl":"https:\/\/asteralabs.org\/wp-content\/uploads\/2022\/11\/31.png","datePublished":"2022-11-05T22:24:04+00:00","dateModified":"2026-01-15T08:32:16+00:00","breadcrumb":{"@id":"https:\/\/asteralabs.org\/cs\/product\/dihydroboldenon-dhb\/#breadcrumb"},"inLanguage":"cs","potentialAction":[{"@type":"ReadAction","target":["https:\/\/asteralabs.org\/cs\/product\/dihydroboldenon-dhb\/"]}]},{"@type":"ImageObject","inLanguage":"cs","@id":"https:\/\/asteralabs.org\/cs\/product\/dihydroboldenon-dhb\/#primaryimage","url":"https:\/\/asteralabs.org\/wp-content\/uploads\/2022\/11\/31.png","contentUrl":"https:\/\/asteralabs.org\/wp-content\/uploads\/2022\/11\/31.png","width":2000,"height":2000},{"@type":"BreadcrumbList","@id":"https:\/\/asteralabs.org\/cs\/product\/dihydroboldenon-dhb\/#breadcrumb","itemListElement":[{"@type":"ListItem","position":1,"name":"Home","item":"https:\/\/asteralabs.org\/cs\/"},{"@type":"ListItem","position":2,"name":"Obchod","item":"https:\/\/asteralabs.org\/obchod\/"},{"@type":"ListItem","position":3,"name":"Dihydroboldenon (DHB)"}]},{"@type":"WebSite","@id":"https:\/\/asteralabs.org\/cs\/#website","url":"https:\/\/asteralabs.org\/cs\/","name":"Astera Labs","description":"Improve Your Quality Of Life","publisher":{"@id":"https:\/\/asteralabs.org\/cs\/#organization"},"potentialAction":[{"@type":"SearchAction","target":{"@type":"EntryPoint","urlTemplate":"https:\/\/asteralabs.org\/cs\/?s={search_term_string}"},"query-input":"required name=search_term_string"}],"inLanguage":"cs"},{"@type":"Organization","@id":"https:\/\/asteralabs.org\/cs\/#organization","name":"Astera Labs","url":"https:\/\/asteralabs.org\/cs\/","logo":{"@type":"ImageObject","inLanguage":"cs","@id":"https:\/\/asteralabs.org\/cs\/#\/schema\/logo\/image\/","url":"https:\/\/asteralabs.org\/wp-content\/uploads\/2022\/12\/astera-2.png","contentUrl":"https:\/\/asteralabs.org\/wp-content\/uploads\/2022\/12\/astera-2.png","width":437,"height":111,"caption":"Astera Labs"},"image":{"@id":"https:\/\/asteralabs.org\/cs\/#\/schema\/logo\/image\/"}}]}},"_links":{"self":[{"href":"https:\/\/asteralabs.org\/cs\/wp-json\/wp\/v2\/product\/77955"}],"collection":[{"href":"https:\/\/asteralabs.org\/cs\/wp-json\/wp\/v2\/product"}],"about":[{"href":"https:\/\/asteralabs.org\/cs\/wp-json\/wp\/v2\/types\/product"}],"replies":[{"embeddable":true,"href":"https:\/\/asteralabs.org\/cs\/wp-json\/wp\/v2\/comments?post=77955"}],"version-history":[{"count":0,"href":"https:\/\/asteralabs.org\/cs\/wp-json\/wp\/v2\/product\/77955\/revisions"}],"wp:featuredmedia":[{"embeddable":true,"href":"https:\/\/asteralabs.org\/cs\/wp-json\/wp\/v2\/media\/75047"}],"wp:attachment":[{"href":"https:\/\/asteralabs.org\/cs\/wp-json\/wp\/v2\/media?parent=77955"}],"wp:term":[{"taxonomy":"product_cat","embeddable":true,"href":"https:\/\/asteralabs.org\/cs\/wp-json\/wp\/v2\/product_cat?post=77955"},{"taxonomy":"product_tag","embeddable":true,"href":"https:\/\/asteralabs.org\/cs\/wp-json\/wp\/v2\/product_tag?post=77955"}],"curies":[{"name":"wp","href":"https:\/\/api.w.org\/{rel}","templated":true}]}}