{"id":77962,"date":"2022-11-05T22:22:28","date_gmt":"2022-11-05T22:22:28","guid":{"rendered":"https:\/\/asteralabs.org\/product\/dlouhodobe-pusobici-smes\/"},"modified":"2026-01-15T13:07:19","modified_gmt":"2026-01-15T13:07:19","slug":"dlouhodobe-pusobici-smes","status":"publish","type":"product","link":"https:\/\/asteralabs.org\/cs\/product\/dlouhodobe-pusobici-smes\/","title":{"rendered":"Dlouhodob\u011b p\u016fsob\u00edc\u00ed sm\u011bs"},"content":{"rendered":"<p><strong>D\u00c1VKOV\u00c1N\u00cd:<\/strong><br \/>\nDrostanolone Enanthate 200mg<br \/>\nTestosterone Enanthate 200mg<br \/>\nTrenbolone Enanthate 100mg <strong>OBSAH BALEN\u00cd:<\/strong><br \/>\n1 x 10ML lahvi\u010dka, 200\/200\/100 mg na ml <strong>CO TO JE:<\/strong><br \/>\nTento produkt je kompletn\u00ed \u0159ezac\u00ed cyklus v lahvi\u010dce, obsahuje testosteron, masteron a trenbolon. <strong>JAK POU\u017d\u00cdVAT<\/strong><br \/>\nD\u00e1vkov\u00e1n\u00ed z\u00e1vis\u00ed na u\u017eivateli a jeho c\u00edlech, v\u011bt\u0161in\u011b u\u017eivatel\u016f by sta\u010dily 2 ml t\u00fddn\u011b. Proto\u017ee se jedn\u00e1 o kombinaci dlouh\u00fdch ester\u016f, doporu\u010dujeme injek\u010dn\u00ed aplikaci EOD nebo E3D.<\/p>\n<p><strong>Informace o \u0161ar\u017ei:<br \/>\n<\/strong>\u010c\u00edslo \u0161ar\u017ee: <span data-sheets-root=\"1\" data-sheets-value=\"{\" data-sheets-userformat=\"{\">FV52830<\/span><br \/>\nDatum v\u00fdroby: <span data-sheets-root=\"1\" data-sheets-value=\"{\" data-sheets-userformat=\"{\">10.2025.<\/span><br \/>\nDatum exspirace: <span data-sheets-root=\"1\" data-sheets-value=\"{\" data-sheets-userformat=\"{\">10.2028.<\/span><\/p>\n","protected":false},"excerpt":{"rendered":"<p>D\u00c1VKOV\u00c1N\u00cd: Drostanolone Enanthate 200mg Testosterone Enanthate 200mg Trenbolone Enanthate 100mg OBSAH BALEN\u00cd: 1 x 10ML lahvi\u010dka, 200\/200\/100 mg na ml CO TO JE: Tento produkt je kompletn\u00ed \u0159ezac\u00ed cyklus v lahvi\u010dce, obsahuje testosteron, masteron a trenbolon. JAK POU\u017d\u00cdVAT D\u00e1vkov\u00e1n\u00ed z\u00e1vis\u00ed na u\u017eivateli a jeho c\u00edlech, v\u011bt\u0161in\u011b u\u017eivatel\u016f by sta\u010dily 2 ml t\u00fddn\u011b. Proto\u017ee se jedn\u00e1&hellip;<\/p>\n","protected":false},"featured_media":76015,"comment_status":"open","ping_status":"closed","template":"","meta":[],"product_cat":[153,152],"product_tag":[],"yoast_head":"<!-- This site is optimized with the Yoast SEO plugin v23.0 - https:\/\/yoast.com\/wordpress\/plugins\/seo\/ -->\n<title>Dlouhodob\u011b p\u016fsob\u00edc\u00ed sm\u011bs - Astera Labs<\/title>\n<meta name=\"robots\" content=\"index, follow, max-snippet:-1, max-image-preview:large, max-video-preview:-1\" \/>\n<link rel=\"canonical\" href=\"https:\/\/asteralabs.org\/cs\/product\/dlouhodobe-pusobici-smes\/\" \/>\n<meta property=\"og:locale\" content=\"cs_CZ\" \/>\n<meta property=\"og:type\" content=\"article\" \/>\n<meta property=\"og:title\" content=\"Dlouhodob\u011b p\u016fsob\u00edc\u00ed sm\u011bs - Astera Labs\" \/>\n<meta property=\"og:description\" content=\"D\u00c1VKOV\u00c1N\u00cd: Drostanolone Enanthate 200mg Testosterone Enanthate 200mg Trenbolone Enanthate 100mg OBSAH BALEN\u00cd: 1 x 10ML lahvi\u010dka, 200\/200\/100 mg na ml CO TO JE: Tento produkt je kompletn\u00ed \u0159ezac\u00ed cyklus v lahvi\u010dce, obsahuje testosteron, masteron a trenbolon. JAK POU\u017d\u00cdVAT D\u00e1vkov\u00e1n\u00ed z\u00e1vis\u00ed na u\u017eivateli a jeho c\u00edlech, v\u011bt\u0161in\u011b u\u017eivatel\u016f by sta\u010dily 2 ml t\u00fddn\u011b. Proto\u017ee se jedn\u00e1&hellip;\" \/>\n<meta property=\"og:url\" content=\"https:\/\/asteralabs.org\/cs\/product\/dlouhodobe-pusobici-smes\/\" \/>\n<meta property=\"og:site_name\" content=\"Astera Labs\" \/>\n<meta property=\"article:modified_time\" content=\"2026-01-15T13:07:19+00:00\" \/>\n<meta property=\"og:image\" content=\"https:\/\/asteralabs.org\/wp-content\/uploads\/2022\/11\/Long-acting-mix-inject-nbg.png\" \/>\n\t<meta property=\"og:image:width\" content=\"2000\" \/>\n\t<meta property=\"og:image:height\" content=\"2000\" \/>\n\t<meta property=\"og:image:type\" content=\"image\/png\" \/>\n<meta name=\"twitter:card\" content=\"summary_large_image\" \/>\n<script type=\"application\/ld+json\" class=\"yoast-schema-graph\">{\"@context\":\"https:\/\/schema.org\",\"@graph\":[{\"@type\":\"WebPage\",\"@id\":\"https:\/\/asteralabs.org\/cs\/product\/dlouhodobe-pusobici-smes\/\",\"url\":\"https:\/\/asteralabs.org\/cs\/product\/dlouhodobe-pusobici-smes\/\",\"name\":\"Dlouhodob\u011b p\u016fsob\u00edc\u00ed sm\u011bs - Astera Labs\",\"isPartOf\":{\"@id\":\"https:\/\/asteralabs.org\/cs\/#website\"},\"primaryImageOfPage\":{\"@id\":\"https:\/\/asteralabs.org\/cs\/product\/dlouhodobe-pusobici-smes\/#primaryimage\"},\"image\":{\"@id\":\"https:\/\/asteralabs.org\/cs\/product\/dlouhodobe-pusobici-smes\/#primaryimage\"},\"thumbnailUrl\":\"https:\/\/asteralabs.org\/wp-content\/uploads\/2022\/11\/Long-acting-mix-inject-nbg.png\",\"datePublished\":\"2022-11-05T22:22:28+00:00\",\"dateModified\":\"2026-01-15T13:07:19+00:00\",\"breadcrumb\":{\"@id\":\"https:\/\/asteralabs.org\/cs\/product\/dlouhodobe-pusobici-smes\/#breadcrumb\"},\"inLanguage\":\"cs\",\"potentialAction\":[{\"@type\":\"ReadAction\",\"target\":[\"https:\/\/asteralabs.org\/cs\/product\/dlouhodobe-pusobici-smes\/\"]}]},{\"@type\":\"ImageObject\",\"inLanguage\":\"cs\",\"@id\":\"https:\/\/asteralabs.org\/cs\/product\/dlouhodobe-pusobici-smes\/#primaryimage\",\"url\":\"https:\/\/asteralabs.org\/wp-content\/uploads\/2022\/11\/Long-acting-mix-inject-nbg.png\",\"contentUrl\":\"https:\/\/asteralabs.org\/wp-content\/uploads\/2022\/11\/Long-acting-mix-inject-nbg.png\",\"width\":2000,\"height\":2000},{\"@type\":\"BreadcrumbList\",\"@id\":\"https:\/\/asteralabs.org\/cs\/product\/dlouhodobe-pusobici-smes\/#breadcrumb\",\"itemListElement\":[{\"@type\":\"ListItem\",\"position\":1,\"name\":\"Home\",\"item\":\"https:\/\/asteralabs.org\/cs\/\"},{\"@type\":\"ListItem\",\"position\":2,\"name\":\"Obchod\",\"item\":\"https:\/\/asteralabs.org\/obchod\/\"},{\"@type\":\"ListItem\",\"position\":3,\"name\":\"Dlouhodob\u011b p\u016fsob\u00edc\u00ed sm\u011bs\"}]},{\"@type\":\"WebSite\",\"@id\":\"https:\/\/asteralabs.org\/cs\/#website\",\"url\":\"https:\/\/asteralabs.org\/cs\/\",\"name\":\"Astera Labs\",\"description\":\"Improve Your Quality Of Life\",\"publisher\":{\"@id\":\"https:\/\/asteralabs.org\/cs\/#organization\"},\"potentialAction\":[{\"@type\":\"SearchAction\",\"target\":{\"@type\":\"EntryPoint\",\"urlTemplate\":\"https:\/\/asteralabs.org\/cs\/?s={search_term_string}\"},\"query-input\":\"required name=search_term_string\"}],\"inLanguage\":\"cs\"},{\"@type\":\"Organization\",\"@id\":\"https:\/\/asteralabs.org\/cs\/#organization\",\"name\":\"Astera Labs\",\"url\":\"https:\/\/asteralabs.org\/cs\/\",\"logo\":{\"@type\":\"ImageObject\",\"inLanguage\":\"cs\",\"@id\":\"https:\/\/asteralabs.org\/cs\/#\/schema\/logo\/image\/\",\"url\":\"https:\/\/asteralabs.org\/wp-content\/uploads\/2022\/12\/astera-2.png\",\"contentUrl\":\"https:\/\/asteralabs.org\/wp-content\/uploads\/2022\/12\/astera-2.png\",\"width\":437,\"height\":111,\"caption\":\"Astera Labs\"},\"image\":{\"@id\":\"https:\/\/asteralabs.org\/cs\/#\/schema\/logo\/image\/\"}}]}<\/script>\n<!-- \/ Yoast SEO plugin. -->","yoast_head_json":{"title":"Dlouhodob\u011b p\u016fsob\u00edc\u00ed sm\u011bs - Astera Labs","robots":{"index":"index","follow":"follow","max-snippet":"max-snippet:-1","max-image-preview":"max-image-preview:large","max-video-preview":"max-video-preview:-1"},"canonical":"https:\/\/asteralabs.org\/cs\/product\/dlouhodobe-pusobici-smes\/","og_locale":"cs_CZ","og_type":"article","og_title":"Dlouhodob\u011b p\u016fsob\u00edc\u00ed sm\u011bs - Astera Labs","og_description":"D\u00c1VKOV\u00c1N\u00cd: Drostanolone Enanthate 200mg Testosterone Enanthate 200mg Trenbolone Enanthate 100mg OBSAH BALEN\u00cd: 1 x 10ML lahvi\u010dka, 200\/200\/100 mg na ml CO TO JE: Tento produkt je kompletn\u00ed \u0159ezac\u00ed cyklus v lahvi\u010dce, obsahuje testosteron, masteron a trenbolon. JAK POU\u017d\u00cdVAT D\u00e1vkov\u00e1n\u00ed z\u00e1vis\u00ed na u\u017eivateli a jeho c\u00edlech, v\u011bt\u0161in\u011b u\u017eivatel\u016f by sta\u010dily 2 ml t\u00fddn\u011b. Proto\u017ee se jedn\u00e1&hellip;","og_url":"https:\/\/asteralabs.org\/cs\/product\/dlouhodobe-pusobici-smes\/","og_site_name":"Astera Labs","article_modified_time":"2026-01-15T13:07:19+00:00","og_image":[{"width":2000,"height":2000,"url":"https:\/\/asteralabs.org\/wp-content\/uploads\/2022\/11\/Long-acting-mix-inject-nbg.png","type":"image\/png"}],"twitter_card":"summary_large_image","schema":{"@context":"https:\/\/schema.org","@graph":[{"@type":"WebPage","@id":"https:\/\/asteralabs.org\/cs\/product\/dlouhodobe-pusobici-smes\/","url":"https:\/\/asteralabs.org\/cs\/product\/dlouhodobe-pusobici-smes\/","name":"Dlouhodob\u011b p\u016fsob\u00edc\u00ed sm\u011bs - Astera Labs","isPartOf":{"@id":"https:\/\/asteralabs.org\/cs\/#website"},"primaryImageOfPage":{"@id":"https:\/\/asteralabs.org\/cs\/product\/dlouhodobe-pusobici-smes\/#primaryimage"},"image":{"@id":"https:\/\/asteralabs.org\/cs\/product\/dlouhodobe-pusobici-smes\/#primaryimage"},"thumbnailUrl":"https:\/\/asteralabs.org\/wp-content\/uploads\/2022\/11\/Long-acting-mix-inject-nbg.png","datePublished":"2022-11-05T22:22:28+00:00","dateModified":"2026-01-15T13:07:19+00:00","breadcrumb":{"@id":"https:\/\/asteralabs.org\/cs\/product\/dlouhodobe-pusobici-smes\/#breadcrumb"},"inLanguage":"cs","potentialAction":[{"@type":"ReadAction","target":["https:\/\/asteralabs.org\/cs\/product\/dlouhodobe-pusobici-smes\/"]}]},{"@type":"ImageObject","inLanguage":"cs","@id":"https:\/\/asteralabs.org\/cs\/product\/dlouhodobe-pusobici-smes\/#primaryimage","url":"https:\/\/asteralabs.org\/wp-content\/uploads\/2022\/11\/Long-acting-mix-inject-nbg.png","contentUrl":"https:\/\/asteralabs.org\/wp-content\/uploads\/2022\/11\/Long-acting-mix-inject-nbg.png","width":2000,"height":2000},{"@type":"BreadcrumbList","@id":"https:\/\/asteralabs.org\/cs\/product\/dlouhodobe-pusobici-smes\/#breadcrumb","itemListElement":[{"@type":"ListItem","position":1,"name":"Home","item":"https:\/\/asteralabs.org\/cs\/"},{"@type":"ListItem","position":2,"name":"Obchod","item":"https:\/\/asteralabs.org\/obchod\/"},{"@type":"ListItem","position":3,"name":"Dlouhodob\u011b p\u016fsob\u00edc\u00ed sm\u011bs"}]},{"@type":"WebSite","@id":"https:\/\/asteralabs.org\/cs\/#website","url":"https:\/\/asteralabs.org\/cs\/","name":"Astera Labs","description":"Improve Your Quality Of Life","publisher":{"@id":"https:\/\/asteralabs.org\/cs\/#organization"},"potentialAction":[{"@type":"SearchAction","target":{"@type":"EntryPoint","urlTemplate":"https:\/\/asteralabs.org\/cs\/?s={search_term_string}"},"query-input":"required name=search_term_string"}],"inLanguage":"cs"},{"@type":"Organization","@id":"https:\/\/asteralabs.org\/cs\/#organization","name":"Astera Labs","url":"https:\/\/asteralabs.org\/cs\/","logo":{"@type":"ImageObject","inLanguage":"cs","@id":"https:\/\/asteralabs.org\/cs\/#\/schema\/logo\/image\/","url":"https:\/\/asteralabs.org\/wp-content\/uploads\/2022\/12\/astera-2.png","contentUrl":"https:\/\/asteralabs.org\/wp-content\/uploads\/2022\/12\/astera-2.png","width":437,"height":111,"caption":"Astera Labs"},"image":{"@id":"https:\/\/asteralabs.org\/cs\/#\/schema\/logo\/image\/"}}]}},"_links":{"self":[{"href":"https:\/\/asteralabs.org\/cs\/wp-json\/wp\/v2\/product\/77962"}],"collection":[{"href":"https:\/\/asteralabs.org\/cs\/wp-json\/wp\/v2\/product"}],"about":[{"href":"https:\/\/asteralabs.org\/cs\/wp-json\/wp\/v2\/types\/product"}],"replies":[{"embeddable":true,"href":"https:\/\/asteralabs.org\/cs\/wp-json\/wp\/v2\/comments?post=77962"}],"version-history":[{"count":0,"href":"https:\/\/asteralabs.org\/cs\/wp-json\/wp\/v2\/product\/77962\/revisions"}],"wp:featuredmedia":[{"embeddable":true,"href":"https:\/\/asteralabs.org\/cs\/wp-json\/wp\/v2\/media\/76015"}],"wp:attachment":[{"href":"https:\/\/asteralabs.org\/cs\/wp-json\/wp\/v2\/media?parent=77962"}],"wp:term":[{"taxonomy":"product_cat","embeddable":true,"href":"https:\/\/asteralabs.org\/cs\/wp-json\/wp\/v2\/product_cat?post=77962"},{"taxonomy":"product_tag","embeddable":true,"href":"https:\/\/asteralabs.org\/cs\/wp-json\/wp\/v2\/product_tag?post=77962"}],"curies":[{"name":"wp","href":"https:\/\/api.w.org\/{rel}","templated":true}]}}