{"id":77990,"date":"2022-11-05T22:06:45","date_gmt":"2022-11-05T22:06:45","guid":{"rendered":"https:\/\/asteralabs.org\/product\/stenbolon-acetat\/"},"modified":"2026-01-15T10:49:56","modified_gmt":"2026-01-15T10:49:56","slug":"stenbolon-acetat","status":"publish","type":"product","link":"https:\/\/asteralabs.org\/cs\/product\/stenbolon-acetat\/","title":{"rendered":"Stenbolon acet\u00e1t"},"content":{"rendered":"<p><strong>D\u00c1VKOV\u00c1N\u00cd:<\/strong><br \/>\nStenbolone Acetate 100mg\/ml <strong>OBSAH BALEN\u00cd:<\/strong><br \/>\n1 x 10ML lahvi\u010dka, 100 mg na ml <strong>CO JE TO:<\/strong><br \/>\nJe syntetick\u00fd, injek\u010dn\u011b pod\u00e1van\u00fd anabolick\u00fd-androgenn\u00ed steroid a deriv\u00e1t dihydrotestosteronu. Jedn\u00e1 se o steroid, kter\u00fd je dosti podobn\u00fd masteronu a v minul\u00fdch desetilet\u00edch byl velmi popul\u00e1rn\u00ed. <strong>JAK SE POU\u017d\u00cdV\u00c1:<\/strong><br \/>\nD\u00e1vky se pohybuj\u00ed od 300 mg do 800 mg t\u00fddn\u011b. Proto\u017ee m\u00e1 kr\u00e1tk\u00fd ester, doporu\u010dujeme jej aplikovat ED nebo EOD. <strong>INFORMACE O \u0160AR\u017dI:<br \/>\n<\/strong>\u010c\u00edslo \u0161ar\u017ee: <span data-sheets-root=\"1\" data-sheets-value=\"{\" data-sheets-userformat=\"{\">FE70779<\/span><br \/>\nDatum v\u00fdroby: <span data-sheets-root=\"1\" data-sheets-value=\"{\" data-sheets-userformat=\"{\">10.2025.<\/span><br \/>\nDatum exspirace: <span data-sheets-root=\"1\" data-sheets-value=\"{\" data-sheets-userformat=\"{\">10.2028.<\/span><\/p>\n","protected":false},"excerpt":{"rendered":"<p>D\u00c1VKOV\u00c1N\u00cd: Stenbolone Acetate 100mg\/ml OBSAH BALEN\u00cd: 1 x 10ML lahvi\u010dka, 100 mg na ml CO JE TO: Je syntetick\u00fd, injek\u010dn\u011b pod\u00e1van\u00fd anabolick\u00fd-androgenn\u00ed steroid a deriv\u00e1t dihydrotestosteronu. Jedn\u00e1 se o steroid, kter\u00fd je dosti podobn\u00fd masteronu a v minul\u00fdch desetilet\u00edch byl velmi popul\u00e1rn\u00ed. JAK SE POU\u017d\u00cdV\u00c1: D\u00e1vky se pohybuj\u00ed od 300 mg do 800 mg t\u00fddn\u011b.&hellip;<\/p>\n","protected":false},"featured_media":75215,"comment_status":"open","ping_status":"closed","template":"","meta":[],"product_cat":[153,152],"product_tag":[157],"yoast_head":"<!-- This site is optimized with the Yoast SEO plugin v23.0 - https:\/\/yoast.com\/wordpress\/plugins\/seo\/ -->\n<title>Stenbolon acet\u00e1t - Astera Labs<\/title>\n<meta name=\"robots\" content=\"index, follow, max-snippet:-1, max-image-preview:large, max-video-preview:-1\" \/>\n<link rel=\"canonical\" href=\"https:\/\/asteralabs.org\/cs\/product\/stenbolon-acetat\/\" \/>\n<meta property=\"og:locale\" content=\"cs_CZ\" \/>\n<meta property=\"og:type\" content=\"article\" \/>\n<meta property=\"og:title\" content=\"Stenbolon acet\u00e1t - Astera Labs\" \/>\n<meta property=\"og:description\" content=\"D\u00c1VKOV\u00c1N\u00cd: Stenbolone Acetate 100mg\/ml OBSAH BALEN\u00cd: 1 x 10ML lahvi\u010dka, 100 mg na ml CO JE TO: Je syntetick\u00fd, injek\u010dn\u011b pod\u00e1van\u00fd anabolick\u00fd-androgenn\u00ed steroid a deriv\u00e1t dihydrotestosteronu. Jedn\u00e1 se o steroid, kter\u00fd je dosti podobn\u00fd masteronu a v minul\u00fdch desetilet\u00edch byl velmi popul\u00e1rn\u00ed. JAK SE POU\u017d\u00cdV\u00c1: D\u00e1vky se pohybuj\u00ed od 300 mg do 800 mg t\u00fddn\u011b.&hellip;\" \/>\n<meta property=\"og:url\" content=\"https:\/\/asteralabs.org\/cs\/product\/stenbolon-acetat\/\" \/>\n<meta property=\"og:site_name\" content=\"Astera Labs\" \/>\n<meta property=\"article:modified_time\" content=\"2026-01-15T10:49:56+00:00\" \/>\n<meta property=\"og:image\" content=\"https:\/\/asteralabs.org\/wp-content\/uploads\/2022\/11\/10-1.png\" \/>\n\t<meta property=\"og:image:width\" content=\"2000\" \/>\n\t<meta property=\"og:image:height\" content=\"2000\" \/>\n\t<meta property=\"og:image:type\" content=\"image\/png\" \/>\n<meta name=\"twitter:card\" content=\"summary_large_image\" \/>\n<script type=\"application\/ld+json\" class=\"yoast-schema-graph\">{\"@context\":\"https:\/\/schema.org\",\"@graph\":[{\"@type\":\"WebPage\",\"@id\":\"https:\/\/asteralabs.org\/cs\/product\/stenbolon-acetat\/\",\"url\":\"https:\/\/asteralabs.org\/cs\/product\/stenbolon-acetat\/\",\"name\":\"Stenbolon acet\u00e1t - Astera Labs\",\"isPartOf\":{\"@id\":\"https:\/\/asteralabs.org\/cs\/#website\"},\"primaryImageOfPage\":{\"@id\":\"https:\/\/asteralabs.org\/cs\/product\/stenbolon-acetat\/#primaryimage\"},\"image\":{\"@id\":\"https:\/\/asteralabs.org\/cs\/product\/stenbolon-acetat\/#primaryimage\"},\"thumbnailUrl\":\"https:\/\/asteralabs.org\/wp-content\/uploads\/2022\/11\/10-1.png\",\"datePublished\":\"2022-11-05T22:06:45+00:00\",\"dateModified\":\"2026-01-15T10:49:56+00:00\",\"breadcrumb\":{\"@id\":\"https:\/\/asteralabs.org\/cs\/product\/stenbolon-acetat\/#breadcrumb\"},\"inLanguage\":\"cs\",\"potentialAction\":[{\"@type\":\"ReadAction\",\"target\":[\"https:\/\/asteralabs.org\/cs\/product\/stenbolon-acetat\/\"]}]},{\"@type\":\"ImageObject\",\"inLanguage\":\"cs\",\"@id\":\"https:\/\/asteralabs.org\/cs\/product\/stenbolon-acetat\/#primaryimage\",\"url\":\"https:\/\/asteralabs.org\/wp-content\/uploads\/2022\/11\/10-1.png\",\"contentUrl\":\"https:\/\/asteralabs.org\/wp-content\/uploads\/2022\/11\/10-1.png\",\"width\":2000,\"height\":2000},{\"@type\":\"BreadcrumbList\",\"@id\":\"https:\/\/asteralabs.org\/cs\/product\/stenbolon-acetat\/#breadcrumb\",\"itemListElement\":[{\"@type\":\"ListItem\",\"position\":1,\"name\":\"Home\",\"item\":\"https:\/\/asteralabs.org\/cs\/\"},{\"@type\":\"ListItem\",\"position\":2,\"name\":\"Obchod\",\"item\":\"https:\/\/asteralabs.org\/obchod\/\"},{\"@type\":\"ListItem\",\"position\":3,\"name\":\"Stenbolon acet\u00e1t\"}]},{\"@type\":\"WebSite\",\"@id\":\"https:\/\/asteralabs.org\/cs\/#website\",\"url\":\"https:\/\/asteralabs.org\/cs\/\",\"name\":\"Astera Labs\",\"description\":\"Improve Your Quality Of Life\",\"publisher\":{\"@id\":\"https:\/\/asteralabs.org\/cs\/#organization\"},\"potentialAction\":[{\"@type\":\"SearchAction\",\"target\":{\"@type\":\"EntryPoint\",\"urlTemplate\":\"https:\/\/asteralabs.org\/cs\/?s={search_term_string}\"},\"query-input\":\"required name=search_term_string\"}],\"inLanguage\":\"cs\"},{\"@type\":\"Organization\",\"@id\":\"https:\/\/asteralabs.org\/cs\/#organization\",\"name\":\"Astera Labs\",\"url\":\"https:\/\/asteralabs.org\/cs\/\",\"logo\":{\"@type\":\"ImageObject\",\"inLanguage\":\"cs\",\"@id\":\"https:\/\/asteralabs.org\/cs\/#\/schema\/logo\/image\/\",\"url\":\"https:\/\/asteralabs.org\/wp-content\/uploads\/2022\/12\/astera-2.png\",\"contentUrl\":\"https:\/\/asteralabs.org\/wp-content\/uploads\/2022\/12\/astera-2.png\",\"width\":437,\"height\":111,\"caption\":\"Astera Labs\"},\"image\":{\"@id\":\"https:\/\/asteralabs.org\/cs\/#\/schema\/logo\/image\/\"}}]}<\/script>\n<!-- \/ Yoast SEO plugin. -->","yoast_head_json":{"title":"Stenbolon acet\u00e1t - Astera Labs","robots":{"index":"index","follow":"follow","max-snippet":"max-snippet:-1","max-image-preview":"max-image-preview:large","max-video-preview":"max-video-preview:-1"},"canonical":"https:\/\/asteralabs.org\/cs\/product\/stenbolon-acetat\/","og_locale":"cs_CZ","og_type":"article","og_title":"Stenbolon acet\u00e1t - Astera Labs","og_description":"D\u00c1VKOV\u00c1N\u00cd: Stenbolone Acetate 100mg\/ml OBSAH BALEN\u00cd: 1 x 10ML lahvi\u010dka, 100 mg na ml CO JE TO: Je syntetick\u00fd, injek\u010dn\u011b pod\u00e1van\u00fd anabolick\u00fd-androgenn\u00ed steroid a deriv\u00e1t dihydrotestosteronu. Jedn\u00e1 se o steroid, kter\u00fd je dosti podobn\u00fd masteronu a v minul\u00fdch desetilet\u00edch byl velmi popul\u00e1rn\u00ed. JAK SE POU\u017d\u00cdV\u00c1: D\u00e1vky se pohybuj\u00ed od 300 mg do 800 mg t\u00fddn\u011b.&hellip;","og_url":"https:\/\/asteralabs.org\/cs\/product\/stenbolon-acetat\/","og_site_name":"Astera Labs","article_modified_time":"2026-01-15T10:49:56+00:00","og_image":[{"width":2000,"height":2000,"url":"https:\/\/asteralabs.org\/wp-content\/uploads\/2022\/11\/10-1.png","type":"image\/png"}],"twitter_card":"summary_large_image","schema":{"@context":"https:\/\/schema.org","@graph":[{"@type":"WebPage","@id":"https:\/\/asteralabs.org\/cs\/product\/stenbolon-acetat\/","url":"https:\/\/asteralabs.org\/cs\/product\/stenbolon-acetat\/","name":"Stenbolon acet\u00e1t - Astera Labs","isPartOf":{"@id":"https:\/\/asteralabs.org\/cs\/#website"},"primaryImageOfPage":{"@id":"https:\/\/asteralabs.org\/cs\/product\/stenbolon-acetat\/#primaryimage"},"image":{"@id":"https:\/\/asteralabs.org\/cs\/product\/stenbolon-acetat\/#primaryimage"},"thumbnailUrl":"https:\/\/asteralabs.org\/wp-content\/uploads\/2022\/11\/10-1.png","datePublished":"2022-11-05T22:06:45+00:00","dateModified":"2026-01-15T10:49:56+00:00","breadcrumb":{"@id":"https:\/\/asteralabs.org\/cs\/product\/stenbolon-acetat\/#breadcrumb"},"inLanguage":"cs","potentialAction":[{"@type":"ReadAction","target":["https:\/\/asteralabs.org\/cs\/product\/stenbolon-acetat\/"]}]},{"@type":"ImageObject","inLanguage":"cs","@id":"https:\/\/asteralabs.org\/cs\/product\/stenbolon-acetat\/#primaryimage","url":"https:\/\/asteralabs.org\/wp-content\/uploads\/2022\/11\/10-1.png","contentUrl":"https:\/\/asteralabs.org\/wp-content\/uploads\/2022\/11\/10-1.png","width":2000,"height":2000},{"@type":"BreadcrumbList","@id":"https:\/\/asteralabs.org\/cs\/product\/stenbolon-acetat\/#breadcrumb","itemListElement":[{"@type":"ListItem","position":1,"name":"Home","item":"https:\/\/asteralabs.org\/cs\/"},{"@type":"ListItem","position":2,"name":"Obchod","item":"https:\/\/asteralabs.org\/obchod\/"},{"@type":"ListItem","position":3,"name":"Stenbolon acet\u00e1t"}]},{"@type":"WebSite","@id":"https:\/\/asteralabs.org\/cs\/#website","url":"https:\/\/asteralabs.org\/cs\/","name":"Astera Labs","description":"Improve Your Quality Of Life","publisher":{"@id":"https:\/\/asteralabs.org\/cs\/#organization"},"potentialAction":[{"@type":"SearchAction","target":{"@type":"EntryPoint","urlTemplate":"https:\/\/asteralabs.org\/cs\/?s={search_term_string}"},"query-input":"required name=search_term_string"}],"inLanguage":"cs"},{"@type":"Organization","@id":"https:\/\/asteralabs.org\/cs\/#organization","name":"Astera Labs","url":"https:\/\/asteralabs.org\/cs\/","logo":{"@type":"ImageObject","inLanguage":"cs","@id":"https:\/\/asteralabs.org\/cs\/#\/schema\/logo\/image\/","url":"https:\/\/asteralabs.org\/wp-content\/uploads\/2022\/12\/astera-2.png","contentUrl":"https:\/\/asteralabs.org\/wp-content\/uploads\/2022\/12\/astera-2.png","width":437,"height":111,"caption":"Astera Labs"},"image":{"@id":"https:\/\/asteralabs.org\/cs\/#\/schema\/logo\/image\/"}}]}},"_links":{"self":[{"href":"https:\/\/asteralabs.org\/cs\/wp-json\/wp\/v2\/product\/77990"}],"collection":[{"href":"https:\/\/asteralabs.org\/cs\/wp-json\/wp\/v2\/product"}],"about":[{"href":"https:\/\/asteralabs.org\/cs\/wp-json\/wp\/v2\/types\/product"}],"replies":[{"embeddable":true,"href":"https:\/\/asteralabs.org\/cs\/wp-json\/wp\/v2\/comments?post=77990"}],"version-history":[{"count":0,"href":"https:\/\/asteralabs.org\/cs\/wp-json\/wp\/v2\/product\/77990\/revisions"}],"wp:featuredmedia":[{"embeddable":true,"href":"https:\/\/asteralabs.org\/cs\/wp-json\/wp\/v2\/media\/75215"}],"wp:attachment":[{"href":"https:\/\/asteralabs.org\/cs\/wp-json\/wp\/v2\/media?parent=77990"}],"wp:term":[{"taxonomy":"product_cat","embeddable":true,"href":"https:\/\/asteralabs.org\/cs\/wp-json\/wp\/v2\/product_cat?post=77990"},{"taxonomy":"product_tag","embeddable":true,"href":"https:\/\/asteralabs.org\/cs\/wp-json\/wp\/v2\/product_tag?post=77990"}],"curies":[{"name":"wp","href":"https:\/\/api.w.org\/{rel}","templated":true}]}}