{"id":77998,"date":"2022-11-05T21:50:47","date_gmt":"2022-11-05T21:50:47","guid":{"rendered":"https:\/\/asteralabs.org\/product\/sustanon-500mg\/"},"modified":"2026-01-15T13:54:52","modified_gmt":"2026-01-15T13:54:52","slug":"sustanon-500mg","status":"publish","type":"product","link":"https:\/\/asteralabs.org\/cs\/product\/sustanon-500mg\/","title":{"rendered":"Sustanon 500mg"},"content":{"rendered":"<p><strong>D\u00c1VKOV\u00c1N\u00cd:<\/strong><br \/>\nTestosteron dekano\u00e1t 200 mg\/ml<br \/>\nTestosteron isokapro\u00e1t 120 mg\/ml<br \/>\nTestosteron fenylpropion\u00e1t 120 mg\/ml<br \/>\nTestosteron propion\u00e1t 60 mg\/ml <strong>OBSAH BALEN\u00cd: <\/strong><br \/>\n1 x 10ML lahvi\u010dka, 500 mg v ml <strong>CO JE TO: <\/strong><br \/>\nJedn\u00e1 se o kombinaci r\u016fzn\u00fdch ester\u016f testosteronu. P\u0159esto\u017ee je jeho koncentrace pom\u011brn\u011b vysok\u00e1, kombinace r\u016fzn\u00fdch ester\u016f zp\u016fsobuje, \u017ee je stupe\u0148 jeho tolerance velmi vysok\u00fd. P\u0159esto\u017ee m\u00e1 n\u011bkolik dlouh\u00fdch ester\u016f, kter\u00e9 udr\u017euj\u00ed stabiln\u00ed hladinu v krvi po dlouhou dobu, proto\u017ee m\u00e1 tak\u00e9 n\u011bkolik kr\u00e1tk\u00fdch ester\u016f, doporu\u010duje se pou\u017e\u00edt injek\u010dn\u00ed protokol zalo\u017een\u00fd na polo\u010dasu rozpadu p\u0159\u00edpravku. <strong>JAK SE POU\u017d\u00cdV\u00c1: <\/strong><br \/>\nJeliko\u017e se jedn\u00e1 o produkt na b\u00e1zi testosteronu, m\u016f\u017ee m\u00edt r\u016fzn\u00e9 vyu\u017eit\u00ed, m\u016f\u017ee b\u00fdt pou\u017eit jako TRT, m\u016f\u017ee b\u00fdt pou\u017eit jako jednor\u00e1zov\u00fd cyklus nebo m\u016f\u017ee slou\u017eit jako z\u00e1klad cyklu s r\u016fzn\u00fdmi l\u00e1tkami. D\u00e1vka k pou\u017eit\u00ed se m\u016f\u017ee li\u0161it v z\u00e1vislosti na \u00fa\u010delu, d\u00e1vky od 100 mg do 1000 mg t\u00fddn\u011b jsou n\u011bco, co je docela b\u011b\u017en\u00e9.<\/p>\n<p><strong>Informace o \u0161ar\u017ei:<br \/>\n<\/strong>\u010c\u00edslo \u0161ar\u017ee: <span data-sheets-root=\"1\" data-sheets-value=\"{\" data-sheets-userformat=\"{\">VG29267<\/span><br \/>\nDatum v\u00fdroby: <span data-sheets-root=\"1\" data-sheets-value=\"{\" data-sheets-userformat=\"{\">10.2025.<\/span><br \/>\nDatum exspirace: <span data-sheets-root=\"1\" data-sheets-value=\"{\" data-sheets-userformat=\"{\">10.2028.<\/span><\/p>\n","protected":false},"excerpt":{"rendered":"<p>D\u00c1VKOV\u00c1N\u00cd: Testosteron dekano\u00e1t 200 mg\/ml Testosteron isokapro\u00e1t 120 mg\/ml Testosteron fenylpropion\u00e1t 120 mg\/ml Testosteron propion\u00e1t 60 mg\/ml OBSAH BALEN\u00cd: 1 x 10ML lahvi\u010dka, 500 mg v ml CO JE TO: Jedn\u00e1 se o kombinaci r\u016fzn\u00fdch ester\u016f testosteronu. P\u0159esto\u017ee je jeho koncentrace pom\u011brn\u011b vysok\u00e1, kombinace r\u016fzn\u00fdch ester\u016f zp\u016fsobuje, \u017ee je stupe\u0148 jeho tolerance velmi vysok\u00fd. P\u0159esto\u017ee&hellip;<\/p>\n","protected":false},"featured_media":76167,"comment_status":"open","ping_status":"closed","template":"","meta":[],"product_cat":[153,152],"product_tag":[157],"yoast_head":"<!-- This site is optimized with the Yoast SEO plugin v23.0 - https:\/\/yoast.com\/wordpress\/plugins\/seo\/ -->\n<title>Sustanon 500mg - Astera Labs<\/title>\n<meta name=\"robots\" content=\"index, follow, max-snippet:-1, max-image-preview:large, max-video-preview:-1\" \/>\n<link rel=\"canonical\" href=\"https:\/\/asteralabs.org\/cs\/product\/sustanon-500mg\/\" \/>\n<meta property=\"og:locale\" content=\"cs_CZ\" \/>\n<meta property=\"og:type\" content=\"article\" \/>\n<meta property=\"og:title\" content=\"Sustanon 500mg - Astera Labs\" \/>\n<meta property=\"og:description\" content=\"D\u00c1VKOV\u00c1N\u00cd: Testosteron dekano\u00e1t 200 mg\/ml Testosteron isokapro\u00e1t 120 mg\/ml Testosteron fenylpropion\u00e1t 120 mg\/ml Testosteron propion\u00e1t 60 mg\/ml OBSAH BALEN\u00cd: 1 x 10ML lahvi\u010dka, 500 mg v ml CO JE TO: Jedn\u00e1 se o kombinaci r\u016fzn\u00fdch ester\u016f testosteronu. P\u0159esto\u017ee je jeho koncentrace pom\u011brn\u011b vysok\u00e1, kombinace r\u016fzn\u00fdch ester\u016f zp\u016fsobuje, \u017ee je stupe\u0148 jeho tolerance velmi vysok\u00fd. P\u0159esto\u017ee&hellip;\" \/>\n<meta property=\"og:url\" content=\"https:\/\/asteralabs.org\/cs\/product\/sustanon-500mg\/\" \/>\n<meta property=\"og:site_name\" content=\"Astera Labs\" \/>\n<meta property=\"article:modified_time\" content=\"2026-01-15T13:54:52+00:00\" \/>\n<meta property=\"og:image\" content=\"https:\/\/asteralabs.org\/wp-content\/uploads\/2022\/11\/Sustanon-500mg-inject-nbg-inject-nbg-1.png\" \/>\n\t<meta property=\"og:image:width\" content=\"2000\" \/>\n\t<meta property=\"og:image:height\" content=\"2000\" \/>\n\t<meta property=\"og:image:type\" content=\"image\/png\" \/>\n<meta name=\"twitter:card\" content=\"summary_large_image\" \/>\n<script type=\"application\/ld+json\" class=\"yoast-schema-graph\">{\"@context\":\"https:\/\/schema.org\",\"@graph\":[{\"@type\":\"WebPage\",\"@id\":\"https:\/\/asteralabs.org\/cs\/product\/sustanon-500mg\/\",\"url\":\"https:\/\/asteralabs.org\/cs\/product\/sustanon-500mg\/\",\"name\":\"Sustanon 500mg - Astera Labs\",\"isPartOf\":{\"@id\":\"https:\/\/asteralabs.org\/cs\/#website\"},\"primaryImageOfPage\":{\"@id\":\"https:\/\/asteralabs.org\/cs\/product\/sustanon-500mg\/#primaryimage\"},\"image\":{\"@id\":\"https:\/\/asteralabs.org\/cs\/product\/sustanon-500mg\/#primaryimage\"},\"thumbnailUrl\":\"https:\/\/asteralabs.org\/wp-content\/uploads\/2022\/11\/Sustanon-500mg-inject-nbg-inject-nbg-1.png\",\"datePublished\":\"2022-11-05T21:50:47+00:00\",\"dateModified\":\"2026-01-15T13:54:52+00:00\",\"breadcrumb\":{\"@id\":\"https:\/\/asteralabs.org\/cs\/product\/sustanon-500mg\/#breadcrumb\"},\"inLanguage\":\"cs\",\"potentialAction\":[{\"@type\":\"ReadAction\",\"target\":[\"https:\/\/asteralabs.org\/cs\/product\/sustanon-500mg\/\"]}]},{\"@type\":\"ImageObject\",\"inLanguage\":\"cs\",\"@id\":\"https:\/\/asteralabs.org\/cs\/product\/sustanon-500mg\/#primaryimage\",\"url\":\"https:\/\/asteralabs.org\/wp-content\/uploads\/2022\/11\/Sustanon-500mg-inject-nbg-inject-nbg-1.png\",\"contentUrl\":\"https:\/\/asteralabs.org\/wp-content\/uploads\/2022\/11\/Sustanon-500mg-inject-nbg-inject-nbg-1.png\",\"width\":2000,\"height\":2000},{\"@type\":\"BreadcrumbList\",\"@id\":\"https:\/\/asteralabs.org\/cs\/product\/sustanon-500mg\/#breadcrumb\",\"itemListElement\":[{\"@type\":\"ListItem\",\"position\":1,\"name\":\"Home\",\"item\":\"https:\/\/asteralabs.org\/cs\/\"},{\"@type\":\"ListItem\",\"position\":2,\"name\":\"Obchod\",\"item\":\"https:\/\/asteralabs.org\/obchod\/\"},{\"@type\":\"ListItem\",\"position\":3,\"name\":\"Sustanon 500mg\"}]},{\"@type\":\"WebSite\",\"@id\":\"https:\/\/asteralabs.org\/cs\/#website\",\"url\":\"https:\/\/asteralabs.org\/cs\/\",\"name\":\"Astera Labs\",\"description\":\"Improve Your Quality Of Life\",\"publisher\":{\"@id\":\"https:\/\/asteralabs.org\/cs\/#organization\"},\"potentialAction\":[{\"@type\":\"SearchAction\",\"target\":{\"@type\":\"EntryPoint\",\"urlTemplate\":\"https:\/\/asteralabs.org\/cs\/?s={search_term_string}\"},\"query-input\":\"required name=search_term_string\"}],\"inLanguage\":\"cs\"},{\"@type\":\"Organization\",\"@id\":\"https:\/\/asteralabs.org\/cs\/#organization\",\"name\":\"Astera Labs\",\"url\":\"https:\/\/asteralabs.org\/cs\/\",\"logo\":{\"@type\":\"ImageObject\",\"inLanguage\":\"cs\",\"@id\":\"https:\/\/asteralabs.org\/cs\/#\/schema\/logo\/image\/\",\"url\":\"https:\/\/asteralabs.org\/wp-content\/uploads\/2022\/12\/astera-2.png\",\"contentUrl\":\"https:\/\/asteralabs.org\/wp-content\/uploads\/2022\/12\/astera-2.png\",\"width\":437,\"height\":111,\"caption\":\"Astera Labs\"},\"image\":{\"@id\":\"https:\/\/asteralabs.org\/cs\/#\/schema\/logo\/image\/\"}}]}<\/script>\n<!-- \/ Yoast SEO plugin. -->","yoast_head_json":{"title":"Sustanon 500mg - Astera Labs","robots":{"index":"index","follow":"follow","max-snippet":"max-snippet:-1","max-image-preview":"max-image-preview:large","max-video-preview":"max-video-preview:-1"},"canonical":"https:\/\/asteralabs.org\/cs\/product\/sustanon-500mg\/","og_locale":"cs_CZ","og_type":"article","og_title":"Sustanon 500mg - Astera Labs","og_description":"D\u00c1VKOV\u00c1N\u00cd: Testosteron dekano\u00e1t 200 mg\/ml Testosteron isokapro\u00e1t 120 mg\/ml Testosteron fenylpropion\u00e1t 120 mg\/ml Testosteron propion\u00e1t 60 mg\/ml OBSAH BALEN\u00cd: 1 x 10ML lahvi\u010dka, 500 mg v ml CO JE TO: Jedn\u00e1 se o kombinaci r\u016fzn\u00fdch ester\u016f testosteronu. P\u0159esto\u017ee je jeho koncentrace pom\u011brn\u011b vysok\u00e1, kombinace r\u016fzn\u00fdch ester\u016f zp\u016fsobuje, \u017ee je stupe\u0148 jeho tolerance velmi vysok\u00fd. P\u0159esto\u017ee&hellip;","og_url":"https:\/\/asteralabs.org\/cs\/product\/sustanon-500mg\/","og_site_name":"Astera Labs","article_modified_time":"2026-01-15T13:54:52+00:00","og_image":[{"width":2000,"height":2000,"url":"https:\/\/asteralabs.org\/wp-content\/uploads\/2022\/11\/Sustanon-500mg-inject-nbg-inject-nbg-1.png","type":"image\/png"}],"twitter_card":"summary_large_image","schema":{"@context":"https:\/\/schema.org","@graph":[{"@type":"WebPage","@id":"https:\/\/asteralabs.org\/cs\/product\/sustanon-500mg\/","url":"https:\/\/asteralabs.org\/cs\/product\/sustanon-500mg\/","name":"Sustanon 500mg - Astera Labs","isPartOf":{"@id":"https:\/\/asteralabs.org\/cs\/#website"},"primaryImageOfPage":{"@id":"https:\/\/asteralabs.org\/cs\/product\/sustanon-500mg\/#primaryimage"},"image":{"@id":"https:\/\/asteralabs.org\/cs\/product\/sustanon-500mg\/#primaryimage"},"thumbnailUrl":"https:\/\/asteralabs.org\/wp-content\/uploads\/2022\/11\/Sustanon-500mg-inject-nbg-inject-nbg-1.png","datePublished":"2022-11-05T21:50:47+00:00","dateModified":"2026-01-15T13:54:52+00:00","breadcrumb":{"@id":"https:\/\/asteralabs.org\/cs\/product\/sustanon-500mg\/#breadcrumb"},"inLanguage":"cs","potentialAction":[{"@type":"ReadAction","target":["https:\/\/asteralabs.org\/cs\/product\/sustanon-500mg\/"]}]},{"@type":"ImageObject","inLanguage":"cs","@id":"https:\/\/asteralabs.org\/cs\/product\/sustanon-500mg\/#primaryimage","url":"https:\/\/asteralabs.org\/wp-content\/uploads\/2022\/11\/Sustanon-500mg-inject-nbg-inject-nbg-1.png","contentUrl":"https:\/\/asteralabs.org\/wp-content\/uploads\/2022\/11\/Sustanon-500mg-inject-nbg-inject-nbg-1.png","width":2000,"height":2000},{"@type":"BreadcrumbList","@id":"https:\/\/asteralabs.org\/cs\/product\/sustanon-500mg\/#breadcrumb","itemListElement":[{"@type":"ListItem","position":1,"name":"Home","item":"https:\/\/asteralabs.org\/cs\/"},{"@type":"ListItem","position":2,"name":"Obchod","item":"https:\/\/asteralabs.org\/obchod\/"},{"@type":"ListItem","position":3,"name":"Sustanon 500mg"}]},{"@type":"WebSite","@id":"https:\/\/asteralabs.org\/cs\/#website","url":"https:\/\/asteralabs.org\/cs\/","name":"Astera Labs","description":"Improve Your Quality Of Life","publisher":{"@id":"https:\/\/asteralabs.org\/cs\/#organization"},"potentialAction":[{"@type":"SearchAction","target":{"@type":"EntryPoint","urlTemplate":"https:\/\/asteralabs.org\/cs\/?s={search_term_string}"},"query-input":"required name=search_term_string"}],"inLanguage":"cs"},{"@type":"Organization","@id":"https:\/\/asteralabs.org\/cs\/#organization","name":"Astera Labs","url":"https:\/\/asteralabs.org\/cs\/","logo":{"@type":"ImageObject","inLanguage":"cs","@id":"https:\/\/asteralabs.org\/cs\/#\/schema\/logo\/image\/","url":"https:\/\/asteralabs.org\/wp-content\/uploads\/2022\/12\/astera-2.png","contentUrl":"https:\/\/asteralabs.org\/wp-content\/uploads\/2022\/12\/astera-2.png","width":437,"height":111,"caption":"Astera Labs"},"image":{"@id":"https:\/\/asteralabs.org\/cs\/#\/schema\/logo\/image\/"}}]}},"_links":{"self":[{"href":"https:\/\/asteralabs.org\/cs\/wp-json\/wp\/v2\/product\/77998"}],"collection":[{"href":"https:\/\/asteralabs.org\/cs\/wp-json\/wp\/v2\/product"}],"about":[{"href":"https:\/\/asteralabs.org\/cs\/wp-json\/wp\/v2\/types\/product"}],"replies":[{"embeddable":true,"href":"https:\/\/asteralabs.org\/cs\/wp-json\/wp\/v2\/comments?post=77998"}],"version-history":[{"count":0,"href":"https:\/\/asteralabs.org\/cs\/wp-json\/wp\/v2\/product\/77998\/revisions"}],"wp:featuredmedia":[{"embeddable":true,"href":"https:\/\/asteralabs.org\/cs\/wp-json\/wp\/v2\/media\/76167"}],"wp:attachment":[{"href":"https:\/\/asteralabs.org\/cs\/wp-json\/wp\/v2\/media?parent=77998"}],"wp:term":[{"taxonomy":"product_cat","embeddable":true,"href":"https:\/\/asteralabs.org\/cs\/wp-json\/wp\/v2\/product_cat?post=77998"},{"taxonomy":"product_tag","embeddable":true,"href":"https:\/\/asteralabs.org\/cs\/wp-json\/wp\/v2\/product_tag?post=77998"}],"curies":[{"name":"wp","href":"https:\/\/api.w.org\/{rel}","templated":true}]}}