{"id":78012,"date":"2023-09-07T12:45:37","date_gmt":"2023-09-07T12:45:37","guid":{"rendered":"https:\/\/asteralabs.org\/product\/tb500-a-bpc157\/"},"modified":"2026-01-15T07:40:51","modified_gmt":"2026-01-15T07:40:51","slug":"tb500-a-bpc157","status":"publish","type":"product","link":"https:\/\/asteralabs.org\/cs\/product\/tb500-a-bpc157\/","title":{"rendered":"TB500 A BPC157"},"content":{"rendered":"<p><strong>D\u00c1VKOV\u00c1N\u00cd<\/strong>: TB500 (Thymosin Beta-4) a BPC157 (Body Protection Compound-157), 10 mg v jedn\u00e9 lahvi\u010dce<\/p>\n<p><strong>OBSAH BALEN\u00cd:<\/strong><\/p>\n<p>1 lahvi\u010dka obsahuj\u00edc\u00ed 10 mg injek\u010dn\u00edho roztoku peptidu<\/p>\n<p><strong>CO TO JE:<\/strong><\/p>\n<p>TB500 a BPC157 jsou syntetick\u00e9 peptidy, kter\u00e9 jsou v\u0161eobecn\u011b uzn\u00e1v\u00e1ny pro sv\u00e9 siln\u00e9 regenera\u010dn\u00ed vlastnosti a schopnost podporovat obnovu po poran\u011bn\u00ed a regeneraci tk\u00e1n\u00ed. TB500, odvozen\u00fd od thymosinu beta-4, podporuje bun\u011b\u010dnou migraci, proliferaci a diferenciaci, co\u017e jsou z\u00e1kladn\u00ed procesy pro \u00fa\u010dinn\u00e9 hojen\u00ed ran a regeneraci tk\u00e1n\u00ed. BPC157 zase stimuluje tvorbu nov\u00fdch c\u00e9v (angiogenezi) a zvy\u0161uje produkci kolagenu, \u010d\u00edm\u017e p\u0159isp\u00edv\u00e1 k hojen\u00ed sval\u016f, \u0161lach, vaz\u016f a dal\u0161\u00edch tk\u00e1n\u00ed. P\u0159i spole\u010dn\u00e9m u\u017e\u00edv\u00e1n\u00ed tyto peptidy p\u016fsob\u00ed synergicky a zlep\u0161uj\u00ed zotaven\u00ed po zran\u011bn\u00ed, sni\u017euj\u00ed z\u00e1n\u011bt a zlep\u0161uj\u00ed celkov\u00fd stav tk\u00e1n\u00ed.<\/p>\n<p><strong>N\u00c1VOD K POU\u017dIT\u00cd:<\/strong><\/p>\n<ul>\n<li>D\u00e1vkov\u00e1n\u00ed:<\/li>\n<\/ul>\n<p>Doporu\u010den\u00e9 d\u00e1vkov\u00e1n\u00ed z\u00e1vis\u00ed na typu a z\u00e1va\u017enosti zran\u011bn\u00ed. Typick\u00fd protokol zahrnuje pod\u00e1v\u00e1n\u00ed 2 mg a\u017e 10 mg ka\u017ed\u00e9ho peptidu t\u00fddn\u011b, rozd\u011blen\u00e9ho do n\u011bkolika men\u0161\u00edch d\u00e1vek, aby se zajistil trval\u00fd \u00fa\u010dinek.<\/p>\n<ul>\n<li>Spr\u00e1va:<\/li>\n<\/ul>\n<p>P\u0159\u00edpravky TB500 a BPC157 lze aplikovat bu\u010f podko\u017en\u011b do tukov\u00e9 tk\u00e1n\u011b, nebo intramuskul\u00e1rn\u011b v bl\u00edzkosti m\u00edsta poran\u011bn\u00ed, n\u011bkte\u0159\u00ed u\u017eivatel\u00e9 uv\u00e1d\u011bj\u00ed, \u017ee IM maj\u00ed lep\u0161\u00ed \u00fa\u010dinek, ale neexistuje \u017e\u00e1dn\u00fd v\u011bdeck\u00fd v\u00fdzkum, kter\u00fd by tato tvrzen\u00ed podpo\u0159il.<\/p>\n<ul>\n<li>Doba trv\u00e1n\u00ed l\u00e9\u010dby:<\/li>\n<\/ul>\n<p>D\u00e9lka l\u00e9\u010dby se li\u0161\u00ed v z\u00e1vislosti na individu\u00e1ln\u00ed reakci a povaze zran\u011bn\u00ed. Ve v\u011bt\u0161in\u011b p\u0159\u00edpad\u016f m\u016f\u017ee l\u00e9\u010dba trvat n\u011bkolik t\u00fddn\u016f (4-6 t\u00fddn\u016f) a\u017e n\u011bkolik m\u011bs\u00edc\u016f.<\/p>\n<p>INFORMACE O \u0160AR\u017dI:<br \/>\n\u010c\u00edslo \u0161ar\u017ee: <span data-sheets-root=\"1\">JT23369<\/span><br \/>\nDatum v\u00fdroby: 10<span data-sheets-root=\"1\" data-sheets-value=\"{&quot;1&quot;:2,&quot;2&quot;:&quot;03.2023.&quot;}\" data-sheets-userformat=\"{&quot;2&quot;:577,&quot;3&quot;:{&quot;1&quot;:0},&quot;9&quot;:0,&quot;12&quot;:0}\">.2025.<\/span><br \/>\nDatum exspirace: <span data-sheets-root=\"1\" data-sheets-value=\"{&quot;1&quot;:2,&quot;2&quot;:&quot;03.2026.&quot;}\" data-sheets-userformat=\"{&quot;2&quot;:637,&quot;3&quot;:{&quot;1&quot;:0},&quot;5&quot;:{&quot;1&quot;:[{&quot;1&quot;:2,&quot;2&quot;:0,&quot;5&quot;:{&quot;1&quot;:2,&quot;2&quot;:0}},{&quot;1&quot;:0,&quot;2&quot;:0,&quot;3&quot;:3},{&quot;1&quot;:1,&quot;2&quot;:0,&quot;4&quot;:1}]},&quot;6&quot;:{&quot;1&quot;:[{&quot;1&quot;:2,&quot;2&quot;:0,&quot;5&quot;:{&quot;1&quot;:2,&quot;2&quot;:0}},{&quot;1&quot;:0,&quot;2&quot;:0,&quot;3&quot;:3},{&quot;1&quot;:1,&quot;2&quot;:0,&quot;4&quot;:1}]},&quot;7&quot;:{&quot;1&quot;:[{&quot;1&quot;:2,&quot;2&quot;:0,&quot;5&quot;:{&quot;1&quot;:2,&quot;2&quot;:0}},{&quot;1&quot;:0,&quot;2&quot;:0,&quot;3&quot;:3},{&quot;1&quot;:1,&quot;2&quot;:0,&quot;4&quot;:1}]},&quot;8&quot;:{&quot;1&quot;:[{&quot;1&quot;:2,&quot;2&quot;:0,&quot;5&quot;:{&quot;1&quot;:2,&quot;2&quot;:0}},{&quot;1&quot;:0,&quot;2&quot;:0,&quot;3&quot;:3},{&quot;1&quot;:1,&quot;2&quot;:0,&quot;4&quot;:1}]},&quot;9&quot;:0,&quot;12&quot;:0}\">10.2028.<\/span><\/p>\n","protected":false},"excerpt":{"rendered":"<p>D\u00c1VKOV\u00c1N\u00cd: TB500 (Thymosin Beta-4) a BPC157 (Body Protection Compound-157), 10 mg v jedn\u00e9 lahvi\u010dce OBSAH BALEN\u00cd: 1 lahvi\u010dka obsahuj\u00edc\u00ed 10 mg injek\u010dn\u00edho roztoku peptidu CO TO JE: TB500 a BPC157 jsou syntetick\u00e9 peptidy, kter\u00e9 jsou v\u0161eobecn\u011b uzn\u00e1v\u00e1ny pro sv\u00e9 siln\u00e9 regenera\u010dn\u00ed vlastnosti a schopnost podporovat obnovu po poran\u011bn\u00ed a regeneraci tk\u00e1n\u00ed. TB500, odvozen\u00fd od thymosinu&hellip;<\/p>\n","protected":false},"featured_media":76519,"comment_status":"closed","ping_status":"closed","template":"","meta":[],"product_cat":[153,195],"product_tag":[],"yoast_head":"<!-- This site is optimized with the Yoast SEO plugin v23.0 - https:\/\/yoast.com\/wordpress\/plugins\/seo\/ -->\n<title>TB500 A BPC157 - Astera Labs<\/title>\n<meta name=\"robots\" content=\"index, follow, max-snippet:-1, max-image-preview:large, max-video-preview:-1\" \/>\n<link rel=\"canonical\" href=\"https:\/\/asteralabs.org\/cs\/product\/tb500-a-bpc157\/\" \/>\n<meta property=\"og:locale\" content=\"cs_CZ\" \/>\n<meta property=\"og:type\" content=\"article\" \/>\n<meta property=\"og:title\" content=\"TB500 A BPC157 - Astera Labs\" \/>\n<meta property=\"og:description\" content=\"D\u00c1VKOV\u00c1N\u00cd: TB500 (Thymosin Beta-4) a BPC157 (Body Protection Compound-157), 10 mg v jedn\u00e9 lahvi\u010dce OBSAH BALEN\u00cd: 1 lahvi\u010dka obsahuj\u00edc\u00ed 10 mg injek\u010dn\u00edho roztoku peptidu CO TO JE: TB500 a BPC157 jsou syntetick\u00e9 peptidy, kter\u00e9 jsou v\u0161eobecn\u011b uzn\u00e1v\u00e1ny pro sv\u00e9 siln\u00e9 regenera\u010dn\u00ed vlastnosti a schopnost podporovat obnovu po poran\u011bn\u00ed a regeneraci tk\u00e1n\u00ed. TB500, odvozen\u00fd od thymosinu&hellip;\" \/>\n<meta property=\"og:url\" content=\"https:\/\/asteralabs.org\/cs\/product\/tb500-a-bpc157\/\" \/>\n<meta property=\"og:site_name\" content=\"Astera Labs\" \/>\n<meta property=\"article:modified_time\" content=\"2026-01-15T07:40:51+00:00\" \/>\n<meta property=\"og:image\" content=\"https:\/\/asteralabs.org\/wp-content\/uploads\/2023\/09\/TBBPC-vial-front-noBG.png\" \/>\n\t<meta property=\"og:image:width\" content=\"2000\" \/>\n\t<meta property=\"og:image:height\" content=\"2000\" \/>\n\t<meta property=\"og:image:type\" content=\"image\/png\" \/>\n<meta name=\"twitter:card\" content=\"summary_large_image\" \/>\n<script type=\"application\/ld+json\" class=\"yoast-schema-graph\">{\"@context\":\"https:\/\/schema.org\",\"@graph\":[{\"@type\":\"WebPage\",\"@id\":\"https:\/\/asteralabs.org\/cs\/product\/tb500-a-bpc157\/\",\"url\":\"https:\/\/asteralabs.org\/cs\/product\/tb500-a-bpc157\/\",\"name\":\"TB500 A BPC157 - Astera Labs\",\"isPartOf\":{\"@id\":\"https:\/\/asteralabs.org\/cs\/#website\"},\"primaryImageOfPage\":{\"@id\":\"https:\/\/asteralabs.org\/cs\/product\/tb500-a-bpc157\/#primaryimage\"},\"image\":{\"@id\":\"https:\/\/asteralabs.org\/cs\/product\/tb500-a-bpc157\/#primaryimage\"},\"thumbnailUrl\":\"https:\/\/asteralabs.org\/wp-content\/uploads\/2023\/09\/TBBPC-vial-front-noBG.png\",\"datePublished\":\"2023-09-07T12:45:37+00:00\",\"dateModified\":\"2026-01-15T07:40:51+00:00\",\"breadcrumb\":{\"@id\":\"https:\/\/asteralabs.org\/cs\/product\/tb500-a-bpc157\/#breadcrumb\"},\"inLanguage\":\"cs\",\"potentialAction\":[{\"@type\":\"ReadAction\",\"target\":[\"https:\/\/asteralabs.org\/cs\/product\/tb500-a-bpc157\/\"]}]},{\"@type\":\"ImageObject\",\"inLanguage\":\"cs\",\"@id\":\"https:\/\/asteralabs.org\/cs\/product\/tb500-a-bpc157\/#primaryimage\",\"url\":\"https:\/\/asteralabs.org\/wp-content\/uploads\/2023\/09\/TBBPC-vial-front-noBG.png\",\"contentUrl\":\"https:\/\/asteralabs.org\/wp-content\/uploads\/2023\/09\/TBBPC-vial-front-noBG.png\",\"width\":2000,\"height\":2000},{\"@type\":\"BreadcrumbList\",\"@id\":\"https:\/\/asteralabs.org\/cs\/product\/tb500-a-bpc157\/#breadcrumb\",\"itemListElement\":[{\"@type\":\"ListItem\",\"position\":1,\"name\":\"Home\",\"item\":\"https:\/\/asteralabs.org\/cs\/\"},{\"@type\":\"ListItem\",\"position\":2,\"name\":\"Obchod\",\"item\":\"https:\/\/asteralabs.org\/obchod\/\"},{\"@type\":\"ListItem\",\"position\":3,\"name\":\"TB500 A BPC157\"}]},{\"@type\":\"WebSite\",\"@id\":\"https:\/\/asteralabs.org\/cs\/#website\",\"url\":\"https:\/\/asteralabs.org\/cs\/\",\"name\":\"Astera Labs\",\"description\":\"Improve Your Quality Of Life\",\"publisher\":{\"@id\":\"https:\/\/asteralabs.org\/cs\/#organization\"},\"potentialAction\":[{\"@type\":\"SearchAction\",\"target\":{\"@type\":\"EntryPoint\",\"urlTemplate\":\"https:\/\/asteralabs.org\/cs\/?s={search_term_string}\"},\"query-input\":\"required name=search_term_string\"}],\"inLanguage\":\"cs\"},{\"@type\":\"Organization\",\"@id\":\"https:\/\/asteralabs.org\/cs\/#organization\",\"name\":\"Astera Labs\",\"url\":\"https:\/\/asteralabs.org\/cs\/\",\"logo\":{\"@type\":\"ImageObject\",\"inLanguage\":\"cs\",\"@id\":\"https:\/\/asteralabs.org\/cs\/#\/schema\/logo\/image\/\",\"url\":\"https:\/\/asteralabs.org\/wp-content\/uploads\/2022\/12\/astera-2.png\",\"contentUrl\":\"https:\/\/asteralabs.org\/wp-content\/uploads\/2022\/12\/astera-2.png\",\"width\":437,\"height\":111,\"caption\":\"Astera Labs\"},\"image\":{\"@id\":\"https:\/\/asteralabs.org\/cs\/#\/schema\/logo\/image\/\"}}]}<\/script>\n<!-- \/ Yoast SEO plugin. -->","yoast_head_json":{"title":"TB500 A BPC157 - Astera Labs","robots":{"index":"index","follow":"follow","max-snippet":"max-snippet:-1","max-image-preview":"max-image-preview:large","max-video-preview":"max-video-preview:-1"},"canonical":"https:\/\/asteralabs.org\/cs\/product\/tb500-a-bpc157\/","og_locale":"cs_CZ","og_type":"article","og_title":"TB500 A BPC157 - Astera Labs","og_description":"D\u00c1VKOV\u00c1N\u00cd: TB500 (Thymosin Beta-4) a BPC157 (Body Protection Compound-157), 10 mg v jedn\u00e9 lahvi\u010dce OBSAH BALEN\u00cd: 1 lahvi\u010dka obsahuj\u00edc\u00ed 10 mg injek\u010dn\u00edho roztoku peptidu CO TO JE: TB500 a BPC157 jsou syntetick\u00e9 peptidy, kter\u00e9 jsou v\u0161eobecn\u011b uzn\u00e1v\u00e1ny pro sv\u00e9 siln\u00e9 regenera\u010dn\u00ed vlastnosti a schopnost podporovat obnovu po poran\u011bn\u00ed a regeneraci tk\u00e1n\u00ed. TB500, odvozen\u00fd od thymosinu&hellip;","og_url":"https:\/\/asteralabs.org\/cs\/product\/tb500-a-bpc157\/","og_site_name":"Astera Labs","article_modified_time":"2026-01-15T07:40:51+00:00","og_image":[{"width":2000,"height":2000,"url":"https:\/\/asteralabs.org\/wp-content\/uploads\/2023\/09\/TBBPC-vial-front-noBG.png","type":"image\/png"}],"twitter_card":"summary_large_image","schema":{"@context":"https:\/\/schema.org","@graph":[{"@type":"WebPage","@id":"https:\/\/asteralabs.org\/cs\/product\/tb500-a-bpc157\/","url":"https:\/\/asteralabs.org\/cs\/product\/tb500-a-bpc157\/","name":"TB500 A BPC157 - Astera Labs","isPartOf":{"@id":"https:\/\/asteralabs.org\/cs\/#website"},"primaryImageOfPage":{"@id":"https:\/\/asteralabs.org\/cs\/product\/tb500-a-bpc157\/#primaryimage"},"image":{"@id":"https:\/\/asteralabs.org\/cs\/product\/tb500-a-bpc157\/#primaryimage"},"thumbnailUrl":"https:\/\/asteralabs.org\/wp-content\/uploads\/2023\/09\/TBBPC-vial-front-noBG.png","datePublished":"2023-09-07T12:45:37+00:00","dateModified":"2026-01-15T07:40:51+00:00","breadcrumb":{"@id":"https:\/\/asteralabs.org\/cs\/product\/tb500-a-bpc157\/#breadcrumb"},"inLanguage":"cs","potentialAction":[{"@type":"ReadAction","target":["https:\/\/asteralabs.org\/cs\/product\/tb500-a-bpc157\/"]}]},{"@type":"ImageObject","inLanguage":"cs","@id":"https:\/\/asteralabs.org\/cs\/product\/tb500-a-bpc157\/#primaryimage","url":"https:\/\/asteralabs.org\/wp-content\/uploads\/2023\/09\/TBBPC-vial-front-noBG.png","contentUrl":"https:\/\/asteralabs.org\/wp-content\/uploads\/2023\/09\/TBBPC-vial-front-noBG.png","width":2000,"height":2000},{"@type":"BreadcrumbList","@id":"https:\/\/asteralabs.org\/cs\/product\/tb500-a-bpc157\/#breadcrumb","itemListElement":[{"@type":"ListItem","position":1,"name":"Home","item":"https:\/\/asteralabs.org\/cs\/"},{"@type":"ListItem","position":2,"name":"Obchod","item":"https:\/\/asteralabs.org\/obchod\/"},{"@type":"ListItem","position":3,"name":"TB500 A BPC157"}]},{"@type":"WebSite","@id":"https:\/\/asteralabs.org\/cs\/#website","url":"https:\/\/asteralabs.org\/cs\/","name":"Astera Labs","description":"Improve Your Quality Of Life","publisher":{"@id":"https:\/\/asteralabs.org\/cs\/#organization"},"potentialAction":[{"@type":"SearchAction","target":{"@type":"EntryPoint","urlTemplate":"https:\/\/asteralabs.org\/cs\/?s={search_term_string}"},"query-input":"required name=search_term_string"}],"inLanguage":"cs"},{"@type":"Organization","@id":"https:\/\/asteralabs.org\/cs\/#organization","name":"Astera Labs","url":"https:\/\/asteralabs.org\/cs\/","logo":{"@type":"ImageObject","inLanguage":"cs","@id":"https:\/\/asteralabs.org\/cs\/#\/schema\/logo\/image\/","url":"https:\/\/asteralabs.org\/wp-content\/uploads\/2022\/12\/astera-2.png","contentUrl":"https:\/\/asteralabs.org\/wp-content\/uploads\/2022\/12\/astera-2.png","width":437,"height":111,"caption":"Astera Labs"},"image":{"@id":"https:\/\/asteralabs.org\/cs\/#\/schema\/logo\/image\/"}}]}},"_links":{"self":[{"href":"https:\/\/asteralabs.org\/cs\/wp-json\/wp\/v2\/product\/78012"}],"collection":[{"href":"https:\/\/asteralabs.org\/cs\/wp-json\/wp\/v2\/product"}],"about":[{"href":"https:\/\/asteralabs.org\/cs\/wp-json\/wp\/v2\/types\/product"}],"replies":[{"embeddable":true,"href":"https:\/\/asteralabs.org\/cs\/wp-json\/wp\/v2\/comments?post=78012"}],"version-history":[{"count":2,"href":"https:\/\/asteralabs.org\/cs\/wp-json\/wp\/v2\/product\/78012\/revisions"}],"predecessor-version":[{"id":79157,"href":"https:\/\/asteralabs.org\/cs\/wp-json\/wp\/v2\/product\/78012\/revisions\/79157"}],"wp:featuredmedia":[{"embeddable":true,"href":"https:\/\/asteralabs.org\/cs\/wp-json\/wp\/v2\/media\/76519"}],"wp:attachment":[{"href":"https:\/\/asteralabs.org\/cs\/wp-json\/wp\/v2\/media?parent=78012"}],"wp:term":[{"taxonomy":"product_cat","embeddable":true,"href":"https:\/\/asteralabs.org\/cs\/wp-json\/wp\/v2\/product_cat?post=78012"},{"taxonomy":"product_tag","embeddable":true,"href":"https:\/\/asteralabs.org\/cs\/wp-json\/wp\/v2\/product_tag?post=78012"}],"curies":[{"name":"wp","href":"https:\/\/api.w.org\/{rel}","templated":true}]}}