{"id":78018,"date":"2023-09-07T12:45:54","date_gmt":"2023-09-07T12:45:54","guid":{"rendered":"https:\/\/asteralabs.org\/product\/melanotan-2\/"},"modified":"2026-01-15T07:56:11","modified_gmt":"2026-01-15T07:56:11","slug":"melanotan-2","status":"publish","type":"product","link":"https:\/\/asteralabs.org\/cs\/product\/melanotan-2\/","title":{"rendered":"Melanotan 2"},"content":{"rendered":"<p><strong>D\u00c1VKOV\u00c1N\u00cd<\/strong>: Melanotan II peptidov\u00fd hormon, 10 mg v lahvi\u010dce<\/p>\n<p><strong>OBSAH BALEN\u00cd:<\/strong><\/p>\n<p>1 lahvi\u010dka obsahuj\u00edc\u00ed 10 mg injek\u010dn\u00edho roztoku peptidu<\/p>\n<p><strong>CO TO JE:<\/strong><\/p>\n<p>Melanotan II je syntetick\u00fd analog peptidov\u00e9ho hormonu alfa-melanocyty stimuluj\u00edc\u00edho hormonu (\u03b1-MSH), kter\u00fd je prim\u00e1rn\u011b zodpov\u011bdn\u00fd za podporu op\u00e1len\u00ed k\u016f\u017ee stimulac\u00ed produkce melaninu. Tento peptid nejen zvy\u0161uje pigmentaci k\u016f\u017ee, ale vykazuje i dal\u0161\u00ed pozoruhodn\u00e9 \u00fa\u010dinky. M\u00e1 afrodiziak\u00e1ln\u00ed vlastnosti, kter\u00e9 pozitivn\u011b ovliv\u0148uj\u00ed libido a sexu\u00e1ln\u00ed funkce. Krom\u011b toho je zn\u00e1mo, \u017ee Melanotan II m\u00e1 m\u00edrn\u00fd \u00fa\u010dinek na mobilizaci tuk\u016f, co\u017e z n\u011bj \u010din\u00ed univerz\u00e1ln\u00ed volbu pro ty, kte\u0159\u00ed hledaj\u00ed zlep\u0161en\u00ed estetiky a slo\u017een\u00ed t\u011bla.<\/p>\n<p><strong>N\u00c1VOD K POU\u017dIT\u00cd:<\/strong><\/p>\n<p>Pro dosa\u017een\u00ed optim\u00e1ln\u00edch v\u00fdsledk\u016f by m\u011bl b\u00fdt Melanotan II pod\u00e1v\u00e1n podle n\u00e1sleduj\u00edc\u00edho protokolu:<\/p>\n<ul>\n<li>Po\u010d\u00e1te\u010dn\u00ed f\u00e1ze: Za\u010dn\u011bte s denn\u00ed d\u00e1vkou 300 mcg po dobu 1 a\u017e 2 t\u00fddn\u016f. Tato ni\u017e\u0161\u00ed po\u010d\u00e1te\u010dn\u00ed d\u00e1vka pom\u00e1h\u00e1 t\u011blu p\u0159izp\u016fsobit se peptidu a z\u00e1rove\u0148 minimalizuje mo\u017en\u00e9 ne\u017e\u00e1douc\u00ed \u00fa\u010dinky, jako je nevolnost.<\/li>\n<li>F\u00e1ze \u00fadr\u017eby: Po po\u010d\u00e1te\u010dn\u00edm obdob\u00ed p\u0159ejd\u011bte na udr\u017eovac\u00ed d\u00e1vku 500 mcg dvakr\u00e1t t\u00fddn\u011b, abyste udr\u017eeli po\u017eadovan\u00e9 \u00fa\u010dinky.<\/li>\n<\/ul>\n<p>&nbsp;<\/p>\n<p>Injekce Melanotanu II se pod\u00e1vaj\u00ed podko\u017en\u011b do tukov\u00e9 tk\u00e1n\u011b, obvykle v oblasti b\u0159icha. Za\u010d\u00edt s ni\u017e\u0161\u00edmi d\u00e1vkami je d\u016fle\u017eit\u00e9 zejm\u00e9na kv\u016fli zlep\u0161en\u00ed tolerance a sn\u00ed\u017een\u00ed pravd\u011bpodobnosti nevolnosti. <strong><br \/>\nInformace o \u0161ar\u017ei:<br \/>\n<\/strong>\u010c\u00edslo \u0161ar\u017ee: <span data-sheets-root=\"1\">ES67269<\/span><br \/>\nDatum v\u00fdroby: 10<span data-sheets-root=\"1\" data-sheets-value=\"{&quot;1&quot;:2,&quot;2&quot;:&quot;03.2023.&quot;}\" data-sheets-userformat=\"{&quot;2&quot;:577,&quot;3&quot;:{&quot;1&quot;:0},&quot;9&quot;:0,&quot;12&quot;:0}\">.2025.<\/span><br \/>\nDatum exspirace: 10<span data-sheets-root=\"1\" data-sheets-value=\"{&quot;1&quot;:2,&quot;2&quot;:&quot;03.2026.&quot;}\" data-sheets-userformat=\"{&quot;2&quot;:637,&quot;3&quot;:{&quot;1&quot;:0},&quot;5&quot;:{&quot;1&quot;:[{&quot;1&quot;:2,&quot;2&quot;:0,&quot;5&quot;:{&quot;1&quot;:2,&quot;2&quot;:0}},{&quot;1&quot;:0,&quot;2&quot;:0,&quot;3&quot;:3},{&quot;1&quot;:1,&quot;2&quot;:0,&quot;4&quot;:1}]},&quot;6&quot;:{&quot;1&quot;:[{&quot;1&quot;:2,&quot;2&quot;:0,&quot;5&quot;:{&quot;1&quot;:2,&quot;2&quot;:0}},{&quot;1&quot;:0,&quot;2&quot;:0,&quot;3&quot;:3},{&quot;1&quot;:1,&quot;2&quot;:0,&quot;4&quot;:1}]},&quot;7&quot;:{&quot;1&quot;:[{&quot;1&quot;:2,&quot;2&quot;:0,&quot;5&quot;:{&quot;1&quot;:2,&quot;2&quot;:0}},{&quot;1&quot;:0,&quot;2&quot;:0,&quot;3&quot;:3},{&quot;1&quot;:1,&quot;2&quot;:0,&quot;4&quot;:1}]},&quot;8&quot;:{&quot;1&quot;:[{&quot;1&quot;:2,&quot;2&quot;:0,&quot;5&quot;:{&quot;1&quot;:2,&quot;2&quot;:0}},{&quot;1&quot;:0,&quot;2&quot;:0,&quot;3&quot;:3},{&quot;1&quot;:1,&quot;2&quot;:0,&quot;4&quot;:1}]},&quot;9&quot;:0,&quot;12&quot;:0}\">.2028.<\/span><\/p>\n","protected":false},"excerpt":{"rendered":"<p>D\u00c1VKOV\u00c1N\u00cd: Melanotan II peptidov\u00fd hormon, 10 mg v lahvi\u010dce OBSAH BALEN\u00cd: 1 lahvi\u010dka obsahuj\u00edc\u00ed 10 mg injek\u010dn\u00edho roztoku peptidu CO TO JE: Melanotan II je syntetick\u00fd analog peptidov\u00e9ho hormonu alfa-melanocyty stimuluj\u00edc\u00edho hormonu (\u03b1-MSH), kter\u00fd je prim\u00e1rn\u011b zodpov\u011bdn\u00fd za podporu op\u00e1len\u00ed k\u016f\u017ee stimulac\u00ed produkce melaninu. Tento peptid nejen zvy\u0161uje pigmentaci k\u016f\u017ee, ale vykazuje i dal\u0161\u00ed pozoruhodn\u00e9&hellip;<\/p>\n","protected":false},"featured_media":76511,"comment_status":"closed","ping_status":"closed","template":"","meta":[],"product_cat":[153,195],"product_tag":[],"yoast_head":"<!-- This site is optimized with the Yoast SEO plugin v23.0 - https:\/\/yoast.com\/wordpress\/plugins\/seo\/ -->\n<title>Melanotan 2 - Astera Labs<\/title>\n<meta name=\"robots\" content=\"index, follow, max-snippet:-1, max-image-preview:large, max-video-preview:-1\" \/>\n<link rel=\"canonical\" href=\"https:\/\/asteralabs.org\/cs\/product\/melanotan-2\/\" \/>\n<meta property=\"og:locale\" content=\"cs_CZ\" \/>\n<meta property=\"og:type\" content=\"article\" \/>\n<meta property=\"og:title\" content=\"Melanotan 2 - Astera Labs\" \/>\n<meta property=\"og:description\" content=\"D\u00c1VKOV\u00c1N\u00cd: Melanotan II peptidov\u00fd hormon, 10 mg v lahvi\u010dce OBSAH BALEN\u00cd: 1 lahvi\u010dka obsahuj\u00edc\u00ed 10 mg injek\u010dn\u00edho roztoku peptidu CO TO JE: Melanotan II je syntetick\u00fd analog peptidov\u00e9ho hormonu alfa-melanocyty stimuluj\u00edc\u00edho hormonu (\u03b1-MSH), kter\u00fd je prim\u00e1rn\u011b zodpov\u011bdn\u00fd za podporu op\u00e1len\u00ed k\u016f\u017ee stimulac\u00ed produkce melaninu. Tento peptid nejen zvy\u0161uje pigmentaci k\u016f\u017ee, ale vykazuje i dal\u0161\u00ed pozoruhodn\u00e9&hellip;\" \/>\n<meta property=\"og:url\" content=\"https:\/\/asteralabs.org\/cs\/product\/melanotan-2\/\" \/>\n<meta property=\"og:site_name\" content=\"Astera Labs\" \/>\n<meta property=\"article:modified_time\" content=\"2026-01-15T07:56:11+00:00\" \/>\n<meta property=\"og:image\" content=\"https:\/\/asteralabs.org\/wp-content\/uploads\/2023\/09\/Melanotan2-vial-front-noBG.png\" \/>\n\t<meta property=\"og:image:width\" content=\"2000\" \/>\n\t<meta property=\"og:image:height\" content=\"2000\" \/>\n\t<meta property=\"og:image:type\" content=\"image\/png\" \/>\n<meta name=\"twitter:card\" content=\"summary_large_image\" \/>\n<script type=\"application\/ld+json\" class=\"yoast-schema-graph\">{\"@context\":\"https:\/\/schema.org\",\"@graph\":[{\"@type\":\"WebPage\",\"@id\":\"https:\/\/asteralabs.org\/cs\/product\/melanotan-2\/\",\"url\":\"https:\/\/asteralabs.org\/cs\/product\/melanotan-2\/\",\"name\":\"Melanotan 2 - Astera Labs\",\"isPartOf\":{\"@id\":\"https:\/\/asteralabs.org\/cs\/#website\"},\"primaryImageOfPage\":{\"@id\":\"https:\/\/asteralabs.org\/cs\/product\/melanotan-2\/#primaryimage\"},\"image\":{\"@id\":\"https:\/\/asteralabs.org\/cs\/product\/melanotan-2\/#primaryimage\"},\"thumbnailUrl\":\"https:\/\/asteralabs.org\/wp-content\/uploads\/2023\/09\/Melanotan2-vial-front-noBG.png\",\"datePublished\":\"2023-09-07T12:45:54+00:00\",\"dateModified\":\"2026-01-15T07:56:11+00:00\",\"breadcrumb\":{\"@id\":\"https:\/\/asteralabs.org\/cs\/product\/melanotan-2\/#breadcrumb\"},\"inLanguage\":\"cs\",\"potentialAction\":[{\"@type\":\"ReadAction\",\"target\":[\"https:\/\/asteralabs.org\/cs\/product\/melanotan-2\/\"]}]},{\"@type\":\"ImageObject\",\"inLanguage\":\"cs\",\"@id\":\"https:\/\/asteralabs.org\/cs\/product\/melanotan-2\/#primaryimage\",\"url\":\"https:\/\/asteralabs.org\/wp-content\/uploads\/2023\/09\/Melanotan2-vial-front-noBG.png\",\"contentUrl\":\"https:\/\/asteralabs.org\/wp-content\/uploads\/2023\/09\/Melanotan2-vial-front-noBG.png\",\"width\":2000,\"height\":2000},{\"@type\":\"BreadcrumbList\",\"@id\":\"https:\/\/asteralabs.org\/cs\/product\/melanotan-2\/#breadcrumb\",\"itemListElement\":[{\"@type\":\"ListItem\",\"position\":1,\"name\":\"Home\",\"item\":\"https:\/\/asteralabs.org\/cs\/\"},{\"@type\":\"ListItem\",\"position\":2,\"name\":\"Obchod\",\"item\":\"https:\/\/asteralabs.org\/obchod\/\"},{\"@type\":\"ListItem\",\"position\":3,\"name\":\"Melanotan 2\"}]},{\"@type\":\"WebSite\",\"@id\":\"https:\/\/asteralabs.org\/cs\/#website\",\"url\":\"https:\/\/asteralabs.org\/cs\/\",\"name\":\"Astera Labs\",\"description\":\"Improve Your Quality Of Life\",\"publisher\":{\"@id\":\"https:\/\/asteralabs.org\/cs\/#organization\"},\"potentialAction\":[{\"@type\":\"SearchAction\",\"target\":{\"@type\":\"EntryPoint\",\"urlTemplate\":\"https:\/\/asteralabs.org\/cs\/?s={search_term_string}\"},\"query-input\":\"required name=search_term_string\"}],\"inLanguage\":\"cs\"},{\"@type\":\"Organization\",\"@id\":\"https:\/\/asteralabs.org\/cs\/#organization\",\"name\":\"Astera Labs\",\"url\":\"https:\/\/asteralabs.org\/cs\/\",\"logo\":{\"@type\":\"ImageObject\",\"inLanguage\":\"cs\",\"@id\":\"https:\/\/asteralabs.org\/cs\/#\/schema\/logo\/image\/\",\"url\":\"https:\/\/asteralabs.org\/wp-content\/uploads\/2022\/12\/astera-2.png\",\"contentUrl\":\"https:\/\/asteralabs.org\/wp-content\/uploads\/2022\/12\/astera-2.png\",\"width\":437,\"height\":111,\"caption\":\"Astera Labs\"},\"image\":{\"@id\":\"https:\/\/asteralabs.org\/cs\/#\/schema\/logo\/image\/\"}}]}<\/script>\n<!-- \/ Yoast SEO plugin. -->","yoast_head_json":{"title":"Melanotan 2 - Astera Labs","robots":{"index":"index","follow":"follow","max-snippet":"max-snippet:-1","max-image-preview":"max-image-preview:large","max-video-preview":"max-video-preview:-1"},"canonical":"https:\/\/asteralabs.org\/cs\/product\/melanotan-2\/","og_locale":"cs_CZ","og_type":"article","og_title":"Melanotan 2 - Astera Labs","og_description":"D\u00c1VKOV\u00c1N\u00cd: Melanotan II peptidov\u00fd hormon, 10 mg v lahvi\u010dce OBSAH BALEN\u00cd: 1 lahvi\u010dka obsahuj\u00edc\u00ed 10 mg injek\u010dn\u00edho roztoku peptidu CO TO JE: Melanotan II je syntetick\u00fd analog peptidov\u00e9ho hormonu alfa-melanocyty stimuluj\u00edc\u00edho hormonu (\u03b1-MSH), kter\u00fd je prim\u00e1rn\u011b zodpov\u011bdn\u00fd za podporu op\u00e1len\u00ed k\u016f\u017ee stimulac\u00ed produkce melaninu. Tento peptid nejen zvy\u0161uje pigmentaci k\u016f\u017ee, ale vykazuje i dal\u0161\u00ed pozoruhodn\u00e9&hellip;","og_url":"https:\/\/asteralabs.org\/cs\/product\/melanotan-2\/","og_site_name":"Astera Labs","article_modified_time":"2026-01-15T07:56:11+00:00","og_image":[{"width":2000,"height":2000,"url":"https:\/\/asteralabs.org\/wp-content\/uploads\/2023\/09\/Melanotan2-vial-front-noBG.png","type":"image\/png"}],"twitter_card":"summary_large_image","schema":{"@context":"https:\/\/schema.org","@graph":[{"@type":"WebPage","@id":"https:\/\/asteralabs.org\/cs\/product\/melanotan-2\/","url":"https:\/\/asteralabs.org\/cs\/product\/melanotan-2\/","name":"Melanotan 2 - Astera Labs","isPartOf":{"@id":"https:\/\/asteralabs.org\/cs\/#website"},"primaryImageOfPage":{"@id":"https:\/\/asteralabs.org\/cs\/product\/melanotan-2\/#primaryimage"},"image":{"@id":"https:\/\/asteralabs.org\/cs\/product\/melanotan-2\/#primaryimage"},"thumbnailUrl":"https:\/\/asteralabs.org\/wp-content\/uploads\/2023\/09\/Melanotan2-vial-front-noBG.png","datePublished":"2023-09-07T12:45:54+00:00","dateModified":"2026-01-15T07:56:11+00:00","breadcrumb":{"@id":"https:\/\/asteralabs.org\/cs\/product\/melanotan-2\/#breadcrumb"},"inLanguage":"cs","potentialAction":[{"@type":"ReadAction","target":["https:\/\/asteralabs.org\/cs\/product\/melanotan-2\/"]}]},{"@type":"ImageObject","inLanguage":"cs","@id":"https:\/\/asteralabs.org\/cs\/product\/melanotan-2\/#primaryimage","url":"https:\/\/asteralabs.org\/wp-content\/uploads\/2023\/09\/Melanotan2-vial-front-noBG.png","contentUrl":"https:\/\/asteralabs.org\/wp-content\/uploads\/2023\/09\/Melanotan2-vial-front-noBG.png","width":2000,"height":2000},{"@type":"BreadcrumbList","@id":"https:\/\/asteralabs.org\/cs\/product\/melanotan-2\/#breadcrumb","itemListElement":[{"@type":"ListItem","position":1,"name":"Home","item":"https:\/\/asteralabs.org\/cs\/"},{"@type":"ListItem","position":2,"name":"Obchod","item":"https:\/\/asteralabs.org\/obchod\/"},{"@type":"ListItem","position":3,"name":"Melanotan 2"}]},{"@type":"WebSite","@id":"https:\/\/asteralabs.org\/cs\/#website","url":"https:\/\/asteralabs.org\/cs\/","name":"Astera Labs","description":"Improve Your Quality Of Life","publisher":{"@id":"https:\/\/asteralabs.org\/cs\/#organization"},"potentialAction":[{"@type":"SearchAction","target":{"@type":"EntryPoint","urlTemplate":"https:\/\/asteralabs.org\/cs\/?s={search_term_string}"},"query-input":"required name=search_term_string"}],"inLanguage":"cs"},{"@type":"Organization","@id":"https:\/\/asteralabs.org\/cs\/#organization","name":"Astera Labs","url":"https:\/\/asteralabs.org\/cs\/","logo":{"@type":"ImageObject","inLanguage":"cs","@id":"https:\/\/asteralabs.org\/cs\/#\/schema\/logo\/image\/","url":"https:\/\/asteralabs.org\/wp-content\/uploads\/2022\/12\/astera-2.png","contentUrl":"https:\/\/asteralabs.org\/wp-content\/uploads\/2022\/12\/astera-2.png","width":437,"height":111,"caption":"Astera Labs"},"image":{"@id":"https:\/\/asteralabs.org\/cs\/#\/schema\/logo\/image\/"}}]}},"_links":{"self":[{"href":"https:\/\/asteralabs.org\/cs\/wp-json\/wp\/v2\/product\/78018"}],"collection":[{"href":"https:\/\/asteralabs.org\/cs\/wp-json\/wp\/v2\/product"}],"about":[{"href":"https:\/\/asteralabs.org\/cs\/wp-json\/wp\/v2\/types\/product"}],"replies":[{"embeddable":true,"href":"https:\/\/asteralabs.org\/cs\/wp-json\/wp\/v2\/comments?post=78018"}],"version-history":[{"count":1,"href":"https:\/\/asteralabs.org\/cs\/wp-json\/wp\/v2\/product\/78018\/revisions"}],"predecessor-version":[{"id":79176,"href":"https:\/\/asteralabs.org\/cs\/wp-json\/wp\/v2\/product\/78018\/revisions\/79176"}],"wp:featuredmedia":[{"embeddable":true,"href":"https:\/\/asteralabs.org\/cs\/wp-json\/wp\/v2\/media\/76511"}],"wp:attachment":[{"href":"https:\/\/asteralabs.org\/cs\/wp-json\/wp\/v2\/media?parent=78018"}],"wp:term":[{"taxonomy":"product_cat","embeddable":true,"href":"https:\/\/asteralabs.org\/cs\/wp-json\/wp\/v2\/product_cat?post=78018"},{"taxonomy":"product_tag","embeddable":true,"href":"https:\/\/asteralabs.org\/cs\/wp-json\/wp\/v2\/product_tag?post=78018"}],"curies":[{"name":"wp","href":"https:\/\/api.w.org\/{rel}","templated":true}]}}