{"id":78033,"date":"2023-09-07T12:40:11","date_gmt":"2023-09-07T12:40:11","guid":{"rendered":"https:\/\/asteralabs.org\/product\/hgh-lidsky-rustovy-hormon\/"},"modified":"2026-01-15T10:21:44","modified_gmt":"2026-01-15T10:21:44","slug":"hgh-lidsky-rustovy-hormon","status":"publish","type":"product","link":"https:\/\/asteralabs.org\/cs\/product\/hgh-lidsky-rustovy-hormon\/","title":{"rendered":"HGH (lidsk\u00fd r\u016fstov\u00fd hormon)"},"content":{"rendered":"<p><strong>D\u00e1vkov\u00e1n\u00ed<\/strong>: lidsk\u00fd r\u016fstov\u00fd hormon (HGH), 16 IU v jedn\u00e9 lahvi\u010dce<\/p>\n<p><strong>OBSAH BALEN\u00cd:<\/strong><\/p>\n<p>10 lahvi\u010dek, ka\u017ed\u00e1 obsahuje 16 IU injek\u010dn\u00edho roztoku<\/p>\n<p><strong>CO TO JE:<\/strong><\/p>\n<p>Lidsk\u00fd r\u016fstov\u00fd hormon (HGH) je p\u0159irozen\u011b se vyskytuj\u00edc\u00ed hormon produkovan\u00fd hypof\u00fdzou, kter\u00fd je nezbytn\u00fd pro r\u016fst, v\u00fdvoj a regeneraci tk\u00e1n\u00ed. Syntetick\u00fd HGH, identick\u00fd s p\u0159irozen\u00fdm hormonem, se pou\u017e\u00edv\u00e1 k l\u00e9\u010db\u011b poruch r\u016fstu u d\u011bt\u00ed a hormon\u00e1ln\u00edch nedostatk\u016f u dosp\u011bl\u00fdch. Je tak\u00e9 vyhled\u00e1v\u00e1n pro sv\u00e9 potenci\u00e1ln\u00ed p\u0159\u00ednosy p\u0159i r\u016fstu sval\u016f, odbour\u00e1v\u00e1n\u00ed tuk\u016f a proti st\u00e1rnut\u00ed. HGH podporuje rozvoj sval\u016f, podporuje odbour\u00e1v\u00e1n\u00ed tuk\u016f, zvy\u0161uje hustotu kost\u00ed a pom\u00e1h\u00e1 p\u0159i obnov\u011b pojivov\u00fdch tk\u00e1n\u00ed, co\u017e z n\u011bj \u010din\u00ed v\u0161estrann\u00fd hormon pro optimalizaci zdrav\u00ed a v\u00fdkonu.<\/p>\n<p><strong>N\u00c1VOD K POU\u017dIT\u00cd:<\/strong><\/p>\n<ul>\n<li>Pro v\u0161eobecn\u00e9 pou\u017eit\u00ed:<\/li>\n<\/ul>\n<p>Obvykl\u00e1 d\u00e1vka se pohybuje v rozmez\u00ed 1-4 IU denn\u011b. Ni\u017e\u0161\u00ed d\u00e1vky (1-2IU) se \u010dasto pou\u017e\u00edvaj\u00ed proti st\u00e1rnut\u00ed nebo pro wellness, zat\u00edmco vy\u0161\u0161\u00ed d\u00e1vky (3-10IU) mohou b\u00fdt p\u0159edeps\u00e1ny pro terapeutick\u00e9 \u00fa\u010dely nebo pro \u00fa\u010dely zv\u00fd\u0161en\u00ed v\u00fdkonu, nap\u0159\u00edklad 3IU se pou\u017e\u00edvaj\u00ed pro \u00fa\u010dely spalov\u00e1n\u00ed tuk\u016f a 4-8IU pro \u00fa\u010dely z\u00edsk\u00e1n\u00ed hmoty.<\/p>\n<ul>\n<li>Spr\u00e1va:<\/li>\n<\/ul>\n<p>HGH se pod\u00e1v\u00e1 podko\u017en\u00ed injekc\u00ed do tukov\u00e9 tk\u00e1n\u011b b\u0159icha, stehen nebo h\u00fd\u017ed\u00ed.<\/p>\n<ul>\n<li>Na\u010dasov\u00e1n\u00ed:<\/li>\n<\/ul>\n<p>Injekce se obvykle pod\u00e1vaj\u00ed r\u00e1no nebo p\u0159ed span\u00edm, aby se sladily s p\u0159irozen\u00fdm vylu\u010dov\u00e1n\u00edm v t\u011ble a optimalizovaly se jejich \u00fa\u010dinky.Pokud je d\u00e1vka vy\u0161\u0161\u00ed ne\u017e 2IU, m\u011bla by b\u00fdt rozd\u011blena rovnom\u011brn\u011b mezi r\u00e1no a p\u0159ed span\u00edm a m\u011bla by se pod\u00e1vat nala\u010dno. <strong><br \/>\nInformace o \u0161ar\u017ei:<br \/>\n<\/strong>\u010c\u00edslo \u0161ar\u017ee: <span data-sheets-root=\"1\">IT47260<\/span><br \/>\nDatum v\u00fdroby: <span data-sheets-root=\"1\" data-sheets-value=\"{\" data-sheets-userformat=\"{\">10.2025<\/span>.<br \/>\nDatum pou\u017eitelnosti: <span data-sheets-root=\"1\" data-sheets-value=\"{\" data-sheets-userformat=\"{\">10.2028<\/span>.<\/p>\n","protected":false},"excerpt":{"rendered":"<p>D\u00e1vkov\u00e1n\u00ed: lidsk\u00fd r\u016fstov\u00fd hormon (HGH), 16 IU v jedn\u00e9 lahvi\u010dce OBSAH BALEN\u00cd: 10 lahvi\u010dek, ka\u017ed\u00e1 obsahuje 16 IU injek\u010dn\u00edho roztoku CO TO JE: Lidsk\u00fd r\u016fstov\u00fd hormon (HGH) je p\u0159irozen\u011b se vyskytuj\u00edc\u00ed hormon produkovan\u00fd hypof\u00fdzou, kter\u00fd je nezbytn\u00fd pro r\u016fst, v\u00fdvoj a regeneraci tk\u00e1n\u00ed. Syntetick\u00fd HGH, identick\u00fd s p\u0159irozen\u00fdm hormonem, se pou\u017e\u00edv\u00e1 k l\u00e9\u010db\u011b poruch r\u016fstu&hellip;<\/p>\n","protected":false},"featured_media":80473,"comment_status":"closed","ping_status":"closed","template":"","meta":[],"product_cat":[153,195],"product_tag":[],"yoast_head":"<!-- This site is optimized with the Yoast SEO plugin v23.0 - https:\/\/yoast.com\/wordpress\/plugins\/seo\/ -->\n<title>HGH (lidsk\u00fd r\u016fstov\u00fd hormon) - Astera Labs<\/title>\n<meta name=\"robots\" content=\"index, follow, max-snippet:-1, max-image-preview:large, max-video-preview:-1\" \/>\n<link rel=\"canonical\" href=\"https:\/\/asteralabs.org\/cs\/product\/hgh-lidsky-rustovy-hormon\/\" \/>\n<meta property=\"og:locale\" content=\"cs_CZ\" \/>\n<meta property=\"og:type\" content=\"article\" \/>\n<meta property=\"og:title\" content=\"HGH (lidsk\u00fd r\u016fstov\u00fd hormon) - Astera Labs\" \/>\n<meta property=\"og:description\" content=\"D\u00e1vkov\u00e1n\u00ed: lidsk\u00fd r\u016fstov\u00fd hormon (HGH), 16 IU v jedn\u00e9 lahvi\u010dce OBSAH BALEN\u00cd: 10 lahvi\u010dek, ka\u017ed\u00e1 obsahuje 16 IU injek\u010dn\u00edho roztoku CO TO JE: Lidsk\u00fd r\u016fstov\u00fd hormon (HGH) je p\u0159irozen\u011b se vyskytuj\u00edc\u00ed hormon produkovan\u00fd hypof\u00fdzou, kter\u00fd je nezbytn\u00fd pro r\u016fst, v\u00fdvoj a regeneraci tk\u00e1n\u00ed. Syntetick\u00fd HGH, identick\u00fd s p\u0159irozen\u00fdm hormonem, se pou\u017e\u00edv\u00e1 k l\u00e9\u010db\u011b poruch r\u016fstu&hellip;\" \/>\n<meta property=\"og:url\" content=\"https:\/\/asteralabs.org\/cs\/product\/hgh-lidsky-rustovy-hormon\/\" \/>\n<meta property=\"og:site_name\" content=\"Astera Labs\" \/>\n<meta property=\"article:modified_time\" content=\"2026-01-15T10:21:44+00:00\" \/>\n<meta property=\"og:image\" content=\"https:\/\/asteralabs.org\/wp-content\/uploads\/2023\/09\/HGH-human-growth-hormone-vial-front-noBG.png\" \/>\n\t<meta property=\"og:image:width\" content=\"2000\" \/>\n\t<meta property=\"og:image:height\" content=\"2000\" \/>\n\t<meta property=\"og:image:type\" content=\"image\/png\" \/>\n<meta name=\"twitter:card\" content=\"summary_large_image\" \/>\n<script type=\"application\/ld+json\" class=\"yoast-schema-graph\">{\"@context\":\"https:\/\/schema.org\",\"@graph\":[{\"@type\":\"WebPage\",\"@id\":\"https:\/\/asteralabs.org\/cs\/product\/hgh-lidsky-rustovy-hormon\/\",\"url\":\"https:\/\/asteralabs.org\/cs\/product\/hgh-lidsky-rustovy-hormon\/\",\"name\":\"HGH (lidsk\u00fd r\u016fstov\u00fd hormon) - Astera Labs\",\"isPartOf\":{\"@id\":\"https:\/\/asteralabs.org\/cs\/#website\"},\"primaryImageOfPage\":{\"@id\":\"https:\/\/asteralabs.org\/cs\/product\/hgh-lidsky-rustovy-hormon\/#primaryimage\"},\"image\":{\"@id\":\"https:\/\/asteralabs.org\/cs\/product\/hgh-lidsky-rustovy-hormon\/#primaryimage\"},\"thumbnailUrl\":\"https:\/\/asteralabs.org\/wp-content\/uploads\/2023\/09\/HGH-human-growth-hormone-vial-front-noBG-FIXED.png\",\"datePublished\":\"2023-09-07T12:40:11+00:00\",\"dateModified\":\"2026-01-15T10:21:44+00:00\",\"breadcrumb\":{\"@id\":\"https:\/\/asteralabs.org\/cs\/product\/hgh-lidsky-rustovy-hormon\/#breadcrumb\"},\"inLanguage\":\"cs\",\"potentialAction\":[{\"@type\":\"ReadAction\",\"target\":[\"https:\/\/asteralabs.org\/cs\/product\/hgh-lidsky-rustovy-hormon\/\"]}]},{\"@type\":\"ImageObject\",\"inLanguage\":\"cs\",\"@id\":\"https:\/\/asteralabs.org\/cs\/product\/hgh-lidsky-rustovy-hormon\/#primaryimage\",\"url\":\"https:\/\/asteralabs.org\/wp-content\/uploads\/2023\/09\/HGH-human-growth-hormone-vial-front-noBG-FIXED.png\",\"contentUrl\":\"https:\/\/asteralabs.org\/wp-content\/uploads\/2023\/09\/HGH-human-growth-hormone-vial-front-noBG-FIXED.png\",\"width\":2000,\"height\":2000},{\"@type\":\"BreadcrumbList\",\"@id\":\"https:\/\/asteralabs.org\/cs\/product\/hgh-lidsky-rustovy-hormon\/#breadcrumb\",\"itemListElement\":[{\"@type\":\"ListItem\",\"position\":1,\"name\":\"Home\",\"item\":\"https:\/\/asteralabs.org\/cs\/\"},{\"@type\":\"ListItem\",\"position\":2,\"name\":\"Obchod\",\"item\":\"https:\/\/asteralabs.org\/obchod\/\"},{\"@type\":\"ListItem\",\"position\":3,\"name\":\"HGH (lidsk\u00fd r\u016fstov\u00fd hormon)\"}]},{\"@type\":\"WebSite\",\"@id\":\"https:\/\/asteralabs.org\/cs\/#website\",\"url\":\"https:\/\/asteralabs.org\/cs\/\",\"name\":\"Astera Labs\",\"description\":\"Improve Your Quality Of Life\",\"publisher\":{\"@id\":\"https:\/\/asteralabs.org\/cs\/#organization\"},\"potentialAction\":[{\"@type\":\"SearchAction\",\"target\":{\"@type\":\"EntryPoint\",\"urlTemplate\":\"https:\/\/asteralabs.org\/cs\/?s={search_term_string}\"},\"query-input\":\"required name=search_term_string\"}],\"inLanguage\":\"cs\"},{\"@type\":\"Organization\",\"@id\":\"https:\/\/asteralabs.org\/cs\/#organization\",\"name\":\"Astera Labs\",\"url\":\"https:\/\/asteralabs.org\/cs\/\",\"logo\":{\"@type\":\"ImageObject\",\"inLanguage\":\"cs\",\"@id\":\"https:\/\/asteralabs.org\/cs\/#\/schema\/logo\/image\/\",\"url\":\"https:\/\/asteralabs.org\/wp-content\/uploads\/2022\/12\/astera-2.png\",\"contentUrl\":\"https:\/\/asteralabs.org\/wp-content\/uploads\/2022\/12\/astera-2.png\",\"width\":437,\"height\":111,\"caption\":\"Astera Labs\"},\"image\":{\"@id\":\"https:\/\/asteralabs.org\/cs\/#\/schema\/logo\/image\/\"}}]}<\/script>\n<!-- \/ Yoast SEO plugin. -->","yoast_head_json":{"title":"HGH (lidsk\u00fd r\u016fstov\u00fd hormon) - Astera Labs","robots":{"index":"index","follow":"follow","max-snippet":"max-snippet:-1","max-image-preview":"max-image-preview:large","max-video-preview":"max-video-preview:-1"},"canonical":"https:\/\/asteralabs.org\/cs\/product\/hgh-lidsky-rustovy-hormon\/","og_locale":"cs_CZ","og_type":"article","og_title":"HGH (lidsk\u00fd r\u016fstov\u00fd hormon) - Astera Labs","og_description":"D\u00e1vkov\u00e1n\u00ed: lidsk\u00fd r\u016fstov\u00fd hormon (HGH), 16 IU v jedn\u00e9 lahvi\u010dce OBSAH BALEN\u00cd: 10 lahvi\u010dek, ka\u017ed\u00e1 obsahuje 16 IU injek\u010dn\u00edho roztoku CO TO JE: Lidsk\u00fd r\u016fstov\u00fd hormon (HGH) je p\u0159irozen\u011b se vyskytuj\u00edc\u00ed hormon produkovan\u00fd hypof\u00fdzou, kter\u00fd je nezbytn\u00fd pro r\u016fst, v\u00fdvoj a regeneraci tk\u00e1n\u00ed. Syntetick\u00fd HGH, identick\u00fd s p\u0159irozen\u00fdm hormonem, se pou\u017e\u00edv\u00e1 k l\u00e9\u010db\u011b poruch r\u016fstu&hellip;","og_url":"https:\/\/asteralabs.org\/cs\/product\/hgh-lidsky-rustovy-hormon\/","og_site_name":"Astera Labs","article_modified_time":"2026-01-15T10:21:44+00:00","og_image":[{"width":2000,"height":2000,"url":"https:\/\/asteralabs.org\/wp-content\/uploads\/2023\/09\/HGH-human-growth-hormone-vial-front-noBG.png","type":"image\/png"}],"twitter_card":"summary_large_image","schema":{"@context":"https:\/\/schema.org","@graph":[{"@type":"WebPage","@id":"https:\/\/asteralabs.org\/cs\/product\/hgh-lidsky-rustovy-hormon\/","url":"https:\/\/asteralabs.org\/cs\/product\/hgh-lidsky-rustovy-hormon\/","name":"HGH (lidsk\u00fd r\u016fstov\u00fd hormon) - Astera Labs","isPartOf":{"@id":"https:\/\/asteralabs.org\/cs\/#website"},"primaryImageOfPage":{"@id":"https:\/\/asteralabs.org\/cs\/product\/hgh-lidsky-rustovy-hormon\/#primaryimage"},"image":{"@id":"https:\/\/asteralabs.org\/cs\/product\/hgh-lidsky-rustovy-hormon\/#primaryimage"},"thumbnailUrl":"https:\/\/asteralabs.org\/wp-content\/uploads\/2023\/09\/HGH-human-growth-hormone-vial-front-noBG-FIXED.png","datePublished":"2023-09-07T12:40:11+00:00","dateModified":"2026-01-15T10:21:44+00:00","breadcrumb":{"@id":"https:\/\/asteralabs.org\/cs\/product\/hgh-lidsky-rustovy-hormon\/#breadcrumb"},"inLanguage":"cs","potentialAction":[{"@type":"ReadAction","target":["https:\/\/asteralabs.org\/cs\/product\/hgh-lidsky-rustovy-hormon\/"]}]},{"@type":"ImageObject","inLanguage":"cs","@id":"https:\/\/asteralabs.org\/cs\/product\/hgh-lidsky-rustovy-hormon\/#primaryimage","url":"https:\/\/asteralabs.org\/wp-content\/uploads\/2023\/09\/HGH-human-growth-hormone-vial-front-noBG-FIXED.png","contentUrl":"https:\/\/asteralabs.org\/wp-content\/uploads\/2023\/09\/HGH-human-growth-hormone-vial-front-noBG-FIXED.png","width":2000,"height":2000},{"@type":"BreadcrumbList","@id":"https:\/\/asteralabs.org\/cs\/product\/hgh-lidsky-rustovy-hormon\/#breadcrumb","itemListElement":[{"@type":"ListItem","position":1,"name":"Home","item":"https:\/\/asteralabs.org\/cs\/"},{"@type":"ListItem","position":2,"name":"Obchod","item":"https:\/\/asteralabs.org\/obchod\/"},{"@type":"ListItem","position":3,"name":"HGH (lidsk\u00fd r\u016fstov\u00fd hormon)"}]},{"@type":"WebSite","@id":"https:\/\/asteralabs.org\/cs\/#website","url":"https:\/\/asteralabs.org\/cs\/","name":"Astera Labs","description":"Improve Your Quality Of Life","publisher":{"@id":"https:\/\/asteralabs.org\/cs\/#organization"},"potentialAction":[{"@type":"SearchAction","target":{"@type":"EntryPoint","urlTemplate":"https:\/\/asteralabs.org\/cs\/?s={search_term_string}"},"query-input":"required name=search_term_string"}],"inLanguage":"cs"},{"@type":"Organization","@id":"https:\/\/asteralabs.org\/cs\/#organization","name":"Astera Labs","url":"https:\/\/asteralabs.org\/cs\/","logo":{"@type":"ImageObject","inLanguage":"cs","@id":"https:\/\/asteralabs.org\/cs\/#\/schema\/logo\/image\/","url":"https:\/\/asteralabs.org\/wp-content\/uploads\/2022\/12\/astera-2.png","contentUrl":"https:\/\/asteralabs.org\/wp-content\/uploads\/2022\/12\/astera-2.png","width":437,"height":111,"caption":"Astera Labs"},"image":{"@id":"https:\/\/asteralabs.org\/cs\/#\/schema\/logo\/image\/"}}]}},"_links":{"self":[{"href":"https:\/\/asteralabs.org\/cs\/wp-json\/wp\/v2\/product\/78033"}],"collection":[{"href":"https:\/\/asteralabs.org\/cs\/wp-json\/wp\/v2\/product"}],"about":[{"href":"https:\/\/asteralabs.org\/cs\/wp-json\/wp\/v2\/types\/product"}],"replies":[{"embeddable":true,"href":"https:\/\/asteralabs.org\/cs\/wp-json\/wp\/v2\/comments?post=78033"}],"version-history":[{"count":1,"href":"https:\/\/asteralabs.org\/cs\/wp-json\/wp\/v2\/product\/78033\/revisions"}],"predecessor-version":[{"id":79431,"href":"https:\/\/asteralabs.org\/cs\/wp-json\/wp\/v2\/product\/78033\/revisions\/79431"}],"wp:featuredmedia":[{"embeddable":true,"href":"https:\/\/asteralabs.org\/cs\/wp-json\/wp\/v2\/media\/80473"}],"wp:attachment":[{"href":"https:\/\/asteralabs.org\/cs\/wp-json\/wp\/v2\/media?parent=78033"}],"wp:term":[{"taxonomy":"product_cat","embeddable":true,"href":"https:\/\/asteralabs.org\/cs\/wp-json\/wp\/v2\/product_cat?post=78033"},{"taxonomy":"product_tag","embeddable":true,"href":"https:\/\/asteralabs.org\/cs\/wp-json\/wp\/v2\/product_tag?post=78033"}],"curies":[{"name":"wp","href":"https:\/\/api.w.org\/{rel}","templated":true}]}}