{"id":78039,"date":"2023-09-07T12:39:07","date_gmt":"2023-09-07T12:39:07","guid":{"rendered":"https:\/\/asteralabs.org\/product\/hcg-lidsky-choriovy-gonadotropin\/"},"modified":"2026-01-15T10:42:12","modified_gmt":"2026-01-15T10:42:12","slug":"hcg-lidsky-choriovy-gonadotropin","status":"publish","type":"product","link":"https:\/\/asteralabs.org\/cs\/product\/hcg-lidsky-choriovy-gonadotropin\/","title":{"rendered":"HCG (lidsk\u00fd choriov\u00fd gonadotropin)"},"content":{"rendered":"<p><strong>D\u00c1VKOV\u00c1N\u00cd<\/strong>: lidsk\u00fd choriov\u00fd gonadotropin (HCG), 5000 IU v jedn\u00e9 lahvi\u010dce<\/p>\n<p><strong>OBSAH BALEN\u00cd:<\/strong><\/p>\n<p>1 lahvi\u010dka obsahuj\u00edc\u00ed 5000 IU injek\u010dn\u00edho roztoku<\/p>\n<p><strong>CO TO JE:<\/strong><\/p>\n<p>Lidsk\u00fd choriov\u00fd gonadotropin (HCG) je vysoce \u00fa\u010dinn\u00fd injek\u010dn\u00ed hormon, kter\u00fd v t\u011ble napodobuje funkci luteiniza\u010dn\u00edho hormonu (LH). B\u011b\u017en\u011b se pou\u017e\u00edv\u00e1 k podpo\u0159e plodnosti u \u017een, k obnoven\u00ed p\u0159irozen\u00e9 hladiny testosteronu u mu\u017e\u016f s n\u00edzkou hladinou testosteronu a k prevenci zmen\u0161ov\u00e1n\u00ed varlat b\u011bhem cykl\u016f anabolick\u00fdch steroid\u016f. HCG podporuje ovulaci, zvy\u0161uje produkci testosteronu, udr\u017euje funkci varlat a zlep\u0161uje kvalitu spermi\u00ed, co\u017e z n\u011bj \u010din\u00ed cenn\u00fd n\u00e1stroj pro reproduk\u010dn\u00ed zdrav\u00ed a hormon\u00e1ln\u00ed rovnov\u00e1hu u mu\u017e\u016f i \u017een.<\/p>\n<p><strong>N\u00c1VOD K POU\u017dIT\u00cd:<\/strong><\/p>\n<p>Doporu\u010den\u00e9 d\u00e1vkov\u00e1n\u00ed HCG z\u00e1vis\u00ed na jeho \u00fa\u010delu:<\/p>\n<ul>\n<li>Pro plodnost (\u017eeny):<\/li>\n<\/ul>\n<p>HCG se pou\u017e\u00edv\u00e1 k vyvol\u00e1n\u00ed ovulace u \u017een podstupuj\u00edc\u00edch l\u00e9\u010dbu neplodnosti. Typick\u00fd protokol zahrnuje jednu intramuskul\u00e1rn\u00ed injekci 5 000-10 000 IU, kter\u00e1 se pod\u00e1v\u00e1 p\u0159ibli\u017en\u011b 36 hodin p\u0159ed pl\u00e1novanou intrauterinn\u00ed inseminac\u00ed (IUI) nebo odb\u011brem vaj\u00ed\u010dek pro oplodn\u011bn\u00ed in vitro (IVF).<\/p>\n<ul>\n<li>Pro podporu plodnosti (mu\u017ei):<\/li>\n<\/ul>\n<p>Obvykl\u00e1 d\u00e1vka se pohybuje v rozmez\u00ed 500-1000 IU a pod\u00e1v\u00e1 se dvakr\u00e1t a\u017e t\u0159ikr\u00e1t t\u00fddn\u011b intramuskul\u00e1rn\u00ed nebo subkut\u00e1nn\u00ed injekc\u00ed. <strong>Informace o \u0161ar\u017ei:<br \/>\n<\/strong>\u010c\u00edslo \u0161ar\u017ee: <span data-sheets-root=\"1\">GR69023<\/span><br \/>\nDatum v\u00fdroby: <span data-sheets-root=\"1\" data-sheets-value=\"{&quot;1&quot;:2,&quot;2&quot;:&quot;03.2023.&quot;}\" data-sheets-userformat=\"{&quot;2&quot;:577,&quot;3&quot;:{&quot;1&quot;:0},&quot;9&quot;:0,&quot;12&quot;:0}\">10.2025.<\/span><br \/>\nDatum exspirace: 10<span data-sheets-root=\"1\" data-sheets-value=\"{&quot;1&quot;:2,&quot;2&quot;:&quot;03.2026.&quot;}\" data-sheets-userformat=\"{&quot;2&quot;:637,&quot;3&quot;:{&quot;1&quot;:0},&quot;5&quot;:{&quot;1&quot;:[{&quot;1&quot;:2,&quot;2&quot;:0,&quot;5&quot;:{&quot;1&quot;:2,&quot;2&quot;:0}},{&quot;1&quot;:0,&quot;2&quot;:0,&quot;3&quot;:3},{&quot;1&quot;:1,&quot;2&quot;:0,&quot;4&quot;:1}]},&quot;6&quot;:{&quot;1&quot;:[{&quot;1&quot;:2,&quot;2&quot;:0,&quot;5&quot;:{&quot;1&quot;:2,&quot;2&quot;:0}},{&quot;1&quot;:0,&quot;2&quot;:0,&quot;3&quot;:3},{&quot;1&quot;:1,&quot;2&quot;:0,&quot;4&quot;:1}]},&quot;7&quot;:{&quot;1&quot;:[{&quot;1&quot;:2,&quot;2&quot;:0,&quot;5&quot;:{&quot;1&quot;:2,&quot;2&quot;:0}},{&quot;1&quot;:0,&quot;2&quot;:0,&quot;3&quot;:3},{&quot;1&quot;:1,&quot;2&quot;:0,&quot;4&quot;:1}]},&quot;8&quot;:{&quot;1&quot;:[{&quot;1&quot;:2,&quot;2&quot;:0,&quot;5&quot;:{&quot;1&quot;:2,&quot;2&quot;:0}},{&quot;1&quot;:0,&quot;2&quot;:0,&quot;3&quot;:3},{&quot;1&quot;:1,&quot;2&quot;:0,&quot;4&quot;:1}]},&quot;9&quot;:0,&quot;12&quot;:0}\">.2028.<\/span><\/p>\n","protected":false},"excerpt":{"rendered":"<p>D\u00c1VKOV\u00c1N\u00cd: lidsk\u00fd choriov\u00fd gonadotropin (HCG), 5000 IU v jedn\u00e9 lahvi\u010dce OBSAH BALEN\u00cd: 1 lahvi\u010dka obsahuj\u00edc\u00ed 5000 IU injek\u010dn\u00edho roztoku CO TO JE: Lidsk\u00fd choriov\u00fd gonadotropin (HCG) je vysoce \u00fa\u010dinn\u00fd injek\u010dn\u00ed hormon, kter\u00fd v t\u011ble napodobuje funkci luteiniza\u010dn\u00edho hormonu (LH). B\u011b\u017en\u011b se pou\u017e\u00edv\u00e1 k podpo\u0159e plodnosti u \u017een, k obnoven\u00ed p\u0159irozen\u00e9 hladiny testosteronu u mu\u017e\u016f s&hellip;<\/p>\n","protected":false},"featured_media":80464,"comment_status":"closed","ping_status":"closed","template":"","meta":[],"product_cat":[153,195],"product_tag":[],"yoast_head":"<!-- This site is optimized with the Yoast SEO plugin v23.0 - https:\/\/yoast.com\/wordpress\/plugins\/seo\/ -->\n<title>HCG (lidsk\u00fd choriov\u00fd gonadotropin) - Astera Labs<\/title>\n<meta name=\"robots\" content=\"index, follow, max-snippet:-1, max-image-preview:large, max-video-preview:-1\" \/>\n<link rel=\"canonical\" href=\"https:\/\/asteralabs.org\/cs\/product\/hcg-lidsky-choriovy-gonadotropin\/\" \/>\n<meta property=\"og:locale\" content=\"cs_CZ\" \/>\n<meta property=\"og:type\" content=\"article\" \/>\n<meta property=\"og:title\" content=\"HCG (lidsk\u00fd choriov\u00fd gonadotropin) - Astera Labs\" \/>\n<meta property=\"og:description\" content=\"D\u00c1VKOV\u00c1N\u00cd: lidsk\u00fd choriov\u00fd gonadotropin (HCG), 5000 IU v jedn\u00e9 lahvi\u010dce OBSAH BALEN\u00cd: 1 lahvi\u010dka obsahuj\u00edc\u00ed 5000 IU injek\u010dn\u00edho roztoku CO TO JE: Lidsk\u00fd choriov\u00fd gonadotropin (HCG) je vysoce \u00fa\u010dinn\u00fd injek\u010dn\u00ed hormon, kter\u00fd v t\u011ble napodobuje funkci luteiniza\u010dn\u00edho hormonu (LH). B\u011b\u017en\u011b se pou\u017e\u00edv\u00e1 k podpo\u0159e plodnosti u \u017een, k obnoven\u00ed p\u0159irozen\u00e9 hladiny testosteronu u mu\u017e\u016f s&hellip;\" \/>\n<meta property=\"og:url\" content=\"https:\/\/asteralabs.org\/cs\/product\/hcg-lidsky-choriovy-gonadotropin\/\" \/>\n<meta property=\"og:site_name\" content=\"Astera Labs\" \/>\n<meta property=\"article:modified_time\" content=\"2026-01-15T10:42:12+00:00\" \/>\n<meta property=\"og:image\" content=\"https:\/\/asteralabs.org\/wp-content\/uploads\/2023\/09\/HCG-vial-front-noBG.png\" \/>\n\t<meta property=\"og:image:width\" content=\"2000\" \/>\n\t<meta property=\"og:image:height\" content=\"2000\" \/>\n\t<meta property=\"og:image:type\" content=\"image\/png\" \/>\n<meta name=\"twitter:card\" content=\"summary_large_image\" \/>\n<script type=\"application\/ld+json\" class=\"yoast-schema-graph\">{\"@context\":\"https:\/\/schema.org\",\"@graph\":[{\"@type\":\"WebPage\",\"@id\":\"https:\/\/asteralabs.org\/cs\/product\/hcg-lidsky-choriovy-gonadotropin\/\",\"url\":\"https:\/\/asteralabs.org\/cs\/product\/hcg-lidsky-choriovy-gonadotropin\/\",\"name\":\"HCG (lidsk\u00fd choriov\u00fd gonadotropin) - Astera Labs\",\"isPartOf\":{\"@id\":\"https:\/\/asteralabs.org\/cs\/#website\"},\"primaryImageOfPage\":{\"@id\":\"https:\/\/asteralabs.org\/cs\/product\/hcg-lidsky-choriovy-gonadotropin\/#primaryimage\"},\"image\":{\"@id\":\"https:\/\/asteralabs.org\/cs\/product\/hcg-lidsky-choriovy-gonadotropin\/#primaryimage\"},\"thumbnailUrl\":\"https:\/\/asteralabs.org\/wp-content\/uploads\/2023\/09\/HCG-vial-front-noBG-FIXED.png\",\"datePublished\":\"2023-09-07T12:39:07+00:00\",\"dateModified\":\"2026-01-15T10:42:12+00:00\",\"breadcrumb\":{\"@id\":\"https:\/\/asteralabs.org\/cs\/product\/hcg-lidsky-choriovy-gonadotropin\/#breadcrumb\"},\"inLanguage\":\"cs\",\"potentialAction\":[{\"@type\":\"ReadAction\",\"target\":[\"https:\/\/asteralabs.org\/cs\/product\/hcg-lidsky-choriovy-gonadotropin\/\"]}]},{\"@type\":\"ImageObject\",\"inLanguage\":\"cs\",\"@id\":\"https:\/\/asteralabs.org\/cs\/product\/hcg-lidsky-choriovy-gonadotropin\/#primaryimage\",\"url\":\"https:\/\/asteralabs.org\/wp-content\/uploads\/2023\/09\/HCG-vial-front-noBG-FIXED.png\",\"contentUrl\":\"https:\/\/asteralabs.org\/wp-content\/uploads\/2023\/09\/HCG-vial-front-noBG-FIXED.png\",\"width\":2000,\"height\":2000},{\"@type\":\"BreadcrumbList\",\"@id\":\"https:\/\/asteralabs.org\/cs\/product\/hcg-lidsky-choriovy-gonadotropin\/#breadcrumb\",\"itemListElement\":[{\"@type\":\"ListItem\",\"position\":1,\"name\":\"Home\",\"item\":\"https:\/\/asteralabs.org\/cs\/\"},{\"@type\":\"ListItem\",\"position\":2,\"name\":\"Obchod\",\"item\":\"https:\/\/asteralabs.org\/obchod\/\"},{\"@type\":\"ListItem\",\"position\":3,\"name\":\"HCG (lidsk\u00fd choriov\u00fd gonadotropin)\"}]},{\"@type\":\"WebSite\",\"@id\":\"https:\/\/asteralabs.org\/cs\/#website\",\"url\":\"https:\/\/asteralabs.org\/cs\/\",\"name\":\"Astera Labs\",\"description\":\"Improve Your Quality Of Life\",\"publisher\":{\"@id\":\"https:\/\/asteralabs.org\/cs\/#organization\"},\"potentialAction\":[{\"@type\":\"SearchAction\",\"target\":{\"@type\":\"EntryPoint\",\"urlTemplate\":\"https:\/\/asteralabs.org\/cs\/?s={search_term_string}\"},\"query-input\":\"required name=search_term_string\"}],\"inLanguage\":\"cs\"},{\"@type\":\"Organization\",\"@id\":\"https:\/\/asteralabs.org\/cs\/#organization\",\"name\":\"Astera Labs\",\"url\":\"https:\/\/asteralabs.org\/cs\/\",\"logo\":{\"@type\":\"ImageObject\",\"inLanguage\":\"cs\",\"@id\":\"https:\/\/asteralabs.org\/cs\/#\/schema\/logo\/image\/\",\"url\":\"https:\/\/asteralabs.org\/wp-content\/uploads\/2022\/12\/astera-2.png\",\"contentUrl\":\"https:\/\/asteralabs.org\/wp-content\/uploads\/2022\/12\/astera-2.png\",\"width\":437,\"height\":111,\"caption\":\"Astera Labs\"},\"image\":{\"@id\":\"https:\/\/asteralabs.org\/cs\/#\/schema\/logo\/image\/\"}}]}<\/script>\n<!-- \/ Yoast SEO plugin. -->","yoast_head_json":{"title":"HCG (lidsk\u00fd choriov\u00fd gonadotropin) - Astera Labs","robots":{"index":"index","follow":"follow","max-snippet":"max-snippet:-1","max-image-preview":"max-image-preview:large","max-video-preview":"max-video-preview:-1"},"canonical":"https:\/\/asteralabs.org\/cs\/product\/hcg-lidsky-choriovy-gonadotropin\/","og_locale":"cs_CZ","og_type":"article","og_title":"HCG (lidsk\u00fd choriov\u00fd gonadotropin) - Astera Labs","og_description":"D\u00c1VKOV\u00c1N\u00cd: lidsk\u00fd choriov\u00fd gonadotropin (HCG), 5000 IU v jedn\u00e9 lahvi\u010dce OBSAH BALEN\u00cd: 1 lahvi\u010dka obsahuj\u00edc\u00ed 5000 IU injek\u010dn\u00edho roztoku CO TO JE: Lidsk\u00fd choriov\u00fd gonadotropin (HCG) je vysoce \u00fa\u010dinn\u00fd injek\u010dn\u00ed hormon, kter\u00fd v t\u011ble napodobuje funkci luteiniza\u010dn\u00edho hormonu (LH). B\u011b\u017en\u011b se pou\u017e\u00edv\u00e1 k podpo\u0159e plodnosti u \u017een, k obnoven\u00ed p\u0159irozen\u00e9 hladiny testosteronu u mu\u017e\u016f s&hellip;","og_url":"https:\/\/asteralabs.org\/cs\/product\/hcg-lidsky-choriovy-gonadotropin\/","og_site_name":"Astera Labs","article_modified_time":"2026-01-15T10:42:12+00:00","og_image":[{"width":2000,"height":2000,"url":"https:\/\/asteralabs.org\/wp-content\/uploads\/2023\/09\/HCG-vial-front-noBG.png","type":"image\/png"}],"twitter_card":"summary_large_image","schema":{"@context":"https:\/\/schema.org","@graph":[{"@type":"WebPage","@id":"https:\/\/asteralabs.org\/cs\/product\/hcg-lidsky-choriovy-gonadotropin\/","url":"https:\/\/asteralabs.org\/cs\/product\/hcg-lidsky-choriovy-gonadotropin\/","name":"HCG (lidsk\u00fd choriov\u00fd gonadotropin) - Astera Labs","isPartOf":{"@id":"https:\/\/asteralabs.org\/cs\/#website"},"primaryImageOfPage":{"@id":"https:\/\/asteralabs.org\/cs\/product\/hcg-lidsky-choriovy-gonadotropin\/#primaryimage"},"image":{"@id":"https:\/\/asteralabs.org\/cs\/product\/hcg-lidsky-choriovy-gonadotropin\/#primaryimage"},"thumbnailUrl":"https:\/\/asteralabs.org\/wp-content\/uploads\/2023\/09\/HCG-vial-front-noBG-FIXED.png","datePublished":"2023-09-07T12:39:07+00:00","dateModified":"2026-01-15T10:42:12+00:00","breadcrumb":{"@id":"https:\/\/asteralabs.org\/cs\/product\/hcg-lidsky-choriovy-gonadotropin\/#breadcrumb"},"inLanguage":"cs","potentialAction":[{"@type":"ReadAction","target":["https:\/\/asteralabs.org\/cs\/product\/hcg-lidsky-choriovy-gonadotropin\/"]}]},{"@type":"ImageObject","inLanguage":"cs","@id":"https:\/\/asteralabs.org\/cs\/product\/hcg-lidsky-choriovy-gonadotropin\/#primaryimage","url":"https:\/\/asteralabs.org\/wp-content\/uploads\/2023\/09\/HCG-vial-front-noBG-FIXED.png","contentUrl":"https:\/\/asteralabs.org\/wp-content\/uploads\/2023\/09\/HCG-vial-front-noBG-FIXED.png","width":2000,"height":2000},{"@type":"BreadcrumbList","@id":"https:\/\/asteralabs.org\/cs\/product\/hcg-lidsky-choriovy-gonadotropin\/#breadcrumb","itemListElement":[{"@type":"ListItem","position":1,"name":"Home","item":"https:\/\/asteralabs.org\/cs\/"},{"@type":"ListItem","position":2,"name":"Obchod","item":"https:\/\/asteralabs.org\/obchod\/"},{"@type":"ListItem","position":3,"name":"HCG (lidsk\u00fd choriov\u00fd gonadotropin)"}]},{"@type":"WebSite","@id":"https:\/\/asteralabs.org\/cs\/#website","url":"https:\/\/asteralabs.org\/cs\/","name":"Astera Labs","description":"Improve Your Quality Of Life","publisher":{"@id":"https:\/\/asteralabs.org\/cs\/#organization"},"potentialAction":[{"@type":"SearchAction","target":{"@type":"EntryPoint","urlTemplate":"https:\/\/asteralabs.org\/cs\/?s={search_term_string}"},"query-input":"required name=search_term_string"}],"inLanguage":"cs"},{"@type":"Organization","@id":"https:\/\/asteralabs.org\/cs\/#organization","name":"Astera Labs","url":"https:\/\/asteralabs.org\/cs\/","logo":{"@type":"ImageObject","inLanguage":"cs","@id":"https:\/\/asteralabs.org\/cs\/#\/schema\/logo\/image\/","url":"https:\/\/asteralabs.org\/wp-content\/uploads\/2022\/12\/astera-2.png","contentUrl":"https:\/\/asteralabs.org\/wp-content\/uploads\/2022\/12\/astera-2.png","width":437,"height":111,"caption":"Astera Labs"},"image":{"@id":"https:\/\/asteralabs.org\/cs\/#\/schema\/logo\/image\/"}}]}},"_links":{"self":[{"href":"https:\/\/asteralabs.org\/cs\/wp-json\/wp\/v2\/product\/78039"}],"collection":[{"href":"https:\/\/asteralabs.org\/cs\/wp-json\/wp\/v2\/product"}],"about":[{"href":"https:\/\/asteralabs.org\/cs\/wp-json\/wp\/v2\/types\/product"}],"replies":[{"embeddable":true,"href":"https:\/\/asteralabs.org\/cs\/wp-json\/wp\/v2\/comments?post=78039"}],"version-history":[{"count":1,"href":"https:\/\/asteralabs.org\/cs\/wp-json\/wp\/v2\/product\/78039\/revisions"}],"predecessor-version":[{"id":79482,"href":"https:\/\/asteralabs.org\/cs\/wp-json\/wp\/v2\/product\/78039\/revisions\/79482"}],"wp:featuredmedia":[{"embeddable":true,"href":"https:\/\/asteralabs.org\/cs\/wp-json\/wp\/v2\/media\/80464"}],"wp:attachment":[{"href":"https:\/\/asteralabs.org\/cs\/wp-json\/wp\/v2\/media?parent=78039"}],"wp:term":[{"taxonomy":"product_cat","embeddable":true,"href":"https:\/\/asteralabs.org\/cs\/wp-json\/wp\/v2\/product_cat?post=78039"},{"taxonomy":"product_tag","embeddable":true,"href":"https:\/\/asteralabs.org\/cs\/wp-json\/wp\/v2\/product_tag?post=78039"}],"curies":[{"name":"wp","href":"https:\/\/api.w.org\/{rel}","templated":true}]}}