{"id":78046,"date":"2023-09-07T12:36:30","date_gmt":"2023-09-07T12:36:30","guid":{"rendered":"https:\/\/asteralabs.org\/product\/yk11-50-tabs\/"},"modified":"2026-01-15T10:56:38","modified_gmt":"2026-01-15T10:56:38","slug":"yk11-50-tabs","status":"publish","type":"product","link":"https:\/\/asteralabs.org\/cs\/product\/yk11-50-tabs\/","title":{"rendered":"YK11 50 tabs"},"content":{"rendered":"<p><strong>D\u00e1vkov\u00e1n\u00ed<\/strong>: YK11 5 mg v jedn\u00e9 tablet\u011b<\/p>\n<p><strong>OBSAH BALEN\u00cd:<\/strong><\/p>\n<p>1 s\u00e1\u010dek s 50 tabletami, z nich\u017e ka\u017ed\u00e1 obsahuje 5 mg<\/p>\n<p><strong>CO TO JE:<\/strong><\/p>\n<p>YK11 je technicky pova\u017eov\u00e1n za selektivn\u00ed modul\u00e1tor androgenn\u00edch receptor\u016f (SARM), kter\u00fd je zn\u00e1m\u00fd pro sv\u00e9 siln\u00e9 schopnosti inhibice myostatinu. Blokov\u00e1n\u00edm myostatinu umo\u017e\u0148uje YK11 u\u017eivatel\u016fm p\u0159ekonat na\u0161e p\u0159irozen\u00e1 genetick\u00e1 omezen\u00ed, co\u017e umo\u017e\u0148uje v\u00fdrazn\u00fd svalov\u00fd r\u016fst. Byl navr\u017een tak, aby podporoval r\u016fst sval\u016f a n\u00e1r\u016fst s\u00edly.<\/p>\n<p><strong>N\u00c1VOD K POU\u017dIT\u00cd:<\/strong><\/p>\n<p>Dokonce i n\u00edzk\u00e1 d\u00e1vka 5 mg denn\u011b po dobu cyklu 4-8 t\u00fddn\u016f m\u016f\u017ee p\u0159in\u00e9st znateln\u00e9 svalov\u00e9 p\u0159\u00edr\u016fstky. Pro dosa\u017een\u00ed optim\u00e1ln\u00edch v\u00fdsledk\u016f v\u0161ak mnoho u\u017eivatel\u016f d\u00e1v\u00e1 p\u0159ednost denn\u00ed d\u00e1vce 10-20 mg. Doporu\u010duje se u\u017e\u00edvat na konci cyklu, kdy rychlost r\u016fstu sval\u016f dos\u00e1hla plato. <strong><br \/>\nInformace o \u0161ar\u017ei:<br \/>\n<\/strong>\u010c\u00edslo \u0161ar\u017ee: <span data-sheets-root=\"1\">FP38006<\/span><br \/>\nDatum v\u00fdroby: <span data-sheets-root=\"1\" data-sheets-value=\"{&quot;1&quot;:2,&quot;2&quot;:&quot;03.2023.&quot;}\" data-sheets-userformat=\"{&quot;2&quot;:577,&quot;3&quot;:{&quot;1&quot;:0},&quot;9&quot;:0,&quot;12&quot;:0}\">10.2025.<\/span><br \/>\nDatum exspirace: 10<span data-sheets-root=\"1\" data-sheets-value=\"{&quot;1&quot;:2,&quot;2&quot;:&quot;03.2026.&quot;}\" data-sheets-userformat=\"{&quot;2&quot;:637,&quot;3&quot;:{&quot;1&quot;:0},&quot;5&quot;:{&quot;1&quot;:[{&quot;1&quot;:2,&quot;2&quot;:0,&quot;5&quot;:{&quot;1&quot;:2,&quot;2&quot;:0}},{&quot;1&quot;:0,&quot;2&quot;:0,&quot;3&quot;:3},{&quot;1&quot;:1,&quot;2&quot;:0,&quot;4&quot;:1}]},&quot;6&quot;:{&quot;1&quot;:[{&quot;1&quot;:2,&quot;2&quot;:0,&quot;5&quot;:{&quot;1&quot;:2,&quot;2&quot;:0}},{&quot;1&quot;:0,&quot;2&quot;:0,&quot;3&quot;:3},{&quot;1&quot;:1,&quot;2&quot;:0,&quot;4&quot;:1}]},&quot;7&quot;:{&quot;1&quot;:[{&quot;1&quot;:2,&quot;2&quot;:0,&quot;5&quot;:{&quot;1&quot;:2,&quot;2&quot;:0}},{&quot;1&quot;:0,&quot;2&quot;:0,&quot;3&quot;:3},{&quot;1&quot;:1,&quot;2&quot;:0,&quot;4&quot;:1}]},&quot;8&quot;:{&quot;1&quot;:[{&quot;1&quot;:2,&quot;2&quot;:0,&quot;5&quot;:{&quot;1&quot;:2,&quot;2&quot;:0}},{&quot;1&quot;:0,&quot;2&quot;:0,&quot;3&quot;:3},{&quot;1&quot;:1,&quot;2&quot;:0,&quot;4&quot;:1}]},&quot;9&quot;:0,&quot;12&quot;:0}\">.2028.<\/span><\/p>\n","protected":false},"excerpt":{"rendered":"<p>D\u00e1vkov\u00e1n\u00ed: YK11 5 mg v jedn\u00e9 tablet\u011b OBSAH BALEN\u00cd: 1 s\u00e1\u010dek s 50 tabletami, z nich\u017e ka\u017ed\u00e1 obsahuje 5 mg CO TO JE: YK11 je technicky pova\u017eov\u00e1n za selektivn\u00ed modul\u00e1tor androgenn\u00edch receptor\u016f (SARM), kter\u00fd je zn\u00e1m\u00fd pro sv\u00e9 siln\u00e9 schopnosti inhibice myostatinu. Blokov\u00e1n\u00edm myostatinu umo\u017e\u0148uje YK11 u\u017eivatel\u016fm p\u0159ekonat na\u0161e p\u0159irozen\u00e1 genetick\u00e1 omezen\u00ed, co\u017e umo\u017e\u0148uje v\u00fdrazn\u00fd&hellip;<\/p>\n","protected":false},"featured_media":76479,"comment_status":"closed","ping_status":"closed","template":"","meta":[],"product_cat":[153,204],"product_tag":[],"yoast_head":"<!-- This site is optimized with the Yoast SEO plugin v23.0 - https:\/\/yoast.com\/wordpress\/plugins\/seo\/ -->\n<title>YK11 50 tabs - Astera Labs<\/title>\n<meta name=\"robots\" content=\"index, follow, max-snippet:-1, max-image-preview:large, max-video-preview:-1\" \/>\n<link rel=\"canonical\" href=\"https:\/\/asteralabs.org\/cs\/product\/yk11-50-tabs\/\" \/>\n<meta property=\"og:locale\" content=\"cs_CZ\" \/>\n<meta property=\"og:type\" content=\"article\" \/>\n<meta property=\"og:title\" content=\"YK11 50 tabs - Astera Labs\" \/>\n<meta property=\"og:description\" content=\"D\u00e1vkov\u00e1n\u00ed: YK11 5 mg v jedn\u00e9 tablet\u011b OBSAH BALEN\u00cd: 1 s\u00e1\u010dek s 50 tabletami, z nich\u017e ka\u017ed\u00e1 obsahuje 5 mg CO TO JE: YK11 je technicky pova\u017eov\u00e1n za selektivn\u00ed modul\u00e1tor androgenn\u00edch receptor\u016f (SARM), kter\u00fd je zn\u00e1m\u00fd pro sv\u00e9 siln\u00e9 schopnosti inhibice myostatinu. Blokov\u00e1n\u00edm myostatinu umo\u017e\u0148uje YK11 u\u017eivatel\u016fm p\u0159ekonat na\u0161e p\u0159irozen\u00e1 genetick\u00e1 omezen\u00ed, co\u017e umo\u017e\u0148uje v\u00fdrazn\u00fd&hellip;\" \/>\n<meta property=\"og:url\" content=\"https:\/\/asteralabs.org\/cs\/product\/yk11-50-tabs\/\" \/>\n<meta property=\"og:site_name\" content=\"Astera Labs\" \/>\n<meta property=\"article:modified_time\" content=\"2026-01-15T10:56:38+00:00\" \/>\n<meta property=\"og:image\" content=\"https:\/\/asteralabs.org\/wp-content\/uploads\/2023\/09\/Astera-zipbag-SARMs-YK11.png\" \/>\n\t<meta property=\"og:image:width\" content=\"2000\" \/>\n\t<meta property=\"og:image:height\" content=\"2000\" \/>\n\t<meta property=\"og:image:type\" content=\"image\/png\" \/>\n<meta name=\"twitter:card\" content=\"summary_large_image\" \/>\n<script type=\"application\/ld+json\" class=\"yoast-schema-graph\">{\"@context\":\"https:\/\/schema.org\",\"@graph\":[{\"@type\":\"WebPage\",\"@id\":\"https:\/\/asteralabs.org\/cs\/product\/yk11-50-tabs\/\",\"url\":\"https:\/\/asteralabs.org\/cs\/product\/yk11-50-tabs\/\",\"name\":\"YK11 50 tabs - Astera Labs\",\"isPartOf\":{\"@id\":\"https:\/\/asteralabs.org\/cs\/#website\"},\"primaryImageOfPage\":{\"@id\":\"https:\/\/asteralabs.org\/cs\/product\/yk11-50-tabs\/#primaryimage\"},\"image\":{\"@id\":\"https:\/\/asteralabs.org\/cs\/product\/yk11-50-tabs\/#primaryimage\"},\"thumbnailUrl\":\"https:\/\/asteralabs.org\/wp-content\/uploads\/2023\/09\/Astera-zipbag-SARMs-YK11.png\",\"datePublished\":\"2023-09-07T12:36:30+00:00\",\"dateModified\":\"2026-01-15T10:56:38+00:00\",\"breadcrumb\":{\"@id\":\"https:\/\/asteralabs.org\/cs\/product\/yk11-50-tabs\/#breadcrumb\"},\"inLanguage\":\"cs\",\"potentialAction\":[{\"@type\":\"ReadAction\",\"target\":[\"https:\/\/asteralabs.org\/cs\/product\/yk11-50-tabs\/\"]}]},{\"@type\":\"ImageObject\",\"inLanguage\":\"cs\",\"@id\":\"https:\/\/asteralabs.org\/cs\/product\/yk11-50-tabs\/#primaryimage\",\"url\":\"https:\/\/asteralabs.org\/wp-content\/uploads\/2023\/09\/Astera-zipbag-SARMs-YK11.png\",\"contentUrl\":\"https:\/\/asteralabs.org\/wp-content\/uploads\/2023\/09\/Astera-zipbag-SARMs-YK11.png\",\"width\":2000,\"height\":2000},{\"@type\":\"BreadcrumbList\",\"@id\":\"https:\/\/asteralabs.org\/cs\/product\/yk11-50-tabs\/#breadcrumb\",\"itemListElement\":[{\"@type\":\"ListItem\",\"position\":1,\"name\":\"Home\",\"item\":\"https:\/\/asteralabs.org\/cs\/\"},{\"@type\":\"ListItem\",\"position\":2,\"name\":\"Obchod\",\"item\":\"https:\/\/asteralabs.org\/obchod\/\"},{\"@type\":\"ListItem\",\"position\":3,\"name\":\"YK11 50 tabs\"}]},{\"@type\":\"WebSite\",\"@id\":\"https:\/\/asteralabs.org\/cs\/#website\",\"url\":\"https:\/\/asteralabs.org\/cs\/\",\"name\":\"Astera Labs\",\"description\":\"Improve Your Quality Of Life\",\"publisher\":{\"@id\":\"https:\/\/asteralabs.org\/cs\/#organization\"},\"potentialAction\":[{\"@type\":\"SearchAction\",\"target\":{\"@type\":\"EntryPoint\",\"urlTemplate\":\"https:\/\/asteralabs.org\/cs\/?s={search_term_string}\"},\"query-input\":\"required name=search_term_string\"}],\"inLanguage\":\"cs\"},{\"@type\":\"Organization\",\"@id\":\"https:\/\/asteralabs.org\/cs\/#organization\",\"name\":\"Astera Labs\",\"url\":\"https:\/\/asteralabs.org\/cs\/\",\"logo\":{\"@type\":\"ImageObject\",\"inLanguage\":\"cs\",\"@id\":\"https:\/\/asteralabs.org\/cs\/#\/schema\/logo\/image\/\",\"url\":\"https:\/\/asteralabs.org\/wp-content\/uploads\/2022\/12\/astera-2.png\",\"contentUrl\":\"https:\/\/asteralabs.org\/wp-content\/uploads\/2022\/12\/astera-2.png\",\"width\":437,\"height\":111,\"caption\":\"Astera Labs\"},\"image\":{\"@id\":\"https:\/\/asteralabs.org\/cs\/#\/schema\/logo\/image\/\"}}]}<\/script>\n<!-- \/ Yoast SEO plugin. -->","yoast_head_json":{"title":"YK11 50 tabs - Astera Labs","robots":{"index":"index","follow":"follow","max-snippet":"max-snippet:-1","max-image-preview":"max-image-preview:large","max-video-preview":"max-video-preview:-1"},"canonical":"https:\/\/asteralabs.org\/cs\/product\/yk11-50-tabs\/","og_locale":"cs_CZ","og_type":"article","og_title":"YK11 50 tabs - Astera Labs","og_description":"D\u00e1vkov\u00e1n\u00ed: YK11 5 mg v jedn\u00e9 tablet\u011b OBSAH BALEN\u00cd: 1 s\u00e1\u010dek s 50 tabletami, z nich\u017e ka\u017ed\u00e1 obsahuje 5 mg CO TO JE: YK11 je technicky pova\u017eov\u00e1n za selektivn\u00ed modul\u00e1tor androgenn\u00edch receptor\u016f (SARM), kter\u00fd je zn\u00e1m\u00fd pro sv\u00e9 siln\u00e9 schopnosti inhibice myostatinu. Blokov\u00e1n\u00edm myostatinu umo\u017e\u0148uje YK11 u\u017eivatel\u016fm p\u0159ekonat na\u0161e p\u0159irozen\u00e1 genetick\u00e1 omezen\u00ed, co\u017e umo\u017e\u0148uje v\u00fdrazn\u00fd&hellip;","og_url":"https:\/\/asteralabs.org\/cs\/product\/yk11-50-tabs\/","og_site_name":"Astera Labs","article_modified_time":"2026-01-15T10:56:38+00:00","og_image":[{"width":2000,"height":2000,"url":"https:\/\/asteralabs.org\/wp-content\/uploads\/2023\/09\/Astera-zipbag-SARMs-YK11.png","type":"image\/png"}],"twitter_card":"summary_large_image","schema":{"@context":"https:\/\/schema.org","@graph":[{"@type":"WebPage","@id":"https:\/\/asteralabs.org\/cs\/product\/yk11-50-tabs\/","url":"https:\/\/asteralabs.org\/cs\/product\/yk11-50-tabs\/","name":"YK11 50 tabs - Astera Labs","isPartOf":{"@id":"https:\/\/asteralabs.org\/cs\/#website"},"primaryImageOfPage":{"@id":"https:\/\/asteralabs.org\/cs\/product\/yk11-50-tabs\/#primaryimage"},"image":{"@id":"https:\/\/asteralabs.org\/cs\/product\/yk11-50-tabs\/#primaryimage"},"thumbnailUrl":"https:\/\/asteralabs.org\/wp-content\/uploads\/2023\/09\/Astera-zipbag-SARMs-YK11.png","datePublished":"2023-09-07T12:36:30+00:00","dateModified":"2026-01-15T10:56:38+00:00","breadcrumb":{"@id":"https:\/\/asteralabs.org\/cs\/product\/yk11-50-tabs\/#breadcrumb"},"inLanguage":"cs","potentialAction":[{"@type":"ReadAction","target":["https:\/\/asteralabs.org\/cs\/product\/yk11-50-tabs\/"]}]},{"@type":"ImageObject","inLanguage":"cs","@id":"https:\/\/asteralabs.org\/cs\/product\/yk11-50-tabs\/#primaryimage","url":"https:\/\/asteralabs.org\/wp-content\/uploads\/2023\/09\/Astera-zipbag-SARMs-YK11.png","contentUrl":"https:\/\/asteralabs.org\/wp-content\/uploads\/2023\/09\/Astera-zipbag-SARMs-YK11.png","width":2000,"height":2000},{"@type":"BreadcrumbList","@id":"https:\/\/asteralabs.org\/cs\/product\/yk11-50-tabs\/#breadcrumb","itemListElement":[{"@type":"ListItem","position":1,"name":"Home","item":"https:\/\/asteralabs.org\/cs\/"},{"@type":"ListItem","position":2,"name":"Obchod","item":"https:\/\/asteralabs.org\/obchod\/"},{"@type":"ListItem","position":3,"name":"YK11 50 tabs"}]},{"@type":"WebSite","@id":"https:\/\/asteralabs.org\/cs\/#website","url":"https:\/\/asteralabs.org\/cs\/","name":"Astera Labs","description":"Improve Your Quality Of Life","publisher":{"@id":"https:\/\/asteralabs.org\/cs\/#organization"},"potentialAction":[{"@type":"SearchAction","target":{"@type":"EntryPoint","urlTemplate":"https:\/\/asteralabs.org\/cs\/?s={search_term_string}"},"query-input":"required name=search_term_string"}],"inLanguage":"cs"},{"@type":"Organization","@id":"https:\/\/asteralabs.org\/cs\/#organization","name":"Astera Labs","url":"https:\/\/asteralabs.org\/cs\/","logo":{"@type":"ImageObject","inLanguage":"cs","@id":"https:\/\/asteralabs.org\/cs\/#\/schema\/logo\/image\/","url":"https:\/\/asteralabs.org\/wp-content\/uploads\/2022\/12\/astera-2.png","contentUrl":"https:\/\/asteralabs.org\/wp-content\/uploads\/2022\/12\/astera-2.png","width":437,"height":111,"caption":"Astera Labs"},"image":{"@id":"https:\/\/asteralabs.org\/cs\/#\/schema\/logo\/image\/"}}]}},"_links":{"self":[{"href":"https:\/\/asteralabs.org\/cs\/wp-json\/wp\/v2\/product\/78046"}],"collection":[{"href":"https:\/\/asteralabs.org\/cs\/wp-json\/wp\/v2\/product"}],"about":[{"href":"https:\/\/asteralabs.org\/cs\/wp-json\/wp\/v2\/types\/product"}],"replies":[{"embeddable":true,"href":"https:\/\/asteralabs.org\/cs\/wp-json\/wp\/v2\/comments?post=78046"}],"version-history":[{"count":2,"href":"https:\/\/asteralabs.org\/cs\/wp-json\/wp\/v2\/product\/78046\/revisions"}],"predecessor-version":[{"id":79532,"href":"https:\/\/asteralabs.org\/cs\/wp-json\/wp\/v2\/product\/78046\/revisions\/79532"}],"wp:featuredmedia":[{"embeddable":true,"href":"https:\/\/asteralabs.org\/cs\/wp-json\/wp\/v2\/media\/76479"}],"wp:attachment":[{"href":"https:\/\/asteralabs.org\/cs\/wp-json\/wp\/v2\/media?parent=78046"}],"wp:term":[{"taxonomy":"product_cat","embeddable":true,"href":"https:\/\/asteralabs.org\/cs\/wp-json\/wp\/v2\/product_cat?post=78046"},{"taxonomy":"product_tag","embeddable":true,"href":"https:\/\/asteralabs.org\/cs\/wp-json\/wp\/v2\/product_tag?post=78046"}],"curies":[{"name":"wp","href":"https:\/\/api.w.org\/{rel}","templated":true}]}}