{"id":78076,"date":"2023-09-07T12:30:27","date_gmt":"2023-09-07T12:30:27","guid":{"rendered":"https:\/\/asteralabs.org\/product\/rad140-50-tabs\/"},"modified":"2026-01-15T12:38:19","modified_gmt":"2026-01-15T12:38:19","slug":"rad140-50-tabs","status":"publish","type":"product","link":"https:\/\/asteralabs.org\/cs\/product\/rad140-50-tabs\/","title":{"rendered":"RAD140 50 tabs"},"content":{"rendered":"<p><strong>D\u00c1VKOV\u00c1N\u00cd<\/strong>: RAD140 Testolon 10 mg v jedn\u00e9 tablet\u011b<\/p>\n<p><strong>OBSAH BALEN\u00cd:<\/strong><\/p>\n<p>1 s\u00e1\u010dek s 50 tabletami, z nich\u017e ka\u017ed\u00e1 obsahuje 10 mg<\/p>\n<p><strong>CO TO JE:<\/strong><\/p>\n<p>Testolon, ozna\u010dovan\u00fd tak\u00e9 jako RAD140, je selektivn\u00ed modul\u00e1tor androgenn\u00edch receptor\u016f (SARM), kter\u00fd je zn\u00e1m\u00fd pro sv\u016fj siln\u00fd potenci\u00e1l podporovat r\u016fst sval\u016f. Je zn\u00e1m\u00fd jako jeden z nej\u00fa\u010dinn\u011bj\u0161\u00edch SARM pro n\u00e1r\u016fst hmotnosti a je vysoce cen\u011bn\u00fd pro zv\u00fd\u0161en\u00ed svalov\u00e9 velikosti a s\u00edly.<br \/>\n<strong>V\u00ddHODY:<br \/>\n<\/strong><\/p>\n<p>RAD140 se specificky zam\u011b\u0159uje na rozvoj sval\u016f, podporuje jejich r\u016fst i funkci mozku. Krom\u011b objemov\u00fdch cykl\u016f je RAD140 vhodn\u00fd i pro cykly \u0159ez\u00e1n\u00ed, proto\u017ee pom\u00e1h\u00e1 rozv\u00edjet svalovou tk\u00e1\u0148 a z\u00e1rove\u0148 podporuje \u00fabytek tuku, co\u017e z n\u011bj d\u011bl\u00e1 univerz\u00e1ln\u00ed volbu pro r\u016fzn\u00e9 fitness c\u00edle, je tak\u00e9 skv\u011bl\u00fd pro silov\u00e9 v\u00fdkony.<\/p>\n<p><strong>N\u00c1VOD K POU\u017dIT\u00cd:<\/strong><\/p>\n<p>Pro dosa\u017een\u00ed nejlep\u0161\u00edch v\u00fdsledk\u016f se RAD140 obvykle pou\u017e\u00edv\u00e1 v cyklech trvaj\u00edc\u00edch a\u017e 8 t\u00fddn\u016f. Pro zv\u00fd\u0161en\u00ed s\u00edly se \u010dasto doporu\u010duje denn\u00ed d\u00e1vka 10-30 mg, p\u0159i\u010dem\u017e \u00fa\u010dinn\u00e9 d\u00e1vky se pohybuj\u00ed od 10 mg do 100 mg. Doporu\u010duje se nep\u0159ekra\u010dovat 8t\u00fddenn\u00ed cyklus. <strong><br \/>\nInformace o \u0161ar\u017ei:<br \/>\n<\/strong>\u010c\u00edslo \u0161ar\u017ee: <span data-sheets-root=\"1\">SE67214<\/span><br \/>\nDatum v\u00fdroby: 10<span data-sheets-root=\"1\" data-sheets-value=\"{&quot;1&quot;:2,&quot;2&quot;:&quot;03.2023.&quot;}\" data-sheets-userformat=\"{&quot;2&quot;:577,&quot;3&quot;:{&quot;1&quot;:0},&quot;9&quot;:0,&quot;12&quot;:0}\">.2025.<\/span><br \/>\nDatum exspirace: 10<span data-sheets-root=\"1\" data-sheets-value=\"{&quot;1&quot;:2,&quot;2&quot;:&quot;03.2026.&quot;}\" data-sheets-userformat=\"{&quot;2&quot;:637,&quot;3&quot;:{&quot;1&quot;:0},&quot;5&quot;:{&quot;1&quot;:[{&quot;1&quot;:2,&quot;2&quot;:0,&quot;5&quot;:{&quot;1&quot;:2,&quot;2&quot;:0}},{&quot;1&quot;:0,&quot;2&quot;:0,&quot;3&quot;:3},{&quot;1&quot;:1,&quot;2&quot;:0,&quot;4&quot;:1}]},&quot;6&quot;:{&quot;1&quot;:[{&quot;1&quot;:2,&quot;2&quot;:0,&quot;5&quot;:{&quot;1&quot;:2,&quot;2&quot;:0}},{&quot;1&quot;:0,&quot;2&quot;:0,&quot;3&quot;:3},{&quot;1&quot;:1,&quot;2&quot;:0,&quot;4&quot;:1}]},&quot;7&quot;:{&quot;1&quot;:[{&quot;1&quot;:2,&quot;2&quot;:0,&quot;5&quot;:{&quot;1&quot;:2,&quot;2&quot;:0}},{&quot;1&quot;:0,&quot;2&quot;:0,&quot;3&quot;:3},{&quot;1&quot;:1,&quot;2&quot;:0,&quot;4&quot;:1}]},&quot;8&quot;:{&quot;1&quot;:[{&quot;1&quot;:2,&quot;2&quot;:0,&quot;5&quot;:{&quot;1&quot;:2,&quot;2&quot;:0}},{&quot;1&quot;:0,&quot;2&quot;:0,&quot;3&quot;:3},{&quot;1&quot;:1,&quot;2&quot;:0,&quot;4&quot;:1}]},&quot;9&quot;:0,&quot;12&quot;:0}\">.2028.<\/span><\/p>\n","protected":false},"excerpt":{"rendered":"<p>D\u00c1VKOV\u00c1N\u00cd: RAD140 Testolon 10 mg v jedn\u00e9 tablet\u011b OBSAH BALEN\u00cd: 1 s\u00e1\u010dek s 50 tabletami, z nich\u017e ka\u017ed\u00e1 obsahuje 10 mg CO TO JE: Testolon, ozna\u010dovan\u00fd tak\u00e9 jako RAD140, je selektivn\u00ed modul\u00e1tor androgenn\u00edch receptor\u016f (SARM), kter\u00fd je zn\u00e1m\u00fd pro sv\u016fj siln\u00fd potenci\u00e1l podporovat r\u016fst sval\u016f. Je zn\u00e1m\u00fd jako jeden z nej\u00fa\u010dinn\u011bj\u0161\u00edch SARM pro n\u00e1r\u016fst hmotnosti&hellip;<\/p>\n","protected":false},"featured_media":76447,"comment_status":"closed","ping_status":"closed","template":"","meta":[],"product_cat":[153,204],"product_tag":[],"yoast_head":"<!-- This site is optimized with the Yoast SEO plugin v23.0 - https:\/\/yoast.com\/wordpress\/plugins\/seo\/ -->\n<title>RAD140 50 tabs - Astera Labs<\/title>\n<meta name=\"robots\" content=\"index, follow, max-snippet:-1, max-image-preview:large, max-video-preview:-1\" \/>\n<link rel=\"canonical\" href=\"https:\/\/asteralabs.org\/cs\/product\/rad140-50-tabs\/\" \/>\n<meta property=\"og:locale\" content=\"cs_CZ\" \/>\n<meta property=\"og:type\" content=\"article\" \/>\n<meta property=\"og:title\" content=\"RAD140 50 tabs - Astera Labs\" \/>\n<meta property=\"og:description\" content=\"D\u00c1VKOV\u00c1N\u00cd: RAD140 Testolon 10 mg v jedn\u00e9 tablet\u011b OBSAH BALEN\u00cd: 1 s\u00e1\u010dek s 50 tabletami, z nich\u017e ka\u017ed\u00e1 obsahuje 10 mg CO TO JE: Testolon, ozna\u010dovan\u00fd tak\u00e9 jako RAD140, je selektivn\u00ed modul\u00e1tor androgenn\u00edch receptor\u016f (SARM), kter\u00fd je zn\u00e1m\u00fd pro sv\u016fj siln\u00fd potenci\u00e1l podporovat r\u016fst sval\u016f. Je zn\u00e1m\u00fd jako jeden z nej\u00fa\u010dinn\u011bj\u0161\u00edch SARM pro n\u00e1r\u016fst hmotnosti&hellip;\" \/>\n<meta property=\"og:url\" content=\"https:\/\/asteralabs.org\/cs\/product\/rad140-50-tabs\/\" \/>\n<meta property=\"og:site_name\" content=\"Astera Labs\" \/>\n<meta property=\"article:modified_time\" content=\"2026-01-15T12:38:19+00:00\" \/>\n<meta property=\"og:image\" content=\"https:\/\/asteralabs.org\/wp-content\/uploads\/2023\/09\/Astera-zipbag-SARMs-RAD140.png\" \/>\n\t<meta property=\"og:image:width\" content=\"2000\" \/>\n\t<meta property=\"og:image:height\" content=\"2000\" \/>\n\t<meta property=\"og:image:type\" content=\"image\/png\" \/>\n<meta name=\"twitter:card\" content=\"summary_large_image\" \/>\n<script type=\"application\/ld+json\" class=\"yoast-schema-graph\">{\"@context\":\"https:\/\/schema.org\",\"@graph\":[{\"@type\":\"WebPage\",\"@id\":\"https:\/\/asteralabs.org\/cs\/product\/rad140-50-tabs\/\",\"url\":\"https:\/\/asteralabs.org\/cs\/product\/rad140-50-tabs\/\",\"name\":\"RAD140 50 tabs - Astera Labs\",\"isPartOf\":{\"@id\":\"https:\/\/asteralabs.org\/cs\/#website\"},\"primaryImageOfPage\":{\"@id\":\"https:\/\/asteralabs.org\/cs\/product\/rad140-50-tabs\/#primaryimage\"},\"image\":{\"@id\":\"https:\/\/asteralabs.org\/cs\/product\/rad140-50-tabs\/#primaryimage\"},\"thumbnailUrl\":\"https:\/\/asteralabs.org\/wp-content\/uploads\/2023\/09\/Astera-zipbag-SARMs-RAD140.png\",\"datePublished\":\"2023-09-07T12:30:27+00:00\",\"dateModified\":\"2026-01-15T12:38:19+00:00\",\"breadcrumb\":{\"@id\":\"https:\/\/asteralabs.org\/cs\/product\/rad140-50-tabs\/#breadcrumb\"},\"inLanguage\":\"cs\",\"potentialAction\":[{\"@type\":\"ReadAction\",\"target\":[\"https:\/\/asteralabs.org\/cs\/product\/rad140-50-tabs\/\"]}]},{\"@type\":\"ImageObject\",\"inLanguage\":\"cs\",\"@id\":\"https:\/\/asteralabs.org\/cs\/product\/rad140-50-tabs\/#primaryimage\",\"url\":\"https:\/\/asteralabs.org\/wp-content\/uploads\/2023\/09\/Astera-zipbag-SARMs-RAD140.png\",\"contentUrl\":\"https:\/\/asteralabs.org\/wp-content\/uploads\/2023\/09\/Astera-zipbag-SARMs-RAD140.png\",\"width\":2000,\"height\":2000},{\"@type\":\"BreadcrumbList\",\"@id\":\"https:\/\/asteralabs.org\/cs\/product\/rad140-50-tabs\/#breadcrumb\",\"itemListElement\":[{\"@type\":\"ListItem\",\"position\":1,\"name\":\"Home\",\"item\":\"https:\/\/asteralabs.org\/cs\/\"},{\"@type\":\"ListItem\",\"position\":2,\"name\":\"Obchod\",\"item\":\"https:\/\/asteralabs.org\/obchod\/\"},{\"@type\":\"ListItem\",\"position\":3,\"name\":\"RAD140 50 tabs\"}]},{\"@type\":\"WebSite\",\"@id\":\"https:\/\/asteralabs.org\/cs\/#website\",\"url\":\"https:\/\/asteralabs.org\/cs\/\",\"name\":\"Astera Labs\",\"description\":\"Improve Your Quality Of Life\",\"publisher\":{\"@id\":\"https:\/\/asteralabs.org\/cs\/#organization\"},\"potentialAction\":[{\"@type\":\"SearchAction\",\"target\":{\"@type\":\"EntryPoint\",\"urlTemplate\":\"https:\/\/asteralabs.org\/cs\/?s={search_term_string}\"},\"query-input\":\"required name=search_term_string\"}],\"inLanguage\":\"cs\"},{\"@type\":\"Organization\",\"@id\":\"https:\/\/asteralabs.org\/cs\/#organization\",\"name\":\"Astera Labs\",\"url\":\"https:\/\/asteralabs.org\/cs\/\",\"logo\":{\"@type\":\"ImageObject\",\"inLanguage\":\"cs\",\"@id\":\"https:\/\/asteralabs.org\/cs\/#\/schema\/logo\/image\/\",\"url\":\"https:\/\/asteralabs.org\/wp-content\/uploads\/2022\/12\/astera-2.png\",\"contentUrl\":\"https:\/\/asteralabs.org\/wp-content\/uploads\/2022\/12\/astera-2.png\",\"width\":437,\"height\":111,\"caption\":\"Astera Labs\"},\"image\":{\"@id\":\"https:\/\/asteralabs.org\/cs\/#\/schema\/logo\/image\/\"}}]}<\/script>\n<!-- \/ Yoast SEO plugin. -->","yoast_head_json":{"title":"RAD140 50 tabs - Astera Labs","robots":{"index":"index","follow":"follow","max-snippet":"max-snippet:-1","max-image-preview":"max-image-preview:large","max-video-preview":"max-video-preview:-1"},"canonical":"https:\/\/asteralabs.org\/cs\/product\/rad140-50-tabs\/","og_locale":"cs_CZ","og_type":"article","og_title":"RAD140 50 tabs - Astera Labs","og_description":"D\u00c1VKOV\u00c1N\u00cd: RAD140 Testolon 10 mg v jedn\u00e9 tablet\u011b OBSAH BALEN\u00cd: 1 s\u00e1\u010dek s 50 tabletami, z nich\u017e ka\u017ed\u00e1 obsahuje 10 mg CO TO JE: Testolon, ozna\u010dovan\u00fd tak\u00e9 jako RAD140, je selektivn\u00ed modul\u00e1tor androgenn\u00edch receptor\u016f (SARM), kter\u00fd je zn\u00e1m\u00fd pro sv\u016fj siln\u00fd potenci\u00e1l podporovat r\u016fst sval\u016f. Je zn\u00e1m\u00fd jako jeden z nej\u00fa\u010dinn\u011bj\u0161\u00edch SARM pro n\u00e1r\u016fst hmotnosti&hellip;","og_url":"https:\/\/asteralabs.org\/cs\/product\/rad140-50-tabs\/","og_site_name":"Astera Labs","article_modified_time":"2026-01-15T12:38:19+00:00","og_image":[{"width":2000,"height":2000,"url":"https:\/\/asteralabs.org\/wp-content\/uploads\/2023\/09\/Astera-zipbag-SARMs-RAD140.png","type":"image\/png"}],"twitter_card":"summary_large_image","schema":{"@context":"https:\/\/schema.org","@graph":[{"@type":"WebPage","@id":"https:\/\/asteralabs.org\/cs\/product\/rad140-50-tabs\/","url":"https:\/\/asteralabs.org\/cs\/product\/rad140-50-tabs\/","name":"RAD140 50 tabs - Astera Labs","isPartOf":{"@id":"https:\/\/asteralabs.org\/cs\/#website"},"primaryImageOfPage":{"@id":"https:\/\/asteralabs.org\/cs\/product\/rad140-50-tabs\/#primaryimage"},"image":{"@id":"https:\/\/asteralabs.org\/cs\/product\/rad140-50-tabs\/#primaryimage"},"thumbnailUrl":"https:\/\/asteralabs.org\/wp-content\/uploads\/2023\/09\/Astera-zipbag-SARMs-RAD140.png","datePublished":"2023-09-07T12:30:27+00:00","dateModified":"2026-01-15T12:38:19+00:00","breadcrumb":{"@id":"https:\/\/asteralabs.org\/cs\/product\/rad140-50-tabs\/#breadcrumb"},"inLanguage":"cs","potentialAction":[{"@type":"ReadAction","target":["https:\/\/asteralabs.org\/cs\/product\/rad140-50-tabs\/"]}]},{"@type":"ImageObject","inLanguage":"cs","@id":"https:\/\/asteralabs.org\/cs\/product\/rad140-50-tabs\/#primaryimage","url":"https:\/\/asteralabs.org\/wp-content\/uploads\/2023\/09\/Astera-zipbag-SARMs-RAD140.png","contentUrl":"https:\/\/asteralabs.org\/wp-content\/uploads\/2023\/09\/Astera-zipbag-SARMs-RAD140.png","width":2000,"height":2000},{"@type":"BreadcrumbList","@id":"https:\/\/asteralabs.org\/cs\/product\/rad140-50-tabs\/#breadcrumb","itemListElement":[{"@type":"ListItem","position":1,"name":"Home","item":"https:\/\/asteralabs.org\/cs\/"},{"@type":"ListItem","position":2,"name":"Obchod","item":"https:\/\/asteralabs.org\/obchod\/"},{"@type":"ListItem","position":3,"name":"RAD140 50 tabs"}]},{"@type":"WebSite","@id":"https:\/\/asteralabs.org\/cs\/#website","url":"https:\/\/asteralabs.org\/cs\/","name":"Astera Labs","description":"Improve Your Quality Of Life","publisher":{"@id":"https:\/\/asteralabs.org\/cs\/#organization"},"potentialAction":[{"@type":"SearchAction","target":{"@type":"EntryPoint","urlTemplate":"https:\/\/asteralabs.org\/cs\/?s={search_term_string}"},"query-input":"required name=search_term_string"}],"inLanguage":"cs"},{"@type":"Organization","@id":"https:\/\/asteralabs.org\/cs\/#organization","name":"Astera Labs","url":"https:\/\/asteralabs.org\/cs\/","logo":{"@type":"ImageObject","inLanguage":"cs","@id":"https:\/\/asteralabs.org\/cs\/#\/schema\/logo\/image\/","url":"https:\/\/asteralabs.org\/wp-content\/uploads\/2022\/12\/astera-2.png","contentUrl":"https:\/\/asteralabs.org\/wp-content\/uploads\/2022\/12\/astera-2.png","width":437,"height":111,"caption":"Astera Labs"},"image":{"@id":"https:\/\/asteralabs.org\/cs\/#\/schema\/logo\/image\/"}}]}},"_links":{"self":[{"href":"https:\/\/asteralabs.org\/cs\/wp-json\/wp\/v2\/product\/78076"}],"collection":[{"href":"https:\/\/asteralabs.org\/cs\/wp-json\/wp\/v2\/product"}],"about":[{"href":"https:\/\/asteralabs.org\/cs\/wp-json\/wp\/v2\/types\/product"}],"replies":[{"embeddable":true,"href":"https:\/\/asteralabs.org\/cs\/wp-json\/wp\/v2\/comments?post=78076"}],"version-history":[{"count":1,"href":"https:\/\/asteralabs.org\/cs\/wp-json\/wp\/v2\/product\/78076\/revisions"}],"predecessor-version":[{"id":79716,"href":"https:\/\/asteralabs.org\/cs\/wp-json\/wp\/v2\/product\/78076\/revisions\/79716"}],"wp:featuredmedia":[{"embeddable":true,"href":"https:\/\/asteralabs.org\/cs\/wp-json\/wp\/v2\/media\/76447"}],"wp:attachment":[{"href":"https:\/\/asteralabs.org\/cs\/wp-json\/wp\/v2\/media?parent=78076"}],"wp:term":[{"taxonomy":"product_cat","embeddable":true,"href":"https:\/\/asteralabs.org\/cs\/wp-json\/wp\/v2\/product_cat?post=78076"},{"taxonomy":"product_tag","embeddable":true,"href":"https:\/\/asteralabs.org\/cs\/wp-json\/wp\/v2\/product_tag?post=78076"}],"curies":[{"name":"wp","href":"https:\/\/api.w.org\/{rel}","templated":true}]}}