{"id":78083,"date":"2023-09-07T12:29:31","date_gmt":"2023-09-07T12:29:31","guid":{"rendered":"https:\/\/asteralabs.org\/product\/mk677-50-tabs\/"},"modified":"2026-01-15T12:43:01","modified_gmt":"2026-01-15T12:43:01","slug":"mk677-50-tabs","status":"publish","type":"product","link":"https:\/\/asteralabs.org\/cs\/product\/mk677-50-tabs\/","title":{"rendered":"MK677 50 tabs"},"content":{"rendered":"<p><strong>D\u00c1VKOV\u00c1N\u00cd<\/strong>:<br \/>\nMK-677 Ibutamoren 10 mg v jedn\u00e9 tablet\u011b<\/p>\n<p><strong>OBSAH BALEN\u00cd:<\/strong><\/p>\n<p>1 s\u00e1\u010dek s 50 tabletami, z nich\u017e ka\u017ed\u00e1 obsahuje 10 mg<\/p>\n<p><strong>CO TO JE:<\/strong><\/p>\n<p>Ibutamoren, zn\u00e1m\u00fd tak\u00e9 jako MK-677, je slou\u010denina, kter\u00e1 stimuluje uvol\u0148ov\u00e1n\u00ed r\u016fstov\u00e9ho hormonu, co\u017e vede ke zv\u00fd\u0161en\u00ed hladiny r\u016fstov\u00e9ho hormonu i IGF-1 v t\u011ble. Jeho \u00fa\u010dinky jsou zam\u011b\u0159eny na zlep\u0161en\u00ed kostn\u00ed a svalov\u00e9 hmoty, zv\u00fd\u0161en\u00ed hustoty kostn\u00edch miner\u00e1l\u016f, zlep\u0161en\u00ed kvality sp\u00e1nku, pos\u00edlen\u00ed pam\u011b\u0165ov\u00fdch funkc\u00ed a pos\u00edlen\u00ed imunitn\u00edho syst\u00e9mu.<br \/>\n<strong>V\u00ddHODY:<br \/>\n<\/strong><\/p>\n<p>Zku\u0161en\u00ed u\u017eivatel\u00e9 obvykle dob\u0159e sn\u00e1\u0161ej\u00ed d\u00e1vku 20-30 mg denn\u011b, kter\u00e1 vyva\u017euje po\u017eadovan\u00e9 \u00fa\u010dinky s minimalizac\u00ed rizik vedlej\u0161\u00edch \u00fa\u010dink\u016f. Toto d\u00e1vkov\u00e1n\u00ed je obl\u00edben\u00e9 mezi kulturisty, kte\u0159\u00ed cht\u011bj\u00ed optimalizovat r\u016fst sval\u016f. Pro nov\u00e9 u\u017eivatele se doporu\u010duje ni\u017e\u0161\u00ed po\u010d\u00e1te\u010dn\u00ed d\u00e1vka 10 mg denn\u011b s postupn\u00fdm zvy\u0161ov\u00e1n\u00edm podle pot\u0159eby, aby vyhovovala individu\u00e1ln\u00ed toleranci.<\/p>\n<p><strong>N\u00c1VOD K POU\u017dIT\u00cd:<\/strong><\/p>\n<p>Doporu\u010den\u00e9 d\u00e1vkov\u00e1n\u00ed p\u0159\u00edpravku MK-677 Ibutamoren se obvykle pohybuje mezi 10 a 30 mg u\u017e\u00edvan\u00fdmi jednou denn\u011b. V\u011bt\u0161ina u\u017eivatel\u016f zjistila, \u017ee optim\u00e1ln\u00edch \u00fa\u010dink\u016f dosahuje 20-30 mg denn\u011b. Doporu\u010duje se u\u017e\u00edvat 10 mg p\u0159ed sn\u00eddan\u00ed a 10 mg p\u0159ed span\u00edm. <strong>Informace o \u0161ar\u017ei:<br \/>\n<\/strong>\u010c\u00edslo \u0161ar\u017ee: <span data-sheets-root=\"1\">MC87806<\/span><br \/>\nDatum v\u00fdroby: <span data-sheets-root=\"1\" data-sheets-value=\"{&quot;1&quot;:2,&quot;2&quot;:&quot;03.2023.&quot;}\" data-sheets-userformat=\"{&quot;2&quot;:577,&quot;3&quot;:{&quot;1&quot;:0},&quot;9&quot;:0,&quot;12&quot;:0}\">10.2025.<\/span><br \/>\nDatum pou\u017eitelnosti: 10<span data-sheets-root=\"1\" data-sheets-value=\"{&quot;1&quot;:2,&quot;2&quot;:&quot;03.2026.&quot;}\" data-sheets-userformat=\"{&quot;2&quot;:637,&quot;3&quot;:{&quot;1&quot;:0},&quot;5&quot;:{&quot;1&quot;:[{&quot;1&quot;:2,&quot;2&quot;:0,&quot;5&quot;:{&quot;1&quot;:2,&quot;2&quot;:0}},{&quot;1&quot;:0,&quot;2&quot;:0,&quot;3&quot;:3},{&quot;1&quot;:1,&quot;2&quot;:0,&quot;4&quot;:1}]},&quot;6&quot;:{&quot;1&quot;:[{&quot;1&quot;:2,&quot;2&quot;:0,&quot;5&quot;:{&quot;1&quot;:2,&quot;2&quot;:0}},{&quot;1&quot;:0,&quot;2&quot;:0,&quot;3&quot;:3},{&quot;1&quot;:1,&quot;2&quot;:0,&quot;4&quot;:1}]},&quot;7&quot;:{&quot;1&quot;:[{&quot;1&quot;:2,&quot;2&quot;:0,&quot;5&quot;:{&quot;1&quot;:2,&quot;2&quot;:0}},{&quot;1&quot;:0,&quot;2&quot;:0,&quot;3&quot;:3},{&quot;1&quot;:1,&quot;2&quot;:0,&quot;4&quot;:1}]},&quot;8&quot;:{&quot;1&quot;:[{&quot;1&quot;:2,&quot;2&quot;:0,&quot;5&quot;:{&quot;1&quot;:2,&quot;2&quot;:0}},{&quot;1&quot;:0,&quot;2&quot;:0,&quot;3&quot;:3},{&quot;1&quot;:1,&quot;2&quot;:0,&quot;4&quot;:1}]},&quot;9&quot;:0,&quot;12&quot;:0}\">.2028.<\/span><\/p>\n","protected":false},"excerpt":{"rendered":"<p>D\u00c1VKOV\u00c1N\u00cd: MK-677 Ibutamoren 10 mg v jedn\u00e9 tablet\u011b OBSAH BALEN\u00cd: 1 s\u00e1\u010dek s 50 tabletami, z nich\u017e ka\u017ed\u00e1 obsahuje 10 mg CO TO JE: Ibutamoren, zn\u00e1m\u00fd tak\u00e9 jako MK-677, je slou\u010denina, kter\u00e1 stimuluje uvol\u0148ov\u00e1n\u00ed r\u016fstov\u00e9ho hormonu, co\u017e vede ke zv\u00fd\u0161en\u00ed hladiny r\u016fstov\u00e9ho hormonu i IGF-1 v t\u011ble. Jeho \u00fa\u010dinky jsou zam\u011b\u0159eny na zlep\u0161en\u00ed kostn\u00ed a&hellip;<\/p>\n","protected":false},"featured_media":76431,"comment_status":"closed","ping_status":"closed","template":"","meta":{"_acf_changed":false},"product_brand":[],"product_cat":[153,204],"product_tag":[],"class_list":{"0":"post-78083","1":"product","2":"type-product","3":"status-publish","4":"has-post-thumbnail","6":"product_cat-all-cs","7":"product_cat-sarms-cs","8":"description-off","10":"first","11":"instock","12":"shipping-taxable","13":"product-type-simple"},"acf":[],"yoast_head":"<!-- This site is optimized with the Yoast SEO plugin v27.4 - https:\/\/yoast.com\/product\/yoast-seo-wordpress\/ -->\n<title>MK677 50 tabs - Astera Labs<\/title>\n<meta name=\"robots\" content=\"index, follow, max-snippet:-1, max-image-preview:large, max-video-preview:-1\" \/>\n<link rel=\"canonical\" href=\"https:\/\/asteralabs.org\/cs\/product\/mk677-50-tabs\/\" \/>\n<meta property=\"og:locale\" content=\"cs_CZ\" \/>\n<meta property=\"og:type\" content=\"article\" \/>\n<meta property=\"og:title\" content=\"MK677 50 tabs - Astera Labs\" \/>\n<meta property=\"og:description\" content=\"D\u00c1VKOV\u00c1N\u00cd: MK-677 Ibutamoren 10 mg v jedn\u00e9 tablet\u011b OBSAH BALEN\u00cd: 1 s\u00e1\u010dek s 50 tabletami, z nich\u017e ka\u017ed\u00e1 obsahuje 10 mg CO TO JE: Ibutamoren, zn\u00e1m\u00fd tak\u00e9 jako MK-677, je slou\u010denina, kter\u00e1 stimuluje uvol\u0148ov\u00e1n\u00ed r\u016fstov\u00e9ho hormonu, co\u017e vede ke zv\u00fd\u0161en\u00ed hladiny r\u016fstov\u00e9ho hormonu i IGF-1 v t\u011ble. Jeho \u00fa\u010dinky jsou zam\u011b\u0159eny na zlep\u0161en\u00ed kostn\u00ed a&hellip;\" \/>\n<meta property=\"og:url\" content=\"https:\/\/asteralabs.org\/cs\/product\/mk677-50-tabs\/\" \/>\n<meta property=\"og:site_name\" content=\"Astera Labs\" \/>\n<meta property=\"article:modified_time\" content=\"2026-01-15T12:43:01+00:00\" \/>\n<meta property=\"og:image\" content=\"https:\/\/asteralabs.org\/wp-content\/uploads\/2023\/09\/Astera-zipbag-SARMs-MK677.png\" \/>\n\t<meta property=\"og:image:width\" content=\"2000\" \/>\n\t<meta property=\"og:image:height\" content=\"2000\" \/>\n\t<meta property=\"og:image:type\" content=\"image\/png\" \/>\n<meta name=\"twitter:card\" content=\"summary_large_image\" \/>\n<script type=\"application\/ld+json\" class=\"yoast-schema-graph\">{\"@context\":\"https:\\\/\\\/schema.org\",\"@graph\":[{\"@type\":\"WebPage\",\"@id\":\"https:\\\/\\\/asteralabs.org\\\/cs\\\/product\\\/mk677-50-tabs\\\/\",\"url\":\"https:\\\/\\\/asteralabs.org\\\/cs\\\/product\\\/mk677-50-tabs\\\/\",\"name\":\"MK677 50 tabs - Astera Labs\",\"isPartOf\":{\"@id\":\"https:\\\/\\\/asteralabs.org\\\/cs\\\/#website\"},\"primaryImageOfPage\":{\"@id\":\"https:\\\/\\\/asteralabs.org\\\/cs\\\/product\\\/mk677-50-tabs\\\/#primaryimage\"},\"image\":{\"@id\":\"https:\\\/\\\/asteralabs.org\\\/cs\\\/product\\\/mk677-50-tabs\\\/#primaryimage\"},\"thumbnailUrl\":\"https:\\\/\\\/asteralabs.org\\\/wp-content\\\/uploads\\\/2023\\\/09\\\/Astera-zipbag-SARMs-MK677.png\",\"datePublished\":\"2023-09-07T12:29:31+00:00\",\"dateModified\":\"2026-01-15T12:43:01+00:00\",\"breadcrumb\":{\"@id\":\"https:\\\/\\\/asteralabs.org\\\/cs\\\/product\\\/mk677-50-tabs\\\/#breadcrumb\"},\"inLanguage\":\"cs-CZ\",\"potentialAction\":[{\"@type\":\"ReadAction\",\"target\":[\"https:\\\/\\\/asteralabs.org\\\/cs\\\/product\\\/mk677-50-tabs\\\/\"]}]},{\"@type\":\"ImageObject\",\"inLanguage\":\"cs-CZ\",\"@id\":\"https:\\\/\\\/asteralabs.org\\\/cs\\\/product\\\/mk677-50-tabs\\\/#primaryimage\",\"url\":\"https:\\\/\\\/asteralabs.org\\\/wp-content\\\/uploads\\\/2023\\\/09\\\/Astera-zipbag-SARMs-MK677.png\",\"contentUrl\":\"https:\\\/\\\/asteralabs.org\\\/wp-content\\\/uploads\\\/2023\\\/09\\\/Astera-zipbag-SARMs-MK677.png\",\"width\":2000,\"height\":2000},{\"@type\":\"BreadcrumbList\",\"@id\":\"https:\\\/\\\/asteralabs.org\\\/cs\\\/product\\\/mk677-50-tabs\\\/#breadcrumb\",\"itemListElement\":[{\"@type\":\"ListItem\",\"position\":1,\"name\":\"Home\",\"item\":\"https:\\\/\\\/asteralabs.org\\\/cs\\\/\"},{\"@type\":\"ListItem\",\"position\":2,\"name\":\"Obchod\",\"item\":\"https:\\\/\\\/asteralabs.org\\\/cs\\\/obchod\\\/\"},{\"@type\":\"ListItem\",\"position\":3,\"name\":\"MK677 50 tabs\"}]},{\"@type\":\"WebSite\",\"@id\":\"https:\\\/\\\/asteralabs.org\\\/cs\\\/#website\",\"url\":\"https:\\\/\\\/asteralabs.org\\\/cs\\\/\",\"name\":\"Astera Labs\",\"description\":\"Improve Your Quality Of Life\",\"publisher\":{\"@id\":\"https:\\\/\\\/asteralabs.org\\\/cs\\\/#organization\"},\"potentialAction\":[{\"@type\":\"SearchAction\",\"target\":{\"@type\":\"EntryPoint\",\"urlTemplate\":\"https:\\\/\\\/asteralabs.org\\\/cs\\\/?s={search_term_string}\"},\"query-input\":{\"@type\":\"PropertyValueSpecification\",\"valueRequired\":true,\"valueName\":\"search_term_string\"}}],\"inLanguage\":\"cs-CZ\"},{\"@type\":\"Organization\",\"@id\":\"https:\\\/\\\/asteralabs.org\\\/cs\\\/#organization\",\"name\":\"Astera Labs\",\"url\":\"https:\\\/\\\/asteralabs.org\\\/cs\\\/\",\"logo\":{\"@type\":\"ImageObject\",\"inLanguage\":\"cs-CZ\",\"@id\":\"https:\\\/\\\/asteralabs.org\\\/cs\\\/#\\\/schema\\\/logo\\\/image\\\/\",\"url\":\"https:\\\/\\\/asteralabs.org\\\/wp-content\\\/uploads\\\/2022\\\/12\\\/astera-2.png\",\"contentUrl\":\"https:\\\/\\\/asteralabs.org\\\/wp-content\\\/uploads\\\/2022\\\/12\\\/astera-2.png\",\"width\":437,\"height\":111,\"caption\":\"Astera Labs\"},\"image\":{\"@id\":\"https:\\\/\\\/asteralabs.org\\\/cs\\\/#\\\/schema\\\/logo\\\/image\\\/\"}}]}<\/script>\n<!-- \/ Yoast SEO plugin. -->","yoast_head_json":{"title":"MK677 50 tabs - Astera Labs","robots":{"index":"index","follow":"follow","max-snippet":"max-snippet:-1","max-image-preview":"max-image-preview:large","max-video-preview":"max-video-preview:-1"},"canonical":"https:\/\/asteralabs.org\/cs\/product\/mk677-50-tabs\/","og_locale":"cs_CZ","og_type":"article","og_title":"MK677 50 tabs - Astera Labs","og_description":"D\u00c1VKOV\u00c1N\u00cd: MK-677 Ibutamoren 10 mg v jedn\u00e9 tablet\u011b OBSAH BALEN\u00cd: 1 s\u00e1\u010dek s 50 tabletami, z nich\u017e ka\u017ed\u00e1 obsahuje 10 mg CO TO JE: Ibutamoren, zn\u00e1m\u00fd tak\u00e9 jako MK-677, je slou\u010denina, kter\u00e1 stimuluje uvol\u0148ov\u00e1n\u00ed r\u016fstov\u00e9ho hormonu, co\u017e vede ke zv\u00fd\u0161en\u00ed hladiny r\u016fstov\u00e9ho hormonu i IGF-1 v t\u011ble. Jeho \u00fa\u010dinky jsou zam\u011b\u0159eny na zlep\u0161en\u00ed kostn\u00ed a&hellip;","og_url":"https:\/\/asteralabs.org\/cs\/product\/mk677-50-tabs\/","og_site_name":"Astera Labs","article_modified_time":"2026-01-15T12:43:01+00:00","og_image":[{"width":2000,"height":2000,"url":"https:\/\/asteralabs.org\/wp-content\/uploads\/2023\/09\/Astera-zipbag-SARMs-MK677.png","type":"image\/png"}],"twitter_card":"summary_large_image","schema":{"@context":"https:\/\/schema.org","@graph":[{"@type":"WebPage","@id":"https:\/\/asteralabs.org\/cs\/product\/mk677-50-tabs\/","url":"https:\/\/asteralabs.org\/cs\/product\/mk677-50-tabs\/","name":"MK677 50 tabs - Astera Labs","isPartOf":{"@id":"https:\/\/asteralabs.org\/cs\/#website"},"primaryImageOfPage":{"@id":"https:\/\/asteralabs.org\/cs\/product\/mk677-50-tabs\/#primaryimage"},"image":{"@id":"https:\/\/asteralabs.org\/cs\/product\/mk677-50-tabs\/#primaryimage"},"thumbnailUrl":"https:\/\/asteralabs.org\/wp-content\/uploads\/2023\/09\/Astera-zipbag-SARMs-MK677.png","datePublished":"2023-09-07T12:29:31+00:00","dateModified":"2026-01-15T12:43:01+00:00","breadcrumb":{"@id":"https:\/\/asteralabs.org\/cs\/product\/mk677-50-tabs\/#breadcrumb"},"inLanguage":"cs-CZ","potentialAction":[{"@type":"ReadAction","target":["https:\/\/asteralabs.org\/cs\/product\/mk677-50-tabs\/"]}]},{"@type":"ImageObject","inLanguage":"cs-CZ","@id":"https:\/\/asteralabs.org\/cs\/product\/mk677-50-tabs\/#primaryimage","url":"https:\/\/asteralabs.org\/wp-content\/uploads\/2023\/09\/Astera-zipbag-SARMs-MK677.png","contentUrl":"https:\/\/asteralabs.org\/wp-content\/uploads\/2023\/09\/Astera-zipbag-SARMs-MK677.png","width":2000,"height":2000},{"@type":"BreadcrumbList","@id":"https:\/\/asteralabs.org\/cs\/product\/mk677-50-tabs\/#breadcrumb","itemListElement":[{"@type":"ListItem","position":1,"name":"Home","item":"https:\/\/asteralabs.org\/cs\/"},{"@type":"ListItem","position":2,"name":"Obchod","item":"https:\/\/asteralabs.org\/cs\/obchod\/"},{"@type":"ListItem","position":3,"name":"MK677 50 tabs"}]},{"@type":"WebSite","@id":"https:\/\/asteralabs.org\/cs\/#website","url":"https:\/\/asteralabs.org\/cs\/","name":"Astera Labs","description":"Improve Your Quality Of Life","publisher":{"@id":"https:\/\/asteralabs.org\/cs\/#organization"},"potentialAction":[{"@type":"SearchAction","target":{"@type":"EntryPoint","urlTemplate":"https:\/\/asteralabs.org\/cs\/?s={search_term_string}"},"query-input":{"@type":"PropertyValueSpecification","valueRequired":true,"valueName":"search_term_string"}}],"inLanguage":"cs-CZ"},{"@type":"Organization","@id":"https:\/\/asteralabs.org\/cs\/#organization","name":"Astera Labs","url":"https:\/\/asteralabs.org\/cs\/","logo":{"@type":"ImageObject","inLanguage":"cs-CZ","@id":"https:\/\/asteralabs.org\/cs\/#\/schema\/logo\/image\/","url":"https:\/\/asteralabs.org\/wp-content\/uploads\/2022\/12\/astera-2.png","contentUrl":"https:\/\/asteralabs.org\/wp-content\/uploads\/2022\/12\/astera-2.png","width":437,"height":111,"caption":"Astera Labs"},"image":{"@id":"https:\/\/asteralabs.org\/cs\/#\/schema\/logo\/image\/"}}]}},"_links":{"self":[{"href":"https:\/\/asteralabs.org\/cs\/wp-json\/wp\/v2\/product\/78083","targetHints":{"allow":["GET"]}}],"collection":[{"href":"https:\/\/asteralabs.org\/cs\/wp-json\/wp\/v2\/product"}],"about":[{"href":"https:\/\/asteralabs.org\/cs\/wp-json\/wp\/v2\/types\/product"}],"replies":[{"embeddable":true,"href":"https:\/\/asteralabs.org\/cs\/wp-json\/wp\/v2\/comments?post=78083"}],"version-history":[{"count":2,"href":"https:\/\/asteralabs.org\/cs\/wp-json\/wp\/v2\/product\/78083\/revisions"}],"predecessor-version":[{"id":79734,"href":"https:\/\/asteralabs.org\/cs\/wp-json\/wp\/v2\/product\/78083\/revisions\/79734"}],"wp:featuredmedia":[{"embeddable":true,"href":"https:\/\/asteralabs.org\/cs\/wp-json\/wp\/v2\/media\/76431"}],"wp:attachment":[{"href":"https:\/\/asteralabs.org\/cs\/wp-json\/wp\/v2\/media?parent=78083"}],"wp:term":[{"taxonomy":"product_brand","embeddable":true,"href":"https:\/\/asteralabs.org\/cs\/wp-json\/wp\/v2\/product_brand?post=78083"},{"taxonomy":"product_cat","embeddable":true,"href":"https:\/\/asteralabs.org\/cs\/wp-json\/wp\/v2\/product_cat?post=78083"},{"taxonomy":"product_tag","embeddable":true,"href":"https:\/\/asteralabs.org\/cs\/wp-json\/wp\/v2\/product_tag?post=78083"}],"curies":[{"name":"wp","href":"https:\/\/api.w.org\/{rel}","templated":true}]}}