{"id":78106,"date":"2023-09-07T12:20:03","date_gmt":"2023-09-07T12:20:03","guid":{"rendered":"https:\/\/asteralabs.org\/product\/lgd4033-50-tabs\/"},"modified":"2026-01-15T12:59:30","modified_gmt":"2026-01-15T12:59:30","slug":"lgd4033-50-tabs","status":"publish","type":"product","link":"https:\/\/asteralabs.org\/cs\/product\/lgd4033-50-tabs\/","title":{"rendered":"LGD4033 50 tabs"},"content":{"rendered":"<p><strong>D\u00c1VKOV\u00c1N\u00cd<\/strong>: LGD4033 Ligandrol 10 mg v jedn\u00e9 tablet\u011b<\/p>\n<p><strong>OBSAH BALEN\u00cd:<\/strong><\/p>\n<p>1 s\u00e1\u010dek s 50 tabletami, z nich\u017e ka\u017ed\u00e1 obsahuje 10 mg<\/p>\n<p><strong>CO TO JE:<\/strong><\/p>\n<p>Ligandrol, zn\u00e1m\u00fd tak\u00e9 jako LGD4033, je selektivn\u00ed modul\u00e1tor androgenn\u00edch receptor\u016f (SARM), kter\u00fd je zn\u00e1m\u00fd sv\u00fdm potenci\u00e1lem podporovat rychl\u00fd n\u00e1r\u016fst svalov\u00e9 hmoty. Ligandrol, kter\u00fd je uzn\u00e1v\u00e1n jako nejlep\u0161\u00ed volba pro zv\u011bt\u0161en\u00ed objemu mezi kulturisty i kulturistkami, podporuje zv\u00fd\u0161enou anabolickou aktivitu, zv\u00fd\u0161enou s\u00edlu a v\u00fdrazn\u00fd r\u016fst sval\u016f.<\/p>\n<p><strong>N\u00c1VOD K POU\u017dIT\u00cd:<\/strong><\/p>\n<p>D\u00e1vka pro za\u010d\u00e1te\u010dn\u00edky se pohybuje kolem 10 mg\/den, pro st\u0159edn\u011b pokro\u010dil\u00e9 je to 20 mg denn\u011b a pro pokro\u010dil\u00e9 u\u017eivatele je to 30-40 mg denn\u011b. Lze jej u\u017e\u00edvat jednou denn\u011b, nejl\u00e9pe r\u00e1no s j\u00eddlem. <strong><br \/>\nInformace o \u0161ar\u017ei:<br \/>\n<\/strong>\u010c\u00edslo \u0161ar\u017ee: <span data-sheets-root=\"1\">XN25652<\/span><br \/>\nDatum v\u00fdroby: <span data-sheets-root=\"1\" data-sheets-value=\"{&quot;1&quot;:2,&quot;2&quot;:&quot;03.2023.&quot;}\" data-sheets-userformat=\"{&quot;2&quot;:577,&quot;3&quot;:{&quot;1&quot;:0},&quot;9&quot;:0,&quot;12&quot;:0}\">10.2025.<\/span><br \/>\nDatum pou\u017eitelnosti: 10<span data-sheets-root=\"1\" data-sheets-value=\"{&quot;1&quot;:2,&quot;2&quot;:&quot;03.2026.&quot;}\" data-sheets-userformat=\"{&quot;2&quot;:637,&quot;3&quot;:{&quot;1&quot;:0},&quot;5&quot;:{&quot;1&quot;:[{&quot;1&quot;:2,&quot;2&quot;:0,&quot;5&quot;:{&quot;1&quot;:2,&quot;2&quot;:0}},{&quot;1&quot;:0,&quot;2&quot;:0,&quot;3&quot;:3},{&quot;1&quot;:1,&quot;2&quot;:0,&quot;4&quot;:1}]},&quot;6&quot;:{&quot;1&quot;:[{&quot;1&quot;:2,&quot;2&quot;:0,&quot;5&quot;:{&quot;1&quot;:2,&quot;2&quot;:0}},{&quot;1&quot;:0,&quot;2&quot;:0,&quot;3&quot;:3},{&quot;1&quot;:1,&quot;2&quot;:0,&quot;4&quot;:1}]},&quot;7&quot;:{&quot;1&quot;:[{&quot;1&quot;:2,&quot;2&quot;:0,&quot;5&quot;:{&quot;1&quot;:2,&quot;2&quot;:0}},{&quot;1&quot;:0,&quot;2&quot;:0,&quot;3&quot;:3},{&quot;1&quot;:1,&quot;2&quot;:0,&quot;4&quot;:1}]},&quot;8&quot;:{&quot;1&quot;:[{&quot;1&quot;:2,&quot;2&quot;:0,&quot;5&quot;:{&quot;1&quot;:2,&quot;2&quot;:0}},{&quot;1&quot;:0,&quot;2&quot;:0,&quot;3&quot;:3},{&quot;1&quot;:1,&quot;2&quot;:0,&quot;4&quot;:1}]},&quot;9&quot;:0,&quot;12&quot;:0}\">.2028.<\/span><\/p>\n","protected":false},"excerpt":{"rendered":"<p>D\u00c1VKOV\u00c1N\u00cd: LGD4033 Ligandrol 10 mg v jedn\u00e9 tablet\u011b OBSAH BALEN\u00cd: 1 s\u00e1\u010dek s 50 tabletami, z nich\u017e ka\u017ed\u00e1 obsahuje 10 mg CO TO JE: Ligandrol, zn\u00e1m\u00fd tak\u00e9 jako LGD4033, je selektivn\u00ed modul\u00e1tor androgenn\u00edch receptor\u016f (SARM), kter\u00fd je zn\u00e1m\u00fd sv\u00fdm potenci\u00e1lem podporovat rychl\u00fd n\u00e1r\u016fst svalov\u00e9 hmoty. Ligandrol, kter\u00fd je uzn\u00e1v\u00e1n jako nejlep\u0161\u00ed volba pro zv\u011bt\u0161en\u00ed objemu&hellip;<\/p>\n","protected":false},"featured_media":76423,"comment_status":"closed","ping_status":"closed","template":"","meta":[],"product_cat":[153,204],"product_tag":[],"yoast_head":"<!-- This site is optimized with the Yoast SEO plugin v23.0 - https:\/\/yoast.com\/wordpress\/plugins\/seo\/ -->\n<title>LGD4033 50 tabs - Astera Labs<\/title>\n<meta name=\"robots\" content=\"index, follow, max-snippet:-1, max-image-preview:large, max-video-preview:-1\" \/>\n<link rel=\"canonical\" href=\"https:\/\/asteralabs.org\/cs\/product\/lgd4033-50-tabs\/\" \/>\n<meta property=\"og:locale\" content=\"cs_CZ\" \/>\n<meta property=\"og:type\" content=\"article\" \/>\n<meta property=\"og:title\" content=\"LGD4033 50 tabs - Astera Labs\" \/>\n<meta property=\"og:description\" content=\"D\u00c1VKOV\u00c1N\u00cd: LGD4033 Ligandrol 10 mg v jedn\u00e9 tablet\u011b OBSAH BALEN\u00cd: 1 s\u00e1\u010dek s 50 tabletami, z nich\u017e ka\u017ed\u00e1 obsahuje 10 mg CO TO JE: Ligandrol, zn\u00e1m\u00fd tak\u00e9 jako LGD4033, je selektivn\u00ed modul\u00e1tor androgenn\u00edch receptor\u016f (SARM), kter\u00fd je zn\u00e1m\u00fd sv\u00fdm potenci\u00e1lem podporovat rychl\u00fd n\u00e1r\u016fst svalov\u00e9 hmoty. Ligandrol, kter\u00fd je uzn\u00e1v\u00e1n jako nejlep\u0161\u00ed volba pro zv\u011bt\u0161en\u00ed objemu&hellip;\" \/>\n<meta property=\"og:url\" content=\"https:\/\/asteralabs.org\/cs\/product\/lgd4033-50-tabs\/\" \/>\n<meta property=\"og:site_name\" content=\"Astera Labs\" \/>\n<meta property=\"article:modified_time\" content=\"2026-01-15T12:59:30+00:00\" \/>\n<meta property=\"og:image\" content=\"https:\/\/asteralabs.org\/wp-content\/uploads\/2023\/09\/Astera-zipbag-SARMs-LGD4033.png\" \/>\n\t<meta property=\"og:image:width\" content=\"2000\" \/>\n\t<meta property=\"og:image:height\" content=\"2000\" \/>\n\t<meta property=\"og:image:type\" content=\"image\/png\" \/>\n<meta name=\"twitter:card\" content=\"summary_large_image\" \/>\n<script type=\"application\/ld+json\" class=\"yoast-schema-graph\">{\"@context\":\"https:\/\/schema.org\",\"@graph\":[{\"@type\":\"WebPage\",\"@id\":\"https:\/\/asteralabs.org\/cs\/product\/lgd4033-50-tabs\/\",\"url\":\"https:\/\/asteralabs.org\/cs\/product\/lgd4033-50-tabs\/\",\"name\":\"LGD4033 50 tabs - Astera Labs\",\"isPartOf\":{\"@id\":\"https:\/\/asteralabs.org\/cs\/#website\"},\"primaryImageOfPage\":{\"@id\":\"https:\/\/asteralabs.org\/cs\/product\/lgd4033-50-tabs\/#primaryimage\"},\"image\":{\"@id\":\"https:\/\/asteralabs.org\/cs\/product\/lgd4033-50-tabs\/#primaryimage\"},\"thumbnailUrl\":\"https:\/\/asteralabs.org\/wp-content\/uploads\/2023\/09\/Astera-zipbag-SARMs-LGD4033.png\",\"datePublished\":\"2023-09-07T12:20:03+00:00\",\"dateModified\":\"2026-01-15T12:59:30+00:00\",\"breadcrumb\":{\"@id\":\"https:\/\/asteralabs.org\/cs\/product\/lgd4033-50-tabs\/#breadcrumb\"},\"inLanguage\":\"cs\",\"potentialAction\":[{\"@type\":\"ReadAction\",\"target\":[\"https:\/\/asteralabs.org\/cs\/product\/lgd4033-50-tabs\/\"]}]},{\"@type\":\"ImageObject\",\"inLanguage\":\"cs\",\"@id\":\"https:\/\/asteralabs.org\/cs\/product\/lgd4033-50-tabs\/#primaryimage\",\"url\":\"https:\/\/asteralabs.org\/wp-content\/uploads\/2023\/09\/Astera-zipbag-SARMs-LGD4033.png\",\"contentUrl\":\"https:\/\/asteralabs.org\/wp-content\/uploads\/2023\/09\/Astera-zipbag-SARMs-LGD4033.png\",\"width\":2000,\"height\":2000},{\"@type\":\"BreadcrumbList\",\"@id\":\"https:\/\/asteralabs.org\/cs\/product\/lgd4033-50-tabs\/#breadcrumb\",\"itemListElement\":[{\"@type\":\"ListItem\",\"position\":1,\"name\":\"Home\",\"item\":\"https:\/\/asteralabs.org\/cs\/\"},{\"@type\":\"ListItem\",\"position\":2,\"name\":\"Obchod\",\"item\":\"https:\/\/asteralabs.org\/obchod\/\"},{\"@type\":\"ListItem\",\"position\":3,\"name\":\"LGD4033 50 tabs\"}]},{\"@type\":\"WebSite\",\"@id\":\"https:\/\/asteralabs.org\/cs\/#website\",\"url\":\"https:\/\/asteralabs.org\/cs\/\",\"name\":\"Astera Labs\",\"description\":\"Improve Your Quality Of Life\",\"publisher\":{\"@id\":\"https:\/\/asteralabs.org\/cs\/#organization\"},\"potentialAction\":[{\"@type\":\"SearchAction\",\"target\":{\"@type\":\"EntryPoint\",\"urlTemplate\":\"https:\/\/asteralabs.org\/cs\/?s={search_term_string}\"},\"query-input\":\"required name=search_term_string\"}],\"inLanguage\":\"cs\"},{\"@type\":\"Organization\",\"@id\":\"https:\/\/asteralabs.org\/cs\/#organization\",\"name\":\"Astera Labs\",\"url\":\"https:\/\/asteralabs.org\/cs\/\",\"logo\":{\"@type\":\"ImageObject\",\"inLanguage\":\"cs\",\"@id\":\"https:\/\/asteralabs.org\/cs\/#\/schema\/logo\/image\/\",\"url\":\"https:\/\/asteralabs.org\/wp-content\/uploads\/2022\/12\/astera-2.png\",\"contentUrl\":\"https:\/\/asteralabs.org\/wp-content\/uploads\/2022\/12\/astera-2.png\",\"width\":437,\"height\":111,\"caption\":\"Astera Labs\"},\"image\":{\"@id\":\"https:\/\/asteralabs.org\/cs\/#\/schema\/logo\/image\/\"}}]}<\/script>\n<!-- \/ Yoast SEO plugin. -->","yoast_head_json":{"title":"LGD4033 50 tabs - Astera Labs","robots":{"index":"index","follow":"follow","max-snippet":"max-snippet:-1","max-image-preview":"max-image-preview:large","max-video-preview":"max-video-preview:-1"},"canonical":"https:\/\/asteralabs.org\/cs\/product\/lgd4033-50-tabs\/","og_locale":"cs_CZ","og_type":"article","og_title":"LGD4033 50 tabs - Astera Labs","og_description":"D\u00c1VKOV\u00c1N\u00cd: LGD4033 Ligandrol 10 mg v jedn\u00e9 tablet\u011b OBSAH BALEN\u00cd: 1 s\u00e1\u010dek s 50 tabletami, z nich\u017e ka\u017ed\u00e1 obsahuje 10 mg CO TO JE: Ligandrol, zn\u00e1m\u00fd tak\u00e9 jako LGD4033, je selektivn\u00ed modul\u00e1tor androgenn\u00edch receptor\u016f (SARM), kter\u00fd je zn\u00e1m\u00fd sv\u00fdm potenci\u00e1lem podporovat rychl\u00fd n\u00e1r\u016fst svalov\u00e9 hmoty. Ligandrol, kter\u00fd je uzn\u00e1v\u00e1n jako nejlep\u0161\u00ed volba pro zv\u011bt\u0161en\u00ed objemu&hellip;","og_url":"https:\/\/asteralabs.org\/cs\/product\/lgd4033-50-tabs\/","og_site_name":"Astera Labs","article_modified_time":"2026-01-15T12:59:30+00:00","og_image":[{"width":2000,"height":2000,"url":"https:\/\/asteralabs.org\/wp-content\/uploads\/2023\/09\/Astera-zipbag-SARMs-LGD4033.png","type":"image\/png"}],"twitter_card":"summary_large_image","schema":{"@context":"https:\/\/schema.org","@graph":[{"@type":"WebPage","@id":"https:\/\/asteralabs.org\/cs\/product\/lgd4033-50-tabs\/","url":"https:\/\/asteralabs.org\/cs\/product\/lgd4033-50-tabs\/","name":"LGD4033 50 tabs - Astera Labs","isPartOf":{"@id":"https:\/\/asteralabs.org\/cs\/#website"},"primaryImageOfPage":{"@id":"https:\/\/asteralabs.org\/cs\/product\/lgd4033-50-tabs\/#primaryimage"},"image":{"@id":"https:\/\/asteralabs.org\/cs\/product\/lgd4033-50-tabs\/#primaryimage"},"thumbnailUrl":"https:\/\/asteralabs.org\/wp-content\/uploads\/2023\/09\/Astera-zipbag-SARMs-LGD4033.png","datePublished":"2023-09-07T12:20:03+00:00","dateModified":"2026-01-15T12:59:30+00:00","breadcrumb":{"@id":"https:\/\/asteralabs.org\/cs\/product\/lgd4033-50-tabs\/#breadcrumb"},"inLanguage":"cs","potentialAction":[{"@type":"ReadAction","target":["https:\/\/asteralabs.org\/cs\/product\/lgd4033-50-tabs\/"]}]},{"@type":"ImageObject","inLanguage":"cs","@id":"https:\/\/asteralabs.org\/cs\/product\/lgd4033-50-tabs\/#primaryimage","url":"https:\/\/asteralabs.org\/wp-content\/uploads\/2023\/09\/Astera-zipbag-SARMs-LGD4033.png","contentUrl":"https:\/\/asteralabs.org\/wp-content\/uploads\/2023\/09\/Astera-zipbag-SARMs-LGD4033.png","width":2000,"height":2000},{"@type":"BreadcrumbList","@id":"https:\/\/asteralabs.org\/cs\/product\/lgd4033-50-tabs\/#breadcrumb","itemListElement":[{"@type":"ListItem","position":1,"name":"Home","item":"https:\/\/asteralabs.org\/cs\/"},{"@type":"ListItem","position":2,"name":"Obchod","item":"https:\/\/asteralabs.org\/obchod\/"},{"@type":"ListItem","position":3,"name":"LGD4033 50 tabs"}]},{"@type":"WebSite","@id":"https:\/\/asteralabs.org\/cs\/#website","url":"https:\/\/asteralabs.org\/cs\/","name":"Astera Labs","description":"Improve Your Quality Of Life","publisher":{"@id":"https:\/\/asteralabs.org\/cs\/#organization"},"potentialAction":[{"@type":"SearchAction","target":{"@type":"EntryPoint","urlTemplate":"https:\/\/asteralabs.org\/cs\/?s={search_term_string}"},"query-input":"required name=search_term_string"}],"inLanguage":"cs"},{"@type":"Organization","@id":"https:\/\/asteralabs.org\/cs\/#organization","name":"Astera Labs","url":"https:\/\/asteralabs.org\/cs\/","logo":{"@type":"ImageObject","inLanguage":"cs","@id":"https:\/\/asteralabs.org\/cs\/#\/schema\/logo\/image\/","url":"https:\/\/asteralabs.org\/wp-content\/uploads\/2022\/12\/astera-2.png","contentUrl":"https:\/\/asteralabs.org\/wp-content\/uploads\/2022\/12\/astera-2.png","width":437,"height":111,"caption":"Astera Labs"},"image":{"@id":"https:\/\/asteralabs.org\/cs\/#\/schema\/logo\/image\/"}}]}},"_links":{"self":[{"href":"https:\/\/asteralabs.org\/cs\/wp-json\/wp\/v2\/product\/78106"}],"collection":[{"href":"https:\/\/asteralabs.org\/cs\/wp-json\/wp\/v2\/product"}],"about":[{"href":"https:\/\/asteralabs.org\/cs\/wp-json\/wp\/v2\/types\/product"}],"replies":[{"embeddable":true,"href":"https:\/\/asteralabs.org\/cs\/wp-json\/wp\/v2\/comments?post=78106"}],"version-history":[{"count":1,"href":"https:\/\/asteralabs.org\/cs\/wp-json\/wp\/v2\/product\/78106\/revisions"}],"predecessor-version":[{"id":79799,"href":"https:\/\/asteralabs.org\/cs\/wp-json\/wp\/v2\/product\/78106\/revisions\/79799"}],"wp:featuredmedia":[{"embeddable":true,"href":"https:\/\/asteralabs.org\/cs\/wp-json\/wp\/v2\/media\/76423"}],"wp:attachment":[{"href":"https:\/\/asteralabs.org\/cs\/wp-json\/wp\/v2\/media?parent=78106"}],"wp:term":[{"taxonomy":"product_cat","embeddable":true,"href":"https:\/\/asteralabs.org\/cs\/wp-json\/wp\/v2\/product_cat?post=78106"},{"taxonomy":"product_tag","embeddable":true,"href":"https:\/\/asteralabs.org\/cs\/wp-json\/wp\/v2\/product_tag?post=78106"}],"curies":[{"name":"wp","href":"https:\/\/api.w.org\/{rel}","templated":true}]}}