{"id":78114,"date":"2023-09-07T12:17:22","date_gmt":"2023-09-07T12:17:22","guid":{"rendered":"https:\/\/asteralabs.org\/product\/gw501516-50-tabs\/"},"modified":"2026-01-15T13:04:38","modified_gmt":"2026-01-15T13:04:38","slug":"gw501516-50-tabs","status":"publish","type":"product","link":"https:\/\/asteralabs.org\/cs\/product\/gw501516-50-tabs\/","title":{"rendered":"GW501516 50 tabs"},"content":{"rendered":"<p><strong>D\u00c1VKOV\u00c1N\u00cd<\/strong>: GW501516 Cardarine 10 mg v jedn\u00e9 tablet\u011b<\/p>\n<p><strong>OBSAH BALEN\u00cd:<\/strong><\/p>\n<p>1 s\u00e1\u010dek s 50 tabletami, z nich\u017e ka\u017ed\u00e1 obsahuje 10 mg<\/p>\n<p><strong>CO TO JE:<\/strong><\/p>\n<p>Cardarine, zn\u00e1m\u00fd tak\u00e9 jako GW501516, je sp\u00ed\u0161e aktiv\u00e1tor PPAR-delta ne\u017e SARM. V kulturistice se stal pom\u011brn\u011b popul\u00e1rn\u00edm, proto\u017ee m\u016f\u017ee podporovat spalov\u00e1n\u00ed tuk\u016f, regeneraci a zv\u00fd\u0161enou vytrvalost. Aktivac\u00ed PPAR-delta Cardarine stimuluje geny energetick\u00e9ho metabolismu, \u010d\u00edm\u017e zvy\u0161uje oxidaci mastn\u00fdch kyselin a potenci\u00e1ln\u011b zvy\u0161uje \u00farove\u0148 vytrvalosti.<\/p>\n<p><strong>N\u00c1VOD K POU\u017dIT\u00cd:<\/strong><\/p>\n<p>Cardarine (GW501516) se b\u011b\u017en\u011b pou\u017e\u00edv\u00e1 v kulturistice a vytrvalostn\u00edch sportech pro sv\u016fj potenci\u00e1l pom\u00e1hat p\u0159i odbour\u00e1v\u00e1n\u00ed tuk\u016f, regeneraci a zvy\u0161ov\u00e1n\u00ed vytrvalosti. Doporu\u010den\u00e9 d\u00e1vkov\u00e1n\u00ed za\u010d\u00edn\u00e1 na 10 mg denn\u011b pro za\u010d\u00e1te\u010dn\u00edky, zat\u00edmco zku\u0161en\u011bj\u0161\u00ed u\u017eivatel\u00e9 mohou zvolit a\u017e 20 mg denn\u011b. <strong><br \/>\nInformace o \u0161ar\u017ei:<br \/>\n<\/strong>\u010c\u00edslo \u0161ar\u017ee: <span data-sheets-root=\"1\">CJ32355<\/span><br \/>\nDatum v\u00fdroby: <span data-sheets-root=\"1\" data-sheets-value=\"{&quot;1&quot;:2,&quot;2&quot;:&quot;03.2023.&quot;}\" data-sheets-userformat=\"{&quot;2&quot;:577,&quot;3&quot;:{&quot;1&quot;:0},&quot;9&quot;:0,&quot;12&quot;:0}\">10.2025.<\/span><br \/>\nDatum exspirace: 10<span data-sheets-root=\"1\" data-sheets-value=\"{&quot;1&quot;:2,&quot;2&quot;:&quot;03.2026.&quot;}\" data-sheets-userformat=\"{&quot;2&quot;:637,&quot;3&quot;:{&quot;1&quot;:0},&quot;5&quot;:{&quot;1&quot;:[{&quot;1&quot;:2,&quot;2&quot;:0,&quot;5&quot;:{&quot;1&quot;:2,&quot;2&quot;:0}},{&quot;1&quot;:0,&quot;2&quot;:0,&quot;3&quot;:3},{&quot;1&quot;:1,&quot;2&quot;:0,&quot;4&quot;:1}]},&quot;6&quot;:{&quot;1&quot;:[{&quot;1&quot;:2,&quot;2&quot;:0,&quot;5&quot;:{&quot;1&quot;:2,&quot;2&quot;:0}},{&quot;1&quot;:0,&quot;2&quot;:0,&quot;3&quot;:3},{&quot;1&quot;:1,&quot;2&quot;:0,&quot;4&quot;:1}]},&quot;7&quot;:{&quot;1&quot;:[{&quot;1&quot;:2,&quot;2&quot;:0,&quot;5&quot;:{&quot;1&quot;:2,&quot;2&quot;:0}},{&quot;1&quot;:0,&quot;2&quot;:0,&quot;3&quot;:3},{&quot;1&quot;:1,&quot;2&quot;:0,&quot;4&quot;:1}]},&quot;8&quot;:{&quot;1&quot;:[{&quot;1&quot;:2,&quot;2&quot;:0,&quot;5&quot;:{&quot;1&quot;:2,&quot;2&quot;:0}},{&quot;1&quot;:0,&quot;2&quot;:0,&quot;3&quot;:3},{&quot;1&quot;:1,&quot;2&quot;:0,&quot;4&quot;:1}]},&quot;9&quot;:0,&quot;12&quot;:0}\">.2028.<\/span><\/p>\n","protected":false},"excerpt":{"rendered":"<p>D\u00c1VKOV\u00c1N\u00cd: GW501516 Cardarine 10 mg v jedn\u00e9 tablet\u011b OBSAH BALEN\u00cd: 1 s\u00e1\u010dek s 50 tabletami, z nich\u017e ka\u017ed\u00e1 obsahuje 10 mg CO TO JE: Cardarine, zn\u00e1m\u00fd tak\u00e9 jako GW501516, je sp\u00ed\u0161e aktiv\u00e1tor PPAR-delta ne\u017e SARM. V kulturistice se stal pom\u011brn\u011b popul\u00e1rn\u00edm, proto\u017ee m\u016f\u017ee podporovat spalov\u00e1n\u00ed tuk\u016f, regeneraci a zv\u00fd\u0161enou vytrvalost. Aktivac\u00ed PPAR-delta Cardarine stimuluje geny&hellip;<\/p>\n","protected":false},"featured_media":76415,"comment_status":"closed","ping_status":"closed","template":"","meta":[],"product_cat":[153,204],"product_tag":[],"yoast_head":"<!-- This site is optimized with the Yoast SEO plugin v23.0 - https:\/\/yoast.com\/wordpress\/plugins\/seo\/ -->\n<title>GW501516 50 tabs - Astera Labs<\/title>\n<meta name=\"robots\" content=\"index, follow, max-snippet:-1, max-image-preview:large, max-video-preview:-1\" \/>\n<link rel=\"canonical\" href=\"https:\/\/asteralabs.org\/cs\/product\/gw501516-50-tabs\/\" \/>\n<meta property=\"og:locale\" content=\"cs_CZ\" \/>\n<meta property=\"og:type\" content=\"article\" \/>\n<meta property=\"og:title\" content=\"GW501516 50 tabs - Astera Labs\" \/>\n<meta property=\"og:description\" content=\"D\u00c1VKOV\u00c1N\u00cd: GW501516 Cardarine 10 mg v jedn\u00e9 tablet\u011b OBSAH BALEN\u00cd: 1 s\u00e1\u010dek s 50 tabletami, z nich\u017e ka\u017ed\u00e1 obsahuje 10 mg CO TO JE: Cardarine, zn\u00e1m\u00fd tak\u00e9 jako GW501516, je sp\u00ed\u0161e aktiv\u00e1tor PPAR-delta ne\u017e SARM. V kulturistice se stal pom\u011brn\u011b popul\u00e1rn\u00edm, proto\u017ee m\u016f\u017ee podporovat spalov\u00e1n\u00ed tuk\u016f, regeneraci a zv\u00fd\u0161enou vytrvalost. Aktivac\u00ed PPAR-delta Cardarine stimuluje geny&hellip;\" \/>\n<meta property=\"og:url\" content=\"https:\/\/asteralabs.org\/cs\/product\/gw501516-50-tabs\/\" \/>\n<meta property=\"og:site_name\" content=\"Astera Labs\" \/>\n<meta property=\"article:modified_time\" content=\"2026-01-15T13:04:38+00:00\" \/>\n<meta property=\"og:image\" content=\"https:\/\/asteralabs.org\/wp-content\/uploads\/2023\/09\/Astera-zipbag-SARMs-GW501516.png\" \/>\n\t<meta property=\"og:image:width\" content=\"2000\" \/>\n\t<meta property=\"og:image:height\" content=\"2000\" \/>\n\t<meta property=\"og:image:type\" content=\"image\/png\" \/>\n<meta name=\"twitter:card\" content=\"summary_large_image\" \/>\n<script type=\"application\/ld+json\" class=\"yoast-schema-graph\">{\"@context\":\"https:\/\/schema.org\",\"@graph\":[{\"@type\":\"WebPage\",\"@id\":\"https:\/\/asteralabs.org\/cs\/product\/gw501516-50-tabs\/\",\"url\":\"https:\/\/asteralabs.org\/cs\/product\/gw501516-50-tabs\/\",\"name\":\"GW501516 50 tabs - Astera Labs\",\"isPartOf\":{\"@id\":\"https:\/\/asteralabs.org\/cs\/#website\"},\"primaryImageOfPage\":{\"@id\":\"https:\/\/asteralabs.org\/cs\/product\/gw501516-50-tabs\/#primaryimage\"},\"image\":{\"@id\":\"https:\/\/asteralabs.org\/cs\/product\/gw501516-50-tabs\/#primaryimage\"},\"thumbnailUrl\":\"https:\/\/asteralabs.org\/wp-content\/uploads\/2023\/09\/Astera-zipbag-SARMs-GW501516.png\",\"datePublished\":\"2023-09-07T12:17:22+00:00\",\"dateModified\":\"2026-01-15T13:04:38+00:00\",\"breadcrumb\":{\"@id\":\"https:\/\/asteralabs.org\/cs\/product\/gw501516-50-tabs\/#breadcrumb\"},\"inLanguage\":\"cs\",\"potentialAction\":[{\"@type\":\"ReadAction\",\"target\":[\"https:\/\/asteralabs.org\/cs\/product\/gw501516-50-tabs\/\"]}]},{\"@type\":\"ImageObject\",\"inLanguage\":\"cs\",\"@id\":\"https:\/\/asteralabs.org\/cs\/product\/gw501516-50-tabs\/#primaryimage\",\"url\":\"https:\/\/asteralabs.org\/wp-content\/uploads\/2023\/09\/Astera-zipbag-SARMs-GW501516.png\",\"contentUrl\":\"https:\/\/asteralabs.org\/wp-content\/uploads\/2023\/09\/Astera-zipbag-SARMs-GW501516.png\",\"width\":2000,\"height\":2000},{\"@type\":\"BreadcrumbList\",\"@id\":\"https:\/\/asteralabs.org\/cs\/product\/gw501516-50-tabs\/#breadcrumb\",\"itemListElement\":[{\"@type\":\"ListItem\",\"position\":1,\"name\":\"Home\",\"item\":\"https:\/\/asteralabs.org\/cs\/\"},{\"@type\":\"ListItem\",\"position\":2,\"name\":\"Obchod\",\"item\":\"https:\/\/asteralabs.org\/obchod\/\"},{\"@type\":\"ListItem\",\"position\":3,\"name\":\"GW501516 50 tabs\"}]},{\"@type\":\"WebSite\",\"@id\":\"https:\/\/asteralabs.org\/cs\/#website\",\"url\":\"https:\/\/asteralabs.org\/cs\/\",\"name\":\"Astera Labs\",\"description\":\"Improve Your Quality Of Life\",\"publisher\":{\"@id\":\"https:\/\/asteralabs.org\/cs\/#organization\"},\"potentialAction\":[{\"@type\":\"SearchAction\",\"target\":{\"@type\":\"EntryPoint\",\"urlTemplate\":\"https:\/\/asteralabs.org\/cs\/?s={search_term_string}\"},\"query-input\":\"required name=search_term_string\"}],\"inLanguage\":\"cs\"},{\"@type\":\"Organization\",\"@id\":\"https:\/\/asteralabs.org\/cs\/#organization\",\"name\":\"Astera Labs\",\"url\":\"https:\/\/asteralabs.org\/cs\/\",\"logo\":{\"@type\":\"ImageObject\",\"inLanguage\":\"cs\",\"@id\":\"https:\/\/asteralabs.org\/cs\/#\/schema\/logo\/image\/\",\"url\":\"https:\/\/asteralabs.org\/wp-content\/uploads\/2022\/12\/astera-2.png\",\"contentUrl\":\"https:\/\/asteralabs.org\/wp-content\/uploads\/2022\/12\/astera-2.png\",\"width\":437,\"height\":111,\"caption\":\"Astera Labs\"},\"image\":{\"@id\":\"https:\/\/asteralabs.org\/cs\/#\/schema\/logo\/image\/\"}}]}<\/script>\n<!-- \/ Yoast SEO plugin. -->","yoast_head_json":{"title":"GW501516 50 tabs - Astera Labs","robots":{"index":"index","follow":"follow","max-snippet":"max-snippet:-1","max-image-preview":"max-image-preview:large","max-video-preview":"max-video-preview:-1"},"canonical":"https:\/\/asteralabs.org\/cs\/product\/gw501516-50-tabs\/","og_locale":"cs_CZ","og_type":"article","og_title":"GW501516 50 tabs - Astera Labs","og_description":"D\u00c1VKOV\u00c1N\u00cd: GW501516 Cardarine 10 mg v jedn\u00e9 tablet\u011b OBSAH BALEN\u00cd: 1 s\u00e1\u010dek s 50 tabletami, z nich\u017e ka\u017ed\u00e1 obsahuje 10 mg CO TO JE: Cardarine, zn\u00e1m\u00fd tak\u00e9 jako GW501516, je sp\u00ed\u0161e aktiv\u00e1tor PPAR-delta ne\u017e SARM. V kulturistice se stal pom\u011brn\u011b popul\u00e1rn\u00edm, proto\u017ee m\u016f\u017ee podporovat spalov\u00e1n\u00ed tuk\u016f, regeneraci a zv\u00fd\u0161enou vytrvalost. Aktivac\u00ed PPAR-delta Cardarine stimuluje geny&hellip;","og_url":"https:\/\/asteralabs.org\/cs\/product\/gw501516-50-tabs\/","og_site_name":"Astera Labs","article_modified_time":"2026-01-15T13:04:38+00:00","og_image":[{"width":2000,"height":2000,"url":"https:\/\/asteralabs.org\/wp-content\/uploads\/2023\/09\/Astera-zipbag-SARMs-GW501516.png","type":"image\/png"}],"twitter_card":"summary_large_image","schema":{"@context":"https:\/\/schema.org","@graph":[{"@type":"WebPage","@id":"https:\/\/asteralabs.org\/cs\/product\/gw501516-50-tabs\/","url":"https:\/\/asteralabs.org\/cs\/product\/gw501516-50-tabs\/","name":"GW501516 50 tabs - Astera Labs","isPartOf":{"@id":"https:\/\/asteralabs.org\/cs\/#website"},"primaryImageOfPage":{"@id":"https:\/\/asteralabs.org\/cs\/product\/gw501516-50-tabs\/#primaryimage"},"image":{"@id":"https:\/\/asteralabs.org\/cs\/product\/gw501516-50-tabs\/#primaryimage"},"thumbnailUrl":"https:\/\/asteralabs.org\/wp-content\/uploads\/2023\/09\/Astera-zipbag-SARMs-GW501516.png","datePublished":"2023-09-07T12:17:22+00:00","dateModified":"2026-01-15T13:04:38+00:00","breadcrumb":{"@id":"https:\/\/asteralabs.org\/cs\/product\/gw501516-50-tabs\/#breadcrumb"},"inLanguage":"cs","potentialAction":[{"@type":"ReadAction","target":["https:\/\/asteralabs.org\/cs\/product\/gw501516-50-tabs\/"]}]},{"@type":"ImageObject","inLanguage":"cs","@id":"https:\/\/asteralabs.org\/cs\/product\/gw501516-50-tabs\/#primaryimage","url":"https:\/\/asteralabs.org\/wp-content\/uploads\/2023\/09\/Astera-zipbag-SARMs-GW501516.png","contentUrl":"https:\/\/asteralabs.org\/wp-content\/uploads\/2023\/09\/Astera-zipbag-SARMs-GW501516.png","width":2000,"height":2000},{"@type":"BreadcrumbList","@id":"https:\/\/asteralabs.org\/cs\/product\/gw501516-50-tabs\/#breadcrumb","itemListElement":[{"@type":"ListItem","position":1,"name":"Home","item":"https:\/\/asteralabs.org\/cs\/"},{"@type":"ListItem","position":2,"name":"Obchod","item":"https:\/\/asteralabs.org\/obchod\/"},{"@type":"ListItem","position":3,"name":"GW501516 50 tabs"}]},{"@type":"WebSite","@id":"https:\/\/asteralabs.org\/cs\/#website","url":"https:\/\/asteralabs.org\/cs\/","name":"Astera Labs","description":"Improve Your Quality Of Life","publisher":{"@id":"https:\/\/asteralabs.org\/cs\/#organization"},"potentialAction":[{"@type":"SearchAction","target":{"@type":"EntryPoint","urlTemplate":"https:\/\/asteralabs.org\/cs\/?s={search_term_string}"},"query-input":"required name=search_term_string"}],"inLanguage":"cs"},{"@type":"Organization","@id":"https:\/\/asteralabs.org\/cs\/#organization","name":"Astera Labs","url":"https:\/\/asteralabs.org\/cs\/","logo":{"@type":"ImageObject","inLanguage":"cs","@id":"https:\/\/asteralabs.org\/cs\/#\/schema\/logo\/image\/","url":"https:\/\/asteralabs.org\/wp-content\/uploads\/2022\/12\/astera-2.png","contentUrl":"https:\/\/asteralabs.org\/wp-content\/uploads\/2022\/12\/astera-2.png","width":437,"height":111,"caption":"Astera Labs"},"image":{"@id":"https:\/\/asteralabs.org\/cs\/#\/schema\/logo\/image\/"}}]}},"_links":{"self":[{"href":"https:\/\/asteralabs.org\/cs\/wp-json\/wp\/v2\/product\/78114"}],"collection":[{"href":"https:\/\/asteralabs.org\/cs\/wp-json\/wp\/v2\/product"}],"about":[{"href":"https:\/\/asteralabs.org\/cs\/wp-json\/wp\/v2\/types\/product"}],"replies":[{"embeddable":true,"href":"https:\/\/asteralabs.org\/cs\/wp-json\/wp\/v2\/comments?post=78114"}],"version-history":[{"count":1,"href":"https:\/\/asteralabs.org\/cs\/wp-json\/wp\/v2\/product\/78114\/revisions"}],"predecessor-version":[{"id":79825,"href":"https:\/\/asteralabs.org\/cs\/wp-json\/wp\/v2\/product\/78114\/revisions\/79825"}],"wp:featuredmedia":[{"embeddable":true,"href":"https:\/\/asteralabs.org\/cs\/wp-json\/wp\/v2\/media\/76415"}],"wp:attachment":[{"href":"https:\/\/asteralabs.org\/cs\/wp-json\/wp\/v2\/media?parent=78114"}],"wp:term":[{"taxonomy":"product_cat","embeddable":true,"href":"https:\/\/asteralabs.org\/cs\/wp-json\/wp\/v2\/product_cat?post=78114"},{"taxonomy":"product_tag","embeddable":true,"href":"https:\/\/asteralabs.org\/cs\/wp-json\/wp\/v2\/product_tag?post=78114"}],"curies":[{"name":"wp","href":"https:\/\/api.w.org\/{rel}","templated":true}]}}