{"id":78125,"date":"2023-01-13T20:24:49","date_gmt":"2023-01-13T20:24:49","guid":{"rendered":"https:\/\/asteralabs.org\/product\/tadalafil-cialis-50-tabs\/"},"modified":"2026-01-15T13:14:59","modified_gmt":"2026-01-15T13:14:59","slug":"tadalafil-cialis-50-tabs","status":"publish","type":"product","link":"https:\/\/asteralabs.org\/cs\/product\/tadalafil-cialis-50-tabs\/","title":{"rendered":"Tadalafil (Cialis) 50 tabs"},"content":{"rendered":"<p><strong>D\u00c1VKOV\u00c1N\u00cd: <\/strong><br \/>\nTadalafil (Cialis) 20mg\/tab <strong>Obsah balen\u00ed: <\/strong><br \/>\n1 s\u00e1\u010dek, 50 tablet, 20 mg v ka\u017ed\u00e9 kart\u011b <strong>CO JE TO: <\/strong><br \/>\nJe to jeden z nejpou\u017e\u00edvan\u011bj\u0161\u00edch l\u00e9k\u016f na l\u00e9\u010dbu erektiln\u00ed dysfunkce spolu s viagrou, na rozd\u00edl od n\u00ed je trv\u00e1n\u00ed jeho \u00fa\u010dinku velmi dlouh\u00e9, tak\u017ee nen\u00ed nutn\u00e9 ho u\u017e\u00edvat \u010dasto. <strong>JAK SE U\u017d\u00cdV\u00c1: VEZM\u011aTE SI NA POMOC P\u0158\u00cdPRAVEK NA EREKCI: <\/strong><br \/>\nDoporu\u010duje se u\u017e\u00edvat dv\u011b hodiny p\u0159ed sexu\u00e1ln\u00ed aktivitou, aby se projevil jeho \u00fa\u010dinek. Je nutn\u00e9 jej u\u017e\u00edvat pouze jednou denn\u011b a d\u00e1vky se mohou pohybovat od 5 do 20 mg denn\u011b, je vhodn\u00e9 d\u00e1vku upravovat, dokud nen\u00ed dosa\u017eeno po\u017eadovan\u00e9ho \u00fa\u010dinku. <strong>Informace o \u0161ar\u017ei:<br \/>\n<\/strong>\u010c\u00edslo \u0161ar\u017ee: <span data-sheets-root=\"1\">DM64132<\/span><br \/>\nDatum v\u00fdroby: <span data-sheets-root=\"1\" data-sheets-value=\"{&quot;1&quot;:2,&quot;2&quot;:&quot;03.2023.&quot;}\" data-sheets-userformat=\"{&quot;2&quot;:577,&quot;3&quot;:{&quot;1&quot;:0},&quot;9&quot;:0,&quot;12&quot;:0}\">10.2025.<\/span><br \/>\nDatum pou\u017eitelnosti: 10<span data-sheets-root=\"1\" data-sheets-value=\"{&quot;1&quot;:2,&quot;2&quot;:&quot;03.2026.&quot;}\" data-sheets-userformat=\"{&quot;2&quot;:637,&quot;3&quot;:{&quot;1&quot;:0},&quot;5&quot;:{&quot;1&quot;:[{&quot;1&quot;:2,&quot;2&quot;:0,&quot;5&quot;:{&quot;1&quot;:2,&quot;2&quot;:0}},{&quot;1&quot;:0,&quot;2&quot;:0,&quot;3&quot;:3},{&quot;1&quot;:1,&quot;2&quot;:0,&quot;4&quot;:1}]},&quot;6&quot;:{&quot;1&quot;:[{&quot;1&quot;:2,&quot;2&quot;:0,&quot;5&quot;:{&quot;1&quot;:2,&quot;2&quot;:0}},{&quot;1&quot;:0,&quot;2&quot;:0,&quot;3&quot;:3},{&quot;1&quot;:1,&quot;2&quot;:0,&quot;4&quot;:1}]},&quot;7&quot;:{&quot;1&quot;:[{&quot;1&quot;:2,&quot;2&quot;:0,&quot;5&quot;:{&quot;1&quot;:2,&quot;2&quot;:0}},{&quot;1&quot;:0,&quot;2&quot;:0,&quot;3&quot;:3},{&quot;1&quot;:1,&quot;2&quot;:0,&quot;4&quot;:1}]},&quot;8&quot;:{&quot;1&quot;:[{&quot;1&quot;:2,&quot;2&quot;:0,&quot;5&quot;:{&quot;1&quot;:2,&quot;2&quot;:0}},{&quot;1&quot;:0,&quot;2&quot;:0,&quot;3&quot;:3},{&quot;1&quot;:1,&quot;2&quot;:0,&quot;4&quot;:1}]},&quot;9&quot;:0,&quot;12&quot;:0}\">.2028.<\/span><\/p>\n","protected":false},"excerpt":{"rendered":"<p>D\u00c1VKOV\u00c1N\u00cd: Tadalafil (Cialis) 20mg\/tab Obsah balen\u00ed: 1 s\u00e1\u010dek, 50 tablet, 20 mg v ka\u017ed\u00e9 kart\u011b CO JE TO: Je to jeden z nejpou\u017e\u00edvan\u011bj\u0161\u00edch l\u00e9k\u016f na l\u00e9\u010dbu erektiln\u00ed dysfunkce spolu s viagrou, na rozd\u00edl od n\u00ed je trv\u00e1n\u00ed jeho \u00fa\u010dinku velmi dlouh\u00e9, tak\u017ee nen\u00ed nutn\u00e9 ho u\u017e\u00edvat \u010dasto. JAK SE U\u017d\u00cdV\u00c1: VEZM\u011aTE SI NA POMOC P\u0158\u00cdPRAVEK&hellip;<\/p>\n","protected":false},"featured_media":76535,"comment_status":"open","ping_status":"closed","template":"","meta":[],"product_cat":[153,177],"product_tag":[],"yoast_head":"<!-- This site is optimized with the Yoast SEO plugin v23.0 - https:\/\/yoast.com\/wordpress\/plugins\/seo\/ -->\n<title>Tadalafil (Cialis) 50 tabs - Astera Labs<\/title>\n<meta name=\"robots\" content=\"index, follow, max-snippet:-1, max-image-preview:large, max-video-preview:-1\" \/>\n<link rel=\"canonical\" href=\"https:\/\/asteralabs.org\/cs\/product\/tadalafil-cialis-50-tabs\/\" \/>\n<meta property=\"og:locale\" content=\"cs_CZ\" \/>\n<meta property=\"og:type\" content=\"article\" \/>\n<meta property=\"og:title\" content=\"Tadalafil (Cialis) 50 tabs - Astera Labs\" \/>\n<meta property=\"og:description\" content=\"D\u00c1VKOV\u00c1N\u00cd: Tadalafil (Cialis) 20mg\/tab Obsah balen\u00ed: 1 s\u00e1\u010dek, 50 tablet, 20 mg v ka\u017ed\u00e9 kart\u011b CO JE TO: Je to jeden z nejpou\u017e\u00edvan\u011bj\u0161\u00edch l\u00e9k\u016f na l\u00e9\u010dbu erektiln\u00ed dysfunkce spolu s viagrou, na rozd\u00edl od n\u00ed je trv\u00e1n\u00ed jeho \u00fa\u010dinku velmi dlouh\u00e9, tak\u017ee nen\u00ed nutn\u00e9 ho u\u017e\u00edvat \u010dasto. JAK SE U\u017d\u00cdV\u00c1: VEZM\u011aTE SI NA POMOC P\u0158\u00cdPRAVEK&hellip;\" \/>\n<meta property=\"og:url\" content=\"https:\/\/asteralabs.org\/cs\/product\/tadalafil-cialis-50-tabs\/\" \/>\n<meta property=\"og:site_name\" content=\"Astera Labs\" \/>\n<meta property=\"article:modified_time\" content=\"2026-01-15T13:14:59+00:00\" \/>\n<meta property=\"og:image\" content=\"https:\/\/asteralabs.org\/wp-content\/uploads\/2023\/01\/tadalafil-cialis-50-tabs.png\" \/>\n\t<meta property=\"og:image:width\" content=\"2000\" \/>\n\t<meta property=\"og:image:height\" content=\"2000\" \/>\n\t<meta property=\"og:image:type\" content=\"image\/png\" \/>\n<meta name=\"twitter:card\" content=\"summary_large_image\" \/>\n<script type=\"application\/ld+json\" class=\"yoast-schema-graph\">{\"@context\":\"https:\/\/schema.org\",\"@graph\":[{\"@type\":\"WebPage\",\"@id\":\"https:\/\/asteralabs.org\/cs\/product\/tadalafil-cialis-50-tabs\/\",\"url\":\"https:\/\/asteralabs.org\/cs\/product\/tadalafil-cialis-50-tabs\/\",\"name\":\"Tadalafil (Cialis) 50 tabs - Astera Labs\",\"isPartOf\":{\"@id\":\"https:\/\/asteralabs.org\/cs\/#website\"},\"primaryImageOfPage\":{\"@id\":\"https:\/\/asteralabs.org\/cs\/product\/tadalafil-cialis-50-tabs\/#primaryimage\"},\"image\":{\"@id\":\"https:\/\/asteralabs.org\/cs\/product\/tadalafil-cialis-50-tabs\/#primaryimage\"},\"thumbnailUrl\":\"https:\/\/asteralabs.org\/wp-content\/uploads\/2023\/01\/tadalafil-cialis-50-tabs.png\",\"datePublished\":\"2023-01-13T20:24:49+00:00\",\"dateModified\":\"2026-01-15T13:14:59+00:00\",\"breadcrumb\":{\"@id\":\"https:\/\/asteralabs.org\/cs\/product\/tadalafil-cialis-50-tabs\/#breadcrumb\"},\"inLanguage\":\"cs\",\"potentialAction\":[{\"@type\":\"ReadAction\",\"target\":[\"https:\/\/asteralabs.org\/cs\/product\/tadalafil-cialis-50-tabs\/\"]}]},{\"@type\":\"ImageObject\",\"inLanguage\":\"cs\",\"@id\":\"https:\/\/asteralabs.org\/cs\/product\/tadalafil-cialis-50-tabs\/#primaryimage\",\"url\":\"https:\/\/asteralabs.org\/wp-content\/uploads\/2023\/01\/tadalafil-cialis-50-tabs.png\",\"contentUrl\":\"https:\/\/asteralabs.org\/wp-content\/uploads\/2023\/01\/tadalafil-cialis-50-tabs.png\",\"width\":2000,\"height\":2000},{\"@type\":\"BreadcrumbList\",\"@id\":\"https:\/\/asteralabs.org\/cs\/product\/tadalafil-cialis-50-tabs\/#breadcrumb\",\"itemListElement\":[{\"@type\":\"ListItem\",\"position\":1,\"name\":\"Home\",\"item\":\"https:\/\/asteralabs.org\/cs\/\"},{\"@type\":\"ListItem\",\"position\":2,\"name\":\"Obchod\",\"item\":\"https:\/\/asteralabs.org\/obchod\/\"},{\"@type\":\"ListItem\",\"position\":3,\"name\":\"Tadalafil (Cialis) 50 tabs\"}]},{\"@type\":\"WebSite\",\"@id\":\"https:\/\/asteralabs.org\/cs\/#website\",\"url\":\"https:\/\/asteralabs.org\/cs\/\",\"name\":\"Astera Labs\",\"description\":\"Improve Your Quality Of Life\",\"publisher\":{\"@id\":\"https:\/\/asteralabs.org\/cs\/#organization\"},\"potentialAction\":[{\"@type\":\"SearchAction\",\"target\":{\"@type\":\"EntryPoint\",\"urlTemplate\":\"https:\/\/asteralabs.org\/cs\/?s={search_term_string}\"},\"query-input\":\"required name=search_term_string\"}],\"inLanguage\":\"cs\"},{\"@type\":\"Organization\",\"@id\":\"https:\/\/asteralabs.org\/cs\/#organization\",\"name\":\"Astera Labs\",\"url\":\"https:\/\/asteralabs.org\/cs\/\",\"logo\":{\"@type\":\"ImageObject\",\"inLanguage\":\"cs\",\"@id\":\"https:\/\/asteralabs.org\/cs\/#\/schema\/logo\/image\/\",\"url\":\"https:\/\/asteralabs.org\/wp-content\/uploads\/2022\/12\/astera-2.png\",\"contentUrl\":\"https:\/\/asteralabs.org\/wp-content\/uploads\/2022\/12\/astera-2.png\",\"width\":437,\"height\":111,\"caption\":\"Astera Labs\"},\"image\":{\"@id\":\"https:\/\/asteralabs.org\/cs\/#\/schema\/logo\/image\/\"}}]}<\/script>\n<!-- \/ Yoast SEO plugin. -->","yoast_head_json":{"title":"Tadalafil (Cialis) 50 tabs - Astera Labs","robots":{"index":"index","follow":"follow","max-snippet":"max-snippet:-1","max-image-preview":"max-image-preview:large","max-video-preview":"max-video-preview:-1"},"canonical":"https:\/\/asteralabs.org\/cs\/product\/tadalafil-cialis-50-tabs\/","og_locale":"cs_CZ","og_type":"article","og_title":"Tadalafil (Cialis) 50 tabs - Astera Labs","og_description":"D\u00c1VKOV\u00c1N\u00cd: Tadalafil (Cialis) 20mg\/tab Obsah balen\u00ed: 1 s\u00e1\u010dek, 50 tablet, 20 mg v ka\u017ed\u00e9 kart\u011b CO JE TO: Je to jeden z nejpou\u017e\u00edvan\u011bj\u0161\u00edch l\u00e9k\u016f na l\u00e9\u010dbu erektiln\u00ed dysfunkce spolu s viagrou, na rozd\u00edl od n\u00ed je trv\u00e1n\u00ed jeho \u00fa\u010dinku velmi dlouh\u00e9, tak\u017ee nen\u00ed nutn\u00e9 ho u\u017e\u00edvat \u010dasto. JAK SE U\u017d\u00cdV\u00c1: VEZM\u011aTE SI NA POMOC P\u0158\u00cdPRAVEK&hellip;","og_url":"https:\/\/asteralabs.org\/cs\/product\/tadalafil-cialis-50-tabs\/","og_site_name":"Astera Labs","article_modified_time":"2026-01-15T13:14:59+00:00","og_image":[{"width":2000,"height":2000,"url":"https:\/\/asteralabs.org\/wp-content\/uploads\/2023\/01\/tadalafil-cialis-50-tabs.png","type":"image\/png"}],"twitter_card":"summary_large_image","schema":{"@context":"https:\/\/schema.org","@graph":[{"@type":"WebPage","@id":"https:\/\/asteralabs.org\/cs\/product\/tadalafil-cialis-50-tabs\/","url":"https:\/\/asteralabs.org\/cs\/product\/tadalafil-cialis-50-tabs\/","name":"Tadalafil (Cialis) 50 tabs - Astera Labs","isPartOf":{"@id":"https:\/\/asteralabs.org\/cs\/#website"},"primaryImageOfPage":{"@id":"https:\/\/asteralabs.org\/cs\/product\/tadalafil-cialis-50-tabs\/#primaryimage"},"image":{"@id":"https:\/\/asteralabs.org\/cs\/product\/tadalafil-cialis-50-tabs\/#primaryimage"},"thumbnailUrl":"https:\/\/asteralabs.org\/wp-content\/uploads\/2023\/01\/tadalafil-cialis-50-tabs.png","datePublished":"2023-01-13T20:24:49+00:00","dateModified":"2026-01-15T13:14:59+00:00","breadcrumb":{"@id":"https:\/\/asteralabs.org\/cs\/product\/tadalafil-cialis-50-tabs\/#breadcrumb"},"inLanguage":"cs","potentialAction":[{"@type":"ReadAction","target":["https:\/\/asteralabs.org\/cs\/product\/tadalafil-cialis-50-tabs\/"]}]},{"@type":"ImageObject","inLanguage":"cs","@id":"https:\/\/asteralabs.org\/cs\/product\/tadalafil-cialis-50-tabs\/#primaryimage","url":"https:\/\/asteralabs.org\/wp-content\/uploads\/2023\/01\/tadalafil-cialis-50-tabs.png","contentUrl":"https:\/\/asteralabs.org\/wp-content\/uploads\/2023\/01\/tadalafil-cialis-50-tabs.png","width":2000,"height":2000},{"@type":"BreadcrumbList","@id":"https:\/\/asteralabs.org\/cs\/product\/tadalafil-cialis-50-tabs\/#breadcrumb","itemListElement":[{"@type":"ListItem","position":1,"name":"Home","item":"https:\/\/asteralabs.org\/cs\/"},{"@type":"ListItem","position":2,"name":"Obchod","item":"https:\/\/asteralabs.org\/obchod\/"},{"@type":"ListItem","position":3,"name":"Tadalafil (Cialis) 50 tabs"}]},{"@type":"WebSite","@id":"https:\/\/asteralabs.org\/cs\/#website","url":"https:\/\/asteralabs.org\/cs\/","name":"Astera Labs","description":"Improve Your Quality Of Life","publisher":{"@id":"https:\/\/asteralabs.org\/cs\/#organization"},"potentialAction":[{"@type":"SearchAction","target":{"@type":"EntryPoint","urlTemplate":"https:\/\/asteralabs.org\/cs\/?s={search_term_string}"},"query-input":"required name=search_term_string"}],"inLanguage":"cs"},{"@type":"Organization","@id":"https:\/\/asteralabs.org\/cs\/#organization","name":"Astera Labs","url":"https:\/\/asteralabs.org\/cs\/","logo":{"@type":"ImageObject","inLanguage":"cs","@id":"https:\/\/asteralabs.org\/cs\/#\/schema\/logo\/image\/","url":"https:\/\/asteralabs.org\/wp-content\/uploads\/2022\/12\/astera-2.png","contentUrl":"https:\/\/asteralabs.org\/wp-content\/uploads\/2022\/12\/astera-2.png","width":437,"height":111,"caption":"Astera Labs"},"image":{"@id":"https:\/\/asteralabs.org\/cs\/#\/schema\/logo\/image\/"}}]}},"_links":{"self":[{"href":"https:\/\/asteralabs.org\/cs\/wp-json\/wp\/v2\/product\/78125"}],"collection":[{"href":"https:\/\/asteralabs.org\/cs\/wp-json\/wp\/v2\/product"}],"about":[{"href":"https:\/\/asteralabs.org\/cs\/wp-json\/wp\/v2\/types\/product"}],"replies":[{"embeddable":true,"href":"https:\/\/asteralabs.org\/cs\/wp-json\/wp\/v2\/comments?post=78125"}],"version-history":[{"count":1,"href":"https:\/\/asteralabs.org\/cs\/wp-json\/wp\/v2\/product\/78125\/revisions"}],"predecessor-version":[{"id":79872,"href":"https:\/\/asteralabs.org\/cs\/wp-json\/wp\/v2\/product\/78125\/revisions\/79872"}],"wp:featuredmedia":[{"embeddable":true,"href":"https:\/\/asteralabs.org\/cs\/wp-json\/wp\/v2\/media\/76535"}],"wp:attachment":[{"href":"https:\/\/asteralabs.org\/cs\/wp-json\/wp\/v2\/media?parent=78125"}],"wp:term":[{"taxonomy":"product_cat","embeddable":true,"href":"https:\/\/asteralabs.org\/cs\/wp-json\/wp\/v2\/product_cat?post=78125"},{"taxonomy":"product_tag","embeddable":true,"href":"https:\/\/asteralabs.org\/cs\/wp-json\/wp\/v2\/product_tag?post=78125"}],"curies":[{"name":"wp","href":"https:\/\/api.w.org\/{rel}","templated":true}]}}