{"id":78148,"date":"2023-01-10T23:01:27","date_gmt":"2023-01-10T23:01:27","guid":{"rendered":"https:\/\/asteralabs.org\/product\/chlorodehydromethyltestosteron-turinabol\/"},"modified":"2026-01-16T08:24:10","modified_gmt":"2026-01-16T08:24:10","slug":"chlorodehydromethyltestosteron-turinabol","status":"publish","type":"product","link":"https:\/\/asteralabs.org\/cs\/product\/chlorodehydromethyltestosteron-turinabol\/","title":{"rendered":"Chlorodehydromethyltestosteron (Turinabol)"},"content":{"rendered":"<p><strong>D\u00c1VKOV\u00c1N\u00cd: <\/strong><br \/>\n<strong>Obsah balen\u00ed: <\/strong><br \/>\n1 satchet, 100 tabulek, 20 mg v jedn\u00e9 kart\u011b <strong>CO JE TO: <\/strong><br \/>\nTurinabol je 17-alfa-alkylovan\u00e1 slou\u010denina, kter\u00e1 je deriv\u00e1tem Dianabol.<br \/>\nM\u00e1 4-chlorovou vazbu, kter\u00e1 inhibuje aromatizaci slou\u010deniny. M\u00e1 tak\u00e9 v\u00fdhodn\u00fd \u00fa\u010dinek, pokud jde o jeho schopnost sni\u017eovat vazbu globulinu v\u00e1zaj\u00edc\u00edho pohlavn\u00ed hormony na jin\u00e9 anabolick\u00e9 steroidy.<br \/>\nDokonce i p\u0159i relativn\u011b n\u00edzk\u00fdch d\u00e1vk\u00e1ch je v t\u00e9to funkci pom\u011brn\u011b \u00fa\u010dinn\u00fd a mohl by zlep\u0161it p\u016fsoben\u00ed jak\u00fdchkoli anabolik, kter\u00e9 u\u017eivatel m\u016f\u017ee provozovat se slou\u010deninou. <strong>JAK SE POU\u017d\u00cdV\u00c1: <\/strong><br \/>\nD\u00e1vky se pohybuj\u00ed v rozmez\u00ed 40-60 mg, a\u010dkoli n\u011bkte\u0159\u00ed u\u017eivatel\u00e9 pou\u017e\u00edvali d\u00e1vky a\u017e 100 mg. Nen\u00ed p\u0159\u00edli\u0161 hepatotoxick\u00fd, tak\u017ee jej lze u\u017e\u00edvat v 8t\u00fddenn\u00edch cyklech. Doporu\u010duje se rozd\u011blit d\u00e1vku do dvou denn\u00edch d\u00e1vek.<\/p>\n<p><strong>Informace o \u0161ar\u017ei:<br \/>\n<\/strong>\u010c\u00edslo \u0161ar\u017ee: <span data-sheets-root=\"1\" data-sheets-value=\"{\" data-sheets-userformat=\"{\">BF14358<\/span><br \/>\nDatum v\u00fdroby: <span data-sheets-root=\"1\" data-sheets-value=\"{\" data-sheets-userformat=\"{\">10.2025.<\/span><br \/>\nDatum exspirace: <span data-sheets-root=\"1\" data-sheets-value=\"{\" data-sheets-userformat=\"{\">10.2028.<\/span><\/p>\n","protected":false},"excerpt":{"rendered":"<p>D\u00c1VKOV\u00c1N\u00cd: Obsah balen\u00ed: 1 satchet, 100 tabulek, 20 mg v jedn\u00e9 kart\u011b CO JE TO: Turinabol je 17-alfa-alkylovan\u00e1 slou\u010denina, kter\u00e1 je deriv\u00e1tem Dianabol. M\u00e1 4-chlorovou vazbu, kter\u00e1 inhibuje aromatizaci slou\u010deniny. M\u00e1 tak\u00e9 v\u00fdhodn\u00fd \u00fa\u010dinek, pokud jde o jeho schopnost sni\u017eovat vazbu globulinu v\u00e1zaj\u00edc\u00edho pohlavn\u00ed hormony na jin\u00e9 anabolick\u00e9 steroidy. Dokonce i p\u0159i relativn\u011b n\u00edzk\u00fdch d\u00e1vk\u00e1ch&hellip;<\/p>\n","protected":false},"featured_media":76359,"comment_status":"open","ping_status":"closed","template":"","meta":{"_acf_changed":false},"product_brand":[],"product_cat":[153,177],"product_tag":[],"class_list":{"0":"post-78148","1":"product","2":"type-product","3":"status-publish","4":"has-post-thumbnail","6":"product_cat-all-cs","7":"product_cat-orals-cs","8":"description-off","10":"first","11":"instock","12":"shipping-taxable","13":"product-type-simple"},"acf":[],"yoast_head":"<!-- This site is optimized with the Yoast SEO plugin v27.4 - https:\/\/yoast.com\/product\/yoast-seo-wordpress\/ -->\n<title>Chlorodehydromethyltestosteron (Turinabol) - Astera Labs<\/title>\n<meta name=\"robots\" content=\"index, follow, max-snippet:-1, max-image-preview:large, max-video-preview:-1\" \/>\n<link rel=\"canonical\" href=\"https:\/\/asteralabs.org\/cs\/product\/chlorodehydromethyltestosteron-turinabol\/\" \/>\n<meta property=\"og:locale\" content=\"cs_CZ\" \/>\n<meta property=\"og:type\" content=\"article\" \/>\n<meta property=\"og:title\" content=\"Chlorodehydromethyltestosteron (Turinabol) - Astera Labs\" \/>\n<meta property=\"og:description\" content=\"D\u00c1VKOV\u00c1N\u00cd: Obsah balen\u00ed: 1 satchet, 100 tabulek, 20 mg v jedn\u00e9 kart\u011b CO JE TO: Turinabol je 17-alfa-alkylovan\u00e1 slou\u010denina, kter\u00e1 je deriv\u00e1tem Dianabol. M\u00e1 4-chlorovou vazbu, kter\u00e1 inhibuje aromatizaci slou\u010deniny. M\u00e1 tak\u00e9 v\u00fdhodn\u00fd \u00fa\u010dinek, pokud jde o jeho schopnost sni\u017eovat vazbu globulinu v\u00e1zaj\u00edc\u00edho pohlavn\u00ed hormony na jin\u00e9 anabolick\u00e9 steroidy. Dokonce i p\u0159i relativn\u011b n\u00edzk\u00fdch d\u00e1vk\u00e1ch&hellip;\" \/>\n<meta property=\"og:url\" content=\"https:\/\/asteralabs.org\/cs\/product\/chlorodehydromethyltestosteron-turinabol\/\" \/>\n<meta property=\"og:site_name\" content=\"Astera Labs\" \/>\n<meta property=\"article:modified_time\" content=\"2026-01-16T08:24:10+00:00\" \/>\n<meta property=\"og:image\" content=\"https:\/\/asteralabs.org\/wp-content\/uploads\/2023\/01\/Turinabol-mockup-nbg.png\" \/>\n\t<meta property=\"og:image:width\" content=\"2000\" \/>\n\t<meta property=\"og:image:height\" content=\"2000\" \/>\n\t<meta property=\"og:image:type\" content=\"image\/png\" \/>\n<meta name=\"twitter:card\" content=\"summary_large_image\" \/>\n<script type=\"application\/ld+json\" class=\"yoast-schema-graph\">{\"@context\":\"https:\\\/\\\/schema.org\",\"@graph\":[{\"@type\":\"WebPage\",\"@id\":\"https:\\\/\\\/asteralabs.org\\\/cs\\\/product\\\/chlorodehydromethyltestosteron-turinabol\\\/\",\"url\":\"https:\\\/\\\/asteralabs.org\\\/cs\\\/product\\\/chlorodehydromethyltestosteron-turinabol\\\/\",\"name\":\"Chlorodehydromethyltestosteron (Turinabol) - Astera Labs\",\"isPartOf\":{\"@id\":\"https:\\\/\\\/asteralabs.org\\\/cs\\\/#website\"},\"primaryImageOfPage\":{\"@id\":\"https:\\\/\\\/asteralabs.org\\\/cs\\\/product\\\/chlorodehydromethyltestosteron-turinabol\\\/#primaryimage\"},\"image\":{\"@id\":\"https:\\\/\\\/asteralabs.org\\\/cs\\\/product\\\/chlorodehydromethyltestosteron-turinabol\\\/#primaryimage\"},\"thumbnailUrl\":\"https:\\\/\\\/asteralabs.org\\\/wp-content\\\/uploads\\\/2023\\\/01\\\/Turinabol-mockup-nbg.png\",\"datePublished\":\"2023-01-10T23:01:27+00:00\",\"dateModified\":\"2026-01-16T08:24:10+00:00\",\"breadcrumb\":{\"@id\":\"https:\\\/\\\/asteralabs.org\\\/cs\\\/product\\\/chlorodehydromethyltestosteron-turinabol\\\/#breadcrumb\"},\"inLanguage\":\"cs-CZ\",\"potentialAction\":[{\"@type\":\"ReadAction\",\"target\":[\"https:\\\/\\\/asteralabs.org\\\/cs\\\/product\\\/chlorodehydromethyltestosteron-turinabol\\\/\"]}]},{\"@type\":\"ImageObject\",\"inLanguage\":\"cs-CZ\",\"@id\":\"https:\\\/\\\/asteralabs.org\\\/cs\\\/product\\\/chlorodehydromethyltestosteron-turinabol\\\/#primaryimage\",\"url\":\"https:\\\/\\\/asteralabs.org\\\/wp-content\\\/uploads\\\/2023\\\/01\\\/Turinabol-mockup-nbg.png\",\"contentUrl\":\"https:\\\/\\\/asteralabs.org\\\/wp-content\\\/uploads\\\/2023\\\/01\\\/Turinabol-mockup-nbg.png\",\"width\":2000,\"height\":2000},{\"@type\":\"BreadcrumbList\",\"@id\":\"https:\\\/\\\/asteralabs.org\\\/cs\\\/product\\\/chlorodehydromethyltestosteron-turinabol\\\/#breadcrumb\",\"itemListElement\":[{\"@type\":\"ListItem\",\"position\":1,\"name\":\"Home\",\"item\":\"https:\\\/\\\/asteralabs.org\\\/cs\\\/\"},{\"@type\":\"ListItem\",\"position\":2,\"name\":\"Obchod\",\"item\":\"https:\\\/\\\/asteralabs.org\\\/cs\\\/obchod\\\/\"},{\"@type\":\"ListItem\",\"position\":3,\"name\":\"Chlorodehydromethyltestosteron (Turinabol)\"}]},{\"@type\":\"WebSite\",\"@id\":\"https:\\\/\\\/asteralabs.org\\\/cs\\\/#website\",\"url\":\"https:\\\/\\\/asteralabs.org\\\/cs\\\/\",\"name\":\"Astera Labs\",\"description\":\"Improve Your Quality Of Life\",\"publisher\":{\"@id\":\"https:\\\/\\\/asteralabs.org\\\/cs\\\/#organization\"},\"potentialAction\":[{\"@type\":\"SearchAction\",\"target\":{\"@type\":\"EntryPoint\",\"urlTemplate\":\"https:\\\/\\\/asteralabs.org\\\/cs\\\/?s={search_term_string}\"},\"query-input\":{\"@type\":\"PropertyValueSpecification\",\"valueRequired\":true,\"valueName\":\"search_term_string\"}}],\"inLanguage\":\"cs-CZ\"},{\"@type\":\"Organization\",\"@id\":\"https:\\\/\\\/asteralabs.org\\\/cs\\\/#organization\",\"name\":\"Astera Labs\",\"url\":\"https:\\\/\\\/asteralabs.org\\\/cs\\\/\",\"logo\":{\"@type\":\"ImageObject\",\"inLanguage\":\"cs-CZ\",\"@id\":\"https:\\\/\\\/asteralabs.org\\\/cs\\\/#\\\/schema\\\/logo\\\/image\\\/\",\"url\":\"https:\\\/\\\/asteralabs.org\\\/wp-content\\\/uploads\\\/2022\\\/12\\\/astera-2.png\",\"contentUrl\":\"https:\\\/\\\/asteralabs.org\\\/wp-content\\\/uploads\\\/2022\\\/12\\\/astera-2.png\",\"width\":437,\"height\":111,\"caption\":\"Astera Labs\"},\"image\":{\"@id\":\"https:\\\/\\\/asteralabs.org\\\/cs\\\/#\\\/schema\\\/logo\\\/image\\\/\"}}]}<\/script>\n<!-- \/ Yoast SEO plugin. -->","yoast_head_json":{"title":"Chlorodehydromethyltestosteron (Turinabol) - Astera Labs","robots":{"index":"index","follow":"follow","max-snippet":"max-snippet:-1","max-image-preview":"max-image-preview:large","max-video-preview":"max-video-preview:-1"},"canonical":"https:\/\/asteralabs.org\/cs\/product\/chlorodehydromethyltestosteron-turinabol\/","og_locale":"cs_CZ","og_type":"article","og_title":"Chlorodehydromethyltestosteron (Turinabol) - Astera Labs","og_description":"D\u00c1VKOV\u00c1N\u00cd: Obsah balen\u00ed: 1 satchet, 100 tabulek, 20 mg v jedn\u00e9 kart\u011b CO JE TO: Turinabol je 17-alfa-alkylovan\u00e1 slou\u010denina, kter\u00e1 je deriv\u00e1tem Dianabol. M\u00e1 4-chlorovou vazbu, kter\u00e1 inhibuje aromatizaci slou\u010deniny. M\u00e1 tak\u00e9 v\u00fdhodn\u00fd \u00fa\u010dinek, pokud jde o jeho schopnost sni\u017eovat vazbu globulinu v\u00e1zaj\u00edc\u00edho pohlavn\u00ed hormony na jin\u00e9 anabolick\u00e9 steroidy. Dokonce i p\u0159i relativn\u011b n\u00edzk\u00fdch d\u00e1vk\u00e1ch&hellip;","og_url":"https:\/\/asteralabs.org\/cs\/product\/chlorodehydromethyltestosteron-turinabol\/","og_site_name":"Astera Labs","article_modified_time":"2026-01-16T08:24:10+00:00","og_image":[{"width":2000,"height":2000,"url":"https:\/\/asteralabs.org\/wp-content\/uploads\/2023\/01\/Turinabol-mockup-nbg.png","type":"image\/png"}],"twitter_card":"summary_large_image","schema":{"@context":"https:\/\/schema.org","@graph":[{"@type":"WebPage","@id":"https:\/\/asteralabs.org\/cs\/product\/chlorodehydromethyltestosteron-turinabol\/","url":"https:\/\/asteralabs.org\/cs\/product\/chlorodehydromethyltestosteron-turinabol\/","name":"Chlorodehydromethyltestosteron (Turinabol) - Astera Labs","isPartOf":{"@id":"https:\/\/asteralabs.org\/cs\/#website"},"primaryImageOfPage":{"@id":"https:\/\/asteralabs.org\/cs\/product\/chlorodehydromethyltestosteron-turinabol\/#primaryimage"},"image":{"@id":"https:\/\/asteralabs.org\/cs\/product\/chlorodehydromethyltestosteron-turinabol\/#primaryimage"},"thumbnailUrl":"https:\/\/asteralabs.org\/wp-content\/uploads\/2023\/01\/Turinabol-mockup-nbg.png","datePublished":"2023-01-10T23:01:27+00:00","dateModified":"2026-01-16T08:24:10+00:00","breadcrumb":{"@id":"https:\/\/asteralabs.org\/cs\/product\/chlorodehydromethyltestosteron-turinabol\/#breadcrumb"},"inLanguage":"cs-CZ","potentialAction":[{"@type":"ReadAction","target":["https:\/\/asteralabs.org\/cs\/product\/chlorodehydromethyltestosteron-turinabol\/"]}]},{"@type":"ImageObject","inLanguage":"cs-CZ","@id":"https:\/\/asteralabs.org\/cs\/product\/chlorodehydromethyltestosteron-turinabol\/#primaryimage","url":"https:\/\/asteralabs.org\/wp-content\/uploads\/2023\/01\/Turinabol-mockup-nbg.png","contentUrl":"https:\/\/asteralabs.org\/wp-content\/uploads\/2023\/01\/Turinabol-mockup-nbg.png","width":2000,"height":2000},{"@type":"BreadcrumbList","@id":"https:\/\/asteralabs.org\/cs\/product\/chlorodehydromethyltestosteron-turinabol\/#breadcrumb","itemListElement":[{"@type":"ListItem","position":1,"name":"Home","item":"https:\/\/asteralabs.org\/cs\/"},{"@type":"ListItem","position":2,"name":"Obchod","item":"https:\/\/asteralabs.org\/cs\/obchod\/"},{"@type":"ListItem","position":3,"name":"Chlorodehydromethyltestosteron (Turinabol)"}]},{"@type":"WebSite","@id":"https:\/\/asteralabs.org\/cs\/#website","url":"https:\/\/asteralabs.org\/cs\/","name":"Astera Labs","description":"Improve Your Quality Of Life","publisher":{"@id":"https:\/\/asteralabs.org\/cs\/#organization"},"potentialAction":[{"@type":"SearchAction","target":{"@type":"EntryPoint","urlTemplate":"https:\/\/asteralabs.org\/cs\/?s={search_term_string}"},"query-input":{"@type":"PropertyValueSpecification","valueRequired":true,"valueName":"search_term_string"}}],"inLanguage":"cs-CZ"},{"@type":"Organization","@id":"https:\/\/asteralabs.org\/cs\/#organization","name":"Astera Labs","url":"https:\/\/asteralabs.org\/cs\/","logo":{"@type":"ImageObject","inLanguage":"cs-CZ","@id":"https:\/\/asteralabs.org\/cs\/#\/schema\/logo\/image\/","url":"https:\/\/asteralabs.org\/wp-content\/uploads\/2022\/12\/astera-2.png","contentUrl":"https:\/\/asteralabs.org\/wp-content\/uploads\/2022\/12\/astera-2.png","width":437,"height":111,"caption":"Astera Labs"},"image":{"@id":"https:\/\/asteralabs.org\/cs\/#\/schema\/logo\/image\/"}}]}},"_links":{"self":[{"href":"https:\/\/asteralabs.org\/cs\/wp-json\/wp\/v2\/product\/78148","targetHints":{"allow":["GET"]}}],"collection":[{"href":"https:\/\/asteralabs.org\/cs\/wp-json\/wp\/v2\/product"}],"about":[{"href":"https:\/\/asteralabs.org\/cs\/wp-json\/wp\/v2\/types\/product"}],"replies":[{"embeddable":true,"href":"https:\/\/asteralabs.org\/cs\/wp-json\/wp\/v2\/comments?post=78148"}],"version-history":[{"count":0,"href":"https:\/\/asteralabs.org\/cs\/wp-json\/wp\/v2\/product\/78148\/revisions"}],"wp:featuredmedia":[{"embeddable":true,"href":"https:\/\/asteralabs.org\/cs\/wp-json\/wp\/v2\/media\/76359"}],"wp:attachment":[{"href":"https:\/\/asteralabs.org\/cs\/wp-json\/wp\/v2\/media?parent=78148"}],"wp:term":[{"taxonomy":"product_brand","embeddable":true,"href":"https:\/\/asteralabs.org\/cs\/wp-json\/wp\/v2\/product_brand?post=78148"},{"taxonomy":"product_cat","embeddable":true,"href":"https:\/\/asteralabs.org\/cs\/wp-json\/wp\/v2\/product_cat?post=78148"},{"taxonomy":"product_tag","embeddable":true,"href":"https:\/\/asteralabs.org\/cs\/wp-json\/wp\/v2\/product_tag?post=78148"}],"curies":[{"name":"wp","href":"https:\/\/api.w.org\/{rel}","templated":true}]}}