{"id":78153,"date":"2023-01-10T23:00:06","date_gmt":"2023-01-10T23:00:06","guid":{"rendered":"https:\/\/asteralabs.org\/product\/klenbuterol-hcl\/"},"modified":"2026-01-16T08:31:03","modified_gmt":"2026-01-16T08:31:03","slug":"klenbuterol-hcl","status":"publish","type":"product","link":"https:\/\/asteralabs.org\/cs\/product\/klenbuterol-hcl\/","title":{"rendered":"Klenbuterol HCL"},"content":{"rendered":"<p><strong>D\u00c1VKOV\u00c1N\u00cd: <\/strong><br \/>\n<strong>Obsah balen\u00ed: <\/strong><br \/>\n1 satchet, 100 tabulek, 40mcg v jedn\u00e9 tabulce <strong>CO JE TO? <\/strong><br \/>\nKlenbuterol je sympatomimetick\u00fd amin u\u017e\u00edvan\u00fd osobami trp\u00edc\u00edmi poruchami d\u00fdch\u00e1n\u00ed jako dekongestivum a bronchodilatans. Pokud jde o pou\u017eit\u00ed clenbuterolu pro silov\u00e9 sportovce a kulturisty, jeho funkce beta-2 agonisty m\u016f\u017ee pomoci zv\u00fd\u0161it lipol\u00fdzu. Toho se dosahuje prost\u0159ednictv\u00edm zv\u00fd\u0161en\u00ed baz\u00e1ln\u00ed metabolick\u00e9 rychlosti a tak\u00e9 zv\u00fd\u0161en\u00e9 produkce tepla v mitochondri\u00edch, kter\u00e1 slou\u017e\u00ed ke zv\u00fd\u0161en\u00ed t\u011blesn\u00e9 teploty, a tedy ke zv\u00fd\u0161en\u00ed termogeneze. Nav\u00edc bylo prok\u00e1z\u00e1no, \u017ee klenbuterol je schopen p\u0159\u00edmo stimulovat tukov\u00e9 bu\u0148ky a urychlit odbour\u00e1v\u00e1n\u00ed triglycerid\u016f, \u010d\u00edm\u017e vznikaj\u00ed voln\u00e9 mastn\u00e9 kyseliny. <strong>JAK SE POU\u017d\u00cdV\u00c1: <\/strong><br \/>\nP\u0159esto\u017ee m\u00e1 velmi dlouh\u00fd polo\u010das rozpadu, doporu\u010duje se rozd\u011blit d\u00e1vku do t\u0159\u00ed d\u00e1vek rozlo\u017een\u00fdch v pr\u016fb\u011bhu dne. Po\u010d\u00e1te\u010dn\u00ed d\u00e1vka je obvykle 20mcgs, doporu\u010duje se d\u00e1vku postupn\u011b zvy\u0161ovat v\u017edy, kdy\u017e p\u0159estane \u00fa\u010dinkovat (je vhodn\u00e9 vyhledat si vzor pyramidov\u00e9ho cyklu clenbuterolu). Aby se p\u0159ede\u0161lo ne\u017e\u00e1douc\u00edm vedlej\u0161\u00edm \u00fa\u010dink\u016fm, jako je tachykardie nebo srde\u010dn\u00ed remodelace, je vhodn\u00e9 jej kombinovat s n\u00edzk\u00fdmi d\u00e1vkami nebivololu. <strong>Informace o \u0161ar\u017ei:<br \/>\n<\/strong>\u010c\u00edslo \u0161ar\u017ee: <span data-sheets-root=\"1\" data-sheets-value=\"{\" data-sheets-userformat=\"{\">AD21833<\/span><br \/>\nDatum v\u00fdroby: <span data-sheets-root=\"1\" data-sheets-value=\"{\" data-sheets-userformat=\"{\">10.2025.<\/span><br \/>\nDatum pou\u017eitelnosti: <span data-sheets-root=\"1\" data-sheets-value=\"{\" data-sheets-userformat=\"{\">10.2028.<\/span><\/p>\n","protected":false},"excerpt":{"rendered":"<p>D\u00c1VKOV\u00c1N\u00cd: Obsah balen\u00ed: 1 satchet, 100 tabulek, 40mcg v jedn\u00e9 tabulce CO JE TO? Klenbuterol je sympatomimetick\u00fd amin u\u017e\u00edvan\u00fd osobami trp\u00edc\u00edmi poruchami d\u00fdch\u00e1n\u00ed jako dekongestivum a bronchodilatans. Pokud jde o pou\u017eit\u00ed clenbuterolu pro silov\u00e9 sportovce a kulturisty, jeho funkce beta-2 agonisty m\u016f\u017ee pomoci zv\u00fd\u0161it lipol\u00fdzu. Toho se dosahuje prost\u0159ednictv\u00edm zv\u00fd\u0161en\u00ed baz\u00e1ln\u00ed metabolick\u00e9 rychlosti a tak\u00e9&hellip;<\/p>\n","protected":false},"featured_media":76223,"comment_status":"open","ping_status":"closed","template":"","meta":{"_acf_changed":false},"product_brand":[],"product_cat":[153,177],"product_tag":[],"class_list":{"0":"post-78153","1":"product","2":"type-product","3":"status-publish","4":"has-post-thumbnail","6":"product_cat-all-cs","7":"product_cat-orals-cs","8":"description-off","10":"first","11":"instock","12":"shipping-taxable","13":"product-type-simple"},"acf":[],"yoast_head":"<!-- This site is optimized with the Yoast SEO plugin v27.4 - https:\/\/yoast.com\/product\/yoast-seo-wordpress\/ -->\n<title>Klenbuterol HCL - Astera Labs<\/title>\n<meta name=\"robots\" content=\"index, follow, max-snippet:-1, max-image-preview:large, max-video-preview:-1\" \/>\n<link rel=\"canonical\" href=\"https:\/\/asteralabs.org\/cs\/product\/klenbuterol-hcl\/\" \/>\n<meta property=\"og:locale\" content=\"cs_CZ\" \/>\n<meta property=\"og:type\" content=\"article\" \/>\n<meta property=\"og:title\" content=\"Klenbuterol HCL - Astera Labs\" \/>\n<meta property=\"og:description\" content=\"D\u00c1VKOV\u00c1N\u00cd: Obsah balen\u00ed: 1 satchet, 100 tabulek, 40mcg v jedn\u00e9 tabulce CO JE TO? Klenbuterol je sympatomimetick\u00fd amin u\u017e\u00edvan\u00fd osobami trp\u00edc\u00edmi poruchami d\u00fdch\u00e1n\u00ed jako dekongestivum a bronchodilatans. Pokud jde o pou\u017eit\u00ed clenbuterolu pro silov\u00e9 sportovce a kulturisty, jeho funkce beta-2 agonisty m\u016f\u017ee pomoci zv\u00fd\u0161it lipol\u00fdzu. Toho se dosahuje prost\u0159ednictv\u00edm zv\u00fd\u0161en\u00ed baz\u00e1ln\u00ed metabolick\u00e9 rychlosti a tak\u00e9&hellip;\" \/>\n<meta property=\"og:url\" content=\"https:\/\/asteralabs.org\/cs\/product\/klenbuterol-hcl\/\" \/>\n<meta property=\"og:site_name\" content=\"Astera Labs\" \/>\n<meta property=\"article:modified_time\" content=\"2026-01-16T08:31:03+00:00\" \/>\n<meta property=\"og:image\" content=\"https:\/\/asteralabs.org\/wp-content\/uploads\/2023\/01\/Clenbuterol-HCL-mockup-nbg.png\" \/>\n\t<meta property=\"og:image:width\" content=\"2000\" \/>\n\t<meta property=\"og:image:height\" content=\"2000\" \/>\n\t<meta property=\"og:image:type\" content=\"image\/png\" \/>\n<meta name=\"twitter:card\" content=\"summary_large_image\" \/>\n<script type=\"application\/ld+json\" class=\"yoast-schema-graph\">{\"@context\":\"https:\\\/\\\/schema.org\",\"@graph\":[{\"@type\":\"WebPage\",\"@id\":\"https:\\\/\\\/asteralabs.org\\\/cs\\\/product\\\/klenbuterol-hcl\\\/\",\"url\":\"https:\\\/\\\/asteralabs.org\\\/cs\\\/product\\\/klenbuterol-hcl\\\/\",\"name\":\"Klenbuterol HCL - Astera Labs\",\"isPartOf\":{\"@id\":\"https:\\\/\\\/asteralabs.org\\\/cs\\\/#website\"},\"primaryImageOfPage\":{\"@id\":\"https:\\\/\\\/asteralabs.org\\\/cs\\\/product\\\/klenbuterol-hcl\\\/#primaryimage\"},\"image\":{\"@id\":\"https:\\\/\\\/asteralabs.org\\\/cs\\\/product\\\/klenbuterol-hcl\\\/#primaryimage\"},\"thumbnailUrl\":\"https:\\\/\\\/asteralabs.org\\\/wp-content\\\/uploads\\\/2023\\\/01\\\/Clenbuterol-HCL-mockup-nbg.png\",\"datePublished\":\"2023-01-10T23:00:06+00:00\",\"dateModified\":\"2026-01-16T08:31:03+00:00\",\"breadcrumb\":{\"@id\":\"https:\\\/\\\/asteralabs.org\\\/cs\\\/product\\\/klenbuterol-hcl\\\/#breadcrumb\"},\"inLanguage\":\"cs-CZ\",\"potentialAction\":[{\"@type\":\"ReadAction\",\"target\":[\"https:\\\/\\\/asteralabs.org\\\/cs\\\/product\\\/klenbuterol-hcl\\\/\"]}]},{\"@type\":\"ImageObject\",\"inLanguage\":\"cs-CZ\",\"@id\":\"https:\\\/\\\/asteralabs.org\\\/cs\\\/product\\\/klenbuterol-hcl\\\/#primaryimage\",\"url\":\"https:\\\/\\\/asteralabs.org\\\/wp-content\\\/uploads\\\/2023\\\/01\\\/Clenbuterol-HCL-mockup-nbg.png\",\"contentUrl\":\"https:\\\/\\\/asteralabs.org\\\/wp-content\\\/uploads\\\/2023\\\/01\\\/Clenbuterol-HCL-mockup-nbg.png\",\"width\":2000,\"height\":2000},{\"@type\":\"BreadcrumbList\",\"@id\":\"https:\\\/\\\/asteralabs.org\\\/cs\\\/product\\\/klenbuterol-hcl\\\/#breadcrumb\",\"itemListElement\":[{\"@type\":\"ListItem\",\"position\":1,\"name\":\"Home\",\"item\":\"https:\\\/\\\/asteralabs.org\\\/cs\\\/\"},{\"@type\":\"ListItem\",\"position\":2,\"name\":\"Obchod\",\"item\":\"https:\\\/\\\/asteralabs.org\\\/cs\\\/obchod\\\/\"},{\"@type\":\"ListItem\",\"position\":3,\"name\":\"Klenbuterol HCL\"}]},{\"@type\":\"WebSite\",\"@id\":\"https:\\\/\\\/asteralabs.org\\\/cs\\\/#website\",\"url\":\"https:\\\/\\\/asteralabs.org\\\/cs\\\/\",\"name\":\"Astera Labs\",\"description\":\"Improve Your Quality Of Life\",\"publisher\":{\"@id\":\"https:\\\/\\\/asteralabs.org\\\/cs\\\/#organization\"},\"potentialAction\":[{\"@type\":\"SearchAction\",\"target\":{\"@type\":\"EntryPoint\",\"urlTemplate\":\"https:\\\/\\\/asteralabs.org\\\/cs\\\/?s={search_term_string}\"},\"query-input\":{\"@type\":\"PropertyValueSpecification\",\"valueRequired\":true,\"valueName\":\"search_term_string\"}}],\"inLanguage\":\"cs-CZ\"},{\"@type\":\"Organization\",\"@id\":\"https:\\\/\\\/asteralabs.org\\\/cs\\\/#organization\",\"name\":\"Astera Labs\",\"url\":\"https:\\\/\\\/asteralabs.org\\\/cs\\\/\",\"logo\":{\"@type\":\"ImageObject\",\"inLanguage\":\"cs-CZ\",\"@id\":\"https:\\\/\\\/asteralabs.org\\\/cs\\\/#\\\/schema\\\/logo\\\/image\\\/\",\"url\":\"https:\\\/\\\/asteralabs.org\\\/wp-content\\\/uploads\\\/2022\\\/12\\\/astera-2.png\",\"contentUrl\":\"https:\\\/\\\/asteralabs.org\\\/wp-content\\\/uploads\\\/2022\\\/12\\\/astera-2.png\",\"width\":437,\"height\":111,\"caption\":\"Astera Labs\"},\"image\":{\"@id\":\"https:\\\/\\\/asteralabs.org\\\/cs\\\/#\\\/schema\\\/logo\\\/image\\\/\"}}]}<\/script>\n<!-- \/ Yoast SEO plugin. -->","yoast_head_json":{"title":"Klenbuterol HCL - Astera Labs","robots":{"index":"index","follow":"follow","max-snippet":"max-snippet:-1","max-image-preview":"max-image-preview:large","max-video-preview":"max-video-preview:-1"},"canonical":"https:\/\/asteralabs.org\/cs\/product\/klenbuterol-hcl\/","og_locale":"cs_CZ","og_type":"article","og_title":"Klenbuterol HCL - Astera Labs","og_description":"D\u00c1VKOV\u00c1N\u00cd: Obsah balen\u00ed: 1 satchet, 100 tabulek, 40mcg v jedn\u00e9 tabulce CO JE TO? Klenbuterol je sympatomimetick\u00fd amin u\u017e\u00edvan\u00fd osobami trp\u00edc\u00edmi poruchami d\u00fdch\u00e1n\u00ed jako dekongestivum a bronchodilatans. Pokud jde o pou\u017eit\u00ed clenbuterolu pro silov\u00e9 sportovce a kulturisty, jeho funkce beta-2 agonisty m\u016f\u017ee pomoci zv\u00fd\u0161it lipol\u00fdzu. Toho se dosahuje prost\u0159ednictv\u00edm zv\u00fd\u0161en\u00ed baz\u00e1ln\u00ed metabolick\u00e9 rychlosti a tak\u00e9&hellip;","og_url":"https:\/\/asteralabs.org\/cs\/product\/klenbuterol-hcl\/","og_site_name":"Astera Labs","article_modified_time":"2026-01-16T08:31:03+00:00","og_image":[{"width":2000,"height":2000,"url":"https:\/\/asteralabs.org\/wp-content\/uploads\/2023\/01\/Clenbuterol-HCL-mockup-nbg.png","type":"image\/png"}],"twitter_card":"summary_large_image","schema":{"@context":"https:\/\/schema.org","@graph":[{"@type":"WebPage","@id":"https:\/\/asteralabs.org\/cs\/product\/klenbuterol-hcl\/","url":"https:\/\/asteralabs.org\/cs\/product\/klenbuterol-hcl\/","name":"Klenbuterol HCL - Astera Labs","isPartOf":{"@id":"https:\/\/asteralabs.org\/cs\/#website"},"primaryImageOfPage":{"@id":"https:\/\/asteralabs.org\/cs\/product\/klenbuterol-hcl\/#primaryimage"},"image":{"@id":"https:\/\/asteralabs.org\/cs\/product\/klenbuterol-hcl\/#primaryimage"},"thumbnailUrl":"https:\/\/asteralabs.org\/wp-content\/uploads\/2023\/01\/Clenbuterol-HCL-mockup-nbg.png","datePublished":"2023-01-10T23:00:06+00:00","dateModified":"2026-01-16T08:31:03+00:00","breadcrumb":{"@id":"https:\/\/asteralabs.org\/cs\/product\/klenbuterol-hcl\/#breadcrumb"},"inLanguage":"cs-CZ","potentialAction":[{"@type":"ReadAction","target":["https:\/\/asteralabs.org\/cs\/product\/klenbuterol-hcl\/"]}]},{"@type":"ImageObject","inLanguage":"cs-CZ","@id":"https:\/\/asteralabs.org\/cs\/product\/klenbuterol-hcl\/#primaryimage","url":"https:\/\/asteralabs.org\/wp-content\/uploads\/2023\/01\/Clenbuterol-HCL-mockup-nbg.png","contentUrl":"https:\/\/asteralabs.org\/wp-content\/uploads\/2023\/01\/Clenbuterol-HCL-mockup-nbg.png","width":2000,"height":2000},{"@type":"BreadcrumbList","@id":"https:\/\/asteralabs.org\/cs\/product\/klenbuterol-hcl\/#breadcrumb","itemListElement":[{"@type":"ListItem","position":1,"name":"Home","item":"https:\/\/asteralabs.org\/cs\/"},{"@type":"ListItem","position":2,"name":"Obchod","item":"https:\/\/asteralabs.org\/cs\/obchod\/"},{"@type":"ListItem","position":3,"name":"Klenbuterol HCL"}]},{"@type":"WebSite","@id":"https:\/\/asteralabs.org\/cs\/#website","url":"https:\/\/asteralabs.org\/cs\/","name":"Astera Labs","description":"Improve Your Quality Of Life","publisher":{"@id":"https:\/\/asteralabs.org\/cs\/#organization"},"potentialAction":[{"@type":"SearchAction","target":{"@type":"EntryPoint","urlTemplate":"https:\/\/asteralabs.org\/cs\/?s={search_term_string}"},"query-input":{"@type":"PropertyValueSpecification","valueRequired":true,"valueName":"search_term_string"}}],"inLanguage":"cs-CZ"},{"@type":"Organization","@id":"https:\/\/asteralabs.org\/cs\/#organization","name":"Astera Labs","url":"https:\/\/asteralabs.org\/cs\/","logo":{"@type":"ImageObject","inLanguage":"cs-CZ","@id":"https:\/\/asteralabs.org\/cs\/#\/schema\/logo\/image\/","url":"https:\/\/asteralabs.org\/wp-content\/uploads\/2022\/12\/astera-2.png","contentUrl":"https:\/\/asteralabs.org\/wp-content\/uploads\/2022\/12\/astera-2.png","width":437,"height":111,"caption":"Astera Labs"},"image":{"@id":"https:\/\/asteralabs.org\/cs\/#\/schema\/logo\/image\/"}}]}},"_links":{"self":[{"href":"https:\/\/asteralabs.org\/cs\/wp-json\/wp\/v2\/product\/78153","targetHints":{"allow":["GET"]}}],"collection":[{"href":"https:\/\/asteralabs.org\/cs\/wp-json\/wp\/v2\/product"}],"about":[{"href":"https:\/\/asteralabs.org\/cs\/wp-json\/wp\/v2\/types\/product"}],"replies":[{"embeddable":true,"href":"https:\/\/asteralabs.org\/cs\/wp-json\/wp\/v2\/comments?post=78153"}],"version-history":[{"count":0,"href":"https:\/\/asteralabs.org\/cs\/wp-json\/wp\/v2\/product\/78153\/revisions"}],"wp:featuredmedia":[{"embeddable":true,"href":"https:\/\/asteralabs.org\/cs\/wp-json\/wp\/v2\/media\/76223"}],"wp:attachment":[{"href":"https:\/\/asteralabs.org\/cs\/wp-json\/wp\/v2\/media?parent=78153"}],"wp:term":[{"taxonomy":"product_brand","embeddable":true,"href":"https:\/\/asteralabs.org\/cs\/wp-json\/wp\/v2\/product_brand?post=78153"},{"taxonomy":"product_cat","embeddable":true,"href":"https:\/\/asteralabs.org\/cs\/wp-json\/wp\/v2\/product_cat?post=78153"},{"taxonomy":"product_tag","embeddable":true,"href":"https:\/\/asteralabs.org\/cs\/wp-json\/wp\/v2\/product_tag?post=78153"}],"curies":[{"name":"wp","href":"https:\/\/api.w.org\/{rel}","templated":true}]}}