{"id":78159,"date":"2023-01-10T22:58:54","date_gmt":"2023-01-10T22:58:54","guid":{"rendered":"https:\/\/asteralabs.org\/product\/methyltrenbolon\/"},"modified":"2026-01-16T10:15:57","modified_gmt":"2026-01-16T10:15:57","slug":"methyltrenbolon","status":"publish","type":"product","link":"https:\/\/asteralabs.org\/cs\/product\/methyltrenbolon\/","title":{"rendered":"Methyltrenbolon"},"content":{"rendered":"<p><strong>D\u00c1VKOV\u00c1N\u00cd: <\/strong><br \/>\n<strong>Obsah balen\u00ed: <\/strong><br \/>\n1 satchet, 50 tabulek, 1mg na tabuli <strong>CO TO JE: <\/strong><br \/>\nMetribolon je syntetick\u00fd a peror\u00e1ln\u011b aktivn\u00ed anabolicko-androgenn\u00ed steroid (AAS) a 17\u03b1-alkylovan\u00fd deriv\u00e1t nandrolonu (19-nortestosteronu). Je to jeden z nejsiln\u011bj\u0161\u00edch a nejtoxi\u010dt\u011bj\u0161\u00edch existuj\u00edc\u00edch steroid\u016f, zm\u011bny v s\u00edle a estetice, kter\u00e9 jsou p\u0159i jeho u\u017e\u00edv\u00e1n\u00ed pozorov\u00e1ny, jsou p\u016fsobiv\u00e9. <strong>JAK SE POU\u017d\u00cdV\u00c1: <\/strong><br \/>\nDenn\u00ed d\u00e1vky se pohybuj\u00ed mezi 500-1000mcg rozd\u011blen\u00fdch do 2 d\u00e1vek, i kdy\u017e v\u011bt\u0161ina u\u017eivatel\u016f jej u\u017e\u00edv\u00e1 n\u011bkolik hodin p\u0159ed tr\u00e9ninkem. Nedoporu\u010duje se u\u017e\u00edvat jej d\u00e9le ne\u017e 2 t\u00fddny v kuse, je povinn\u00e9 pou\u017e\u00edvat jatern\u00ed protektor, jako je TUDCA, aby se zabr\u00e1nilo psychick\u00fdm vedlej\u0161\u00edm \u00fa\u010dink\u016fm, bylo by vhodn\u00e9 pou\u017e\u00edt SAME, proto\u017ee je velmi u\u017eite\u010dn\u00fd na jatern\u00ed \u00farovni a tak\u00e9 na emocion\u00e1ln\u00ed. <strong>INFORMACE O \u0160AR\u017dI:<br \/>\n<\/strong>\u010c\u00edslo \u0161ar\u017ee: <span data-sheets-root=\"1\" data-sheets-value=\"{&quot;1&quot;:2,&quot;2&quot;:&quot;AU80558&quot;}\" data-sheets-userformat=\"{&quot;2&quot;:4224,&quot;10&quot;:2,&quot;15&quot;:&quot;Arial&quot;}\">RM67280<\/span><br \/>\nDatum v\u00fdroby: <span data-sheets-root=\"1\" data-sheets-value=\"{\" data-sheets-userformat=\"{\">10.2025.<\/span><br \/>\nDatum pou\u017eitelnosti: <span data-sheets-root=\"1\" data-sheets-value=\"{\" data-sheets-userformat=\"{\">10.2028.<\/span><\/p>\n","protected":false},"excerpt":{"rendered":"<p>D\u00c1VKOV\u00c1N\u00cd: Obsah balen\u00ed: 1 satchet, 50 tabulek, 1mg na tabuli CO TO JE: Metribolon je syntetick\u00fd a peror\u00e1ln\u011b aktivn\u00ed anabolicko-androgenn\u00ed steroid (AAS) a 17\u03b1-alkylovan\u00fd deriv\u00e1t nandrolonu (19-nortestosteronu). Je to jeden z nejsiln\u011bj\u0161\u00edch a nejtoxi\u010dt\u011bj\u0161\u00edch existuj\u00edc\u00edch steroid\u016f, zm\u011bny v s\u00edle a estetice, kter\u00e9 jsou p\u0159i jeho u\u017e\u00edv\u00e1n\u00ed pozorov\u00e1ny, jsou p\u016fsobiv\u00e9. JAK SE POU\u017d\u00cdV\u00c1: Denn\u00ed d\u00e1vky se&hellip;<\/p>\n","protected":false},"featured_media":76303,"comment_status":"open","ping_status":"closed","template":"","meta":[],"product_cat":[153,177],"product_tag":[],"yoast_head":"<!-- This site is optimized with the Yoast SEO plugin v23.0 - https:\/\/yoast.com\/wordpress\/plugins\/seo\/ -->\n<title>Methyltrenbolon - Astera Labs<\/title>\n<meta name=\"robots\" content=\"index, follow, max-snippet:-1, max-image-preview:large, max-video-preview:-1\" \/>\n<link rel=\"canonical\" href=\"https:\/\/asteralabs.org\/cs\/product\/methyltrenbolon\/\" \/>\n<meta property=\"og:locale\" content=\"cs_CZ\" \/>\n<meta property=\"og:type\" content=\"article\" \/>\n<meta property=\"og:title\" content=\"Methyltrenbolon - Astera Labs\" \/>\n<meta property=\"og:description\" content=\"D\u00c1VKOV\u00c1N\u00cd: Obsah balen\u00ed: 1 satchet, 50 tabulek, 1mg na tabuli CO TO JE: Metribolon je syntetick\u00fd a peror\u00e1ln\u011b aktivn\u00ed anabolicko-androgenn\u00ed steroid (AAS) a 17\u03b1-alkylovan\u00fd deriv\u00e1t nandrolonu (19-nortestosteronu). Je to jeden z nejsiln\u011bj\u0161\u00edch a nejtoxi\u010dt\u011bj\u0161\u00edch existuj\u00edc\u00edch steroid\u016f, zm\u011bny v s\u00edle a estetice, kter\u00e9 jsou p\u0159i jeho u\u017e\u00edv\u00e1n\u00ed pozorov\u00e1ny, jsou p\u016fsobiv\u00e9. JAK SE POU\u017d\u00cdV\u00c1: Denn\u00ed d\u00e1vky se&hellip;\" \/>\n<meta property=\"og:url\" content=\"https:\/\/asteralabs.org\/cs\/product\/methyltrenbolon\/\" \/>\n<meta property=\"og:site_name\" content=\"Astera Labs\" \/>\n<meta property=\"article:modified_time\" content=\"2026-01-16T10:15:57+00:00\" \/>\n<meta property=\"og:image\" content=\"https:\/\/asteralabs.org\/wp-content\/uploads\/2023\/01\/Methyltrenbolone-mockup-nbg.png\" \/>\n\t<meta property=\"og:image:width\" content=\"2000\" \/>\n\t<meta property=\"og:image:height\" content=\"2000\" \/>\n\t<meta property=\"og:image:type\" content=\"image\/png\" \/>\n<meta name=\"twitter:card\" content=\"summary_large_image\" \/>\n<script type=\"application\/ld+json\" class=\"yoast-schema-graph\">{\"@context\":\"https:\/\/schema.org\",\"@graph\":[{\"@type\":\"WebPage\",\"@id\":\"https:\/\/asteralabs.org\/cs\/product\/methyltrenbolon\/\",\"url\":\"https:\/\/asteralabs.org\/cs\/product\/methyltrenbolon\/\",\"name\":\"Methyltrenbolon - Astera Labs\",\"isPartOf\":{\"@id\":\"https:\/\/asteralabs.org\/cs\/#website\"},\"primaryImageOfPage\":{\"@id\":\"https:\/\/asteralabs.org\/cs\/product\/methyltrenbolon\/#primaryimage\"},\"image\":{\"@id\":\"https:\/\/asteralabs.org\/cs\/product\/methyltrenbolon\/#primaryimage\"},\"thumbnailUrl\":\"https:\/\/asteralabs.org\/wp-content\/uploads\/2023\/01\/Methyltrenbolone-mockup-nbg.png\",\"datePublished\":\"2023-01-10T22:58:54+00:00\",\"dateModified\":\"2026-01-16T10:15:57+00:00\",\"breadcrumb\":{\"@id\":\"https:\/\/asteralabs.org\/cs\/product\/methyltrenbolon\/#breadcrumb\"},\"inLanguage\":\"cs\",\"potentialAction\":[{\"@type\":\"ReadAction\",\"target\":[\"https:\/\/asteralabs.org\/cs\/product\/methyltrenbolon\/\"]}]},{\"@type\":\"ImageObject\",\"inLanguage\":\"cs\",\"@id\":\"https:\/\/asteralabs.org\/cs\/product\/methyltrenbolon\/#primaryimage\",\"url\":\"https:\/\/asteralabs.org\/wp-content\/uploads\/2023\/01\/Methyltrenbolone-mockup-nbg.png\",\"contentUrl\":\"https:\/\/asteralabs.org\/wp-content\/uploads\/2023\/01\/Methyltrenbolone-mockup-nbg.png\",\"width\":2000,\"height\":2000},{\"@type\":\"BreadcrumbList\",\"@id\":\"https:\/\/asteralabs.org\/cs\/product\/methyltrenbolon\/#breadcrumb\",\"itemListElement\":[{\"@type\":\"ListItem\",\"position\":1,\"name\":\"Home\",\"item\":\"https:\/\/asteralabs.org\/cs\/\"},{\"@type\":\"ListItem\",\"position\":2,\"name\":\"Obchod\",\"item\":\"https:\/\/asteralabs.org\/obchod\/\"},{\"@type\":\"ListItem\",\"position\":3,\"name\":\"Methyltrenbolon\"}]},{\"@type\":\"WebSite\",\"@id\":\"https:\/\/asteralabs.org\/cs\/#website\",\"url\":\"https:\/\/asteralabs.org\/cs\/\",\"name\":\"Astera Labs\",\"description\":\"Improve Your Quality Of Life\",\"publisher\":{\"@id\":\"https:\/\/asteralabs.org\/cs\/#organization\"},\"potentialAction\":[{\"@type\":\"SearchAction\",\"target\":{\"@type\":\"EntryPoint\",\"urlTemplate\":\"https:\/\/asteralabs.org\/cs\/?s={search_term_string}\"},\"query-input\":\"required name=search_term_string\"}],\"inLanguage\":\"cs\"},{\"@type\":\"Organization\",\"@id\":\"https:\/\/asteralabs.org\/cs\/#organization\",\"name\":\"Astera Labs\",\"url\":\"https:\/\/asteralabs.org\/cs\/\",\"logo\":{\"@type\":\"ImageObject\",\"inLanguage\":\"cs\",\"@id\":\"https:\/\/asteralabs.org\/cs\/#\/schema\/logo\/image\/\",\"url\":\"https:\/\/asteralabs.org\/wp-content\/uploads\/2022\/12\/astera-2.png\",\"contentUrl\":\"https:\/\/asteralabs.org\/wp-content\/uploads\/2022\/12\/astera-2.png\",\"width\":437,\"height\":111,\"caption\":\"Astera Labs\"},\"image\":{\"@id\":\"https:\/\/asteralabs.org\/cs\/#\/schema\/logo\/image\/\"}}]}<\/script>\n<!-- \/ Yoast SEO plugin. -->","yoast_head_json":{"title":"Methyltrenbolon - Astera Labs","robots":{"index":"index","follow":"follow","max-snippet":"max-snippet:-1","max-image-preview":"max-image-preview:large","max-video-preview":"max-video-preview:-1"},"canonical":"https:\/\/asteralabs.org\/cs\/product\/methyltrenbolon\/","og_locale":"cs_CZ","og_type":"article","og_title":"Methyltrenbolon - Astera Labs","og_description":"D\u00c1VKOV\u00c1N\u00cd: Obsah balen\u00ed: 1 satchet, 50 tabulek, 1mg na tabuli CO TO JE: Metribolon je syntetick\u00fd a peror\u00e1ln\u011b aktivn\u00ed anabolicko-androgenn\u00ed steroid (AAS) a 17\u03b1-alkylovan\u00fd deriv\u00e1t nandrolonu (19-nortestosteronu). Je to jeden z nejsiln\u011bj\u0161\u00edch a nejtoxi\u010dt\u011bj\u0161\u00edch existuj\u00edc\u00edch steroid\u016f, zm\u011bny v s\u00edle a estetice, kter\u00e9 jsou p\u0159i jeho u\u017e\u00edv\u00e1n\u00ed pozorov\u00e1ny, jsou p\u016fsobiv\u00e9. JAK SE POU\u017d\u00cdV\u00c1: Denn\u00ed d\u00e1vky se&hellip;","og_url":"https:\/\/asteralabs.org\/cs\/product\/methyltrenbolon\/","og_site_name":"Astera Labs","article_modified_time":"2026-01-16T10:15:57+00:00","og_image":[{"width":2000,"height":2000,"url":"https:\/\/asteralabs.org\/wp-content\/uploads\/2023\/01\/Methyltrenbolone-mockup-nbg.png","type":"image\/png"}],"twitter_card":"summary_large_image","schema":{"@context":"https:\/\/schema.org","@graph":[{"@type":"WebPage","@id":"https:\/\/asteralabs.org\/cs\/product\/methyltrenbolon\/","url":"https:\/\/asteralabs.org\/cs\/product\/methyltrenbolon\/","name":"Methyltrenbolon - Astera Labs","isPartOf":{"@id":"https:\/\/asteralabs.org\/cs\/#website"},"primaryImageOfPage":{"@id":"https:\/\/asteralabs.org\/cs\/product\/methyltrenbolon\/#primaryimage"},"image":{"@id":"https:\/\/asteralabs.org\/cs\/product\/methyltrenbolon\/#primaryimage"},"thumbnailUrl":"https:\/\/asteralabs.org\/wp-content\/uploads\/2023\/01\/Methyltrenbolone-mockup-nbg.png","datePublished":"2023-01-10T22:58:54+00:00","dateModified":"2026-01-16T10:15:57+00:00","breadcrumb":{"@id":"https:\/\/asteralabs.org\/cs\/product\/methyltrenbolon\/#breadcrumb"},"inLanguage":"cs","potentialAction":[{"@type":"ReadAction","target":["https:\/\/asteralabs.org\/cs\/product\/methyltrenbolon\/"]}]},{"@type":"ImageObject","inLanguage":"cs","@id":"https:\/\/asteralabs.org\/cs\/product\/methyltrenbolon\/#primaryimage","url":"https:\/\/asteralabs.org\/wp-content\/uploads\/2023\/01\/Methyltrenbolone-mockup-nbg.png","contentUrl":"https:\/\/asteralabs.org\/wp-content\/uploads\/2023\/01\/Methyltrenbolone-mockup-nbg.png","width":2000,"height":2000},{"@type":"BreadcrumbList","@id":"https:\/\/asteralabs.org\/cs\/product\/methyltrenbolon\/#breadcrumb","itemListElement":[{"@type":"ListItem","position":1,"name":"Home","item":"https:\/\/asteralabs.org\/cs\/"},{"@type":"ListItem","position":2,"name":"Obchod","item":"https:\/\/asteralabs.org\/obchod\/"},{"@type":"ListItem","position":3,"name":"Methyltrenbolon"}]},{"@type":"WebSite","@id":"https:\/\/asteralabs.org\/cs\/#website","url":"https:\/\/asteralabs.org\/cs\/","name":"Astera Labs","description":"Improve Your Quality Of Life","publisher":{"@id":"https:\/\/asteralabs.org\/cs\/#organization"},"potentialAction":[{"@type":"SearchAction","target":{"@type":"EntryPoint","urlTemplate":"https:\/\/asteralabs.org\/cs\/?s={search_term_string}"},"query-input":"required name=search_term_string"}],"inLanguage":"cs"},{"@type":"Organization","@id":"https:\/\/asteralabs.org\/cs\/#organization","name":"Astera Labs","url":"https:\/\/asteralabs.org\/cs\/","logo":{"@type":"ImageObject","inLanguage":"cs","@id":"https:\/\/asteralabs.org\/cs\/#\/schema\/logo\/image\/","url":"https:\/\/asteralabs.org\/wp-content\/uploads\/2022\/12\/astera-2.png","contentUrl":"https:\/\/asteralabs.org\/wp-content\/uploads\/2022\/12\/astera-2.png","width":437,"height":111,"caption":"Astera Labs"},"image":{"@id":"https:\/\/asteralabs.org\/cs\/#\/schema\/logo\/image\/"}}]}},"_links":{"self":[{"href":"https:\/\/asteralabs.org\/cs\/wp-json\/wp\/v2\/product\/78159"}],"collection":[{"href":"https:\/\/asteralabs.org\/cs\/wp-json\/wp\/v2\/product"}],"about":[{"href":"https:\/\/asteralabs.org\/cs\/wp-json\/wp\/v2\/types\/product"}],"replies":[{"embeddable":true,"href":"https:\/\/asteralabs.org\/cs\/wp-json\/wp\/v2\/comments?post=78159"}],"version-history":[{"count":0,"href":"https:\/\/asteralabs.org\/cs\/wp-json\/wp\/v2\/product\/78159\/revisions"}],"wp:featuredmedia":[{"embeddable":true,"href":"https:\/\/asteralabs.org\/cs\/wp-json\/wp\/v2\/media\/76303"}],"wp:attachment":[{"href":"https:\/\/asteralabs.org\/cs\/wp-json\/wp\/v2\/media?parent=78159"}],"wp:term":[{"taxonomy":"product_cat","embeddable":true,"href":"https:\/\/asteralabs.org\/cs\/wp-json\/wp\/v2\/product_cat?post=78159"},{"taxonomy":"product_tag","embeddable":true,"href":"https:\/\/asteralabs.org\/cs\/wp-json\/wp\/v2\/product_tag?post=78159"}],"curies":[{"name":"wp","href":"https:\/\/api.w.org\/{rel}","templated":true}]}}