{"id":78165,"date":"2023-01-10T22:56:46","date_gmt":"2023-01-10T22:56:46","guid":{"rendered":"https:\/\/asteralabs.org\/product\/miboleron-sekove-kapky\/"},"modified":"2026-01-16T10:19:30","modified_gmt":"2026-01-16T10:19:30","slug":"miboleron-sekove-kapky","status":"publish","type":"product","link":"https:\/\/asteralabs.org\/cs\/product\/miboleron-sekove-kapky\/","title":{"rendered":"Miboleron (\u0161ekov\u00e9 kapky)"},"content":{"rendered":"<p><strong>D\u00c1VKOV\u00c1N\u00cd: <\/strong><br \/>\n<strong>Obsah balen\u00ed: <\/strong><br \/>\n1 satchet, 50 tabulek, 0,5 mg v ka\u017ed\u00e9 tabulce <strong>CO TO JE: <\/strong><br \/>\nMiboleron je 7,17-dimethylovan\u00fd deriv\u00e1t nandrolonu, Je to velmi siln\u00fd peror\u00e1ln\u00ed steroid, ale jeho pou\u017eit\u00ed je velmi specifick\u00e9, v\u011bt\u0161inou pro sout\u011b\u017ee v powerliftingu, strongmanech nebo kontaktn\u00edch sportech pro zv\u00fd\u0161en\u00ed s\u00edly a agresivity. <strong>JAK SE POU\u017d\u00cdV\u00c1: <\/strong><br \/>\nDoporu\u010duje se u\u017e\u00edvat 0,5 a\u017e 1 mg 30 minut p\u0159ed silov\u00fdm sportem, sportovec by m\u011bl vz\u00edt v \u00favahu, \u017ee p\u0159i jeho u\u017e\u00edv\u00e1n\u00ed m\u016f\u017ee doj\u00edt k nebezpe\u010dn\u00e9mu zv\u00fd\u0161en\u00ed krevn\u00edho tlaku. <strong>INFORMACE O \u0160AR\u017dI:<br \/>\n<\/strong>\u010c\u00edslo \u0161ar\u017ee: <span data-sheets-root=\"1\" data-sheets-value=\"{\" data-sheets-userformat=\"{\">MD29854<\/span><br \/>\nDatum v\u00fdroby: <span data-sheets-root=\"1\" data-sheets-value=\"{\" data-sheets-userformat=\"{\">10.2025.<\/span><br \/>\nDatum exspirace: <span data-sheets-root=\"1\" data-sheets-value=\"{\" data-sheets-userformat=\"{\">10.2028.<\/span><\/p>\n","protected":false},"excerpt":{"rendered":"<p>D\u00c1VKOV\u00c1N\u00cd: Obsah balen\u00ed: 1 satchet, 50 tabulek, 0,5 mg v ka\u017ed\u00e9 tabulce CO TO JE: Miboleron je 7,17-dimethylovan\u00fd deriv\u00e1t nandrolonu, Je to velmi siln\u00fd peror\u00e1ln\u00ed steroid, ale jeho pou\u017eit\u00ed je velmi specifick\u00e9, v\u011bt\u0161inou pro sout\u011b\u017ee v powerliftingu, strongmanech nebo kontaktn\u00edch sportech pro zv\u00fd\u0161en\u00ed s\u00edly a agresivity. JAK SE POU\u017d\u00cdV\u00c1: Doporu\u010duje se u\u017e\u00edvat 0,5 a\u017e 1&hellip;<\/p>\n","protected":false},"featured_media":76311,"comment_status":"open","ping_status":"closed","template":"","meta":[],"product_cat":[153,177],"product_tag":[],"yoast_head":"<!-- This site is optimized with the Yoast SEO plugin v23.0 - https:\/\/yoast.com\/wordpress\/plugins\/seo\/ -->\n<title>Miboleron (\u0161ekov\u00e9 kapky) - Astera Labs<\/title>\n<meta name=\"robots\" content=\"index, follow, max-snippet:-1, max-image-preview:large, max-video-preview:-1\" \/>\n<link rel=\"canonical\" href=\"https:\/\/asteralabs.org\/cs\/product\/miboleron-sekove-kapky\/\" \/>\n<meta property=\"og:locale\" content=\"cs_CZ\" \/>\n<meta property=\"og:type\" content=\"article\" \/>\n<meta property=\"og:title\" content=\"Miboleron (\u0161ekov\u00e9 kapky) - Astera Labs\" \/>\n<meta property=\"og:description\" content=\"D\u00c1VKOV\u00c1N\u00cd: Obsah balen\u00ed: 1 satchet, 50 tabulek, 0,5 mg v ka\u017ed\u00e9 tabulce CO TO JE: Miboleron je 7,17-dimethylovan\u00fd deriv\u00e1t nandrolonu, Je to velmi siln\u00fd peror\u00e1ln\u00ed steroid, ale jeho pou\u017eit\u00ed je velmi specifick\u00e9, v\u011bt\u0161inou pro sout\u011b\u017ee v powerliftingu, strongmanech nebo kontaktn\u00edch sportech pro zv\u00fd\u0161en\u00ed s\u00edly a agresivity. JAK SE POU\u017d\u00cdV\u00c1: Doporu\u010duje se u\u017e\u00edvat 0,5 a\u017e 1&hellip;\" \/>\n<meta property=\"og:url\" content=\"https:\/\/asteralabs.org\/cs\/product\/miboleron-sekove-kapky\/\" \/>\n<meta property=\"og:site_name\" content=\"Astera Labs\" \/>\n<meta property=\"article:modified_time\" content=\"2026-01-16T10:19:30+00:00\" \/>\n<meta property=\"og:image\" content=\"https:\/\/asteralabs.org\/wp-content\/uploads\/2023\/01\/Mibolerone-cheque-drops-mockup-nbg.png\" \/>\n\t<meta property=\"og:image:width\" content=\"2000\" \/>\n\t<meta property=\"og:image:height\" content=\"2000\" \/>\n\t<meta property=\"og:image:type\" content=\"image\/png\" \/>\n<meta name=\"twitter:card\" content=\"summary_large_image\" \/>\n<script type=\"application\/ld+json\" class=\"yoast-schema-graph\">{\"@context\":\"https:\/\/schema.org\",\"@graph\":[{\"@type\":\"WebPage\",\"@id\":\"https:\/\/asteralabs.org\/cs\/product\/miboleron-sekove-kapky\/\",\"url\":\"https:\/\/asteralabs.org\/cs\/product\/miboleron-sekove-kapky\/\",\"name\":\"Miboleron (\u0161ekov\u00e9 kapky) - Astera Labs\",\"isPartOf\":{\"@id\":\"https:\/\/asteralabs.org\/cs\/#website\"},\"primaryImageOfPage\":{\"@id\":\"https:\/\/asteralabs.org\/cs\/product\/miboleron-sekove-kapky\/#primaryimage\"},\"image\":{\"@id\":\"https:\/\/asteralabs.org\/cs\/product\/miboleron-sekove-kapky\/#primaryimage\"},\"thumbnailUrl\":\"https:\/\/asteralabs.org\/wp-content\/uploads\/2023\/01\/Mibolerone-cheque-drops-mockup-nbg.png\",\"datePublished\":\"2023-01-10T22:56:46+00:00\",\"dateModified\":\"2026-01-16T10:19:30+00:00\",\"breadcrumb\":{\"@id\":\"https:\/\/asteralabs.org\/cs\/product\/miboleron-sekove-kapky\/#breadcrumb\"},\"inLanguage\":\"cs\",\"potentialAction\":[{\"@type\":\"ReadAction\",\"target\":[\"https:\/\/asteralabs.org\/cs\/product\/miboleron-sekove-kapky\/\"]}]},{\"@type\":\"ImageObject\",\"inLanguage\":\"cs\",\"@id\":\"https:\/\/asteralabs.org\/cs\/product\/miboleron-sekove-kapky\/#primaryimage\",\"url\":\"https:\/\/asteralabs.org\/wp-content\/uploads\/2023\/01\/Mibolerone-cheque-drops-mockup-nbg.png\",\"contentUrl\":\"https:\/\/asteralabs.org\/wp-content\/uploads\/2023\/01\/Mibolerone-cheque-drops-mockup-nbg.png\",\"width\":2000,\"height\":2000},{\"@type\":\"BreadcrumbList\",\"@id\":\"https:\/\/asteralabs.org\/cs\/product\/miboleron-sekove-kapky\/#breadcrumb\",\"itemListElement\":[{\"@type\":\"ListItem\",\"position\":1,\"name\":\"Home\",\"item\":\"https:\/\/asteralabs.org\/cs\/\"},{\"@type\":\"ListItem\",\"position\":2,\"name\":\"Obchod\",\"item\":\"https:\/\/asteralabs.org\/obchod\/\"},{\"@type\":\"ListItem\",\"position\":3,\"name\":\"Miboleron (\u0161ekov\u00e9 kapky)\"}]},{\"@type\":\"WebSite\",\"@id\":\"https:\/\/asteralabs.org\/cs\/#website\",\"url\":\"https:\/\/asteralabs.org\/cs\/\",\"name\":\"Astera Labs\",\"description\":\"Improve Your Quality Of Life\",\"publisher\":{\"@id\":\"https:\/\/asteralabs.org\/cs\/#organization\"},\"potentialAction\":[{\"@type\":\"SearchAction\",\"target\":{\"@type\":\"EntryPoint\",\"urlTemplate\":\"https:\/\/asteralabs.org\/cs\/?s={search_term_string}\"},\"query-input\":\"required name=search_term_string\"}],\"inLanguage\":\"cs\"},{\"@type\":\"Organization\",\"@id\":\"https:\/\/asteralabs.org\/cs\/#organization\",\"name\":\"Astera Labs\",\"url\":\"https:\/\/asteralabs.org\/cs\/\",\"logo\":{\"@type\":\"ImageObject\",\"inLanguage\":\"cs\",\"@id\":\"https:\/\/asteralabs.org\/cs\/#\/schema\/logo\/image\/\",\"url\":\"https:\/\/asteralabs.org\/wp-content\/uploads\/2022\/12\/astera-2.png\",\"contentUrl\":\"https:\/\/asteralabs.org\/wp-content\/uploads\/2022\/12\/astera-2.png\",\"width\":437,\"height\":111,\"caption\":\"Astera Labs\"},\"image\":{\"@id\":\"https:\/\/asteralabs.org\/cs\/#\/schema\/logo\/image\/\"}}]}<\/script>\n<!-- \/ Yoast SEO plugin. -->","yoast_head_json":{"title":"Miboleron (\u0161ekov\u00e9 kapky) - Astera Labs","robots":{"index":"index","follow":"follow","max-snippet":"max-snippet:-1","max-image-preview":"max-image-preview:large","max-video-preview":"max-video-preview:-1"},"canonical":"https:\/\/asteralabs.org\/cs\/product\/miboleron-sekove-kapky\/","og_locale":"cs_CZ","og_type":"article","og_title":"Miboleron (\u0161ekov\u00e9 kapky) - Astera Labs","og_description":"D\u00c1VKOV\u00c1N\u00cd: Obsah balen\u00ed: 1 satchet, 50 tabulek, 0,5 mg v ka\u017ed\u00e9 tabulce CO TO JE: Miboleron je 7,17-dimethylovan\u00fd deriv\u00e1t nandrolonu, Je to velmi siln\u00fd peror\u00e1ln\u00ed steroid, ale jeho pou\u017eit\u00ed je velmi specifick\u00e9, v\u011bt\u0161inou pro sout\u011b\u017ee v powerliftingu, strongmanech nebo kontaktn\u00edch sportech pro zv\u00fd\u0161en\u00ed s\u00edly a agresivity. JAK SE POU\u017d\u00cdV\u00c1: Doporu\u010duje se u\u017e\u00edvat 0,5 a\u017e 1&hellip;","og_url":"https:\/\/asteralabs.org\/cs\/product\/miboleron-sekove-kapky\/","og_site_name":"Astera Labs","article_modified_time":"2026-01-16T10:19:30+00:00","og_image":[{"width":2000,"height":2000,"url":"https:\/\/asteralabs.org\/wp-content\/uploads\/2023\/01\/Mibolerone-cheque-drops-mockup-nbg.png","type":"image\/png"}],"twitter_card":"summary_large_image","schema":{"@context":"https:\/\/schema.org","@graph":[{"@type":"WebPage","@id":"https:\/\/asteralabs.org\/cs\/product\/miboleron-sekove-kapky\/","url":"https:\/\/asteralabs.org\/cs\/product\/miboleron-sekove-kapky\/","name":"Miboleron (\u0161ekov\u00e9 kapky) - Astera Labs","isPartOf":{"@id":"https:\/\/asteralabs.org\/cs\/#website"},"primaryImageOfPage":{"@id":"https:\/\/asteralabs.org\/cs\/product\/miboleron-sekove-kapky\/#primaryimage"},"image":{"@id":"https:\/\/asteralabs.org\/cs\/product\/miboleron-sekove-kapky\/#primaryimage"},"thumbnailUrl":"https:\/\/asteralabs.org\/wp-content\/uploads\/2023\/01\/Mibolerone-cheque-drops-mockup-nbg.png","datePublished":"2023-01-10T22:56:46+00:00","dateModified":"2026-01-16T10:19:30+00:00","breadcrumb":{"@id":"https:\/\/asteralabs.org\/cs\/product\/miboleron-sekove-kapky\/#breadcrumb"},"inLanguage":"cs","potentialAction":[{"@type":"ReadAction","target":["https:\/\/asteralabs.org\/cs\/product\/miboleron-sekove-kapky\/"]}]},{"@type":"ImageObject","inLanguage":"cs","@id":"https:\/\/asteralabs.org\/cs\/product\/miboleron-sekove-kapky\/#primaryimage","url":"https:\/\/asteralabs.org\/wp-content\/uploads\/2023\/01\/Mibolerone-cheque-drops-mockup-nbg.png","contentUrl":"https:\/\/asteralabs.org\/wp-content\/uploads\/2023\/01\/Mibolerone-cheque-drops-mockup-nbg.png","width":2000,"height":2000},{"@type":"BreadcrumbList","@id":"https:\/\/asteralabs.org\/cs\/product\/miboleron-sekove-kapky\/#breadcrumb","itemListElement":[{"@type":"ListItem","position":1,"name":"Home","item":"https:\/\/asteralabs.org\/cs\/"},{"@type":"ListItem","position":2,"name":"Obchod","item":"https:\/\/asteralabs.org\/obchod\/"},{"@type":"ListItem","position":3,"name":"Miboleron (\u0161ekov\u00e9 kapky)"}]},{"@type":"WebSite","@id":"https:\/\/asteralabs.org\/cs\/#website","url":"https:\/\/asteralabs.org\/cs\/","name":"Astera Labs","description":"Improve Your Quality Of Life","publisher":{"@id":"https:\/\/asteralabs.org\/cs\/#organization"},"potentialAction":[{"@type":"SearchAction","target":{"@type":"EntryPoint","urlTemplate":"https:\/\/asteralabs.org\/cs\/?s={search_term_string}"},"query-input":"required name=search_term_string"}],"inLanguage":"cs"},{"@type":"Organization","@id":"https:\/\/asteralabs.org\/cs\/#organization","name":"Astera Labs","url":"https:\/\/asteralabs.org\/cs\/","logo":{"@type":"ImageObject","inLanguage":"cs","@id":"https:\/\/asteralabs.org\/cs\/#\/schema\/logo\/image\/","url":"https:\/\/asteralabs.org\/wp-content\/uploads\/2022\/12\/astera-2.png","contentUrl":"https:\/\/asteralabs.org\/wp-content\/uploads\/2022\/12\/astera-2.png","width":437,"height":111,"caption":"Astera Labs"},"image":{"@id":"https:\/\/asteralabs.org\/cs\/#\/schema\/logo\/image\/"}}]}},"_links":{"self":[{"href":"https:\/\/asteralabs.org\/cs\/wp-json\/wp\/v2\/product\/78165"}],"collection":[{"href":"https:\/\/asteralabs.org\/cs\/wp-json\/wp\/v2\/product"}],"about":[{"href":"https:\/\/asteralabs.org\/cs\/wp-json\/wp\/v2\/types\/product"}],"replies":[{"embeddable":true,"href":"https:\/\/asteralabs.org\/cs\/wp-json\/wp\/v2\/comments?post=78165"}],"version-history":[{"count":0,"href":"https:\/\/asteralabs.org\/cs\/wp-json\/wp\/v2\/product\/78165\/revisions"}],"wp:featuredmedia":[{"embeddable":true,"href":"https:\/\/asteralabs.org\/cs\/wp-json\/wp\/v2\/media\/76311"}],"wp:attachment":[{"href":"https:\/\/asteralabs.org\/cs\/wp-json\/wp\/v2\/media?parent=78165"}],"wp:term":[{"taxonomy":"product_cat","embeddable":true,"href":"https:\/\/asteralabs.org\/cs\/wp-json\/wp\/v2\/product_cat?post=78165"},{"taxonomy":"product_tag","embeddable":true,"href":"https:\/\/asteralabs.org\/cs\/wp-json\/wp\/v2\/product_tag?post=78165"}],"curies":[{"name":"wp","href":"https:\/\/api.w.org\/{rel}","templated":true}]}}