{"id":78181,"date":"2023-01-10T22:55:43","date_gmt":"2023-01-10T22:55:43","guid":{"rendered":"https:\/\/asteralabs.org\/product\/methyl-1-testosteron\/"},"modified":"2026-01-16T09:51:07","modified_gmt":"2026-01-16T09:51:07","slug":"methyl-1-testosteron","status":"publish","type":"product","link":"https:\/\/asteralabs.org\/cs\/product\/methyl-1-testosteron\/","title":{"rendered":"Methyl-1-testosteron"},"content":{"rendered":"<p><strong>D\u00c1VKOV\u00c1N\u00cd: <\/strong><br \/>\n<strong>Obsah balen\u00ed: <\/strong><br \/>\n1 satchet, 50 tabulek, 10 mg v ka\u017ed\u00e9 kart\u011b <strong>CO JE TO: <\/strong><br \/>\nJedn\u00e1 se o syntetick\u00fd a or\u00e1ln\u011b aktivn\u00ed anabolicko-androgenn\u00ed steroid, kter\u00fd nebyl nikdy uveden na trh pro l\u00e9ka\u0159sk\u00e9 pou\u017eit\u00ed. Jedn\u00e1 se o 17\u03b1-methyl deriv\u00e1t 1-testosteronu (\u03941-DHT; dihydroboldenon). <strong>JAK SE POU\u017d\u00cdV\u00c1: <\/strong><br \/>\nJeliko\u017e se jedn\u00e1 o steroid, kter\u00fd nikdy nem\u011bl terapeutick\u00e9 vyu\u017eit\u00ed, doporu\u010den\u00ed pro u\u017e\u00edv\u00e1n\u00ed vych\u00e1z\u00ed ze zku\u0161enost\u00ed u\u017eivatel\u016f, kte\u0159\u00ed jej u\u017e\u00edvali, d\u00e1vky se pohybuj\u00ed od 10-30 mg denn\u011b, obvykle byl u\u017e\u00edv\u00e1n n\u011bkolik hodin p\u0159ed tr\u00e9ninkem, nedoporu\u010duje se p\u0159ekro\u010dit 4 t\u00fddny u\u017e\u00edv\u00e1n\u00ed. <strong>Informace o \u0161ar\u017ei:<br \/>\n<\/strong>\u010c\u00edslo \u0161ar\u017ee: <span data-sheets-root=\"1\" data-sheets-value=\"{\" data-sheets-userformat=\"{\">YB46413<\/span><br \/>\nDatum v\u00fdroby: <span data-sheets-root=\"1\" data-sheets-value=\"{\" data-sheets-userformat=\"{\">10.2025.<\/span><br \/>\nDatum pou\u017eitelnosti: <span data-sheets-root=\"1\" data-sheets-value=\"{\" data-sheets-userformat=\"{\">10.2028.<\/span><\/p>\n","protected":false},"excerpt":{"rendered":"<p>D\u00c1VKOV\u00c1N\u00cd: Obsah balen\u00ed: 1 satchet, 50 tabulek, 10 mg v ka\u017ed\u00e9 kart\u011b CO JE TO: Jedn\u00e1 se o syntetick\u00fd a or\u00e1ln\u011b aktivn\u00ed anabolicko-androgenn\u00ed steroid, kter\u00fd nebyl nikdy uveden na trh pro l\u00e9ka\u0159sk\u00e9 pou\u017eit\u00ed. Jedn\u00e1 se o 17\u03b1-methyl deriv\u00e1t 1-testosteronu (\u03941-DHT; dihydroboldenon). JAK SE POU\u017d\u00cdV\u00c1: Jeliko\u017e se jedn\u00e1 o steroid, kter\u00fd nikdy nem\u011bl terapeutick\u00e9 vyu\u017eit\u00ed, doporu\u010den\u00ed&hellip;<\/p>\n","protected":false},"featured_media":76287,"comment_status":"open","ping_status":"closed","template":"","meta":[],"product_cat":[153,177],"product_tag":[],"yoast_head":"<!-- This site is optimized with the Yoast SEO plugin v23.0 - https:\/\/yoast.com\/wordpress\/plugins\/seo\/ -->\n<title>Methyl-1-testosteron - Astera Labs<\/title>\n<meta name=\"robots\" content=\"index, follow, max-snippet:-1, max-image-preview:large, max-video-preview:-1\" \/>\n<link rel=\"canonical\" href=\"https:\/\/asteralabs.org\/cs\/product\/methyl-1-testosteron\/\" \/>\n<meta property=\"og:locale\" content=\"cs_CZ\" \/>\n<meta property=\"og:type\" content=\"article\" \/>\n<meta property=\"og:title\" content=\"Methyl-1-testosteron - Astera Labs\" \/>\n<meta property=\"og:description\" content=\"D\u00c1VKOV\u00c1N\u00cd: Obsah balen\u00ed: 1 satchet, 50 tabulek, 10 mg v ka\u017ed\u00e9 kart\u011b CO JE TO: Jedn\u00e1 se o syntetick\u00fd a or\u00e1ln\u011b aktivn\u00ed anabolicko-androgenn\u00ed steroid, kter\u00fd nebyl nikdy uveden na trh pro l\u00e9ka\u0159sk\u00e9 pou\u017eit\u00ed. Jedn\u00e1 se o 17\u03b1-methyl deriv\u00e1t 1-testosteronu (\u03941-DHT; dihydroboldenon). JAK SE POU\u017d\u00cdV\u00c1: Jeliko\u017e se jedn\u00e1 o steroid, kter\u00fd nikdy nem\u011bl terapeutick\u00e9 vyu\u017eit\u00ed, doporu\u010den\u00ed&hellip;\" \/>\n<meta property=\"og:url\" content=\"https:\/\/asteralabs.org\/cs\/product\/methyl-1-testosteron\/\" \/>\n<meta property=\"og:site_name\" content=\"Astera Labs\" \/>\n<meta property=\"article:modified_time\" content=\"2026-01-16T09:51:07+00:00\" \/>\n<meta property=\"og:image\" content=\"https:\/\/asteralabs.org\/wp-content\/uploads\/2023\/01\/Methyl-1-testosterone-mockup-nbg.png\" \/>\n\t<meta property=\"og:image:width\" content=\"2000\" \/>\n\t<meta property=\"og:image:height\" content=\"2000\" \/>\n\t<meta property=\"og:image:type\" content=\"image\/png\" \/>\n<meta name=\"twitter:card\" content=\"summary_large_image\" \/>\n<script type=\"application\/ld+json\" class=\"yoast-schema-graph\">{\"@context\":\"https:\/\/schema.org\",\"@graph\":[{\"@type\":\"WebPage\",\"@id\":\"https:\/\/asteralabs.org\/cs\/product\/methyl-1-testosteron\/\",\"url\":\"https:\/\/asteralabs.org\/cs\/product\/methyl-1-testosteron\/\",\"name\":\"Methyl-1-testosteron - Astera Labs\",\"isPartOf\":{\"@id\":\"https:\/\/asteralabs.org\/cs\/#website\"},\"primaryImageOfPage\":{\"@id\":\"https:\/\/asteralabs.org\/cs\/product\/methyl-1-testosteron\/#primaryimage\"},\"image\":{\"@id\":\"https:\/\/asteralabs.org\/cs\/product\/methyl-1-testosteron\/#primaryimage\"},\"thumbnailUrl\":\"https:\/\/asteralabs.org\/wp-content\/uploads\/2023\/01\/Methyl-1-testosterone-mockup-nbg.png\",\"datePublished\":\"2023-01-10T22:55:43+00:00\",\"dateModified\":\"2026-01-16T09:51:07+00:00\",\"breadcrumb\":{\"@id\":\"https:\/\/asteralabs.org\/cs\/product\/methyl-1-testosteron\/#breadcrumb\"},\"inLanguage\":\"cs\",\"potentialAction\":[{\"@type\":\"ReadAction\",\"target\":[\"https:\/\/asteralabs.org\/cs\/product\/methyl-1-testosteron\/\"]}]},{\"@type\":\"ImageObject\",\"inLanguage\":\"cs\",\"@id\":\"https:\/\/asteralabs.org\/cs\/product\/methyl-1-testosteron\/#primaryimage\",\"url\":\"https:\/\/asteralabs.org\/wp-content\/uploads\/2023\/01\/Methyl-1-testosterone-mockup-nbg.png\",\"contentUrl\":\"https:\/\/asteralabs.org\/wp-content\/uploads\/2023\/01\/Methyl-1-testosterone-mockup-nbg.png\",\"width\":2000,\"height\":2000},{\"@type\":\"BreadcrumbList\",\"@id\":\"https:\/\/asteralabs.org\/cs\/product\/methyl-1-testosteron\/#breadcrumb\",\"itemListElement\":[{\"@type\":\"ListItem\",\"position\":1,\"name\":\"Home\",\"item\":\"https:\/\/asteralabs.org\/cs\/\"},{\"@type\":\"ListItem\",\"position\":2,\"name\":\"Obchod\",\"item\":\"https:\/\/asteralabs.org\/obchod\/\"},{\"@type\":\"ListItem\",\"position\":3,\"name\":\"Methyl-1-testosteron\"}]},{\"@type\":\"WebSite\",\"@id\":\"https:\/\/asteralabs.org\/cs\/#website\",\"url\":\"https:\/\/asteralabs.org\/cs\/\",\"name\":\"Astera Labs\",\"description\":\"Improve Your Quality Of Life\",\"publisher\":{\"@id\":\"https:\/\/asteralabs.org\/cs\/#organization\"},\"potentialAction\":[{\"@type\":\"SearchAction\",\"target\":{\"@type\":\"EntryPoint\",\"urlTemplate\":\"https:\/\/asteralabs.org\/cs\/?s={search_term_string}\"},\"query-input\":\"required name=search_term_string\"}],\"inLanguage\":\"cs\"},{\"@type\":\"Organization\",\"@id\":\"https:\/\/asteralabs.org\/cs\/#organization\",\"name\":\"Astera Labs\",\"url\":\"https:\/\/asteralabs.org\/cs\/\",\"logo\":{\"@type\":\"ImageObject\",\"inLanguage\":\"cs\",\"@id\":\"https:\/\/asteralabs.org\/cs\/#\/schema\/logo\/image\/\",\"url\":\"https:\/\/asteralabs.org\/wp-content\/uploads\/2022\/12\/astera-2.png\",\"contentUrl\":\"https:\/\/asteralabs.org\/wp-content\/uploads\/2022\/12\/astera-2.png\",\"width\":437,\"height\":111,\"caption\":\"Astera Labs\"},\"image\":{\"@id\":\"https:\/\/asteralabs.org\/cs\/#\/schema\/logo\/image\/\"}}]}<\/script>\n<!-- \/ Yoast SEO plugin. -->","yoast_head_json":{"title":"Methyl-1-testosteron - Astera Labs","robots":{"index":"index","follow":"follow","max-snippet":"max-snippet:-1","max-image-preview":"max-image-preview:large","max-video-preview":"max-video-preview:-1"},"canonical":"https:\/\/asteralabs.org\/cs\/product\/methyl-1-testosteron\/","og_locale":"cs_CZ","og_type":"article","og_title":"Methyl-1-testosteron - Astera Labs","og_description":"D\u00c1VKOV\u00c1N\u00cd: Obsah balen\u00ed: 1 satchet, 50 tabulek, 10 mg v ka\u017ed\u00e9 kart\u011b CO JE TO: Jedn\u00e1 se o syntetick\u00fd a or\u00e1ln\u011b aktivn\u00ed anabolicko-androgenn\u00ed steroid, kter\u00fd nebyl nikdy uveden na trh pro l\u00e9ka\u0159sk\u00e9 pou\u017eit\u00ed. Jedn\u00e1 se o 17\u03b1-methyl deriv\u00e1t 1-testosteronu (\u03941-DHT; dihydroboldenon). JAK SE POU\u017d\u00cdV\u00c1: Jeliko\u017e se jedn\u00e1 o steroid, kter\u00fd nikdy nem\u011bl terapeutick\u00e9 vyu\u017eit\u00ed, doporu\u010den\u00ed&hellip;","og_url":"https:\/\/asteralabs.org\/cs\/product\/methyl-1-testosteron\/","og_site_name":"Astera Labs","article_modified_time":"2026-01-16T09:51:07+00:00","og_image":[{"width":2000,"height":2000,"url":"https:\/\/asteralabs.org\/wp-content\/uploads\/2023\/01\/Methyl-1-testosterone-mockup-nbg.png","type":"image\/png"}],"twitter_card":"summary_large_image","schema":{"@context":"https:\/\/schema.org","@graph":[{"@type":"WebPage","@id":"https:\/\/asteralabs.org\/cs\/product\/methyl-1-testosteron\/","url":"https:\/\/asteralabs.org\/cs\/product\/methyl-1-testosteron\/","name":"Methyl-1-testosteron - Astera Labs","isPartOf":{"@id":"https:\/\/asteralabs.org\/cs\/#website"},"primaryImageOfPage":{"@id":"https:\/\/asteralabs.org\/cs\/product\/methyl-1-testosteron\/#primaryimage"},"image":{"@id":"https:\/\/asteralabs.org\/cs\/product\/methyl-1-testosteron\/#primaryimage"},"thumbnailUrl":"https:\/\/asteralabs.org\/wp-content\/uploads\/2023\/01\/Methyl-1-testosterone-mockup-nbg.png","datePublished":"2023-01-10T22:55:43+00:00","dateModified":"2026-01-16T09:51:07+00:00","breadcrumb":{"@id":"https:\/\/asteralabs.org\/cs\/product\/methyl-1-testosteron\/#breadcrumb"},"inLanguage":"cs","potentialAction":[{"@type":"ReadAction","target":["https:\/\/asteralabs.org\/cs\/product\/methyl-1-testosteron\/"]}]},{"@type":"ImageObject","inLanguage":"cs","@id":"https:\/\/asteralabs.org\/cs\/product\/methyl-1-testosteron\/#primaryimage","url":"https:\/\/asteralabs.org\/wp-content\/uploads\/2023\/01\/Methyl-1-testosterone-mockup-nbg.png","contentUrl":"https:\/\/asteralabs.org\/wp-content\/uploads\/2023\/01\/Methyl-1-testosterone-mockup-nbg.png","width":2000,"height":2000},{"@type":"BreadcrumbList","@id":"https:\/\/asteralabs.org\/cs\/product\/methyl-1-testosteron\/#breadcrumb","itemListElement":[{"@type":"ListItem","position":1,"name":"Home","item":"https:\/\/asteralabs.org\/cs\/"},{"@type":"ListItem","position":2,"name":"Obchod","item":"https:\/\/asteralabs.org\/obchod\/"},{"@type":"ListItem","position":3,"name":"Methyl-1-testosteron"}]},{"@type":"WebSite","@id":"https:\/\/asteralabs.org\/cs\/#website","url":"https:\/\/asteralabs.org\/cs\/","name":"Astera Labs","description":"Improve Your Quality Of Life","publisher":{"@id":"https:\/\/asteralabs.org\/cs\/#organization"},"potentialAction":[{"@type":"SearchAction","target":{"@type":"EntryPoint","urlTemplate":"https:\/\/asteralabs.org\/cs\/?s={search_term_string}"},"query-input":"required name=search_term_string"}],"inLanguage":"cs"},{"@type":"Organization","@id":"https:\/\/asteralabs.org\/cs\/#organization","name":"Astera Labs","url":"https:\/\/asteralabs.org\/cs\/","logo":{"@type":"ImageObject","inLanguage":"cs","@id":"https:\/\/asteralabs.org\/cs\/#\/schema\/logo\/image\/","url":"https:\/\/asteralabs.org\/wp-content\/uploads\/2022\/12\/astera-2.png","contentUrl":"https:\/\/asteralabs.org\/wp-content\/uploads\/2022\/12\/astera-2.png","width":437,"height":111,"caption":"Astera Labs"},"image":{"@id":"https:\/\/asteralabs.org\/cs\/#\/schema\/logo\/image\/"}}]}},"_links":{"self":[{"href":"https:\/\/asteralabs.org\/cs\/wp-json\/wp\/v2\/product\/78181"}],"collection":[{"href":"https:\/\/asteralabs.org\/cs\/wp-json\/wp\/v2\/product"}],"about":[{"href":"https:\/\/asteralabs.org\/cs\/wp-json\/wp\/v2\/types\/product"}],"replies":[{"embeddable":true,"href":"https:\/\/asteralabs.org\/cs\/wp-json\/wp\/v2\/comments?post=78181"}],"version-history":[{"count":0,"href":"https:\/\/asteralabs.org\/cs\/wp-json\/wp\/v2\/product\/78181\/revisions"}],"wp:featuredmedia":[{"embeddable":true,"href":"https:\/\/asteralabs.org\/cs\/wp-json\/wp\/v2\/media\/76287"}],"wp:attachment":[{"href":"https:\/\/asteralabs.org\/cs\/wp-json\/wp\/v2\/media?parent=78181"}],"wp:term":[{"taxonomy":"product_cat","embeddable":true,"href":"https:\/\/asteralabs.org\/cs\/wp-json\/wp\/v2\/product_cat?post=78181"},{"taxonomy":"product_tag","embeddable":true,"href":"https:\/\/asteralabs.org\/cs\/wp-json\/wp\/v2\/product_tag?post=78181"}],"curies":[{"name":"wp","href":"https:\/\/api.w.org\/{rel}","templated":true}]}}