{"id":78187,"date":"2023-01-10T22:54:15","date_gmt":"2023-01-10T22:54:15","guid":{"rendered":"https:\/\/asteralabs.org\/product\/levothyroxin-sodny-t4\/"},"modified":"2026-01-16T09:28:40","modified_gmt":"2026-01-16T09:28:40","slug":"levothyroxin-sodny-t4","status":"publish","type":"product","link":"https:\/\/asteralabs.org\/cs\/product\/levothyroxin-sodny-t4\/","title":{"rendered":"Levothyroxin sodn\u00fd (T4)"},"content":{"rendered":"<p><strong>D\u00c1VKOV\u00c1N\u00cd: <\/strong><br \/>\n<strong>Obsah balen\u00ed: <\/strong><br \/>\n1 satchet, 50 tabulek, 50mcg v jedn\u00e9 kart\u011b <strong>CO JE TO: <\/strong><br \/>\nTyroxin, naz\u00fdvan\u00fd tak\u00e9 tetrajodtyronin (obvykle zkr\u00e1cen\u011b T4), je hlavn\u00ed typ hormonu \u0161t\u00edtn\u00e9 \u017el\u00e1zy vylu\u010dovan\u00fd folikul\u00e1rn\u00edmi bu\u0148kami \u0161t\u00edtn\u00e9 \u017el\u00e1zy. Pou\u017e\u00edv\u00e1 se ke zv\u00fd\u0161en\u00ed baz\u00e1ln\u00edho metabolismu, \u010d\u00edm\u017e podporuje hubnut\u00ed a \u00fabytek tuku. <strong>JAK SE POU\u017d\u00cdV\u00c1: <\/strong><br \/>\nJeho d\u00e1vka z\u00e1vis\u00ed na zp\u016fsobu pou\u017eit\u00ed, kter\u00fd chcete podat. Pokud to, co chceme, je jednodu\u0161e pou\u017e\u00edt, abychom se vyhnuli ur\u010dit\u00e9 \u00faprav\u011b na \u00farovni baz\u00e1ln\u00edho metabolismu, omezte se na pou\u017eit\u00ed T4 v denn\u00ed d\u00e1vce mezi 12,5 a\u017e 50mcg denn\u011b . Pokud jej chceme pou\u017e\u00edvat k v\u00fdrazn\u00e9mu zv\u00fd\u0161en\u00ed baz\u00e1ln\u00ed metabolick\u00e9 rychlosti, bude d\u00e1vka, kterou budeme pou\u017e\u00edvat, 250mcg denn\u011b. D\u00e1vka se u\u017e\u00edv\u00e1 jednou denn\u011b na la\u010dno. <strong>INFORMACE O \u0160AR\u017dI:<br \/>\n<\/strong>\u010c\u00edslo \u0161ar\u017ee: <span data-sheets-root=\"1\" data-sheets-value=\"{\" data-sheets-userformat=\"{\">XE28298<\/span><br \/>\nDatum v\u00fdroby: <span data-sheets-root=\"1\" data-sheets-value=\"{\" data-sheets-userformat=\"{\">10.2025.<\/span><br \/>\nDatum pou\u017eitelnosti: <span data-sheets-root=\"1\" data-sheets-value=\"{\" data-sheets-userformat=\"{\">10.2028.<\/span><\/p>\n","protected":false},"excerpt":{"rendered":"<p>D\u00c1VKOV\u00c1N\u00cd: Obsah balen\u00ed: 1 satchet, 50 tabulek, 50mcg v jedn\u00e9 kart\u011b CO JE TO: Tyroxin, naz\u00fdvan\u00fd tak\u00e9 tetrajodtyronin (obvykle zkr\u00e1cen\u011b T4), je hlavn\u00ed typ hormonu \u0161t\u00edtn\u00e9 \u017el\u00e1zy vylu\u010dovan\u00fd folikul\u00e1rn\u00edmi bu\u0148kami \u0161t\u00edtn\u00e9 \u017el\u00e1zy. Pou\u017e\u00edv\u00e1 se ke zv\u00fd\u0161en\u00ed baz\u00e1ln\u00edho metabolismu, \u010d\u00edm\u017e podporuje hubnut\u00ed a \u00fabytek tuku. JAK SE POU\u017d\u00cdV\u00c1: Jeho d\u00e1vka z\u00e1vis\u00ed na zp\u016fsobu pou\u017eit\u00ed, kter\u00fd chcete&hellip;<\/p>\n","protected":false},"featured_media":76063,"comment_status":"open","ping_status":"closed","template":"","meta":{"_acf_changed":false},"product_brand":[],"product_cat":[153,177],"product_tag":[],"class_list":{"0":"post-78187","1":"product","2":"type-product","3":"status-publish","4":"has-post-thumbnail","6":"product_cat-all-cs","7":"product_cat-orals-cs","8":"description-off","10":"first","11":"instock","12":"shipping-taxable","13":"product-type-simple"},"acf":[],"yoast_head":"<!-- This site is optimized with the Yoast SEO plugin v27.4 - https:\/\/yoast.com\/product\/yoast-seo-wordpress\/ -->\n<title>Levothyroxin sodn\u00fd (T4) - Astera Labs<\/title>\n<meta name=\"robots\" content=\"index, follow, max-snippet:-1, max-image-preview:large, max-video-preview:-1\" \/>\n<link rel=\"canonical\" href=\"https:\/\/asteralabs.org\/cs\/product\/levothyroxin-sodny-t4\/\" \/>\n<meta property=\"og:locale\" content=\"cs_CZ\" \/>\n<meta property=\"og:type\" content=\"article\" \/>\n<meta property=\"og:title\" content=\"Levothyroxin sodn\u00fd (T4) - Astera Labs\" \/>\n<meta property=\"og:description\" content=\"D\u00c1VKOV\u00c1N\u00cd: Obsah balen\u00ed: 1 satchet, 50 tabulek, 50mcg v jedn\u00e9 kart\u011b CO JE TO: Tyroxin, naz\u00fdvan\u00fd tak\u00e9 tetrajodtyronin (obvykle zkr\u00e1cen\u011b T4), je hlavn\u00ed typ hormonu \u0161t\u00edtn\u00e9 \u017el\u00e1zy vylu\u010dovan\u00fd folikul\u00e1rn\u00edmi bu\u0148kami \u0161t\u00edtn\u00e9 \u017el\u00e1zy. Pou\u017e\u00edv\u00e1 se ke zv\u00fd\u0161en\u00ed baz\u00e1ln\u00edho metabolismu, \u010d\u00edm\u017e podporuje hubnut\u00ed a \u00fabytek tuku. JAK SE POU\u017d\u00cdV\u00c1: Jeho d\u00e1vka z\u00e1vis\u00ed na zp\u016fsobu pou\u017eit\u00ed, kter\u00fd chcete&hellip;\" \/>\n<meta property=\"og:url\" content=\"https:\/\/asteralabs.org\/cs\/product\/levothyroxin-sodny-t4\/\" \/>\n<meta property=\"og:site_name\" content=\"Astera Labs\" \/>\n<meta property=\"article:modified_time\" content=\"2026-01-16T09:28:40+00:00\" \/>\n<meta property=\"og:image\" content=\"https:\/\/asteralabs.org\/wp-content\/uploads\/2023\/01\/T4-mockup-nbg.png\" \/>\n\t<meta property=\"og:image:width\" content=\"2000\" \/>\n\t<meta property=\"og:image:height\" content=\"2000\" \/>\n\t<meta property=\"og:image:type\" content=\"image\/png\" \/>\n<meta name=\"twitter:card\" content=\"summary_large_image\" \/>\n<script type=\"application\/ld+json\" class=\"yoast-schema-graph\">{\"@context\":\"https:\\\/\\\/schema.org\",\"@graph\":[{\"@type\":\"WebPage\",\"@id\":\"https:\\\/\\\/asteralabs.org\\\/cs\\\/product\\\/levothyroxin-sodny-t4\\\/\",\"url\":\"https:\\\/\\\/asteralabs.org\\\/cs\\\/product\\\/levothyroxin-sodny-t4\\\/\",\"name\":\"Levothyroxin sodn\u00fd (T4) - Astera Labs\",\"isPartOf\":{\"@id\":\"https:\\\/\\\/asteralabs.org\\\/cs\\\/#website\"},\"primaryImageOfPage\":{\"@id\":\"https:\\\/\\\/asteralabs.org\\\/cs\\\/product\\\/levothyroxin-sodny-t4\\\/#primaryimage\"},\"image\":{\"@id\":\"https:\\\/\\\/asteralabs.org\\\/cs\\\/product\\\/levothyroxin-sodny-t4\\\/#primaryimage\"},\"thumbnailUrl\":\"https:\\\/\\\/asteralabs.org\\\/wp-content\\\/uploads\\\/2023\\\/01\\\/T4-mockup-nbg.png\",\"datePublished\":\"2023-01-10T22:54:15+00:00\",\"dateModified\":\"2026-01-16T09:28:40+00:00\",\"breadcrumb\":{\"@id\":\"https:\\\/\\\/asteralabs.org\\\/cs\\\/product\\\/levothyroxin-sodny-t4\\\/#breadcrumb\"},\"inLanguage\":\"cs-CZ\",\"potentialAction\":[{\"@type\":\"ReadAction\",\"target\":[\"https:\\\/\\\/asteralabs.org\\\/cs\\\/product\\\/levothyroxin-sodny-t4\\\/\"]}]},{\"@type\":\"ImageObject\",\"inLanguage\":\"cs-CZ\",\"@id\":\"https:\\\/\\\/asteralabs.org\\\/cs\\\/product\\\/levothyroxin-sodny-t4\\\/#primaryimage\",\"url\":\"https:\\\/\\\/asteralabs.org\\\/wp-content\\\/uploads\\\/2023\\\/01\\\/T4-mockup-nbg.png\",\"contentUrl\":\"https:\\\/\\\/asteralabs.org\\\/wp-content\\\/uploads\\\/2023\\\/01\\\/T4-mockup-nbg.png\",\"width\":2000,\"height\":2000},{\"@type\":\"BreadcrumbList\",\"@id\":\"https:\\\/\\\/asteralabs.org\\\/cs\\\/product\\\/levothyroxin-sodny-t4\\\/#breadcrumb\",\"itemListElement\":[{\"@type\":\"ListItem\",\"position\":1,\"name\":\"Home\",\"item\":\"https:\\\/\\\/asteralabs.org\\\/cs\\\/\"},{\"@type\":\"ListItem\",\"position\":2,\"name\":\"Obchod\",\"item\":\"https:\\\/\\\/asteralabs.org\\\/cs\\\/obchod\\\/\"},{\"@type\":\"ListItem\",\"position\":3,\"name\":\"Levothyroxin sodn\u00fd (T4)\"}]},{\"@type\":\"WebSite\",\"@id\":\"https:\\\/\\\/asteralabs.org\\\/cs\\\/#website\",\"url\":\"https:\\\/\\\/asteralabs.org\\\/cs\\\/\",\"name\":\"Astera Labs\",\"description\":\"Improve Your Quality Of Life\",\"publisher\":{\"@id\":\"https:\\\/\\\/asteralabs.org\\\/cs\\\/#organization\"},\"potentialAction\":[{\"@type\":\"SearchAction\",\"target\":{\"@type\":\"EntryPoint\",\"urlTemplate\":\"https:\\\/\\\/asteralabs.org\\\/cs\\\/?s={search_term_string}\"},\"query-input\":{\"@type\":\"PropertyValueSpecification\",\"valueRequired\":true,\"valueName\":\"search_term_string\"}}],\"inLanguage\":\"cs-CZ\"},{\"@type\":\"Organization\",\"@id\":\"https:\\\/\\\/asteralabs.org\\\/cs\\\/#organization\",\"name\":\"Astera Labs\",\"url\":\"https:\\\/\\\/asteralabs.org\\\/cs\\\/\",\"logo\":{\"@type\":\"ImageObject\",\"inLanguage\":\"cs-CZ\",\"@id\":\"https:\\\/\\\/asteralabs.org\\\/cs\\\/#\\\/schema\\\/logo\\\/image\\\/\",\"url\":\"https:\\\/\\\/asteralabs.org\\\/wp-content\\\/uploads\\\/2022\\\/12\\\/astera-2.png\",\"contentUrl\":\"https:\\\/\\\/asteralabs.org\\\/wp-content\\\/uploads\\\/2022\\\/12\\\/astera-2.png\",\"width\":437,\"height\":111,\"caption\":\"Astera Labs\"},\"image\":{\"@id\":\"https:\\\/\\\/asteralabs.org\\\/cs\\\/#\\\/schema\\\/logo\\\/image\\\/\"}}]}<\/script>\n<!-- \/ Yoast SEO plugin. -->","yoast_head_json":{"title":"Levothyroxin sodn\u00fd (T4) - Astera Labs","robots":{"index":"index","follow":"follow","max-snippet":"max-snippet:-1","max-image-preview":"max-image-preview:large","max-video-preview":"max-video-preview:-1"},"canonical":"https:\/\/asteralabs.org\/cs\/product\/levothyroxin-sodny-t4\/","og_locale":"cs_CZ","og_type":"article","og_title":"Levothyroxin sodn\u00fd (T4) - Astera Labs","og_description":"D\u00c1VKOV\u00c1N\u00cd: Obsah balen\u00ed: 1 satchet, 50 tabulek, 50mcg v jedn\u00e9 kart\u011b CO JE TO: Tyroxin, naz\u00fdvan\u00fd tak\u00e9 tetrajodtyronin (obvykle zkr\u00e1cen\u011b T4), je hlavn\u00ed typ hormonu \u0161t\u00edtn\u00e9 \u017el\u00e1zy vylu\u010dovan\u00fd folikul\u00e1rn\u00edmi bu\u0148kami \u0161t\u00edtn\u00e9 \u017el\u00e1zy. Pou\u017e\u00edv\u00e1 se ke zv\u00fd\u0161en\u00ed baz\u00e1ln\u00edho metabolismu, \u010d\u00edm\u017e podporuje hubnut\u00ed a \u00fabytek tuku. JAK SE POU\u017d\u00cdV\u00c1: Jeho d\u00e1vka z\u00e1vis\u00ed na zp\u016fsobu pou\u017eit\u00ed, kter\u00fd chcete&hellip;","og_url":"https:\/\/asteralabs.org\/cs\/product\/levothyroxin-sodny-t4\/","og_site_name":"Astera Labs","article_modified_time":"2026-01-16T09:28:40+00:00","og_image":[{"width":2000,"height":2000,"url":"https:\/\/asteralabs.org\/wp-content\/uploads\/2023\/01\/T4-mockup-nbg.png","type":"image\/png"}],"twitter_card":"summary_large_image","schema":{"@context":"https:\/\/schema.org","@graph":[{"@type":"WebPage","@id":"https:\/\/asteralabs.org\/cs\/product\/levothyroxin-sodny-t4\/","url":"https:\/\/asteralabs.org\/cs\/product\/levothyroxin-sodny-t4\/","name":"Levothyroxin sodn\u00fd (T4) - Astera Labs","isPartOf":{"@id":"https:\/\/asteralabs.org\/cs\/#website"},"primaryImageOfPage":{"@id":"https:\/\/asteralabs.org\/cs\/product\/levothyroxin-sodny-t4\/#primaryimage"},"image":{"@id":"https:\/\/asteralabs.org\/cs\/product\/levothyroxin-sodny-t4\/#primaryimage"},"thumbnailUrl":"https:\/\/asteralabs.org\/wp-content\/uploads\/2023\/01\/T4-mockup-nbg.png","datePublished":"2023-01-10T22:54:15+00:00","dateModified":"2026-01-16T09:28:40+00:00","breadcrumb":{"@id":"https:\/\/asteralabs.org\/cs\/product\/levothyroxin-sodny-t4\/#breadcrumb"},"inLanguage":"cs-CZ","potentialAction":[{"@type":"ReadAction","target":["https:\/\/asteralabs.org\/cs\/product\/levothyroxin-sodny-t4\/"]}]},{"@type":"ImageObject","inLanguage":"cs-CZ","@id":"https:\/\/asteralabs.org\/cs\/product\/levothyroxin-sodny-t4\/#primaryimage","url":"https:\/\/asteralabs.org\/wp-content\/uploads\/2023\/01\/T4-mockup-nbg.png","contentUrl":"https:\/\/asteralabs.org\/wp-content\/uploads\/2023\/01\/T4-mockup-nbg.png","width":2000,"height":2000},{"@type":"BreadcrumbList","@id":"https:\/\/asteralabs.org\/cs\/product\/levothyroxin-sodny-t4\/#breadcrumb","itemListElement":[{"@type":"ListItem","position":1,"name":"Home","item":"https:\/\/asteralabs.org\/cs\/"},{"@type":"ListItem","position":2,"name":"Obchod","item":"https:\/\/asteralabs.org\/cs\/obchod\/"},{"@type":"ListItem","position":3,"name":"Levothyroxin sodn\u00fd (T4)"}]},{"@type":"WebSite","@id":"https:\/\/asteralabs.org\/cs\/#website","url":"https:\/\/asteralabs.org\/cs\/","name":"Astera Labs","description":"Improve Your Quality Of Life","publisher":{"@id":"https:\/\/asteralabs.org\/cs\/#organization"},"potentialAction":[{"@type":"SearchAction","target":{"@type":"EntryPoint","urlTemplate":"https:\/\/asteralabs.org\/cs\/?s={search_term_string}"},"query-input":{"@type":"PropertyValueSpecification","valueRequired":true,"valueName":"search_term_string"}}],"inLanguage":"cs-CZ"},{"@type":"Organization","@id":"https:\/\/asteralabs.org\/cs\/#organization","name":"Astera Labs","url":"https:\/\/asteralabs.org\/cs\/","logo":{"@type":"ImageObject","inLanguage":"cs-CZ","@id":"https:\/\/asteralabs.org\/cs\/#\/schema\/logo\/image\/","url":"https:\/\/asteralabs.org\/wp-content\/uploads\/2022\/12\/astera-2.png","contentUrl":"https:\/\/asteralabs.org\/wp-content\/uploads\/2022\/12\/astera-2.png","width":437,"height":111,"caption":"Astera Labs"},"image":{"@id":"https:\/\/asteralabs.org\/cs\/#\/schema\/logo\/image\/"}}]}},"_links":{"self":[{"href":"https:\/\/asteralabs.org\/cs\/wp-json\/wp\/v2\/product\/78187","targetHints":{"allow":["GET"]}}],"collection":[{"href":"https:\/\/asteralabs.org\/cs\/wp-json\/wp\/v2\/product"}],"about":[{"href":"https:\/\/asteralabs.org\/cs\/wp-json\/wp\/v2\/types\/product"}],"replies":[{"embeddable":true,"href":"https:\/\/asteralabs.org\/cs\/wp-json\/wp\/v2\/comments?post=78187"}],"version-history":[{"count":0,"href":"https:\/\/asteralabs.org\/cs\/wp-json\/wp\/v2\/product\/78187\/revisions"}],"wp:featuredmedia":[{"embeddable":true,"href":"https:\/\/asteralabs.org\/cs\/wp-json\/wp\/v2\/media\/76063"}],"wp:attachment":[{"href":"https:\/\/asteralabs.org\/cs\/wp-json\/wp\/v2\/media?parent=78187"}],"wp:term":[{"taxonomy":"product_brand","embeddable":true,"href":"https:\/\/asteralabs.org\/cs\/wp-json\/wp\/v2\/product_brand?post=78187"},{"taxonomy":"product_cat","embeddable":true,"href":"https:\/\/asteralabs.org\/cs\/wp-json\/wp\/v2\/product_cat?post=78187"},{"taxonomy":"product_tag","embeddable":true,"href":"https:\/\/asteralabs.org\/cs\/wp-json\/wp\/v2\/product_tag?post=78187"}],"curies":[{"name":"wp","href":"https:\/\/api.w.org\/{rel}","templated":true}]}}