{"id":78193,"date":"2023-01-10T22:53:33","date_gmt":"2023-01-10T22:53:33","guid":{"rendered":"https:\/\/asteralabs.org\/product\/sodna-sul-liothyroninu-t3\/"},"modified":"2026-01-16T09:21:30","modified_gmt":"2026-01-16T09:21:30","slug":"sodna-sul-liothyroninu-t3","status":"publish","type":"product","link":"https:\/\/asteralabs.org\/cs\/product\/sodna-sul-liothyroninu-t3\/","title":{"rendered":"Sodn\u00e1 s\u016fl liothyroninu (T3)"},"content":{"rendered":"<p><strong>D\u00c1VKOV\u00c1N\u00cd: <\/strong><br \/>\n<strong>Obsah balen\u00ed: <\/strong><br \/>\n1 satchet, 50 tabulek, 25mcg v ka\u017ed\u00e9 kart\u011b <strong>CO JE TO: <\/strong><br \/>\nTrijodtyronin, zn\u00e1m\u00fd tak\u00e9 jako T3, je hormon \u0161t\u00edtn\u00e9 \u017el\u00e1zy. Ovliv\u0148uje t\u00e9m\u011b\u0159 v\u0161echny fyziologick\u00e9 procesy v t\u011ble, v\u010detn\u011b r\u016fstu a v\u00fdvoje, metabolismu, t\u011blesn\u00e9 teploty a srde\u010dn\u00ed frekvence. Pou\u017e\u00edv\u00e1 se ke zv\u00fd\u0161en\u00ed baz\u00e1ln\u00edho metabolismu, \u010d\u00edm\u017e podporuje hubnut\u00ed a \u00fabytek tuku. <strong>JAK SE POU\u017d\u00cdV\u00c1: <\/strong><br \/>\nPokud jej chceme pou\u017e\u00edt k v\u00fdrazn\u00e9mu zv\u00fd\u0161en\u00ed baz\u00e1ln\u00edho metabolismu, bude pou\u017eit\u00e1 d\u00e1vka 62,5mcg denn\u011b, ni\u017e\u0161\u00ed d\u00e1vky mohou fungovat, ale podle klinick\u00fdch studi\u00ed by to m\u011bla b\u00fdt nejlep\u0161\u00ed d\u00e1vka pro ty, kte\u0159\u00ed cht\u011bj\u00ed prov\u00e9st zm\u011bnu.<br \/>\nD\u00e1vka se u\u017e\u00edv\u00e1 jednou denn\u011b na la\u010dno.<\/p>\n<p><strong>Informace o \u0161ar\u017ei:<br \/>\n<\/strong>\u010c\u00edslo \u0161ar\u017ee: <span data-sheets-root=\"1\" data-sheets-value=\"{\" data-sheets-userformat=\"{\">ZD82095<\/span><br \/>\nDatum v\u00fdroby: <span data-sheets-root=\"1\" data-sheets-value=\"{\" data-sheets-userformat=\"{\">10.2025.<\/span><br \/>\nDatum exspirace: <span data-sheets-root=\"1\" data-sheets-value=\"{\" data-sheets-userformat=\"{\">10.2028.<\/span><\/p>\n","protected":false},"excerpt":{"rendered":"<p>D\u00c1VKOV\u00c1N\u00cd: Obsah balen\u00ed: 1 satchet, 50 tabulek, 25mcg v ka\u017ed\u00e9 kart\u011b CO JE TO: Trijodtyronin, zn\u00e1m\u00fd tak\u00e9 jako T3, je hormon \u0161t\u00edtn\u00e9 \u017el\u00e1zy. Ovliv\u0148uje t\u00e9m\u011b\u0159 v\u0161echny fyziologick\u00e9 procesy v t\u011ble, v\u010detn\u011b r\u016fstu a v\u00fdvoje, metabolismu, t\u011blesn\u00e9 teploty a srde\u010dn\u00ed frekvence. Pou\u017e\u00edv\u00e1 se ke zv\u00fd\u0161en\u00ed baz\u00e1ln\u00edho metabolismu, \u010d\u00edm\u017e podporuje hubnut\u00ed a \u00fabytek tuku. JAK SE POU\u017d\u00cdV\u00c1:&hellip;<\/p>\n","protected":false},"featured_media":76071,"comment_status":"open","ping_status":"closed","template":"","meta":[],"product_cat":[153,177],"product_tag":[],"yoast_head":"<!-- This site is optimized with the Yoast SEO plugin v23.0 - https:\/\/yoast.com\/wordpress\/plugins\/seo\/ -->\n<title>Sodn\u00e1 s\u016fl liothyroninu (T3) - Astera Labs<\/title>\n<meta name=\"robots\" content=\"index, follow, max-snippet:-1, max-image-preview:large, max-video-preview:-1\" \/>\n<link rel=\"canonical\" href=\"https:\/\/asteralabs.org\/cs\/product\/sodna-sul-liothyroninu-t3\/\" \/>\n<meta property=\"og:locale\" content=\"cs_CZ\" \/>\n<meta property=\"og:type\" content=\"article\" \/>\n<meta property=\"og:title\" content=\"Sodn\u00e1 s\u016fl liothyroninu (T3) - Astera Labs\" \/>\n<meta property=\"og:description\" content=\"D\u00c1VKOV\u00c1N\u00cd: Obsah balen\u00ed: 1 satchet, 50 tabulek, 25mcg v ka\u017ed\u00e9 kart\u011b CO JE TO: Trijodtyronin, zn\u00e1m\u00fd tak\u00e9 jako T3, je hormon \u0161t\u00edtn\u00e9 \u017el\u00e1zy. Ovliv\u0148uje t\u00e9m\u011b\u0159 v\u0161echny fyziologick\u00e9 procesy v t\u011ble, v\u010detn\u011b r\u016fstu a v\u00fdvoje, metabolismu, t\u011blesn\u00e9 teploty a srde\u010dn\u00ed frekvence. Pou\u017e\u00edv\u00e1 se ke zv\u00fd\u0161en\u00ed baz\u00e1ln\u00edho metabolismu, \u010d\u00edm\u017e podporuje hubnut\u00ed a \u00fabytek tuku. JAK SE POU\u017d\u00cdV\u00c1:&hellip;\" \/>\n<meta property=\"og:url\" content=\"https:\/\/asteralabs.org\/cs\/product\/sodna-sul-liothyroninu-t3\/\" \/>\n<meta property=\"og:site_name\" content=\"Astera Labs\" \/>\n<meta property=\"article:modified_time\" content=\"2026-01-16T09:21:30+00:00\" \/>\n<meta property=\"og:image\" content=\"https:\/\/asteralabs.org\/wp-content\/uploads\/2023\/01\/T3-mockup-nbg.png\" \/>\n\t<meta property=\"og:image:width\" content=\"2000\" \/>\n\t<meta property=\"og:image:height\" content=\"2000\" \/>\n\t<meta property=\"og:image:type\" content=\"image\/png\" \/>\n<meta name=\"twitter:card\" content=\"summary_large_image\" \/>\n<script type=\"application\/ld+json\" class=\"yoast-schema-graph\">{\"@context\":\"https:\/\/schema.org\",\"@graph\":[{\"@type\":\"WebPage\",\"@id\":\"https:\/\/asteralabs.org\/cs\/product\/sodna-sul-liothyroninu-t3\/\",\"url\":\"https:\/\/asteralabs.org\/cs\/product\/sodna-sul-liothyroninu-t3\/\",\"name\":\"Sodn\u00e1 s\u016fl liothyroninu (T3) - Astera Labs\",\"isPartOf\":{\"@id\":\"https:\/\/asteralabs.org\/cs\/#website\"},\"primaryImageOfPage\":{\"@id\":\"https:\/\/asteralabs.org\/cs\/product\/sodna-sul-liothyroninu-t3\/#primaryimage\"},\"image\":{\"@id\":\"https:\/\/asteralabs.org\/cs\/product\/sodna-sul-liothyroninu-t3\/#primaryimage\"},\"thumbnailUrl\":\"https:\/\/asteralabs.org\/wp-content\/uploads\/2023\/01\/T3-mockup-nbg.png\",\"datePublished\":\"2023-01-10T22:53:33+00:00\",\"dateModified\":\"2026-01-16T09:21:30+00:00\",\"breadcrumb\":{\"@id\":\"https:\/\/asteralabs.org\/cs\/product\/sodna-sul-liothyroninu-t3\/#breadcrumb\"},\"inLanguage\":\"cs\",\"potentialAction\":[{\"@type\":\"ReadAction\",\"target\":[\"https:\/\/asteralabs.org\/cs\/product\/sodna-sul-liothyroninu-t3\/\"]}]},{\"@type\":\"ImageObject\",\"inLanguage\":\"cs\",\"@id\":\"https:\/\/asteralabs.org\/cs\/product\/sodna-sul-liothyroninu-t3\/#primaryimage\",\"url\":\"https:\/\/asteralabs.org\/wp-content\/uploads\/2023\/01\/T3-mockup-nbg.png\",\"contentUrl\":\"https:\/\/asteralabs.org\/wp-content\/uploads\/2023\/01\/T3-mockup-nbg.png\",\"width\":2000,\"height\":2000},{\"@type\":\"BreadcrumbList\",\"@id\":\"https:\/\/asteralabs.org\/cs\/product\/sodna-sul-liothyroninu-t3\/#breadcrumb\",\"itemListElement\":[{\"@type\":\"ListItem\",\"position\":1,\"name\":\"Home\",\"item\":\"https:\/\/asteralabs.org\/cs\/\"},{\"@type\":\"ListItem\",\"position\":2,\"name\":\"Obchod\",\"item\":\"https:\/\/asteralabs.org\/obchod\/\"},{\"@type\":\"ListItem\",\"position\":3,\"name\":\"Sodn\u00e1 s\u016fl liothyroninu (T3)\"}]},{\"@type\":\"WebSite\",\"@id\":\"https:\/\/asteralabs.org\/cs\/#website\",\"url\":\"https:\/\/asteralabs.org\/cs\/\",\"name\":\"Astera Labs\",\"description\":\"Improve Your Quality Of Life\",\"publisher\":{\"@id\":\"https:\/\/asteralabs.org\/cs\/#organization\"},\"potentialAction\":[{\"@type\":\"SearchAction\",\"target\":{\"@type\":\"EntryPoint\",\"urlTemplate\":\"https:\/\/asteralabs.org\/cs\/?s={search_term_string}\"},\"query-input\":\"required name=search_term_string\"}],\"inLanguage\":\"cs\"},{\"@type\":\"Organization\",\"@id\":\"https:\/\/asteralabs.org\/cs\/#organization\",\"name\":\"Astera Labs\",\"url\":\"https:\/\/asteralabs.org\/cs\/\",\"logo\":{\"@type\":\"ImageObject\",\"inLanguage\":\"cs\",\"@id\":\"https:\/\/asteralabs.org\/cs\/#\/schema\/logo\/image\/\",\"url\":\"https:\/\/asteralabs.org\/wp-content\/uploads\/2022\/12\/astera-2.png\",\"contentUrl\":\"https:\/\/asteralabs.org\/wp-content\/uploads\/2022\/12\/astera-2.png\",\"width\":437,\"height\":111,\"caption\":\"Astera Labs\"},\"image\":{\"@id\":\"https:\/\/asteralabs.org\/cs\/#\/schema\/logo\/image\/\"}}]}<\/script>\n<!-- \/ Yoast SEO plugin. -->","yoast_head_json":{"title":"Sodn\u00e1 s\u016fl liothyroninu (T3) - Astera Labs","robots":{"index":"index","follow":"follow","max-snippet":"max-snippet:-1","max-image-preview":"max-image-preview:large","max-video-preview":"max-video-preview:-1"},"canonical":"https:\/\/asteralabs.org\/cs\/product\/sodna-sul-liothyroninu-t3\/","og_locale":"cs_CZ","og_type":"article","og_title":"Sodn\u00e1 s\u016fl liothyroninu (T3) - Astera Labs","og_description":"D\u00c1VKOV\u00c1N\u00cd: Obsah balen\u00ed: 1 satchet, 50 tabulek, 25mcg v ka\u017ed\u00e9 kart\u011b CO JE TO: Trijodtyronin, zn\u00e1m\u00fd tak\u00e9 jako T3, je hormon \u0161t\u00edtn\u00e9 \u017el\u00e1zy. Ovliv\u0148uje t\u00e9m\u011b\u0159 v\u0161echny fyziologick\u00e9 procesy v t\u011ble, v\u010detn\u011b r\u016fstu a v\u00fdvoje, metabolismu, t\u011blesn\u00e9 teploty a srde\u010dn\u00ed frekvence. Pou\u017e\u00edv\u00e1 se ke zv\u00fd\u0161en\u00ed baz\u00e1ln\u00edho metabolismu, \u010d\u00edm\u017e podporuje hubnut\u00ed a \u00fabytek tuku. JAK SE POU\u017d\u00cdV\u00c1:&hellip;","og_url":"https:\/\/asteralabs.org\/cs\/product\/sodna-sul-liothyroninu-t3\/","og_site_name":"Astera Labs","article_modified_time":"2026-01-16T09:21:30+00:00","og_image":[{"width":2000,"height":2000,"url":"https:\/\/asteralabs.org\/wp-content\/uploads\/2023\/01\/T3-mockup-nbg.png","type":"image\/png"}],"twitter_card":"summary_large_image","schema":{"@context":"https:\/\/schema.org","@graph":[{"@type":"WebPage","@id":"https:\/\/asteralabs.org\/cs\/product\/sodna-sul-liothyroninu-t3\/","url":"https:\/\/asteralabs.org\/cs\/product\/sodna-sul-liothyroninu-t3\/","name":"Sodn\u00e1 s\u016fl liothyroninu (T3) - Astera Labs","isPartOf":{"@id":"https:\/\/asteralabs.org\/cs\/#website"},"primaryImageOfPage":{"@id":"https:\/\/asteralabs.org\/cs\/product\/sodna-sul-liothyroninu-t3\/#primaryimage"},"image":{"@id":"https:\/\/asteralabs.org\/cs\/product\/sodna-sul-liothyroninu-t3\/#primaryimage"},"thumbnailUrl":"https:\/\/asteralabs.org\/wp-content\/uploads\/2023\/01\/T3-mockup-nbg.png","datePublished":"2023-01-10T22:53:33+00:00","dateModified":"2026-01-16T09:21:30+00:00","breadcrumb":{"@id":"https:\/\/asteralabs.org\/cs\/product\/sodna-sul-liothyroninu-t3\/#breadcrumb"},"inLanguage":"cs","potentialAction":[{"@type":"ReadAction","target":["https:\/\/asteralabs.org\/cs\/product\/sodna-sul-liothyroninu-t3\/"]}]},{"@type":"ImageObject","inLanguage":"cs","@id":"https:\/\/asteralabs.org\/cs\/product\/sodna-sul-liothyroninu-t3\/#primaryimage","url":"https:\/\/asteralabs.org\/wp-content\/uploads\/2023\/01\/T3-mockup-nbg.png","contentUrl":"https:\/\/asteralabs.org\/wp-content\/uploads\/2023\/01\/T3-mockup-nbg.png","width":2000,"height":2000},{"@type":"BreadcrumbList","@id":"https:\/\/asteralabs.org\/cs\/product\/sodna-sul-liothyroninu-t3\/#breadcrumb","itemListElement":[{"@type":"ListItem","position":1,"name":"Home","item":"https:\/\/asteralabs.org\/cs\/"},{"@type":"ListItem","position":2,"name":"Obchod","item":"https:\/\/asteralabs.org\/obchod\/"},{"@type":"ListItem","position":3,"name":"Sodn\u00e1 s\u016fl liothyroninu (T3)"}]},{"@type":"WebSite","@id":"https:\/\/asteralabs.org\/cs\/#website","url":"https:\/\/asteralabs.org\/cs\/","name":"Astera Labs","description":"Improve Your Quality Of Life","publisher":{"@id":"https:\/\/asteralabs.org\/cs\/#organization"},"potentialAction":[{"@type":"SearchAction","target":{"@type":"EntryPoint","urlTemplate":"https:\/\/asteralabs.org\/cs\/?s={search_term_string}"},"query-input":"required name=search_term_string"}],"inLanguage":"cs"},{"@type":"Organization","@id":"https:\/\/asteralabs.org\/cs\/#organization","name":"Astera Labs","url":"https:\/\/asteralabs.org\/cs\/","logo":{"@type":"ImageObject","inLanguage":"cs","@id":"https:\/\/asteralabs.org\/cs\/#\/schema\/logo\/image\/","url":"https:\/\/asteralabs.org\/wp-content\/uploads\/2022\/12\/astera-2.png","contentUrl":"https:\/\/asteralabs.org\/wp-content\/uploads\/2022\/12\/astera-2.png","width":437,"height":111,"caption":"Astera Labs"},"image":{"@id":"https:\/\/asteralabs.org\/cs\/#\/schema\/logo\/image\/"}}]}},"_links":{"self":[{"href":"https:\/\/asteralabs.org\/cs\/wp-json\/wp\/v2\/product\/78193"}],"collection":[{"href":"https:\/\/asteralabs.org\/cs\/wp-json\/wp\/v2\/product"}],"about":[{"href":"https:\/\/asteralabs.org\/cs\/wp-json\/wp\/v2\/types\/product"}],"replies":[{"embeddable":true,"href":"https:\/\/asteralabs.org\/cs\/wp-json\/wp\/v2\/comments?post=78193"}],"version-history":[{"count":0,"href":"https:\/\/asteralabs.org\/cs\/wp-json\/wp\/v2\/product\/78193\/revisions"}],"wp:featuredmedia":[{"embeddable":true,"href":"https:\/\/asteralabs.org\/cs\/wp-json\/wp\/v2\/media\/76071"}],"wp:attachment":[{"href":"https:\/\/asteralabs.org\/cs\/wp-json\/wp\/v2\/media?parent=78193"}],"wp:term":[{"taxonomy":"product_cat","embeddable":true,"href":"https:\/\/asteralabs.org\/cs\/wp-json\/wp\/v2\/product_cat?post=78193"},{"taxonomy":"product_tag","embeddable":true,"href":"https:\/\/asteralabs.org\/cs\/wp-json\/wp\/v2\/product_tag?post=78193"}],"curies":[{"name":"wp","href":"https:\/\/api.w.org\/{rel}","templated":true}]}}