{"id":78205,"date":"2023-01-10T22:52:10","date_gmt":"2023-01-10T22:52:10","guid":{"rendered":"https:\/\/asteralabs.org\/product\/tamoxifen-citrat\/"},"modified":"2026-01-15T13:09:49","modified_gmt":"2026-01-15T13:09:49","slug":"tamoxifen-citrat","status":"publish","type":"product","link":"https:\/\/asteralabs.org\/cs\/product\/tamoxifen-citrat\/","title":{"rendered":"Tamoxifen citr\u00e1t"},"content":{"rendered":"<p><strong>D\u00c1VKOV\u00c1N\u00cd: <\/strong><br \/>\nTamoxifen citr\u00e1t 20 mg\/tab <strong>Obsah balen\u00ed: <\/strong><br \/>\n1 s\u00e1\u010dek, 50 tabulek, 20 mg v jedn\u00e9 kart\u011b <strong>CO JE TO: <\/strong><br \/>\nTamoxifen citr\u00e1t je selektivn\u00ed modul\u00e1tor estrogenov\u00fdch receptor\u016f. Selektivn\u00ed modul\u00e1tory estrogenov\u00fdch receptor\u016f mohou p\u016fsobit jako agonist\u00e9 nebo antagonist\u00e9 estrogenov\u00fdch receptor\u016f. Tato aktivita tamoxifen citr\u00e1tu je tk\u00e1\u0148ov\u011b selektivn\u00ed, p\u016fsob\u00ed na ty estrogenov\u00e9 receptory, kter\u00e9 se nach\u00e1zej\u00ed v j\u00e1trech, prsu a kostech.<br \/>\nKdy\u017e se molekula tamoxifenu nav\u00e1\u017ee na tento receptor, estrogen je blokov\u00e1n a nem\u016f\u017ee m\u00edt \u017e\u00e1dn\u00fd \u00fa\u010dinek. Kulturist\u016fm m\u016f\u017ee tamoxifen citr\u00e1t pomoci dv\u011bma zp\u016fsoby.<br \/>\nZa prv\u00e9 d\u00edky vazebn\u00e9 afinit\u011b slou\u010deniny je schopen pomoci v prevenci gynekomastie. Tamoxifen bude sout\u011b\u017eit s estrogenem o estrogenov\u00e9 receptory v ur\u010dit\u00fdch tk\u00e1n\u00edch, v\u010detn\u011b prsu, a pokud se dok\u00e1\u017ee nav\u00e1zat na receptor, estrogen nebude m\u00edt mo\u017enost s receptorem interagovat, a proto by nem\u011blo doj\u00edt ke vzniku gynokomastie. Druh\u00fdm, a mo\u017en\u00e1 v\u00fdhodn\u011bj\u0161\u00edm aspektem tamoxifen citr\u00e1tu pro u\u017eivatele steroid\u016f je jeho schopnost zvy\u0161ovat produkci luteiniza\u010dn\u00edho hormonu a folikuly stimuluj\u00edc\u00edho hormonu, a tedy zvy\u0161ovat testosteron. Tato schopnost je d\u016fvodem, pro\u010d je<br \/>\n\u010dasto pou\u017e\u00edv\u00e1n u\u017eivateli steroid\u016f b\u011bhem jejich l\u00e9\u010dby po ukon\u010den\u00ed cyklu. <strong>JAK SE POU\u017d\u00cdV\u00c1: <\/strong><br \/>\nD\u00e1vka k l\u00e9\u010db\u011b gynekomastie i k pou\u017eit\u00ed p\u0159i PCT se pohybuje mezi 20-40 mg denn\u011b, d\u00e1vku je t\u0159eba upravovat, dokud nen\u00ed dosa\u017eeno po\u017eadovan\u00e9ho \u00fa\u010dinku.<\/p>\n<p><strong>Informace o \u0161ar\u017ei:<br \/>\n<\/strong>\u010c\u00edslo \u0161ar\u017ee: <span data-sheets-root=\"1\">ZF85240<\/span><br \/>\nDatum v\u00fdroby: 10<span data-sheets-root=\"1\" data-sheets-value=\"{&quot;1&quot;:2,&quot;2&quot;:&quot;03.2023.&quot;}\" data-sheets-userformat=\"{&quot;2&quot;:577,&quot;3&quot;:{&quot;1&quot;:0},&quot;9&quot;:0,&quot;12&quot;:0}\">.2025.<\/span><br \/>\nDatum exspirace: 10<span data-sheets-root=\"1\" data-sheets-value=\"{&quot;1&quot;:2,&quot;2&quot;:&quot;03.2026.&quot;}\" data-sheets-userformat=\"{&quot;2&quot;:637,&quot;3&quot;:{&quot;1&quot;:0},&quot;5&quot;:{&quot;1&quot;:[{&quot;1&quot;:2,&quot;2&quot;:0,&quot;5&quot;:{&quot;1&quot;:2,&quot;2&quot;:0}},{&quot;1&quot;:0,&quot;2&quot;:0,&quot;3&quot;:3},{&quot;1&quot;:1,&quot;2&quot;:0,&quot;4&quot;:1}]},&quot;6&quot;:{&quot;1&quot;:[{&quot;1&quot;:2,&quot;2&quot;:0,&quot;5&quot;:{&quot;1&quot;:2,&quot;2&quot;:0}},{&quot;1&quot;:0,&quot;2&quot;:0,&quot;3&quot;:3},{&quot;1&quot;:1,&quot;2&quot;:0,&quot;4&quot;:1}]},&quot;7&quot;:{&quot;1&quot;:[{&quot;1&quot;:2,&quot;2&quot;:0,&quot;5&quot;:{&quot;1&quot;:2,&quot;2&quot;:0}},{&quot;1&quot;:0,&quot;2&quot;:0,&quot;3&quot;:3},{&quot;1&quot;:1,&quot;2&quot;:0,&quot;4&quot;:1}]},&quot;8&quot;:{&quot;1&quot;:[{&quot;1&quot;:2,&quot;2&quot;:0,&quot;5&quot;:{&quot;1&quot;:2,&quot;2&quot;:0}},{&quot;1&quot;:0,&quot;2&quot;:0,&quot;3&quot;:3},{&quot;1&quot;:1,&quot;2&quot;:0,&quot;4&quot;:1}]},&quot;9&quot;:0,&quot;12&quot;:0}\">.2028.<\/span><\/p>\n","protected":false},"excerpt":{"rendered":"<p>D\u00c1VKOV\u00c1N\u00cd: Tamoxifen citr\u00e1t 20 mg\/tab Obsah balen\u00ed: 1 s\u00e1\u010dek, 50 tabulek, 20 mg v jedn\u00e9 kart\u011b CO JE TO: Tamoxifen citr\u00e1t je selektivn\u00ed modul\u00e1tor estrogenov\u00fdch receptor\u016f. Selektivn\u00ed modul\u00e1tory estrogenov\u00fdch receptor\u016f mohou p\u016fsobit jako agonist\u00e9 nebo antagonist\u00e9 estrogenov\u00fdch receptor\u016f. Tato aktivita tamoxifen citr\u00e1tu je tk\u00e1\u0148ov\u011b selektivn\u00ed, p\u016fsob\u00ed na ty estrogenov\u00e9 receptory, kter\u00e9 se nach\u00e1zej\u00ed v j\u00e1trech,&hellip;<\/p>\n","protected":false},"featured_media":76351,"comment_status":"open","ping_status":"closed","template":"","meta":[],"product_cat":[153,177],"product_tag":[],"yoast_head":"<!-- This site is optimized with the Yoast SEO plugin v23.0 - https:\/\/yoast.com\/wordpress\/plugins\/seo\/ -->\n<title>Tamoxifen citr\u00e1t - Astera Labs<\/title>\n<meta name=\"robots\" content=\"index, follow, max-snippet:-1, max-image-preview:large, max-video-preview:-1\" \/>\n<link rel=\"canonical\" href=\"https:\/\/asteralabs.org\/cs\/product\/tamoxifen-citrat\/\" \/>\n<meta property=\"og:locale\" content=\"cs_CZ\" \/>\n<meta property=\"og:type\" content=\"article\" \/>\n<meta property=\"og:title\" content=\"Tamoxifen citr\u00e1t - Astera Labs\" \/>\n<meta property=\"og:description\" content=\"D\u00c1VKOV\u00c1N\u00cd: Tamoxifen citr\u00e1t 20 mg\/tab Obsah balen\u00ed: 1 s\u00e1\u010dek, 50 tabulek, 20 mg v jedn\u00e9 kart\u011b CO JE TO: Tamoxifen citr\u00e1t je selektivn\u00ed modul\u00e1tor estrogenov\u00fdch receptor\u016f. Selektivn\u00ed modul\u00e1tory estrogenov\u00fdch receptor\u016f mohou p\u016fsobit jako agonist\u00e9 nebo antagonist\u00e9 estrogenov\u00fdch receptor\u016f. Tato aktivita tamoxifen citr\u00e1tu je tk\u00e1\u0148ov\u011b selektivn\u00ed, p\u016fsob\u00ed na ty estrogenov\u00e9 receptory, kter\u00e9 se nach\u00e1zej\u00ed v j\u00e1trech,&hellip;\" \/>\n<meta property=\"og:url\" content=\"https:\/\/asteralabs.org\/cs\/product\/tamoxifen-citrat\/\" \/>\n<meta property=\"og:site_name\" content=\"Astera Labs\" \/>\n<meta property=\"article:modified_time\" content=\"2026-01-15T13:09:49+00:00\" \/>\n<meta property=\"og:image\" content=\"https:\/\/asteralabs.org\/wp-content\/uploads\/2023\/01\/Tamoxifen-citrate-mockup-nbg.png\" \/>\n\t<meta property=\"og:image:width\" content=\"2000\" \/>\n\t<meta property=\"og:image:height\" content=\"2000\" \/>\n\t<meta property=\"og:image:type\" content=\"image\/png\" \/>\n<meta name=\"twitter:card\" content=\"summary_large_image\" \/>\n<script type=\"application\/ld+json\" class=\"yoast-schema-graph\">{\"@context\":\"https:\/\/schema.org\",\"@graph\":[{\"@type\":\"WebPage\",\"@id\":\"https:\/\/asteralabs.org\/cs\/product\/tamoxifen-citrat\/\",\"url\":\"https:\/\/asteralabs.org\/cs\/product\/tamoxifen-citrat\/\",\"name\":\"Tamoxifen citr\u00e1t - Astera Labs\",\"isPartOf\":{\"@id\":\"https:\/\/asteralabs.org\/cs\/#website\"},\"primaryImageOfPage\":{\"@id\":\"https:\/\/asteralabs.org\/cs\/product\/tamoxifen-citrat\/#primaryimage\"},\"image\":{\"@id\":\"https:\/\/asteralabs.org\/cs\/product\/tamoxifen-citrat\/#primaryimage\"},\"thumbnailUrl\":\"https:\/\/asteralabs.org\/wp-content\/uploads\/2023\/01\/Tamoxifen-citrate-mockup-nbg.png\",\"datePublished\":\"2023-01-10T22:52:10+00:00\",\"dateModified\":\"2026-01-15T13:09:49+00:00\",\"breadcrumb\":{\"@id\":\"https:\/\/asteralabs.org\/cs\/product\/tamoxifen-citrat\/#breadcrumb\"},\"inLanguage\":\"cs\",\"potentialAction\":[{\"@type\":\"ReadAction\",\"target\":[\"https:\/\/asteralabs.org\/cs\/product\/tamoxifen-citrat\/\"]}]},{\"@type\":\"ImageObject\",\"inLanguage\":\"cs\",\"@id\":\"https:\/\/asteralabs.org\/cs\/product\/tamoxifen-citrat\/#primaryimage\",\"url\":\"https:\/\/asteralabs.org\/wp-content\/uploads\/2023\/01\/Tamoxifen-citrate-mockup-nbg.png\",\"contentUrl\":\"https:\/\/asteralabs.org\/wp-content\/uploads\/2023\/01\/Tamoxifen-citrate-mockup-nbg.png\",\"width\":2000,\"height\":2000},{\"@type\":\"BreadcrumbList\",\"@id\":\"https:\/\/asteralabs.org\/cs\/product\/tamoxifen-citrat\/#breadcrumb\",\"itemListElement\":[{\"@type\":\"ListItem\",\"position\":1,\"name\":\"Home\",\"item\":\"https:\/\/asteralabs.org\/cs\/\"},{\"@type\":\"ListItem\",\"position\":2,\"name\":\"Obchod\",\"item\":\"https:\/\/asteralabs.org\/obchod\/\"},{\"@type\":\"ListItem\",\"position\":3,\"name\":\"Tamoxifen citr\u00e1t\"}]},{\"@type\":\"WebSite\",\"@id\":\"https:\/\/asteralabs.org\/cs\/#website\",\"url\":\"https:\/\/asteralabs.org\/cs\/\",\"name\":\"Astera Labs\",\"description\":\"Improve Your Quality Of Life\",\"publisher\":{\"@id\":\"https:\/\/asteralabs.org\/cs\/#organization\"},\"potentialAction\":[{\"@type\":\"SearchAction\",\"target\":{\"@type\":\"EntryPoint\",\"urlTemplate\":\"https:\/\/asteralabs.org\/cs\/?s={search_term_string}\"},\"query-input\":\"required name=search_term_string\"}],\"inLanguage\":\"cs\"},{\"@type\":\"Organization\",\"@id\":\"https:\/\/asteralabs.org\/cs\/#organization\",\"name\":\"Astera Labs\",\"url\":\"https:\/\/asteralabs.org\/cs\/\",\"logo\":{\"@type\":\"ImageObject\",\"inLanguage\":\"cs\",\"@id\":\"https:\/\/asteralabs.org\/cs\/#\/schema\/logo\/image\/\",\"url\":\"https:\/\/asteralabs.org\/wp-content\/uploads\/2022\/12\/astera-2.png\",\"contentUrl\":\"https:\/\/asteralabs.org\/wp-content\/uploads\/2022\/12\/astera-2.png\",\"width\":437,\"height\":111,\"caption\":\"Astera Labs\"},\"image\":{\"@id\":\"https:\/\/asteralabs.org\/cs\/#\/schema\/logo\/image\/\"}}]}<\/script>\n<!-- \/ Yoast SEO plugin. -->","yoast_head_json":{"title":"Tamoxifen citr\u00e1t - Astera Labs","robots":{"index":"index","follow":"follow","max-snippet":"max-snippet:-1","max-image-preview":"max-image-preview:large","max-video-preview":"max-video-preview:-1"},"canonical":"https:\/\/asteralabs.org\/cs\/product\/tamoxifen-citrat\/","og_locale":"cs_CZ","og_type":"article","og_title":"Tamoxifen citr\u00e1t - Astera Labs","og_description":"D\u00c1VKOV\u00c1N\u00cd: Tamoxifen citr\u00e1t 20 mg\/tab Obsah balen\u00ed: 1 s\u00e1\u010dek, 50 tabulek, 20 mg v jedn\u00e9 kart\u011b CO JE TO: Tamoxifen citr\u00e1t je selektivn\u00ed modul\u00e1tor estrogenov\u00fdch receptor\u016f. Selektivn\u00ed modul\u00e1tory estrogenov\u00fdch receptor\u016f mohou p\u016fsobit jako agonist\u00e9 nebo antagonist\u00e9 estrogenov\u00fdch receptor\u016f. Tato aktivita tamoxifen citr\u00e1tu je tk\u00e1\u0148ov\u011b selektivn\u00ed, p\u016fsob\u00ed na ty estrogenov\u00e9 receptory, kter\u00e9 se nach\u00e1zej\u00ed v j\u00e1trech,&hellip;","og_url":"https:\/\/asteralabs.org\/cs\/product\/tamoxifen-citrat\/","og_site_name":"Astera Labs","article_modified_time":"2026-01-15T13:09:49+00:00","og_image":[{"width":2000,"height":2000,"url":"https:\/\/asteralabs.org\/wp-content\/uploads\/2023\/01\/Tamoxifen-citrate-mockup-nbg.png","type":"image\/png"}],"twitter_card":"summary_large_image","schema":{"@context":"https:\/\/schema.org","@graph":[{"@type":"WebPage","@id":"https:\/\/asteralabs.org\/cs\/product\/tamoxifen-citrat\/","url":"https:\/\/asteralabs.org\/cs\/product\/tamoxifen-citrat\/","name":"Tamoxifen citr\u00e1t - Astera Labs","isPartOf":{"@id":"https:\/\/asteralabs.org\/cs\/#website"},"primaryImageOfPage":{"@id":"https:\/\/asteralabs.org\/cs\/product\/tamoxifen-citrat\/#primaryimage"},"image":{"@id":"https:\/\/asteralabs.org\/cs\/product\/tamoxifen-citrat\/#primaryimage"},"thumbnailUrl":"https:\/\/asteralabs.org\/wp-content\/uploads\/2023\/01\/Tamoxifen-citrate-mockup-nbg.png","datePublished":"2023-01-10T22:52:10+00:00","dateModified":"2026-01-15T13:09:49+00:00","breadcrumb":{"@id":"https:\/\/asteralabs.org\/cs\/product\/tamoxifen-citrat\/#breadcrumb"},"inLanguage":"cs","potentialAction":[{"@type":"ReadAction","target":["https:\/\/asteralabs.org\/cs\/product\/tamoxifen-citrat\/"]}]},{"@type":"ImageObject","inLanguage":"cs","@id":"https:\/\/asteralabs.org\/cs\/product\/tamoxifen-citrat\/#primaryimage","url":"https:\/\/asteralabs.org\/wp-content\/uploads\/2023\/01\/Tamoxifen-citrate-mockup-nbg.png","contentUrl":"https:\/\/asteralabs.org\/wp-content\/uploads\/2023\/01\/Tamoxifen-citrate-mockup-nbg.png","width":2000,"height":2000},{"@type":"BreadcrumbList","@id":"https:\/\/asteralabs.org\/cs\/product\/tamoxifen-citrat\/#breadcrumb","itemListElement":[{"@type":"ListItem","position":1,"name":"Home","item":"https:\/\/asteralabs.org\/cs\/"},{"@type":"ListItem","position":2,"name":"Obchod","item":"https:\/\/asteralabs.org\/obchod\/"},{"@type":"ListItem","position":3,"name":"Tamoxifen citr\u00e1t"}]},{"@type":"WebSite","@id":"https:\/\/asteralabs.org\/cs\/#website","url":"https:\/\/asteralabs.org\/cs\/","name":"Astera Labs","description":"Improve Your Quality Of Life","publisher":{"@id":"https:\/\/asteralabs.org\/cs\/#organization"},"potentialAction":[{"@type":"SearchAction","target":{"@type":"EntryPoint","urlTemplate":"https:\/\/asteralabs.org\/cs\/?s={search_term_string}"},"query-input":"required name=search_term_string"}],"inLanguage":"cs"},{"@type":"Organization","@id":"https:\/\/asteralabs.org\/cs\/#organization","name":"Astera Labs","url":"https:\/\/asteralabs.org\/cs\/","logo":{"@type":"ImageObject","inLanguage":"cs","@id":"https:\/\/asteralabs.org\/cs\/#\/schema\/logo\/image\/","url":"https:\/\/asteralabs.org\/wp-content\/uploads\/2022\/12\/astera-2.png","contentUrl":"https:\/\/asteralabs.org\/wp-content\/uploads\/2022\/12\/astera-2.png","width":437,"height":111,"caption":"Astera Labs"},"image":{"@id":"https:\/\/asteralabs.org\/cs\/#\/schema\/logo\/image\/"}}]}},"_links":{"self":[{"href":"https:\/\/asteralabs.org\/cs\/wp-json\/wp\/v2\/product\/78205"}],"collection":[{"href":"https:\/\/asteralabs.org\/cs\/wp-json\/wp\/v2\/product"}],"about":[{"href":"https:\/\/asteralabs.org\/cs\/wp-json\/wp\/v2\/types\/product"}],"replies":[{"embeddable":true,"href":"https:\/\/asteralabs.org\/cs\/wp-json\/wp\/v2\/comments?post=78205"}],"version-history":[{"count":1,"href":"https:\/\/asteralabs.org\/cs\/wp-json\/wp\/v2\/product\/78205\/revisions"}],"predecessor-version":[{"id":79846,"href":"https:\/\/asteralabs.org\/cs\/wp-json\/wp\/v2\/product\/78205\/revisions\/79846"}],"wp:featuredmedia":[{"embeddable":true,"href":"https:\/\/asteralabs.org\/cs\/wp-json\/wp\/v2\/media\/76351"}],"wp:attachment":[{"href":"https:\/\/asteralabs.org\/cs\/wp-json\/wp\/v2\/media?parent=78205"}],"wp:term":[{"taxonomy":"product_cat","embeddable":true,"href":"https:\/\/asteralabs.org\/cs\/wp-json\/wp\/v2\/product_cat?post=78205"},{"taxonomy":"product_tag","embeddable":true,"href":"https:\/\/asteralabs.org\/cs\/wp-json\/wp\/v2\/product_tag?post=78205"}],"curies":[{"name":"wp","href":"https:\/\/api.w.org\/{rel}","templated":true}]}}