{"id":78225,"date":"2023-01-10T22:51:03","date_gmt":"2023-01-10T22:51:03","guid":{"rendered":"https:\/\/asteralabs.org\/product\/clomiphene-citrate\/"},"modified":"2026-01-16T08:37:44","modified_gmt":"2026-01-16T08:37:44","slug":"clomiphene-citrate","status":"publish","type":"product","link":"https:\/\/asteralabs.org\/cs\/product\/clomiphene-citrate\/","title":{"rendered":"Clomiphene citrate"},"content":{"rendered":"<p><strong>D\u00c1VKOV\u00c1N\u00cd: <\/strong><br \/>\n<strong>Obsah balen\u00ed: <\/strong><br \/>\n1 satchet, 50 tabulek, 50 mg v ka\u017ed\u00e9 tablet\u011b <strong>CO TO JE: <\/strong><br \/>\nP\u016fvodn\u011b vyvinut\u00fd jako prost\u0159edek na podporu \u017eensk\u00e9 plodnosti, klomifen citr\u00e1t je mezi u\u017eivateli steroid\u016f ji\u017e del\u0161\u00ed dobu obl\u00edben\u00fd jako slou\u010denina po ukon\u010den\u00ed cyklu, kter\u00e1 se pou\u017e\u00edv\u00e1 k obnoven\u00ed p\u0159irozen\u00e9 produkce testosteronu. Slou\u010denina funguje tak, \u017ee \u010d\u00e1ste\u010dn\u011b nebo zcela blokuje \u00fa\u010dinky estrogenu v t\u011ble. To je zp\u016fsobeno t\u00edm, \u017ee se jedn\u00e1 o syntetick\u00fd estrogen s vlastnostmi agonisty i antagonisty. <strong>JAK SE POU\u017d\u00cdV\u00c1: <\/strong><br \/>\nDoporu\u010duje se u\u017e\u00edvat 25 a\u017e 50 mg denn\u011b po dobu 3 t\u00fddn\u016f, d\u00e1vku bude t\u0159eba upravit podle po\u017eadovan\u00e9ho \u00fa\u010dinku a vedlej\u0161\u00edch \u00fa\u010dink\u016f. <strong>INFORMACE O \u0160AR\u017dI:<br \/>\n<\/strong>\u010c\u00edslo \u0161ar\u017ee: <span data-sheets-root=\"1\" data-sheets-value=\"{\" data-sheets-userformat=\"{\">AD40777<\/span><br \/>\nDatum v\u00fdroby: 10<span data-sheets-root=\"1\" data-sheets-value=\"{\" data-sheets-userformat=\"{\">.2025<\/span>.<br \/>\nDatum pou\u017eitelnosti: 10<span data-sheets-root=\"1\" data-sheets-value=\"{\" data-sheets-userformat=\"{\">.2028<\/span>.<\/p>\n","protected":false},"excerpt":{"rendered":"<p>D\u00c1VKOV\u00c1N\u00cd: Obsah balen\u00ed: 1 satchet, 50 tabulek, 50 mg v ka\u017ed\u00e9 tablet\u011b CO TO JE: P\u016fvodn\u011b vyvinut\u00fd jako prost\u0159edek na podporu \u017eensk\u00e9 plodnosti, klomifen citr\u00e1t je mezi u\u017eivateli steroid\u016f ji\u017e del\u0161\u00ed dobu obl\u00edben\u00fd jako slou\u010denina po ukon\u010den\u00ed cyklu, kter\u00e1 se pou\u017e\u00edv\u00e1 k obnoven\u00ed p\u0159irozen\u00e9 produkce testosteronu. Slou\u010denina funguje tak, \u017ee \u010d\u00e1ste\u010dn\u011b nebo zcela blokuje \u00fa\u010dinky&hellip;<\/p>\n","protected":false},"featured_media":76231,"comment_status":"open","ping_status":"closed","template":"","meta":[],"product_cat":[153,177],"product_tag":[],"yoast_head":"<!-- This site is optimized with the Yoast SEO plugin v23.0 - https:\/\/yoast.com\/wordpress\/plugins\/seo\/ -->\n<title>Clomiphene citrate - Astera Labs<\/title>\n<meta name=\"robots\" content=\"index, follow, max-snippet:-1, max-image-preview:large, max-video-preview:-1\" \/>\n<link rel=\"canonical\" href=\"https:\/\/asteralabs.org\/cs\/product\/clomiphene-citrate\/\" \/>\n<meta property=\"og:locale\" content=\"cs_CZ\" \/>\n<meta property=\"og:type\" content=\"article\" \/>\n<meta property=\"og:title\" content=\"Clomiphene citrate - Astera Labs\" \/>\n<meta property=\"og:description\" content=\"D\u00c1VKOV\u00c1N\u00cd: Obsah balen\u00ed: 1 satchet, 50 tabulek, 50 mg v ka\u017ed\u00e9 tablet\u011b CO TO JE: P\u016fvodn\u011b vyvinut\u00fd jako prost\u0159edek na podporu \u017eensk\u00e9 plodnosti, klomifen citr\u00e1t je mezi u\u017eivateli steroid\u016f ji\u017e del\u0161\u00ed dobu obl\u00edben\u00fd jako slou\u010denina po ukon\u010den\u00ed cyklu, kter\u00e1 se pou\u017e\u00edv\u00e1 k obnoven\u00ed p\u0159irozen\u00e9 produkce testosteronu. Slou\u010denina funguje tak, \u017ee \u010d\u00e1ste\u010dn\u011b nebo zcela blokuje \u00fa\u010dinky&hellip;\" \/>\n<meta property=\"og:url\" content=\"https:\/\/asteralabs.org\/cs\/product\/clomiphene-citrate\/\" \/>\n<meta property=\"og:site_name\" content=\"Astera Labs\" \/>\n<meta property=\"article:modified_time\" content=\"2026-01-16T08:37:44+00:00\" \/>\n<meta property=\"og:image\" content=\"https:\/\/asteralabs.org\/wp-content\/uploads\/2023\/01\/Clomiphene-citrate-mockup-nbg.png\" \/>\n\t<meta property=\"og:image:width\" content=\"2000\" \/>\n\t<meta property=\"og:image:height\" content=\"2000\" \/>\n\t<meta property=\"og:image:type\" content=\"image\/png\" \/>\n<meta name=\"twitter:card\" content=\"summary_large_image\" \/>\n<script type=\"application\/ld+json\" class=\"yoast-schema-graph\">{\"@context\":\"https:\/\/schema.org\",\"@graph\":[{\"@type\":\"WebPage\",\"@id\":\"https:\/\/asteralabs.org\/cs\/product\/clomiphene-citrate\/\",\"url\":\"https:\/\/asteralabs.org\/cs\/product\/clomiphene-citrate\/\",\"name\":\"Clomiphene citrate - Astera Labs\",\"isPartOf\":{\"@id\":\"https:\/\/asteralabs.org\/cs\/#website\"},\"primaryImageOfPage\":{\"@id\":\"https:\/\/asteralabs.org\/cs\/product\/clomiphene-citrate\/#primaryimage\"},\"image\":{\"@id\":\"https:\/\/asteralabs.org\/cs\/product\/clomiphene-citrate\/#primaryimage\"},\"thumbnailUrl\":\"https:\/\/asteralabs.org\/wp-content\/uploads\/2023\/01\/Clomiphene-citrate-mockup-nbg.png\",\"datePublished\":\"2023-01-10T22:51:03+00:00\",\"dateModified\":\"2026-01-16T08:37:44+00:00\",\"breadcrumb\":{\"@id\":\"https:\/\/asteralabs.org\/cs\/product\/clomiphene-citrate\/#breadcrumb\"},\"inLanguage\":\"cs\",\"potentialAction\":[{\"@type\":\"ReadAction\",\"target\":[\"https:\/\/asteralabs.org\/cs\/product\/clomiphene-citrate\/\"]}]},{\"@type\":\"ImageObject\",\"inLanguage\":\"cs\",\"@id\":\"https:\/\/asteralabs.org\/cs\/product\/clomiphene-citrate\/#primaryimage\",\"url\":\"https:\/\/asteralabs.org\/wp-content\/uploads\/2023\/01\/Clomiphene-citrate-mockup-nbg.png\",\"contentUrl\":\"https:\/\/asteralabs.org\/wp-content\/uploads\/2023\/01\/Clomiphene-citrate-mockup-nbg.png\",\"width\":2000,\"height\":2000},{\"@type\":\"BreadcrumbList\",\"@id\":\"https:\/\/asteralabs.org\/cs\/product\/clomiphene-citrate\/#breadcrumb\",\"itemListElement\":[{\"@type\":\"ListItem\",\"position\":1,\"name\":\"Home\",\"item\":\"https:\/\/asteralabs.org\/cs\/\"},{\"@type\":\"ListItem\",\"position\":2,\"name\":\"Obchod\",\"item\":\"https:\/\/asteralabs.org\/obchod\/\"},{\"@type\":\"ListItem\",\"position\":3,\"name\":\"Clomiphene citrate\"}]},{\"@type\":\"WebSite\",\"@id\":\"https:\/\/asteralabs.org\/cs\/#website\",\"url\":\"https:\/\/asteralabs.org\/cs\/\",\"name\":\"Astera Labs\",\"description\":\"Improve Your Quality Of Life\",\"publisher\":{\"@id\":\"https:\/\/asteralabs.org\/cs\/#organization\"},\"potentialAction\":[{\"@type\":\"SearchAction\",\"target\":{\"@type\":\"EntryPoint\",\"urlTemplate\":\"https:\/\/asteralabs.org\/cs\/?s={search_term_string}\"},\"query-input\":\"required name=search_term_string\"}],\"inLanguage\":\"cs\"},{\"@type\":\"Organization\",\"@id\":\"https:\/\/asteralabs.org\/cs\/#organization\",\"name\":\"Astera Labs\",\"url\":\"https:\/\/asteralabs.org\/cs\/\",\"logo\":{\"@type\":\"ImageObject\",\"inLanguage\":\"cs\",\"@id\":\"https:\/\/asteralabs.org\/cs\/#\/schema\/logo\/image\/\",\"url\":\"https:\/\/asteralabs.org\/wp-content\/uploads\/2022\/12\/astera-2.png\",\"contentUrl\":\"https:\/\/asteralabs.org\/wp-content\/uploads\/2022\/12\/astera-2.png\",\"width\":437,\"height\":111,\"caption\":\"Astera Labs\"},\"image\":{\"@id\":\"https:\/\/asteralabs.org\/cs\/#\/schema\/logo\/image\/\"}}]}<\/script>\n<!-- \/ Yoast SEO plugin. -->","yoast_head_json":{"title":"Clomiphene citrate - Astera Labs","robots":{"index":"index","follow":"follow","max-snippet":"max-snippet:-1","max-image-preview":"max-image-preview:large","max-video-preview":"max-video-preview:-1"},"canonical":"https:\/\/asteralabs.org\/cs\/product\/clomiphene-citrate\/","og_locale":"cs_CZ","og_type":"article","og_title":"Clomiphene citrate - Astera Labs","og_description":"D\u00c1VKOV\u00c1N\u00cd: Obsah balen\u00ed: 1 satchet, 50 tabulek, 50 mg v ka\u017ed\u00e9 tablet\u011b CO TO JE: P\u016fvodn\u011b vyvinut\u00fd jako prost\u0159edek na podporu \u017eensk\u00e9 plodnosti, klomifen citr\u00e1t je mezi u\u017eivateli steroid\u016f ji\u017e del\u0161\u00ed dobu obl\u00edben\u00fd jako slou\u010denina po ukon\u010den\u00ed cyklu, kter\u00e1 se pou\u017e\u00edv\u00e1 k obnoven\u00ed p\u0159irozen\u00e9 produkce testosteronu. Slou\u010denina funguje tak, \u017ee \u010d\u00e1ste\u010dn\u011b nebo zcela blokuje \u00fa\u010dinky&hellip;","og_url":"https:\/\/asteralabs.org\/cs\/product\/clomiphene-citrate\/","og_site_name":"Astera Labs","article_modified_time":"2026-01-16T08:37:44+00:00","og_image":[{"width":2000,"height":2000,"url":"https:\/\/asteralabs.org\/wp-content\/uploads\/2023\/01\/Clomiphene-citrate-mockup-nbg.png","type":"image\/png"}],"twitter_card":"summary_large_image","schema":{"@context":"https:\/\/schema.org","@graph":[{"@type":"WebPage","@id":"https:\/\/asteralabs.org\/cs\/product\/clomiphene-citrate\/","url":"https:\/\/asteralabs.org\/cs\/product\/clomiphene-citrate\/","name":"Clomiphene citrate - Astera Labs","isPartOf":{"@id":"https:\/\/asteralabs.org\/cs\/#website"},"primaryImageOfPage":{"@id":"https:\/\/asteralabs.org\/cs\/product\/clomiphene-citrate\/#primaryimage"},"image":{"@id":"https:\/\/asteralabs.org\/cs\/product\/clomiphene-citrate\/#primaryimage"},"thumbnailUrl":"https:\/\/asteralabs.org\/wp-content\/uploads\/2023\/01\/Clomiphene-citrate-mockup-nbg.png","datePublished":"2023-01-10T22:51:03+00:00","dateModified":"2026-01-16T08:37:44+00:00","breadcrumb":{"@id":"https:\/\/asteralabs.org\/cs\/product\/clomiphene-citrate\/#breadcrumb"},"inLanguage":"cs","potentialAction":[{"@type":"ReadAction","target":["https:\/\/asteralabs.org\/cs\/product\/clomiphene-citrate\/"]}]},{"@type":"ImageObject","inLanguage":"cs","@id":"https:\/\/asteralabs.org\/cs\/product\/clomiphene-citrate\/#primaryimage","url":"https:\/\/asteralabs.org\/wp-content\/uploads\/2023\/01\/Clomiphene-citrate-mockup-nbg.png","contentUrl":"https:\/\/asteralabs.org\/wp-content\/uploads\/2023\/01\/Clomiphene-citrate-mockup-nbg.png","width":2000,"height":2000},{"@type":"BreadcrumbList","@id":"https:\/\/asteralabs.org\/cs\/product\/clomiphene-citrate\/#breadcrumb","itemListElement":[{"@type":"ListItem","position":1,"name":"Home","item":"https:\/\/asteralabs.org\/cs\/"},{"@type":"ListItem","position":2,"name":"Obchod","item":"https:\/\/asteralabs.org\/obchod\/"},{"@type":"ListItem","position":3,"name":"Clomiphene citrate"}]},{"@type":"WebSite","@id":"https:\/\/asteralabs.org\/cs\/#website","url":"https:\/\/asteralabs.org\/cs\/","name":"Astera Labs","description":"Improve Your Quality Of Life","publisher":{"@id":"https:\/\/asteralabs.org\/cs\/#organization"},"potentialAction":[{"@type":"SearchAction","target":{"@type":"EntryPoint","urlTemplate":"https:\/\/asteralabs.org\/cs\/?s={search_term_string}"},"query-input":"required name=search_term_string"}],"inLanguage":"cs"},{"@type":"Organization","@id":"https:\/\/asteralabs.org\/cs\/#organization","name":"Astera Labs","url":"https:\/\/asteralabs.org\/cs\/","logo":{"@type":"ImageObject","inLanguage":"cs","@id":"https:\/\/asteralabs.org\/cs\/#\/schema\/logo\/image\/","url":"https:\/\/asteralabs.org\/wp-content\/uploads\/2022\/12\/astera-2.png","contentUrl":"https:\/\/asteralabs.org\/wp-content\/uploads\/2022\/12\/astera-2.png","width":437,"height":111,"caption":"Astera Labs"},"image":{"@id":"https:\/\/asteralabs.org\/cs\/#\/schema\/logo\/image\/"}}]}},"_links":{"self":[{"href":"https:\/\/asteralabs.org\/cs\/wp-json\/wp\/v2\/product\/78225"}],"collection":[{"href":"https:\/\/asteralabs.org\/cs\/wp-json\/wp\/v2\/product"}],"about":[{"href":"https:\/\/asteralabs.org\/cs\/wp-json\/wp\/v2\/types\/product"}],"replies":[{"embeddable":true,"href":"https:\/\/asteralabs.org\/cs\/wp-json\/wp\/v2\/comments?post=78225"}],"version-history":[{"count":0,"href":"https:\/\/asteralabs.org\/cs\/wp-json\/wp\/v2\/product\/78225\/revisions"}],"wp:featuredmedia":[{"embeddable":true,"href":"https:\/\/asteralabs.org\/cs\/wp-json\/wp\/v2\/media\/76231"}],"wp:attachment":[{"href":"https:\/\/asteralabs.org\/cs\/wp-json\/wp\/v2\/media?parent=78225"}],"wp:term":[{"taxonomy":"product_cat","embeddable":true,"href":"https:\/\/asteralabs.org\/cs\/wp-json\/wp\/v2\/product_cat?post=78225"},{"taxonomy":"product_tag","embeddable":true,"href":"https:\/\/asteralabs.org\/cs\/wp-json\/wp\/v2\/product_tag?post=78225"}],"curies":[{"name":"wp","href":"https:\/\/api.w.org\/{rel}","templated":true}]}}