{"id":78230,"date":"2023-01-10T22:49:48","date_gmt":"2023-01-10T22:49:48","guid":{"rendered":"https:\/\/asteralabs.org\/product\/anastrozol\/"},"modified":"2026-01-16T08:11:03","modified_gmt":"2026-01-16T08:11:03","slug":"anastrozol","status":"publish","type":"product","link":"https:\/\/asteralabs.org\/cs\/product\/anastrozol\/","title":{"rendered":"Anastrozol"},"content":{"rendered":"<p><strong>D\u00c1VKOV\u00c1N\u00cd: <\/strong><br \/>\n<strong>Obsah balen\u00ed: <\/strong><br \/>\n1 satchet, 50 tabulek, 1 mg v ka\u017ed\u00e9 kart\u011b <strong>CO TO JE: <\/strong><br \/>\nAnastrozol je inhibitor aromat\u00e1zy. Inhibitory aromat\u00e1zy zabra\u0148uj\u00ed p\u0159em\u011bn\u011b androgen\u016f na estrogeny v tuc\u00edch, svalech, prsou a mozku. L\u00e9ka\u0159sk\u00e9 pou\u017eit\u00ed anastrozolu je p\u0159edev\u0161\u00edm k potla\u010den\u00ed progrese a r\u016fstu rakoviny prsu u \u017een blokov\u00e1n\u00edm enzymu aromat\u00e1zy. N\u011bkte\u0159\u00ed l\u00e9ka\u0159i jej tak\u00e9 pou\u017e\u00edvaj\u00ed ke snaze l\u00e9\u010dit n\u00edzkou tvorbu testosteronu u mu\u017e\u016f a tak\u00e9 se pou\u017e\u00edv\u00e1 ve spojen\u00ed s n\u00e1hradn\u00ed testosteronovou terapi\u00ed.<br \/>\nU kulturist\u016f a silov\u00fdch sportovc\u016f se anastrozol pou\u017e\u00edv\u00e1 k minimalizaci aromatizace anabolick\u00fdch steroid\u016f a v men\u0161\u00ed m\u00ed\u0159e pro jeho schopnost zvy\u0161ovat hladinu testosteronu u u\u017eivatel\u016f.<br \/>\nSn\u00ed\u017een\u00edm mno\u017estv\u00ed estrogenu v t\u011ble u\u017eivatele steroid\u016f se bude moci vyhnout vedlej\u0161\u00edm \u00fa\u010dink\u016fm souvisej\u00edc\u00edm s estrogenem, jako je zadr\u017eov\u00e1n\u00ed vody, gynokomastie atd. <strong>JAK POU\u017d\u00cdVAT: <\/strong><br \/>\nD\u00e1vkov\u00e1n\u00ed se zna\u010dn\u011b li\u0161\u00ed v z\u00e1vislosti na u\u017eivateli a pou\u017e\u00edvan\u00fdch aromatizuj\u00edc\u00edch slou\u010denin\u00e1ch, n\u011bkte\u0159\u00ed u\u017eivatel\u00e9 zjist\u00ed, \u017ee 0,5 mg pou\u017eit\u00e9ho E3,5D sta\u010d\u00ed k tomu, aby nem\u011bli \u017e\u00e1dn\u00e9 estrogenn\u00ed vedlej\u0161\u00ed \u00fa\u010dinky.<\/p>\n<p><strong>Informace o \u0161ar\u017ei:<br \/>\n<\/strong>\u010c\u00edslo \u0161ar\u017ee: <span data-sheets-root=\"1\" data-sheets-value=\"{\" data-sheets-userformat=\"{\">DM55007<\/span><br \/>\nDatum v\u00fdroby: <span data-sheets-root=\"1\" data-sheets-value=\"{\" data-sheets-userformat=\"{\">10.2025.<\/span><br \/>\nDatum exspirace: <span data-sheets-root=\"1\" data-sheets-value=\"{\" data-sheets-userformat=\"{\">10.2028.<\/span><\/p>\n","protected":false},"excerpt":{"rendered":"<p>D\u00c1VKOV\u00c1N\u00cd: Obsah balen\u00ed: 1 satchet, 50 tabulek, 1 mg v ka\u017ed\u00e9 kart\u011b CO TO JE: Anastrozol je inhibitor aromat\u00e1zy. Inhibitory aromat\u00e1zy zabra\u0148uj\u00ed p\u0159em\u011bn\u011b androgen\u016f na estrogeny v tuc\u00edch, svalech, prsou a mozku. L\u00e9ka\u0159sk\u00e9 pou\u017eit\u00ed anastrozolu je p\u0159edev\u0161\u00edm k potla\u010den\u00ed progrese a r\u016fstu rakoviny prsu u \u017een blokov\u00e1n\u00edm enzymu aromat\u00e1zy. N\u011bkte\u0159\u00ed l\u00e9ka\u0159i jej tak\u00e9 pou\u017e\u00edvaj\u00ed ke&hellip;<\/p>\n","protected":false},"featured_media":76207,"comment_status":"open","ping_status":"closed","template":"","meta":[],"product_cat":[153,177],"product_tag":[],"yoast_head":"<!-- This site is optimized with the Yoast SEO plugin v23.0 - https:\/\/yoast.com\/wordpress\/plugins\/seo\/ -->\n<title>Anastrozol - Astera Labs<\/title>\n<meta name=\"robots\" content=\"index, follow, max-snippet:-1, max-image-preview:large, max-video-preview:-1\" \/>\n<link rel=\"canonical\" href=\"https:\/\/asteralabs.org\/cs\/product\/anastrozol\/\" \/>\n<meta property=\"og:locale\" content=\"cs_CZ\" \/>\n<meta property=\"og:type\" content=\"article\" \/>\n<meta property=\"og:title\" content=\"Anastrozol - Astera Labs\" \/>\n<meta property=\"og:description\" content=\"D\u00c1VKOV\u00c1N\u00cd: Obsah balen\u00ed: 1 satchet, 50 tabulek, 1 mg v ka\u017ed\u00e9 kart\u011b CO TO JE: Anastrozol je inhibitor aromat\u00e1zy. Inhibitory aromat\u00e1zy zabra\u0148uj\u00ed p\u0159em\u011bn\u011b androgen\u016f na estrogeny v tuc\u00edch, svalech, prsou a mozku. L\u00e9ka\u0159sk\u00e9 pou\u017eit\u00ed anastrozolu je p\u0159edev\u0161\u00edm k potla\u010den\u00ed progrese a r\u016fstu rakoviny prsu u \u017een blokov\u00e1n\u00edm enzymu aromat\u00e1zy. N\u011bkte\u0159\u00ed l\u00e9ka\u0159i jej tak\u00e9 pou\u017e\u00edvaj\u00ed ke&hellip;\" \/>\n<meta property=\"og:url\" content=\"https:\/\/asteralabs.org\/cs\/product\/anastrozol\/\" \/>\n<meta property=\"og:site_name\" content=\"Astera Labs\" \/>\n<meta property=\"article:modified_time\" content=\"2026-01-16T08:11:03+00:00\" \/>\n<meta property=\"og:image\" content=\"https:\/\/asteralabs.org\/wp-content\/uploads\/2023\/01\/Anastrozole-mockup-nbg.png\" \/>\n\t<meta property=\"og:image:width\" content=\"2000\" \/>\n\t<meta property=\"og:image:height\" content=\"2000\" \/>\n\t<meta property=\"og:image:type\" content=\"image\/png\" \/>\n<meta name=\"twitter:card\" content=\"summary_large_image\" \/>\n<script type=\"application\/ld+json\" class=\"yoast-schema-graph\">{\"@context\":\"https:\/\/schema.org\",\"@graph\":[{\"@type\":\"WebPage\",\"@id\":\"https:\/\/asteralabs.org\/cs\/product\/anastrozol\/\",\"url\":\"https:\/\/asteralabs.org\/cs\/product\/anastrozol\/\",\"name\":\"Anastrozol - Astera Labs\",\"isPartOf\":{\"@id\":\"https:\/\/asteralabs.org\/cs\/#website\"},\"primaryImageOfPage\":{\"@id\":\"https:\/\/asteralabs.org\/cs\/product\/anastrozol\/#primaryimage\"},\"image\":{\"@id\":\"https:\/\/asteralabs.org\/cs\/product\/anastrozol\/#primaryimage\"},\"thumbnailUrl\":\"https:\/\/asteralabs.org\/wp-content\/uploads\/2023\/01\/Anastrozole-mockup-nbg.png\",\"datePublished\":\"2023-01-10T22:49:48+00:00\",\"dateModified\":\"2026-01-16T08:11:03+00:00\",\"breadcrumb\":{\"@id\":\"https:\/\/asteralabs.org\/cs\/product\/anastrozol\/#breadcrumb\"},\"inLanguage\":\"cs\",\"potentialAction\":[{\"@type\":\"ReadAction\",\"target\":[\"https:\/\/asteralabs.org\/cs\/product\/anastrozol\/\"]}]},{\"@type\":\"ImageObject\",\"inLanguage\":\"cs\",\"@id\":\"https:\/\/asteralabs.org\/cs\/product\/anastrozol\/#primaryimage\",\"url\":\"https:\/\/asteralabs.org\/wp-content\/uploads\/2023\/01\/Anastrozole-mockup-nbg.png\",\"contentUrl\":\"https:\/\/asteralabs.org\/wp-content\/uploads\/2023\/01\/Anastrozole-mockup-nbg.png\",\"width\":2000,\"height\":2000},{\"@type\":\"BreadcrumbList\",\"@id\":\"https:\/\/asteralabs.org\/cs\/product\/anastrozol\/#breadcrumb\",\"itemListElement\":[{\"@type\":\"ListItem\",\"position\":1,\"name\":\"Home\",\"item\":\"https:\/\/asteralabs.org\/cs\/\"},{\"@type\":\"ListItem\",\"position\":2,\"name\":\"Obchod\",\"item\":\"https:\/\/asteralabs.org\/obchod\/\"},{\"@type\":\"ListItem\",\"position\":3,\"name\":\"Anastrozol\"}]},{\"@type\":\"WebSite\",\"@id\":\"https:\/\/asteralabs.org\/cs\/#website\",\"url\":\"https:\/\/asteralabs.org\/cs\/\",\"name\":\"Astera Labs\",\"description\":\"Improve Your Quality Of Life\",\"publisher\":{\"@id\":\"https:\/\/asteralabs.org\/cs\/#organization\"},\"potentialAction\":[{\"@type\":\"SearchAction\",\"target\":{\"@type\":\"EntryPoint\",\"urlTemplate\":\"https:\/\/asteralabs.org\/cs\/?s={search_term_string}\"},\"query-input\":\"required name=search_term_string\"}],\"inLanguage\":\"cs\"},{\"@type\":\"Organization\",\"@id\":\"https:\/\/asteralabs.org\/cs\/#organization\",\"name\":\"Astera Labs\",\"url\":\"https:\/\/asteralabs.org\/cs\/\",\"logo\":{\"@type\":\"ImageObject\",\"inLanguage\":\"cs\",\"@id\":\"https:\/\/asteralabs.org\/cs\/#\/schema\/logo\/image\/\",\"url\":\"https:\/\/asteralabs.org\/wp-content\/uploads\/2022\/12\/astera-2.png\",\"contentUrl\":\"https:\/\/asteralabs.org\/wp-content\/uploads\/2022\/12\/astera-2.png\",\"width\":437,\"height\":111,\"caption\":\"Astera Labs\"},\"image\":{\"@id\":\"https:\/\/asteralabs.org\/cs\/#\/schema\/logo\/image\/\"}}]}<\/script>\n<!-- \/ Yoast SEO plugin. -->","yoast_head_json":{"title":"Anastrozol - Astera Labs","robots":{"index":"index","follow":"follow","max-snippet":"max-snippet:-1","max-image-preview":"max-image-preview:large","max-video-preview":"max-video-preview:-1"},"canonical":"https:\/\/asteralabs.org\/cs\/product\/anastrozol\/","og_locale":"cs_CZ","og_type":"article","og_title":"Anastrozol - Astera Labs","og_description":"D\u00c1VKOV\u00c1N\u00cd: Obsah balen\u00ed: 1 satchet, 50 tabulek, 1 mg v ka\u017ed\u00e9 kart\u011b CO TO JE: Anastrozol je inhibitor aromat\u00e1zy. Inhibitory aromat\u00e1zy zabra\u0148uj\u00ed p\u0159em\u011bn\u011b androgen\u016f na estrogeny v tuc\u00edch, svalech, prsou a mozku. L\u00e9ka\u0159sk\u00e9 pou\u017eit\u00ed anastrozolu je p\u0159edev\u0161\u00edm k potla\u010den\u00ed progrese a r\u016fstu rakoviny prsu u \u017een blokov\u00e1n\u00edm enzymu aromat\u00e1zy. N\u011bkte\u0159\u00ed l\u00e9ka\u0159i jej tak\u00e9 pou\u017e\u00edvaj\u00ed ke&hellip;","og_url":"https:\/\/asteralabs.org\/cs\/product\/anastrozol\/","og_site_name":"Astera Labs","article_modified_time":"2026-01-16T08:11:03+00:00","og_image":[{"width":2000,"height":2000,"url":"https:\/\/asteralabs.org\/wp-content\/uploads\/2023\/01\/Anastrozole-mockup-nbg.png","type":"image\/png"}],"twitter_card":"summary_large_image","schema":{"@context":"https:\/\/schema.org","@graph":[{"@type":"WebPage","@id":"https:\/\/asteralabs.org\/cs\/product\/anastrozol\/","url":"https:\/\/asteralabs.org\/cs\/product\/anastrozol\/","name":"Anastrozol - Astera Labs","isPartOf":{"@id":"https:\/\/asteralabs.org\/cs\/#website"},"primaryImageOfPage":{"@id":"https:\/\/asteralabs.org\/cs\/product\/anastrozol\/#primaryimage"},"image":{"@id":"https:\/\/asteralabs.org\/cs\/product\/anastrozol\/#primaryimage"},"thumbnailUrl":"https:\/\/asteralabs.org\/wp-content\/uploads\/2023\/01\/Anastrozole-mockup-nbg.png","datePublished":"2023-01-10T22:49:48+00:00","dateModified":"2026-01-16T08:11:03+00:00","breadcrumb":{"@id":"https:\/\/asteralabs.org\/cs\/product\/anastrozol\/#breadcrumb"},"inLanguage":"cs","potentialAction":[{"@type":"ReadAction","target":["https:\/\/asteralabs.org\/cs\/product\/anastrozol\/"]}]},{"@type":"ImageObject","inLanguage":"cs","@id":"https:\/\/asteralabs.org\/cs\/product\/anastrozol\/#primaryimage","url":"https:\/\/asteralabs.org\/wp-content\/uploads\/2023\/01\/Anastrozole-mockup-nbg.png","contentUrl":"https:\/\/asteralabs.org\/wp-content\/uploads\/2023\/01\/Anastrozole-mockup-nbg.png","width":2000,"height":2000},{"@type":"BreadcrumbList","@id":"https:\/\/asteralabs.org\/cs\/product\/anastrozol\/#breadcrumb","itemListElement":[{"@type":"ListItem","position":1,"name":"Home","item":"https:\/\/asteralabs.org\/cs\/"},{"@type":"ListItem","position":2,"name":"Obchod","item":"https:\/\/asteralabs.org\/obchod\/"},{"@type":"ListItem","position":3,"name":"Anastrozol"}]},{"@type":"WebSite","@id":"https:\/\/asteralabs.org\/cs\/#website","url":"https:\/\/asteralabs.org\/cs\/","name":"Astera Labs","description":"Improve Your Quality Of Life","publisher":{"@id":"https:\/\/asteralabs.org\/cs\/#organization"},"potentialAction":[{"@type":"SearchAction","target":{"@type":"EntryPoint","urlTemplate":"https:\/\/asteralabs.org\/cs\/?s={search_term_string}"},"query-input":"required name=search_term_string"}],"inLanguage":"cs"},{"@type":"Organization","@id":"https:\/\/asteralabs.org\/cs\/#organization","name":"Astera Labs","url":"https:\/\/asteralabs.org\/cs\/","logo":{"@type":"ImageObject","inLanguage":"cs","@id":"https:\/\/asteralabs.org\/cs\/#\/schema\/logo\/image\/","url":"https:\/\/asteralabs.org\/wp-content\/uploads\/2022\/12\/astera-2.png","contentUrl":"https:\/\/asteralabs.org\/wp-content\/uploads\/2022\/12\/astera-2.png","width":437,"height":111,"caption":"Astera Labs"},"image":{"@id":"https:\/\/asteralabs.org\/cs\/#\/schema\/logo\/image\/"}}]}},"_links":{"self":[{"href":"https:\/\/asteralabs.org\/cs\/wp-json\/wp\/v2\/product\/78230"}],"collection":[{"href":"https:\/\/asteralabs.org\/cs\/wp-json\/wp\/v2\/product"}],"about":[{"href":"https:\/\/asteralabs.org\/cs\/wp-json\/wp\/v2\/types\/product"}],"replies":[{"embeddable":true,"href":"https:\/\/asteralabs.org\/cs\/wp-json\/wp\/v2\/comments?post=78230"}],"version-history":[{"count":0,"href":"https:\/\/asteralabs.org\/cs\/wp-json\/wp\/v2\/product\/78230\/revisions"}],"wp:featuredmedia":[{"embeddable":true,"href":"https:\/\/asteralabs.org\/cs\/wp-json\/wp\/v2\/media\/76207"}],"wp:attachment":[{"href":"https:\/\/asteralabs.org\/cs\/wp-json\/wp\/v2\/media?parent=78230"}],"wp:term":[{"taxonomy":"product_cat","embeddable":true,"href":"https:\/\/asteralabs.org\/cs\/wp-json\/wp\/v2\/product_cat?post=78230"},{"taxonomy":"product_tag","embeddable":true,"href":"https:\/\/asteralabs.org\/cs\/wp-json\/wp\/v2\/product_tag?post=78230"}],"curies":[{"name":"wp","href":"https:\/\/api.w.org\/{rel}","templated":true}]}}